{"id":6970,"date":"2023-10-19T22:01:07","date_gmt":"2023-10-19T22:01:07","guid":{"rendered":"https:\/\/abaa.mx\/tienda\/?post_type=product&#038;p=6970"},"modified":"2023-12-12T17:32:08","modified_gmt":"2023-12-12T17:32:08","slug":"manometro-digital-ametek-crystal-xp2i-con-sistema-a-de-0-a-30-psi","status":"publish","type":"product","link":"https:\/\/abaa.mx\/tienda\/manometro-digital-ametek-crystal-xp2i-con-sistema-a-de-0-a-30-psi\/","title":{"rendered":"Ba16wp \u2014 anem\u00f3metro de rueda alada, permite medir velocidad, el flujo volum\u00e9trico, la temperatura y la humedad relativa del aire"},"content":{"rendered":"<p>Ba16wp \u2014 anem\u00f3metro de rueda alada, permite medir velocidad, el flujo volum\u00e9trico, la temperatura y la humedad relativa del aire.<\/p>\n","protected":false},"excerpt":{"rendered":"<h4>El App Sensor\u00a0BA16WP es un anem\u00f3metro de rueda alada que, en combinaci\u00f3n con la aplicaci\u00f3n MultiMeasure Mobile, permite medir la velocidad, el flujo volum\u00e9trico, la temperatura y la humedad relativa del aire.<\/h4>\n<p class=\"bodytext\">El medidor BA16WP est\u00e1 operativo inmediatamente, se puede conectar de manera sumamente sencilla a la aplicaci\u00f3n y muestra as\u00ed todos los valores de medici\u00f3n en el dispositivo m\u00f3vil. La combinaci\u00f3n inteligente del App Sensor y la aplicaci\u00f3n gratuita correspondiente MultiMeasure Mobile\u00a0permite al usuario beneficiarse de incontables ventajas en cuanto a flexibilidad, funciones de an\u00e1lisis, control de datos y documentaci\u00f3n.<\/p>\n<p class=\"bodytext\">De esa manera se pueden convertir c\u00f3modamente los par\u00e1metros de la humedad relativa del aire, la temperatura del aire, la velocidad del flujo o tambi\u00e9n el flujo volum\u00e9trico, determinados por el anem\u00f3metro y transferidos a la aplicaci\u00f3n, a todas las unidades m\u00e9tricas e imperiales importantes.<\/p>\n<p class=\"bodytext\">Compare los datos determinados directamente en el terminal m\u00f3vil o use los valores de medici\u00f3n combinados para la realizaci\u00f3n de an\u00e1lisis diferenciales directamente in situ. Numerosas prestaciones de gran utilidad, como la funci\u00f3n de registro de datos, la representaci\u00f3n de los datos de medici\u00f3n en forma de diagrama o su exportaci\u00f3n a un software de an\u00e1lisis posterior, as\u00ed como la creaci\u00f3n de informes, permiten el uso universal del BA16WP p.\u00a0ej. para el control de la potencia de los electrodom\u00e9sticos o de las instalaciones de aire acondicionado y ventilaci\u00f3n, as\u00ed como de los ventiladores de refrigeraci\u00f3n en el sector de la inform\u00e1tica. Pero el BA16WP resulta tambi\u00e9n de gran utilidad para los deportistas aficionados a la hora de determinar la intensidad del viento.<\/p>\n","protected":false},"featured_media":9764,"comment_status":"open","ping_status":"closed","template":"","meta":{"_joinchat":[]},"product_brand":[],"product_cat":[15],"product_tag":[],"class_list":{"0":"post-6970","1":"product","2":"type-product","3":"status-publish","4":"has-post-thumbnail","6":"product_cat-sin-categorizar","8":"first","9":"instock","10":"shipping-taxable","11":"product-type-simple"},"yoast_head":"<!-- This site is optimized with the Yoast SEO plugin v26.4 - https:\/\/yoast.com\/wordpress\/plugins\/seo\/ -->\n<title>Ba16wp \u2014 anem\u00f3metro de rueda alada, permite medir velocidad, el flujo volum\u00e9trico, la temperatura y la humedad relativa del aire - Abaa tienda online<\/title>\n<meta name=\"robots\" content=\"index, follow, max-snippet:-1, max-image-preview:large, max-video-preview:-1\" \/>\n<link rel=\"canonical\" href=\"https:\/\/abaa.mx\/tienda\/manometro-digital-ametek-crystal-xp2i-con-sistema-a-de-0-a-30-psi\/\" \/>\n<meta property=\"og:locale\" content=\"es_MX\" \/>\n<meta property=\"og:type\" content=\"article\" \/>\n<meta property=\"og:title\" content=\"Ba16wp \u2014 anem\u00f3metro de rueda alada, permite medir velocidad, el flujo volum\u00e9trico, la temperatura y la humedad relativa del aire - Abaa tienda online\" \/>\n<meta property=\"og:description\" content=\"El App Sensor\u00a0BA16WP es un anem\u00f3metro de rueda alada que, en combinaci\u00f3n con la aplicaci\u00f3n MultiMeasure Mobile, permite medir la velocidad, el flujo volum\u00e9trico, la temperatura y la humedad relativa del aire. El medidor BA16WP est\u00e1 operativo inmediatamente, se puede conectar de manera sumamente sencilla a la aplicaci\u00f3n y muestra as\u00ed todos los valores de medici\u00f3n en el dispositivo m\u00f3vil. La combinaci\u00f3n inteligente del App Sensor y la aplicaci\u00f3n gratuita correspondiente MultiMeasure Mobile\u00a0permite al usuario beneficiarse de incontables ventajas en cuanto a flexibilidad, funciones de an\u00e1lisis, control de datos y documentaci\u00f3n. De esa manera se pueden convertir c\u00f3modamente los par\u00e1metros de la humedad relativa del aire, la temperatura del aire, la velocidad del flujo o tambi\u00e9n el flujo volum\u00e9trico, determinados por el anem\u00f3metro y transferidos a la aplicaci\u00f3n, a todas las unidades m\u00e9tricas e imperiales importantes. Compare los datos determinados directamente en el terminal m\u00f3vil o use los valores de medici\u00f3n combinados para la realizaci\u00f3n de an\u00e1lisis diferenciales directamente in situ. Numerosas prestaciones de gran utilidad, como la funci\u00f3n de registro de datos, la representaci\u00f3n de los datos de medici\u00f3n en forma de diagrama o su exportaci\u00f3n a un software de an\u00e1lisis posterior, as\u00ed como la creaci\u00f3n de informes, permiten el uso universal del BA16WP p.\u00a0ej. para el control de la potencia de los electrodom\u00e9sticos o de las instalaciones de aire acondicionado y ventilaci\u00f3n, as\u00ed como de los ventiladores de refrigeraci\u00f3n en el sector de la inform\u00e1tica. Pero el BA16WP resulta tambi\u00e9n de gran utilidad para los deportistas aficionados a la hora de determinar la intensidad del viento.\" \/>\n<meta property=\"og:url\" content=\"https:\/\/abaa.mx\/tienda\/manometro-digital-ametek-crystal-xp2i-con-sistema-a-de-0-a-30-psi\/\" \/>\n<meta property=\"og:site_name\" content=\"Abaa tienda online\" \/>\n<meta property=\"article:modified_time\" content=\"2023-12-12T17:32:08+00:00\" \/>\n<meta property=\"og:image\" content=\"https:\/\/abaa.mx\/tienda\/wp-content\/uploads\/2023\/10\/TROTEC-BA16WP-1.jpg\" \/>\n\t<meta property=\"og:image:width\" content=\"474\" \/>\n\t<meta property=\"og:image:height\" content=\"474\" \/>\n\t<meta property=\"og:image:type\" content=\"image\/jpeg\" \/>\n<meta name=\"twitter:card\" content=\"summary_large_image\" \/>\n<meta name=\"twitter:label1\" content=\"Tiempo de lectura\" \/>\n\t<meta name=\"twitter:data1\" content=\"1 minuto\" \/>\n<script type=\"application\/ld+json\" class=\"yoast-schema-graph\">{\"@context\":\"https:\/\/schema.org\",\"@graph\":[{\"@type\":\"WebPage\",\"@id\":\"https:\/\/abaa.mx\/tienda\/manometro-digital-ametek-crystal-xp2i-con-sistema-a-de-0-a-30-psi\/\",\"url\":\"https:\/\/abaa.mx\/tienda\/manometro-digital-ametek-crystal-xp2i-con-sistema-a-de-0-a-30-psi\/\",\"name\":\"Ba16wp \u2014 anem\u00f3metro de rueda alada, permite medir velocidad, el flujo volum\u00e9trico, la temperatura y la humedad relativa del aire - Abaa tienda online\",\"isPartOf\":{\"@id\":\"https:\/\/abaa.mx\/tienda\/#website\"},\"primaryImageOfPage\":{\"@id\":\"https:\/\/abaa.mx\/tienda\/manometro-digital-ametek-crystal-xp2i-con-sistema-a-de-0-a-30-psi\/#primaryimage\"},\"image\":{\"@id\":\"https:\/\/abaa.mx\/tienda\/manometro-digital-ametek-crystal-xp2i-con-sistema-a-de-0-a-30-psi\/#primaryimage\"},\"thumbnailUrl\":\"https:\/\/abaa.mx\/tienda\/wp-content\/uploads\/2023\/10\/TROTEC-BA16WP-1.jpg\",\"datePublished\":\"2023-10-19T22:01:07+00:00\",\"dateModified\":\"2023-12-12T17:32:08+00:00\",\"breadcrumb\":{\"@id\":\"https:\/\/abaa.mx\/tienda\/manometro-digital-ametek-crystal-xp2i-con-sistema-a-de-0-a-30-psi\/#breadcrumb\"},\"inLanguage\":\"es\",\"potentialAction\":[{\"@type\":\"ReadAction\",\"target\":[\"https:\/\/abaa.mx\/tienda\/manometro-digital-ametek-crystal-xp2i-con-sistema-a-de-0-a-30-psi\/\"]}]},{\"@type\":\"ImageObject\",\"inLanguage\":\"es\",\"@id\":\"https:\/\/abaa.mx\/tienda\/manometro-digital-ametek-crystal-xp2i-con-sistema-a-de-0-a-30-psi\/#primaryimage\",\"url\":\"https:\/\/abaa.mx\/tienda\/wp-content\/uploads\/2023\/10\/TROTEC-BA16WP-1.jpg\",\"contentUrl\":\"https:\/\/abaa.mx\/tienda\/wp-content\/uploads\/2023\/10\/TROTEC-BA16WP-1.jpg\",\"width\":474,\"height\":474,\"caption\":\"TROTEC-BA16WP\"},{\"@type\":\"BreadcrumbList\",\"@id\":\"https:\/\/abaa.mx\/tienda\/manometro-digital-ametek-crystal-xp2i-con-sistema-a-de-0-a-30-psi\/#breadcrumb\",\"itemListElement\":[{\"@type\":\"ListItem\",\"position\":1,\"name\":\"Inicio\",\"item\":\"https:\/\/abaa.mx\/tienda\/\"},{\"@type\":\"ListItem\",\"position\":2,\"name\":\"Tienda\",\"item\":\"https:\/\/abaa.mx\/tienda\/\"},{\"@type\":\"ListItem\",\"position\":3,\"name\":\"Ba16wp \u2014 anem\u00f3metro de rueda alada, permite medir velocidad, el flujo volum\u00e9trico, la temperatura y la humedad relativa del aire\"}]},{\"@type\":\"WebSite\",\"@id\":\"https:\/\/abaa.mx\/tienda\/#website\",\"url\":\"https:\/\/abaa.mx\/tienda\/\",\"name\":\"Abaa tienda online\",\"description\":\"Instrumentos de medici\u00f3n\",\"publisher\":{\"@id\":\"https:\/\/abaa.mx\/tienda\/#organization\"},\"potentialAction\":[{\"@type\":\"SearchAction\",\"target\":{\"@type\":\"EntryPoint\",\"urlTemplate\":\"https:\/\/abaa.mx\/tienda\/?s={search_term_string}\"},\"query-input\":{\"@type\":\"PropertyValueSpecification\",\"valueRequired\":true,\"valueName\":\"search_term_string\"}}],\"inLanguage\":\"es\"},{\"@type\":\"Organization\",\"@id\":\"https:\/\/abaa.mx\/tienda\/#organization\",\"name\":\"Abaa tienda online\",\"url\":\"https:\/\/abaa.mx\/tienda\/\",\"logo\":{\"@type\":\"ImageObject\",\"inLanguage\":\"es\",\"@id\":\"https:\/\/abaa.mx\/tienda\/#\/schema\/logo\/image\/\",\"url\":\"https:\/\/abaa.mx\/tienda\/wp-content\/uploads\/2024\/01\/abaa-metrologia-tienda.png\",\"contentUrl\":\"https:\/\/abaa.mx\/tienda\/wp-content\/uploads\/2024\/01\/abaa-metrologia-tienda.png\",\"width\":300,\"height\":141,\"caption\":\"Abaa tienda online\"},\"image\":{\"@id\":\"https:\/\/abaa.mx\/tienda\/#\/schema\/logo\/image\/\"}}]}<\/script>\n<!-- \/ Yoast SEO plugin. -->","yoast_head_json":{"title":"Ba16wp \u2014 anem\u00f3metro de rueda alada, permite medir velocidad, el flujo volum\u00e9trico, la temperatura y la humedad relativa del aire - Abaa tienda online","robots":{"index":"index","follow":"follow","max-snippet":"max-snippet:-1","max-image-preview":"max-image-preview:large","max-video-preview":"max-video-preview:-1"},"canonical":"https:\/\/abaa.mx\/tienda\/manometro-digital-ametek-crystal-xp2i-con-sistema-a-de-0-a-30-psi\/","og_locale":"es_MX","og_type":"article","og_title":"Ba16wp \u2014 anem\u00f3metro de rueda alada, permite medir velocidad, el flujo volum\u00e9trico, la temperatura y la humedad relativa del aire - Abaa tienda online","og_description":"El App Sensor\u00a0BA16WP es un anem\u00f3metro de rueda alada que, en combinaci\u00f3n con la aplicaci\u00f3n MultiMeasure Mobile, permite medir la velocidad, el flujo volum\u00e9trico, la temperatura y la humedad relativa del aire. El medidor BA16WP est\u00e1 operativo inmediatamente, se puede conectar de manera sumamente sencilla a la aplicaci\u00f3n y muestra as\u00ed todos los valores de medici\u00f3n en el dispositivo m\u00f3vil. La combinaci\u00f3n inteligente del App Sensor y la aplicaci\u00f3n gratuita correspondiente MultiMeasure Mobile\u00a0permite al usuario beneficiarse de incontables ventajas en cuanto a flexibilidad, funciones de an\u00e1lisis, control de datos y documentaci\u00f3n. De esa manera se pueden convertir c\u00f3modamente los par\u00e1metros de la humedad relativa del aire, la temperatura del aire, la velocidad del flujo o tambi\u00e9n el flujo volum\u00e9trico, determinados por el anem\u00f3metro y transferidos a la aplicaci\u00f3n, a todas las unidades m\u00e9tricas e imperiales importantes. Compare los datos determinados directamente en el terminal m\u00f3vil o use los valores de medici\u00f3n combinados para la realizaci\u00f3n de an\u00e1lisis diferenciales directamente in situ. Numerosas prestaciones de gran utilidad, como la funci\u00f3n de registro de datos, la representaci\u00f3n de los datos de medici\u00f3n en forma de diagrama o su exportaci\u00f3n a un software de an\u00e1lisis posterior, as\u00ed como la creaci\u00f3n de informes, permiten el uso universal del BA16WP p.\u00a0ej. para el control de la potencia de los electrodom\u00e9sticos o de las instalaciones de aire acondicionado y ventilaci\u00f3n, as\u00ed como de los ventiladores de refrigeraci\u00f3n en el sector de la inform\u00e1tica. Pero el BA16WP resulta tambi\u00e9n de gran utilidad para los deportistas aficionados a la hora de determinar la intensidad del viento.","og_url":"https:\/\/abaa.mx\/tienda\/manometro-digital-ametek-crystal-xp2i-con-sistema-a-de-0-a-30-psi\/","og_site_name":"Abaa tienda online","article_modified_time":"2023-12-12T17:32:08+00:00","og_image":[{"width":474,"height":474,"url":"https:\/\/abaa.mx\/tienda\/wp-content\/uploads\/2023\/10\/TROTEC-BA16WP-1.jpg","type":"image\/jpeg"}],"twitter_card":"summary_large_image","twitter_misc":{"Tiempo de lectura":"1 minuto"},"schema":{"@context":"https:\/\/schema.org","@graph":[{"@type":"WebPage","@id":"https:\/\/abaa.mx\/tienda\/manometro-digital-ametek-crystal-xp2i-con-sistema-a-de-0-a-30-psi\/","url":"https:\/\/abaa.mx\/tienda\/manometro-digital-ametek-crystal-xp2i-con-sistema-a-de-0-a-30-psi\/","name":"Ba16wp \u2014 anem\u00f3metro de rueda alada, permite medir velocidad, el flujo volum\u00e9trico, la temperatura y la humedad relativa del aire - Abaa tienda online","isPartOf":{"@id":"https:\/\/abaa.mx\/tienda\/#website"},"primaryImageOfPage":{"@id":"https:\/\/abaa.mx\/tienda\/manometro-digital-ametek-crystal-xp2i-con-sistema-a-de-0-a-30-psi\/#primaryimage"},"image":{"@id":"https:\/\/abaa.mx\/tienda\/manometro-digital-ametek-crystal-xp2i-con-sistema-a-de-0-a-30-psi\/#primaryimage"},"thumbnailUrl":"https:\/\/abaa.mx\/tienda\/wp-content\/uploads\/2023\/10\/TROTEC-BA16WP-1.jpg","datePublished":"2023-10-19T22:01:07+00:00","dateModified":"2023-12-12T17:32:08+00:00","breadcrumb":{"@id":"https:\/\/abaa.mx\/tienda\/manometro-digital-ametek-crystal-xp2i-con-sistema-a-de-0-a-30-psi\/#breadcrumb"},"inLanguage":"es","potentialAction":[{"@type":"ReadAction","target":["https:\/\/abaa.mx\/tienda\/manometro-digital-ametek-crystal-xp2i-con-sistema-a-de-0-a-30-psi\/"]}]},{"@type":"ImageObject","inLanguage":"es","@id":"https:\/\/abaa.mx\/tienda\/manometro-digital-ametek-crystal-xp2i-con-sistema-a-de-0-a-30-psi\/#primaryimage","url":"https:\/\/abaa.mx\/tienda\/wp-content\/uploads\/2023\/10\/TROTEC-BA16WP-1.jpg","contentUrl":"https:\/\/abaa.mx\/tienda\/wp-content\/uploads\/2023\/10\/TROTEC-BA16WP-1.jpg","width":474,"height":474,"caption":"TROTEC-BA16WP"},{"@type":"BreadcrumbList","@id":"https:\/\/abaa.mx\/tienda\/manometro-digital-ametek-crystal-xp2i-con-sistema-a-de-0-a-30-psi\/#breadcrumb","itemListElement":[{"@type":"ListItem","position":1,"name":"Inicio","item":"https:\/\/abaa.mx\/tienda\/"},{"@type":"ListItem","position":2,"name":"Tienda","item":"https:\/\/abaa.mx\/tienda\/"},{"@type":"ListItem","position":3,"name":"Ba16wp \u2014 anem\u00f3metro de rueda alada, permite medir velocidad, el flujo volum\u00e9trico, la temperatura y la humedad relativa del aire"}]},{"@type":"WebSite","@id":"https:\/\/abaa.mx\/tienda\/#website","url":"https:\/\/abaa.mx\/tienda\/","name":"Abaa tienda online","description":"Instrumentos de medici\u00f3n","publisher":{"@id":"https:\/\/abaa.mx\/tienda\/#organization"},"potentialAction":[{"@type":"SearchAction","target":{"@type":"EntryPoint","urlTemplate":"https:\/\/abaa.mx\/tienda\/?s={search_term_string}"},"query-input":{"@type":"PropertyValueSpecification","valueRequired":true,"valueName":"search_term_string"}}],"inLanguage":"es"},{"@type":"Organization","@id":"https:\/\/abaa.mx\/tienda\/#organization","name":"Abaa tienda online","url":"https:\/\/abaa.mx\/tienda\/","logo":{"@type":"ImageObject","inLanguage":"es","@id":"https:\/\/abaa.mx\/tienda\/#\/schema\/logo\/image\/","url":"https:\/\/abaa.mx\/tienda\/wp-content\/uploads\/2024\/01\/abaa-metrologia-tienda.png","contentUrl":"https:\/\/abaa.mx\/tienda\/wp-content\/uploads\/2024\/01\/abaa-metrologia-tienda.png","width":300,"height":141,"caption":"Abaa tienda online"},"image":{"@id":"https:\/\/abaa.mx\/tienda\/#\/schema\/logo\/image\/"}}]}},"_links":{"self":[{"href":"https:\/\/abaa.mx\/tienda\/wp-json\/wp\/v2\/product\/6970","targetHints":{"allow":["GET"]}}],"collection":[{"href":"https:\/\/abaa.mx\/tienda\/wp-json\/wp\/v2\/product"}],"about":[{"href":"https:\/\/abaa.mx\/tienda\/wp-json\/wp\/v2\/types\/product"}],"replies":[{"embeddable":true,"href":"https:\/\/abaa.mx\/tienda\/wp-json\/wp\/v2\/comments?post=6970"}],"wp:featuredmedia":[{"embeddable":true,"href":"https:\/\/abaa.mx\/tienda\/wp-json\/wp\/v2\/media\/9764"}],"wp:attachment":[{"href":"https:\/\/abaa.mx\/tienda\/wp-json\/wp\/v2\/media?parent=6970"}],"wp:term":[{"taxonomy":"product_brand","embeddable":true,"href":"https:\/\/abaa.mx\/tienda\/wp-json\/wp\/v2\/product_brand?post=6970"},{"taxonomy":"product_cat","embeddable":true,"href":"https:\/\/abaa.mx\/tienda\/wp-json\/wp\/v2\/product_cat?post=6970"},{"taxonomy":"product_tag","embeddable":true,"href":"https:\/\/abaa.mx\/tienda\/wp-json\/wp\/v2\/product_tag?post=6970"}],"curies":[{"name":"wp","href":"https:\/\/api.w.org\/{rel}","templated":true}]}}