{"id":6969,"date":"2023-10-19T21:59:48","date_gmt":"2023-10-19T21:59:48","guid":{"rendered":"https:\/\/abaa.mx\/tienda\/?post_type=product&#038;p=6969"},"modified":"2023-12-12T19:12:43","modified_gmt":"2023-12-12T19:12:43","slug":"manometro-digital-ametek-crystal-xp2i-bar-de-0-a-300-bar","status":"publish","type":"product","link":"https:\/\/abaa.mx\/tienda\/manometro-digital-ametek-crystal-xp2i-bar-de-0-a-300-bar\/","title":{"rendered":"Control de temperatura y humedad para incubadoras stc-3028"},"content":{"rendered":"<p>Control de temperatura y humedad para incubadoras stc-3028.<\/p>\n","protected":false},"excerpt":{"rendered":"<p>El\u00a0<b><strong>STC3028<\/strong><\/b>\u00a0es un controlador de temperatura y humedad programable que nos permite controlar ambos par\u00e1metros de forma simult\u00e1nea, altamente funcional dise\u00f1ado para mantener la temperatura y humedad requerida en incubadoras, invernaderos, acuarios, terrarios, etc. Ideal para usar en proyectos caseros o industriales.<\/p>\n<p>Dispone de dos salidas de rel\u00e9, una para la temperatura en la que podemos conectar un elemento calefactor y otra salida para humedad en la que podemos conectar un humidificador. Permite controlar la temperatura y la humedad de forma simult\u00e1nea, solo debemos configurar un valor m\u00e1ximo y un valor m\u00ednimo para ambos par\u00e1metros y el controlador se encargar\u00e1 de activar\/desactivar las salidas de rel\u00e9 para mantener la temperatura y la humedad en los valores que hemos establecido.<\/p>\n<p>Todo este proceso lo realiza el microcontrolador interno del controlador, el cual lee el sensor de temperatura y humedad de alta precisi\u00f3n incluido y lo compara con un valor predeterminado, en base a lo que se le ha programado realiza la activaci\u00f3n\/desactivaci\u00f3n de los rel\u00e9s. A pesar de contar con un microcontrolador no se requiere de ning\u00fan tipo de conocimiento de programaci\u00f3n, pues su configuraci\u00f3n es sencilla, con solo 4 pulsadores se pueden configurar diversos par\u00e1metros. Dispone de dos pantallas independientes para mostrar la temperatura y la humedad.<\/p>\n<h2><b><strong>Especificaciones:<\/strong><\/b><\/h2>\n<ul>\n<li>Rango de control Temperatura:<b><strong>\u00a0-20\u00baC a +80\u00b0C<\/strong><\/b>.<\/li>\n<li>Resoluci\u00f3n Temperatura:<b><strong>\u00a00,1\u00b0C.<\/strong><\/b><\/li>\n<li>Precisi\u00f3n de la medici\u00f3n Temperatura:\u00a0<b><strong>\u00b10,1\u00b0C (de -50\u00baC a +70\u00baC).<\/strong><\/b><\/li>\n<li>Rango de control Humedad:<b><strong>\u00a00% a 100% RH<\/strong><\/b>.<\/li>\n<li>Resoluci\u00f3n Humedad:<b><strong>\u00a00,1% RH.<\/strong><\/b><\/li>\n<li>Precisi\u00f3n de la medici\u00f3n Humedad:\u00a0<b><strong>\u00b10,1% RH.<\/strong><\/b><\/li>\n<li>Voltaje de entrada:<b><strong>\u00a0AC 110\/220v.<\/strong><\/b><\/li>\n<li>Consumo:<b><strong>\u00a03W.<\/strong><\/b><\/li>\n<li>Largo del cable del sensor:<b><strong>\u00a01 Metro.<\/strong><\/b><\/li>\n<li>Capacidad del Rel\u00e9 de Temperatura:\u00a0<b><strong>10A\/250v.<\/strong><\/b><\/li>\n<li>Capacidad del Rel\u00e9 de Humedad:\u00a0<b><strong>10A\/250v.<\/strong><\/b><\/li>\n<li>Sensor:\u00a0<b><strong>NTC alta sensibilidad.<\/strong><\/b><\/li>\n<\/ul>\n","protected":false},"featured_media":9772,"comment_status":"open","ping_status":"closed","template":"","meta":{"_joinchat":[]},"product_brand":[],"product_cat":[15],"product_tag":[],"class_list":{"0":"post-6969","1":"product","2":"type-product","3":"status-publish","4":"has-post-thumbnail","6":"product_cat-sin-categorizar","8":"first","9":"instock","10":"shipping-taxable","11":"product-type-simple"},"yoast_head":"<!-- This site is optimized with the Yoast SEO plugin v26.4 - https:\/\/yoast.com\/wordpress\/plugins\/seo\/ -->\n<title>Control de temperatura y humedad para incubadoras stc-3028 - Abaa tienda online<\/title>\n<meta name=\"robots\" content=\"index, follow, max-snippet:-1, max-image-preview:large, max-video-preview:-1\" \/>\n<link rel=\"canonical\" href=\"https:\/\/abaa.mx\/tienda\/manometro-digital-ametek-crystal-xp2i-bar-de-0-a-300-bar\/\" \/>\n<meta property=\"og:locale\" content=\"es_MX\" \/>\n<meta property=\"og:type\" content=\"article\" \/>\n<meta property=\"og:title\" content=\"Control de temperatura y humedad para incubadoras stc-3028 - Abaa tienda online\" \/>\n<meta property=\"og:description\" content=\"El\u00a0STC3028\u00a0es un controlador de temperatura y humedad programable que nos permite controlar ambos par\u00e1metros de forma simult\u00e1nea, altamente funcional dise\u00f1ado para mantener la temperatura y humedad requerida en incubadoras, invernaderos, acuarios, terrarios, etc. Ideal para usar en proyectos caseros o industriales.  Dispone de dos salidas de rel\u00e9, una para la temperatura en la que podemos conectar un elemento calefactor y otra salida para humedad en la que podemos conectar un humidificador. Permite controlar la temperatura y la humedad de forma simult\u00e1nea, solo debemos configurar un valor m\u00e1ximo y un valor m\u00ednimo para ambos par\u00e1metros y el controlador se encargar\u00e1 de activar\/desactivar las salidas de rel\u00e9 para mantener la temperatura y la humedad en los valores que hemos establecido.  Todo este proceso lo realiza el microcontrolador interno del controlador, el cual lee el sensor de temperatura y humedad de alta precisi\u00f3n incluido y lo compara con un valor predeterminado, en base a lo que se le ha programado realiza la activaci\u00f3n\/desactivaci\u00f3n de los rel\u00e9s. A pesar de contar con un microcontrolador no se requiere de ning\u00fan tipo de conocimiento de programaci\u00f3n, pues su configuraci\u00f3n es sencilla, con solo 4 pulsadores se pueden configurar diversos par\u00e1metros. Dispone de dos pantallas independientes para mostrar la temperatura y la humedad. Especificaciones:   Rango de control Temperatura:\u00a0-20\u00baC a +80\u00b0C.  Resoluci\u00f3n Temperatura:\u00a00,1\u00b0C.  Precisi\u00f3n de la medici\u00f3n Temperatura:\u00a0\u00b10,1\u00b0C (de -50\u00baC a +70\u00baC).  Rango de control Humedad:\u00a00% a 100% RH.  Resoluci\u00f3n Humedad:\u00a00,1% RH.  Precisi\u00f3n de la medici\u00f3n Humedad:\u00a0\u00b10,1% RH.  Voltaje de entrada:\u00a0AC 110\/220v.  Consumo:\u00a03W.  Largo del cable del sensor:\u00a01 Metro.  Capacidad del Rel\u00e9 de Temperatura:\u00a010A\/250v.  Capacidad del Rel\u00e9 de Humedad:\u00a010A\/250v.  Sensor:\u00a0NTC alta sensibilidad.\" \/>\n<meta property=\"og:url\" content=\"https:\/\/abaa.mx\/tienda\/manometro-digital-ametek-crystal-xp2i-bar-de-0-a-300-bar\/\" \/>\n<meta property=\"og:site_name\" content=\"Abaa tienda online\" \/>\n<meta property=\"article:modified_time\" content=\"2023-12-12T19:12:43+00:00\" \/>\n<meta property=\"og:image\" content=\"https:\/\/abaa.mx\/tienda\/wp-content\/uploads\/2023\/10\/STC-3028.jpg\" \/>\n\t<meta property=\"og:image:width\" content=\"505\" \/>\n\t<meta property=\"og:image:height\" content=\"370\" \/>\n\t<meta property=\"og:image:type\" content=\"image\/jpeg\" \/>\n<meta name=\"twitter:card\" content=\"summary_large_image\" \/>\n<meta name=\"twitter:label1\" content=\"Tiempo de lectura\" \/>\n\t<meta name=\"twitter:data1\" content=\"1 minuto\" \/>\n<script type=\"application\/ld+json\" class=\"yoast-schema-graph\">{\"@context\":\"https:\/\/schema.org\",\"@graph\":[{\"@type\":\"WebPage\",\"@id\":\"https:\/\/abaa.mx\/tienda\/manometro-digital-ametek-crystal-xp2i-bar-de-0-a-300-bar\/\",\"url\":\"https:\/\/abaa.mx\/tienda\/manometro-digital-ametek-crystal-xp2i-bar-de-0-a-300-bar\/\",\"name\":\"Control de temperatura y humedad para incubadoras stc-3028 - Abaa tienda online\",\"isPartOf\":{\"@id\":\"https:\/\/abaa.mx\/tienda\/#website\"},\"primaryImageOfPage\":{\"@id\":\"https:\/\/abaa.mx\/tienda\/manometro-digital-ametek-crystal-xp2i-bar-de-0-a-300-bar\/#primaryimage\"},\"image\":{\"@id\":\"https:\/\/abaa.mx\/tienda\/manometro-digital-ametek-crystal-xp2i-bar-de-0-a-300-bar\/#primaryimage\"},\"thumbnailUrl\":\"https:\/\/abaa.mx\/tienda\/wp-content\/uploads\/2023\/10\/STC-3028.jpg\",\"datePublished\":\"2023-10-19T21:59:48+00:00\",\"dateModified\":\"2023-12-12T19:12:43+00:00\",\"breadcrumb\":{\"@id\":\"https:\/\/abaa.mx\/tienda\/manometro-digital-ametek-crystal-xp2i-bar-de-0-a-300-bar\/#breadcrumb\"},\"inLanguage\":\"es\",\"potentialAction\":[{\"@type\":\"ReadAction\",\"target\":[\"https:\/\/abaa.mx\/tienda\/manometro-digital-ametek-crystal-xp2i-bar-de-0-a-300-bar\/\"]}]},{\"@type\":\"ImageObject\",\"inLanguage\":\"es\",\"@id\":\"https:\/\/abaa.mx\/tienda\/manometro-digital-ametek-crystal-xp2i-bar-de-0-a-300-bar\/#primaryimage\",\"url\":\"https:\/\/abaa.mx\/tienda\/wp-content\/uploads\/2023\/10\/STC-3028.jpg\",\"contentUrl\":\"https:\/\/abaa.mx\/tienda\/wp-content\/uploads\/2023\/10\/STC-3028.jpg\",\"width\":505,\"height\":370,\"caption\":\"STC-3028\"},{\"@type\":\"BreadcrumbList\",\"@id\":\"https:\/\/abaa.mx\/tienda\/manometro-digital-ametek-crystal-xp2i-bar-de-0-a-300-bar\/#breadcrumb\",\"itemListElement\":[{\"@type\":\"ListItem\",\"position\":1,\"name\":\"Inicio\",\"item\":\"https:\/\/abaa.mx\/tienda\/\"},{\"@type\":\"ListItem\",\"position\":2,\"name\":\"Tienda\",\"item\":\"https:\/\/abaa.mx\/tienda\/\"},{\"@type\":\"ListItem\",\"position\":3,\"name\":\"Control de temperatura y humedad para incubadoras stc-3028\"}]},{\"@type\":\"WebSite\",\"@id\":\"https:\/\/abaa.mx\/tienda\/#website\",\"url\":\"https:\/\/abaa.mx\/tienda\/\",\"name\":\"Abaa tienda online\",\"description\":\"Instrumentos de medici\u00f3n\",\"publisher\":{\"@id\":\"https:\/\/abaa.mx\/tienda\/#organization\"},\"potentialAction\":[{\"@type\":\"SearchAction\",\"target\":{\"@type\":\"EntryPoint\",\"urlTemplate\":\"https:\/\/abaa.mx\/tienda\/?s={search_term_string}\"},\"query-input\":{\"@type\":\"PropertyValueSpecification\",\"valueRequired\":true,\"valueName\":\"search_term_string\"}}],\"inLanguage\":\"es\"},{\"@type\":\"Organization\",\"@id\":\"https:\/\/abaa.mx\/tienda\/#organization\",\"name\":\"Abaa tienda online\",\"url\":\"https:\/\/abaa.mx\/tienda\/\",\"logo\":{\"@type\":\"ImageObject\",\"inLanguage\":\"es\",\"@id\":\"https:\/\/abaa.mx\/tienda\/#\/schema\/logo\/image\/\",\"url\":\"https:\/\/abaa.mx\/tienda\/wp-content\/uploads\/2024\/01\/abaa-metrologia-tienda.png\",\"contentUrl\":\"https:\/\/abaa.mx\/tienda\/wp-content\/uploads\/2024\/01\/abaa-metrologia-tienda.png\",\"width\":300,\"height\":141,\"caption\":\"Abaa tienda online\"},\"image\":{\"@id\":\"https:\/\/abaa.mx\/tienda\/#\/schema\/logo\/image\/\"}}]}<\/script>\n<!-- \/ Yoast SEO plugin. -->","yoast_head_json":{"title":"Control de temperatura y humedad para incubadoras stc-3028 - Abaa tienda online","robots":{"index":"index","follow":"follow","max-snippet":"max-snippet:-1","max-image-preview":"max-image-preview:large","max-video-preview":"max-video-preview:-1"},"canonical":"https:\/\/abaa.mx\/tienda\/manometro-digital-ametek-crystal-xp2i-bar-de-0-a-300-bar\/","og_locale":"es_MX","og_type":"article","og_title":"Control de temperatura y humedad para incubadoras stc-3028 - Abaa tienda online","og_description":"El\u00a0STC3028\u00a0es un controlador de temperatura y humedad programable que nos permite controlar ambos par\u00e1metros de forma simult\u00e1nea, altamente funcional dise\u00f1ado para mantener la temperatura y humedad requerida en incubadoras, invernaderos, acuarios, terrarios, etc. Ideal para usar en proyectos caseros o industriales.  Dispone de dos salidas de rel\u00e9, una para la temperatura en la que podemos conectar un elemento calefactor y otra salida para humedad en la que podemos conectar un humidificador. Permite controlar la temperatura y la humedad de forma simult\u00e1nea, solo debemos configurar un valor m\u00e1ximo y un valor m\u00ednimo para ambos par\u00e1metros y el controlador se encargar\u00e1 de activar\/desactivar las salidas de rel\u00e9 para mantener la temperatura y la humedad en los valores que hemos establecido.  Todo este proceso lo realiza el microcontrolador interno del controlador, el cual lee el sensor de temperatura y humedad de alta precisi\u00f3n incluido y lo compara con un valor predeterminado, en base a lo que se le ha programado realiza la activaci\u00f3n\/desactivaci\u00f3n de los rel\u00e9s. A pesar de contar con un microcontrolador no se requiere de ning\u00fan tipo de conocimiento de programaci\u00f3n, pues su configuraci\u00f3n es sencilla, con solo 4 pulsadores se pueden configurar diversos par\u00e1metros. Dispone de dos pantallas independientes para mostrar la temperatura y la humedad. Especificaciones:   Rango de control Temperatura:\u00a0-20\u00baC a +80\u00b0C.  Resoluci\u00f3n Temperatura:\u00a00,1\u00b0C.  Precisi\u00f3n de la medici\u00f3n Temperatura:\u00a0\u00b10,1\u00b0C (de -50\u00baC a +70\u00baC).  Rango de control Humedad:\u00a00% a 100% RH.  Resoluci\u00f3n Humedad:\u00a00,1% RH.  Precisi\u00f3n de la medici\u00f3n Humedad:\u00a0\u00b10,1% RH.  Voltaje de entrada:\u00a0AC 110\/220v.  Consumo:\u00a03W.  Largo del cable del sensor:\u00a01 Metro.  Capacidad del Rel\u00e9 de Temperatura:\u00a010A\/250v.  Capacidad del Rel\u00e9 de Humedad:\u00a010A\/250v.  Sensor:\u00a0NTC alta sensibilidad.","og_url":"https:\/\/abaa.mx\/tienda\/manometro-digital-ametek-crystal-xp2i-bar-de-0-a-300-bar\/","og_site_name":"Abaa tienda online","article_modified_time":"2023-12-12T19:12:43+00:00","og_image":[{"width":505,"height":370,"url":"https:\/\/abaa.mx\/tienda\/wp-content\/uploads\/2023\/10\/STC-3028.jpg","type":"image\/jpeg"}],"twitter_card":"summary_large_image","twitter_misc":{"Tiempo de lectura":"1 minuto"},"schema":{"@context":"https:\/\/schema.org","@graph":[{"@type":"WebPage","@id":"https:\/\/abaa.mx\/tienda\/manometro-digital-ametek-crystal-xp2i-bar-de-0-a-300-bar\/","url":"https:\/\/abaa.mx\/tienda\/manometro-digital-ametek-crystal-xp2i-bar-de-0-a-300-bar\/","name":"Control de temperatura y humedad para incubadoras stc-3028 - Abaa tienda online","isPartOf":{"@id":"https:\/\/abaa.mx\/tienda\/#website"},"primaryImageOfPage":{"@id":"https:\/\/abaa.mx\/tienda\/manometro-digital-ametek-crystal-xp2i-bar-de-0-a-300-bar\/#primaryimage"},"image":{"@id":"https:\/\/abaa.mx\/tienda\/manometro-digital-ametek-crystal-xp2i-bar-de-0-a-300-bar\/#primaryimage"},"thumbnailUrl":"https:\/\/abaa.mx\/tienda\/wp-content\/uploads\/2023\/10\/STC-3028.jpg","datePublished":"2023-10-19T21:59:48+00:00","dateModified":"2023-12-12T19:12:43+00:00","breadcrumb":{"@id":"https:\/\/abaa.mx\/tienda\/manometro-digital-ametek-crystal-xp2i-bar-de-0-a-300-bar\/#breadcrumb"},"inLanguage":"es","potentialAction":[{"@type":"ReadAction","target":["https:\/\/abaa.mx\/tienda\/manometro-digital-ametek-crystal-xp2i-bar-de-0-a-300-bar\/"]}]},{"@type":"ImageObject","inLanguage":"es","@id":"https:\/\/abaa.mx\/tienda\/manometro-digital-ametek-crystal-xp2i-bar-de-0-a-300-bar\/#primaryimage","url":"https:\/\/abaa.mx\/tienda\/wp-content\/uploads\/2023\/10\/STC-3028.jpg","contentUrl":"https:\/\/abaa.mx\/tienda\/wp-content\/uploads\/2023\/10\/STC-3028.jpg","width":505,"height":370,"caption":"STC-3028"},{"@type":"BreadcrumbList","@id":"https:\/\/abaa.mx\/tienda\/manometro-digital-ametek-crystal-xp2i-bar-de-0-a-300-bar\/#breadcrumb","itemListElement":[{"@type":"ListItem","position":1,"name":"Inicio","item":"https:\/\/abaa.mx\/tienda\/"},{"@type":"ListItem","position":2,"name":"Tienda","item":"https:\/\/abaa.mx\/tienda\/"},{"@type":"ListItem","position":3,"name":"Control de temperatura y humedad para incubadoras stc-3028"}]},{"@type":"WebSite","@id":"https:\/\/abaa.mx\/tienda\/#website","url":"https:\/\/abaa.mx\/tienda\/","name":"Abaa tienda online","description":"Instrumentos de medici\u00f3n","publisher":{"@id":"https:\/\/abaa.mx\/tienda\/#organization"},"potentialAction":[{"@type":"SearchAction","target":{"@type":"EntryPoint","urlTemplate":"https:\/\/abaa.mx\/tienda\/?s={search_term_string}"},"query-input":{"@type":"PropertyValueSpecification","valueRequired":true,"valueName":"search_term_string"}}],"inLanguage":"es"},{"@type":"Organization","@id":"https:\/\/abaa.mx\/tienda\/#organization","name":"Abaa tienda online","url":"https:\/\/abaa.mx\/tienda\/","logo":{"@type":"ImageObject","inLanguage":"es","@id":"https:\/\/abaa.mx\/tienda\/#\/schema\/logo\/image\/","url":"https:\/\/abaa.mx\/tienda\/wp-content\/uploads\/2024\/01\/abaa-metrologia-tienda.png","contentUrl":"https:\/\/abaa.mx\/tienda\/wp-content\/uploads\/2024\/01\/abaa-metrologia-tienda.png","width":300,"height":141,"caption":"Abaa tienda online"},"image":{"@id":"https:\/\/abaa.mx\/tienda\/#\/schema\/logo\/image\/"}}]}},"_links":{"self":[{"href":"https:\/\/abaa.mx\/tienda\/wp-json\/wp\/v2\/product\/6969","targetHints":{"allow":["GET"]}}],"collection":[{"href":"https:\/\/abaa.mx\/tienda\/wp-json\/wp\/v2\/product"}],"about":[{"href":"https:\/\/abaa.mx\/tienda\/wp-json\/wp\/v2\/types\/product"}],"replies":[{"embeddable":true,"href":"https:\/\/abaa.mx\/tienda\/wp-json\/wp\/v2\/comments?post=6969"}],"wp:featuredmedia":[{"embeddable":true,"href":"https:\/\/abaa.mx\/tienda\/wp-json\/wp\/v2\/media\/9772"}],"wp:attachment":[{"href":"https:\/\/abaa.mx\/tienda\/wp-json\/wp\/v2\/media?parent=6969"}],"wp:term":[{"taxonomy":"product_brand","embeddable":true,"href":"https:\/\/abaa.mx\/tienda\/wp-json\/wp\/v2\/product_brand?post=6969"},{"taxonomy":"product_cat","embeddable":true,"href":"https:\/\/abaa.mx\/tienda\/wp-json\/wp\/v2\/product_cat?post=6969"},{"taxonomy":"product_tag","embeddable":true,"href":"https:\/\/abaa.mx\/tienda\/wp-json\/wp\/v2\/product_tag?post=6969"}],"curies":[{"name":"wp","href":"https:\/\/api.w.org\/{rel}","templated":true}]}}