{"id":6954,"date":"2023-10-19T21:52:38","date_gmt":"2023-10-19T21:52:38","guid":{"rendered":"https:\/\/abaa.mx\/tienda\/?post_type=product&#038;p=6954"},"modified":"2024-01-03T15:08:46","modified_gmt":"2024-01-03T15:08:46","slug":"manometro-digital-ametek-crystal-xp2i-bar-de-0-a-20-bar","status":"publish","type":"product","link":"https:\/\/abaa.mx\/tienda\/manometro-digital-ametek-crystal-xp2i-bar-de-0-a-20-bar\/","title":{"rendered":"Mg325 \u2014 multimetro trms y medidor de aislamiento de alto rango 50mohms-200gohms"},"content":{"rendered":"<p>Mg325 \u2014 multimetro trms y medidor de aislamientode alto rango 50mohms-200gohms.<\/p>\n","protected":false},"excerpt":{"rendered":"<h4>Caracter\u00edsticas:<\/h4>\n<ul id=\"features\">\n<li>Voltajes de prueba de 250 V, 500 V y 1000 V.<\/li>\n<li>Mida la resistencia de aislamiento a 5,5 GOhm (rango autom\u00e1tico).<\/li>\n<li>Medici\u00f3n de voltaje CA de 30 a 600 V.<\/li>\n<li>Medici\u00f3n del \u00edndice de polarizaci\u00f3n (PI).<\/li>\n<li>Medici\u00f3n de la relaci\u00f3n de absorci\u00f3n diel\u00e9ctrica (DAR).<\/li>\n<li>Prueba de resistencia interna de 10 MOhm.<\/li>\n<li>Medici\u00f3n de baja resistencia con funci\u00f3n cero.<\/li>\n<li>Zumbador de continuidad.<\/li>\n<li>Gran pantalla doble de 2000 cuentas con retroiluminaci\u00f3n.<\/li>\n<li>Indicaci\u00f3n de alto voltaje y sobrecarga.<\/li>\n<li>Funciones de advertencia de salida de voltaje y descarga autom\u00e1tica.<\/li>\n<li>Indicaci\u00f3n de bater\u00eda baja.<\/li>\n<li>Completo con cables de prueba, pinzas de cocodrilo, 6 bater\u00edas AA, tapa dura y estuche blando de transporte.<\/li>\n<\/ul>\n","protected":false},"featured_media":9819,"comment_status":"open","ping_status":"closed","template":"","meta":{"_joinchat":[]},"product_brand":[],"product_cat":[15],"product_tag":[],"class_list":{"0":"post-6954","1":"product","2":"type-product","3":"status-publish","4":"has-post-thumbnail","6":"product_cat-sin-categorizar","8":"first","9":"instock","10":"shipping-taxable","11":"product-type-simple"},"yoast_head":"<!-- This site is optimized with the Yoast SEO plugin v26.4 - https:\/\/yoast.com\/wordpress\/plugins\/seo\/ -->\n<title>Mg325 \u2014 multimetro trms y medidor de aislamiento de alto rango 50mohms-200gohms - Abaa tienda online<\/title>\n<meta name=\"robots\" content=\"index, follow, max-snippet:-1, max-image-preview:large, max-video-preview:-1\" \/>\n<link rel=\"canonical\" href=\"https:\/\/abaa.mx\/tienda\/manometro-digital-ametek-crystal-xp2i-bar-de-0-a-20-bar\/\" \/>\n<meta property=\"og:locale\" content=\"es_MX\" \/>\n<meta property=\"og:type\" content=\"article\" \/>\n<meta property=\"og:title\" content=\"Mg325 \u2014 multimetro trms y medidor de aislamiento de alto rango 50mohms-200gohms - Abaa tienda online\" \/>\n<meta property=\"og:description\" content=\"Caracter\u00edsticas:   Voltajes de prueba de 250 V, 500 V y 1000 V.  Mida la resistencia de aislamiento a 5,5 GOhm (rango autom\u00e1tico).  Medici\u00f3n de voltaje CA de 30 a 600 V.  Medici\u00f3n del \u00edndice de polarizaci\u00f3n (PI).  Medici\u00f3n de la relaci\u00f3n de absorci\u00f3n diel\u00e9ctrica (DAR).  Prueba de resistencia interna de 10 MOhm.  Medici\u00f3n de baja resistencia con funci\u00f3n cero.  Zumbador de continuidad.  Gran pantalla doble de 2000 cuentas con retroiluminaci\u00f3n.  Indicaci\u00f3n de alto voltaje y sobrecarga.  Funciones de advertencia de salida de voltaje y descarga autom\u00e1tica.  Indicaci\u00f3n de bater\u00eda baja.  Completo con cables de prueba, pinzas de cocodrilo, 6 bater\u00edas AA, tapa dura y estuche blando de transporte.\" \/>\n<meta property=\"og:url\" content=\"https:\/\/abaa.mx\/tienda\/manometro-digital-ametek-crystal-xp2i-bar-de-0-a-20-bar\/\" \/>\n<meta property=\"og:site_name\" content=\"Abaa tienda online\" \/>\n<meta property=\"article:modified_time\" content=\"2024-01-03T15:08:46+00:00\" \/>\n<meta property=\"og:image\" content=\"https:\/\/abaa.mx\/tienda\/wp-content\/uploads\/2023\/10\/EXTECH-MG325.jpg\" \/>\n\t<meta property=\"og:image:width\" content=\"1024\" \/>\n\t<meta property=\"og:image:height\" content=\"1024\" \/>\n\t<meta property=\"og:image:type\" content=\"image\/jpeg\" \/>\n<meta name=\"twitter:card\" content=\"summary_large_image\" \/>\n<meta name=\"twitter:label1\" content=\"Tiempo de lectura\" \/>\n\t<meta name=\"twitter:data1\" content=\"1 minuto\" \/>\n<script type=\"application\/ld+json\" class=\"yoast-schema-graph\">{\"@context\":\"https:\/\/schema.org\",\"@graph\":[{\"@type\":\"WebPage\",\"@id\":\"https:\/\/abaa.mx\/tienda\/manometro-digital-ametek-crystal-xp2i-bar-de-0-a-20-bar\/\",\"url\":\"https:\/\/abaa.mx\/tienda\/manometro-digital-ametek-crystal-xp2i-bar-de-0-a-20-bar\/\",\"name\":\"Mg325 \u2014 multimetro trms y medidor de aislamiento de alto rango 50mohms-200gohms - Abaa tienda online\",\"isPartOf\":{\"@id\":\"https:\/\/abaa.mx\/tienda\/#website\"},\"primaryImageOfPage\":{\"@id\":\"https:\/\/abaa.mx\/tienda\/manometro-digital-ametek-crystal-xp2i-bar-de-0-a-20-bar\/#primaryimage\"},\"image\":{\"@id\":\"https:\/\/abaa.mx\/tienda\/manometro-digital-ametek-crystal-xp2i-bar-de-0-a-20-bar\/#primaryimage\"},\"thumbnailUrl\":\"https:\/\/abaa.mx\/tienda\/wp-content\/uploads\/2023\/10\/EXTECH-MG325.jpg\",\"datePublished\":\"2023-10-19T21:52:38+00:00\",\"dateModified\":\"2024-01-03T15:08:46+00:00\",\"breadcrumb\":{\"@id\":\"https:\/\/abaa.mx\/tienda\/manometro-digital-ametek-crystal-xp2i-bar-de-0-a-20-bar\/#breadcrumb\"},\"inLanguage\":\"es\",\"potentialAction\":[{\"@type\":\"ReadAction\",\"target\":[\"https:\/\/abaa.mx\/tienda\/manometro-digital-ametek-crystal-xp2i-bar-de-0-a-20-bar\/\"]}]},{\"@type\":\"ImageObject\",\"inLanguage\":\"es\",\"@id\":\"https:\/\/abaa.mx\/tienda\/manometro-digital-ametek-crystal-xp2i-bar-de-0-a-20-bar\/#primaryimage\",\"url\":\"https:\/\/abaa.mx\/tienda\/wp-content\/uploads\/2023\/10\/EXTECH-MG325.jpg\",\"contentUrl\":\"https:\/\/abaa.mx\/tienda\/wp-content\/uploads\/2023\/10\/EXTECH-MG325.jpg\",\"width\":1024,\"height\":1024,\"caption\":\"EXTECH-MG325\"},{\"@type\":\"BreadcrumbList\",\"@id\":\"https:\/\/abaa.mx\/tienda\/manometro-digital-ametek-crystal-xp2i-bar-de-0-a-20-bar\/#breadcrumb\",\"itemListElement\":[{\"@type\":\"ListItem\",\"position\":1,\"name\":\"Inicio\",\"item\":\"https:\/\/abaa.mx\/tienda\/\"},{\"@type\":\"ListItem\",\"position\":2,\"name\":\"Tienda\",\"item\":\"https:\/\/abaa.mx\/tienda\/\"},{\"@type\":\"ListItem\",\"position\":3,\"name\":\"Mg325 \u2014 multimetro trms y medidor de aislamiento de alto rango 50mohms-200gohms\"}]},{\"@type\":\"WebSite\",\"@id\":\"https:\/\/abaa.mx\/tienda\/#website\",\"url\":\"https:\/\/abaa.mx\/tienda\/\",\"name\":\"Abaa tienda online\",\"description\":\"Instrumentos de medici\u00f3n\",\"publisher\":{\"@id\":\"https:\/\/abaa.mx\/tienda\/#organization\"},\"potentialAction\":[{\"@type\":\"SearchAction\",\"target\":{\"@type\":\"EntryPoint\",\"urlTemplate\":\"https:\/\/abaa.mx\/tienda\/?s={search_term_string}\"},\"query-input\":{\"@type\":\"PropertyValueSpecification\",\"valueRequired\":true,\"valueName\":\"search_term_string\"}}],\"inLanguage\":\"es\"},{\"@type\":\"Organization\",\"@id\":\"https:\/\/abaa.mx\/tienda\/#organization\",\"name\":\"Abaa tienda online\",\"url\":\"https:\/\/abaa.mx\/tienda\/\",\"logo\":{\"@type\":\"ImageObject\",\"inLanguage\":\"es\",\"@id\":\"https:\/\/abaa.mx\/tienda\/#\/schema\/logo\/image\/\",\"url\":\"https:\/\/abaa.mx\/tienda\/wp-content\/uploads\/2024\/01\/abaa-metrologia-tienda.png\",\"contentUrl\":\"https:\/\/abaa.mx\/tienda\/wp-content\/uploads\/2024\/01\/abaa-metrologia-tienda.png\",\"width\":300,\"height\":141,\"caption\":\"Abaa tienda online\"},\"image\":{\"@id\":\"https:\/\/abaa.mx\/tienda\/#\/schema\/logo\/image\/\"}}]}<\/script>\n<!-- \/ Yoast SEO plugin. -->","yoast_head_json":{"title":"Mg325 \u2014 multimetro trms y medidor de aislamiento de alto rango 50mohms-200gohms - Abaa tienda online","robots":{"index":"index","follow":"follow","max-snippet":"max-snippet:-1","max-image-preview":"max-image-preview:large","max-video-preview":"max-video-preview:-1"},"canonical":"https:\/\/abaa.mx\/tienda\/manometro-digital-ametek-crystal-xp2i-bar-de-0-a-20-bar\/","og_locale":"es_MX","og_type":"article","og_title":"Mg325 \u2014 multimetro trms y medidor de aislamiento de alto rango 50mohms-200gohms - Abaa tienda online","og_description":"Caracter\u00edsticas:   Voltajes de prueba de 250 V, 500 V y 1000 V.  Mida la resistencia de aislamiento a 5,5 GOhm (rango autom\u00e1tico).  Medici\u00f3n de voltaje CA de 30 a 600 V.  Medici\u00f3n del \u00edndice de polarizaci\u00f3n (PI).  Medici\u00f3n de la relaci\u00f3n de absorci\u00f3n diel\u00e9ctrica (DAR).  Prueba de resistencia interna de 10 MOhm.  Medici\u00f3n de baja resistencia con funci\u00f3n cero.  Zumbador de continuidad.  Gran pantalla doble de 2000 cuentas con retroiluminaci\u00f3n.  Indicaci\u00f3n de alto voltaje y sobrecarga.  Funciones de advertencia de salida de voltaje y descarga autom\u00e1tica.  Indicaci\u00f3n de bater\u00eda baja.  Completo con cables de prueba, pinzas de cocodrilo, 6 bater\u00edas AA, tapa dura y estuche blando de transporte.","og_url":"https:\/\/abaa.mx\/tienda\/manometro-digital-ametek-crystal-xp2i-bar-de-0-a-20-bar\/","og_site_name":"Abaa tienda online","article_modified_time":"2024-01-03T15:08:46+00:00","og_image":[{"width":1024,"height":1024,"url":"https:\/\/abaa.mx\/tienda\/wp-content\/uploads\/2023\/10\/EXTECH-MG325.jpg","type":"image\/jpeg"}],"twitter_card":"summary_large_image","twitter_misc":{"Tiempo de lectura":"1 minuto"},"schema":{"@context":"https:\/\/schema.org","@graph":[{"@type":"WebPage","@id":"https:\/\/abaa.mx\/tienda\/manometro-digital-ametek-crystal-xp2i-bar-de-0-a-20-bar\/","url":"https:\/\/abaa.mx\/tienda\/manometro-digital-ametek-crystal-xp2i-bar-de-0-a-20-bar\/","name":"Mg325 \u2014 multimetro trms y medidor de aislamiento de alto rango 50mohms-200gohms - Abaa tienda online","isPartOf":{"@id":"https:\/\/abaa.mx\/tienda\/#website"},"primaryImageOfPage":{"@id":"https:\/\/abaa.mx\/tienda\/manometro-digital-ametek-crystal-xp2i-bar-de-0-a-20-bar\/#primaryimage"},"image":{"@id":"https:\/\/abaa.mx\/tienda\/manometro-digital-ametek-crystal-xp2i-bar-de-0-a-20-bar\/#primaryimage"},"thumbnailUrl":"https:\/\/abaa.mx\/tienda\/wp-content\/uploads\/2023\/10\/EXTECH-MG325.jpg","datePublished":"2023-10-19T21:52:38+00:00","dateModified":"2024-01-03T15:08:46+00:00","breadcrumb":{"@id":"https:\/\/abaa.mx\/tienda\/manometro-digital-ametek-crystal-xp2i-bar-de-0-a-20-bar\/#breadcrumb"},"inLanguage":"es","potentialAction":[{"@type":"ReadAction","target":["https:\/\/abaa.mx\/tienda\/manometro-digital-ametek-crystal-xp2i-bar-de-0-a-20-bar\/"]}]},{"@type":"ImageObject","inLanguage":"es","@id":"https:\/\/abaa.mx\/tienda\/manometro-digital-ametek-crystal-xp2i-bar-de-0-a-20-bar\/#primaryimage","url":"https:\/\/abaa.mx\/tienda\/wp-content\/uploads\/2023\/10\/EXTECH-MG325.jpg","contentUrl":"https:\/\/abaa.mx\/tienda\/wp-content\/uploads\/2023\/10\/EXTECH-MG325.jpg","width":1024,"height":1024,"caption":"EXTECH-MG325"},{"@type":"BreadcrumbList","@id":"https:\/\/abaa.mx\/tienda\/manometro-digital-ametek-crystal-xp2i-bar-de-0-a-20-bar\/#breadcrumb","itemListElement":[{"@type":"ListItem","position":1,"name":"Inicio","item":"https:\/\/abaa.mx\/tienda\/"},{"@type":"ListItem","position":2,"name":"Tienda","item":"https:\/\/abaa.mx\/tienda\/"},{"@type":"ListItem","position":3,"name":"Mg325 \u2014 multimetro trms y medidor de aislamiento de alto rango 50mohms-200gohms"}]},{"@type":"WebSite","@id":"https:\/\/abaa.mx\/tienda\/#website","url":"https:\/\/abaa.mx\/tienda\/","name":"Abaa tienda online","description":"Instrumentos de medici\u00f3n","publisher":{"@id":"https:\/\/abaa.mx\/tienda\/#organization"},"potentialAction":[{"@type":"SearchAction","target":{"@type":"EntryPoint","urlTemplate":"https:\/\/abaa.mx\/tienda\/?s={search_term_string}"},"query-input":{"@type":"PropertyValueSpecification","valueRequired":true,"valueName":"search_term_string"}}],"inLanguage":"es"},{"@type":"Organization","@id":"https:\/\/abaa.mx\/tienda\/#organization","name":"Abaa tienda online","url":"https:\/\/abaa.mx\/tienda\/","logo":{"@type":"ImageObject","inLanguage":"es","@id":"https:\/\/abaa.mx\/tienda\/#\/schema\/logo\/image\/","url":"https:\/\/abaa.mx\/tienda\/wp-content\/uploads\/2024\/01\/abaa-metrologia-tienda.png","contentUrl":"https:\/\/abaa.mx\/tienda\/wp-content\/uploads\/2024\/01\/abaa-metrologia-tienda.png","width":300,"height":141,"caption":"Abaa tienda online"},"image":{"@id":"https:\/\/abaa.mx\/tienda\/#\/schema\/logo\/image\/"}}]}},"_links":{"self":[{"href":"https:\/\/abaa.mx\/tienda\/wp-json\/wp\/v2\/product\/6954","targetHints":{"allow":["GET"]}}],"collection":[{"href":"https:\/\/abaa.mx\/tienda\/wp-json\/wp\/v2\/product"}],"about":[{"href":"https:\/\/abaa.mx\/tienda\/wp-json\/wp\/v2\/types\/product"}],"replies":[{"embeddable":true,"href":"https:\/\/abaa.mx\/tienda\/wp-json\/wp\/v2\/comments?post=6954"}],"wp:featuredmedia":[{"embeddable":true,"href":"https:\/\/abaa.mx\/tienda\/wp-json\/wp\/v2\/media\/9819"}],"wp:attachment":[{"href":"https:\/\/abaa.mx\/tienda\/wp-json\/wp\/v2\/media?parent=6954"}],"wp:term":[{"taxonomy":"product_brand","embeddable":true,"href":"https:\/\/abaa.mx\/tienda\/wp-json\/wp\/v2\/product_brand?post=6954"},{"taxonomy":"product_cat","embeddable":true,"href":"https:\/\/abaa.mx\/tienda\/wp-json\/wp\/v2\/product_cat?post=6954"},{"taxonomy":"product_tag","embeddable":true,"href":"https:\/\/abaa.mx\/tienda\/wp-json\/wp\/v2\/product_tag?post=6954"}],"curies":[{"name":"wp","href":"https:\/\/api.w.org\/{rel}","templated":true}]}}