{"id":6951,"date":"2023-10-19T20:20:47","date_gmt":"2023-10-19T20:20:47","guid":{"rendered":"https:\/\/abaa.mx\/tienda\/?post_type=product&#038;p=6951"},"modified":"2023-12-13T17:55:42","modified_gmt":"2023-12-13T17:55:42","slug":"rht30-registrador-datalogger-temp-y-humedadusb","status":"publish","type":"product","link":"https:\/\/abaa.mx\/tienda\/rht30-registrador-datalogger-temp-y-humedadusb\/","title":{"rendered":"Rht30-registrador (datalogger) temp. y humedadusb"},"content":{"rendered":"<p>Rht30-registrador (datalogger) temp. y humedadusb<\/p>\n","protected":false},"excerpt":{"rendered":"<ul>\n<li>Carcasa de tama\u00f1o compacto con termistor NTC incorporado y sensor de humedad capacitivo dise\u00f1ado con conector USB est\u00e1ndar para una f\u00e1cil descarga de datos a una PC.<\/li>\n<li>Pantalla LCD de 5 d\u00edgitos con indicador de duraci\u00f3n de la bater\u00eda.<\/li>\n<li>Configuraciones programables por el usuario: 6 idiomas, frecuencia de muestreo, tiempo de retardo de inicio tiempo de retardo de alarma, rango de alarma alto \/ bajo y funci\u00f3n de seguridad.<\/li>\n<li>Indicaci\u00f3n de estado mediante LED rojo y verde<\/li>\n<li>El bot\u00f3n de inicio comienza el registro de datos continuo, que contin\u00faa hasta que la memoria se llena con 48,000 lecturas (24,000 para cada par\u00e1metro: humedad \/ temperatura), o cuando se presiona el bot\u00f3n de parada.<\/li>\n<li>Marque 8 ubicaciones en un registro de grabaci\u00f3n de datos con solo presionar el bot\u00f3n Marcar.<\/li>\n<li>Bater\u00eda de larga duraci\u00f3n (aproximadamente 3 meses).<\/li>\n<li>Genera un informe en PDF o una hoja de c\u00e1lculo de Excel con datos y un gr\u00e1fico de tendencias cuando se conecta a una PC despu\u00e9s de completar el registro de datos (se requiere Adobe Reader).<\/li>\n<li>\u00a0Funci\u00f3n Max \/ Min.<\/li>\n<li>\u00a0Incluye 2 bater\u00edas CR2032, cubierta USB (se puede usar como soporte), tornillo de montaje en pared y colgador incorporado.<\/li>\n<\/ul>\n","protected":false},"featured_media":9805,"comment_status":"open","ping_status":"closed","template":"","meta":{"_joinchat":[]},"product_brand":[],"product_cat":[15],"product_tag":[],"class_list":{"0":"post-6951","1":"product","2":"type-product","3":"status-publish","4":"has-post-thumbnail","6":"product_cat-sin-categorizar","8":"first","9":"instock","10":"shipping-taxable","11":"product-type-simple"},"yoast_head":"<!-- This site is optimized with the Yoast SEO plugin v26.4 - https:\/\/yoast.com\/wordpress\/plugins\/seo\/ -->\n<title>Rht30-registrador (datalogger) temp. y humedadusb - Abaa tienda online<\/title>\n<meta name=\"robots\" content=\"index, follow, max-snippet:-1, max-image-preview:large, max-video-preview:-1\" \/>\n<link rel=\"canonical\" href=\"https:\/\/abaa.mx\/tienda\/rht30-registrador-datalogger-temp-y-humedadusb\/\" \/>\n<meta property=\"og:locale\" content=\"es_MX\" \/>\n<meta property=\"og:type\" content=\"article\" \/>\n<meta property=\"og:title\" content=\"Rht30-registrador (datalogger) temp. y humedadusb - Abaa tienda online\" \/>\n<meta property=\"og:description\" content=\"Carcasa de tama\u00f1o compacto con termistor NTC incorporado y sensor de humedad capacitivo dise\u00f1ado con conector USB est\u00e1ndar para una f\u00e1cil descarga de datos a una PC.  Pantalla LCD de 5 d\u00edgitos con indicador de duraci\u00f3n de la bater\u00eda.  Configuraciones programables por el usuario: 6 idiomas, frecuencia de muestreo, tiempo de retardo de inicio tiempo de retardo de alarma, rango de alarma alto \/ bajo y funci\u00f3n de seguridad.  Indicaci\u00f3n de estado mediante LED rojo y verde  El bot\u00f3n de inicio comienza el registro de datos continuo, que contin\u00faa hasta que la memoria se llena con 48,000 lecturas (24,000 para cada par\u00e1metro: humedad \/ temperatura), o cuando se presiona el bot\u00f3n de parada.  Marque 8 ubicaciones en un registro de grabaci\u00f3n de datos con solo presionar el bot\u00f3n Marcar.  Bater\u00eda de larga duraci\u00f3n (aproximadamente 3 meses).  Genera un informe en PDF o una hoja de c\u00e1lculo de Excel con datos y un gr\u00e1fico de tendencias cuando se conecta a una PC despu\u00e9s de completar el registro de datos (se requiere Adobe Reader).  \u00a0Funci\u00f3n Max \/ Min.  \u00a0Incluye 2 bater\u00edas CR2032, cubierta USB (se puede usar como soporte), tornillo de montaje en pared y colgador incorporado.\" \/>\n<meta property=\"og:url\" content=\"https:\/\/abaa.mx\/tienda\/rht30-registrador-datalogger-temp-y-humedadusb\/\" \/>\n<meta property=\"og:site_name\" content=\"Abaa tienda online\" \/>\n<meta property=\"article:modified_time\" content=\"2023-12-13T17:55:42+00:00\" \/>\n<meta property=\"og:image\" content=\"https:\/\/abaa.mx\/tienda\/wp-content\/uploads\/2023\/10\/Datalogger-RHT35-1.jpg\" \/>\n\t<meta property=\"og:image:width\" content=\"1024\" \/>\n\t<meta property=\"og:image:height\" content=\"1024\" \/>\n\t<meta property=\"og:image:type\" content=\"image\/jpeg\" \/>\n<meta name=\"twitter:card\" content=\"summary_large_image\" \/>\n<meta name=\"twitter:label1\" content=\"Tiempo de lectura\" \/>\n\t<meta name=\"twitter:data1\" content=\"1 minuto\" \/>\n<script type=\"application\/ld+json\" class=\"yoast-schema-graph\">{\"@context\":\"https:\/\/schema.org\",\"@graph\":[{\"@type\":\"WebPage\",\"@id\":\"https:\/\/abaa.mx\/tienda\/rht30-registrador-datalogger-temp-y-humedadusb\/\",\"url\":\"https:\/\/abaa.mx\/tienda\/rht30-registrador-datalogger-temp-y-humedadusb\/\",\"name\":\"Rht30-registrador (datalogger) temp. y humedadusb - Abaa tienda online\",\"isPartOf\":{\"@id\":\"https:\/\/abaa.mx\/tienda\/#website\"},\"primaryImageOfPage\":{\"@id\":\"https:\/\/abaa.mx\/tienda\/rht30-registrador-datalogger-temp-y-humedadusb\/#primaryimage\"},\"image\":{\"@id\":\"https:\/\/abaa.mx\/tienda\/rht30-registrador-datalogger-temp-y-humedadusb\/#primaryimage\"},\"thumbnailUrl\":\"https:\/\/abaa.mx\/tienda\/wp-content\/uploads\/2023\/10\/Datalogger-RHT35-1.jpg\",\"datePublished\":\"2023-10-19T20:20:47+00:00\",\"dateModified\":\"2023-12-13T17:55:42+00:00\",\"breadcrumb\":{\"@id\":\"https:\/\/abaa.mx\/tienda\/rht30-registrador-datalogger-temp-y-humedadusb\/#breadcrumb\"},\"inLanguage\":\"es\",\"potentialAction\":[{\"@type\":\"ReadAction\",\"target\":[\"https:\/\/abaa.mx\/tienda\/rht30-registrador-datalogger-temp-y-humedadusb\/\"]}]},{\"@type\":\"ImageObject\",\"inLanguage\":\"es\",\"@id\":\"https:\/\/abaa.mx\/tienda\/rht30-registrador-datalogger-temp-y-humedadusb\/#primaryimage\",\"url\":\"https:\/\/abaa.mx\/tienda\/wp-content\/uploads\/2023\/10\/Datalogger-RHT35-1.jpg\",\"contentUrl\":\"https:\/\/abaa.mx\/tienda\/wp-content\/uploads\/2023\/10\/Datalogger-RHT35-1.jpg\",\"width\":1024,\"height\":1024,\"caption\":\"Datalogger RHT35\"},{\"@type\":\"BreadcrumbList\",\"@id\":\"https:\/\/abaa.mx\/tienda\/rht30-registrador-datalogger-temp-y-humedadusb\/#breadcrumb\",\"itemListElement\":[{\"@type\":\"ListItem\",\"position\":1,\"name\":\"Inicio\",\"item\":\"https:\/\/abaa.mx\/tienda\/\"},{\"@type\":\"ListItem\",\"position\":2,\"name\":\"Tienda\",\"item\":\"https:\/\/abaa.mx\/tienda\/\"},{\"@type\":\"ListItem\",\"position\":3,\"name\":\"Rht30-registrador (datalogger) temp. y humedadusb\"}]},{\"@type\":\"WebSite\",\"@id\":\"https:\/\/abaa.mx\/tienda\/#website\",\"url\":\"https:\/\/abaa.mx\/tienda\/\",\"name\":\"Abaa tienda online\",\"description\":\"Instrumentos de medici\u00f3n\",\"publisher\":{\"@id\":\"https:\/\/abaa.mx\/tienda\/#organization\"},\"potentialAction\":[{\"@type\":\"SearchAction\",\"target\":{\"@type\":\"EntryPoint\",\"urlTemplate\":\"https:\/\/abaa.mx\/tienda\/?s={search_term_string}\"},\"query-input\":{\"@type\":\"PropertyValueSpecification\",\"valueRequired\":true,\"valueName\":\"search_term_string\"}}],\"inLanguage\":\"es\"},{\"@type\":\"Organization\",\"@id\":\"https:\/\/abaa.mx\/tienda\/#organization\",\"name\":\"Abaa tienda online\",\"url\":\"https:\/\/abaa.mx\/tienda\/\",\"logo\":{\"@type\":\"ImageObject\",\"inLanguage\":\"es\",\"@id\":\"https:\/\/abaa.mx\/tienda\/#\/schema\/logo\/image\/\",\"url\":\"https:\/\/abaa.mx\/tienda\/wp-content\/uploads\/2024\/01\/abaa-metrologia-tienda.png\",\"contentUrl\":\"https:\/\/abaa.mx\/tienda\/wp-content\/uploads\/2024\/01\/abaa-metrologia-tienda.png\",\"width\":300,\"height\":141,\"caption\":\"Abaa tienda online\"},\"image\":{\"@id\":\"https:\/\/abaa.mx\/tienda\/#\/schema\/logo\/image\/\"}}]}<\/script>\n<!-- \/ Yoast SEO plugin. -->","yoast_head_json":{"title":"Rht30-registrador (datalogger) temp. y humedadusb - Abaa tienda online","robots":{"index":"index","follow":"follow","max-snippet":"max-snippet:-1","max-image-preview":"max-image-preview:large","max-video-preview":"max-video-preview:-1"},"canonical":"https:\/\/abaa.mx\/tienda\/rht30-registrador-datalogger-temp-y-humedadusb\/","og_locale":"es_MX","og_type":"article","og_title":"Rht30-registrador (datalogger) temp. y humedadusb - Abaa tienda online","og_description":"Carcasa de tama\u00f1o compacto con termistor NTC incorporado y sensor de humedad capacitivo dise\u00f1ado con conector USB est\u00e1ndar para una f\u00e1cil descarga de datos a una PC.  Pantalla LCD de 5 d\u00edgitos con indicador de duraci\u00f3n de la bater\u00eda.  Configuraciones programables por el usuario: 6 idiomas, frecuencia de muestreo, tiempo de retardo de inicio tiempo de retardo de alarma, rango de alarma alto \/ bajo y funci\u00f3n de seguridad.  Indicaci\u00f3n de estado mediante LED rojo y verde  El bot\u00f3n de inicio comienza el registro de datos continuo, que contin\u00faa hasta que la memoria se llena con 48,000 lecturas (24,000 para cada par\u00e1metro: humedad \/ temperatura), o cuando se presiona el bot\u00f3n de parada.  Marque 8 ubicaciones en un registro de grabaci\u00f3n de datos con solo presionar el bot\u00f3n Marcar.  Bater\u00eda de larga duraci\u00f3n (aproximadamente 3 meses).  Genera un informe en PDF o una hoja de c\u00e1lculo de Excel con datos y un gr\u00e1fico de tendencias cuando se conecta a una PC despu\u00e9s de completar el registro de datos (se requiere Adobe Reader).  \u00a0Funci\u00f3n Max \/ Min.  \u00a0Incluye 2 bater\u00edas CR2032, cubierta USB (se puede usar como soporte), tornillo de montaje en pared y colgador incorporado.","og_url":"https:\/\/abaa.mx\/tienda\/rht30-registrador-datalogger-temp-y-humedadusb\/","og_site_name":"Abaa tienda online","article_modified_time":"2023-12-13T17:55:42+00:00","og_image":[{"width":1024,"height":1024,"url":"https:\/\/abaa.mx\/tienda\/wp-content\/uploads\/2023\/10\/Datalogger-RHT35-1.jpg","type":"image\/jpeg"}],"twitter_card":"summary_large_image","twitter_misc":{"Tiempo de lectura":"1 minuto"},"schema":{"@context":"https:\/\/schema.org","@graph":[{"@type":"WebPage","@id":"https:\/\/abaa.mx\/tienda\/rht30-registrador-datalogger-temp-y-humedadusb\/","url":"https:\/\/abaa.mx\/tienda\/rht30-registrador-datalogger-temp-y-humedadusb\/","name":"Rht30-registrador (datalogger) temp. y humedadusb - Abaa tienda online","isPartOf":{"@id":"https:\/\/abaa.mx\/tienda\/#website"},"primaryImageOfPage":{"@id":"https:\/\/abaa.mx\/tienda\/rht30-registrador-datalogger-temp-y-humedadusb\/#primaryimage"},"image":{"@id":"https:\/\/abaa.mx\/tienda\/rht30-registrador-datalogger-temp-y-humedadusb\/#primaryimage"},"thumbnailUrl":"https:\/\/abaa.mx\/tienda\/wp-content\/uploads\/2023\/10\/Datalogger-RHT35-1.jpg","datePublished":"2023-10-19T20:20:47+00:00","dateModified":"2023-12-13T17:55:42+00:00","breadcrumb":{"@id":"https:\/\/abaa.mx\/tienda\/rht30-registrador-datalogger-temp-y-humedadusb\/#breadcrumb"},"inLanguage":"es","potentialAction":[{"@type":"ReadAction","target":["https:\/\/abaa.mx\/tienda\/rht30-registrador-datalogger-temp-y-humedadusb\/"]}]},{"@type":"ImageObject","inLanguage":"es","@id":"https:\/\/abaa.mx\/tienda\/rht30-registrador-datalogger-temp-y-humedadusb\/#primaryimage","url":"https:\/\/abaa.mx\/tienda\/wp-content\/uploads\/2023\/10\/Datalogger-RHT35-1.jpg","contentUrl":"https:\/\/abaa.mx\/tienda\/wp-content\/uploads\/2023\/10\/Datalogger-RHT35-1.jpg","width":1024,"height":1024,"caption":"Datalogger RHT35"},{"@type":"BreadcrumbList","@id":"https:\/\/abaa.mx\/tienda\/rht30-registrador-datalogger-temp-y-humedadusb\/#breadcrumb","itemListElement":[{"@type":"ListItem","position":1,"name":"Inicio","item":"https:\/\/abaa.mx\/tienda\/"},{"@type":"ListItem","position":2,"name":"Tienda","item":"https:\/\/abaa.mx\/tienda\/"},{"@type":"ListItem","position":3,"name":"Rht30-registrador (datalogger) temp. y humedadusb"}]},{"@type":"WebSite","@id":"https:\/\/abaa.mx\/tienda\/#website","url":"https:\/\/abaa.mx\/tienda\/","name":"Abaa tienda online","description":"Instrumentos de medici\u00f3n","publisher":{"@id":"https:\/\/abaa.mx\/tienda\/#organization"},"potentialAction":[{"@type":"SearchAction","target":{"@type":"EntryPoint","urlTemplate":"https:\/\/abaa.mx\/tienda\/?s={search_term_string}"},"query-input":{"@type":"PropertyValueSpecification","valueRequired":true,"valueName":"search_term_string"}}],"inLanguage":"es"},{"@type":"Organization","@id":"https:\/\/abaa.mx\/tienda\/#organization","name":"Abaa tienda online","url":"https:\/\/abaa.mx\/tienda\/","logo":{"@type":"ImageObject","inLanguage":"es","@id":"https:\/\/abaa.mx\/tienda\/#\/schema\/logo\/image\/","url":"https:\/\/abaa.mx\/tienda\/wp-content\/uploads\/2024\/01\/abaa-metrologia-tienda.png","contentUrl":"https:\/\/abaa.mx\/tienda\/wp-content\/uploads\/2024\/01\/abaa-metrologia-tienda.png","width":300,"height":141,"caption":"Abaa tienda online"},"image":{"@id":"https:\/\/abaa.mx\/tienda\/#\/schema\/logo\/image\/"}}]}},"_links":{"self":[{"href":"https:\/\/abaa.mx\/tienda\/wp-json\/wp\/v2\/product\/6951","targetHints":{"allow":["GET"]}}],"collection":[{"href":"https:\/\/abaa.mx\/tienda\/wp-json\/wp\/v2\/product"}],"about":[{"href":"https:\/\/abaa.mx\/tienda\/wp-json\/wp\/v2\/types\/product"}],"replies":[{"embeddable":true,"href":"https:\/\/abaa.mx\/tienda\/wp-json\/wp\/v2\/comments?post=6951"}],"wp:featuredmedia":[{"embeddable":true,"href":"https:\/\/abaa.mx\/tienda\/wp-json\/wp\/v2\/media\/9805"}],"wp:attachment":[{"href":"https:\/\/abaa.mx\/tienda\/wp-json\/wp\/v2\/media?parent=6951"}],"wp:term":[{"taxonomy":"product_brand","embeddable":true,"href":"https:\/\/abaa.mx\/tienda\/wp-json\/wp\/v2\/product_brand?post=6951"},{"taxonomy":"product_cat","embeddable":true,"href":"https:\/\/abaa.mx\/tienda\/wp-json\/wp\/v2\/product_cat?post=6951"},{"taxonomy":"product_tag","embeddable":true,"href":"https:\/\/abaa.mx\/tienda\/wp-json\/wp\/v2\/product_tag?post=6951"}],"curies":[{"name":"wp","href":"https:\/\/api.w.org\/{rel}","templated":true}]}}