{"id":6948,"date":"2023-10-19T20:15:55","date_gmt":"2023-10-19T20:15:55","guid":{"rendered":"https:\/\/abaa.mx\/tienda\/?post_type=product&#038;p=6948"},"modified":"2023-12-13T19:21:53","modified_gmt":"2023-12-13T19:21:53","slug":"rht20-registrador-datalogger-de-temperatura-y-humedad-relativa-16k-muestreos-usb-con-software","status":"publish","type":"product","link":"https:\/\/abaa.mx\/tienda\/rht20-registrador-datalogger-de-temperatura-y-humedad-relativa-16k-muestreos-usb-con-software\/","title":{"rendered":"Rht20-registrador (datalogger) de temperatura y humedad relativa 16k muestreos, usb, con software"},"content":{"rendered":"<p>Rht20-registrador (datalogger) de temperatura y humedad relativa 16k muestreos, usb, con software<\/p>\n","protected":false},"excerpt":{"rendered":"<p><strong>Caracter\u00edsticas<\/strong>:<\/p>\n<ul>\n<li><span>Interfaz para USB para f\u00e1cil configuraci\u00f3n y descarga de datos.<\/span><\/li>\n<li><span>Frecuencia de muestreo de datos seleccionable: 1 segundo hasta 24 horas.<\/span><\/li>\n<li><span>Umbrales de alarma programables por el usuario para la humedad relativa y la temperatura.<\/span><\/li>\n<li><span>La pantalla LCD muestra las lecturas actuales, Min\/Max y el estado de alarma.<\/span><\/li>\n<li><span>Incluye bater\u00eda de litio de 3.6 V, soporte de montaje con cerradura de combinaci\u00f3n.<\/span><\/li>\n<li><span>Incluye software de an\u00e1lisis compatible con Windows 2000\/XP\/Vista\/7.<\/span><\/li>\n<\/ul>\n","protected":false},"featured_media":9811,"comment_status":"open","ping_status":"closed","template":"","meta":{"_joinchat":[]},"product_brand":[],"product_cat":[15],"product_tag":[],"class_list":{"0":"post-6948","1":"product","2":"type-product","3":"status-publish","4":"has-post-thumbnail","6":"product_cat-sin-categorizar","8":"first","9":"instock","10":"shipping-taxable","11":"product-type-simple"},"yoast_head":"<!-- This site is optimized with the Yoast SEO plugin v26.4 - https:\/\/yoast.com\/wordpress\/plugins\/seo\/ -->\n<title>Rht20-registrador (datalogger) de temperatura y humedad relativa 16k muestreos, usb, con software - Abaa tienda online<\/title>\n<meta name=\"robots\" content=\"index, follow, max-snippet:-1, max-image-preview:large, max-video-preview:-1\" \/>\n<link rel=\"canonical\" href=\"https:\/\/abaa.mx\/tienda\/rht20-registrador-datalogger-de-temperatura-y-humedad-relativa-16k-muestreos-usb-con-software\/\" \/>\n<meta property=\"og:locale\" content=\"es_MX\" \/>\n<meta property=\"og:type\" content=\"article\" \/>\n<meta property=\"og:title\" content=\"Rht20-registrador (datalogger) de temperatura y humedad relativa 16k muestreos, usb, con software - Abaa tienda online\" \/>\n<meta property=\"og:description\" content=\"Caracter\u00edsticas:   Interfaz para USB para f\u00e1cil configuraci\u00f3n y descarga de datos.  Frecuencia de muestreo de datos seleccionable: 1 segundo hasta 24 horas.  Umbrales de alarma programables por el usuario para la humedad relativa y la temperatura.  La pantalla LCD muestra las lecturas actuales, Min\/Max y el estado de alarma.  Incluye bater\u00eda de litio de 3.6 V, soporte de montaje con cerradura de combinaci\u00f3n.  Incluye software de an\u00e1lisis compatible con Windows 2000\/XP\/Vista\/7.\" \/>\n<meta property=\"og:url\" content=\"https:\/\/abaa.mx\/tienda\/rht20-registrador-datalogger-de-temperatura-y-humedad-relativa-16k-muestreos-usb-con-software\/\" \/>\n<meta property=\"og:site_name\" content=\"Abaa tienda online\" \/>\n<meta property=\"article:modified_time\" content=\"2023-12-13T19:21:53+00:00\" \/>\n<meta property=\"og:image\" content=\"https:\/\/abaa.mx\/tienda\/wp-content\/uploads\/2023\/10\/Datalogger-RHT20.jpg\" \/>\n\t<meta property=\"og:image:width\" content=\"650\" \/>\n\t<meta property=\"og:image:height\" content=\"650\" \/>\n\t<meta property=\"og:image:type\" content=\"image\/jpeg\" \/>\n<meta name=\"twitter:card\" content=\"summary_large_image\" \/>\n<meta name=\"twitter:label1\" content=\"Tiempo de lectura\" \/>\n\t<meta name=\"twitter:data1\" content=\"1 minuto\" \/>\n<script type=\"application\/ld+json\" class=\"yoast-schema-graph\">{\"@context\":\"https:\/\/schema.org\",\"@graph\":[{\"@type\":\"WebPage\",\"@id\":\"https:\/\/abaa.mx\/tienda\/rht20-registrador-datalogger-de-temperatura-y-humedad-relativa-16k-muestreos-usb-con-software\/\",\"url\":\"https:\/\/abaa.mx\/tienda\/rht20-registrador-datalogger-de-temperatura-y-humedad-relativa-16k-muestreos-usb-con-software\/\",\"name\":\"Rht20-registrador (datalogger) de temperatura y humedad relativa 16k muestreos, usb, con software - Abaa tienda online\",\"isPartOf\":{\"@id\":\"https:\/\/abaa.mx\/tienda\/#website\"},\"primaryImageOfPage\":{\"@id\":\"https:\/\/abaa.mx\/tienda\/rht20-registrador-datalogger-de-temperatura-y-humedad-relativa-16k-muestreos-usb-con-software\/#primaryimage\"},\"image\":{\"@id\":\"https:\/\/abaa.mx\/tienda\/rht20-registrador-datalogger-de-temperatura-y-humedad-relativa-16k-muestreos-usb-con-software\/#primaryimage\"},\"thumbnailUrl\":\"https:\/\/abaa.mx\/tienda\/wp-content\/uploads\/2023\/10\/Datalogger-RHT20.jpg\",\"datePublished\":\"2023-10-19T20:15:55+00:00\",\"dateModified\":\"2023-12-13T19:21:53+00:00\",\"breadcrumb\":{\"@id\":\"https:\/\/abaa.mx\/tienda\/rht20-registrador-datalogger-de-temperatura-y-humedad-relativa-16k-muestreos-usb-con-software\/#breadcrumb\"},\"inLanguage\":\"es\",\"potentialAction\":[{\"@type\":\"ReadAction\",\"target\":[\"https:\/\/abaa.mx\/tienda\/rht20-registrador-datalogger-de-temperatura-y-humedad-relativa-16k-muestreos-usb-con-software\/\"]}]},{\"@type\":\"ImageObject\",\"inLanguage\":\"es\",\"@id\":\"https:\/\/abaa.mx\/tienda\/rht20-registrador-datalogger-de-temperatura-y-humedad-relativa-16k-muestreos-usb-con-software\/#primaryimage\",\"url\":\"https:\/\/abaa.mx\/tienda\/wp-content\/uploads\/2023\/10\/Datalogger-RHT20.jpg\",\"contentUrl\":\"https:\/\/abaa.mx\/tienda\/wp-content\/uploads\/2023\/10\/Datalogger-RHT20.jpg\",\"width\":650,\"height\":650,\"caption\":\"Datalogger RHT20\"},{\"@type\":\"BreadcrumbList\",\"@id\":\"https:\/\/abaa.mx\/tienda\/rht20-registrador-datalogger-de-temperatura-y-humedad-relativa-16k-muestreos-usb-con-software\/#breadcrumb\",\"itemListElement\":[{\"@type\":\"ListItem\",\"position\":1,\"name\":\"Inicio\",\"item\":\"https:\/\/abaa.mx\/tienda\/\"},{\"@type\":\"ListItem\",\"position\":2,\"name\":\"Tienda\",\"item\":\"https:\/\/abaa.mx\/tienda\/\"},{\"@type\":\"ListItem\",\"position\":3,\"name\":\"Rht20-registrador (datalogger) de temperatura y humedad relativa 16k muestreos, usb, con software\"}]},{\"@type\":\"WebSite\",\"@id\":\"https:\/\/abaa.mx\/tienda\/#website\",\"url\":\"https:\/\/abaa.mx\/tienda\/\",\"name\":\"Abaa tienda online\",\"description\":\"Instrumentos de medici\u00f3n\",\"publisher\":{\"@id\":\"https:\/\/abaa.mx\/tienda\/#organization\"},\"potentialAction\":[{\"@type\":\"SearchAction\",\"target\":{\"@type\":\"EntryPoint\",\"urlTemplate\":\"https:\/\/abaa.mx\/tienda\/?s={search_term_string}\"},\"query-input\":{\"@type\":\"PropertyValueSpecification\",\"valueRequired\":true,\"valueName\":\"search_term_string\"}}],\"inLanguage\":\"es\"},{\"@type\":\"Organization\",\"@id\":\"https:\/\/abaa.mx\/tienda\/#organization\",\"name\":\"Abaa tienda online\",\"url\":\"https:\/\/abaa.mx\/tienda\/\",\"logo\":{\"@type\":\"ImageObject\",\"inLanguage\":\"es\",\"@id\":\"https:\/\/abaa.mx\/tienda\/#\/schema\/logo\/image\/\",\"url\":\"https:\/\/abaa.mx\/tienda\/wp-content\/uploads\/2024\/01\/abaa-metrologia-tienda.png\",\"contentUrl\":\"https:\/\/abaa.mx\/tienda\/wp-content\/uploads\/2024\/01\/abaa-metrologia-tienda.png\",\"width\":300,\"height\":141,\"caption\":\"Abaa tienda online\"},\"image\":{\"@id\":\"https:\/\/abaa.mx\/tienda\/#\/schema\/logo\/image\/\"}}]}<\/script>\n<!-- \/ Yoast SEO plugin. -->","yoast_head_json":{"title":"Rht20-registrador (datalogger) de temperatura y humedad relativa 16k muestreos, usb, con software - Abaa tienda online","robots":{"index":"index","follow":"follow","max-snippet":"max-snippet:-1","max-image-preview":"max-image-preview:large","max-video-preview":"max-video-preview:-1"},"canonical":"https:\/\/abaa.mx\/tienda\/rht20-registrador-datalogger-de-temperatura-y-humedad-relativa-16k-muestreos-usb-con-software\/","og_locale":"es_MX","og_type":"article","og_title":"Rht20-registrador (datalogger) de temperatura y humedad relativa 16k muestreos, usb, con software - Abaa tienda online","og_description":"Caracter\u00edsticas:   Interfaz para USB para f\u00e1cil configuraci\u00f3n y descarga de datos.  Frecuencia de muestreo de datos seleccionable: 1 segundo hasta 24 horas.  Umbrales de alarma programables por el usuario para la humedad relativa y la temperatura.  La pantalla LCD muestra las lecturas actuales, Min\/Max y el estado de alarma.  Incluye bater\u00eda de litio de 3.6 V, soporte de montaje con cerradura de combinaci\u00f3n.  Incluye software de an\u00e1lisis compatible con Windows 2000\/XP\/Vista\/7.","og_url":"https:\/\/abaa.mx\/tienda\/rht20-registrador-datalogger-de-temperatura-y-humedad-relativa-16k-muestreos-usb-con-software\/","og_site_name":"Abaa tienda online","article_modified_time":"2023-12-13T19:21:53+00:00","og_image":[{"width":650,"height":650,"url":"https:\/\/abaa.mx\/tienda\/wp-content\/uploads\/2023\/10\/Datalogger-RHT20.jpg","type":"image\/jpeg"}],"twitter_card":"summary_large_image","twitter_misc":{"Tiempo de lectura":"1 minuto"},"schema":{"@context":"https:\/\/schema.org","@graph":[{"@type":"WebPage","@id":"https:\/\/abaa.mx\/tienda\/rht20-registrador-datalogger-de-temperatura-y-humedad-relativa-16k-muestreos-usb-con-software\/","url":"https:\/\/abaa.mx\/tienda\/rht20-registrador-datalogger-de-temperatura-y-humedad-relativa-16k-muestreos-usb-con-software\/","name":"Rht20-registrador (datalogger) de temperatura y humedad relativa 16k muestreos, usb, con software - Abaa tienda online","isPartOf":{"@id":"https:\/\/abaa.mx\/tienda\/#website"},"primaryImageOfPage":{"@id":"https:\/\/abaa.mx\/tienda\/rht20-registrador-datalogger-de-temperatura-y-humedad-relativa-16k-muestreos-usb-con-software\/#primaryimage"},"image":{"@id":"https:\/\/abaa.mx\/tienda\/rht20-registrador-datalogger-de-temperatura-y-humedad-relativa-16k-muestreos-usb-con-software\/#primaryimage"},"thumbnailUrl":"https:\/\/abaa.mx\/tienda\/wp-content\/uploads\/2023\/10\/Datalogger-RHT20.jpg","datePublished":"2023-10-19T20:15:55+00:00","dateModified":"2023-12-13T19:21:53+00:00","breadcrumb":{"@id":"https:\/\/abaa.mx\/tienda\/rht20-registrador-datalogger-de-temperatura-y-humedad-relativa-16k-muestreos-usb-con-software\/#breadcrumb"},"inLanguage":"es","potentialAction":[{"@type":"ReadAction","target":["https:\/\/abaa.mx\/tienda\/rht20-registrador-datalogger-de-temperatura-y-humedad-relativa-16k-muestreos-usb-con-software\/"]}]},{"@type":"ImageObject","inLanguage":"es","@id":"https:\/\/abaa.mx\/tienda\/rht20-registrador-datalogger-de-temperatura-y-humedad-relativa-16k-muestreos-usb-con-software\/#primaryimage","url":"https:\/\/abaa.mx\/tienda\/wp-content\/uploads\/2023\/10\/Datalogger-RHT20.jpg","contentUrl":"https:\/\/abaa.mx\/tienda\/wp-content\/uploads\/2023\/10\/Datalogger-RHT20.jpg","width":650,"height":650,"caption":"Datalogger RHT20"},{"@type":"BreadcrumbList","@id":"https:\/\/abaa.mx\/tienda\/rht20-registrador-datalogger-de-temperatura-y-humedad-relativa-16k-muestreos-usb-con-software\/#breadcrumb","itemListElement":[{"@type":"ListItem","position":1,"name":"Inicio","item":"https:\/\/abaa.mx\/tienda\/"},{"@type":"ListItem","position":2,"name":"Tienda","item":"https:\/\/abaa.mx\/tienda\/"},{"@type":"ListItem","position":3,"name":"Rht20-registrador (datalogger) de temperatura y humedad relativa 16k muestreos, usb, con software"}]},{"@type":"WebSite","@id":"https:\/\/abaa.mx\/tienda\/#website","url":"https:\/\/abaa.mx\/tienda\/","name":"Abaa tienda online","description":"Instrumentos de medici\u00f3n","publisher":{"@id":"https:\/\/abaa.mx\/tienda\/#organization"},"potentialAction":[{"@type":"SearchAction","target":{"@type":"EntryPoint","urlTemplate":"https:\/\/abaa.mx\/tienda\/?s={search_term_string}"},"query-input":{"@type":"PropertyValueSpecification","valueRequired":true,"valueName":"search_term_string"}}],"inLanguage":"es"},{"@type":"Organization","@id":"https:\/\/abaa.mx\/tienda\/#organization","name":"Abaa tienda online","url":"https:\/\/abaa.mx\/tienda\/","logo":{"@type":"ImageObject","inLanguage":"es","@id":"https:\/\/abaa.mx\/tienda\/#\/schema\/logo\/image\/","url":"https:\/\/abaa.mx\/tienda\/wp-content\/uploads\/2024\/01\/abaa-metrologia-tienda.png","contentUrl":"https:\/\/abaa.mx\/tienda\/wp-content\/uploads\/2024\/01\/abaa-metrologia-tienda.png","width":300,"height":141,"caption":"Abaa tienda online"},"image":{"@id":"https:\/\/abaa.mx\/tienda\/#\/schema\/logo\/image\/"}}]}},"_links":{"self":[{"href":"https:\/\/abaa.mx\/tienda\/wp-json\/wp\/v2\/product\/6948","targetHints":{"allow":["GET"]}}],"collection":[{"href":"https:\/\/abaa.mx\/tienda\/wp-json\/wp\/v2\/product"}],"about":[{"href":"https:\/\/abaa.mx\/tienda\/wp-json\/wp\/v2\/types\/product"}],"replies":[{"embeddable":true,"href":"https:\/\/abaa.mx\/tienda\/wp-json\/wp\/v2\/comments?post=6948"}],"wp:featuredmedia":[{"embeddable":true,"href":"https:\/\/abaa.mx\/tienda\/wp-json\/wp\/v2\/media\/9811"}],"wp:attachment":[{"href":"https:\/\/abaa.mx\/tienda\/wp-json\/wp\/v2\/media?parent=6948"}],"wp:term":[{"taxonomy":"product_brand","embeddable":true,"href":"https:\/\/abaa.mx\/tienda\/wp-json\/wp\/v2\/product_brand?post=6948"},{"taxonomy":"product_cat","embeddable":true,"href":"https:\/\/abaa.mx\/tienda\/wp-json\/wp\/v2\/product_cat?post=6948"},{"taxonomy":"product_tag","embeddable":true,"href":"https:\/\/abaa.mx\/tienda\/wp-json\/wp\/v2\/product_tag?post=6948"}],"curies":[{"name":"wp","href":"https:\/\/api.w.org\/{rel}","templated":true}]}}