{"id":6929,"date":"2023-10-19T20:02:27","date_gmt":"2023-10-19T20:02:27","guid":{"rendered":"https:\/\/abaa.mx\/tienda\/?post_type=product&#038;p=6929"},"modified":"2024-01-03T15:34:03","modified_gmt":"2024-01-03T15:34:03","slug":"manometro-digital-ametek-crystal-xp2i-bar-con-racor-de-presion-bsp-de-1-4-de-0-a-140-bar","status":"publish","type":"product","link":"https:\/\/abaa.mx\/tienda\/manometro-digital-ametek-crystal-xp2i-bar-con-racor-de-presion-bsp-de-1-4-de-0-a-140-bar\/","title":{"rendered":"Mg300 \u2014 multimetro rms y medidor de aislamiento comunicacion inalambrica a pc, 915mhz"},"content":{"rendered":"<p>Mg300 \u2014 multimetro rms y medidor de aislamientocomunicacion inalambrica a pc, 915mhz.<\/p>\n","protected":false},"excerpt":{"rendered":"<h3>CARACTER\u00cdSTICAS:<\/h3>\n<ul>\n<li>La interfaz USB inal\u00e1mbrica transmite los datos de mediciones a una PC.<\/li>\n<li>Pantalla triple con iluminaci\u00f3n de fondo de gran tama\u00f1o.<\/li>\n<li>Voltajes de comprobaci\u00f3n 125V, 250V, 500V y 1000V.<\/li>\n<li>Resistencia al aislamiento desde 0.001MOhm hasta 4000MOhm.<\/li>\n<li>Descarga autom\u00e1tica de voltaje capacitivo.<\/li>\n<li>Funci\u00f3n de bloqueo de encendido para operar sin manos.<\/li>\n<li>Retenci\u00f3n de datos, Min\/M\u00e1x, modo relativo, apagado autom\u00e1tico.<\/li>\n<li>Completo con receptor USB, software Windows, puntas de prueba y pinzas de conexi\u00f3n, sonda de temperatura con cord\u00f3n de alambre, funda y bater\u00edas.<\/li>\n<\/ul>\n","protected":false},"featured_media":9834,"comment_status":"open","ping_status":"closed","template":"","meta":{"_joinchat":[]},"product_brand":[],"product_cat":[15],"product_tag":[],"class_list":{"0":"post-6929","1":"product","2":"type-product","3":"status-publish","4":"has-post-thumbnail","6":"product_cat-sin-categorizar","8":"first","9":"instock","10":"shipping-taxable","11":"product-type-simple"},"yoast_head":"<!-- This site is optimized with the Yoast SEO plugin v26.4 - https:\/\/yoast.com\/wordpress\/plugins\/seo\/ -->\n<title>Mg300 \u2014 multimetro rms y medidor de aislamiento comunicacion inalambrica a pc, 915mhz - Abaa tienda online<\/title>\n<meta name=\"robots\" content=\"index, follow, max-snippet:-1, max-image-preview:large, max-video-preview:-1\" \/>\n<link rel=\"canonical\" href=\"https:\/\/abaa.mx\/tienda\/manometro-digital-ametek-crystal-xp2i-bar-con-racor-de-presion-bsp-de-1-4-de-0-a-140-bar\/\" \/>\n<meta property=\"og:locale\" content=\"es_MX\" \/>\n<meta property=\"og:type\" content=\"article\" \/>\n<meta property=\"og:title\" content=\"Mg300 \u2014 multimetro rms y medidor de aislamiento comunicacion inalambrica a pc, 915mhz - Abaa tienda online\" \/>\n<meta property=\"og:description\" content=\"CARACTER\u00cdSTICAS:   La interfaz USB inal\u00e1mbrica transmite los datos de mediciones a una PC.  Pantalla triple con iluminaci\u00f3n de fondo de gran tama\u00f1o.  Voltajes de comprobaci\u00f3n 125V, 250V, 500V y 1000V.  Resistencia al aislamiento desde 0.001MOhm hasta 4000MOhm.  Descarga autom\u00e1tica de voltaje capacitivo.  Funci\u00f3n de bloqueo de encendido para operar sin manos.  Retenci\u00f3n de datos, Min\/M\u00e1x, modo relativo, apagado autom\u00e1tico.  Completo con receptor USB, software Windows, puntas de prueba y pinzas de conexi\u00f3n, sonda de temperatura con cord\u00f3n de alambre, funda y bater\u00edas.\" \/>\n<meta property=\"og:url\" content=\"https:\/\/abaa.mx\/tienda\/manometro-digital-ametek-crystal-xp2i-bar-con-racor-de-presion-bsp-de-1-4-de-0-a-140-bar\/\" \/>\n<meta property=\"og:site_name\" content=\"Abaa tienda online\" \/>\n<meta property=\"article:modified_time\" content=\"2024-01-03T15:34:03+00:00\" \/>\n<meta property=\"og:image\" content=\"https:\/\/abaa.mx\/tienda\/wp-content\/uploads\/2023\/10\/EXTECH-MG300.jpg\" \/>\n\t<meta property=\"og:image:width\" content=\"1024\" \/>\n\t<meta property=\"og:image:height\" content=\"1024\" \/>\n\t<meta property=\"og:image:type\" content=\"image\/jpeg\" \/>\n<meta name=\"twitter:card\" content=\"summary_large_image\" \/>\n<meta name=\"twitter:label1\" content=\"Tiempo de lectura\" \/>\n\t<meta name=\"twitter:data1\" content=\"1 minuto\" \/>\n<script type=\"application\/ld+json\" class=\"yoast-schema-graph\">{\"@context\":\"https:\/\/schema.org\",\"@graph\":[{\"@type\":\"WebPage\",\"@id\":\"https:\/\/abaa.mx\/tienda\/manometro-digital-ametek-crystal-xp2i-bar-con-racor-de-presion-bsp-de-1-4-de-0-a-140-bar\/\",\"url\":\"https:\/\/abaa.mx\/tienda\/manometro-digital-ametek-crystal-xp2i-bar-con-racor-de-presion-bsp-de-1-4-de-0-a-140-bar\/\",\"name\":\"Mg300 \u2014 multimetro rms y medidor de aislamiento comunicacion inalambrica a pc, 915mhz - Abaa tienda online\",\"isPartOf\":{\"@id\":\"https:\/\/abaa.mx\/tienda\/#website\"},\"primaryImageOfPage\":{\"@id\":\"https:\/\/abaa.mx\/tienda\/manometro-digital-ametek-crystal-xp2i-bar-con-racor-de-presion-bsp-de-1-4-de-0-a-140-bar\/#primaryimage\"},\"image\":{\"@id\":\"https:\/\/abaa.mx\/tienda\/manometro-digital-ametek-crystal-xp2i-bar-con-racor-de-presion-bsp-de-1-4-de-0-a-140-bar\/#primaryimage\"},\"thumbnailUrl\":\"https:\/\/abaa.mx\/tienda\/wp-content\/uploads\/2023\/10\/EXTECH-MG300.jpg\",\"datePublished\":\"2023-10-19T20:02:27+00:00\",\"dateModified\":\"2024-01-03T15:34:03+00:00\",\"breadcrumb\":{\"@id\":\"https:\/\/abaa.mx\/tienda\/manometro-digital-ametek-crystal-xp2i-bar-con-racor-de-presion-bsp-de-1-4-de-0-a-140-bar\/#breadcrumb\"},\"inLanguage\":\"es\",\"potentialAction\":[{\"@type\":\"ReadAction\",\"target\":[\"https:\/\/abaa.mx\/tienda\/manometro-digital-ametek-crystal-xp2i-bar-con-racor-de-presion-bsp-de-1-4-de-0-a-140-bar\/\"]}]},{\"@type\":\"ImageObject\",\"inLanguage\":\"es\",\"@id\":\"https:\/\/abaa.mx\/tienda\/manometro-digital-ametek-crystal-xp2i-bar-con-racor-de-presion-bsp-de-1-4-de-0-a-140-bar\/#primaryimage\",\"url\":\"https:\/\/abaa.mx\/tienda\/wp-content\/uploads\/2023\/10\/EXTECH-MG300.jpg\",\"contentUrl\":\"https:\/\/abaa.mx\/tienda\/wp-content\/uploads\/2023\/10\/EXTECH-MG300.jpg\",\"width\":1024,\"height\":1024,\"caption\":\"EXTECH-MG300\"},{\"@type\":\"BreadcrumbList\",\"@id\":\"https:\/\/abaa.mx\/tienda\/manometro-digital-ametek-crystal-xp2i-bar-con-racor-de-presion-bsp-de-1-4-de-0-a-140-bar\/#breadcrumb\",\"itemListElement\":[{\"@type\":\"ListItem\",\"position\":1,\"name\":\"Inicio\",\"item\":\"https:\/\/abaa.mx\/tienda\/\"},{\"@type\":\"ListItem\",\"position\":2,\"name\":\"Tienda\",\"item\":\"https:\/\/abaa.mx\/tienda\/\"},{\"@type\":\"ListItem\",\"position\":3,\"name\":\"Mg300 \u2014 multimetro rms y medidor de aislamiento comunicacion inalambrica a pc, 915mhz\"}]},{\"@type\":\"WebSite\",\"@id\":\"https:\/\/abaa.mx\/tienda\/#website\",\"url\":\"https:\/\/abaa.mx\/tienda\/\",\"name\":\"Abaa tienda online\",\"description\":\"Instrumentos de medici\u00f3n\",\"publisher\":{\"@id\":\"https:\/\/abaa.mx\/tienda\/#organization\"},\"potentialAction\":[{\"@type\":\"SearchAction\",\"target\":{\"@type\":\"EntryPoint\",\"urlTemplate\":\"https:\/\/abaa.mx\/tienda\/?s={search_term_string}\"},\"query-input\":{\"@type\":\"PropertyValueSpecification\",\"valueRequired\":true,\"valueName\":\"search_term_string\"}}],\"inLanguage\":\"es\"},{\"@type\":\"Organization\",\"@id\":\"https:\/\/abaa.mx\/tienda\/#organization\",\"name\":\"Abaa tienda online\",\"url\":\"https:\/\/abaa.mx\/tienda\/\",\"logo\":{\"@type\":\"ImageObject\",\"inLanguage\":\"es\",\"@id\":\"https:\/\/abaa.mx\/tienda\/#\/schema\/logo\/image\/\",\"url\":\"https:\/\/abaa.mx\/tienda\/wp-content\/uploads\/2024\/01\/abaa-metrologia-tienda.png\",\"contentUrl\":\"https:\/\/abaa.mx\/tienda\/wp-content\/uploads\/2024\/01\/abaa-metrologia-tienda.png\",\"width\":300,\"height\":141,\"caption\":\"Abaa tienda online\"},\"image\":{\"@id\":\"https:\/\/abaa.mx\/tienda\/#\/schema\/logo\/image\/\"}}]}<\/script>\n<!-- \/ Yoast SEO plugin. -->","yoast_head_json":{"title":"Mg300 \u2014 multimetro rms y medidor de aislamiento comunicacion inalambrica a pc, 915mhz - Abaa tienda online","robots":{"index":"index","follow":"follow","max-snippet":"max-snippet:-1","max-image-preview":"max-image-preview:large","max-video-preview":"max-video-preview:-1"},"canonical":"https:\/\/abaa.mx\/tienda\/manometro-digital-ametek-crystal-xp2i-bar-con-racor-de-presion-bsp-de-1-4-de-0-a-140-bar\/","og_locale":"es_MX","og_type":"article","og_title":"Mg300 \u2014 multimetro rms y medidor de aislamiento comunicacion inalambrica a pc, 915mhz - Abaa tienda online","og_description":"CARACTER\u00cdSTICAS:   La interfaz USB inal\u00e1mbrica transmite los datos de mediciones a una PC.  Pantalla triple con iluminaci\u00f3n de fondo de gran tama\u00f1o.  Voltajes de comprobaci\u00f3n 125V, 250V, 500V y 1000V.  Resistencia al aislamiento desde 0.001MOhm hasta 4000MOhm.  Descarga autom\u00e1tica de voltaje capacitivo.  Funci\u00f3n de bloqueo de encendido para operar sin manos.  Retenci\u00f3n de datos, Min\/M\u00e1x, modo relativo, apagado autom\u00e1tico.  Completo con receptor USB, software Windows, puntas de prueba y pinzas de conexi\u00f3n, sonda de temperatura con cord\u00f3n de alambre, funda y bater\u00edas.","og_url":"https:\/\/abaa.mx\/tienda\/manometro-digital-ametek-crystal-xp2i-bar-con-racor-de-presion-bsp-de-1-4-de-0-a-140-bar\/","og_site_name":"Abaa tienda online","article_modified_time":"2024-01-03T15:34:03+00:00","og_image":[{"width":1024,"height":1024,"url":"https:\/\/abaa.mx\/tienda\/wp-content\/uploads\/2023\/10\/EXTECH-MG300.jpg","type":"image\/jpeg"}],"twitter_card":"summary_large_image","twitter_misc":{"Tiempo de lectura":"1 minuto"},"schema":{"@context":"https:\/\/schema.org","@graph":[{"@type":"WebPage","@id":"https:\/\/abaa.mx\/tienda\/manometro-digital-ametek-crystal-xp2i-bar-con-racor-de-presion-bsp-de-1-4-de-0-a-140-bar\/","url":"https:\/\/abaa.mx\/tienda\/manometro-digital-ametek-crystal-xp2i-bar-con-racor-de-presion-bsp-de-1-4-de-0-a-140-bar\/","name":"Mg300 \u2014 multimetro rms y medidor de aislamiento comunicacion inalambrica a pc, 915mhz - Abaa tienda online","isPartOf":{"@id":"https:\/\/abaa.mx\/tienda\/#website"},"primaryImageOfPage":{"@id":"https:\/\/abaa.mx\/tienda\/manometro-digital-ametek-crystal-xp2i-bar-con-racor-de-presion-bsp-de-1-4-de-0-a-140-bar\/#primaryimage"},"image":{"@id":"https:\/\/abaa.mx\/tienda\/manometro-digital-ametek-crystal-xp2i-bar-con-racor-de-presion-bsp-de-1-4-de-0-a-140-bar\/#primaryimage"},"thumbnailUrl":"https:\/\/abaa.mx\/tienda\/wp-content\/uploads\/2023\/10\/EXTECH-MG300.jpg","datePublished":"2023-10-19T20:02:27+00:00","dateModified":"2024-01-03T15:34:03+00:00","breadcrumb":{"@id":"https:\/\/abaa.mx\/tienda\/manometro-digital-ametek-crystal-xp2i-bar-con-racor-de-presion-bsp-de-1-4-de-0-a-140-bar\/#breadcrumb"},"inLanguage":"es","potentialAction":[{"@type":"ReadAction","target":["https:\/\/abaa.mx\/tienda\/manometro-digital-ametek-crystal-xp2i-bar-con-racor-de-presion-bsp-de-1-4-de-0-a-140-bar\/"]}]},{"@type":"ImageObject","inLanguage":"es","@id":"https:\/\/abaa.mx\/tienda\/manometro-digital-ametek-crystal-xp2i-bar-con-racor-de-presion-bsp-de-1-4-de-0-a-140-bar\/#primaryimage","url":"https:\/\/abaa.mx\/tienda\/wp-content\/uploads\/2023\/10\/EXTECH-MG300.jpg","contentUrl":"https:\/\/abaa.mx\/tienda\/wp-content\/uploads\/2023\/10\/EXTECH-MG300.jpg","width":1024,"height":1024,"caption":"EXTECH-MG300"},{"@type":"BreadcrumbList","@id":"https:\/\/abaa.mx\/tienda\/manometro-digital-ametek-crystal-xp2i-bar-con-racor-de-presion-bsp-de-1-4-de-0-a-140-bar\/#breadcrumb","itemListElement":[{"@type":"ListItem","position":1,"name":"Inicio","item":"https:\/\/abaa.mx\/tienda\/"},{"@type":"ListItem","position":2,"name":"Tienda","item":"https:\/\/abaa.mx\/tienda\/"},{"@type":"ListItem","position":3,"name":"Mg300 \u2014 multimetro rms y medidor de aislamiento comunicacion inalambrica a pc, 915mhz"}]},{"@type":"WebSite","@id":"https:\/\/abaa.mx\/tienda\/#website","url":"https:\/\/abaa.mx\/tienda\/","name":"Abaa tienda online","description":"Instrumentos de medici\u00f3n","publisher":{"@id":"https:\/\/abaa.mx\/tienda\/#organization"},"potentialAction":[{"@type":"SearchAction","target":{"@type":"EntryPoint","urlTemplate":"https:\/\/abaa.mx\/tienda\/?s={search_term_string}"},"query-input":{"@type":"PropertyValueSpecification","valueRequired":true,"valueName":"search_term_string"}}],"inLanguage":"es"},{"@type":"Organization","@id":"https:\/\/abaa.mx\/tienda\/#organization","name":"Abaa tienda online","url":"https:\/\/abaa.mx\/tienda\/","logo":{"@type":"ImageObject","inLanguage":"es","@id":"https:\/\/abaa.mx\/tienda\/#\/schema\/logo\/image\/","url":"https:\/\/abaa.mx\/tienda\/wp-content\/uploads\/2024\/01\/abaa-metrologia-tienda.png","contentUrl":"https:\/\/abaa.mx\/tienda\/wp-content\/uploads\/2024\/01\/abaa-metrologia-tienda.png","width":300,"height":141,"caption":"Abaa tienda online"},"image":{"@id":"https:\/\/abaa.mx\/tienda\/#\/schema\/logo\/image\/"}}]}},"_links":{"self":[{"href":"https:\/\/abaa.mx\/tienda\/wp-json\/wp\/v2\/product\/6929","targetHints":{"allow":["GET"]}}],"collection":[{"href":"https:\/\/abaa.mx\/tienda\/wp-json\/wp\/v2\/product"}],"about":[{"href":"https:\/\/abaa.mx\/tienda\/wp-json\/wp\/v2\/types\/product"}],"replies":[{"embeddable":true,"href":"https:\/\/abaa.mx\/tienda\/wp-json\/wp\/v2\/comments?post=6929"}],"wp:featuredmedia":[{"embeddable":true,"href":"https:\/\/abaa.mx\/tienda\/wp-json\/wp\/v2\/media\/9834"}],"wp:attachment":[{"href":"https:\/\/abaa.mx\/tienda\/wp-json\/wp\/v2\/media?parent=6929"}],"wp:term":[{"taxonomy":"product_brand","embeddable":true,"href":"https:\/\/abaa.mx\/tienda\/wp-json\/wp\/v2\/product_brand?post=6929"},{"taxonomy":"product_cat","embeddable":true,"href":"https:\/\/abaa.mx\/tienda\/wp-json\/wp\/v2\/product_cat?post=6929"},{"taxonomy":"product_tag","embeddable":true,"href":"https:\/\/abaa.mx\/tienda\/wp-json\/wp\/v2\/product_tag?post=6929"}],"curies":[{"name":"wp","href":"https:\/\/api.w.org\/{rel}","templated":true}]}}