{"id":6915,"date":"2023-10-19T20:01:53","date_gmt":"2023-10-19T20:01:53","guid":{"rendered":"https:\/\/abaa.mx\/tienda\/?post_type=product&#038;p=6915"},"modified":"2023-10-19T20:01:54","modified_gmt":"2023-10-19T20:01:54","slug":"reed-r5055-1000a-pinza-amperimetrica-digital-true-rms","status":"publish","type":"product","link":"https:\/\/abaa.mx\/tienda\/reed-r5055-1000a-pinza-amperimetrica-digital-true-rms\/","title":{"rendered":"Reed r5055 1000a pinza amperim\u00e9trica digital true rms"},"content":{"rendered":"<p>Esta pinza amperim\u00e9trica True RMS de rango autom\u00e1tico es capaz de medir corriente y voltaje de CA\/CC, resistencia, frecuencia, capacitancia, ciclo de trabajo, temperatura de contacto y hasta 3000 A CA con sonda de corriente flexible opcional de 18&#8243; (R5065). Con una pantalla LCD retroiluminada de 6000 cuentas con un gr\u00e1fico de barras anal\u00f3gico de 31 segmentos y una carcasa de pl\u00e1stico moldeada doble. El R5055 realiza un seguimiento de las lecturas m\u00ednimas\/m\u00e1ximas e incluye un filtro de paso bajo y un modo de baja impedancia (LoZ).<\/p>\n<h5><strong>Funciones<\/strong><\/h5>\n<ul>\n<li>Mide corriente\/voltaje CA\/CC, resistencia, capacitancia, frecuencia, ciclo de trabajo y temperatura de contacto<\/li>\n<li>Pantalla LCD retroiluminada de 6000 cuentas y gr\u00e1fico de barras anal\u00f3gico<\/li>\n<li>La sonda de corriente flexible puede expandir las mediciones de corriente alterna hasta 3000 A; (R5065, se vende por separado)<\/li>\n<li>El dise\u00f1o ergon\u00f3mico se adapta a la mano y se puede usar con guantes protectores<\/li>\n<li>Linterna LED incorporada<\/li>\n<li>Indicadores de bater\u00eda baja y exceso de autonom\u00eda<\/li>\n<li>Detector de tensi\u00f3n sin contacto incorporado con indicador LED<\/li>\n<li>Voltaje y corriente RMS reales para mediciones precisas<\/li>\n<li>Modos de filtro de paso bajo y baja impedancia (LoZ)<\/li>\n<li>M\u00edn.\/M\u00e1x., retenci\u00f3n de pantalla y modo relativo<\/li>\n<li>Funciones de prueba de diodos y comprobaci\u00f3n de continuidad<\/li>\n<li>Carcasa duradera de pl\u00e1stico de doble moldeo<\/li>\n<li>Gato. III 1000V, Cat. Clasificaci\u00f3n de seguridad IV 600V<\/li>\n<\/ul>\n<h4>Especificaciones de REED R5055<\/h4>\n<table class=\"table table-striped\">\n<tbody>\n<tr>\n<td colspan=\"2\"><strong>Corriente AC\/DC<\/strong><\/td>\n<\/tr>\n<tr>\n<td>Gama<\/td>\n<td>60, 600, 1000A<\/td>\n<\/tr>\n<tr>\n<td>Exactitud<\/td>\n<td>AC\/DC: \u00b1(2% rdg. +5 dgt.)<\/td>\n<\/tr>\n<tr>\n<td>Resoluci\u00f3n<\/td>\n<td>0,01, 0,1, 1 A<\/td>\n<\/tr>\n<tr>\n<td colspan=\"2\"><strong>Voltaje AC\/DC<\/strong><\/td>\n<\/tr>\n<tr>\n<td>Gama<\/td>\n<td>CA: 6, 60, 600, 1000 V CC: 600 mV, 6, 60, 600, 1000 V<\/td>\n<\/tr>\n<tr>\n<td>Exactitud<\/td>\n<td>AC: \u00b1(1.0% rdg. +8 dgt.)<br \/>\nDC: \u00b1(0.5% rdg. +5 dgt.)<\/td>\n<\/tr>\n<tr>\n<td>Resoluci\u00f3n<\/td>\n<td>0,1 mV, 0,001 V, 0,01 V, 0,1 V, 1 V<\/td>\n<\/tr>\n<tr>\n<td colspan=\"2\"><strong>Resistencia<\/strong><\/td>\n<\/tr>\n<tr>\n<td>Gama<\/td>\n<td>600\u03a9, 6, 60, 600k\u03a9, 6, 60M\u03a9<\/td>\n<\/tr>\n<tr>\n<td>Exactitud<\/td>\n<td>\u00b1(1% rdg. +2 dgt.)<\/td>\n<\/tr>\n<tr>\n<td>Resoluci\u00f3n<\/td>\n<td>0,1 \u03a9, 0,001 k\u03a9, 0,01 k\u03a9, 0,1 k\u03a9, 0,001 M\u03a9, 0,01 M\u03a9<\/td>\n<\/tr>\n<tr>\n<td colspan=\"2\"><strong>Capacitancia<\/strong><\/td>\n<\/tr>\n<tr>\n<td>Gama<\/td>\n<td>60, 600.0nF, 6, 60, 600\u03bcF, 6, 60mF<\/td>\n<\/tr>\n<tr>\n<td>Exactitud<\/td>\n<td>\u00b1(4.0% + 5)<\/td>\n<\/tr>\n<tr>\n<td>Resoluci\u00f3n<\/td>\n<td>0,01 nF, 0,1 nF, 0,001 \u03bcF, 0,01 \u03bcF, 0,1 \u03bcF, 0,001 mF, 0,01 mF<\/td>\n<\/tr>\n<tr>\n<td colspan=\"2\"><strong>Frecuencia<\/strong><\/td>\n<\/tr>\n<tr>\n<td>Gama<\/td>\n<td>10 Hz, 1 MHz<\/td>\n<\/tr>\n<tr>\n<td>Exactitud<\/td>\n<td>\u00b1(0.1% rdg. +3 dgt.)<\/td>\n<\/tr>\n<tr>\n<td>Resoluci\u00f3n<\/td>\n<td>0,01 Hz, 1 kHz<\/td>\n<\/tr>\n<tr>\n<td colspan=\"2\"><strong>Voltaje de CA del filtro de paso bajo (LPF)<\/strong><\/td>\n<\/tr>\n<tr>\n<td>Gama<\/td>\n<td>600, 1000V<\/td>\n<\/tr>\n<tr>\n<td>Exactitud<\/td>\n<td>\u00b1(2% rdg. +5 dgt.)<\/td>\n<\/tr>\n<tr>\n<td>Resoluci\u00f3n<\/td>\n<td>0,1, 1 V<\/td>\n<\/tr>\n<tr>\n<td colspan=\"2\"><strong>Voltaje de CA de baja impedancia (LoZ)<\/strong><\/td>\n<\/tr>\n<tr>\n<td>Gama<\/td>\n<td>600, 1000V<\/td>\n<\/tr>\n<tr>\n<td>Exactitud<\/td>\n<td>\u00b1(2% rdg. +5 dgt.)<\/td>\n<\/tr>\n<tr>\n<td>Resoluci\u00f3n<\/td>\n<td>0,1, 1 V<\/td>\n<\/tr>\n<tr>\n<td colspan=\"2\"><strong>Temperatura<\/strong><\/td>\n<\/tr>\n<tr>\n<td>Gama<\/td>\n<td>-40 a 1832 \u00b0F (-40 a 1000 \u00b0C)<\/td>\n<\/tr>\n<tr>\n<td>Exactitud<\/td>\n<td>\u00b1(1.0% rdg. + 4\u00b0F) \u00b1(1.0% rdg. + 2\u00b0C)<\/td>\n<\/tr>\n<tr>\n<td>Resoluci\u00f3n<\/td>\n<td>1 \u00b0F, 1 \u00b0C<\/td>\n<\/tr>\n<tr>\n<td colspan=\"2\"><strong>Especificaciones generales<\/strong><\/td>\n<\/tr>\n<tr>\n<td>Selecci\u00f3n de rango<\/td>\n<td>Rango autom\u00e1tico\/Manual<\/td>\n<\/tr>\n<tr>\n<td>Baja impedancia (LoZ)<\/td>\n<td>S\u00ed<\/td>\n<\/tr>\n<tr>\n<td>Filtro de paso bajo (LPF)<\/td>\n<td>S\u00ed<\/td>\n<\/tr>\n<tr>\n<td>RMS verdadero<\/td>\n<td>S\u00ed<\/td>\n<\/tr>\n<tr>\n<td>Monitor<\/td>\n<td>Pantalla LCD de 6000 cuentas<\/td>\n<\/tr>\n<tr>\n<td>Retenci\u00f3n de pantalla<\/td>\n<td>S\u00ed<\/td>\n<\/tr>\n<tr>\n<td>M\u00e1x.\/M\u00edn.<\/td>\n<td>S\u00ed<\/td>\n<\/tr>\n<tr>\n<td>Retenci\u00f3n de picos<\/td>\n<td>N\/A<\/td>\n<\/tr>\n<tr>\n<td>Ajuste de bot\u00f3n cero<\/td>\n<td>S\u00ed<\/td>\n<\/tr>\n<tr>\n<td>Modo relativo<\/td>\n<td>S\u00ed<\/td>\n<\/tr>\n<tr>\n<td>Prueba de diodos<\/td>\n<td>S\u00ed<\/td>\n<\/tr>\n<tr>\n<td>Pantalla retroiluminada<\/td>\n<td>S\u00ed<\/td>\n<\/tr>\n<tr>\n<td>Gr\u00e1fico de barras anal\u00f3gico<\/td>\n<td>S\u00ed (31 segmentos)<\/td>\n<\/tr>\n<tr>\n<td>Comprobaci\u00f3n de continuidad<\/td>\n<td>Se\u00f1al audible si la resistencia \u226430\u03a9<\/td>\n<\/tr>\n<tr>\n<td>Ciclo de trabajo<\/td>\n<td>S\u00ed<\/td>\n<\/tr>\n<tr>\n<td>Detector de voltaje sin contacto<\/td>\n<td>S\u00ed<\/td>\n<\/tr>\n<tr>\n<td>Linterna incorporada<\/td>\n<td>S\u00ed<\/td>\n<\/tr>\n<tr>\n<td>Pata de cabra<\/td>\n<td>N\/A<\/td>\n<\/tr>\n<tr>\n<td>Apagado autom\u00e1tico<\/td>\n<td>S\u00ed (despu\u00e9s de 15 minutos)<\/td>\n<\/tr>\n<tr>\n<td>Sonda de corriente flexible (opcional)<\/td>\n<td>S\u00ed (R5065, se extiende a 3000A)<\/td>\n<\/tr>\n<tr>\n<td>Fuente de alimentaci\u00f3n<\/td>\n<td>3 pilas AAA<\/td>\n<\/tr>\n<tr>\n<td>Indicador de bater\u00eda baja<\/td>\n<td>S\u00ed<\/td>\n<\/tr>\n<tr>\n<td>Apertura de la mand\u00edbula<\/td>\n<td>1,7&#8243; (42 mm), hasta 1500 MCM<\/td>\n<\/tr>\n<tr>\n<td>Categor\u00eda de sobretensi\u00f3n<\/td>\n<td>GATO. III 1000V, CAT. IV 600V<\/td>\n<\/tr>\n<tr>\n<td>Certificaciones de productos<\/td>\n<td>CE, ETL<\/td>\n<\/tr>\n<tr>\n<td>Temperatura de funcionamiento<\/td>\n<td>De 32 a 122 \u00b0C (de 0 a 50 \u00b0F)<\/td>\n<\/tr>\n<tr>\n<td>Temperatura de almacenamiento<\/td>\n<td>De -14 a 140 \u00b0C (de 10 a 60 \u00b0F)<\/td>\n<\/tr>\n<tr>\n<td>Dimensiones<\/td>\n<td>10,7 x 3,2 x 1,7&#8243; (272 x 81 x 43,5 mm)<\/td>\n<\/tr>\n<tr>\n<td>Peso<\/td>\n<td>15,8 onzas (447 g)<\/td>\n<\/tr>\n<\/tbody>\n<\/table>\n","protected":false},"excerpt":{"rendered":"<p class=\"short-description mhide ipad-view-setting\">Pinza amperim\u00e9trica AC\/DC con gr\u00e1fico de barras anal\u00f3gico, retroiluminaci\u00f3n, funci\u00f3n m\u00edn.\/m\u00e1x., detector de voltaje sin contacto (NCV) incorporado y term\u00f3metro de contacto.<\/p>\n<p class=\"comment-tag-product\">\n<div class=\"row-fluid\">\n<div class=\"span12 mobile-pricing-box-padding\">\n<form id=\"179343\" accept-charset=\"utf-8\" action=\"https:\/\/www.globaltestsupply.com\/shop\/add\" method=\"post\" name=\"addTocartFunction\">\n<div><\/div>\n<\/form>\n<\/div>\n<\/div>\n","protected":false},"featured_media":6937,"comment_status":"open","ping_status":"closed","template":"","meta":{"_joinchat":[]},"product_brand":[],"product_cat":[15],"product_tag":[],"class_list":{"0":"post-6915","1":"product","2":"type-product","3":"status-publish","4":"has-post-thumbnail","6":"product_cat-sin-categorizar","8":"first","9":"instock","10":"shipping-taxable","11":"product-type-simple"},"yoast_head":"<!-- This site is optimized with the Yoast SEO plugin v26.4 - https:\/\/yoast.com\/wordpress\/plugins\/seo\/ -->\n<title>Reed r5055 1000a pinza amperim\u00e9trica digital true rms - Abaa tienda online<\/title>\n<meta name=\"robots\" content=\"index, follow, max-snippet:-1, max-image-preview:large, max-video-preview:-1\" \/>\n<link rel=\"canonical\" href=\"https:\/\/abaa.mx\/tienda\/reed-r5055-1000a-pinza-amperimetrica-digital-true-rms\/\" \/>\n<meta property=\"og:locale\" content=\"es_MX\" \/>\n<meta property=\"og:type\" content=\"article\" \/>\n<meta property=\"og:title\" content=\"Reed r5055 1000a pinza amperim\u00e9trica digital true rms - Abaa tienda online\" \/>\n<meta property=\"og:description\" content=\"Pinza amperim\u00e9trica AC\/DC con gr\u00e1fico de barras anal\u00f3gico, retroiluminaci\u00f3n, funci\u00f3n m\u00edn.\/m\u00e1x., detector de voltaje sin contacto (NCV) incorporado y term\u00f3metro de contacto.\" \/>\n<meta property=\"og:url\" content=\"https:\/\/abaa.mx\/tienda\/reed-r5055-1000a-pinza-amperimetrica-digital-true-rms\/\" \/>\n<meta property=\"og:site_name\" content=\"Abaa tienda online\" \/>\n<meta property=\"article:modified_time\" content=\"2023-10-19T20:01:54+00:00\" \/>\n<meta property=\"og:image\" content=\"https:\/\/abaa.mx\/tienda\/wp-content\/uploads\/2023\/10\/R5055.jpg\" \/>\n\t<meta property=\"og:image:width\" content=\"450\" \/>\n\t<meta property=\"og:image:height\" content=\"450\" \/>\n\t<meta property=\"og:image:type\" content=\"image\/jpeg\" \/>\n<meta name=\"twitter:card\" content=\"summary_large_image\" \/>\n<meta name=\"twitter:label1\" content=\"Tiempo de lectura\" \/>\n\t<meta name=\"twitter:data1\" content=\"3 minutos\" \/>\n<script type=\"application\/ld+json\" class=\"yoast-schema-graph\">{\"@context\":\"https:\/\/schema.org\",\"@graph\":[{\"@type\":\"WebPage\",\"@id\":\"https:\/\/abaa.mx\/tienda\/reed-r5055-1000a-pinza-amperimetrica-digital-true-rms\/\",\"url\":\"https:\/\/abaa.mx\/tienda\/reed-r5055-1000a-pinza-amperimetrica-digital-true-rms\/\",\"name\":\"Reed r5055 1000a pinza amperim\u00e9trica digital true rms - Abaa tienda online\",\"isPartOf\":{\"@id\":\"https:\/\/abaa.mx\/tienda\/#website\"},\"primaryImageOfPage\":{\"@id\":\"https:\/\/abaa.mx\/tienda\/reed-r5055-1000a-pinza-amperimetrica-digital-true-rms\/#primaryimage\"},\"image\":{\"@id\":\"https:\/\/abaa.mx\/tienda\/reed-r5055-1000a-pinza-amperimetrica-digital-true-rms\/#primaryimage\"},\"thumbnailUrl\":\"https:\/\/abaa.mx\/tienda\/wp-content\/uploads\/2023\/10\/R5055.jpg\",\"datePublished\":\"2023-10-19T20:01:53+00:00\",\"dateModified\":\"2023-10-19T20:01:54+00:00\",\"breadcrumb\":{\"@id\":\"https:\/\/abaa.mx\/tienda\/reed-r5055-1000a-pinza-amperimetrica-digital-true-rms\/#breadcrumb\"},\"inLanguage\":\"es\",\"potentialAction\":[{\"@type\":\"ReadAction\",\"target\":[\"https:\/\/abaa.mx\/tienda\/reed-r5055-1000a-pinza-amperimetrica-digital-true-rms\/\"]}]},{\"@type\":\"ImageObject\",\"inLanguage\":\"es\",\"@id\":\"https:\/\/abaa.mx\/tienda\/reed-r5055-1000a-pinza-amperimetrica-digital-true-rms\/#primaryimage\",\"url\":\"https:\/\/abaa.mx\/tienda\/wp-content\/uploads\/2023\/10\/R5055.jpg\",\"contentUrl\":\"https:\/\/abaa.mx\/tienda\/wp-content\/uploads\/2023\/10\/R5055.jpg\",\"width\":450,\"height\":450,\"caption\":\"reed-r5055-1000a-pinza-amperimetrica-digital-true-rms\"},{\"@type\":\"BreadcrumbList\",\"@id\":\"https:\/\/abaa.mx\/tienda\/reed-r5055-1000a-pinza-amperimetrica-digital-true-rms\/#breadcrumb\",\"itemListElement\":[{\"@type\":\"ListItem\",\"position\":1,\"name\":\"Inicio\",\"item\":\"https:\/\/abaa.mx\/tienda\/\"},{\"@type\":\"ListItem\",\"position\":2,\"name\":\"Tienda\",\"item\":\"https:\/\/abaa.mx\/tienda\/\"},{\"@type\":\"ListItem\",\"position\":3,\"name\":\"Reed r5055 1000a pinza amperim\u00e9trica digital true rms\"}]},{\"@type\":\"WebSite\",\"@id\":\"https:\/\/abaa.mx\/tienda\/#website\",\"url\":\"https:\/\/abaa.mx\/tienda\/\",\"name\":\"Abaa tienda online\",\"description\":\"Instrumentos de medici\u00f3n\",\"publisher\":{\"@id\":\"https:\/\/abaa.mx\/tienda\/#organization\"},\"potentialAction\":[{\"@type\":\"SearchAction\",\"target\":{\"@type\":\"EntryPoint\",\"urlTemplate\":\"https:\/\/abaa.mx\/tienda\/?s={search_term_string}\"},\"query-input\":{\"@type\":\"PropertyValueSpecification\",\"valueRequired\":true,\"valueName\":\"search_term_string\"}}],\"inLanguage\":\"es\"},{\"@type\":\"Organization\",\"@id\":\"https:\/\/abaa.mx\/tienda\/#organization\",\"name\":\"Abaa tienda online\",\"url\":\"https:\/\/abaa.mx\/tienda\/\",\"logo\":{\"@type\":\"ImageObject\",\"inLanguage\":\"es\",\"@id\":\"https:\/\/abaa.mx\/tienda\/#\/schema\/logo\/image\/\",\"url\":\"https:\/\/abaa.mx\/tienda\/wp-content\/uploads\/2024\/01\/abaa-metrologia-tienda.png\",\"contentUrl\":\"https:\/\/abaa.mx\/tienda\/wp-content\/uploads\/2024\/01\/abaa-metrologia-tienda.png\",\"width\":300,\"height\":141,\"caption\":\"Abaa tienda online\"},\"image\":{\"@id\":\"https:\/\/abaa.mx\/tienda\/#\/schema\/logo\/image\/\"}}]}<\/script>\n<!-- \/ Yoast SEO plugin. -->","yoast_head_json":{"title":"Reed r5055 1000a pinza amperim\u00e9trica digital true rms - Abaa tienda online","robots":{"index":"index","follow":"follow","max-snippet":"max-snippet:-1","max-image-preview":"max-image-preview:large","max-video-preview":"max-video-preview:-1"},"canonical":"https:\/\/abaa.mx\/tienda\/reed-r5055-1000a-pinza-amperimetrica-digital-true-rms\/","og_locale":"es_MX","og_type":"article","og_title":"Reed r5055 1000a pinza amperim\u00e9trica digital true rms - Abaa tienda online","og_description":"Pinza amperim\u00e9trica AC\/DC con gr\u00e1fico de barras anal\u00f3gico, retroiluminaci\u00f3n, funci\u00f3n m\u00edn.\/m\u00e1x., detector de voltaje sin contacto (NCV) incorporado y term\u00f3metro de contacto.","og_url":"https:\/\/abaa.mx\/tienda\/reed-r5055-1000a-pinza-amperimetrica-digital-true-rms\/","og_site_name":"Abaa tienda online","article_modified_time":"2023-10-19T20:01:54+00:00","og_image":[{"width":450,"height":450,"url":"https:\/\/abaa.mx\/tienda\/wp-content\/uploads\/2023\/10\/R5055.jpg","type":"image\/jpeg"}],"twitter_card":"summary_large_image","twitter_misc":{"Tiempo de lectura":"3 minutos"},"schema":{"@context":"https:\/\/schema.org","@graph":[{"@type":"WebPage","@id":"https:\/\/abaa.mx\/tienda\/reed-r5055-1000a-pinza-amperimetrica-digital-true-rms\/","url":"https:\/\/abaa.mx\/tienda\/reed-r5055-1000a-pinza-amperimetrica-digital-true-rms\/","name":"Reed r5055 1000a pinza amperim\u00e9trica digital true rms - Abaa tienda online","isPartOf":{"@id":"https:\/\/abaa.mx\/tienda\/#website"},"primaryImageOfPage":{"@id":"https:\/\/abaa.mx\/tienda\/reed-r5055-1000a-pinza-amperimetrica-digital-true-rms\/#primaryimage"},"image":{"@id":"https:\/\/abaa.mx\/tienda\/reed-r5055-1000a-pinza-amperimetrica-digital-true-rms\/#primaryimage"},"thumbnailUrl":"https:\/\/abaa.mx\/tienda\/wp-content\/uploads\/2023\/10\/R5055.jpg","datePublished":"2023-10-19T20:01:53+00:00","dateModified":"2023-10-19T20:01:54+00:00","breadcrumb":{"@id":"https:\/\/abaa.mx\/tienda\/reed-r5055-1000a-pinza-amperimetrica-digital-true-rms\/#breadcrumb"},"inLanguage":"es","potentialAction":[{"@type":"ReadAction","target":["https:\/\/abaa.mx\/tienda\/reed-r5055-1000a-pinza-amperimetrica-digital-true-rms\/"]}]},{"@type":"ImageObject","inLanguage":"es","@id":"https:\/\/abaa.mx\/tienda\/reed-r5055-1000a-pinza-amperimetrica-digital-true-rms\/#primaryimage","url":"https:\/\/abaa.mx\/tienda\/wp-content\/uploads\/2023\/10\/R5055.jpg","contentUrl":"https:\/\/abaa.mx\/tienda\/wp-content\/uploads\/2023\/10\/R5055.jpg","width":450,"height":450,"caption":"reed-r5055-1000a-pinza-amperimetrica-digital-true-rms"},{"@type":"BreadcrumbList","@id":"https:\/\/abaa.mx\/tienda\/reed-r5055-1000a-pinza-amperimetrica-digital-true-rms\/#breadcrumb","itemListElement":[{"@type":"ListItem","position":1,"name":"Inicio","item":"https:\/\/abaa.mx\/tienda\/"},{"@type":"ListItem","position":2,"name":"Tienda","item":"https:\/\/abaa.mx\/tienda\/"},{"@type":"ListItem","position":3,"name":"Reed r5055 1000a pinza amperim\u00e9trica digital true rms"}]},{"@type":"WebSite","@id":"https:\/\/abaa.mx\/tienda\/#website","url":"https:\/\/abaa.mx\/tienda\/","name":"Abaa tienda online","description":"Instrumentos de medici\u00f3n","publisher":{"@id":"https:\/\/abaa.mx\/tienda\/#organization"},"potentialAction":[{"@type":"SearchAction","target":{"@type":"EntryPoint","urlTemplate":"https:\/\/abaa.mx\/tienda\/?s={search_term_string}"},"query-input":{"@type":"PropertyValueSpecification","valueRequired":true,"valueName":"search_term_string"}}],"inLanguage":"es"},{"@type":"Organization","@id":"https:\/\/abaa.mx\/tienda\/#organization","name":"Abaa tienda online","url":"https:\/\/abaa.mx\/tienda\/","logo":{"@type":"ImageObject","inLanguage":"es","@id":"https:\/\/abaa.mx\/tienda\/#\/schema\/logo\/image\/","url":"https:\/\/abaa.mx\/tienda\/wp-content\/uploads\/2024\/01\/abaa-metrologia-tienda.png","contentUrl":"https:\/\/abaa.mx\/tienda\/wp-content\/uploads\/2024\/01\/abaa-metrologia-tienda.png","width":300,"height":141,"caption":"Abaa tienda online"},"image":{"@id":"https:\/\/abaa.mx\/tienda\/#\/schema\/logo\/image\/"}}]}},"_links":{"self":[{"href":"https:\/\/abaa.mx\/tienda\/wp-json\/wp\/v2\/product\/6915","targetHints":{"allow":["GET"]}}],"collection":[{"href":"https:\/\/abaa.mx\/tienda\/wp-json\/wp\/v2\/product"}],"about":[{"href":"https:\/\/abaa.mx\/tienda\/wp-json\/wp\/v2\/types\/product"}],"replies":[{"embeddable":true,"href":"https:\/\/abaa.mx\/tienda\/wp-json\/wp\/v2\/comments?post=6915"}],"wp:featuredmedia":[{"embeddable":true,"href":"https:\/\/abaa.mx\/tienda\/wp-json\/wp\/v2\/media\/6937"}],"wp:attachment":[{"href":"https:\/\/abaa.mx\/tienda\/wp-json\/wp\/v2\/media?parent=6915"}],"wp:term":[{"taxonomy":"product_brand","embeddable":true,"href":"https:\/\/abaa.mx\/tienda\/wp-json\/wp\/v2\/product_brand?post=6915"},{"taxonomy":"product_cat","embeddable":true,"href":"https:\/\/abaa.mx\/tienda\/wp-json\/wp\/v2\/product_cat?post=6915"},{"taxonomy":"product_tag","embeddable":true,"href":"https:\/\/abaa.mx\/tienda\/wp-json\/wp\/v2\/product_tag?post=6915"}],"curies":[{"name":"wp","href":"https:\/\/api.w.org\/{rel}","templated":true}]}}