{"id":6913,"date":"2023-10-19T19:58:05","date_gmt":"2023-10-19T19:58:05","guid":{"rendered":"https:\/\/abaa.mx\/tienda\/?post_type=product&#038;p=6913"},"modified":"2023-10-19T19:58:06","modified_gmt":"2023-10-19T19:58:06","slug":"reed-r5320-trazador-de-cables-y-kit-de-prueba-de-circuitos","status":"publish","type":"product","link":"https:\/\/abaa.mx\/tienda\/reed-r5320-trazador-de-cables-y-kit-de-prueba-de-circuitos\/","title":{"rendered":"Reed r5320 trazador de cables y kit de prueba de circuitos"},"content":{"rendered":"<p>Este vers\u00e1til trazador de cables es capaz de identificar y probar una variedad de cables, incluidos RJ45 (Ethernet), RJ11 (tel\u00e9fono) y cualquier otro cable no energizado con el adaptador de pinza de cocodrilo incluido. El kit de prueba de circuitos y trazadores de cables R5320 puede realizar una serie de funciones que incluyen; Identificaci\u00f3n y localizaci\u00f3n de cables, validaci\u00f3n de conexiones de cable\/l\u00ednea, verificaci\u00f3n de la continuidad de la l\u00ednea telef\u00f3nica y polaridad de la l\u00ednea. Tambi\u00e9n cuenta con un detector de voltaje sin contacto incorporado para detectar r\u00e1pidamente el voltaje vivo en los circuitos el\u00e9ctricos que se encuentran en edificios residenciales, comerciales e industriales.<\/p>\n<h5><strong>Funciones<\/strong><\/h5>\n<ul>\n<li>Los modos de prueba incluyen; Identificaci\u00f3n y localizaci\u00f3n de cables, validaci\u00f3n de conexiones de cables\/l\u00edneas, verificaci\u00f3n de la continuidad de las l\u00edneas telef\u00f3nicas\/polaridad de las l\u00edneas<\/li>\n<li>Los adaptadores modulares proporcionan conexi\u00f3n directa al cableado RJ45 y RJ11<\/li>\n<li>El adaptador de pinza de cocodrilo permite una f\u00e1cil conexi\u00f3n a cables no terminados<\/li>\n<li>La rueda de sensibilidad ajustable mejora la identificaci\u00f3n de cables y elimina la detecci\u00f3n falsa<\/li>\n<li>Indicadores visuales (LED parpadeantes) y audibles (zumbador pulsante)<\/li>\n<li>La linterna integrada admite aplicaciones en entornos con poca luz<\/li>\n<li>Detector de voltaje sin contacto incorporado<\/li>\n<li>Conector para auriculares para entornos ruidosos (los auriculares se venden por separado)<\/li>\n<li>Bater\u00edas recargables<\/li>\n<li>Indicador de bater\u00eda baja y apagado autom\u00e1tico<\/li>\n<\/ul>\n<h4>Especificaciones de REED R5320<\/h4>\n<table class=\"table table-striped\">\n<tbody>\n<tr>\n<td>Modos de prueba<\/td>\n<td>RJ45 (Ethernet) Rastreo de cables de red RJ11 (Tel\u00e9fono) Rastreo de l\u00ednea Miscel\u00e1nea Rastreo de l\u00edneas\/cables (usando adaptador RJ11\/pinza de cocodrilo) RJ45 (Ethernet) Validaci\u00f3n<br \/>\nde cables de red RJ11 (Tel\u00e9fono)<br \/>\nValidaci\u00f3n<br \/>\nde<br \/>\nl\u00ednea Detector de<br \/>\ntensi\u00f3n sin contacto<\/td>\n<\/tr>\n<tr>\n<td colspan=\"2\"><strong>Transmisor<\/strong><\/td>\n<\/tr>\n<tr>\n<td>Parpadeo de puertos<\/td>\n<td>El parpadeo de puertos y el seguimiento de cables se pueden activar al mismo tiempo<\/td>\n<\/tr>\n<tr>\n<td>Frecuencia de la se\u00f1al de seguimiento de cables<\/td>\n<td>125kHz<\/td>\n<\/tr>\n<tr>\n<td>Velocidad de prueba<\/td>\n<td>R\u00e1pido (2Hz); Lento (1 Hz)<\/td>\n<\/tr>\n<tr>\n<td>Cable de red<\/td>\n<td>Blindado\/No blindado<\/td>\n<\/tr>\n<tr>\n<td>Prueba de cortocircuito abierto<\/td>\n<td>Carga &lt;9k\u03a9: Carga corta<br \/>\n&gt;17k\u03a9: Abierta<\/td>\n<\/tr>\n<tr>\n<td>Prueba de polaridad abierta<\/td>\n<td>Rango de prueba: CC: 5 a 70 V o -70 a -5 V<\/td>\n<\/tr>\n<tr>\n<td>Protecci\u00f3n de entrada<\/td>\n<td>60VDC<\/td>\n<\/tr>\n<tr>\n<td colspan=\"2\"><strong>Receptor<\/strong><\/td>\n<\/tr>\n<tr>\n<td>Sensibilidad de seguimiento de cables<\/td>\n<td>RJ11 \u22649842&#8242; (3000 m) RJ45 \u2264328&#8242; (100 m)<\/td>\n<\/tr>\n<tr>\n<td>Impedancia de entrada<\/td>\n<td>&gt;100M\u03a9<\/td>\n<\/tr>\n<tr>\n<td colspan=\"2\"><strong>Especificaciones generales<\/strong><\/td>\n<\/tr>\n<tr>\n<td>Modo de se\u00f1al<\/td>\n<td>Se\u00f1al de modulaci\u00f3n (125 kHz)<\/td>\n<\/tr>\n<tr>\n<td>Indicador visual<\/td>\n<td>S\u00ed (LEDs)<\/td>\n<\/tr>\n<tr>\n<td>Indicador audible<\/td>\n<td>S\u00ed (zumbador pulsante)<\/td>\n<\/tr>\n<tr>\n<td>Ajustes de sensibilidad<\/td>\n<td>S\u00ed (Rueda ajustable)<\/td>\n<\/tr>\n<tr>\n<td>Tipo de cable compatible<\/td>\n<td>RJ-11, RJ-45, pinzas de cocodrilo para conexi\u00f3n a cable no terminado<\/td>\n<\/tr>\n<tr>\n<td>Detector de voltaje sin contacto<\/td>\n<td>S\u00ed (40 a 1000 VCA)<\/td>\n<\/tr>\n<tr>\n<td>Conector para auriculares<\/td>\n<td>S\u00ed (3,5 mm)<\/td>\n<\/tr>\n<tr>\n<td>Linterna incorporada<\/td>\n<td>S\u00ed<\/td>\n<\/tr>\n<tr>\n<td>Apagado autom\u00e1tico<\/td>\n<td>Transmisor: S\u00ed (despu\u00e9s de 60 minutos) Receptor: S\u00ed (despu\u00e9s de 10 minutos)<\/td>\n<\/tr>\n<tr>\n<td>Fuente de alimentaci\u00f3n<\/td>\n<td>Bater\u00eda recargable de iones de litio de 1050 mAh<\/td>\n<\/tr>\n<tr>\n<td>Tiempo de carga<\/td>\n<td>Aprox. 2 horas (Micro-USB)<\/td>\n<\/tr>\n<tr>\n<td>Indicador de bater\u00eda baja<\/td>\n<td>S\u00ed<\/td>\n<\/tr>\n<tr>\n<td>Duraci\u00f3n de la bater\u00eda<\/td>\n<td>Transmisor: &gt;8 horas Receptor: &gt;5 horas<\/td>\n<\/tr>\n<tr>\n<td>Temperatura de funcionamiento<\/td>\n<td>De -14 a 122 \u00b0C (de 10 a 50 \u00b0F)<\/td>\n<\/tr>\n<tr>\n<td>Rango de humedad de funcionamiento<\/td>\n<td>Del 20 al 75%<\/td>\n<\/tr>\n<tr>\n<td>Altitud de funcionamiento<\/td>\n<td>&lt;6561&#8242; (2000 m)<\/td>\n<\/tr>\n<tr>\n<td>Certificaciones de productos<\/td>\n<td>CE, RoHS<\/td>\n<\/tr>\n<tr>\n<td>Dimensiones<\/td>\n<td>Transmisor: 5,1 x 2 x 1,1&#8243; (130 x 51 x 28 mm) Receptor: 7,8 x 1,9 x 1,3&#8243; (197 x 48 x 34 mm)<\/td>\n<\/tr>\n<tr>\n<td>Peso<\/td>\n<td>Transmisor: 3,4 oz (95 g) Receptor: 4,5 oz (127 g)<\/td>\n<\/tr>\n<\/tbody>\n<\/table>\n","protected":false},"excerpt":{"rendered":"<p class=\"short-description mhide ipad-view-setting\">El rastreador\/rastreador de l\u00ednea inteligente multiprop\u00f3sito identifica y valida los cables desde la fuente hasta la terminaci\u00f3n de forma r\u00e1pida y precisa.<\/p>\n<p class=\"comment-tag-product\">\n<div class=\"row-fluid\">\n<div class=\"span12 mobile-pricing-box-padding\">\n<form id=\"178766\" accept-charset=\"utf-8\" action=\"https:\/\/www.globaltestsupply.com\/shop\/add\" method=\"post\" name=\"addTocartFunction\">\n<div><\/div>\n<\/form>\n<\/div>\n<\/div>\n","protected":false},"featured_media":6932,"comment_status":"open","ping_status":"closed","template":"","meta":{"_joinchat":[]},"product_brand":[],"product_cat":[15],"product_tag":[],"class_list":{"0":"post-6913","1":"product","2":"type-product","3":"status-publish","4":"has-post-thumbnail","6":"product_cat-sin-categorizar","8":"first","9":"instock","10":"shipping-taxable","11":"product-type-simple"},"yoast_head":"<!-- This site is optimized with the Yoast SEO plugin v26.4 - https:\/\/yoast.com\/wordpress\/plugins\/seo\/ -->\n<title>Reed r5320 trazador de cables y kit de prueba de circuitos - Abaa tienda online<\/title>\n<meta name=\"robots\" content=\"index, follow, max-snippet:-1, max-image-preview:large, max-video-preview:-1\" \/>\n<link rel=\"canonical\" href=\"https:\/\/abaa.mx\/tienda\/reed-r5320-trazador-de-cables-y-kit-de-prueba-de-circuitos\/\" \/>\n<meta property=\"og:locale\" content=\"es_MX\" \/>\n<meta property=\"og:type\" content=\"article\" \/>\n<meta property=\"og:title\" content=\"Reed r5320 trazador de cables y kit de prueba de circuitos - Abaa tienda online\" \/>\n<meta property=\"og:description\" content=\"El rastreador\/rastreador de l\u00ednea inteligente multiprop\u00f3sito identifica y valida los cables desde la fuente hasta la terminaci\u00f3n de forma r\u00e1pida y precisa.\" \/>\n<meta property=\"og:url\" content=\"https:\/\/abaa.mx\/tienda\/reed-r5320-trazador-de-cables-y-kit-de-prueba-de-circuitos\/\" \/>\n<meta property=\"og:site_name\" content=\"Abaa tienda online\" \/>\n<meta property=\"article:modified_time\" content=\"2023-10-19T19:58:06+00:00\" \/>\n<meta property=\"og:image\" content=\"https:\/\/abaa.mx\/tienda\/wp-content\/uploads\/2023\/10\/R5320.jpg\" \/>\n\t<meta property=\"og:image:width\" content=\"474\" \/>\n\t<meta property=\"og:image:height\" content=\"474\" \/>\n\t<meta property=\"og:image:type\" content=\"image\/jpeg\" \/>\n<meta name=\"twitter:card\" content=\"summary_large_image\" \/>\n<meta name=\"twitter:label1\" content=\"Tiempo de lectura\" \/>\n\t<meta name=\"twitter:data1\" content=\"3 minutos\" \/>\n<script type=\"application\/ld+json\" class=\"yoast-schema-graph\">{\"@context\":\"https:\/\/schema.org\",\"@graph\":[{\"@type\":\"WebPage\",\"@id\":\"https:\/\/abaa.mx\/tienda\/reed-r5320-trazador-de-cables-y-kit-de-prueba-de-circuitos\/\",\"url\":\"https:\/\/abaa.mx\/tienda\/reed-r5320-trazador-de-cables-y-kit-de-prueba-de-circuitos\/\",\"name\":\"Reed r5320 trazador de cables y kit de prueba de circuitos - Abaa tienda online\",\"isPartOf\":{\"@id\":\"https:\/\/abaa.mx\/tienda\/#website\"},\"primaryImageOfPage\":{\"@id\":\"https:\/\/abaa.mx\/tienda\/reed-r5320-trazador-de-cables-y-kit-de-prueba-de-circuitos\/#primaryimage\"},\"image\":{\"@id\":\"https:\/\/abaa.mx\/tienda\/reed-r5320-trazador-de-cables-y-kit-de-prueba-de-circuitos\/#primaryimage\"},\"thumbnailUrl\":\"https:\/\/abaa.mx\/tienda\/wp-content\/uploads\/2023\/10\/R5320.jpg\",\"datePublished\":\"2023-10-19T19:58:05+00:00\",\"dateModified\":\"2023-10-19T19:58:06+00:00\",\"breadcrumb\":{\"@id\":\"https:\/\/abaa.mx\/tienda\/reed-r5320-trazador-de-cables-y-kit-de-prueba-de-circuitos\/#breadcrumb\"},\"inLanguage\":\"es\",\"potentialAction\":[{\"@type\":\"ReadAction\",\"target\":[\"https:\/\/abaa.mx\/tienda\/reed-r5320-trazador-de-cables-y-kit-de-prueba-de-circuitos\/\"]}]},{\"@type\":\"ImageObject\",\"inLanguage\":\"es\",\"@id\":\"https:\/\/abaa.mx\/tienda\/reed-r5320-trazador-de-cables-y-kit-de-prueba-de-circuitos\/#primaryimage\",\"url\":\"https:\/\/abaa.mx\/tienda\/wp-content\/uploads\/2023\/10\/R5320.jpg\",\"contentUrl\":\"https:\/\/abaa.mx\/tienda\/wp-content\/uploads\/2023\/10\/R5320.jpg\",\"width\":474,\"height\":474,\"caption\":\"reed-r5320-trazador-de-cables-y-kit-de-prueba-de-circuitos\"},{\"@type\":\"BreadcrumbList\",\"@id\":\"https:\/\/abaa.mx\/tienda\/reed-r5320-trazador-de-cables-y-kit-de-prueba-de-circuitos\/#breadcrumb\",\"itemListElement\":[{\"@type\":\"ListItem\",\"position\":1,\"name\":\"Inicio\",\"item\":\"https:\/\/abaa.mx\/tienda\/\"},{\"@type\":\"ListItem\",\"position\":2,\"name\":\"Tienda\",\"item\":\"https:\/\/abaa.mx\/tienda\/\"},{\"@type\":\"ListItem\",\"position\":3,\"name\":\"Reed r5320 trazador de cables y kit de prueba de circuitos\"}]},{\"@type\":\"WebSite\",\"@id\":\"https:\/\/abaa.mx\/tienda\/#website\",\"url\":\"https:\/\/abaa.mx\/tienda\/\",\"name\":\"Abaa tienda online\",\"description\":\"Instrumentos de medici\u00f3n\",\"publisher\":{\"@id\":\"https:\/\/abaa.mx\/tienda\/#organization\"},\"potentialAction\":[{\"@type\":\"SearchAction\",\"target\":{\"@type\":\"EntryPoint\",\"urlTemplate\":\"https:\/\/abaa.mx\/tienda\/?s={search_term_string}\"},\"query-input\":{\"@type\":\"PropertyValueSpecification\",\"valueRequired\":true,\"valueName\":\"search_term_string\"}}],\"inLanguage\":\"es\"},{\"@type\":\"Organization\",\"@id\":\"https:\/\/abaa.mx\/tienda\/#organization\",\"name\":\"Abaa tienda online\",\"url\":\"https:\/\/abaa.mx\/tienda\/\",\"logo\":{\"@type\":\"ImageObject\",\"inLanguage\":\"es\",\"@id\":\"https:\/\/abaa.mx\/tienda\/#\/schema\/logo\/image\/\",\"url\":\"https:\/\/abaa.mx\/tienda\/wp-content\/uploads\/2024\/01\/abaa-metrologia-tienda.png\",\"contentUrl\":\"https:\/\/abaa.mx\/tienda\/wp-content\/uploads\/2024\/01\/abaa-metrologia-tienda.png\",\"width\":300,\"height\":141,\"caption\":\"Abaa tienda online\"},\"image\":{\"@id\":\"https:\/\/abaa.mx\/tienda\/#\/schema\/logo\/image\/\"}}]}<\/script>\n<!-- \/ Yoast SEO plugin. -->","yoast_head_json":{"title":"Reed r5320 trazador de cables y kit de prueba de circuitos - Abaa tienda online","robots":{"index":"index","follow":"follow","max-snippet":"max-snippet:-1","max-image-preview":"max-image-preview:large","max-video-preview":"max-video-preview:-1"},"canonical":"https:\/\/abaa.mx\/tienda\/reed-r5320-trazador-de-cables-y-kit-de-prueba-de-circuitos\/","og_locale":"es_MX","og_type":"article","og_title":"Reed r5320 trazador de cables y kit de prueba de circuitos - Abaa tienda online","og_description":"El rastreador\/rastreador de l\u00ednea inteligente multiprop\u00f3sito identifica y valida los cables desde la fuente hasta la terminaci\u00f3n de forma r\u00e1pida y precisa.","og_url":"https:\/\/abaa.mx\/tienda\/reed-r5320-trazador-de-cables-y-kit-de-prueba-de-circuitos\/","og_site_name":"Abaa tienda online","article_modified_time":"2023-10-19T19:58:06+00:00","og_image":[{"width":474,"height":474,"url":"https:\/\/abaa.mx\/tienda\/wp-content\/uploads\/2023\/10\/R5320.jpg","type":"image\/jpeg"}],"twitter_card":"summary_large_image","twitter_misc":{"Tiempo de lectura":"3 minutos"},"schema":{"@context":"https:\/\/schema.org","@graph":[{"@type":"WebPage","@id":"https:\/\/abaa.mx\/tienda\/reed-r5320-trazador-de-cables-y-kit-de-prueba-de-circuitos\/","url":"https:\/\/abaa.mx\/tienda\/reed-r5320-trazador-de-cables-y-kit-de-prueba-de-circuitos\/","name":"Reed r5320 trazador de cables y kit de prueba de circuitos - Abaa tienda online","isPartOf":{"@id":"https:\/\/abaa.mx\/tienda\/#website"},"primaryImageOfPage":{"@id":"https:\/\/abaa.mx\/tienda\/reed-r5320-trazador-de-cables-y-kit-de-prueba-de-circuitos\/#primaryimage"},"image":{"@id":"https:\/\/abaa.mx\/tienda\/reed-r5320-trazador-de-cables-y-kit-de-prueba-de-circuitos\/#primaryimage"},"thumbnailUrl":"https:\/\/abaa.mx\/tienda\/wp-content\/uploads\/2023\/10\/R5320.jpg","datePublished":"2023-10-19T19:58:05+00:00","dateModified":"2023-10-19T19:58:06+00:00","breadcrumb":{"@id":"https:\/\/abaa.mx\/tienda\/reed-r5320-trazador-de-cables-y-kit-de-prueba-de-circuitos\/#breadcrumb"},"inLanguage":"es","potentialAction":[{"@type":"ReadAction","target":["https:\/\/abaa.mx\/tienda\/reed-r5320-trazador-de-cables-y-kit-de-prueba-de-circuitos\/"]}]},{"@type":"ImageObject","inLanguage":"es","@id":"https:\/\/abaa.mx\/tienda\/reed-r5320-trazador-de-cables-y-kit-de-prueba-de-circuitos\/#primaryimage","url":"https:\/\/abaa.mx\/tienda\/wp-content\/uploads\/2023\/10\/R5320.jpg","contentUrl":"https:\/\/abaa.mx\/tienda\/wp-content\/uploads\/2023\/10\/R5320.jpg","width":474,"height":474,"caption":"reed-r5320-trazador-de-cables-y-kit-de-prueba-de-circuitos"},{"@type":"BreadcrumbList","@id":"https:\/\/abaa.mx\/tienda\/reed-r5320-trazador-de-cables-y-kit-de-prueba-de-circuitos\/#breadcrumb","itemListElement":[{"@type":"ListItem","position":1,"name":"Inicio","item":"https:\/\/abaa.mx\/tienda\/"},{"@type":"ListItem","position":2,"name":"Tienda","item":"https:\/\/abaa.mx\/tienda\/"},{"@type":"ListItem","position":3,"name":"Reed r5320 trazador de cables y kit de prueba de circuitos"}]},{"@type":"WebSite","@id":"https:\/\/abaa.mx\/tienda\/#website","url":"https:\/\/abaa.mx\/tienda\/","name":"Abaa tienda online","description":"Instrumentos de medici\u00f3n","publisher":{"@id":"https:\/\/abaa.mx\/tienda\/#organization"},"potentialAction":[{"@type":"SearchAction","target":{"@type":"EntryPoint","urlTemplate":"https:\/\/abaa.mx\/tienda\/?s={search_term_string}"},"query-input":{"@type":"PropertyValueSpecification","valueRequired":true,"valueName":"search_term_string"}}],"inLanguage":"es"},{"@type":"Organization","@id":"https:\/\/abaa.mx\/tienda\/#organization","name":"Abaa tienda online","url":"https:\/\/abaa.mx\/tienda\/","logo":{"@type":"ImageObject","inLanguage":"es","@id":"https:\/\/abaa.mx\/tienda\/#\/schema\/logo\/image\/","url":"https:\/\/abaa.mx\/tienda\/wp-content\/uploads\/2024\/01\/abaa-metrologia-tienda.png","contentUrl":"https:\/\/abaa.mx\/tienda\/wp-content\/uploads\/2024\/01\/abaa-metrologia-tienda.png","width":300,"height":141,"caption":"Abaa tienda online"},"image":{"@id":"https:\/\/abaa.mx\/tienda\/#\/schema\/logo\/image\/"}}]}},"_links":{"self":[{"href":"https:\/\/abaa.mx\/tienda\/wp-json\/wp\/v2\/product\/6913","targetHints":{"allow":["GET"]}}],"collection":[{"href":"https:\/\/abaa.mx\/tienda\/wp-json\/wp\/v2\/product"}],"about":[{"href":"https:\/\/abaa.mx\/tienda\/wp-json\/wp\/v2\/types\/product"}],"replies":[{"embeddable":true,"href":"https:\/\/abaa.mx\/tienda\/wp-json\/wp\/v2\/comments?post=6913"}],"wp:featuredmedia":[{"embeddable":true,"href":"https:\/\/abaa.mx\/tienda\/wp-json\/wp\/v2\/media\/6932"}],"wp:attachment":[{"href":"https:\/\/abaa.mx\/tienda\/wp-json\/wp\/v2\/media?parent=6913"}],"wp:term":[{"taxonomy":"product_brand","embeddable":true,"href":"https:\/\/abaa.mx\/tienda\/wp-json\/wp\/v2\/product_brand?post=6913"},{"taxonomy":"product_cat","embeddable":true,"href":"https:\/\/abaa.mx\/tienda\/wp-json\/wp\/v2\/product_cat?post=6913"},{"taxonomy":"product_tag","embeddable":true,"href":"https:\/\/abaa.mx\/tienda\/wp-json\/wp\/v2\/product_tag?post=6913"}],"curies":[{"name":"wp","href":"https:\/\/api.w.org\/{rel}","templated":true}]}}