{"id":6904,"date":"2023-10-19T19:52:49","date_gmt":"2023-10-19T19:52:49","guid":{"rendered":"https:\/\/abaa.mx\/tienda\/?post_type=product&#038;p=6904"},"modified":"2023-12-20T16:12:15","modified_gmt":"2023-12-20T16:12:15","slug":"manometro-digital-ametek-crystal-xp2i-de-0-a-30-psi","status":"publish","type":"product","link":"https:\/\/abaa.mx\/tienda\/manometro-digital-ametek-crystal-xp2i-de-0-a-30-psi\/","title":{"rendered":"Ex355 &#8211; multimetro con 12 funciones + vsc"},"content":{"rendered":"<p>Ex355 &#8211; multimetro con 12 funciones + vsc.<\/p>\n","protected":false},"excerpt":{"rendered":"<h3>Caracter\u00edsticas:<\/h3>\n<ul>\n<li>Mediciones de verdadero valor eficaz para mediciones precisas de CA.<\/li>\n<li>Pantalla LCD retroiluminada de 6000 conteos.<\/li>\n<li>La funci\u00f3n de baja impedancia (LoZ) previene las lecturas falsas provocadas por los voltajes fantasmas.<\/li>\n<li>Filtro de paso bajo (FPB) para mediciones precisas de las se\u00f1ales de un variador de frecuencia.<\/li>\n<li>Detector de voltaje sin contacto integrado (VSC) con indicador LED.<\/li>\n<li>Las siguientes son algunas de las funciones: Voltaje sin contacto, voltaje de CA\/CC, corriente CA\/CC, resistencia, capacitancia, frecuencia, temperatura de tipo K, ciclo de trabajo, prueba de diodo, continuidad.<\/li>\n<li>Retenci\u00f3n de datos, m\u00edn.\/m\u00e1x. y m\u00e1x.\/m\u00edn., apagado autom\u00e1tico.<\/li>\n<li>Modo relativo para capacitancia cero y ajuste de compensaci\u00f3n.<\/li>\n<li>Incluye conductores de prueba, dos bater\u00edas AAA y sonda de temperatura de cable en espiral de uso general.<\/li>\n<\/ul>\n","protected":false},"featured_media":9929,"comment_status":"open","ping_status":"closed","template":"","meta":{"_joinchat":[]},"product_brand":[],"product_cat":[15],"product_tag":[],"class_list":{"0":"post-6904","1":"product","2":"type-product","3":"status-publish","4":"has-post-thumbnail","6":"product_cat-sin-categorizar","8":"first","9":"instock","10":"shipping-taxable","11":"product-type-simple"},"yoast_head":"<!-- This site is optimized with the Yoast SEO plugin v26.4 - https:\/\/yoast.com\/wordpress\/plugins\/seo\/ -->\n<title>Ex355 - multimetro con 12 funciones + vsc - Abaa tienda online<\/title>\n<meta name=\"robots\" content=\"index, follow, max-snippet:-1, max-image-preview:large, max-video-preview:-1\" \/>\n<link rel=\"canonical\" href=\"https:\/\/abaa.mx\/tienda\/manometro-digital-ametek-crystal-xp2i-de-0-a-30-psi\/\" \/>\n<meta property=\"og:locale\" content=\"es_MX\" \/>\n<meta property=\"og:type\" content=\"article\" \/>\n<meta property=\"og:title\" content=\"Ex355 - multimetro con 12 funciones + vsc - Abaa tienda online\" \/>\n<meta property=\"og:description\" content=\"Caracter\u00edsticas:   Mediciones de verdadero valor eficaz para mediciones precisas de CA.  Pantalla LCD retroiluminada de 6000 conteos.  La funci\u00f3n de baja impedancia (LoZ) previene las lecturas falsas provocadas por los voltajes fantasmas.  Filtro de paso bajo (FPB) para mediciones precisas de las se\u00f1ales de un variador de frecuencia.  Detector de voltaje sin contacto integrado (VSC) con indicador LED.  Las siguientes son algunas de las funciones: Voltaje sin contacto, voltaje de CA\/CC, corriente CA\/CC, resistencia, capacitancia, frecuencia, temperatura de tipo K, ciclo de trabajo, prueba de diodo, continuidad.  Retenci\u00f3n de datos, m\u00edn.\/m\u00e1x. y m\u00e1x.\/m\u00edn., apagado autom\u00e1tico.  Modo relativo para capacitancia cero y ajuste de compensaci\u00f3n.  Incluye conductores de prueba, dos bater\u00edas AAA y sonda de temperatura de cable en espiral de uso general.\" \/>\n<meta property=\"og:url\" content=\"https:\/\/abaa.mx\/tienda\/manometro-digital-ametek-crystal-xp2i-de-0-a-30-psi\/\" \/>\n<meta property=\"og:site_name\" content=\"Abaa tienda online\" \/>\n<meta property=\"article:modified_time\" content=\"2023-12-20T16:12:15+00:00\" \/>\n<meta property=\"og:image\" content=\"https:\/\/abaa.mx\/tienda\/wp-content\/uploads\/2023\/10\/EXTECH-EX355-1.jpg\" \/>\n\t<meta property=\"og:image:width\" content=\"429\" \/>\n\t<meta property=\"og:image:height\" content=\"632\" \/>\n\t<meta property=\"og:image:type\" content=\"image\/jpeg\" \/>\n<meta name=\"twitter:card\" content=\"summary_large_image\" \/>\n<meta name=\"twitter:label1\" content=\"Tiempo de lectura\" \/>\n\t<meta name=\"twitter:data1\" content=\"1 minuto\" \/>\n<script type=\"application\/ld+json\" class=\"yoast-schema-graph\">{\"@context\":\"https:\/\/schema.org\",\"@graph\":[{\"@type\":\"WebPage\",\"@id\":\"https:\/\/abaa.mx\/tienda\/manometro-digital-ametek-crystal-xp2i-de-0-a-30-psi\/\",\"url\":\"https:\/\/abaa.mx\/tienda\/manometro-digital-ametek-crystal-xp2i-de-0-a-30-psi\/\",\"name\":\"Ex355 - multimetro con 12 funciones + vsc - Abaa tienda online\",\"isPartOf\":{\"@id\":\"https:\/\/abaa.mx\/tienda\/#website\"},\"primaryImageOfPage\":{\"@id\":\"https:\/\/abaa.mx\/tienda\/manometro-digital-ametek-crystal-xp2i-de-0-a-30-psi\/#primaryimage\"},\"image\":{\"@id\":\"https:\/\/abaa.mx\/tienda\/manometro-digital-ametek-crystal-xp2i-de-0-a-30-psi\/#primaryimage\"},\"thumbnailUrl\":\"https:\/\/abaa.mx\/tienda\/wp-content\/uploads\/2023\/10\/EXTECH-EX355-1.jpg\",\"datePublished\":\"2023-10-19T19:52:49+00:00\",\"dateModified\":\"2023-12-20T16:12:15+00:00\",\"breadcrumb\":{\"@id\":\"https:\/\/abaa.mx\/tienda\/manometro-digital-ametek-crystal-xp2i-de-0-a-30-psi\/#breadcrumb\"},\"inLanguage\":\"es\",\"potentialAction\":[{\"@type\":\"ReadAction\",\"target\":[\"https:\/\/abaa.mx\/tienda\/manometro-digital-ametek-crystal-xp2i-de-0-a-30-psi\/\"]}]},{\"@type\":\"ImageObject\",\"inLanguage\":\"es\",\"@id\":\"https:\/\/abaa.mx\/tienda\/manometro-digital-ametek-crystal-xp2i-de-0-a-30-psi\/#primaryimage\",\"url\":\"https:\/\/abaa.mx\/tienda\/wp-content\/uploads\/2023\/10\/EXTECH-EX355-1.jpg\",\"contentUrl\":\"https:\/\/abaa.mx\/tienda\/wp-content\/uploads\/2023\/10\/EXTECH-EX355-1.jpg\",\"width\":429,\"height\":632,\"caption\":\"EXTECH-EX355\"},{\"@type\":\"BreadcrumbList\",\"@id\":\"https:\/\/abaa.mx\/tienda\/manometro-digital-ametek-crystal-xp2i-de-0-a-30-psi\/#breadcrumb\",\"itemListElement\":[{\"@type\":\"ListItem\",\"position\":1,\"name\":\"Inicio\",\"item\":\"https:\/\/abaa.mx\/tienda\/\"},{\"@type\":\"ListItem\",\"position\":2,\"name\":\"Tienda\",\"item\":\"https:\/\/abaa.mx\/tienda\/\"},{\"@type\":\"ListItem\",\"position\":3,\"name\":\"Ex355 &#8211; multimetro con 12 funciones + vsc\"}]},{\"@type\":\"WebSite\",\"@id\":\"https:\/\/abaa.mx\/tienda\/#website\",\"url\":\"https:\/\/abaa.mx\/tienda\/\",\"name\":\"Abaa tienda online\",\"description\":\"Instrumentos de medici\u00f3n\",\"publisher\":{\"@id\":\"https:\/\/abaa.mx\/tienda\/#organization\"},\"potentialAction\":[{\"@type\":\"SearchAction\",\"target\":{\"@type\":\"EntryPoint\",\"urlTemplate\":\"https:\/\/abaa.mx\/tienda\/?s={search_term_string}\"},\"query-input\":{\"@type\":\"PropertyValueSpecification\",\"valueRequired\":true,\"valueName\":\"search_term_string\"}}],\"inLanguage\":\"es\"},{\"@type\":\"Organization\",\"@id\":\"https:\/\/abaa.mx\/tienda\/#organization\",\"name\":\"Abaa tienda online\",\"url\":\"https:\/\/abaa.mx\/tienda\/\",\"logo\":{\"@type\":\"ImageObject\",\"inLanguage\":\"es\",\"@id\":\"https:\/\/abaa.mx\/tienda\/#\/schema\/logo\/image\/\",\"url\":\"https:\/\/abaa.mx\/tienda\/wp-content\/uploads\/2024\/01\/abaa-metrologia-tienda.png\",\"contentUrl\":\"https:\/\/abaa.mx\/tienda\/wp-content\/uploads\/2024\/01\/abaa-metrologia-tienda.png\",\"width\":300,\"height\":141,\"caption\":\"Abaa tienda online\"},\"image\":{\"@id\":\"https:\/\/abaa.mx\/tienda\/#\/schema\/logo\/image\/\"}}]}<\/script>\n<!-- \/ Yoast SEO plugin. -->","yoast_head_json":{"title":"Ex355 - multimetro con 12 funciones + vsc - Abaa tienda online","robots":{"index":"index","follow":"follow","max-snippet":"max-snippet:-1","max-image-preview":"max-image-preview:large","max-video-preview":"max-video-preview:-1"},"canonical":"https:\/\/abaa.mx\/tienda\/manometro-digital-ametek-crystal-xp2i-de-0-a-30-psi\/","og_locale":"es_MX","og_type":"article","og_title":"Ex355 - multimetro con 12 funciones + vsc - Abaa tienda online","og_description":"Caracter\u00edsticas:   Mediciones de verdadero valor eficaz para mediciones precisas de CA.  Pantalla LCD retroiluminada de 6000 conteos.  La funci\u00f3n de baja impedancia (LoZ) previene las lecturas falsas provocadas por los voltajes fantasmas.  Filtro de paso bajo (FPB) para mediciones precisas de las se\u00f1ales de un variador de frecuencia.  Detector de voltaje sin contacto integrado (VSC) con indicador LED.  Las siguientes son algunas de las funciones: Voltaje sin contacto, voltaje de CA\/CC, corriente CA\/CC, resistencia, capacitancia, frecuencia, temperatura de tipo K, ciclo de trabajo, prueba de diodo, continuidad.  Retenci\u00f3n de datos, m\u00edn.\/m\u00e1x. y m\u00e1x.\/m\u00edn., apagado autom\u00e1tico.  Modo relativo para capacitancia cero y ajuste de compensaci\u00f3n.  Incluye conductores de prueba, dos bater\u00edas AAA y sonda de temperatura de cable en espiral de uso general.","og_url":"https:\/\/abaa.mx\/tienda\/manometro-digital-ametek-crystal-xp2i-de-0-a-30-psi\/","og_site_name":"Abaa tienda online","article_modified_time":"2023-12-20T16:12:15+00:00","og_image":[{"width":429,"height":632,"url":"https:\/\/abaa.mx\/tienda\/wp-content\/uploads\/2023\/10\/EXTECH-EX355-1.jpg","type":"image\/jpeg"}],"twitter_card":"summary_large_image","twitter_misc":{"Tiempo de lectura":"1 minuto"},"schema":{"@context":"https:\/\/schema.org","@graph":[{"@type":"WebPage","@id":"https:\/\/abaa.mx\/tienda\/manometro-digital-ametek-crystal-xp2i-de-0-a-30-psi\/","url":"https:\/\/abaa.mx\/tienda\/manometro-digital-ametek-crystal-xp2i-de-0-a-30-psi\/","name":"Ex355 - multimetro con 12 funciones + vsc - Abaa tienda online","isPartOf":{"@id":"https:\/\/abaa.mx\/tienda\/#website"},"primaryImageOfPage":{"@id":"https:\/\/abaa.mx\/tienda\/manometro-digital-ametek-crystal-xp2i-de-0-a-30-psi\/#primaryimage"},"image":{"@id":"https:\/\/abaa.mx\/tienda\/manometro-digital-ametek-crystal-xp2i-de-0-a-30-psi\/#primaryimage"},"thumbnailUrl":"https:\/\/abaa.mx\/tienda\/wp-content\/uploads\/2023\/10\/EXTECH-EX355-1.jpg","datePublished":"2023-10-19T19:52:49+00:00","dateModified":"2023-12-20T16:12:15+00:00","breadcrumb":{"@id":"https:\/\/abaa.mx\/tienda\/manometro-digital-ametek-crystal-xp2i-de-0-a-30-psi\/#breadcrumb"},"inLanguage":"es","potentialAction":[{"@type":"ReadAction","target":["https:\/\/abaa.mx\/tienda\/manometro-digital-ametek-crystal-xp2i-de-0-a-30-psi\/"]}]},{"@type":"ImageObject","inLanguage":"es","@id":"https:\/\/abaa.mx\/tienda\/manometro-digital-ametek-crystal-xp2i-de-0-a-30-psi\/#primaryimage","url":"https:\/\/abaa.mx\/tienda\/wp-content\/uploads\/2023\/10\/EXTECH-EX355-1.jpg","contentUrl":"https:\/\/abaa.mx\/tienda\/wp-content\/uploads\/2023\/10\/EXTECH-EX355-1.jpg","width":429,"height":632,"caption":"EXTECH-EX355"},{"@type":"BreadcrumbList","@id":"https:\/\/abaa.mx\/tienda\/manometro-digital-ametek-crystal-xp2i-de-0-a-30-psi\/#breadcrumb","itemListElement":[{"@type":"ListItem","position":1,"name":"Inicio","item":"https:\/\/abaa.mx\/tienda\/"},{"@type":"ListItem","position":2,"name":"Tienda","item":"https:\/\/abaa.mx\/tienda\/"},{"@type":"ListItem","position":3,"name":"Ex355 &#8211; multimetro con 12 funciones + vsc"}]},{"@type":"WebSite","@id":"https:\/\/abaa.mx\/tienda\/#website","url":"https:\/\/abaa.mx\/tienda\/","name":"Abaa tienda online","description":"Instrumentos de medici\u00f3n","publisher":{"@id":"https:\/\/abaa.mx\/tienda\/#organization"},"potentialAction":[{"@type":"SearchAction","target":{"@type":"EntryPoint","urlTemplate":"https:\/\/abaa.mx\/tienda\/?s={search_term_string}"},"query-input":{"@type":"PropertyValueSpecification","valueRequired":true,"valueName":"search_term_string"}}],"inLanguage":"es"},{"@type":"Organization","@id":"https:\/\/abaa.mx\/tienda\/#organization","name":"Abaa tienda online","url":"https:\/\/abaa.mx\/tienda\/","logo":{"@type":"ImageObject","inLanguage":"es","@id":"https:\/\/abaa.mx\/tienda\/#\/schema\/logo\/image\/","url":"https:\/\/abaa.mx\/tienda\/wp-content\/uploads\/2024\/01\/abaa-metrologia-tienda.png","contentUrl":"https:\/\/abaa.mx\/tienda\/wp-content\/uploads\/2024\/01\/abaa-metrologia-tienda.png","width":300,"height":141,"caption":"Abaa tienda online"},"image":{"@id":"https:\/\/abaa.mx\/tienda\/#\/schema\/logo\/image\/"}}]}},"_links":{"self":[{"href":"https:\/\/abaa.mx\/tienda\/wp-json\/wp\/v2\/product\/6904","targetHints":{"allow":["GET"]}}],"collection":[{"href":"https:\/\/abaa.mx\/tienda\/wp-json\/wp\/v2\/product"}],"about":[{"href":"https:\/\/abaa.mx\/tienda\/wp-json\/wp\/v2\/types\/product"}],"replies":[{"embeddable":true,"href":"https:\/\/abaa.mx\/tienda\/wp-json\/wp\/v2\/comments?post=6904"}],"wp:featuredmedia":[{"embeddable":true,"href":"https:\/\/abaa.mx\/tienda\/wp-json\/wp\/v2\/media\/9929"}],"wp:attachment":[{"href":"https:\/\/abaa.mx\/tienda\/wp-json\/wp\/v2\/media?parent=6904"}],"wp:term":[{"taxonomy":"product_brand","embeddable":true,"href":"https:\/\/abaa.mx\/tienda\/wp-json\/wp\/v2\/product_brand?post=6904"},{"taxonomy":"product_cat","embeddable":true,"href":"https:\/\/abaa.mx\/tienda\/wp-json\/wp\/v2\/product_cat?post=6904"},{"taxonomy":"product_tag","embeddable":true,"href":"https:\/\/abaa.mx\/tienda\/wp-json\/wp\/v2\/product_tag?post=6904"}],"curies":[{"name":"wp","href":"https:\/\/api.w.org\/{rel}","templated":true}]}}