{"id":6876,"date":"2023-10-19T17:48:57","date_gmt":"2023-10-19T17:48:57","guid":{"rendered":"https:\/\/abaa.mx\/tienda\/?post_type=product&#038;p=6876"},"modified":"2023-12-13T20:45:44","modified_gmt":"2023-12-13T20:45:44","slug":"tkg250-medidor-de-grosor-digital-ultrasonico-datalogger-con-onda-de-color","status":"publish","type":"product","link":"https:\/\/abaa.mx\/tienda\/tkg250-medidor-de-grosor-digital-ultrasonico-datalogger-con-onda-de-color\/","title":{"rendered":"Tkg250-medidor de grosor digital ultras\u00f3nico-datalogger con onda de color"},"content":{"rendered":"<p>Tkg250-medidor de grosor digital ultras\u00f3nico-datalogger con onda de color<\/p>\n","protected":false},"excerpt":{"rendered":"<p><strong>Caracter\u00edsticas:<\/strong><\/p>\n<ul>\n<li>Amplio rango de medici\u00f3n.<\/li>\n<li>Sonda de 5MHz: 0.040&#8243; a 20&#8243; de acero.<\/li>\n<li>Sonda de 10 MHz: 0,030&#8243; a 2&#8243; de acero (opcional).<\/li>\n<li>Pantalla LCD a color con indicaci\u00f3n de alarma visual roja, amarilla y verde.<\/li>\n<li>Datalogger interno de 100K con exportaci\u00f3n a Excel.<\/li>\n<li>Opci\u00f3n Echo to Echo para reducir los errores de recubrimiento.<\/li>\n<li>Funci\u00f3n de comparaci\u00f3n de archivos como monitor de corrosi\u00f3n en tiempo real.<\/li>\n<li>Forma de onda en vivo (A-scan para verificaci\u00f3n de espesor).<\/li>\n<li>B-scan (secci\u00f3n transversal visual de la pieza de prueba).<\/li>\n<li>Vibra en alarma.<\/li>\n<li>M\u00faltiples opciones de transductores para alta temperatura y materiales dif\u00edciles de medir.<\/li>\n<li>Completo con funda protectora, botella de 2 oz de acoplante, 2 bater\u00edas AA, transductor de 5 MHz, estuche r\u00edgido, cable USB y software XPorter.<\/li>\n<li>Funci\u00f3n m\u00ednima r\u00e1pida para capturar espesores m\u00ednimos.<\/li>\n<\/ul>\n","protected":false},"featured_media":9832,"comment_status":"open","ping_status":"closed","template":"","meta":{"_joinchat":[]},"product_brand":[],"product_cat":[15],"product_tag":[],"class_list":{"0":"post-6876","1":"product","2":"type-product","3":"status-publish","4":"has-post-thumbnail","6":"product_cat-sin-categorizar","8":"first","9":"instock","10":"shipping-taxable","11":"product-type-simple"},"yoast_head":"<!-- This site is optimized with the Yoast SEO plugin v26.4 - https:\/\/yoast.com\/wordpress\/plugins\/seo\/ -->\n<title>Tkg250-medidor de grosor digital ultras\u00f3nico-datalogger con onda de color - Abaa tienda online<\/title>\n<meta name=\"robots\" content=\"index, follow, max-snippet:-1, max-image-preview:large, max-video-preview:-1\" \/>\n<link rel=\"canonical\" href=\"https:\/\/abaa.mx\/tienda\/tkg250-medidor-de-grosor-digital-ultrasonico-datalogger-con-onda-de-color\/\" \/>\n<meta property=\"og:locale\" content=\"es_MX\" \/>\n<meta property=\"og:type\" content=\"article\" \/>\n<meta property=\"og:title\" content=\"Tkg250-medidor de grosor digital ultras\u00f3nico-datalogger con onda de color - Abaa tienda online\" \/>\n<meta property=\"og:description\" content=\"Caracter\u00edsticas:   Amplio rango de medici\u00f3n.  Sonda de 5MHz: 0.040&quot; a 20&quot; de acero.  Sonda de 10 MHz: 0,030&quot; a 2&quot; de acero (opcional).  Pantalla LCD a color con indicaci\u00f3n de alarma visual roja, amarilla y verde.  Datalogger interno de 100K con exportaci\u00f3n a Excel.  Opci\u00f3n Echo to Echo para reducir los errores de recubrimiento.  Funci\u00f3n de comparaci\u00f3n de archivos como monitor de corrosi\u00f3n en tiempo real.  Forma de onda en vivo (A-scan para verificaci\u00f3n de espesor).  B-scan (secci\u00f3n transversal visual de la pieza de prueba).  Vibra en alarma.  M\u00faltiples opciones de transductores para alta temperatura y materiales dif\u00edciles de medir.  Completo con funda protectora, botella de 2 oz de acoplante, 2 bater\u00edas AA, transductor de 5 MHz, estuche r\u00edgido, cable USB y software XPorter.  Funci\u00f3n m\u00ednima r\u00e1pida para capturar espesores m\u00ednimos.\" \/>\n<meta property=\"og:url\" content=\"https:\/\/abaa.mx\/tienda\/tkg250-medidor-de-grosor-digital-ultrasonico-datalogger-con-onda-de-color\/\" \/>\n<meta property=\"og:site_name\" content=\"Abaa tienda online\" \/>\n<meta property=\"article:modified_time\" content=\"2023-12-13T20:45:44+00:00\" \/>\n<meta property=\"og:image\" content=\"https:\/\/abaa.mx\/tienda\/wp-content\/uploads\/2023\/10\/Datalogger-TKG250.jpg\" \/>\n\t<meta property=\"og:image:width\" content=\"1024\" \/>\n\t<meta property=\"og:image:height\" content=\"1024\" \/>\n\t<meta property=\"og:image:type\" content=\"image\/jpeg\" \/>\n<meta name=\"twitter:card\" content=\"summary_large_image\" \/>\n<meta name=\"twitter:label1\" content=\"Tiempo de lectura\" \/>\n\t<meta name=\"twitter:data1\" content=\"1 minuto\" \/>\n<script type=\"application\/ld+json\" class=\"yoast-schema-graph\">{\"@context\":\"https:\/\/schema.org\",\"@graph\":[{\"@type\":\"WebPage\",\"@id\":\"https:\/\/abaa.mx\/tienda\/tkg250-medidor-de-grosor-digital-ultrasonico-datalogger-con-onda-de-color\/\",\"url\":\"https:\/\/abaa.mx\/tienda\/tkg250-medidor-de-grosor-digital-ultrasonico-datalogger-con-onda-de-color\/\",\"name\":\"Tkg250-medidor de grosor digital ultras\u00f3nico-datalogger con onda de color - Abaa tienda online\",\"isPartOf\":{\"@id\":\"https:\/\/abaa.mx\/tienda\/#website\"},\"primaryImageOfPage\":{\"@id\":\"https:\/\/abaa.mx\/tienda\/tkg250-medidor-de-grosor-digital-ultrasonico-datalogger-con-onda-de-color\/#primaryimage\"},\"image\":{\"@id\":\"https:\/\/abaa.mx\/tienda\/tkg250-medidor-de-grosor-digital-ultrasonico-datalogger-con-onda-de-color\/#primaryimage\"},\"thumbnailUrl\":\"https:\/\/abaa.mx\/tienda\/wp-content\/uploads\/2023\/10\/Datalogger-TKG250.jpg\",\"datePublished\":\"2023-10-19T17:48:57+00:00\",\"dateModified\":\"2023-12-13T20:45:44+00:00\",\"breadcrumb\":{\"@id\":\"https:\/\/abaa.mx\/tienda\/tkg250-medidor-de-grosor-digital-ultrasonico-datalogger-con-onda-de-color\/#breadcrumb\"},\"inLanguage\":\"es\",\"potentialAction\":[{\"@type\":\"ReadAction\",\"target\":[\"https:\/\/abaa.mx\/tienda\/tkg250-medidor-de-grosor-digital-ultrasonico-datalogger-con-onda-de-color\/\"]}]},{\"@type\":\"ImageObject\",\"inLanguage\":\"es\",\"@id\":\"https:\/\/abaa.mx\/tienda\/tkg250-medidor-de-grosor-digital-ultrasonico-datalogger-con-onda-de-color\/#primaryimage\",\"url\":\"https:\/\/abaa.mx\/tienda\/wp-content\/uploads\/2023\/10\/Datalogger-TKG250.jpg\",\"contentUrl\":\"https:\/\/abaa.mx\/tienda\/wp-content\/uploads\/2023\/10\/Datalogger-TKG250.jpg\",\"width\":1024,\"height\":1024,\"caption\":\"Datalogger TKG250\"},{\"@type\":\"BreadcrumbList\",\"@id\":\"https:\/\/abaa.mx\/tienda\/tkg250-medidor-de-grosor-digital-ultrasonico-datalogger-con-onda-de-color\/#breadcrumb\",\"itemListElement\":[{\"@type\":\"ListItem\",\"position\":1,\"name\":\"Inicio\",\"item\":\"https:\/\/abaa.mx\/tienda\/\"},{\"@type\":\"ListItem\",\"position\":2,\"name\":\"Tienda\",\"item\":\"https:\/\/abaa.mx\/tienda\/\"},{\"@type\":\"ListItem\",\"position\":3,\"name\":\"Tkg250-medidor de grosor digital ultras\u00f3nico-datalogger con onda de color\"}]},{\"@type\":\"WebSite\",\"@id\":\"https:\/\/abaa.mx\/tienda\/#website\",\"url\":\"https:\/\/abaa.mx\/tienda\/\",\"name\":\"Abaa tienda online\",\"description\":\"Instrumentos de medici\u00f3n\",\"publisher\":{\"@id\":\"https:\/\/abaa.mx\/tienda\/#organization\"},\"potentialAction\":[{\"@type\":\"SearchAction\",\"target\":{\"@type\":\"EntryPoint\",\"urlTemplate\":\"https:\/\/abaa.mx\/tienda\/?s={search_term_string}\"},\"query-input\":{\"@type\":\"PropertyValueSpecification\",\"valueRequired\":true,\"valueName\":\"search_term_string\"}}],\"inLanguage\":\"es\"},{\"@type\":\"Organization\",\"@id\":\"https:\/\/abaa.mx\/tienda\/#organization\",\"name\":\"Abaa tienda online\",\"url\":\"https:\/\/abaa.mx\/tienda\/\",\"logo\":{\"@type\":\"ImageObject\",\"inLanguage\":\"es\",\"@id\":\"https:\/\/abaa.mx\/tienda\/#\/schema\/logo\/image\/\",\"url\":\"https:\/\/abaa.mx\/tienda\/wp-content\/uploads\/2024\/01\/abaa-metrologia-tienda.png\",\"contentUrl\":\"https:\/\/abaa.mx\/tienda\/wp-content\/uploads\/2024\/01\/abaa-metrologia-tienda.png\",\"width\":300,\"height\":141,\"caption\":\"Abaa tienda online\"},\"image\":{\"@id\":\"https:\/\/abaa.mx\/tienda\/#\/schema\/logo\/image\/\"}}]}<\/script>\n<!-- \/ Yoast SEO plugin. -->","yoast_head_json":{"title":"Tkg250-medidor de grosor digital ultras\u00f3nico-datalogger con onda de color - Abaa tienda online","robots":{"index":"index","follow":"follow","max-snippet":"max-snippet:-1","max-image-preview":"max-image-preview:large","max-video-preview":"max-video-preview:-1"},"canonical":"https:\/\/abaa.mx\/tienda\/tkg250-medidor-de-grosor-digital-ultrasonico-datalogger-con-onda-de-color\/","og_locale":"es_MX","og_type":"article","og_title":"Tkg250-medidor de grosor digital ultras\u00f3nico-datalogger con onda de color - Abaa tienda online","og_description":"Caracter\u00edsticas:   Amplio rango de medici\u00f3n.  Sonda de 5MHz: 0.040\" a 20\" de acero.  Sonda de 10 MHz: 0,030\" a 2\" de acero (opcional).  Pantalla LCD a color con indicaci\u00f3n de alarma visual roja, amarilla y verde.  Datalogger interno de 100K con exportaci\u00f3n a Excel.  Opci\u00f3n Echo to Echo para reducir los errores de recubrimiento.  Funci\u00f3n de comparaci\u00f3n de archivos como monitor de corrosi\u00f3n en tiempo real.  Forma de onda en vivo (A-scan para verificaci\u00f3n de espesor).  B-scan (secci\u00f3n transversal visual de la pieza de prueba).  Vibra en alarma.  M\u00faltiples opciones de transductores para alta temperatura y materiales dif\u00edciles de medir.  Completo con funda protectora, botella de 2 oz de acoplante, 2 bater\u00edas AA, transductor de 5 MHz, estuche r\u00edgido, cable USB y software XPorter.  Funci\u00f3n m\u00ednima r\u00e1pida para capturar espesores m\u00ednimos.","og_url":"https:\/\/abaa.mx\/tienda\/tkg250-medidor-de-grosor-digital-ultrasonico-datalogger-con-onda-de-color\/","og_site_name":"Abaa tienda online","article_modified_time":"2023-12-13T20:45:44+00:00","og_image":[{"width":1024,"height":1024,"url":"https:\/\/abaa.mx\/tienda\/wp-content\/uploads\/2023\/10\/Datalogger-TKG250.jpg","type":"image\/jpeg"}],"twitter_card":"summary_large_image","twitter_misc":{"Tiempo de lectura":"1 minuto"},"schema":{"@context":"https:\/\/schema.org","@graph":[{"@type":"WebPage","@id":"https:\/\/abaa.mx\/tienda\/tkg250-medidor-de-grosor-digital-ultrasonico-datalogger-con-onda-de-color\/","url":"https:\/\/abaa.mx\/tienda\/tkg250-medidor-de-grosor-digital-ultrasonico-datalogger-con-onda-de-color\/","name":"Tkg250-medidor de grosor digital ultras\u00f3nico-datalogger con onda de color - Abaa tienda online","isPartOf":{"@id":"https:\/\/abaa.mx\/tienda\/#website"},"primaryImageOfPage":{"@id":"https:\/\/abaa.mx\/tienda\/tkg250-medidor-de-grosor-digital-ultrasonico-datalogger-con-onda-de-color\/#primaryimage"},"image":{"@id":"https:\/\/abaa.mx\/tienda\/tkg250-medidor-de-grosor-digital-ultrasonico-datalogger-con-onda-de-color\/#primaryimage"},"thumbnailUrl":"https:\/\/abaa.mx\/tienda\/wp-content\/uploads\/2023\/10\/Datalogger-TKG250.jpg","datePublished":"2023-10-19T17:48:57+00:00","dateModified":"2023-12-13T20:45:44+00:00","breadcrumb":{"@id":"https:\/\/abaa.mx\/tienda\/tkg250-medidor-de-grosor-digital-ultrasonico-datalogger-con-onda-de-color\/#breadcrumb"},"inLanguage":"es","potentialAction":[{"@type":"ReadAction","target":["https:\/\/abaa.mx\/tienda\/tkg250-medidor-de-grosor-digital-ultrasonico-datalogger-con-onda-de-color\/"]}]},{"@type":"ImageObject","inLanguage":"es","@id":"https:\/\/abaa.mx\/tienda\/tkg250-medidor-de-grosor-digital-ultrasonico-datalogger-con-onda-de-color\/#primaryimage","url":"https:\/\/abaa.mx\/tienda\/wp-content\/uploads\/2023\/10\/Datalogger-TKG250.jpg","contentUrl":"https:\/\/abaa.mx\/tienda\/wp-content\/uploads\/2023\/10\/Datalogger-TKG250.jpg","width":1024,"height":1024,"caption":"Datalogger TKG250"},{"@type":"BreadcrumbList","@id":"https:\/\/abaa.mx\/tienda\/tkg250-medidor-de-grosor-digital-ultrasonico-datalogger-con-onda-de-color\/#breadcrumb","itemListElement":[{"@type":"ListItem","position":1,"name":"Inicio","item":"https:\/\/abaa.mx\/tienda\/"},{"@type":"ListItem","position":2,"name":"Tienda","item":"https:\/\/abaa.mx\/tienda\/"},{"@type":"ListItem","position":3,"name":"Tkg250-medidor de grosor digital ultras\u00f3nico-datalogger con onda de color"}]},{"@type":"WebSite","@id":"https:\/\/abaa.mx\/tienda\/#website","url":"https:\/\/abaa.mx\/tienda\/","name":"Abaa tienda online","description":"Instrumentos de medici\u00f3n","publisher":{"@id":"https:\/\/abaa.mx\/tienda\/#organization"},"potentialAction":[{"@type":"SearchAction","target":{"@type":"EntryPoint","urlTemplate":"https:\/\/abaa.mx\/tienda\/?s={search_term_string}"},"query-input":{"@type":"PropertyValueSpecification","valueRequired":true,"valueName":"search_term_string"}}],"inLanguage":"es"},{"@type":"Organization","@id":"https:\/\/abaa.mx\/tienda\/#organization","name":"Abaa tienda online","url":"https:\/\/abaa.mx\/tienda\/","logo":{"@type":"ImageObject","inLanguage":"es","@id":"https:\/\/abaa.mx\/tienda\/#\/schema\/logo\/image\/","url":"https:\/\/abaa.mx\/tienda\/wp-content\/uploads\/2024\/01\/abaa-metrologia-tienda.png","contentUrl":"https:\/\/abaa.mx\/tienda\/wp-content\/uploads\/2024\/01\/abaa-metrologia-tienda.png","width":300,"height":141,"caption":"Abaa tienda online"},"image":{"@id":"https:\/\/abaa.mx\/tienda\/#\/schema\/logo\/image\/"}}]}},"_links":{"self":[{"href":"https:\/\/abaa.mx\/tienda\/wp-json\/wp\/v2\/product\/6876","targetHints":{"allow":["GET"]}}],"collection":[{"href":"https:\/\/abaa.mx\/tienda\/wp-json\/wp\/v2\/product"}],"about":[{"href":"https:\/\/abaa.mx\/tienda\/wp-json\/wp\/v2\/types\/product"}],"replies":[{"embeddable":true,"href":"https:\/\/abaa.mx\/tienda\/wp-json\/wp\/v2\/comments?post=6876"}],"wp:featuredmedia":[{"embeddable":true,"href":"https:\/\/abaa.mx\/tienda\/wp-json\/wp\/v2\/media\/9832"}],"wp:attachment":[{"href":"https:\/\/abaa.mx\/tienda\/wp-json\/wp\/v2\/media?parent=6876"}],"wp:term":[{"taxonomy":"product_brand","embeddable":true,"href":"https:\/\/abaa.mx\/tienda\/wp-json\/wp\/v2\/product_brand?post=6876"},{"taxonomy":"product_cat","embeddable":true,"href":"https:\/\/abaa.mx\/tienda\/wp-json\/wp\/v2\/product_cat?post=6876"},{"taxonomy":"product_tag","embeddable":true,"href":"https:\/\/abaa.mx\/tienda\/wp-json\/wp\/v2\/product_tag?post=6876"}],"curies":[{"name":"wp","href":"https:\/\/api.w.org\/{rel}","templated":true}]}}