{"id":6867,"date":"2023-10-19T17:46:43","date_gmt":"2023-10-19T17:46:43","guid":{"rendered":"https:\/\/abaa.mx\/tienda\/?post_type=product&#038;p=6867"},"modified":"2023-12-19T20:34:56","modified_gmt":"2023-12-19T20:34:56","slug":"manometro-digital-ametek-crystal-xp2i-de-0-a-500-psi","status":"publish","type":"product","link":"https:\/\/abaa.mx\/tienda\/manometro-digital-ametek-crystal-xp2i-de-0-a-500-psi\/","title":{"rendered":"381676 &#8211; Multimetro de lapiz c-detector"},"content":{"rendered":"<p>381676 &#8211; Multimetro de lapiz c-detector.<\/p>\n","protected":false},"excerpt":{"rendered":"<p>Extech 381676 Una Pluma Dmm Con Detector De Voltaje Sin Con.<\/p>\n<p>Titulo:<br \/>\nExtech Una Pluma Dmm Con Detector De Voltaje Sin Contacto.<\/p>\n<h4>Descripci\u00f3n:<\/h4>\n<p>El Extech A es un mult\u00edmetro estilo l\u00e1piz con un detector NCV incorporado. Este dispositivo presenta nueve funciones que incluyen voltaje CA\/CC hasta 600 V, corriente CA\/CC hasta 200 mA, resistencia, as\u00ed como pruebas de l\u00f3gica y diodo. El mult\u00edmetro tiene un dial giratorio f\u00e1cil de usar con pinzas de cocodrilo para operaci\u00f3n con una sola mano. Su conveniente detector de voltaje sin contacto integrado permite la detecci\u00f3n r\u00e1pida de voltaje activo.<\/p>\n<h4>Caracter\u00edsticas:<\/h4>\n<ul>\n<li>Mult\u00edmetro estilo l\u00e1piz con 9 funciones.<\/li>\n<li>Carcasa ergon\u00f3mica con f\u00e1cil manejo con una sola mano y dial de funci\u00f3n rotativo.<\/li>\n<li>Detector de voltaje sin contacto integrado con se\u00f1ales visibles y audibles.<\/li>\n<li>Auto-rango con funciones de retenci\u00f3n de datos, rango de sujeci\u00f3n y sujeci\u00f3n m\u00e1xima.<\/li>\n<li>Pantalla LCD grande de 2000 cuentas de alto contraste.<\/li>\n<\/ul>\n<p>Marca: Extech.<br \/>\nModelo: A.<br \/>\nMaterial: ABS.<\/p>\n","protected":false},"featured_media":9910,"comment_status":"open","ping_status":"closed","template":"","meta":{"_joinchat":[]},"product_brand":[],"product_cat":[15],"product_tag":[],"class_list":{"0":"post-6867","1":"product","2":"type-product","3":"status-publish","4":"has-post-thumbnail","6":"product_cat-sin-categorizar","8":"first","9":"instock","10":"shipping-taxable","11":"product-type-simple"},"yoast_head":"<!-- This site is optimized with the Yoast SEO plugin v26.4 - https:\/\/yoast.com\/wordpress\/plugins\/seo\/ -->\n<title>381676 - Multimetro de lapiz c-detector - Abaa tienda online<\/title>\n<meta name=\"robots\" content=\"index, follow, max-snippet:-1, max-image-preview:large, max-video-preview:-1\" \/>\n<link rel=\"canonical\" href=\"https:\/\/abaa.mx\/tienda\/manometro-digital-ametek-crystal-xp2i-de-0-a-500-psi\/\" \/>\n<meta property=\"og:locale\" content=\"es_MX\" \/>\n<meta property=\"og:type\" content=\"article\" \/>\n<meta property=\"og:title\" content=\"381676 - Multimetro de lapiz c-detector - Abaa tienda online\" \/>\n<meta property=\"og:description\" content=\"Extech 381676 Una Pluma Dmm Con Detector De Voltaje Sin Con.  Titulo: Extech Una Pluma Dmm Con Detector De Voltaje Sin Contacto. Descripci\u00f3n: El Extech A es un mult\u00edmetro estilo l\u00e1piz con un detector NCV incorporado. Este dispositivo presenta nueve funciones que incluyen voltaje CA\/CC hasta 600 V, corriente CA\/CC hasta 200 mA, resistencia, as\u00ed como pruebas de l\u00f3gica y diodo. El mult\u00edmetro tiene un dial giratorio f\u00e1cil de usar con pinzas de cocodrilo para operaci\u00f3n con una sola mano. Su conveniente detector de voltaje sin contacto integrado permite la detecci\u00f3n r\u00e1pida de voltaje activo. Caracter\u00edsticas:   Mult\u00edmetro estilo l\u00e1piz con 9 funciones.  Carcasa ergon\u00f3mica con f\u00e1cil manejo con una sola mano y dial de funci\u00f3n rotativo.  Detector de voltaje sin contacto integrado con se\u00f1ales visibles y audibles.  Auto-rango con funciones de retenci\u00f3n de datos, rango de sujeci\u00f3n y sujeci\u00f3n m\u00e1xima.  Pantalla LCD grande de 2000 cuentas de alto contraste.  Marca: Extech. Modelo: A. Material: ABS.\" \/>\n<meta property=\"og:url\" content=\"https:\/\/abaa.mx\/tienda\/manometro-digital-ametek-crystal-xp2i-de-0-a-500-psi\/\" \/>\n<meta property=\"og:site_name\" content=\"Abaa tienda online\" \/>\n<meta property=\"article:modified_time\" content=\"2023-12-19T20:34:56+00:00\" \/>\n<meta property=\"og:image\" content=\"https:\/\/abaa.mx\/tienda\/wp-content\/uploads\/2023\/10\/EXTECH-381676.jpg\" \/>\n\t<meta property=\"og:image:width\" content=\"363\" \/>\n\t<meta property=\"og:image:height\" content=\"368\" \/>\n\t<meta property=\"og:image:type\" content=\"image\/jpeg\" \/>\n<meta name=\"twitter:card\" content=\"summary_large_image\" \/>\n<meta name=\"twitter:label1\" content=\"Tiempo de lectura\" \/>\n\t<meta name=\"twitter:data1\" content=\"1 minuto\" \/>\n<script type=\"application\/ld+json\" class=\"yoast-schema-graph\">{\"@context\":\"https:\/\/schema.org\",\"@graph\":[{\"@type\":\"WebPage\",\"@id\":\"https:\/\/abaa.mx\/tienda\/manometro-digital-ametek-crystal-xp2i-de-0-a-500-psi\/\",\"url\":\"https:\/\/abaa.mx\/tienda\/manometro-digital-ametek-crystal-xp2i-de-0-a-500-psi\/\",\"name\":\"381676 - Multimetro de lapiz c-detector - Abaa tienda online\",\"isPartOf\":{\"@id\":\"https:\/\/abaa.mx\/tienda\/#website\"},\"primaryImageOfPage\":{\"@id\":\"https:\/\/abaa.mx\/tienda\/manometro-digital-ametek-crystal-xp2i-de-0-a-500-psi\/#primaryimage\"},\"image\":{\"@id\":\"https:\/\/abaa.mx\/tienda\/manometro-digital-ametek-crystal-xp2i-de-0-a-500-psi\/#primaryimage\"},\"thumbnailUrl\":\"https:\/\/abaa.mx\/tienda\/wp-content\/uploads\/2023\/10\/EXTECH-381676.jpg\",\"datePublished\":\"2023-10-19T17:46:43+00:00\",\"dateModified\":\"2023-12-19T20:34:56+00:00\",\"breadcrumb\":{\"@id\":\"https:\/\/abaa.mx\/tienda\/manometro-digital-ametek-crystal-xp2i-de-0-a-500-psi\/#breadcrumb\"},\"inLanguage\":\"es\",\"potentialAction\":[{\"@type\":\"ReadAction\",\"target\":[\"https:\/\/abaa.mx\/tienda\/manometro-digital-ametek-crystal-xp2i-de-0-a-500-psi\/\"]}]},{\"@type\":\"ImageObject\",\"inLanguage\":\"es\",\"@id\":\"https:\/\/abaa.mx\/tienda\/manometro-digital-ametek-crystal-xp2i-de-0-a-500-psi\/#primaryimage\",\"url\":\"https:\/\/abaa.mx\/tienda\/wp-content\/uploads\/2023\/10\/EXTECH-381676.jpg\",\"contentUrl\":\"https:\/\/abaa.mx\/tienda\/wp-content\/uploads\/2023\/10\/EXTECH-381676.jpg\",\"width\":363,\"height\":368,\"caption\":\"EXTECH-381676\"},{\"@type\":\"BreadcrumbList\",\"@id\":\"https:\/\/abaa.mx\/tienda\/manometro-digital-ametek-crystal-xp2i-de-0-a-500-psi\/#breadcrumb\",\"itemListElement\":[{\"@type\":\"ListItem\",\"position\":1,\"name\":\"Inicio\",\"item\":\"https:\/\/abaa.mx\/tienda\/\"},{\"@type\":\"ListItem\",\"position\":2,\"name\":\"Tienda\",\"item\":\"https:\/\/abaa.mx\/tienda\/\"},{\"@type\":\"ListItem\",\"position\":3,\"name\":\"381676 &#8211; Multimetro de lapiz c-detector\"}]},{\"@type\":\"WebSite\",\"@id\":\"https:\/\/abaa.mx\/tienda\/#website\",\"url\":\"https:\/\/abaa.mx\/tienda\/\",\"name\":\"Abaa tienda online\",\"description\":\"Instrumentos de medici\u00f3n\",\"publisher\":{\"@id\":\"https:\/\/abaa.mx\/tienda\/#organization\"},\"potentialAction\":[{\"@type\":\"SearchAction\",\"target\":{\"@type\":\"EntryPoint\",\"urlTemplate\":\"https:\/\/abaa.mx\/tienda\/?s={search_term_string}\"},\"query-input\":{\"@type\":\"PropertyValueSpecification\",\"valueRequired\":true,\"valueName\":\"search_term_string\"}}],\"inLanguage\":\"es\"},{\"@type\":\"Organization\",\"@id\":\"https:\/\/abaa.mx\/tienda\/#organization\",\"name\":\"Abaa tienda online\",\"url\":\"https:\/\/abaa.mx\/tienda\/\",\"logo\":{\"@type\":\"ImageObject\",\"inLanguage\":\"es\",\"@id\":\"https:\/\/abaa.mx\/tienda\/#\/schema\/logo\/image\/\",\"url\":\"https:\/\/abaa.mx\/tienda\/wp-content\/uploads\/2024\/01\/abaa-metrologia-tienda.png\",\"contentUrl\":\"https:\/\/abaa.mx\/tienda\/wp-content\/uploads\/2024\/01\/abaa-metrologia-tienda.png\",\"width\":300,\"height\":141,\"caption\":\"Abaa tienda online\"},\"image\":{\"@id\":\"https:\/\/abaa.mx\/tienda\/#\/schema\/logo\/image\/\"}}]}<\/script>\n<!-- \/ Yoast SEO plugin. -->","yoast_head_json":{"title":"381676 - Multimetro de lapiz c-detector - Abaa tienda online","robots":{"index":"index","follow":"follow","max-snippet":"max-snippet:-1","max-image-preview":"max-image-preview:large","max-video-preview":"max-video-preview:-1"},"canonical":"https:\/\/abaa.mx\/tienda\/manometro-digital-ametek-crystal-xp2i-de-0-a-500-psi\/","og_locale":"es_MX","og_type":"article","og_title":"381676 - Multimetro de lapiz c-detector - Abaa tienda online","og_description":"Extech 381676 Una Pluma Dmm Con Detector De Voltaje Sin Con.  Titulo: Extech Una Pluma Dmm Con Detector De Voltaje Sin Contacto. Descripci\u00f3n: El Extech A es un mult\u00edmetro estilo l\u00e1piz con un detector NCV incorporado. Este dispositivo presenta nueve funciones que incluyen voltaje CA\/CC hasta 600 V, corriente CA\/CC hasta 200 mA, resistencia, as\u00ed como pruebas de l\u00f3gica y diodo. El mult\u00edmetro tiene un dial giratorio f\u00e1cil de usar con pinzas de cocodrilo para operaci\u00f3n con una sola mano. Su conveniente detector de voltaje sin contacto integrado permite la detecci\u00f3n r\u00e1pida de voltaje activo. Caracter\u00edsticas:   Mult\u00edmetro estilo l\u00e1piz con 9 funciones.  Carcasa ergon\u00f3mica con f\u00e1cil manejo con una sola mano y dial de funci\u00f3n rotativo.  Detector de voltaje sin contacto integrado con se\u00f1ales visibles y audibles.  Auto-rango con funciones de retenci\u00f3n de datos, rango de sujeci\u00f3n y sujeci\u00f3n m\u00e1xima.  Pantalla LCD grande de 2000 cuentas de alto contraste.  Marca: Extech. Modelo: A. Material: ABS.","og_url":"https:\/\/abaa.mx\/tienda\/manometro-digital-ametek-crystal-xp2i-de-0-a-500-psi\/","og_site_name":"Abaa tienda online","article_modified_time":"2023-12-19T20:34:56+00:00","og_image":[{"width":363,"height":368,"url":"https:\/\/abaa.mx\/tienda\/wp-content\/uploads\/2023\/10\/EXTECH-381676.jpg","type":"image\/jpeg"}],"twitter_card":"summary_large_image","twitter_misc":{"Tiempo de lectura":"1 minuto"},"schema":{"@context":"https:\/\/schema.org","@graph":[{"@type":"WebPage","@id":"https:\/\/abaa.mx\/tienda\/manometro-digital-ametek-crystal-xp2i-de-0-a-500-psi\/","url":"https:\/\/abaa.mx\/tienda\/manometro-digital-ametek-crystal-xp2i-de-0-a-500-psi\/","name":"381676 - Multimetro de lapiz c-detector - Abaa tienda online","isPartOf":{"@id":"https:\/\/abaa.mx\/tienda\/#website"},"primaryImageOfPage":{"@id":"https:\/\/abaa.mx\/tienda\/manometro-digital-ametek-crystal-xp2i-de-0-a-500-psi\/#primaryimage"},"image":{"@id":"https:\/\/abaa.mx\/tienda\/manometro-digital-ametek-crystal-xp2i-de-0-a-500-psi\/#primaryimage"},"thumbnailUrl":"https:\/\/abaa.mx\/tienda\/wp-content\/uploads\/2023\/10\/EXTECH-381676.jpg","datePublished":"2023-10-19T17:46:43+00:00","dateModified":"2023-12-19T20:34:56+00:00","breadcrumb":{"@id":"https:\/\/abaa.mx\/tienda\/manometro-digital-ametek-crystal-xp2i-de-0-a-500-psi\/#breadcrumb"},"inLanguage":"es","potentialAction":[{"@type":"ReadAction","target":["https:\/\/abaa.mx\/tienda\/manometro-digital-ametek-crystal-xp2i-de-0-a-500-psi\/"]}]},{"@type":"ImageObject","inLanguage":"es","@id":"https:\/\/abaa.mx\/tienda\/manometro-digital-ametek-crystal-xp2i-de-0-a-500-psi\/#primaryimage","url":"https:\/\/abaa.mx\/tienda\/wp-content\/uploads\/2023\/10\/EXTECH-381676.jpg","contentUrl":"https:\/\/abaa.mx\/tienda\/wp-content\/uploads\/2023\/10\/EXTECH-381676.jpg","width":363,"height":368,"caption":"EXTECH-381676"},{"@type":"BreadcrumbList","@id":"https:\/\/abaa.mx\/tienda\/manometro-digital-ametek-crystal-xp2i-de-0-a-500-psi\/#breadcrumb","itemListElement":[{"@type":"ListItem","position":1,"name":"Inicio","item":"https:\/\/abaa.mx\/tienda\/"},{"@type":"ListItem","position":2,"name":"Tienda","item":"https:\/\/abaa.mx\/tienda\/"},{"@type":"ListItem","position":3,"name":"381676 &#8211; Multimetro de lapiz c-detector"}]},{"@type":"WebSite","@id":"https:\/\/abaa.mx\/tienda\/#website","url":"https:\/\/abaa.mx\/tienda\/","name":"Abaa tienda online","description":"Instrumentos de medici\u00f3n","publisher":{"@id":"https:\/\/abaa.mx\/tienda\/#organization"},"potentialAction":[{"@type":"SearchAction","target":{"@type":"EntryPoint","urlTemplate":"https:\/\/abaa.mx\/tienda\/?s={search_term_string}"},"query-input":{"@type":"PropertyValueSpecification","valueRequired":true,"valueName":"search_term_string"}}],"inLanguage":"es"},{"@type":"Organization","@id":"https:\/\/abaa.mx\/tienda\/#organization","name":"Abaa tienda online","url":"https:\/\/abaa.mx\/tienda\/","logo":{"@type":"ImageObject","inLanguage":"es","@id":"https:\/\/abaa.mx\/tienda\/#\/schema\/logo\/image\/","url":"https:\/\/abaa.mx\/tienda\/wp-content\/uploads\/2024\/01\/abaa-metrologia-tienda.png","contentUrl":"https:\/\/abaa.mx\/tienda\/wp-content\/uploads\/2024\/01\/abaa-metrologia-tienda.png","width":300,"height":141,"caption":"Abaa tienda online"},"image":{"@id":"https:\/\/abaa.mx\/tienda\/#\/schema\/logo\/image\/"}}]}},"_links":{"self":[{"href":"https:\/\/abaa.mx\/tienda\/wp-json\/wp\/v2\/product\/6867","targetHints":{"allow":["GET"]}}],"collection":[{"href":"https:\/\/abaa.mx\/tienda\/wp-json\/wp\/v2\/product"}],"about":[{"href":"https:\/\/abaa.mx\/tienda\/wp-json\/wp\/v2\/types\/product"}],"replies":[{"embeddable":true,"href":"https:\/\/abaa.mx\/tienda\/wp-json\/wp\/v2\/comments?post=6867"}],"wp:featuredmedia":[{"embeddable":true,"href":"https:\/\/abaa.mx\/tienda\/wp-json\/wp\/v2\/media\/9910"}],"wp:attachment":[{"href":"https:\/\/abaa.mx\/tienda\/wp-json\/wp\/v2\/media?parent=6867"}],"wp:term":[{"taxonomy":"product_brand","embeddable":true,"href":"https:\/\/abaa.mx\/tienda\/wp-json\/wp\/v2\/product_brand?post=6867"},{"taxonomy":"product_cat","embeddable":true,"href":"https:\/\/abaa.mx\/tienda\/wp-json\/wp\/v2\/product_cat?post=6867"},{"taxonomy":"product_tag","embeddable":true,"href":"https:\/\/abaa.mx\/tienda\/wp-json\/wp\/v2\/product_tag?post=6867"}],"curies":[{"name":"wp","href":"https:\/\/api.w.org\/{rel}","templated":true}]}}