{"id":6865,"date":"2023-10-19T17:42:34","date_gmt":"2023-10-19T17:42:34","guid":{"rendered":"https:\/\/abaa.mx\/tienda\/?post_type=product&#038;p=6865"},"modified":"2024-01-04T19:16:34","modified_gmt":"2024-01-04T19:16:34","slug":"manometro-digital-ametek-crystal-xp2i-con-dataloggerxp-de-0-a-3-000-psi","status":"publish","type":"product","link":"https:\/\/abaa.mx\/tienda\/manometro-digital-ametek-crystal-xp2i-con-dataloggerxp-de-0-a-3-000-psi\/","title":{"rendered":"380224 &#8211; Multimetro c-indicador fase-temperatura"},"content":{"rendered":"<p>380224 &#8211; Multimetro c-indicador fase-temperatura.<\/p>\n","protected":false},"excerpt":{"rendered":"<h4>Caracter\u00edsticas:<\/h4>\n<ul class=\"a-unordered-list a-vertical a-spacing-mini\">\n<li class=\"a-spacing-mini\"><span class=\"a-list-item\">Indicador de secuencia trif\u00e1sica m\u00e1s mult\u00edmetro con frecuencia, capacitancia y funci\u00f3n de temperatura.<\/span><\/li>\n<li class=\"a-spacing-mini\"><span class=\"a-list-item\">Las funciones incluyen fase, voltaje CA\/CC, capacitancia, resistencia, frecuencia, temperatura, continuidad y diodo.<\/span><\/li>\n<li class=\"a-spacing-mini\"><span class=\"a-list-item\">El indicador de fase identifica la configuraci\u00f3n de cableado en sentido horario o contrario a las agujas del reloj a trav\u00e9s de la direcci\u00f3n de la flecha en la pantalla.<\/span><\/li>\n<li class=\"a-spacing-mini\"><span class=\"a-list-item\">Medidas de temperatura tipo K a 752 grados F (400 grados C).<\/span><\/li>\n<\/ul>\n<table id=\"productDetails_techSpec_section_1\" class=\"a-keyvalue prodDetTable\" style=\"height: 151px;\" role=\"presentation\" width=\"562\">\n<tbody>\n<tr>\n<th class=\"a-color-secondary a-size-base prodDetSectionEntry\" style=\"text-align: left;\">Fabricante<\/th>\n<td class=\"a-size-base prodDetAttrValue\" style=\"text-align: left;\">\u200eExtech<\/td>\n<\/tr>\n<tr>\n<th class=\"a-color-secondary a-size-base prodDetSectionEntry\" style=\"text-align: left;\">N\u00famero de parte<\/th>\n<td class=\"a-size-base prodDetAttrValue\" style=\"text-align: left;\">\u200e380224<\/td>\n<\/tr>\n<tr>\n<th class=\"a-color-secondary a-size-base prodDetSectionEntry\" style=\"text-align: left;\">Fuente de energ\u00eda<\/th>\n<td class=\"a-size-base prodDetAttrValue\" style=\"text-align: left;\">\u200eBater\u00eda<\/td>\n<\/tr>\n<tr>\n<th class=\"a-color-secondary a-size-base prodDetSectionEntry\" style=\"text-align: left;\">Cantidad de paquetes de art\u00edculos<\/th>\n<td class=\"a-size-base prodDetAttrValue\">\u200e1<\/td>\n<\/tr>\n<tr>\n<th class=\"a-color-secondary a-size-base prodDetSectionEntry\" style=\"text-align: left;\">Incluye bater\u00edas<\/th>\n<td class=\"a-size-base prodDetAttrValue\">\u200eS\u00ed<\/td>\n<\/tr>\n<tr>\n<th class=\"a-color-secondary a-size-base prodDetSectionEntry\" style=\"text-align: left;\">\u00bfSe necesitan bater\u00edas?<\/th>\n<td class=\"a-size-base prodDetAttrValue\">\u200eS\u00ed<\/td>\n<\/tr>\n<\/tbody>\n<\/table>\n","protected":false},"featured_media":9947,"comment_status":"open","ping_status":"closed","template":"","meta":{"_joinchat":[]},"product_brand":[],"product_cat":[15],"product_tag":[],"class_list":{"0":"post-6865","1":"product","2":"type-product","3":"status-publish","4":"has-post-thumbnail","6":"product_cat-sin-categorizar","8":"first","9":"instock","10":"shipping-taxable","11":"product-type-simple"},"yoast_head":"<!-- This site is optimized with the Yoast SEO plugin v26.4 - https:\/\/yoast.com\/wordpress\/plugins\/seo\/ -->\n<title>380224 - Multimetro c-indicador fase-temperatura - Abaa tienda online<\/title>\n<meta name=\"robots\" content=\"index, follow, max-snippet:-1, max-image-preview:large, max-video-preview:-1\" \/>\n<link rel=\"canonical\" href=\"https:\/\/abaa.mx\/tienda\/manometro-digital-ametek-crystal-xp2i-con-dataloggerxp-de-0-a-3-000-psi\/\" \/>\n<meta property=\"og:locale\" content=\"es_MX\" \/>\n<meta property=\"og:type\" content=\"article\" \/>\n<meta property=\"og:title\" content=\"380224 - Multimetro c-indicador fase-temperatura - Abaa tienda online\" \/>\n<meta property=\"og:description\" content=\"Caracter\u00edsticas:   Indicador de secuencia trif\u00e1sica m\u00e1s mult\u00edmetro con frecuencia, capacitancia y funci\u00f3n de temperatura.  Las funciones incluyen fase, voltaje CA\/CC, capacitancia, resistencia, frecuencia, temperatura, continuidad y diodo.  El indicador de fase identifica la configuraci\u00f3n de cableado en sentido horario o contrario a las agujas del reloj a trav\u00e9s de la direcci\u00f3n de la flecha en la pantalla.  Medidas de temperatura tipo K a 752 grados F (400 grados C).     Fabricante \u200eExtech   N\u00famero de parte \u200e380224   Fuente de energ\u00eda \u200eBater\u00eda   Cantidad de paquetes de art\u00edculos \u200e1   Incluye bater\u00edas \u200eS\u00ed   \u00bfSe necesitan bater\u00edas? \u200eS\u00ed\" \/>\n<meta property=\"og:url\" content=\"https:\/\/abaa.mx\/tienda\/manometro-digital-ametek-crystal-xp2i-con-dataloggerxp-de-0-a-3-000-psi\/\" \/>\n<meta property=\"og:site_name\" content=\"Abaa tienda online\" \/>\n<meta property=\"article:modified_time\" content=\"2024-01-04T19:16:34+00:00\" \/>\n<meta property=\"og:image\" content=\"https:\/\/abaa.mx\/tienda\/wp-content\/uploads\/2023\/10\/EXTECH-380224.jpg\" \/>\n\t<meta property=\"og:image:width\" content=\"461\" \/>\n\t<meta property=\"og:image:height\" content=\"574\" \/>\n\t<meta property=\"og:image:type\" content=\"image\/jpeg\" \/>\n<meta name=\"twitter:card\" content=\"summary_large_image\" \/>\n<meta name=\"twitter:label1\" content=\"Tiempo de lectura\" \/>\n\t<meta name=\"twitter:data1\" content=\"1 minuto\" \/>\n<script type=\"application\/ld+json\" class=\"yoast-schema-graph\">{\"@context\":\"https:\/\/schema.org\",\"@graph\":[{\"@type\":\"WebPage\",\"@id\":\"https:\/\/abaa.mx\/tienda\/manometro-digital-ametek-crystal-xp2i-con-dataloggerxp-de-0-a-3-000-psi\/\",\"url\":\"https:\/\/abaa.mx\/tienda\/manometro-digital-ametek-crystal-xp2i-con-dataloggerxp-de-0-a-3-000-psi\/\",\"name\":\"380224 - Multimetro c-indicador fase-temperatura - Abaa tienda online\",\"isPartOf\":{\"@id\":\"https:\/\/abaa.mx\/tienda\/#website\"},\"primaryImageOfPage\":{\"@id\":\"https:\/\/abaa.mx\/tienda\/manometro-digital-ametek-crystal-xp2i-con-dataloggerxp-de-0-a-3-000-psi\/#primaryimage\"},\"image\":{\"@id\":\"https:\/\/abaa.mx\/tienda\/manometro-digital-ametek-crystal-xp2i-con-dataloggerxp-de-0-a-3-000-psi\/#primaryimage\"},\"thumbnailUrl\":\"https:\/\/abaa.mx\/tienda\/wp-content\/uploads\/2023\/10\/EXTECH-380224.jpg\",\"datePublished\":\"2023-10-19T17:42:34+00:00\",\"dateModified\":\"2024-01-04T19:16:34+00:00\",\"breadcrumb\":{\"@id\":\"https:\/\/abaa.mx\/tienda\/manometro-digital-ametek-crystal-xp2i-con-dataloggerxp-de-0-a-3-000-psi\/#breadcrumb\"},\"inLanguage\":\"es\",\"potentialAction\":[{\"@type\":\"ReadAction\",\"target\":[\"https:\/\/abaa.mx\/tienda\/manometro-digital-ametek-crystal-xp2i-con-dataloggerxp-de-0-a-3-000-psi\/\"]}]},{\"@type\":\"ImageObject\",\"inLanguage\":\"es\",\"@id\":\"https:\/\/abaa.mx\/tienda\/manometro-digital-ametek-crystal-xp2i-con-dataloggerxp-de-0-a-3-000-psi\/#primaryimage\",\"url\":\"https:\/\/abaa.mx\/tienda\/wp-content\/uploads\/2023\/10\/EXTECH-380224.jpg\",\"contentUrl\":\"https:\/\/abaa.mx\/tienda\/wp-content\/uploads\/2023\/10\/EXTECH-380224.jpg\",\"width\":461,\"height\":574,\"caption\":\"EXTECH-380224\"},{\"@type\":\"BreadcrumbList\",\"@id\":\"https:\/\/abaa.mx\/tienda\/manometro-digital-ametek-crystal-xp2i-con-dataloggerxp-de-0-a-3-000-psi\/#breadcrumb\",\"itemListElement\":[{\"@type\":\"ListItem\",\"position\":1,\"name\":\"Inicio\",\"item\":\"https:\/\/abaa.mx\/tienda\/\"},{\"@type\":\"ListItem\",\"position\":2,\"name\":\"Tienda\",\"item\":\"https:\/\/abaa.mx\/tienda\/\"},{\"@type\":\"ListItem\",\"position\":3,\"name\":\"380224 &#8211; Multimetro c-indicador fase-temperatura\"}]},{\"@type\":\"WebSite\",\"@id\":\"https:\/\/abaa.mx\/tienda\/#website\",\"url\":\"https:\/\/abaa.mx\/tienda\/\",\"name\":\"Abaa tienda online\",\"description\":\"Instrumentos de medici\u00f3n\",\"publisher\":{\"@id\":\"https:\/\/abaa.mx\/tienda\/#organization\"},\"potentialAction\":[{\"@type\":\"SearchAction\",\"target\":{\"@type\":\"EntryPoint\",\"urlTemplate\":\"https:\/\/abaa.mx\/tienda\/?s={search_term_string}\"},\"query-input\":{\"@type\":\"PropertyValueSpecification\",\"valueRequired\":true,\"valueName\":\"search_term_string\"}}],\"inLanguage\":\"es\"},{\"@type\":\"Organization\",\"@id\":\"https:\/\/abaa.mx\/tienda\/#organization\",\"name\":\"Abaa tienda online\",\"url\":\"https:\/\/abaa.mx\/tienda\/\",\"logo\":{\"@type\":\"ImageObject\",\"inLanguage\":\"es\",\"@id\":\"https:\/\/abaa.mx\/tienda\/#\/schema\/logo\/image\/\",\"url\":\"https:\/\/abaa.mx\/tienda\/wp-content\/uploads\/2024\/01\/abaa-metrologia-tienda.png\",\"contentUrl\":\"https:\/\/abaa.mx\/tienda\/wp-content\/uploads\/2024\/01\/abaa-metrologia-tienda.png\",\"width\":300,\"height\":141,\"caption\":\"Abaa tienda online\"},\"image\":{\"@id\":\"https:\/\/abaa.mx\/tienda\/#\/schema\/logo\/image\/\"}}]}<\/script>\n<!-- \/ Yoast SEO plugin. -->","yoast_head_json":{"title":"380224 - Multimetro c-indicador fase-temperatura - Abaa tienda online","robots":{"index":"index","follow":"follow","max-snippet":"max-snippet:-1","max-image-preview":"max-image-preview:large","max-video-preview":"max-video-preview:-1"},"canonical":"https:\/\/abaa.mx\/tienda\/manometro-digital-ametek-crystal-xp2i-con-dataloggerxp-de-0-a-3-000-psi\/","og_locale":"es_MX","og_type":"article","og_title":"380224 - Multimetro c-indicador fase-temperatura - Abaa tienda online","og_description":"Caracter\u00edsticas:   Indicador de secuencia trif\u00e1sica m\u00e1s mult\u00edmetro con frecuencia, capacitancia y funci\u00f3n de temperatura.  Las funciones incluyen fase, voltaje CA\/CC, capacitancia, resistencia, frecuencia, temperatura, continuidad y diodo.  El indicador de fase identifica la configuraci\u00f3n de cableado en sentido horario o contrario a las agujas del reloj a trav\u00e9s de la direcci\u00f3n de la flecha en la pantalla.  Medidas de temperatura tipo K a 752 grados F (400 grados C).     Fabricante \u200eExtech   N\u00famero de parte \u200e380224   Fuente de energ\u00eda \u200eBater\u00eda   Cantidad de paquetes de art\u00edculos \u200e1   Incluye bater\u00edas \u200eS\u00ed   \u00bfSe necesitan bater\u00edas? \u200eS\u00ed","og_url":"https:\/\/abaa.mx\/tienda\/manometro-digital-ametek-crystal-xp2i-con-dataloggerxp-de-0-a-3-000-psi\/","og_site_name":"Abaa tienda online","article_modified_time":"2024-01-04T19:16:34+00:00","og_image":[{"width":461,"height":574,"url":"https:\/\/abaa.mx\/tienda\/wp-content\/uploads\/2023\/10\/EXTECH-380224.jpg","type":"image\/jpeg"}],"twitter_card":"summary_large_image","twitter_misc":{"Tiempo de lectura":"1 minuto"},"schema":{"@context":"https:\/\/schema.org","@graph":[{"@type":"WebPage","@id":"https:\/\/abaa.mx\/tienda\/manometro-digital-ametek-crystal-xp2i-con-dataloggerxp-de-0-a-3-000-psi\/","url":"https:\/\/abaa.mx\/tienda\/manometro-digital-ametek-crystal-xp2i-con-dataloggerxp-de-0-a-3-000-psi\/","name":"380224 - Multimetro c-indicador fase-temperatura - Abaa tienda online","isPartOf":{"@id":"https:\/\/abaa.mx\/tienda\/#website"},"primaryImageOfPage":{"@id":"https:\/\/abaa.mx\/tienda\/manometro-digital-ametek-crystal-xp2i-con-dataloggerxp-de-0-a-3-000-psi\/#primaryimage"},"image":{"@id":"https:\/\/abaa.mx\/tienda\/manometro-digital-ametek-crystal-xp2i-con-dataloggerxp-de-0-a-3-000-psi\/#primaryimage"},"thumbnailUrl":"https:\/\/abaa.mx\/tienda\/wp-content\/uploads\/2023\/10\/EXTECH-380224.jpg","datePublished":"2023-10-19T17:42:34+00:00","dateModified":"2024-01-04T19:16:34+00:00","breadcrumb":{"@id":"https:\/\/abaa.mx\/tienda\/manometro-digital-ametek-crystal-xp2i-con-dataloggerxp-de-0-a-3-000-psi\/#breadcrumb"},"inLanguage":"es","potentialAction":[{"@type":"ReadAction","target":["https:\/\/abaa.mx\/tienda\/manometro-digital-ametek-crystal-xp2i-con-dataloggerxp-de-0-a-3-000-psi\/"]}]},{"@type":"ImageObject","inLanguage":"es","@id":"https:\/\/abaa.mx\/tienda\/manometro-digital-ametek-crystal-xp2i-con-dataloggerxp-de-0-a-3-000-psi\/#primaryimage","url":"https:\/\/abaa.mx\/tienda\/wp-content\/uploads\/2023\/10\/EXTECH-380224.jpg","contentUrl":"https:\/\/abaa.mx\/tienda\/wp-content\/uploads\/2023\/10\/EXTECH-380224.jpg","width":461,"height":574,"caption":"EXTECH-380224"},{"@type":"BreadcrumbList","@id":"https:\/\/abaa.mx\/tienda\/manometro-digital-ametek-crystal-xp2i-con-dataloggerxp-de-0-a-3-000-psi\/#breadcrumb","itemListElement":[{"@type":"ListItem","position":1,"name":"Inicio","item":"https:\/\/abaa.mx\/tienda\/"},{"@type":"ListItem","position":2,"name":"Tienda","item":"https:\/\/abaa.mx\/tienda\/"},{"@type":"ListItem","position":3,"name":"380224 &#8211; Multimetro c-indicador fase-temperatura"}]},{"@type":"WebSite","@id":"https:\/\/abaa.mx\/tienda\/#website","url":"https:\/\/abaa.mx\/tienda\/","name":"Abaa tienda online","description":"Instrumentos de medici\u00f3n","publisher":{"@id":"https:\/\/abaa.mx\/tienda\/#organization"},"potentialAction":[{"@type":"SearchAction","target":{"@type":"EntryPoint","urlTemplate":"https:\/\/abaa.mx\/tienda\/?s={search_term_string}"},"query-input":{"@type":"PropertyValueSpecification","valueRequired":true,"valueName":"search_term_string"}}],"inLanguage":"es"},{"@type":"Organization","@id":"https:\/\/abaa.mx\/tienda\/#organization","name":"Abaa tienda online","url":"https:\/\/abaa.mx\/tienda\/","logo":{"@type":"ImageObject","inLanguage":"es","@id":"https:\/\/abaa.mx\/tienda\/#\/schema\/logo\/image\/","url":"https:\/\/abaa.mx\/tienda\/wp-content\/uploads\/2024\/01\/abaa-metrologia-tienda.png","contentUrl":"https:\/\/abaa.mx\/tienda\/wp-content\/uploads\/2024\/01\/abaa-metrologia-tienda.png","width":300,"height":141,"caption":"Abaa tienda online"},"image":{"@id":"https:\/\/abaa.mx\/tienda\/#\/schema\/logo\/image\/"}}]}},"_links":{"self":[{"href":"https:\/\/abaa.mx\/tienda\/wp-json\/wp\/v2\/product\/6865","targetHints":{"allow":["GET"]}}],"collection":[{"href":"https:\/\/abaa.mx\/tienda\/wp-json\/wp\/v2\/product"}],"about":[{"href":"https:\/\/abaa.mx\/tienda\/wp-json\/wp\/v2\/types\/product"}],"replies":[{"embeddable":true,"href":"https:\/\/abaa.mx\/tienda\/wp-json\/wp\/v2\/comments?post=6865"}],"wp:featuredmedia":[{"embeddable":true,"href":"https:\/\/abaa.mx\/tienda\/wp-json\/wp\/v2\/media\/9947"}],"wp:attachment":[{"href":"https:\/\/abaa.mx\/tienda\/wp-json\/wp\/v2\/media?parent=6865"}],"wp:term":[{"taxonomy":"product_brand","embeddable":true,"href":"https:\/\/abaa.mx\/tienda\/wp-json\/wp\/v2\/product_brand?post=6865"},{"taxonomy":"product_cat","embeddable":true,"href":"https:\/\/abaa.mx\/tienda\/wp-json\/wp\/v2\/product_cat?post=6865"},{"taxonomy":"product_tag","embeddable":true,"href":"https:\/\/abaa.mx\/tienda\/wp-json\/wp\/v2\/product_tag?post=6865"}],"curies":[{"name":"wp","href":"https:\/\/api.w.org\/{rel}","templated":true}]}}