{"id":6863,"date":"2023-10-19T17:39:41","date_gmt":"2023-10-19T17:39:41","guid":{"rendered":"https:\/\/abaa.mx\/tienda\/?post_type=product&#038;p=6863"},"modified":"2023-12-20T16:26:51","modified_gmt":"2023-12-20T16:26:51","slug":"manometro-digital-ametek-crystal-xp2i-con-dataloggerxp-de-0-a-2000-psi","status":"publish","type":"product","link":"https:\/\/abaa.mx\/tienda\/manometro-digital-ametek-crystal-xp2i-con-dataloggerxp-de-0-a-2000-psi\/","title":{"rendered":"Ex350 &#8211; multimetro con 11 funciones + vsc"},"content":{"rendered":"<p>Ex350 &#8211; multimetro con 11 funciones + vsc.<\/p>\n","protected":false},"excerpt":{"rendered":"<h3>Caracter\u00edsticas:<\/h3>\n<ul>\n<li><span>Mediciones de verdadero valor eficaz para mediciones precisas de CA.<\/span><\/li>\n<li><span>Pantalla LCD retroiluminada de 4000 conteos.<\/span><\/li>\n<li><span>La funci\u00f3n de baja impedancia (LoZ) previene las lecturas falsas provocadas por los voltajes fantasmas.<\/span><\/li>\n<li><span>Filtro de paso bajo (FPB) para mediciones precisas de las se\u00f1ales de un variador de frecuencia.<\/span><\/li>\n<li><span>Detector de voltaje sin contacto integrado (VSC) con indicador LED.<\/span><\/li>\n<li><span>Las siguientes son algunas de las funciones: Voltaje sin contacto, voltaje de CA\/CC, corriente CA\/CC, resistencia, capacitancia, frecuencia, ciclo de trabajo, prueba de diodo, continuidad.<\/span><\/li>\n<li><span>Retenci\u00f3n de datos, m\u00edn.\/m\u00e1x. y m\u00e1x.\/m\u00edn., apagado autom\u00e1tico.<\/span><\/li>\n<li><span>Modo relativo para capacitancia cero y ajuste de compensaci\u00f3n.<\/span><\/li>\n<li><span>Completo con conductores de prueba y dos bater\u00edas AAA.<\/span><\/li>\n<\/ul>\n","protected":false},"featured_media":9931,"comment_status":"open","ping_status":"closed","template":"","meta":{"_joinchat":[]},"product_brand":[],"product_cat":[15],"product_tag":[],"class_list":{"0":"post-6863","1":"product","2":"type-product","3":"status-publish","4":"has-post-thumbnail","6":"product_cat-sin-categorizar","8":"first","9":"instock","10":"shipping-taxable","11":"product-type-simple"},"yoast_head":"<!-- This site is optimized with the Yoast SEO plugin v26.4 - https:\/\/yoast.com\/wordpress\/plugins\/seo\/ -->\n<title>Ex350 - multimetro con 11 funciones + vsc - Abaa tienda online<\/title>\n<meta name=\"robots\" content=\"index, follow, max-snippet:-1, max-image-preview:large, max-video-preview:-1\" \/>\n<link rel=\"canonical\" href=\"https:\/\/abaa.mx\/tienda\/manometro-digital-ametek-crystal-xp2i-con-dataloggerxp-de-0-a-2000-psi\/\" \/>\n<meta property=\"og:locale\" content=\"es_MX\" \/>\n<meta property=\"og:type\" content=\"article\" \/>\n<meta property=\"og:title\" content=\"Ex350 - multimetro con 11 funciones + vsc - Abaa tienda online\" \/>\n<meta property=\"og:description\" content=\"Caracter\u00edsticas:   Mediciones de verdadero valor eficaz para mediciones precisas de CA.  Pantalla LCD retroiluminada de 4000 conteos.  La funci\u00f3n de baja impedancia (LoZ) previene las lecturas falsas provocadas por los voltajes fantasmas.  Filtro de paso bajo (FPB) para mediciones precisas de las se\u00f1ales de un variador de frecuencia.  Detector de voltaje sin contacto integrado (VSC) con indicador LED.  Las siguientes son algunas de las funciones: Voltaje sin contacto, voltaje de CA\/CC, corriente CA\/CC, resistencia, capacitancia, frecuencia, ciclo de trabajo, prueba de diodo, continuidad.  Retenci\u00f3n de datos, m\u00edn.\/m\u00e1x. y m\u00e1x.\/m\u00edn., apagado autom\u00e1tico.  Modo relativo para capacitancia cero y ajuste de compensaci\u00f3n.  Completo con conductores de prueba y dos bater\u00edas AAA.\" \/>\n<meta property=\"og:url\" content=\"https:\/\/abaa.mx\/tienda\/manometro-digital-ametek-crystal-xp2i-con-dataloggerxp-de-0-a-2000-psi\/\" \/>\n<meta property=\"og:site_name\" content=\"Abaa tienda online\" \/>\n<meta property=\"article:modified_time\" content=\"2023-12-20T16:26:51+00:00\" \/>\n<meta property=\"og:image\" content=\"https:\/\/abaa.mx\/tienda\/wp-content\/uploads\/2023\/10\/EXTECH-EX350.jpg\" \/>\n\t<meta property=\"og:image:width\" content=\"415\" \/>\n\t<meta property=\"og:image:height\" content=\"535\" \/>\n\t<meta property=\"og:image:type\" content=\"image\/jpeg\" \/>\n<meta name=\"twitter:card\" content=\"summary_large_image\" \/>\n<meta name=\"twitter:label1\" content=\"Tiempo de lectura\" \/>\n\t<meta name=\"twitter:data1\" content=\"1 minuto\" \/>\n<script type=\"application\/ld+json\" class=\"yoast-schema-graph\">{\"@context\":\"https:\/\/schema.org\",\"@graph\":[{\"@type\":\"WebPage\",\"@id\":\"https:\/\/abaa.mx\/tienda\/manometro-digital-ametek-crystal-xp2i-con-dataloggerxp-de-0-a-2000-psi\/\",\"url\":\"https:\/\/abaa.mx\/tienda\/manometro-digital-ametek-crystal-xp2i-con-dataloggerxp-de-0-a-2000-psi\/\",\"name\":\"Ex350 - multimetro con 11 funciones + vsc - Abaa tienda online\",\"isPartOf\":{\"@id\":\"https:\/\/abaa.mx\/tienda\/#website\"},\"primaryImageOfPage\":{\"@id\":\"https:\/\/abaa.mx\/tienda\/manometro-digital-ametek-crystal-xp2i-con-dataloggerxp-de-0-a-2000-psi\/#primaryimage\"},\"image\":{\"@id\":\"https:\/\/abaa.mx\/tienda\/manometro-digital-ametek-crystal-xp2i-con-dataloggerxp-de-0-a-2000-psi\/#primaryimage\"},\"thumbnailUrl\":\"https:\/\/abaa.mx\/tienda\/wp-content\/uploads\/2023\/10\/EXTECH-EX350.jpg\",\"datePublished\":\"2023-10-19T17:39:41+00:00\",\"dateModified\":\"2023-12-20T16:26:51+00:00\",\"breadcrumb\":{\"@id\":\"https:\/\/abaa.mx\/tienda\/manometro-digital-ametek-crystal-xp2i-con-dataloggerxp-de-0-a-2000-psi\/#breadcrumb\"},\"inLanguage\":\"es\",\"potentialAction\":[{\"@type\":\"ReadAction\",\"target\":[\"https:\/\/abaa.mx\/tienda\/manometro-digital-ametek-crystal-xp2i-con-dataloggerxp-de-0-a-2000-psi\/\"]}]},{\"@type\":\"ImageObject\",\"inLanguage\":\"es\",\"@id\":\"https:\/\/abaa.mx\/tienda\/manometro-digital-ametek-crystal-xp2i-con-dataloggerxp-de-0-a-2000-psi\/#primaryimage\",\"url\":\"https:\/\/abaa.mx\/tienda\/wp-content\/uploads\/2023\/10\/EXTECH-EX350.jpg\",\"contentUrl\":\"https:\/\/abaa.mx\/tienda\/wp-content\/uploads\/2023\/10\/EXTECH-EX350.jpg\",\"width\":415,\"height\":535,\"caption\":\"EXTECH-EX350\"},{\"@type\":\"BreadcrumbList\",\"@id\":\"https:\/\/abaa.mx\/tienda\/manometro-digital-ametek-crystal-xp2i-con-dataloggerxp-de-0-a-2000-psi\/#breadcrumb\",\"itemListElement\":[{\"@type\":\"ListItem\",\"position\":1,\"name\":\"Inicio\",\"item\":\"https:\/\/abaa.mx\/tienda\/\"},{\"@type\":\"ListItem\",\"position\":2,\"name\":\"Tienda\",\"item\":\"https:\/\/abaa.mx\/tienda\/\"},{\"@type\":\"ListItem\",\"position\":3,\"name\":\"Ex350 &#8211; multimetro con 11 funciones + vsc\"}]},{\"@type\":\"WebSite\",\"@id\":\"https:\/\/abaa.mx\/tienda\/#website\",\"url\":\"https:\/\/abaa.mx\/tienda\/\",\"name\":\"Abaa tienda online\",\"description\":\"Instrumentos de medici\u00f3n\",\"publisher\":{\"@id\":\"https:\/\/abaa.mx\/tienda\/#organization\"},\"potentialAction\":[{\"@type\":\"SearchAction\",\"target\":{\"@type\":\"EntryPoint\",\"urlTemplate\":\"https:\/\/abaa.mx\/tienda\/?s={search_term_string}\"},\"query-input\":{\"@type\":\"PropertyValueSpecification\",\"valueRequired\":true,\"valueName\":\"search_term_string\"}}],\"inLanguage\":\"es\"},{\"@type\":\"Organization\",\"@id\":\"https:\/\/abaa.mx\/tienda\/#organization\",\"name\":\"Abaa tienda online\",\"url\":\"https:\/\/abaa.mx\/tienda\/\",\"logo\":{\"@type\":\"ImageObject\",\"inLanguage\":\"es\",\"@id\":\"https:\/\/abaa.mx\/tienda\/#\/schema\/logo\/image\/\",\"url\":\"https:\/\/abaa.mx\/tienda\/wp-content\/uploads\/2024\/01\/abaa-metrologia-tienda.png\",\"contentUrl\":\"https:\/\/abaa.mx\/tienda\/wp-content\/uploads\/2024\/01\/abaa-metrologia-tienda.png\",\"width\":300,\"height\":141,\"caption\":\"Abaa tienda online\"},\"image\":{\"@id\":\"https:\/\/abaa.mx\/tienda\/#\/schema\/logo\/image\/\"}}]}<\/script>\n<!-- \/ Yoast SEO plugin. -->","yoast_head_json":{"title":"Ex350 - multimetro con 11 funciones + vsc - Abaa tienda online","robots":{"index":"index","follow":"follow","max-snippet":"max-snippet:-1","max-image-preview":"max-image-preview:large","max-video-preview":"max-video-preview:-1"},"canonical":"https:\/\/abaa.mx\/tienda\/manometro-digital-ametek-crystal-xp2i-con-dataloggerxp-de-0-a-2000-psi\/","og_locale":"es_MX","og_type":"article","og_title":"Ex350 - multimetro con 11 funciones + vsc - Abaa tienda online","og_description":"Caracter\u00edsticas:   Mediciones de verdadero valor eficaz para mediciones precisas de CA.  Pantalla LCD retroiluminada de 4000 conteos.  La funci\u00f3n de baja impedancia (LoZ) previene las lecturas falsas provocadas por los voltajes fantasmas.  Filtro de paso bajo (FPB) para mediciones precisas de las se\u00f1ales de un variador de frecuencia.  Detector de voltaje sin contacto integrado (VSC) con indicador LED.  Las siguientes son algunas de las funciones: Voltaje sin contacto, voltaje de CA\/CC, corriente CA\/CC, resistencia, capacitancia, frecuencia, ciclo de trabajo, prueba de diodo, continuidad.  Retenci\u00f3n de datos, m\u00edn.\/m\u00e1x. y m\u00e1x.\/m\u00edn., apagado autom\u00e1tico.  Modo relativo para capacitancia cero y ajuste de compensaci\u00f3n.  Completo con conductores de prueba y dos bater\u00edas AAA.","og_url":"https:\/\/abaa.mx\/tienda\/manometro-digital-ametek-crystal-xp2i-con-dataloggerxp-de-0-a-2000-psi\/","og_site_name":"Abaa tienda online","article_modified_time":"2023-12-20T16:26:51+00:00","og_image":[{"width":415,"height":535,"url":"https:\/\/abaa.mx\/tienda\/wp-content\/uploads\/2023\/10\/EXTECH-EX350.jpg","type":"image\/jpeg"}],"twitter_card":"summary_large_image","twitter_misc":{"Tiempo de lectura":"1 minuto"},"schema":{"@context":"https:\/\/schema.org","@graph":[{"@type":"WebPage","@id":"https:\/\/abaa.mx\/tienda\/manometro-digital-ametek-crystal-xp2i-con-dataloggerxp-de-0-a-2000-psi\/","url":"https:\/\/abaa.mx\/tienda\/manometro-digital-ametek-crystal-xp2i-con-dataloggerxp-de-0-a-2000-psi\/","name":"Ex350 - multimetro con 11 funciones + vsc - Abaa tienda online","isPartOf":{"@id":"https:\/\/abaa.mx\/tienda\/#website"},"primaryImageOfPage":{"@id":"https:\/\/abaa.mx\/tienda\/manometro-digital-ametek-crystal-xp2i-con-dataloggerxp-de-0-a-2000-psi\/#primaryimage"},"image":{"@id":"https:\/\/abaa.mx\/tienda\/manometro-digital-ametek-crystal-xp2i-con-dataloggerxp-de-0-a-2000-psi\/#primaryimage"},"thumbnailUrl":"https:\/\/abaa.mx\/tienda\/wp-content\/uploads\/2023\/10\/EXTECH-EX350.jpg","datePublished":"2023-10-19T17:39:41+00:00","dateModified":"2023-12-20T16:26:51+00:00","breadcrumb":{"@id":"https:\/\/abaa.mx\/tienda\/manometro-digital-ametek-crystal-xp2i-con-dataloggerxp-de-0-a-2000-psi\/#breadcrumb"},"inLanguage":"es","potentialAction":[{"@type":"ReadAction","target":["https:\/\/abaa.mx\/tienda\/manometro-digital-ametek-crystal-xp2i-con-dataloggerxp-de-0-a-2000-psi\/"]}]},{"@type":"ImageObject","inLanguage":"es","@id":"https:\/\/abaa.mx\/tienda\/manometro-digital-ametek-crystal-xp2i-con-dataloggerxp-de-0-a-2000-psi\/#primaryimage","url":"https:\/\/abaa.mx\/tienda\/wp-content\/uploads\/2023\/10\/EXTECH-EX350.jpg","contentUrl":"https:\/\/abaa.mx\/tienda\/wp-content\/uploads\/2023\/10\/EXTECH-EX350.jpg","width":415,"height":535,"caption":"EXTECH-EX350"},{"@type":"BreadcrumbList","@id":"https:\/\/abaa.mx\/tienda\/manometro-digital-ametek-crystal-xp2i-con-dataloggerxp-de-0-a-2000-psi\/#breadcrumb","itemListElement":[{"@type":"ListItem","position":1,"name":"Inicio","item":"https:\/\/abaa.mx\/tienda\/"},{"@type":"ListItem","position":2,"name":"Tienda","item":"https:\/\/abaa.mx\/tienda\/"},{"@type":"ListItem","position":3,"name":"Ex350 &#8211; multimetro con 11 funciones + vsc"}]},{"@type":"WebSite","@id":"https:\/\/abaa.mx\/tienda\/#website","url":"https:\/\/abaa.mx\/tienda\/","name":"Abaa tienda online","description":"Instrumentos de medici\u00f3n","publisher":{"@id":"https:\/\/abaa.mx\/tienda\/#organization"},"potentialAction":[{"@type":"SearchAction","target":{"@type":"EntryPoint","urlTemplate":"https:\/\/abaa.mx\/tienda\/?s={search_term_string}"},"query-input":{"@type":"PropertyValueSpecification","valueRequired":true,"valueName":"search_term_string"}}],"inLanguage":"es"},{"@type":"Organization","@id":"https:\/\/abaa.mx\/tienda\/#organization","name":"Abaa tienda online","url":"https:\/\/abaa.mx\/tienda\/","logo":{"@type":"ImageObject","inLanguage":"es","@id":"https:\/\/abaa.mx\/tienda\/#\/schema\/logo\/image\/","url":"https:\/\/abaa.mx\/tienda\/wp-content\/uploads\/2024\/01\/abaa-metrologia-tienda.png","contentUrl":"https:\/\/abaa.mx\/tienda\/wp-content\/uploads\/2024\/01\/abaa-metrologia-tienda.png","width":300,"height":141,"caption":"Abaa tienda online"},"image":{"@id":"https:\/\/abaa.mx\/tienda\/#\/schema\/logo\/image\/"}}]}},"_links":{"self":[{"href":"https:\/\/abaa.mx\/tienda\/wp-json\/wp\/v2\/product\/6863","targetHints":{"allow":["GET"]}}],"collection":[{"href":"https:\/\/abaa.mx\/tienda\/wp-json\/wp\/v2\/product"}],"about":[{"href":"https:\/\/abaa.mx\/tienda\/wp-json\/wp\/v2\/types\/product"}],"replies":[{"embeddable":true,"href":"https:\/\/abaa.mx\/tienda\/wp-json\/wp\/v2\/comments?post=6863"}],"wp:featuredmedia":[{"embeddable":true,"href":"https:\/\/abaa.mx\/tienda\/wp-json\/wp\/v2\/media\/9931"}],"wp:attachment":[{"href":"https:\/\/abaa.mx\/tienda\/wp-json\/wp\/v2\/media?parent=6863"}],"wp:term":[{"taxonomy":"product_brand","embeddable":true,"href":"https:\/\/abaa.mx\/tienda\/wp-json\/wp\/v2\/product_brand?post=6863"},{"taxonomy":"product_cat","embeddable":true,"href":"https:\/\/abaa.mx\/tienda\/wp-json\/wp\/v2\/product_cat?post=6863"},{"taxonomy":"product_tag","embeddable":true,"href":"https:\/\/abaa.mx\/tienda\/wp-json\/wp\/v2\/product_tag?post=6863"}],"curies":[{"name":"wp","href":"https:\/\/api.w.org\/{rel}","templated":true}]}}