{"id":6846,"date":"2023-10-19T17:23:13","date_gmt":"2023-10-19T17:23:13","guid":{"rendered":"https:\/\/abaa.mx\/tienda\/?post_type=product&#038;p=6846"},"modified":"2023-12-13T20:31:28","modified_gmt":"2023-12-13T20:31:28","slug":"tkg150-medidor-de-grosor-digital-ultrasonico-datalogger","status":"publish","type":"product","link":"https:\/\/abaa.mx\/tienda\/tkg150-medidor-de-grosor-digital-ultrasonico-datalogger\/","title":{"rendered":"Tkg150-medidor de grosor digital ultras\u00f3nico-datalogger"},"content":{"rendered":"<p>Tkg150-medidor de grosor digital ultras\u00f3nico-datalogger<\/p>\n","protected":false},"excerpt":{"rendered":"<p>&nbsp;<\/p>\n<p><strong>Caracter\u00edsticas:<\/strong><\/p>\n<ul>\n<li>Amplio rango de medici\u00f3n.<\/li>\n<li>Sonda de 5MHz: 0.040&#8243; a 20&#8243; de acero.<\/li>\n<li>Sonda de 10 MHz: 0,030&#8243; a 2&#8243; de acero (opcional).<\/li>\n<li>Pantalla de matriz de puntos legible a la luz del sol con retroiluminaci\u00f3n.<\/li>\n<li>Datalogger interno de 100K con exportaci\u00f3n a Excel.<\/li>\n<li>Opci\u00f3n Echo to Echo para reducir los errores de recubrimiento.<\/li>\n<li>B-scan (secci\u00f3n transversal visual de la pieza de prueba).<\/li>\n<li>Vibra en alarma.<\/li>\n<li>M\u00faltiples opciones de transductores para alta temperatura y materiales dif\u00edciles de medir.<\/li>\n<li>Funci\u00f3n m\u00ednima r\u00e1pida para capturar espesores m\u00ednimos.<\/li>\n<\/ul>\n","protected":false},"featured_media":9829,"comment_status":"open","ping_status":"closed","template":"","meta":{"_joinchat":[]},"product_brand":[],"product_cat":[15],"product_tag":[],"class_list":{"0":"post-6846","1":"product","2":"type-product","3":"status-publish","4":"has-post-thumbnail","6":"product_cat-sin-categorizar","8":"first","9":"instock","10":"shipping-taxable","11":"product-type-simple"},"yoast_head":"<!-- This site is optimized with the Yoast SEO plugin v26.4 - https:\/\/yoast.com\/wordpress\/plugins\/seo\/ -->\n<title>Tkg150-medidor de grosor digital ultras\u00f3nico-datalogger - Abaa tienda online<\/title>\n<meta name=\"robots\" content=\"index, follow, max-snippet:-1, max-image-preview:large, max-video-preview:-1\" \/>\n<link rel=\"canonical\" href=\"https:\/\/abaa.mx\/tienda\/tkg150-medidor-de-grosor-digital-ultrasonico-datalogger\/\" \/>\n<meta property=\"og:locale\" content=\"es_MX\" \/>\n<meta property=\"og:type\" content=\"article\" \/>\n<meta property=\"og:title\" content=\"Tkg150-medidor de grosor digital ultras\u00f3nico-datalogger - Abaa tienda online\" \/>\n<meta property=\"og:description\" content=\"&nbsp;  Caracter\u00edsticas:   Amplio rango de medici\u00f3n.  Sonda de 5MHz: 0.040&quot; a 20&quot; de acero.  Sonda de 10 MHz: 0,030&quot; a 2&quot; de acero (opcional).  Pantalla de matriz de puntos legible a la luz del sol con retroiluminaci\u00f3n.  Datalogger interno de 100K con exportaci\u00f3n a Excel.  Opci\u00f3n Echo to Echo para reducir los errores de recubrimiento.  B-scan (secci\u00f3n transversal visual de la pieza de prueba).  Vibra en alarma.  M\u00faltiples opciones de transductores para alta temperatura y materiales dif\u00edciles de medir.  Funci\u00f3n m\u00ednima r\u00e1pida para capturar espesores m\u00ednimos.\" \/>\n<meta property=\"og:url\" content=\"https:\/\/abaa.mx\/tienda\/tkg150-medidor-de-grosor-digital-ultrasonico-datalogger\/\" \/>\n<meta property=\"og:site_name\" content=\"Abaa tienda online\" \/>\n<meta property=\"article:modified_time\" content=\"2023-12-13T20:31:28+00:00\" \/>\n<meta property=\"og:image\" content=\"https:\/\/abaa.mx\/tienda\/wp-content\/uploads\/2023\/10\/Datalogger-TKG150.jpg\" \/>\n\t<meta property=\"og:image:width\" content=\"1024\" \/>\n\t<meta property=\"og:image:height\" content=\"1024\" \/>\n\t<meta property=\"og:image:type\" content=\"image\/jpeg\" \/>\n<meta name=\"twitter:card\" content=\"summary_large_image\" \/>\n<meta name=\"twitter:label1\" content=\"Tiempo de lectura\" \/>\n\t<meta name=\"twitter:data1\" content=\"1 minuto\" \/>\n<script type=\"application\/ld+json\" class=\"yoast-schema-graph\">{\"@context\":\"https:\/\/schema.org\",\"@graph\":[{\"@type\":\"WebPage\",\"@id\":\"https:\/\/abaa.mx\/tienda\/tkg150-medidor-de-grosor-digital-ultrasonico-datalogger\/\",\"url\":\"https:\/\/abaa.mx\/tienda\/tkg150-medidor-de-grosor-digital-ultrasonico-datalogger\/\",\"name\":\"Tkg150-medidor de grosor digital ultras\u00f3nico-datalogger - Abaa tienda online\",\"isPartOf\":{\"@id\":\"https:\/\/abaa.mx\/tienda\/#website\"},\"primaryImageOfPage\":{\"@id\":\"https:\/\/abaa.mx\/tienda\/tkg150-medidor-de-grosor-digital-ultrasonico-datalogger\/#primaryimage\"},\"image\":{\"@id\":\"https:\/\/abaa.mx\/tienda\/tkg150-medidor-de-grosor-digital-ultrasonico-datalogger\/#primaryimage\"},\"thumbnailUrl\":\"https:\/\/abaa.mx\/tienda\/wp-content\/uploads\/2023\/10\/Datalogger-TKG150.jpg\",\"datePublished\":\"2023-10-19T17:23:13+00:00\",\"dateModified\":\"2023-12-13T20:31:28+00:00\",\"breadcrumb\":{\"@id\":\"https:\/\/abaa.mx\/tienda\/tkg150-medidor-de-grosor-digital-ultrasonico-datalogger\/#breadcrumb\"},\"inLanguage\":\"es\",\"potentialAction\":[{\"@type\":\"ReadAction\",\"target\":[\"https:\/\/abaa.mx\/tienda\/tkg150-medidor-de-grosor-digital-ultrasonico-datalogger\/\"]}]},{\"@type\":\"ImageObject\",\"inLanguage\":\"es\",\"@id\":\"https:\/\/abaa.mx\/tienda\/tkg150-medidor-de-grosor-digital-ultrasonico-datalogger\/#primaryimage\",\"url\":\"https:\/\/abaa.mx\/tienda\/wp-content\/uploads\/2023\/10\/Datalogger-TKG150.jpg\",\"contentUrl\":\"https:\/\/abaa.mx\/tienda\/wp-content\/uploads\/2023\/10\/Datalogger-TKG150.jpg\",\"width\":1024,\"height\":1024,\"caption\":\"Datalogger TKG150\"},{\"@type\":\"BreadcrumbList\",\"@id\":\"https:\/\/abaa.mx\/tienda\/tkg150-medidor-de-grosor-digital-ultrasonico-datalogger\/#breadcrumb\",\"itemListElement\":[{\"@type\":\"ListItem\",\"position\":1,\"name\":\"Inicio\",\"item\":\"https:\/\/abaa.mx\/tienda\/\"},{\"@type\":\"ListItem\",\"position\":2,\"name\":\"Tienda\",\"item\":\"https:\/\/abaa.mx\/tienda\/\"},{\"@type\":\"ListItem\",\"position\":3,\"name\":\"Tkg150-medidor de grosor digital ultras\u00f3nico-datalogger\"}]},{\"@type\":\"WebSite\",\"@id\":\"https:\/\/abaa.mx\/tienda\/#website\",\"url\":\"https:\/\/abaa.mx\/tienda\/\",\"name\":\"Abaa tienda online\",\"description\":\"Instrumentos de medici\u00f3n\",\"publisher\":{\"@id\":\"https:\/\/abaa.mx\/tienda\/#organization\"},\"potentialAction\":[{\"@type\":\"SearchAction\",\"target\":{\"@type\":\"EntryPoint\",\"urlTemplate\":\"https:\/\/abaa.mx\/tienda\/?s={search_term_string}\"},\"query-input\":{\"@type\":\"PropertyValueSpecification\",\"valueRequired\":true,\"valueName\":\"search_term_string\"}}],\"inLanguage\":\"es\"},{\"@type\":\"Organization\",\"@id\":\"https:\/\/abaa.mx\/tienda\/#organization\",\"name\":\"Abaa tienda online\",\"url\":\"https:\/\/abaa.mx\/tienda\/\",\"logo\":{\"@type\":\"ImageObject\",\"inLanguage\":\"es\",\"@id\":\"https:\/\/abaa.mx\/tienda\/#\/schema\/logo\/image\/\",\"url\":\"https:\/\/abaa.mx\/tienda\/wp-content\/uploads\/2024\/01\/abaa-metrologia-tienda.png\",\"contentUrl\":\"https:\/\/abaa.mx\/tienda\/wp-content\/uploads\/2024\/01\/abaa-metrologia-tienda.png\",\"width\":300,\"height\":141,\"caption\":\"Abaa tienda online\"},\"image\":{\"@id\":\"https:\/\/abaa.mx\/tienda\/#\/schema\/logo\/image\/\"}}]}<\/script>\n<!-- \/ Yoast SEO plugin. -->","yoast_head_json":{"title":"Tkg150-medidor de grosor digital ultras\u00f3nico-datalogger - Abaa tienda online","robots":{"index":"index","follow":"follow","max-snippet":"max-snippet:-1","max-image-preview":"max-image-preview:large","max-video-preview":"max-video-preview:-1"},"canonical":"https:\/\/abaa.mx\/tienda\/tkg150-medidor-de-grosor-digital-ultrasonico-datalogger\/","og_locale":"es_MX","og_type":"article","og_title":"Tkg150-medidor de grosor digital ultras\u00f3nico-datalogger - Abaa tienda online","og_description":"&nbsp;  Caracter\u00edsticas:   Amplio rango de medici\u00f3n.  Sonda de 5MHz: 0.040\" a 20\" de acero.  Sonda de 10 MHz: 0,030\" a 2\" de acero (opcional).  Pantalla de matriz de puntos legible a la luz del sol con retroiluminaci\u00f3n.  Datalogger interno de 100K con exportaci\u00f3n a Excel.  Opci\u00f3n Echo to Echo para reducir los errores de recubrimiento.  B-scan (secci\u00f3n transversal visual de la pieza de prueba).  Vibra en alarma.  M\u00faltiples opciones de transductores para alta temperatura y materiales dif\u00edciles de medir.  Funci\u00f3n m\u00ednima r\u00e1pida para capturar espesores m\u00ednimos.","og_url":"https:\/\/abaa.mx\/tienda\/tkg150-medidor-de-grosor-digital-ultrasonico-datalogger\/","og_site_name":"Abaa tienda online","article_modified_time":"2023-12-13T20:31:28+00:00","og_image":[{"width":1024,"height":1024,"url":"https:\/\/abaa.mx\/tienda\/wp-content\/uploads\/2023\/10\/Datalogger-TKG150.jpg","type":"image\/jpeg"}],"twitter_card":"summary_large_image","twitter_misc":{"Tiempo de lectura":"1 minuto"},"schema":{"@context":"https:\/\/schema.org","@graph":[{"@type":"WebPage","@id":"https:\/\/abaa.mx\/tienda\/tkg150-medidor-de-grosor-digital-ultrasonico-datalogger\/","url":"https:\/\/abaa.mx\/tienda\/tkg150-medidor-de-grosor-digital-ultrasonico-datalogger\/","name":"Tkg150-medidor de grosor digital ultras\u00f3nico-datalogger - Abaa tienda online","isPartOf":{"@id":"https:\/\/abaa.mx\/tienda\/#website"},"primaryImageOfPage":{"@id":"https:\/\/abaa.mx\/tienda\/tkg150-medidor-de-grosor-digital-ultrasonico-datalogger\/#primaryimage"},"image":{"@id":"https:\/\/abaa.mx\/tienda\/tkg150-medidor-de-grosor-digital-ultrasonico-datalogger\/#primaryimage"},"thumbnailUrl":"https:\/\/abaa.mx\/tienda\/wp-content\/uploads\/2023\/10\/Datalogger-TKG150.jpg","datePublished":"2023-10-19T17:23:13+00:00","dateModified":"2023-12-13T20:31:28+00:00","breadcrumb":{"@id":"https:\/\/abaa.mx\/tienda\/tkg150-medidor-de-grosor-digital-ultrasonico-datalogger\/#breadcrumb"},"inLanguage":"es","potentialAction":[{"@type":"ReadAction","target":["https:\/\/abaa.mx\/tienda\/tkg150-medidor-de-grosor-digital-ultrasonico-datalogger\/"]}]},{"@type":"ImageObject","inLanguage":"es","@id":"https:\/\/abaa.mx\/tienda\/tkg150-medidor-de-grosor-digital-ultrasonico-datalogger\/#primaryimage","url":"https:\/\/abaa.mx\/tienda\/wp-content\/uploads\/2023\/10\/Datalogger-TKG150.jpg","contentUrl":"https:\/\/abaa.mx\/tienda\/wp-content\/uploads\/2023\/10\/Datalogger-TKG150.jpg","width":1024,"height":1024,"caption":"Datalogger TKG150"},{"@type":"BreadcrumbList","@id":"https:\/\/abaa.mx\/tienda\/tkg150-medidor-de-grosor-digital-ultrasonico-datalogger\/#breadcrumb","itemListElement":[{"@type":"ListItem","position":1,"name":"Inicio","item":"https:\/\/abaa.mx\/tienda\/"},{"@type":"ListItem","position":2,"name":"Tienda","item":"https:\/\/abaa.mx\/tienda\/"},{"@type":"ListItem","position":3,"name":"Tkg150-medidor de grosor digital ultras\u00f3nico-datalogger"}]},{"@type":"WebSite","@id":"https:\/\/abaa.mx\/tienda\/#website","url":"https:\/\/abaa.mx\/tienda\/","name":"Abaa tienda online","description":"Instrumentos de medici\u00f3n","publisher":{"@id":"https:\/\/abaa.mx\/tienda\/#organization"},"potentialAction":[{"@type":"SearchAction","target":{"@type":"EntryPoint","urlTemplate":"https:\/\/abaa.mx\/tienda\/?s={search_term_string}"},"query-input":{"@type":"PropertyValueSpecification","valueRequired":true,"valueName":"search_term_string"}}],"inLanguage":"es"},{"@type":"Organization","@id":"https:\/\/abaa.mx\/tienda\/#organization","name":"Abaa tienda online","url":"https:\/\/abaa.mx\/tienda\/","logo":{"@type":"ImageObject","inLanguage":"es","@id":"https:\/\/abaa.mx\/tienda\/#\/schema\/logo\/image\/","url":"https:\/\/abaa.mx\/tienda\/wp-content\/uploads\/2024\/01\/abaa-metrologia-tienda.png","contentUrl":"https:\/\/abaa.mx\/tienda\/wp-content\/uploads\/2024\/01\/abaa-metrologia-tienda.png","width":300,"height":141,"caption":"Abaa tienda online"},"image":{"@id":"https:\/\/abaa.mx\/tienda\/#\/schema\/logo\/image\/"}}]}},"_links":{"self":[{"href":"https:\/\/abaa.mx\/tienda\/wp-json\/wp\/v2\/product\/6846","targetHints":{"allow":["GET"]}}],"collection":[{"href":"https:\/\/abaa.mx\/tienda\/wp-json\/wp\/v2\/product"}],"about":[{"href":"https:\/\/abaa.mx\/tienda\/wp-json\/wp\/v2\/types\/product"}],"replies":[{"embeddable":true,"href":"https:\/\/abaa.mx\/tienda\/wp-json\/wp\/v2\/comments?post=6846"}],"wp:featuredmedia":[{"embeddable":true,"href":"https:\/\/abaa.mx\/tienda\/wp-json\/wp\/v2\/media\/9829"}],"wp:attachment":[{"href":"https:\/\/abaa.mx\/tienda\/wp-json\/wp\/v2\/media?parent=6846"}],"wp:term":[{"taxonomy":"product_brand","embeddable":true,"href":"https:\/\/abaa.mx\/tienda\/wp-json\/wp\/v2\/product_brand?post=6846"},{"taxonomy":"product_cat","embeddable":true,"href":"https:\/\/abaa.mx\/tienda\/wp-json\/wp\/v2\/product_cat?post=6846"},{"taxonomy":"product_tag","embeddable":true,"href":"https:\/\/abaa.mx\/tienda\/wp-json\/wp\/v2\/product_tag?post=6846"}],"curies":[{"name":"wp","href":"https:\/\/api.w.org\/{rel}","templated":true}]}}