{"id":6845,"date":"2023-10-19T17:24:35","date_gmt":"2023-10-19T17:24:35","guid":{"rendered":"https:\/\/abaa.mx\/tienda\/?post_type=product&#038;p=6845"},"modified":"2024-01-03T19:31:39","modified_gmt":"2024-01-03T19:31:39","slug":"manometro-digital-ametek-crystal-xp2i-de-0-a-10-000-psi","status":"publish","type":"product","link":"https:\/\/abaa.mx\/tienda\/manometro-digital-ametek-crystal-xp2i-de-0-a-10-000-psi\/","title":{"rendered":"381626 \u2014 multimetro digital tipo pluma con detector de nivel logico, autorango"},"content":{"rendered":"<h4>Caracter\u00edsticas:<\/h4>\n<ul class=\"a-unordered-list a-vertical a-spacing-mini\">\n<li class=\"a-spacing-mini\"><span class=\"a-list-item\">Mult\u00edmetro de rango autom\u00e1tico con 8 funciones, incluyendo prueba de corriente y l\u00f3gica.<\/span><\/li>\n<li class=\"a-spacing-mini\"><span class=\"a-list-item\">Gran pantalla LCD de alto contraste de 3200 unidades con gr\u00e1fico de barras.<\/span><\/li>\n<li class=\"a-spacing-mini\"><span class=\"a-list-item\">Apagado autom\u00e1tico para conservar la duraci\u00f3n de la bater\u00eda<\/span><\/li>\n<li class=\"a-spacing-mini\"><span class=\"a-list-item\">Voltaje y corriente CA\/CC, resistencia, diodo\/continuidad, prueba l\u00f3gica.<\/span><\/li>\n<li class=\"a-spacing-mini\"><span class=\"a-list-item\">Rango autom\u00e1tico con funciones de retenci\u00f3n de datos y retenci\u00f3n de rango.<\/span><\/li>\n<\/ul>\n","protected":false},"excerpt":{"rendered":"<ul>\n<li>Voltaje CC: 300 mV, 3, 30, 300, 500 V.<\/li>\n<li>Voltaje AC: 3, 30, 300, 500 V.<\/li>\n<li>Prueba l\u00f3gica: La visualizaci\u00f3n LED alta\/baja y LCD indican el nivel umbral CMOS\/TTL.<\/li>\n<li>Dimensiones: 1 x 26 x 191 x 40 mm.<\/li>\n<\/ul>\n<p>El bol\u00edgrafo mult\u00edmetro digital Extech 381626 cuenta con 8 funciones avanzadas, incluyendo voltaje CA\/CC, corriente, resistencia, diodo y continuidad. Este vers\u00e1til mult\u00edmetro profesional para interiores tambi\u00e9n permite al usuario realizar pruebas l\u00f3gicas. Los rangos de medici\u00f3n se pueden ajustar manualmente por el usuario y todos los rangos son compatibles con protecci\u00f3n contra sobrecarga.<\/p>\n<p>Integrado en el dise\u00f1o compacto de este mult\u00edmetro hay una gran visualizaci\u00f3n LCD de alto contraste de 3200 unidades con caracteres de 0,5 pulgadas de alto con s\u00edmbolos de par\u00e1metros completos. Las caracter\u00edsticas adicionales incluyen retenci\u00f3n de datos, retenci\u00f3n de rango y apagado autom\u00e1tico para ahorrar la duraci\u00f3n de la bater\u00eda. El Extech 381626 est\u00e1 dise\u00f1ado seg\u00fan las especificaciones IEC1010-1 Clase II de 500V.<\/p>\n<ul>\n<li>Completo con fusibles adicionales y cable de prueba con clip de cocodrilo.<\/li>\n<\/ul>\n","protected":false},"featured_media":9902,"comment_status":"open","ping_status":"closed","template":"","meta":{"_joinchat":[]},"product_brand":[],"product_cat":[15],"product_tag":[],"class_list":{"0":"post-6845","1":"product","2":"type-product","3":"status-publish","4":"has-post-thumbnail","6":"product_cat-sin-categorizar","8":"first","9":"instock","10":"shipping-taxable","11":"product-type-simple"},"yoast_head":"<!-- This site is optimized with the Yoast SEO plugin v26.4 - https:\/\/yoast.com\/wordpress\/plugins\/seo\/ -->\n<title>381626 \u2014 multimetro digital tipo pluma con detector de nivel logico, autorango - Abaa tienda online<\/title>\n<meta name=\"robots\" content=\"index, follow, max-snippet:-1, max-image-preview:large, max-video-preview:-1\" \/>\n<link rel=\"canonical\" href=\"https:\/\/abaa.mx\/tienda\/manometro-digital-ametek-crystal-xp2i-de-0-a-10-000-psi\/\" \/>\n<meta property=\"og:locale\" content=\"es_MX\" \/>\n<meta property=\"og:type\" content=\"article\" \/>\n<meta property=\"og:title\" content=\"381626 \u2014 multimetro digital tipo pluma con detector de nivel logico, autorango - Abaa tienda online\" \/>\n<meta property=\"og:description\" content=\"Voltaje CC: 300 mV, 3, 30, 300, 500 V.  Voltaje AC: 3, 30, 300, 500 V.  Prueba l\u00f3gica: La visualizaci\u00f3n LED alta\/baja y LCD indican el nivel umbral CMOS\/TTL.  Dimensiones: 1 x 26 x 191 x 40 mm.  El bol\u00edgrafo mult\u00edmetro digital Extech 381626 cuenta con 8 funciones avanzadas, incluyendo voltaje CA\/CC, corriente, resistencia, diodo y continuidad. Este vers\u00e1til mult\u00edmetro profesional para interiores tambi\u00e9n permite al usuario realizar pruebas l\u00f3gicas. Los rangos de medici\u00f3n se pueden ajustar manualmente por el usuario y todos los rangos son compatibles con protecci\u00f3n contra sobrecarga.  Integrado en el dise\u00f1o compacto de este mult\u00edmetro hay una gran visualizaci\u00f3n LCD de alto contraste de 3200 unidades con caracteres de 0,5 pulgadas de alto con s\u00edmbolos de par\u00e1metros completos. Las caracter\u00edsticas adicionales incluyen retenci\u00f3n de datos, retenci\u00f3n de rango y apagado autom\u00e1tico para ahorrar la duraci\u00f3n de la bater\u00eda. El Extech 381626 est\u00e1 dise\u00f1ado seg\u00fan las especificaciones IEC1010-1 Clase II de 500V.   Completo con fusibles adicionales y cable de prueba con clip de cocodrilo.\" \/>\n<meta property=\"og:url\" content=\"https:\/\/abaa.mx\/tienda\/manometro-digital-ametek-crystal-xp2i-de-0-a-10-000-psi\/\" \/>\n<meta property=\"og:site_name\" content=\"Abaa tienda online\" \/>\n<meta property=\"article:modified_time\" content=\"2024-01-03T19:31:39+00:00\" \/>\n<meta property=\"og:image\" content=\"https:\/\/abaa.mx\/tienda\/wp-content\/uploads\/2023\/10\/EXTECH-381626.jpg\" \/>\n\t<meta property=\"og:image:width\" content=\"379\" \/>\n\t<meta property=\"og:image:height\" content=\"416\" \/>\n\t<meta property=\"og:image:type\" content=\"image\/jpeg\" \/>\n<meta name=\"twitter:card\" content=\"summary_large_image\" \/>\n<meta name=\"twitter:label1\" content=\"Tiempo de lectura\" \/>\n\t<meta name=\"twitter:data1\" content=\"1 minuto\" \/>\n<script type=\"application\/ld+json\" class=\"yoast-schema-graph\">{\"@context\":\"https:\/\/schema.org\",\"@graph\":[{\"@type\":\"WebPage\",\"@id\":\"https:\/\/abaa.mx\/tienda\/manometro-digital-ametek-crystal-xp2i-de-0-a-10-000-psi\/\",\"url\":\"https:\/\/abaa.mx\/tienda\/manometro-digital-ametek-crystal-xp2i-de-0-a-10-000-psi\/\",\"name\":\"381626 \u2014 multimetro digital tipo pluma con detector de nivel logico, autorango - Abaa tienda online\",\"isPartOf\":{\"@id\":\"https:\/\/abaa.mx\/tienda\/#website\"},\"primaryImageOfPage\":{\"@id\":\"https:\/\/abaa.mx\/tienda\/manometro-digital-ametek-crystal-xp2i-de-0-a-10-000-psi\/#primaryimage\"},\"image\":{\"@id\":\"https:\/\/abaa.mx\/tienda\/manometro-digital-ametek-crystal-xp2i-de-0-a-10-000-psi\/#primaryimage\"},\"thumbnailUrl\":\"https:\/\/abaa.mx\/tienda\/wp-content\/uploads\/2023\/10\/EXTECH-381626.jpg\",\"datePublished\":\"2023-10-19T17:24:35+00:00\",\"dateModified\":\"2024-01-03T19:31:39+00:00\",\"breadcrumb\":{\"@id\":\"https:\/\/abaa.mx\/tienda\/manometro-digital-ametek-crystal-xp2i-de-0-a-10-000-psi\/#breadcrumb\"},\"inLanguage\":\"es\",\"potentialAction\":[{\"@type\":\"ReadAction\",\"target\":[\"https:\/\/abaa.mx\/tienda\/manometro-digital-ametek-crystal-xp2i-de-0-a-10-000-psi\/\"]}]},{\"@type\":\"ImageObject\",\"inLanguage\":\"es\",\"@id\":\"https:\/\/abaa.mx\/tienda\/manometro-digital-ametek-crystal-xp2i-de-0-a-10-000-psi\/#primaryimage\",\"url\":\"https:\/\/abaa.mx\/tienda\/wp-content\/uploads\/2023\/10\/EXTECH-381626.jpg\",\"contentUrl\":\"https:\/\/abaa.mx\/tienda\/wp-content\/uploads\/2023\/10\/EXTECH-381626.jpg\",\"width\":379,\"height\":416,\"caption\":\"EXTECH-381626\"},{\"@type\":\"BreadcrumbList\",\"@id\":\"https:\/\/abaa.mx\/tienda\/manometro-digital-ametek-crystal-xp2i-de-0-a-10-000-psi\/#breadcrumb\",\"itemListElement\":[{\"@type\":\"ListItem\",\"position\":1,\"name\":\"Inicio\",\"item\":\"https:\/\/abaa.mx\/tienda\/\"},{\"@type\":\"ListItem\",\"position\":2,\"name\":\"Tienda\",\"item\":\"https:\/\/abaa.mx\/tienda\/\"},{\"@type\":\"ListItem\",\"position\":3,\"name\":\"381626 \u2014 multimetro digital tipo pluma con detector de nivel logico, autorango\"}]},{\"@type\":\"WebSite\",\"@id\":\"https:\/\/abaa.mx\/tienda\/#website\",\"url\":\"https:\/\/abaa.mx\/tienda\/\",\"name\":\"Abaa tienda online\",\"description\":\"Instrumentos de medici\u00f3n\",\"publisher\":{\"@id\":\"https:\/\/abaa.mx\/tienda\/#organization\"},\"potentialAction\":[{\"@type\":\"SearchAction\",\"target\":{\"@type\":\"EntryPoint\",\"urlTemplate\":\"https:\/\/abaa.mx\/tienda\/?s={search_term_string}\"},\"query-input\":{\"@type\":\"PropertyValueSpecification\",\"valueRequired\":true,\"valueName\":\"search_term_string\"}}],\"inLanguage\":\"es\"},{\"@type\":\"Organization\",\"@id\":\"https:\/\/abaa.mx\/tienda\/#organization\",\"name\":\"Abaa tienda online\",\"url\":\"https:\/\/abaa.mx\/tienda\/\",\"logo\":{\"@type\":\"ImageObject\",\"inLanguage\":\"es\",\"@id\":\"https:\/\/abaa.mx\/tienda\/#\/schema\/logo\/image\/\",\"url\":\"https:\/\/abaa.mx\/tienda\/wp-content\/uploads\/2024\/01\/abaa-metrologia-tienda.png\",\"contentUrl\":\"https:\/\/abaa.mx\/tienda\/wp-content\/uploads\/2024\/01\/abaa-metrologia-tienda.png\",\"width\":300,\"height\":141,\"caption\":\"Abaa tienda online\"},\"image\":{\"@id\":\"https:\/\/abaa.mx\/tienda\/#\/schema\/logo\/image\/\"}}]}<\/script>\n<!-- \/ Yoast SEO plugin. -->","yoast_head_json":{"title":"381626 \u2014 multimetro digital tipo pluma con detector de nivel logico, autorango - Abaa tienda online","robots":{"index":"index","follow":"follow","max-snippet":"max-snippet:-1","max-image-preview":"max-image-preview:large","max-video-preview":"max-video-preview:-1"},"canonical":"https:\/\/abaa.mx\/tienda\/manometro-digital-ametek-crystal-xp2i-de-0-a-10-000-psi\/","og_locale":"es_MX","og_type":"article","og_title":"381626 \u2014 multimetro digital tipo pluma con detector de nivel logico, autorango - Abaa tienda online","og_description":"Voltaje CC: 300 mV, 3, 30, 300, 500 V.  Voltaje AC: 3, 30, 300, 500 V.  Prueba l\u00f3gica: La visualizaci\u00f3n LED alta\/baja y LCD indican el nivel umbral CMOS\/TTL.  Dimensiones: 1 x 26 x 191 x 40 mm.  El bol\u00edgrafo mult\u00edmetro digital Extech 381626 cuenta con 8 funciones avanzadas, incluyendo voltaje CA\/CC, corriente, resistencia, diodo y continuidad. Este vers\u00e1til mult\u00edmetro profesional para interiores tambi\u00e9n permite al usuario realizar pruebas l\u00f3gicas. Los rangos de medici\u00f3n se pueden ajustar manualmente por el usuario y todos los rangos son compatibles con protecci\u00f3n contra sobrecarga.  Integrado en el dise\u00f1o compacto de este mult\u00edmetro hay una gran visualizaci\u00f3n LCD de alto contraste de 3200 unidades con caracteres de 0,5 pulgadas de alto con s\u00edmbolos de par\u00e1metros completos. Las caracter\u00edsticas adicionales incluyen retenci\u00f3n de datos, retenci\u00f3n de rango y apagado autom\u00e1tico para ahorrar la duraci\u00f3n de la bater\u00eda. El Extech 381626 est\u00e1 dise\u00f1ado seg\u00fan las especificaciones IEC1010-1 Clase II de 500V.   Completo con fusibles adicionales y cable de prueba con clip de cocodrilo.","og_url":"https:\/\/abaa.mx\/tienda\/manometro-digital-ametek-crystal-xp2i-de-0-a-10-000-psi\/","og_site_name":"Abaa tienda online","article_modified_time":"2024-01-03T19:31:39+00:00","og_image":[{"width":379,"height":416,"url":"https:\/\/abaa.mx\/tienda\/wp-content\/uploads\/2023\/10\/EXTECH-381626.jpg","type":"image\/jpeg"}],"twitter_card":"summary_large_image","twitter_misc":{"Tiempo de lectura":"1 minuto"},"schema":{"@context":"https:\/\/schema.org","@graph":[{"@type":"WebPage","@id":"https:\/\/abaa.mx\/tienda\/manometro-digital-ametek-crystal-xp2i-de-0-a-10-000-psi\/","url":"https:\/\/abaa.mx\/tienda\/manometro-digital-ametek-crystal-xp2i-de-0-a-10-000-psi\/","name":"381626 \u2014 multimetro digital tipo pluma con detector de nivel logico, autorango - Abaa tienda online","isPartOf":{"@id":"https:\/\/abaa.mx\/tienda\/#website"},"primaryImageOfPage":{"@id":"https:\/\/abaa.mx\/tienda\/manometro-digital-ametek-crystal-xp2i-de-0-a-10-000-psi\/#primaryimage"},"image":{"@id":"https:\/\/abaa.mx\/tienda\/manometro-digital-ametek-crystal-xp2i-de-0-a-10-000-psi\/#primaryimage"},"thumbnailUrl":"https:\/\/abaa.mx\/tienda\/wp-content\/uploads\/2023\/10\/EXTECH-381626.jpg","datePublished":"2023-10-19T17:24:35+00:00","dateModified":"2024-01-03T19:31:39+00:00","breadcrumb":{"@id":"https:\/\/abaa.mx\/tienda\/manometro-digital-ametek-crystal-xp2i-de-0-a-10-000-psi\/#breadcrumb"},"inLanguage":"es","potentialAction":[{"@type":"ReadAction","target":["https:\/\/abaa.mx\/tienda\/manometro-digital-ametek-crystal-xp2i-de-0-a-10-000-psi\/"]}]},{"@type":"ImageObject","inLanguage":"es","@id":"https:\/\/abaa.mx\/tienda\/manometro-digital-ametek-crystal-xp2i-de-0-a-10-000-psi\/#primaryimage","url":"https:\/\/abaa.mx\/tienda\/wp-content\/uploads\/2023\/10\/EXTECH-381626.jpg","contentUrl":"https:\/\/abaa.mx\/tienda\/wp-content\/uploads\/2023\/10\/EXTECH-381626.jpg","width":379,"height":416,"caption":"EXTECH-381626"},{"@type":"BreadcrumbList","@id":"https:\/\/abaa.mx\/tienda\/manometro-digital-ametek-crystal-xp2i-de-0-a-10-000-psi\/#breadcrumb","itemListElement":[{"@type":"ListItem","position":1,"name":"Inicio","item":"https:\/\/abaa.mx\/tienda\/"},{"@type":"ListItem","position":2,"name":"Tienda","item":"https:\/\/abaa.mx\/tienda\/"},{"@type":"ListItem","position":3,"name":"381626 \u2014 multimetro digital tipo pluma con detector de nivel logico, autorango"}]},{"@type":"WebSite","@id":"https:\/\/abaa.mx\/tienda\/#website","url":"https:\/\/abaa.mx\/tienda\/","name":"Abaa tienda online","description":"Instrumentos de medici\u00f3n","publisher":{"@id":"https:\/\/abaa.mx\/tienda\/#organization"},"potentialAction":[{"@type":"SearchAction","target":{"@type":"EntryPoint","urlTemplate":"https:\/\/abaa.mx\/tienda\/?s={search_term_string}"},"query-input":{"@type":"PropertyValueSpecification","valueRequired":true,"valueName":"search_term_string"}}],"inLanguage":"es"},{"@type":"Organization","@id":"https:\/\/abaa.mx\/tienda\/#organization","name":"Abaa tienda online","url":"https:\/\/abaa.mx\/tienda\/","logo":{"@type":"ImageObject","inLanguage":"es","@id":"https:\/\/abaa.mx\/tienda\/#\/schema\/logo\/image\/","url":"https:\/\/abaa.mx\/tienda\/wp-content\/uploads\/2024\/01\/abaa-metrologia-tienda.png","contentUrl":"https:\/\/abaa.mx\/tienda\/wp-content\/uploads\/2024\/01\/abaa-metrologia-tienda.png","width":300,"height":141,"caption":"Abaa tienda online"},"image":{"@id":"https:\/\/abaa.mx\/tienda\/#\/schema\/logo\/image\/"}}]}},"_links":{"self":[{"href":"https:\/\/abaa.mx\/tienda\/wp-json\/wp\/v2\/product\/6845","targetHints":{"allow":["GET"]}}],"collection":[{"href":"https:\/\/abaa.mx\/tienda\/wp-json\/wp\/v2\/product"}],"about":[{"href":"https:\/\/abaa.mx\/tienda\/wp-json\/wp\/v2\/types\/product"}],"replies":[{"embeddable":true,"href":"https:\/\/abaa.mx\/tienda\/wp-json\/wp\/v2\/comments?post=6845"}],"wp:featuredmedia":[{"embeddable":true,"href":"https:\/\/abaa.mx\/tienda\/wp-json\/wp\/v2\/media\/9902"}],"wp:attachment":[{"href":"https:\/\/abaa.mx\/tienda\/wp-json\/wp\/v2\/media?parent=6845"}],"wp:term":[{"taxonomy":"product_brand","embeddable":true,"href":"https:\/\/abaa.mx\/tienda\/wp-json\/wp\/v2\/product_brand?post=6845"},{"taxonomy":"product_cat","embeddable":true,"href":"https:\/\/abaa.mx\/tienda\/wp-json\/wp\/v2\/product_cat?post=6845"},{"taxonomy":"product_tag","embeddable":true,"href":"https:\/\/abaa.mx\/tienda\/wp-json\/wp\/v2\/product_tag?post=6845"}],"curies":[{"name":"wp","href":"https:\/\/api.w.org\/{rel}","templated":true}]}}