{"id":6841,"date":"2023-10-19T17:15:49","date_gmt":"2023-10-19T17:15:49","guid":{"rendered":"https:\/\/abaa.mx\/tienda\/?post_type=product&#038;p=6841"},"modified":"2024-01-04T19:40:55","modified_gmt":"2024-01-04T19:40:55","slug":"manometro-digital-ametek-crystal-xp2i-de-0-a-300-psi","status":"publish","type":"product","link":"https:\/\/abaa.mx\/tienda\/manometro-digital-ametek-crystal-xp2i-de-0-a-300-psi\/","title":{"rendered":"38073 &#8211; Multimetro analogico"},"content":{"rendered":"<p>38073 &#8211; Multimetro analogico.<\/p>\n","protected":false},"excerpt":{"rendered":"<h3>Caracter\u00edsticas:<\/h3>\n<ul>\n<li>Instrumento de precisi\u00f3n multifunci\u00f3n de pantalla dual s\u00edncrona 2 en 1 anal\u00f3gico y digital, puede mirar el puntero cuando es din\u00e1mico, puede ver el n\u00famero cuando es est\u00e1tico.Los botones de voltaje CC y CA se pueden cambiar libremente<\/li>\n<li>Con una gran pantalla digital, puede ver claramente los datos.<\/li>\n<li>Este mult\u00edmetro tiene 8 \u00e1reas funcionales, 20 rangos.<\/li>\n<li>Puede medir voltaje CA, DCV, DVA, \u03a9, Batt, discriminaci\u00f3n on-off y medici\u00f3n LED. Tiene una medici\u00f3n de alta precisi\u00f3n y es f\u00e1cil de usar.<\/li>\n<\/ul>\n<p><strong>Especificaciones:<\/strong><\/p>\n<ul>\n<li>Condici\u00f3n: 100% nuevo.<\/li>\n<li>Modelo: KT7030.<\/li>\n<li>Fusible: F0.5A\/250V, F10A \/250 V, di\u00e1metro 5*20 mm.<\/li>\n<li>Entorno de trabajo: 0-40 \u2103, Rh &lt;70 %.<\/li>\n<li>Entorno de almacenamiento: -10-50 \u2103, Rh &lt;70 %.<br \/>\n&lt; br&gt;Tama\u00f1o de pantalla: 3 * 1 cm.<\/li>\n<li>Visualizaci\u00f3n m\u00e1xima: 9999.<\/li>\n<li>Voltaje CC: 0-600 V (\u00b13% de la escala completa) ((\u00b10,5%+ 2d).<\/li>\n<li>Voltaje CA: 0-600 V (\u00b14 % de la escala completa) ((\u00b10,8 %+ 3d).<\/li>\n<li>Corriente CC: 0-10 A (\u00b13 % de la escala completa) ((\u00b1 1 %+ 3d).<\/li>\n<li>CA: 0-10 A (\u00b14 % de la escala completa) ((\u00b11,5 %+ 3d).<\/li>\n<li>Resistencia: 0-20 M ohmios (\u00b13 % de la escala completa) Arco) ((\u00b10,8%+ 3d).<\/li>\n<li>Prueba de transistores: No.<\/li>\n<li>Prueba de temperatura: No.<\/li>\n<li>Prueba de frecuencia: No.<\/li>\n<li>Prueba de consumo de energ\u00eda: No.<\/li>\n<li>Protecci\u00f3n contra cortocircuitos: S\u00ed.<\/li>\n<li>Zumbido de cortocircuito: No.<\/li>\n<li>Apagado autom\u00e1tico: No.<\/li>\n<li>Fuente de alimentaci\u00f3n: Bater\u00eda 6F22 de 9 V.<br \/>\n&lt; br&gt;Precisi\u00f3n: DC\u00b13%, AC\u00b14% El per\u00edodo de calibraci\u00f3n del medidor es de un a\u00f1o<\/li>\n<li>Condiciones ambientales para garantizar la precisi\u00f3n: 18 \u2103 -28 \u2103 Humedad inferior al 75 % RH.<\/li>\n<li>Peso: Aproximadamente 580 g\/20,5 oz.<br \/>\n<strong><br \/>\nLista de paquetes:<\/strong><br \/>\n1 * Mult\u00edmetro anal\u00f3gico.<br \/>\n1 par de cables de prueba (30 cm).<br \/>\n&gt;1 * Manual de usuario en chino.<br \/>\n1 * Certificado del fabricante.<br \/>\n1 * Carcasa protectora.<br \/>\n1 * Bater\u00eda de 9 V (dentro del mult\u00edmetro).<\/li>\n<\/ul>\n","protected":false},"featured_media":9956,"comment_status":"open","ping_status":"closed","template":"","meta":{"_joinchat":[]},"product_brand":[],"product_cat":[15],"product_tag":[],"class_list":{"0":"post-6841","1":"product","2":"type-product","3":"status-publish","4":"has-post-thumbnail","6":"product_cat-sin-categorizar","8":"first","9":"instock","10":"shipping-taxable","11":"product-type-simple"},"yoast_head":"<!-- This site is optimized with the Yoast SEO plugin v26.4 - https:\/\/yoast.com\/wordpress\/plugins\/seo\/ -->\n<title>38073 - Multimetro analogico - Abaa tienda online<\/title>\n<meta name=\"robots\" content=\"index, follow, max-snippet:-1, max-image-preview:large, max-video-preview:-1\" \/>\n<link rel=\"canonical\" href=\"https:\/\/abaa.mx\/tienda\/manometro-digital-ametek-crystal-xp2i-de-0-a-300-psi\/\" \/>\n<meta property=\"og:locale\" content=\"es_MX\" \/>\n<meta property=\"og:type\" content=\"article\" \/>\n<meta property=\"og:title\" content=\"38073 - Multimetro analogico - Abaa tienda online\" \/>\n<meta property=\"og:description\" content=\"Caracter\u00edsticas:   Instrumento de precisi\u00f3n multifunci\u00f3n de pantalla dual s\u00edncrona 2 en 1 anal\u00f3gico y digital, puede mirar el puntero cuando es din\u00e1mico, puede ver el n\u00famero cuando es est\u00e1tico.Los botones de voltaje CC y CA se pueden cambiar libremente  Con una gran pantalla digital, puede ver claramente los datos.  Este mult\u00edmetro tiene 8 \u00e1reas funcionales, 20 rangos.  Puede medir voltaje CA, DCV, DVA, \u03a9, Batt, discriminaci\u00f3n on-off y medici\u00f3n LED. Tiene una medici\u00f3n de alta precisi\u00f3n y es f\u00e1cil de usar.  Especificaciones:   Condici\u00f3n: 100% nuevo.  Modelo: KT7030.  Fusible: F0.5A\/250V, F10A \/250 V, di\u00e1metro 5*20 mm.  Entorno de trabajo: 0-40 \u2103, Rh &lt;70 %.  Entorno de almacenamiento: -10-50 \u2103, Rh &lt;70 %. &lt; br&gt;Tama\u00f1o de pantalla: 3 * 1 cm.  Visualizaci\u00f3n m\u00e1xima: 9999.  Voltaje CC: 0-600 V (\u00b13% de la escala completa) ((\u00b10,5%+ 2d).  Voltaje CA: 0-600 V (\u00b14 % de la escala completa) ((\u00b10,8 %+ 3d).  Corriente CC: 0-10 A (\u00b13 % de la escala completa) ((\u00b1 1 %+ 3d).  CA: 0-10 A (\u00b14 % de la escala completa) ((\u00b11,5 %+ 3d).  Resistencia: 0-20 M ohmios (\u00b13 % de la escala completa) Arco) ((\u00b10,8%+ 3d).  Prueba de transistores: No.  Prueba de temperatura: No.  Prueba de frecuencia: No.  Prueba de consumo de energ\u00eda: No.  Protecci\u00f3n contra cortocircuitos: S\u00ed.  Zumbido de cortocircuito: No.  Apagado autom\u00e1tico: No.  Fuente de alimentaci\u00f3n: Bater\u00eda 6F22 de 9 V. &lt; br&gt;Precisi\u00f3n: DC\u00b13%, AC\u00b14% El per\u00edodo de calibraci\u00f3n del medidor es de un a\u00f1o  Condiciones ambientales para garantizar la precisi\u00f3n: 18 \u2103 -28 \u2103 Humedad inferior al 75 % RH.  Peso: Aproximadamente 580 g\/20,5 oz.  Lista de paquetes: 1 * Mult\u00edmetro anal\u00f3gico. 1 par de cables de prueba (30 cm). &gt;1 * Manual de usuario en chino. 1 * Certificado del fabricante. 1 * Carcasa protectora. 1 * Bater\u00eda de 9 V (dentro del mult\u00edmetro).\" \/>\n<meta property=\"og:url\" content=\"https:\/\/abaa.mx\/tienda\/manometro-digital-ametek-crystal-xp2i-de-0-a-300-psi\/\" \/>\n<meta property=\"og:site_name\" content=\"Abaa tienda online\" \/>\n<meta property=\"article:modified_time\" content=\"2024-01-04T19:40:55+00:00\" \/>\n<meta property=\"og:image\" content=\"https:\/\/abaa.mx\/tienda\/wp-content\/uploads\/2023\/10\/EXTECH-38073.jpg\" \/>\n\t<meta property=\"og:image:width\" content=\"493\" \/>\n\t<meta property=\"og:image:height\" content=\"571\" \/>\n\t<meta property=\"og:image:type\" content=\"image\/jpeg\" \/>\n<meta name=\"twitter:card\" content=\"summary_large_image\" \/>\n<meta name=\"twitter:label1\" content=\"Tiempo de lectura\" \/>\n\t<meta name=\"twitter:data1\" content=\"1 minuto\" \/>\n<script type=\"application\/ld+json\" class=\"yoast-schema-graph\">{\"@context\":\"https:\/\/schema.org\",\"@graph\":[{\"@type\":\"WebPage\",\"@id\":\"https:\/\/abaa.mx\/tienda\/manometro-digital-ametek-crystal-xp2i-de-0-a-300-psi\/\",\"url\":\"https:\/\/abaa.mx\/tienda\/manometro-digital-ametek-crystal-xp2i-de-0-a-300-psi\/\",\"name\":\"38073 - Multimetro analogico - Abaa tienda online\",\"isPartOf\":{\"@id\":\"https:\/\/abaa.mx\/tienda\/#website\"},\"primaryImageOfPage\":{\"@id\":\"https:\/\/abaa.mx\/tienda\/manometro-digital-ametek-crystal-xp2i-de-0-a-300-psi\/#primaryimage\"},\"image\":{\"@id\":\"https:\/\/abaa.mx\/tienda\/manometro-digital-ametek-crystal-xp2i-de-0-a-300-psi\/#primaryimage\"},\"thumbnailUrl\":\"https:\/\/abaa.mx\/tienda\/wp-content\/uploads\/2023\/10\/EXTECH-38073.jpg\",\"datePublished\":\"2023-10-19T17:15:49+00:00\",\"dateModified\":\"2024-01-04T19:40:55+00:00\",\"breadcrumb\":{\"@id\":\"https:\/\/abaa.mx\/tienda\/manometro-digital-ametek-crystal-xp2i-de-0-a-300-psi\/#breadcrumb\"},\"inLanguage\":\"es\",\"potentialAction\":[{\"@type\":\"ReadAction\",\"target\":[\"https:\/\/abaa.mx\/tienda\/manometro-digital-ametek-crystal-xp2i-de-0-a-300-psi\/\"]}]},{\"@type\":\"ImageObject\",\"inLanguage\":\"es\",\"@id\":\"https:\/\/abaa.mx\/tienda\/manometro-digital-ametek-crystal-xp2i-de-0-a-300-psi\/#primaryimage\",\"url\":\"https:\/\/abaa.mx\/tienda\/wp-content\/uploads\/2023\/10\/EXTECH-38073.jpg\",\"contentUrl\":\"https:\/\/abaa.mx\/tienda\/wp-content\/uploads\/2023\/10\/EXTECH-38073.jpg\",\"width\":493,\"height\":571,\"caption\":\"EXTECH-38073\"},{\"@type\":\"BreadcrumbList\",\"@id\":\"https:\/\/abaa.mx\/tienda\/manometro-digital-ametek-crystal-xp2i-de-0-a-300-psi\/#breadcrumb\",\"itemListElement\":[{\"@type\":\"ListItem\",\"position\":1,\"name\":\"Inicio\",\"item\":\"https:\/\/abaa.mx\/tienda\/\"},{\"@type\":\"ListItem\",\"position\":2,\"name\":\"Tienda\",\"item\":\"https:\/\/abaa.mx\/tienda\/\"},{\"@type\":\"ListItem\",\"position\":3,\"name\":\"38073 &#8211; Multimetro analogico\"}]},{\"@type\":\"WebSite\",\"@id\":\"https:\/\/abaa.mx\/tienda\/#website\",\"url\":\"https:\/\/abaa.mx\/tienda\/\",\"name\":\"Abaa tienda online\",\"description\":\"Instrumentos de medici\u00f3n\",\"publisher\":{\"@id\":\"https:\/\/abaa.mx\/tienda\/#organization\"},\"potentialAction\":[{\"@type\":\"SearchAction\",\"target\":{\"@type\":\"EntryPoint\",\"urlTemplate\":\"https:\/\/abaa.mx\/tienda\/?s={search_term_string}\"},\"query-input\":{\"@type\":\"PropertyValueSpecification\",\"valueRequired\":true,\"valueName\":\"search_term_string\"}}],\"inLanguage\":\"es\"},{\"@type\":\"Organization\",\"@id\":\"https:\/\/abaa.mx\/tienda\/#organization\",\"name\":\"Abaa tienda online\",\"url\":\"https:\/\/abaa.mx\/tienda\/\",\"logo\":{\"@type\":\"ImageObject\",\"inLanguage\":\"es\",\"@id\":\"https:\/\/abaa.mx\/tienda\/#\/schema\/logo\/image\/\",\"url\":\"https:\/\/abaa.mx\/tienda\/wp-content\/uploads\/2024\/01\/abaa-metrologia-tienda.png\",\"contentUrl\":\"https:\/\/abaa.mx\/tienda\/wp-content\/uploads\/2024\/01\/abaa-metrologia-tienda.png\",\"width\":300,\"height\":141,\"caption\":\"Abaa tienda online\"},\"image\":{\"@id\":\"https:\/\/abaa.mx\/tienda\/#\/schema\/logo\/image\/\"}}]}<\/script>\n<!-- \/ Yoast SEO plugin. -->","yoast_head_json":{"title":"38073 - Multimetro analogico - Abaa tienda online","robots":{"index":"index","follow":"follow","max-snippet":"max-snippet:-1","max-image-preview":"max-image-preview:large","max-video-preview":"max-video-preview:-1"},"canonical":"https:\/\/abaa.mx\/tienda\/manometro-digital-ametek-crystal-xp2i-de-0-a-300-psi\/","og_locale":"es_MX","og_type":"article","og_title":"38073 - Multimetro analogico - Abaa tienda online","og_description":"Caracter\u00edsticas:   Instrumento de precisi\u00f3n multifunci\u00f3n de pantalla dual s\u00edncrona 2 en 1 anal\u00f3gico y digital, puede mirar el puntero cuando es din\u00e1mico, puede ver el n\u00famero cuando es est\u00e1tico.Los botones de voltaje CC y CA se pueden cambiar libremente  Con una gran pantalla digital, puede ver claramente los datos.  Este mult\u00edmetro tiene 8 \u00e1reas funcionales, 20 rangos.  Puede medir voltaje CA, DCV, DVA, \u03a9, Batt, discriminaci\u00f3n on-off y medici\u00f3n LED. Tiene una medici\u00f3n de alta precisi\u00f3n y es f\u00e1cil de usar.  Especificaciones:   Condici\u00f3n: 100% nuevo.  Modelo: KT7030.  Fusible: F0.5A\/250V, F10A \/250 V, di\u00e1metro 5*20 mm.  Entorno de trabajo: 0-40 \u2103, Rh &lt;70 %.  Entorno de almacenamiento: -10-50 \u2103, Rh &lt;70 %. &lt; br&gt;Tama\u00f1o de pantalla: 3 * 1 cm.  Visualizaci\u00f3n m\u00e1xima: 9999.  Voltaje CC: 0-600 V (\u00b13% de la escala completa) ((\u00b10,5%+ 2d).  Voltaje CA: 0-600 V (\u00b14 % de la escala completa) ((\u00b10,8 %+ 3d).  Corriente CC: 0-10 A (\u00b13 % de la escala completa) ((\u00b1 1 %+ 3d).  CA: 0-10 A (\u00b14 % de la escala completa) ((\u00b11,5 %+ 3d).  Resistencia: 0-20 M ohmios (\u00b13 % de la escala completa) Arco) ((\u00b10,8%+ 3d).  Prueba de transistores: No.  Prueba de temperatura: No.  Prueba de frecuencia: No.  Prueba de consumo de energ\u00eda: No.  Protecci\u00f3n contra cortocircuitos: S\u00ed.  Zumbido de cortocircuito: No.  Apagado autom\u00e1tico: No.  Fuente de alimentaci\u00f3n: Bater\u00eda 6F22 de 9 V. &lt; br&gt;Precisi\u00f3n: DC\u00b13%, AC\u00b14% El per\u00edodo de calibraci\u00f3n del medidor es de un a\u00f1o  Condiciones ambientales para garantizar la precisi\u00f3n: 18 \u2103 -28 \u2103 Humedad inferior al 75 % RH.  Peso: Aproximadamente 580 g\/20,5 oz.  Lista de paquetes: 1 * Mult\u00edmetro anal\u00f3gico. 1 par de cables de prueba (30 cm). &gt;1 * Manual de usuario en chino. 1 * Certificado del fabricante. 1 * Carcasa protectora. 1 * Bater\u00eda de 9 V (dentro del mult\u00edmetro).","og_url":"https:\/\/abaa.mx\/tienda\/manometro-digital-ametek-crystal-xp2i-de-0-a-300-psi\/","og_site_name":"Abaa tienda online","article_modified_time":"2024-01-04T19:40:55+00:00","og_image":[{"width":493,"height":571,"url":"https:\/\/abaa.mx\/tienda\/wp-content\/uploads\/2023\/10\/EXTECH-38073.jpg","type":"image\/jpeg"}],"twitter_card":"summary_large_image","twitter_misc":{"Tiempo de lectura":"1 minuto"},"schema":{"@context":"https:\/\/schema.org","@graph":[{"@type":"WebPage","@id":"https:\/\/abaa.mx\/tienda\/manometro-digital-ametek-crystal-xp2i-de-0-a-300-psi\/","url":"https:\/\/abaa.mx\/tienda\/manometro-digital-ametek-crystal-xp2i-de-0-a-300-psi\/","name":"38073 - Multimetro analogico - Abaa tienda online","isPartOf":{"@id":"https:\/\/abaa.mx\/tienda\/#website"},"primaryImageOfPage":{"@id":"https:\/\/abaa.mx\/tienda\/manometro-digital-ametek-crystal-xp2i-de-0-a-300-psi\/#primaryimage"},"image":{"@id":"https:\/\/abaa.mx\/tienda\/manometro-digital-ametek-crystal-xp2i-de-0-a-300-psi\/#primaryimage"},"thumbnailUrl":"https:\/\/abaa.mx\/tienda\/wp-content\/uploads\/2023\/10\/EXTECH-38073.jpg","datePublished":"2023-10-19T17:15:49+00:00","dateModified":"2024-01-04T19:40:55+00:00","breadcrumb":{"@id":"https:\/\/abaa.mx\/tienda\/manometro-digital-ametek-crystal-xp2i-de-0-a-300-psi\/#breadcrumb"},"inLanguage":"es","potentialAction":[{"@type":"ReadAction","target":["https:\/\/abaa.mx\/tienda\/manometro-digital-ametek-crystal-xp2i-de-0-a-300-psi\/"]}]},{"@type":"ImageObject","inLanguage":"es","@id":"https:\/\/abaa.mx\/tienda\/manometro-digital-ametek-crystal-xp2i-de-0-a-300-psi\/#primaryimage","url":"https:\/\/abaa.mx\/tienda\/wp-content\/uploads\/2023\/10\/EXTECH-38073.jpg","contentUrl":"https:\/\/abaa.mx\/tienda\/wp-content\/uploads\/2023\/10\/EXTECH-38073.jpg","width":493,"height":571,"caption":"EXTECH-38073"},{"@type":"BreadcrumbList","@id":"https:\/\/abaa.mx\/tienda\/manometro-digital-ametek-crystal-xp2i-de-0-a-300-psi\/#breadcrumb","itemListElement":[{"@type":"ListItem","position":1,"name":"Inicio","item":"https:\/\/abaa.mx\/tienda\/"},{"@type":"ListItem","position":2,"name":"Tienda","item":"https:\/\/abaa.mx\/tienda\/"},{"@type":"ListItem","position":3,"name":"38073 &#8211; Multimetro analogico"}]},{"@type":"WebSite","@id":"https:\/\/abaa.mx\/tienda\/#website","url":"https:\/\/abaa.mx\/tienda\/","name":"Abaa tienda online","description":"Instrumentos de medici\u00f3n","publisher":{"@id":"https:\/\/abaa.mx\/tienda\/#organization"},"potentialAction":[{"@type":"SearchAction","target":{"@type":"EntryPoint","urlTemplate":"https:\/\/abaa.mx\/tienda\/?s={search_term_string}"},"query-input":{"@type":"PropertyValueSpecification","valueRequired":true,"valueName":"search_term_string"}}],"inLanguage":"es"},{"@type":"Organization","@id":"https:\/\/abaa.mx\/tienda\/#organization","name":"Abaa tienda online","url":"https:\/\/abaa.mx\/tienda\/","logo":{"@type":"ImageObject","inLanguage":"es","@id":"https:\/\/abaa.mx\/tienda\/#\/schema\/logo\/image\/","url":"https:\/\/abaa.mx\/tienda\/wp-content\/uploads\/2024\/01\/abaa-metrologia-tienda.png","contentUrl":"https:\/\/abaa.mx\/tienda\/wp-content\/uploads\/2024\/01\/abaa-metrologia-tienda.png","width":300,"height":141,"caption":"Abaa tienda online"},"image":{"@id":"https:\/\/abaa.mx\/tienda\/#\/schema\/logo\/image\/"}}]}},"_links":{"self":[{"href":"https:\/\/abaa.mx\/tienda\/wp-json\/wp\/v2\/product\/6841","targetHints":{"allow":["GET"]}}],"collection":[{"href":"https:\/\/abaa.mx\/tienda\/wp-json\/wp\/v2\/product"}],"about":[{"href":"https:\/\/abaa.mx\/tienda\/wp-json\/wp\/v2\/types\/product"}],"replies":[{"embeddable":true,"href":"https:\/\/abaa.mx\/tienda\/wp-json\/wp\/v2\/comments?post=6841"}],"wp:featuredmedia":[{"embeddable":true,"href":"https:\/\/abaa.mx\/tienda\/wp-json\/wp\/v2\/media\/9956"}],"wp:attachment":[{"href":"https:\/\/abaa.mx\/tienda\/wp-json\/wp\/v2\/media?parent=6841"}],"wp:term":[{"taxonomy":"product_brand","embeddable":true,"href":"https:\/\/abaa.mx\/tienda\/wp-json\/wp\/v2\/product_brand?post=6841"},{"taxonomy":"product_cat","embeddable":true,"href":"https:\/\/abaa.mx\/tienda\/wp-json\/wp\/v2\/product_cat?post=6841"},{"taxonomy":"product_tag","embeddable":true,"href":"https:\/\/abaa.mx\/tienda\/wp-json\/wp\/v2\/product_tag?post=6841"}],"curies":[{"name":"wp","href":"https:\/\/api.w.org\/{rel}","templated":true}]}}