{"id":6837,"date":"2023-10-19T17:54:42","date_gmt":"2023-10-19T17:54:42","guid":{"rendered":"https:\/\/abaa.mx\/tienda\/?post_type=product&#038;p=6837"},"modified":"2023-10-19T17:54:42","modified_gmt":"2023-10-19T17:54:42","slug":"divisor-de-linea-reed-r5400","status":"publish","type":"product","link":"https:\/\/abaa.mx\/tienda\/divisor-de-linea-reed-r5400\/","title":{"rendered":"Divisor de l\u00ednea reed r5400"},"content":{"rendered":"<p>Este divisor de l\u00ednea de CA permite al usuario de una pinza amperim\u00e9trica medir la corriente alterna en un cable de alimentaci\u00f3n de 2 o 3 hilos a 15 A.<\/p>\n<h5><strong>Funciones<\/strong><\/h5>\n<ul>\n<li>Permite al usuario medir la corriente alterna en un cable de alimentaci\u00f3n de 2 o 3 hilos a 15 A<\/li>\n<li>Se adapta a un tama\u00f1o de mordaza de abrazadera de 0,75&#8243; (19 mm) y superior<\/li>\n<li>Al enchufar el conector de alimentaci\u00f3n en el divisor de l\u00ednea, se separa el conductor caliente\/vivo del neutro (y la tierra)<\/li>\n<li>Dos posiciones de sensibilidad de medici\u00f3n (1X y 10X)<\/li>\n<li>Funci\u00f3n de comprobaci\u00f3n de tensi\u00f3n<\/li>\n<li>Gato. Clasificaci\u00f3n de seguridad II 600V<\/li>\n<\/ul>\n<h4>Especificaciones de REED R5400<\/h4>\n<table class=\"table table-striped\">\n<tbody>\n<tr>\n<td>Voltaje<\/td>\n<td>120V<\/td>\n<\/tr>\n<tr>\n<td>Rango de frecuencia<\/td>\n<td>De 50 a 60 Hz<\/td>\n<\/tr>\n<tr>\n<td>Corriente m\u00e1xima<\/td>\n<td>15A<\/td>\n<\/tr>\n<tr>\n<td>Compatibilidad de cables<\/td>\n<td>2 o 3 hilos<\/td>\n<\/tr>\n<tr>\n<td>Categor\u00eda de sobretensi\u00f3n<\/td>\n<td>GATO. II 600V<\/td>\n<\/tr>\n<tr>\n<td>Certificaciones de productos<\/td>\n<td>Despu\u00e9s de Cristo<\/td>\n<\/tr>\n<tr>\n<td>Temperatura de funcionamiento<\/td>\n<td>De 32 a 122 \u00b0C (de 0 a 50 \u00b0F)<\/td>\n<\/tr>\n<tr>\n<td>Humedad de funcionamiento<\/td>\n<td>De 0 a 85%<\/td>\n<\/tr>\n<tr>\n<td>Temperatura de almacenamiento<\/td>\n<td>-4 a 140 \u00b0F (-20 a 60 \u00b0C)<\/td>\n<\/tr>\n<tr>\n<td>Dimensiones<\/td>\n<td>5,3 x 2 x 1&#8243; (133 x 51 x 25 mm)<\/td>\n<\/tr>\n<tr>\n<td>Peso<\/td>\n<td>5,8 onzas (165 g)<\/td>\n<\/tr>\n<\/tbody>\n<\/table>\n","protected":false},"excerpt":{"rendered":"<p class=\"short-description mhide ipad-view-setting\">Proporciona mediciones seguras de corriente sin necesidad de separar los conductores.<\/p>\n<p class=\"comment-tag-product\">\n<div class=\"row-fluid\">\n<div class=\"span12 mobile-pricing-box-padding\">\n<form id=\"12400\" accept-charset=\"utf-8\" action=\"https:\/\/www.globaltestsupply.com\/shop\/add\" method=\"post\" name=\"addTocartFunction\">\n<div><\/div>\n<\/form>\n<\/div>\n<\/div>\n","protected":false},"featured_media":6890,"comment_status":"open","ping_status":"closed","template":"","meta":{"_joinchat":[]},"product_brand":[],"product_cat":[15],"product_tag":[],"class_list":{"0":"post-6837","1":"product","2":"type-product","3":"status-publish","4":"has-post-thumbnail","6":"product_cat-sin-categorizar","8":"first","9":"instock","10":"shipping-taxable","11":"product-type-simple"},"yoast_head":"<!-- This site is optimized with the Yoast SEO plugin v26.4 - https:\/\/yoast.com\/wordpress\/plugins\/seo\/ -->\n<title>Divisor de l\u00ednea reed r5400 - Abaa tienda online<\/title>\n<meta name=\"robots\" content=\"index, follow, max-snippet:-1, max-image-preview:large, max-video-preview:-1\" \/>\n<link rel=\"canonical\" href=\"https:\/\/abaa.mx\/tienda\/divisor-de-linea-reed-r5400\/\" \/>\n<meta property=\"og:locale\" content=\"es_MX\" \/>\n<meta property=\"og:type\" content=\"article\" \/>\n<meta property=\"og:title\" content=\"Divisor de l\u00ednea reed r5400 - Abaa tienda online\" \/>\n<meta property=\"og:description\" content=\"Proporciona mediciones seguras de corriente sin necesidad de separar los conductores.\" \/>\n<meta property=\"og:url\" content=\"https:\/\/abaa.mx\/tienda\/divisor-de-linea-reed-r5400\/\" \/>\n<meta property=\"og:site_name\" content=\"Abaa tienda online\" \/>\n<meta property=\"og:image\" content=\"https:\/\/abaa.mx\/tienda\/wp-content\/uploads\/2023\/10\/R5400.jpg\" \/>\n\t<meta property=\"og:image:width\" content=\"536\" \/>\n\t<meta property=\"og:image:height\" content=\"536\" \/>\n\t<meta property=\"og:image:type\" content=\"image\/jpeg\" \/>\n<meta name=\"twitter:card\" content=\"summary_large_image\" \/>\n<meta name=\"twitter:label1\" content=\"Tiempo de lectura\" \/>\n\t<meta name=\"twitter:data1\" content=\"1 minuto\" \/>\n<script type=\"application\/ld+json\" class=\"yoast-schema-graph\">{\"@context\":\"https:\/\/schema.org\",\"@graph\":[{\"@type\":\"WebPage\",\"@id\":\"https:\/\/abaa.mx\/tienda\/divisor-de-linea-reed-r5400\/\",\"url\":\"https:\/\/abaa.mx\/tienda\/divisor-de-linea-reed-r5400\/\",\"name\":\"Divisor de l\u00ednea reed r5400 - Abaa tienda online\",\"isPartOf\":{\"@id\":\"https:\/\/abaa.mx\/tienda\/#website\"},\"primaryImageOfPage\":{\"@id\":\"https:\/\/abaa.mx\/tienda\/divisor-de-linea-reed-r5400\/#primaryimage\"},\"image\":{\"@id\":\"https:\/\/abaa.mx\/tienda\/divisor-de-linea-reed-r5400\/#primaryimage\"},\"thumbnailUrl\":\"https:\/\/abaa.mx\/tienda\/wp-content\/uploads\/2023\/10\/R5400.jpg\",\"datePublished\":\"2023-10-19T17:54:42+00:00\",\"breadcrumb\":{\"@id\":\"https:\/\/abaa.mx\/tienda\/divisor-de-linea-reed-r5400\/#breadcrumb\"},\"inLanguage\":\"es\",\"potentialAction\":[{\"@type\":\"ReadAction\",\"target\":[\"https:\/\/abaa.mx\/tienda\/divisor-de-linea-reed-r5400\/\"]}]},{\"@type\":\"ImageObject\",\"inLanguage\":\"es\",\"@id\":\"https:\/\/abaa.mx\/tienda\/divisor-de-linea-reed-r5400\/#primaryimage\",\"url\":\"https:\/\/abaa.mx\/tienda\/wp-content\/uploads\/2023\/10\/R5400.jpg\",\"contentUrl\":\"https:\/\/abaa.mx\/tienda\/wp-content\/uploads\/2023\/10\/R5400.jpg\",\"width\":536,\"height\":536,\"caption\":\"divisor-de-linea-reed-r5400\"},{\"@type\":\"BreadcrumbList\",\"@id\":\"https:\/\/abaa.mx\/tienda\/divisor-de-linea-reed-r5400\/#breadcrumb\",\"itemListElement\":[{\"@type\":\"ListItem\",\"position\":1,\"name\":\"Inicio\",\"item\":\"https:\/\/abaa.mx\/tienda\/\"},{\"@type\":\"ListItem\",\"position\":2,\"name\":\"Tienda\",\"item\":\"https:\/\/abaa.mx\/tienda\/\"},{\"@type\":\"ListItem\",\"position\":3,\"name\":\"Divisor de l\u00ednea reed r5400\"}]},{\"@type\":\"WebSite\",\"@id\":\"https:\/\/abaa.mx\/tienda\/#website\",\"url\":\"https:\/\/abaa.mx\/tienda\/\",\"name\":\"Abaa tienda online\",\"description\":\"Instrumentos de medici\u00f3n\",\"publisher\":{\"@id\":\"https:\/\/abaa.mx\/tienda\/#organization\"},\"potentialAction\":[{\"@type\":\"SearchAction\",\"target\":{\"@type\":\"EntryPoint\",\"urlTemplate\":\"https:\/\/abaa.mx\/tienda\/?s={search_term_string}\"},\"query-input\":{\"@type\":\"PropertyValueSpecification\",\"valueRequired\":true,\"valueName\":\"search_term_string\"}}],\"inLanguage\":\"es\"},{\"@type\":\"Organization\",\"@id\":\"https:\/\/abaa.mx\/tienda\/#organization\",\"name\":\"Abaa tienda online\",\"url\":\"https:\/\/abaa.mx\/tienda\/\",\"logo\":{\"@type\":\"ImageObject\",\"inLanguage\":\"es\",\"@id\":\"https:\/\/abaa.mx\/tienda\/#\/schema\/logo\/image\/\",\"url\":\"https:\/\/abaa.mx\/tienda\/wp-content\/uploads\/2024\/01\/abaa-metrologia-tienda.png\",\"contentUrl\":\"https:\/\/abaa.mx\/tienda\/wp-content\/uploads\/2024\/01\/abaa-metrologia-tienda.png\",\"width\":300,\"height\":141,\"caption\":\"Abaa tienda online\"},\"image\":{\"@id\":\"https:\/\/abaa.mx\/tienda\/#\/schema\/logo\/image\/\"}}]}<\/script>\n<!-- \/ Yoast SEO plugin. -->","yoast_head_json":{"title":"Divisor de l\u00ednea reed r5400 - Abaa tienda online","robots":{"index":"index","follow":"follow","max-snippet":"max-snippet:-1","max-image-preview":"max-image-preview:large","max-video-preview":"max-video-preview:-1"},"canonical":"https:\/\/abaa.mx\/tienda\/divisor-de-linea-reed-r5400\/","og_locale":"es_MX","og_type":"article","og_title":"Divisor de l\u00ednea reed r5400 - Abaa tienda online","og_description":"Proporciona mediciones seguras de corriente sin necesidad de separar los conductores.","og_url":"https:\/\/abaa.mx\/tienda\/divisor-de-linea-reed-r5400\/","og_site_name":"Abaa tienda online","og_image":[{"width":536,"height":536,"url":"https:\/\/abaa.mx\/tienda\/wp-content\/uploads\/2023\/10\/R5400.jpg","type":"image\/jpeg"}],"twitter_card":"summary_large_image","twitter_misc":{"Tiempo de lectura":"1 minuto"},"schema":{"@context":"https:\/\/schema.org","@graph":[{"@type":"WebPage","@id":"https:\/\/abaa.mx\/tienda\/divisor-de-linea-reed-r5400\/","url":"https:\/\/abaa.mx\/tienda\/divisor-de-linea-reed-r5400\/","name":"Divisor de l\u00ednea reed r5400 - Abaa tienda online","isPartOf":{"@id":"https:\/\/abaa.mx\/tienda\/#website"},"primaryImageOfPage":{"@id":"https:\/\/abaa.mx\/tienda\/divisor-de-linea-reed-r5400\/#primaryimage"},"image":{"@id":"https:\/\/abaa.mx\/tienda\/divisor-de-linea-reed-r5400\/#primaryimage"},"thumbnailUrl":"https:\/\/abaa.mx\/tienda\/wp-content\/uploads\/2023\/10\/R5400.jpg","datePublished":"2023-10-19T17:54:42+00:00","breadcrumb":{"@id":"https:\/\/abaa.mx\/tienda\/divisor-de-linea-reed-r5400\/#breadcrumb"},"inLanguage":"es","potentialAction":[{"@type":"ReadAction","target":["https:\/\/abaa.mx\/tienda\/divisor-de-linea-reed-r5400\/"]}]},{"@type":"ImageObject","inLanguage":"es","@id":"https:\/\/abaa.mx\/tienda\/divisor-de-linea-reed-r5400\/#primaryimage","url":"https:\/\/abaa.mx\/tienda\/wp-content\/uploads\/2023\/10\/R5400.jpg","contentUrl":"https:\/\/abaa.mx\/tienda\/wp-content\/uploads\/2023\/10\/R5400.jpg","width":536,"height":536,"caption":"divisor-de-linea-reed-r5400"},{"@type":"BreadcrumbList","@id":"https:\/\/abaa.mx\/tienda\/divisor-de-linea-reed-r5400\/#breadcrumb","itemListElement":[{"@type":"ListItem","position":1,"name":"Inicio","item":"https:\/\/abaa.mx\/tienda\/"},{"@type":"ListItem","position":2,"name":"Tienda","item":"https:\/\/abaa.mx\/tienda\/"},{"@type":"ListItem","position":3,"name":"Divisor de l\u00ednea reed r5400"}]},{"@type":"WebSite","@id":"https:\/\/abaa.mx\/tienda\/#website","url":"https:\/\/abaa.mx\/tienda\/","name":"Abaa tienda online","description":"Instrumentos de medici\u00f3n","publisher":{"@id":"https:\/\/abaa.mx\/tienda\/#organization"},"potentialAction":[{"@type":"SearchAction","target":{"@type":"EntryPoint","urlTemplate":"https:\/\/abaa.mx\/tienda\/?s={search_term_string}"},"query-input":{"@type":"PropertyValueSpecification","valueRequired":true,"valueName":"search_term_string"}}],"inLanguage":"es"},{"@type":"Organization","@id":"https:\/\/abaa.mx\/tienda\/#organization","name":"Abaa tienda online","url":"https:\/\/abaa.mx\/tienda\/","logo":{"@type":"ImageObject","inLanguage":"es","@id":"https:\/\/abaa.mx\/tienda\/#\/schema\/logo\/image\/","url":"https:\/\/abaa.mx\/tienda\/wp-content\/uploads\/2024\/01\/abaa-metrologia-tienda.png","contentUrl":"https:\/\/abaa.mx\/tienda\/wp-content\/uploads\/2024\/01\/abaa-metrologia-tienda.png","width":300,"height":141,"caption":"Abaa tienda online"},"image":{"@id":"https:\/\/abaa.mx\/tienda\/#\/schema\/logo\/image\/"}}]}},"_links":{"self":[{"href":"https:\/\/abaa.mx\/tienda\/wp-json\/wp\/v2\/product\/6837","targetHints":{"allow":["GET"]}}],"collection":[{"href":"https:\/\/abaa.mx\/tienda\/wp-json\/wp\/v2\/product"}],"about":[{"href":"https:\/\/abaa.mx\/tienda\/wp-json\/wp\/v2\/types\/product"}],"replies":[{"embeddable":true,"href":"https:\/\/abaa.mx\/tienda\/wp-json\/wp\/v2\/comments?post=6837"}],"wp:featuredmedia":[{"embeddable":true,"href":"https:\/\/abaa.mx\/tienda\/wp-json\/wp\/v2\/media\/6890"}],"wp:attachment":[{"href":"https:\/\/abaa.mx\/tienda\/wp-json\/wp\/v2\/media?parent=6837"}],"wp:term":[{"taxonomy":"product_brand","embeddable":true,"href":"https:\/\/abaa.mx\/tienda\/wp-json\/wp\/v2\/product_brand?post=6837"},{"taxonomy":"product_cat","embeddable":true,"href":"https:\/\/abaa.mx\/tienda\/wp-json\/wp\/v2\/product_cat?post=6837"},{"taxonomy":"product_tag","embeddable":true,"href":"https:\/\/abaa.mx\/tienda\/wp-json\/wp\/v2\/product_tag?post=6837"}],"curies":[{"name":"wp","href":"https:\/\/api.w.org\/{rel}","templated":true}]}}