{"id":6836,"date":"2023-10-19T17:53:15","date_gmt":"2023-10-19T17:53:15","guid":{"rendered":"https:\/\/abaa.mx\/tienda\/?post_type=product&#038;p=6836"},"modified":"2023-10-19T17:53:16","modified_gmt":"2023-10-19T17:53:16","slug":"medidor-de-potencia-reed-r5090","status":"publish","type":"product","link":"https:\/\/abaa.mx\/tienda\/medidor-de-potencia-reed-r5090\/","title":{"rendered":"Medidor de potencia reed r5090"},"content":{"rendered":"<p>El R5090 es un medidor de potencia f\u00e1cil de usar que mide con precisi\u00f3n el consumo de energ\u00eda de los dispositivos electr\u00f3nicos. Simplemente establezca la tarifa de servicios p\u00fablicos locales en kilovatios-hora (KWH) y conecte un electrodom\u00e9stico para comenzar a realizar un seguimiento del costo. El R5090 tambi\u00e9n se puede utilizar para verificar la calidad de la energ\u00eda mediante el monitoreo del voltaje, la frecuencia y el factor de potencia.<\/p>\n<h5><strong>Funciones<\/strong><\/h5>\n<ul>\n<li>Calcula los costos operativos de los dispositivos electr\u00f3nicos<\/li>\n<li>Muestra 8 unidades de medida importantes (voltaje, corriente, vatios, frecuencia, factor de potencia, energ\u00eda utilizada (kWh), costo total y tiempo transcurrido)<\/li>\n<li>Pantalla LCD dual f\u00e1cil de leer<\/li>\n<li>Bater\u00eda de respaldo incorporada<\/li>\n<li>Cumple con los est\u00e1ndares UL y CSA<\/li>\n<\/ul>\n<h4>Especificaciones de REED R5090<\/h4>\n<table class=\"table table-striped\">\n<tbody>\n<tr>\n<td>Rangos de medici\u00f3n<\/td>\n<td>Voltaje: 100 a 150VAC 60Hz Corriente: 0 a 15A Potencia<br \/>\n: 0 a 1800W<br \/>\nFactor de potencia: 0 a 1.00<br \/>\nFrecuencia: 45 a 65Hz<\/td>\n<\/tr>\n<tr>\n<td>Exactitud<\/td>\n<td>Voltaje: \u00b1 (1% rdg. + 1dgt.)<br \/>\nCorriente: \u00b1(1% rdg. + 10dgt.) @ 0.010 a 0.999A; \u00b1(1% rdg.+ 5dgt.) @ 1.00 a 15.00A Potencia<br \/>\n: \u00b1(1% rdg. + 10dgt.) @ 1.0 a 100.0W; \u00b1(1% rdg. + 5dgt.) @ 100.0 a 999.9W; \u00b1(1% rdg. + 1dgt.) @ 1000 ~ 1800W<br \/>\nFactor de potencia: \u00b1 (2% rdg. + 10dgt.) @ 0.30 a 0.49; \u00b1(2% rdg. + 5dgt.) @ 0.50 a 1 Frecuencia: \u00b1(1<br \/>\n% rdg. + 1dgt.)<\/td>\n<\/tr>\n<tr>\n<td>Rangos de registro<\/td>\n<td>Energ\u00eda: 0 a 9999kWh<br \/>\nCosto: $0 a $9999 Tiempo<br \/>\ntotal: 0min a 9999 d\u00edas<\/td>\n<\/tr>\n<tr>\n<td>Monitor<\/td>\n<td>Doble pantalla LCD<\/td>\n<\/tr>\n<tr>\n<td>Actualizaci\u00f3n de pantalla<\/td>\n<td>1 vez\/seg.<\/td>\n<\/tr>\n<tr>\n<td>Indicador de rango excesivo<\/td>\n<td>S\u00ed<\/td>\n<\/tr>\n<tr>\n<td>Fuente de alimentaci\u00f3n<\/td>\n<td>1 bater\u00eda de 3 V (CR2032, bater\u00eda de respaldo)<\/td>\n<\/tr>\n<tr>\n<td>Categor\u00eda de sobretensi\u00f3n<\/td>\n<td>GATO. II 150V<\/td>\n<\/tr>\n<tr>\n<td>Certificaciones de productos<\/td>\n<td>CE, ETL, cumple con UL STD.61010-1, 61010-2-030; Certificado seg\u00fan CSA STD. C22.2 NO.61010-1, 61010-2-030<\/td>\n<\/tr>\n<tr>\n<td>Temperatura de funcionamiento<\/td>\n<td>De 32 a 122 \u00b0C (de 0 a 50 \u00b0F)<\/td>\n<\/tr>\n<tr>\n<td>Temperatura de almacenamiento<\/td>\n<td>De -14 a 140 \u00b0C (de 10 a 60 \u00b0F)<\/td>\n<\/tr>\n<tr>\n<td>Rango de humedad de funcionamiento<\/td>\n<td>Del 10 al 90%<\/td>\n<\/tr>\n<tr>\n<td>Dimensiones<\/td>\n<td>5,1 x 2,6 x 1,5&#8243; (130 x 65 x 37 mm)<\/td>\n<\/tr>\n<tr>\n<td>Peso<\/td>\n<td>1,9 onzas (155 g)<\/td>\n<\/tr>\n<\/tbody>\n<\/table>\n","protected":false},"excerpt":{"rendered":"<p class=\"short-description mhide ipad-view-setting\">Mide con precisi\u00f3n el consumo de energ\u00eda y calcula los costos operativos de los electrodom\u00e9sticos.<\/p>\n<p class=\"comment-tag-product\">\n<div class=\"row-fluid\">\n<div class=\"span12 mobile-pricing-box-padding\">\n<form id=\"96922\" accept-charset=\"utf-8\" action=\"https:\/\/www.globaltestsupply.com\/shop\/add\" method=\"post\" name=\"addTocartFunction\">\n<div><\/div>\n<\/form>\n<\/div>\n<\/div>\n","protected":false},"featured_media":6888,"comment_status":"open","ping_status":"closed","template":"","meta":{"_joinchat":[]},"product_brand":[],"product_cat":[15],"product_tag":[],"class_list":{"0":"post-6836","1":"product","2":"type-product","3":"status-publish","4":"has-post-thumbnail","6":"product_cat-sin-categorizar","8":"first","9":"instock","10":"shipping-taxable","11":"product-type-simple"},"yoast_head":"<!-- This site is optimized with the Yoast SEO plugin v26.4 - https:\/\/yoast.com\/wordpress\/plugins\/seo\/ -->\n<title>Medidor de potencia reed r5090 - Abaa tienda online<\/title>\n<meta name=\"robots\" content=\"index, follow, max-snippet:-1, max-image-preview:large, max-video-preview:-1\" \/>\n<link rel=\"canonical\" href=\"https:\/\/abaa.mx\/tienda\/medidor-de-potencia-reed-r5090\/\" \/>\n<meta property=\"og:locale\" content=\"es_MX\" \/>\n<meta property=\"og:type\" content=\"article\" \/>\n<meta property=\"og:title\" content=\"Medidor de potencia reed r5090 - Abaa tienda online\" \/>\n<meta property=\"og:description\" content=\"Mide con precisi\u00f3n el consumo de energ\u00eda y calcula los costos operativos de los electrodom\u00e9sticos.\" \/>\n<meta property=\"og:url\" content=\"https:\/\/abaa.mx\/tienda\/medidor-de-potencia-reed-r5090\/\" \/>\n<meta property=\"og:site_name\" content=\"Abaa tienda online\" \/>\n<meta property=\"article:modified_time\" content=\"2023-10-19T17:53:16+00:00\" \/>\n<meta property=\"og:image\" content=\"https:\/\/abaa.mx\/tienda\/wp-content\/uploads\/2023\/10\/R5090.jpg\" \/>\n\t<meta property=\"og:image:width\" content=\"474\" \/>\n\t<meta property=\"og:image:height\" content=\"474\" \/>\n\t<meta property=\"og:image:type\" content=\"image\/jpeg\" \/>\n<meta name=\"twitter:card\" content=\"summary_large_image\" \/>\n<meta name=\"twitter:label1\" content=\"Tiempo de lectura\" \/>\n\t<meta name=\"twitter:data1\" content=\"2 minutos\" \/>\n<script type=\"application\/ld+json\" class=\"yoast-schema-graph\">{\"@context\":\"https:\/\/schema.org\",\"@graph\":[{\"@type\":\"WebPage\",\"@id\":\"https:\/\/abaa.mx\/tienda\/medidor-de-potencia-reed-r5090\/\",\"url\":\"https:\/\/abaa.mx\/tienda\/medidor-de-potencia-reed-r5090\/\",\"name\":\"Medidor de potencia reed r5090 - Abaa tienda online\",\"isPartOf\":{\"@id\":\"https:\/\/abaa.mx\/tienda\/#website\"},\"primaryImageOfPage\":{\"@id\":\"https:\/\/abaa.mx\/tienda\/medidor-de-potencia-reed-r5090\/#primaryimage\"},\"image\":{\"@id\":\"https:\/\/abaa.mx\/tienda\/medidor-de-potencia-reed-r5090\/#primaryimage\"},\"thumbnailUrl\":\"https:\/\/abaa.mx\/tienda\/wp-content\/uploads\/2023\/10\/R5090.jpg\",\"datePublished\":\"2023-10-19T17:53:15+00:00\",\"dateModified\":\"2023-10-19T17:53:16+00:00\",\"breadcrumb\":{\"@id\":\"https:\/\/abaa.mx\/tienda\/medidor-de-potencia-reed-r5090\/#breadcrumb\"},\"inLanguage\":\"es\",\"potentialAction\":[{\"@type\":\"ReadAction\",\"target\":[\"https:\/\/abaa.mx\/tienda\/medidor-de-potencia-reed-r5090\/\"]}]},{\"@type\":\"ImageObject\",\"inLanguage\":\"es\",\"@id\":\"https:\/\/abaa.mx\/tienda\/medidor-de-potencia-reed-r5090\/#primaryimage\",\"url\":\"https:\/\/abaa.mx\/tienda\/wp-content\/uploads\/2023\/10\/R5090.jpg\",\"contentUrl\":\"https:\/\/abaa.mx\/tienda\/wp-content\/uploads\/2023\/10\/R5090.jpg\",\"width\":474,\"height\":474,\"caption\":\"medidor-de-potencia-reed-r5090\"},{\"@type\":\"BreadcrumbList\",\"@id\":\"https:\/\/abaa.mx\/tienda\/medidor-de-potencia-reed-r5090\/#breadcrumb\",\"itemListElement\":[{\"@type\":\"ListItem\",\"position\":1,\"name\":\"Inicio\",\"item\":\"https:\/\/abaa.mx\/tienda\/\"},{\"@type\":\"ListItem\",\"position\":2,\"name\":\"Tienda\",\"item\":\"https:\/\/abaa.mx\/tienda\/\"},{\"@type\":\"ListItem\",\"position\":3,\"name\":\"Medidor de potencia reed r5090\"}]},{\"@type\":\"WebSite\",\"@id\":\"https:\/\/abaa.mx\/tienda\/#website\",\"url\":\"https:\/\/abaa.mx\/tienda\/\",\"name\":\"Abaa tienda online\",\"description\":\"Instrumentos de medici\u00f3n\",\"publisher\":{\"@id\":\"https:\/\/abaa.mx\/tienda\/#organization\"},\"potentialAction\":[{\"@type\":\"SearchAction\",\"target\":{\"@type\":\"EntryPoint\",\"urlTemplate\":\"https:\/\/abaa.mx\/tienda\/?s={search_term_string}\"},\"query-input\":{\"@type\":\"PropertyValueSpecification\",\"valueRequired\":true,\"valueName\":\"search_term_string\"}}],\"inLanguage\":\"es\"},{\"@type\":\"Organization\",\"@id\":\"https:\/\/abaa.mx\/tienda\/#organization\",\"name\":\"Abaa tienda online\",\"url\":\"https:\/\/abaa.mx\/tienda\/\",\"logo\":{\"@type\":\"ImageObject\",\"inLanguage\":\"es\",\"@id\":\"https:\/\/abaa.mx\/tienda\/#\/schema\/logo\/image\/\",\"url\":\"https:\/\/abaa.mx\/tienda\/wp-content\/uploads\/2024\/01\/abaa-metrologia-tienda.png\",\"contentUrl\":\"https:\/\/abaa.mx\/tienda\/wp-content\/uploads\/2024\/01\/abaa-metrologia-tienda.png\",\"width\":300,\"height\":141,\"caption\":\"Abaa tienda online\"},\"image\":{\"@id\":\"https:\/\/abaa.mx\/tienda\/#\/schema\/logo\/image\/\"}}]}<\/script>\n<!-- \/ Yoast SEO plugin. -->","yoast_head_json":{"title":"Medidor de potencia reed r5090 - Abaa tienda online","robots":{"index":"index","follow":"follow","max-snippet":"max-snippet:-1","max-image-preview":"max-image-preview:large","max-video-preview":"max-video-preview:-1"},"canonical":"https:\/\/abaa.mx\/tienda\/medidor-de-potencia-reed-r5090\/","og_locale":"es_MX","og_type":"article","og_title":"Medidor de potencia reed r5090 - Abaa tienda online","og_description":"Mide con precisi\u00f3n el consumo de energ\u00eda y calcula los costos operativos de los electrodom\u00e9sticos.","og_url":"https:\/\/abaa.mx\/tienda\/medidor-de-potencia-reed-r5090\/","og_site_name":"Abaa tienda online","article_modified_time":"2023-10-19T17:53:16+00:00","og_image":[{"width":474,"height":474,"url":"https:\/\/abaa.mx\/tienda\/wp-content\/uploads\/2023\/10\/R5090.jpg","type":"image\/jpeg"}],"twitter_card":"summary_large_image","twitter_misc":{"Tiempo de lectura":"2 minutos"},"schema":{"@context":"https:\/\/schema.org","@graph":[{"@type":"WebPage","@id":"https:\/\/abaa.mx\/tienda\/medidor-de-potencia-reed-r5090\/","url":"https:\/\/abaa.mx\/tienda\/medidor-de-potencia-reed-r5090\/","name":"Medidor de potencia reed r5090 - Abaa tienda online","isPartOf":{"@id":"https:\/\/abaa.mx\/tienda\/#website"},"primaryImageOfPage":{"@id":"https:\/\/abaa.mx\/tienda\/medidor-de-potencia-reed-r5090\/#primaryimage"},"image":{"@id":"https:\/\/abaa.mx\/tienda\/medidor-de-potencia-reed-r5090\/#primaryimage"},"thumbnailUrl":"https:\/\/abaa.mx\/tienda\/wp-content\/uploads\/2023\/10\/R5090.jpg","datePublished":"2023-10-19T17:53:15+00:00","dateModified":"2023-10-19T17:53:16+00:00","breadcrumb":{"@id":"https:\/\/abaa.mx\/tienda\/medidor-de-potencia-reed-r5090\/#breadcrumb"},"inLanguage":"es","potentialAction":[{"@type":"ReadAction","target":["https:\/\/abaa.mx\/tienda\/medidor-de-potencia-reed-r5090\/"]}]},{"@type":"ImageObject","inLanguage":"es","@id":"https:\/\/abaa.mx\/tienda\/medidor-de-potencia-reed-r5090\/#primaryimage","url":"https:\/\/abaa.mx\/tienda\/wp-content\/uploads\/2023\/10\/R5090.jpg","contentUrl":"https:\/\/abaa.mx\/tienda\/wp-content\/uploads\/2023\/10\/R5090.jpg","width":474,"height":474,"caption":"medidor-de-potencia-reed-r5090"},{"@type":"BreadcrumbList","@id":"https:\/\/abaa.mx\/tienda\/medidor-de-potencia-reed-r5090\/#breadcrumb","itemListElement":[{"@type":"ListItem","position":1,"name":"Inicio","item":"https:\/\/abaa.mx\/tienda\/"},{"@type":"ListItem","position":2,"name":"Tienda","item":"https:\/\/abaa.mx\/tienda\/"},{"@type":"ListItem","position":3,"name":"Medidor de potencia reed r5090"}]},{"@type":"WebSite","@id":"https:\/\/abaa.mx\/tienda\/#website","url":"https:\/\/abaa.mx\/tienda\/","name":"Abaa tienda online","description":"Instrumentos de medici\u00f3n","publisher":{"@id":"https:\/\/abaa.mx\/tienda\/#organization"},"potentialAction":[{"@type":"SearchAction","target":{"@type":"EntryPoint","urlTemplate":"https:\/\/abaa.mx\/tienda\/?s={search_term_string}"},"query-input":{"@type":"PropertyValueSpecification","valueRequired":true,"valueName":"search_term_string"}}],"inLanguage":"es"},{"@type":"Organization","@id":"https:\/\/abaa.mx\/tienda\/#organization","name":"Abaa tienda online","url":"https:\/\/abaa.mx\/tienda\/","logo":{"@type":"ImageObject","inLanguage":"es","@id":"https:\/\/abaa.mx\/tienda\/#\/schema\/logo\/image\/","url":"https:\/\/abaa.mx\/tienda\/wp-content\/uploads\/2024\/01\/abaa-metrologia-tienda.png","contentUrl":"https:\/\/abaa.mx\/tienda\/wp-content\/uploads\/2024\/01\/abaa-metrologia-tienda.png","width":300,"height":141,"caption":"Abaa tienda online"},"image":{"@id":"https:\/\/abaa.mx\/tienda\/#\/schema\/logo\/image\/"}}]}},"_links":{"self":[{"href":"https:\/\/abaa.mx\/tienda\/wp-json\/wp\/v2\/product\/6836","targetHints":{"allow":["GET"]}}],"collection":[{"href":"https:\/\/abaa.mx\/tienda\/wp-json\/wp\/v2\/product"}],"about":[{"href":"https:\/\/abaa.mx\/tienda\/wp-json\/wp\/v2\/types\/product"}],"replies":[{"embeddable":true,"href":"https:\/\/abaa.mx\/tienda\/wp-json\/wp\/v2\/comments?post=6836"}],"wp:featuredmedia":[{"embeddable":true,"href":"https:\/\/abaa.mx\/tienda\/wp-json\/wp\/v2\/media\/6888"}],"wp:attachment":[{"href":"https:\/\/abaa.mx\/tienda\/wp-json\/wp\/v2\/media?parent=6836"}],"wp:term":[{"taxonomy":"product_brand","embeddable":true,"href":"https:\/\/abaa.mx\/tienda\/wp-json\/wp\/v2\/product_brand?post=6836"},{"taxonomy":"product_cat","embeddable":true,"href":"https:\/\/abaa.mx\/tienda\/wp-json\/wp\/v2\/product_cat?post=6836"},{"taxonomy":"product_tag","embeddable":true,"href":"https:\/\/abaa.mx\/tienda\/wp-json\/wp\/v2\/product_tag?post=6836"}],"curies":[{"name":"wp","href":"https:\/\/api.w.org\/{rel}","templated":true}]}}