{"id":6833,"date":"2023-10-19T17:18:27","date_gmt":"2023-10-19T17:18:27","guid":{"rendered":"https:\/\/abaa.mx\/tienda\/?post_type=product&#038;p=6833"},"modified":"2023-11-29T15:48:48","modified_gmt":"2023-11-29T15:48:48","slug":"termometro-infrarrojo-ir-raytek-rayst61-st-pro-plus-con-optica-301-de-25-a-1100-f","status":"publish","type":"product","link":"https:\/\/abaa.mx\/tienda\/termometro-infrarrojo-ir-raytek-rayst61-st-pro-plus-con-optica-301-de-25-a-1100-f\/","title":{"rendered":"Term\u00f3metro infrarrojo (ir) raytek rayst61 st pro plus con \u00f3ptica 30:1, de -25 a 1100 \u00b0f"},"content":{"rendered":"<p>&nbsp;<\/p>\n<p><strong>Funciones:<\/strong><\/p>\n<ul>\n<li>Mida de forma r\u00e1pida, precisa y segura las temperaturas de la superficie de objetos calientes, peligrosos, en movimiento o de dif\u00edcil acceso sin contacto.<\/li>\n<li>F\u00e1cil de usar, solo apunte y apriete el gatillo.<\/li>\n<li>Sistema de mira guiado por l\u00e1ser para apuntar f\u00e1cilmente con una precisi\u00f3n del 1%.<\/li>\n<li>\u00d3ptica avanzada para medir objetivos m\u00e1s peque\u00f1os a mayores distancias.<\/li>\n<li>Emisividad ajustable para mediciones de temperatura m\u00e1s precisas.<\/li>\n<li>Tabla incorporada de valores de emisividad para los materiales m\u00e1s comunes.<\/li>\n<li>Funciones seleccionables MAX, MIN, DIFF y AVG que muestran los valores al instante con la alarma Hi\/Lo.<\/li>\n<li>Pantalla Hold y retroiluminaci\u00f3n con dos niveles de brillo.<\/li>\n<li>Rango de medici\u00f3n ampliado de hasta 1100 \u00b0F (600 \u00b0C).<\/li>\n<li>Registro de datos de hasta 20 registros, incluidos datos de hora, fecha, emisividad y temperatura.<\/li>\n<li>Accesorio de sonda incluido para mediciones de temperatura de doble contacto y sin contacto.<\/li>\n<\/ul>\n<p>&nbsp;<\/p>\n<h4>Especificaciones de Raytek RAYST61<\/h4>\n<table class=\"table table-striped\">\n<tbody>\n<tr>\n<td width=\"141\">Rango de temperatura<\/td>\n<td width=\"643\">De -32 a 600 \u00b0C (de -25 a 1100 \u00b0F)<\/td>\n<\/tr>\n<tr>\n<td>Resoluci\u00f3n<\/td>\n<td>0,1 \u00baC (0,1 \u00baF)<\/td>\n<\/tr>\n<tr>\n<td>Exactitud<\/td>\n<td>&lt;0 \u00b0C (32 \u00b0F): \u00b1[1 \u00b0C (2 \u00b0F) + 0,1 \u00b0\/1 \u00b0C (\u00b0F)]; \u22650 \u00b0C (32 \u00b0F): \u00b11 % de la lectura o \u00b11 \u00b0C (\u00b12 \u00b0F), lo que sea mayor<\/td>\n<\/tr>\n<tr>\n<td>Repetibilidad<\/td>\n<td>\u00b10.5% o \u2264 \u00b11 \u00b0C (\u00b12 \u00b0F), lo que sea mayor<\/td>\n<\/tr>\n<tr>\n<td>Emisividad<\/td>\n<td>Ajustable digitalmente de 0,10 a 1,00 por 0,01<\/td>\n<\/tr>\n<tr>\n<td>Resoluci\u00f3n \u00f3ptica<\/td>\n<td>30:1 (distancia al tama\u00f1o del punto)<\/td>\n<\/tr>\n<tr>\n<td>Respuesta espectral<\/td>\n<td>8-14\u03bcm<\/td>\n<\/tr>\n<tr>\n<td>Tiempo de respuesta<\/td>\n<td>\u2264 500 ms (95% de la lectura)<\/td>\n<\/tr>\n<tr>\n<td>Rango de temperatura de entrada T\/C tipo K<\/td>\n<td>De -270 a 1372 \u00b0C (de -454 a 2501 \u00b0F)<\/td>\n<\/tr>\n<tr>\n<td>Resoluci\u00f3n<\/td>\n<td>0,1 \u00baC (0,1 \u00baF)<\/td>\n<\/tr>\n<tr>\n<td>Exactitud<\/td>\n<td>De -270 a -40 \u00b0C (de -454 a -40 \u00b0F): \u00b1[1 \u00b0C (2 \u00b0F) + 0,2 \u00b0C\/1 \u00b0C (\u00b0F)]; De -40 a 1372 \u00b0C (de -40 a 2501 \u00b0F): \u00b11 % de la lectura o \u00b11 \u00b0C (\u00b12 \u00b0F), lo que sea mayor<\/td>\n<\/tr>\n<tr>\n<td>Rango de temperatura de la sonda de alambre tipo K<\/td>\n<td>De -40 a 260 \u00b0C (de -40 a 500 \u00b0F)<\/td>\n<\/tr>\n<tr>\n<td>Exactitud<\/td>\n<td>\u00b11,1 \u00b0C (\u00b12,0 \u00b0F)<\/td>\n<\/tr>\n<\/tbody>\n<\/table>\n","protected":false},"excerpt":{"rendered":"<p class=\"short-description mhide ipad-view-setting\">Infrarrojos compactos, resistentes y f\u00e1ciles de usar con mira l\u00e1ser para mediciones de temperatura r\u00e1pidas y precisas sin contacto, tambi\u00e9n realiza mediciones de contacto con la sonda de cable de termopar tipo K incluida.<\/p>\n<div class=\"row-fluid\">\n<div class=\"span12 mobile-pricing-box-padding\">\n<form id=\"612189155\" accept-charset=\"utf-8\" action=\"https:\/\/www.globaltestsupply.com\/shop\/add\" method=\"post\" name=\"addTocartFunction\">\n<div><\/div>\n<\/form>\n<\/div>\n<\/div>\n","protected":false},"featured_media":6852,"comment_status":"open","ping_status":"closed","template":"","meta":{"_joinchat":[]},"product_brand":[],"product_cat":[15],"product_tag":[],"class_list":{"0":"post-6833","1":"product","2":"type-product","3":"status-publish","4":"has-post-thumbnail","6":"product_cat-sin-categorizar","8":"first","9":"instock","10":"shipping-taxable","11":"product-type-simple"},"yoast_head":"<!-- This site is optimized with the Yoast SEO plugin v26.4 - https:\/\/yoast.com\/wordpress\/plugins\/seo\/ -->\n<title>Term\u00f3metro infrarrojo (ir) raytek rayst61 st pro plus con \u00f3ptica 30:1, de -25 a 1100 \u00b0f - Abaa tienda online<\/title>\n<meta name=\"robots\" content=\"index, follow, max-snippet:-1, max-image-preview:large, max-video-preview:-1\" \/>\n<link rel=\"canonical\" href=\"https:\/\/abaa.mx\/tienda\/termometro-infrarrojo-ir-raytek-rayst61-st-pro-plus-con-optica-301-de-25-a-1100-f\/\" \/>\n<meta property=\"og:locale\" content=\"es_MX\" \/>\n<meta property=\"og:type\" content=\"article\" \/>\n<meta property=\"og:title\" content=\"Term\u00f3metro infrarrojo (ir) raytek rayst61 st pro plus con \u00f3ptica 30:1, de -25 a 1100 \u00b0f - Abaa tienda online\" \/>\n<meta property=\"og:description\" content=\"Infrarrojos compactos, resistentes y f\u00e1ciles de usar con mira l\u00e1ser para mediciones de temperatura r\u00e1pidas y precisas sin contacto, tambi\u00e9n realiza mediciones de contacto con la sonda de cable de termopar tipo K incluida.\" \/>\n<meta property=\"og:url\" content=\"https:\/\/abaa.mx\/tienda\/termometro-infrarrojo-ir-raytek-rayst61-st-pro-plus-con-optica-301-de-25-a-1100-f\/\" \/>\n<meta property=\"og:site_name\" content=\"Abaa tienda online\" \/>\n<meta property=\"article:modified_time\" content=\"2023-11-29T15:48:48+00:00\" \/>\n<meta property=\"og:image\" content=\"https:\/\/abaa.mx\/tienda\/wp-content\/uploads\/2023\/10\/RAYST61.jpg\" \/>\n\t<meta property=\"og:image:width\" content=\"540\" \/>\n\t<meta property=\"og:image:height\" content=\"675\" \/>\n\t<meta property=\"og:image:type\" content=\"image\/jpeg\" \/>\n<meta name=\"twitter:card\" content=\"summary_large_image\" \/>\n<meta name=\"twitter:label1\" content=\"Tiempo de lectura\" \/>\n\t<meta name=\"twitter:data1\" content=\"2 minutos\" \/>\n<script type=\"application\/ld+json\" class=\"yoast-schema-graph\">{\"@context\":\"https:\/\/schema.org\",\"@graph\":[{\"@type\":\"WebPage\",\"@id\":\"https:\/\/abaa.mx\/tienda\/termometro-infrarrojo-ir-raytek-rayst61-st-pro-plus-con-optica-301-de-25-a-1100-f\/\",\"url\":\"https:\/\/abaa.mx\/tienda\/termometro-infrarrojo-ir-raytek-rayst61-st-pro-plus-con-optica-301-de-25-a-1100-f\/\",\"name\":\"Term\u00f3metro infrarrojo (ir) raytek rayst61 st pro plus con \u00f3ptica 30:1, de -25 a 1100 \u00b0f - Abaa tienda online\",\"isPartOf\":{\"@id\":\"https:\/\/abaa.mx\/tienda\/#website\"},\"primaryImageOfPage\":{\"@id\":\"https:\/\/abaa.mx\/tienda\/termometro-infrarrojo-ir-raytek-rayst61-st-pro-plus-con-optica-301-de-25-a-1100-f\/#primaryimage\"},\"image\":{\"@id\":\"https:\/\/abaa.mx\/tienda\/termometro-infrarrojo-ir-raytek-rayst61-st-pro-plus-con-optica-301-de-25-a-1100-f\/#primaryimage\"},\"thumbnailUrl\":\"https:\/\/abaa.mx\/tienda\/wp-content\/uploads\/2023\/10\/RAYST61.jpg\",\"datePublished\":\"2023-10-19T17:18:27+00:00\",\"dateModified\":\"2023-11-29T15:48:48+00:00\",\"breadcrumb\":{\"@id\":\"https:\/\/abaa.mx\/tienda\/termometro-infrarrojo-ir-raytek-rayst61-st-pro-plus-con-optica-301-de-25-a-1100-f\/#breadcrumb\"},\"inLanguage\":\"es\",\"potentialAction\":[{\"@type\":\"ReadAction\",\"target\":[\"https:\/\/abaa.mx\/tienda\/termometro-infrarrojo-ir-raytek-rayst61-st-pro-plus-con-optica-301-de-25-a-1100-f\/\"]}]},{\"@type\":\"ImageObject\",\"inLanguage\":\"es\",\"@id\":\"https:\/\/abaa.mx\/tienda\/termometro-infrarrojo-ir-raytek-rayst61-st-pro-plus-con-optica-301-de-25-a-1100-f\/#primaryimage\",\"url\":\"https:\/\/abaa.mx\/tienda\/wp-content\/uploads\/2023\/10\/RAYST61.jpg\",\"contentUrl\":\"https:\/\/abaa.mx\/tienda\/wp-content\/uploads\/2023\/10\/RAYST61.jpg\",\"width\":540,\"height\":675,\"caption\":\"termometro-infrarrojo-ir-raytek-rayst61-st-pro-plus-con-optica-301-de-25-a-1100-f\"},{\"@type\":\"BreadcrumbList\",\"@id\":\"https:\/\/abaa.mx\/tienda\/termometro-infrarrojo-ir-raytek-rayst61-st-pro-plus-con-optica-301-de-25-a-1100-f\/#breadcrumb\",\"itemListElement\":[{\"@type\":\"ListItem\",\"position\":1,\"name\":\"Inicio\",\"item\":\"https:\/\/abaa.mx\/tienda\/\"},{\"@type\":\"ListItem\",\"position\":2,\"name\":\"Tienda\",\"item\":\"https:\/\/abaa.mx\/tienda\/\"},{\"@type\":\"ListItem\",\"position\":3,\"name\":\"Term\u00f3metro infrarrojo (ir) raytek rayst61 st pro plus con \u00f3ptica 30:1, de -25 a 1100 \u00b0f\"}]},{\"@type\":\"WebSite\",\"@id\":\"https:\/\/abaa.mx\/tienda\/#website\",\"url\":\"https:\/\/abaa.mx\/tienda\/\",\"name\":\"Abaa tienda online\",\"description\":\"Instrumentos de medici\u00f3n\",\"publisher\":{\"@id\":\"https:\/\/abaa.mx\/tienda\/#organization\"},\"potentialAction\":[{\"@type\":\"SearchAction\",\"target\":{\"@type\":\"EntryPoint\",\"urlTemplate\":\"https:\/\/abaa.mx\/tienda\/?s={search_term_string}\"},\"query-input\":{\"@type\":\"PropertyValueSpecification\",\"valueRequired\":true,\"valueName\":\"search_term_string\"}}],\"inLanguage\":\"es\"},{\"@type\":\"Organization\",\"@id\":\"https:\/\/abaa.mx\/tienda\/#organization\",\"name\":\"Abaa tienda online\",\"url\":\"https:\/\/abaa.mx\/tienda\/\",\"logo\":{\"@type\":\"ImageObject\",\"inLanguage\":\"es\",\"@id\":\"https:\/\/abaa.mx\/tienda\/#\/schema\/logo\/image\/\",\"url\":\"https:\/\/abaa.mx\/tienda\/wp-content\/uploads\/2024\/01\/abaa-metrologia-tienda.png\",\"contentUrl\":\"https:\/\/abaa.mx\/tienda\/wp-content\/uploads\/2024\/01\/abaa-metrologia-tienda.png\",\"width\":300,\"height\":141,\"caption\":\"Abaa tienda online\"},\"image\":{\"@id\":\"https:\/\/abaa.mx\/tienda\/#\/schema\/logo\/image\/\"}}]}<\/script>\n<!-- \/ Yoast SEO plugin. -->","yoast_head_json":{"title":"Term\u00f3metro infrarrojo (ir) raytek rayst61 st pro plus con \u00f3ptica 30:1, de -25 a 1100 \u00b0f - Abaa tienda online","robots":{"index":"index","follow":"follow","max-snippet":"max-snippet:-1","max-image-preview":"max-image-preview:large","max-video-preview":"max-video-preview:-1"},"canonical":"https:\/\/abaa.mx\/tienda\/termometro-infrarrojo-ir-raytek-rayst61-st-pro-plus-con-optica-301-de-25-a-1100-f\/","og_locale":"es_MX","og_type":"article","og_title":"Term\u00f3metro infrarrojo (ir) raytek rayst61 st pro plus con \u00f3ptica 30:1, de -25 a 1100 \u00b0f - Abaa tienda online","og_description":"Infrarrojos compactos, resistentes y f\u00e1ciles de usar con mira l\u00e1ser para mediciones de temperatura r\u00e1pidas y precisas sin contacto, tambi\u00e9n realiza mediciones de contacto con la sonda de cable de termopar tipo K incluida.","og_url":"https:\/\/abaa.mx\/tienda\/termometro-infrarrojo-ir-raytek-rayst61-st-pro-plus-con-optica-301-de-25-a-1100-f\/","og_site_name":"Abaa tienda online","article_modified_time":"2023-11-29T15:48:48+00:00","og_image":[{"width":540,"height":675,"url":"https:\/\/abaa.mx\/tienda\/wp-content\/uploads\/2023\/10\/RAYST61.jpg","type":"image\/jpeg"}],"twitter_card":"summary_large_image","twitter_misc":{"Tiempo de lectura":"2 minutos"},"schema":{"@context":"https:\/\/schema.org","@graph":[{"@type":"WebPage","@id":"https:\/\/abaa.mx\/tienda\/termometro-infrarrojo-ir-raytek-rayst61-st-pro-plus-con-optica-301-de-25-a-1100-f\/","url":"https:\/\/abaa.mx\/tienda\/termometro-infrarrojo-ir-raytek-rayst61-st-pro-plus-con-optica-301-de-25-a-1100-f\/","name":"Term\u00f3metro infrarrojo (ir) raytek rayst61 st pro plus con \u00f3ptica 30:1, de -25 a 1100 \u00b0f - Abaa tienda online","isPartOf":{"@id":"https:\/\/abaa.mx\/tienda\/#website"},"primaryImageOfPage":{"@id":"https:\/\/abaa.mx\/tienda\/termometro-infrarrojo-ir-raytek-rayst61-st-pro-plus-con-optica-301-de-25-a-1100-f\/#primaryimage"},"image":{"@id":"https:\/\/abaa.mx\/tienda\/termometro-infrarrojo-ir-raytek-rayst61-st-pro-plus-con-optica-301-de-25-a-1100-f\/#primaryimage"},"thumbnailUrl":"https:\/\/abaa.mx\/tienda\/wp-content\/uploads\/2023\/10\/RAYST61.jpg","datePublished":"2023-10-19T17:18:27+00:00","dateModified":"2023-11-29T15:48:48+00:00","breadcrumb":{"@id":"https:\/\/abaa.mx\/tienda\/termometro-infrarrojo-ir-raytek-rayst61-st-pro-plus-con-optica-301-de-25-a-1100-f\/#breadcrumb"},"inLanguage":"es","potentialAction":[{"@type":"ReadAction","target":["https:\/\/abaa.mx\/tienda\/termometro-infrarrojo-ir-raytek-rayst61-st-pro-plus-con-optica-301-de-25-a-1100-f\/"]}]},{"@type":"ImageObject","inLanguage":"es","@id":"https:\/\/abaa.mx\/tienda\/termometro-infrarrojo-ir-raytek-rayst61-st-pro-plus-con-optica-301-de-25-a-1100-f\/#primaryimage","url":"https:\/\/abaa.mx\/tienda\/wp-content\/uploads\/2023\/10\/RAYST61.jpg","contentUrl":"https:\/\/abaa.mx\/tienda\/wp-content\/uploads\/2023\/10\/RAYST61.jpg","width":540,"height":675,"caption":"termometro-infrarrojo-ir-raytek-rayst61-st-pro-plus-con-optica-301-de-25-a-1100-f"},{"@type":"BreadcrumbList","@id":"https:\/\/abaa.mx\/tienda\/termometro-infrarrojo-ir-raytek-rayst61-st-pro-plus-con-optica-301-de-25-a-1100-f\/#breadcrumb","itemListElement":[{"@type":"ListItem","position":1,"name":"Inicio","item":"https:\/\/abaa.mx\/tienda\/"},{"@type":"ListItem","position":2,"name":"Tienda","item":"https:\/\/abaa.mx\/tienda\/"},{"@type":"ListItem","position":3,"name":"Term\u00f3metro infrarrojo (ir) raytek rayst61 st pro plus con \u00f3ptica 30:1, de -25 a 1100 \u00b0f"}]},{"@type":"WebSite","@id":"https:\/\/abaa.mx\/tienda\/#website","url":"https:\/\/abaa.mx\/tienda\/","name":"Abaa tienda online","description":"Instrumentos de medici\u00f3n","publisher":{"@id":"https:\/\/abaa.mx\/tienda\/#organization"},"potentialAction":[{"@type":"SearchAction","target":{"@type":"EntryPoint","urlTemplate":"https:\/\/abaa.mx\/tienda\/?s={search_term_string}"},"query-input":{"@type":"PropertyValueSpecification","valueRequired":true,"valueName":"search_term_string"}}],"inLanguage":"es"},{"@type":"Organization","@id":"https:\/\/abaa.mx\/tienda\/#organization","name":"Abaa tienda online","url":"https:\/\/abaa.mx\/tienda\/","logo":{"@type":"ImageObject","inLanguage":"es","@id":"https:\/\/abaa.mx\/tienda\/#\/schema\/logo\/image\/","url":"https:\/\/abaa.mx\/tienda\/wp-content\/uploads\/2024\/01\/abaa-metrologia-tienda.png","contentUrl":"https:\/\/abaa.mx\/tienda\/wp-content\/uploads\/2024\/01\/abaa-metrologia-tienda.png","width":300,"height":141,"caption":"Abaa tienda online"},"image":{"@id":"https:\/\/abaa.mx\/tienda\/#\/schema\/logo\/image\/"}}]}},"_links":{"self":[{"href":"https:\/\/abaa.mx\/tienda\/wp-json\/wp\/v2\/product\/6833","targetHints":{"allow":["GET"]}}],"collection":[{"href":"https:\/\/abaa.mx\/tienda\/wp-json\/wp\/v2\/product"}],"about":[{"href":"https:\/\/abaa.mx\/tienda\/wp-json\/wp\/v2\/types\/product"}],"replies":[{"embeddable":true,"href":"https:\/\/abaa.mx\/tienda\/wp-json\/wp\/v2\/comments?post=6833"}],"wp:featuredmedia":[{"embeddable":true,"href":"https:\/\/abaa.mx\/tienda\/wp-json\/wp\/v2\/media\/6852"}],"wp:attachment":[{"href":"https:\/\/abaa.mx\/tienda\/wp-json\/wp\/v2\/media?parent=6833"}],"wp:term":[{"taxonomy":"product_brand","embeddable":true,"href":"https:\/\/abaa.mx\/tienda\/wp-json\/wp\/v2\/product_brand?post=6833"},{"taxonomy":"product_cat","embeddable":true,"href":"https:\/\/abaa.mx\/tienda\/wp-json\/wp\/v2\/product_cat?post=6833"},{"taxonomy":"product_tag","embeddable":true,"href":"https:\/\/abaa.mx\/tienda\/wp-json\/wp\/v2\/product_tag?post=6833"}],"curies":[{"name":"wp","href":"https:\/\/api.w.org\/{rel}","templated":true}]}}