{"id":6825,"date":"2023-10-19T17:00:23","date_gmt":"2023-10-19T17:00:23","guid":{"rendered":"https:\/\/abaa.mx\/tienda\/?post_type=product&#038;p=6825"},"modified":"2023-11-29T15:51:09","modified_gmt":"2023-11-29T15:51:09","slug":"raytek-rayr3iplus1ml-termometro-infrarrojo-de-alta-temperatura-con-laser-dual-700-a-3000-c-1292-a-5432-f","status":"publish","type":"product","link":"https:\/\/abaa.mx\/tienda\/raytek-rayr3iplus1ml-termometro-infrarrojo-de-alta-temperatura-con-laser-dual-700-a-3000-c-1292-a-5432-f\/","title":{"rendered":"Raytek rayr3iplus1ml term\u00f3metro infrarrojo de alta temperatura con l\u00e1ser dual, 700 a 3000 \u00b0c (1292 a 5432 \u00b0f)"},"content":{"rendered":"<h5><\/h5>\n<p><strong>Funciones:<\/strong><\/p>\n<ul>\n<li>Un term\u00f3metro infrarrojo m\u00e1s potente, sencillo y seguro con caracter\u00edsticas innovadoras para mejorar la facilidad de uso y aumentar la eficiencia del operador.<\/li>\n<li>Combina una relaci\u00f3n superior de distancia al punto (D:S) con una alta precisi\u00f3n y un s\u00f3lido conjunto de caracter\u00edsticas que proporciona excelentes soluciones de medici\u00f3n de temperatura sin contacto para la detecci\u00f3n de temperatura de proceso y la vista previa de fallas.<\/li>\n<li>Dise\u00f1ado para aplicaciones de alta temperatura, cubre un rango de temperatura de 700 a 3000\u00baC (1292 a 5432\u00baF).<\/li>\n<li>Muestra las temperaturas MAX, MIN, DIF y AVG.<\/li>\n<li>L\u00e1ser dual para la medici\u00f3n precisa de objetivos m\u00e1s peque\u00f1os, el punto de medici\u00f3n se indica en el punto en que se encuentran los dos rayos l\u00e1ser.<\/li>\n<li>La alta resoluci\u00f3n \u00f3ptica (250:1) garantiza lecturas de temperatura precisas a distancias m\u00e1s largas.<\/li>\n<li>El detector y alarma de advertencia resistente al calor &#8220;Red Nose&#8221; garantiza la seguridad y la eficiencia del operador.<\/li>\n<li>Alarmas sonoras para temperatura objetivo\/temperatura ambiente\/bater\u00eda baja.<\/li>\n<li>Compensa la energ\u00eda reflejada por el fondo alrededor de su objetivo para que no afecte su lectura.<\/li>\n<li>Tabla de emisividad ajustable y predefinida.<\/li>\n<li>Transmisividad y compensaci\u00f3n de temperatura de fondo.<\/li>\n<li>Definici\u00f3n del perfil para una medici\u00f3n c\u00f3moda.<\/li>\n<li>Curva para mostrar la tendencia con intervalo de tiempo seleccionable.<\/li>\n<li>Interfaz de usuario intuitiva para una f\u00e1cil configuraci\u00f3n de par\u00e1metros, lo que permite la visualizaci\u00f3n &#8220;in situ&#8221; del an\u00e1lisis de datos y las tendencias<\/li>\n<li>El software DataTemp para PC con Windows admite la comunicaci\u00f3n en tiempo real, el almacenamiento de datos, la creaci\u00f3n de gr\u00e1ficos y el an\u00e1lisis.<\/li>\n<li>Almacenamiento de datos: hasta 4.900 puntos de datos con ubicaci\u00f3n, fecha y marca de tiempo.<\/li>\n<li>Incluye una aplicaci\u00f3n m\u00f3vil para una r\u00e1pida transferencia de datos y colaboraci\u00f3n, y se puede utilizar temporalmente como term\u00f3metro en l\u00ednea.<\/li>\n<li>Transferencia de datos r\u00e1pida y sencilla a PC o smartphone, mediante USB o Bluetooth.<\/li>\n<li>Ciclo de funcionamiento m\u00e1s largo (24 h) con bater\u00edas recargables.<\/li>\n<li>El gatillo de bloqueo y el soporte para tr\u00edpode permiten un funcionamiento continuo.<\/li>\n<li>El dise\u00f1o robusto reduce el riesgo de da\u00f1os y minimiza los costos de servicio.<\/li>\n<\/ul>\n<p>&nbsp;<\/p>\n<h4>Modelo Raytek RAYR3IPLUS1ML<\/h4>\n<table class=\"table table-striped\">\n<tbody>\n<tr>\n<td width=\"141\">Rango de temperatura<\/td>\n<td width=\"643\">700 a 3000\u00baC (1292 a 5432\u00baF)<\/td>\n<\/tr>\n<tr>\n<td>Resoluci\u00f3n<\/td>\n<td>Por debajo de 1000\u00baC: 0,1\u00baC<\/td>\n<\/tr>\n<tr>\n<td>Exactitud<\/td>\n<td>\u00b1(0,5% de lectura +1\u00baC) (&lt;2700\u00baC\/4892\u00baF)<\/td>\n<\/tr>\n<tr>\n<td>Repetibilidad<\/td>\n<td>\u00b1(0,3% o lectura \u00b11\u00baC)<\/td>\n<\/tr>\n<tr>\n<td>Emisividad<\/td>\n<td>Ajustable, 0.10~1.00<\/td>\n<\/tr>\n<tr>\n<td>Resoluci\u00f3n \u00f3ptica<\/td>\n<td>250:1 (distancia al tama\u00f1o del punto)<\/td>\n<\/tr>\n<tr>\n<td>Respuesta espectral<\/td>\n<td>1,0 \u03bcm<\/td>\n<\/tr>\n<tr>\n<td>Tiempo de respuesta<\/td>\n<td>40 mSeg<\/td>\n<\/tr>\n<\/tbody>\n<\/table>\n","protected":false},"excerpt":{"rendered":"<p class=\"short-description mhide ipad-view-setting\">Dise\u00f1ado de acuerdo con los est\u00e1ndares de la industria para cumplir con los requisitos de rendimiento del proceso en entornos c\u00e1lidos, el 3iPLUS cuenta con una relaci\u00f3n superior de distancia a punto (D:S) que permite a los usuarios medir objetivos de alta temperatura desde distancias m\u00e1s largas, lo que garantiza lecturas de temperatura precisas y seguridad del operador.<\/p>\n<div class=\"row-fluid\">\n<div class=\"span12 mobile-pricing-box-padding\">\n<form id=\"26239\" accept-charset=\"utf-8\" action=\"https:\/\/www.globaltestsupply.com\/shop\/add\" method=\"post\" name=\"addTocartFunction\">\n<div><\/div>\n<\/form>\n<\/div>\n<\/div>\n","protected":false},"featured_media":6831,"comment_status":"open","ping_status":"closed","template":"","meta":{"_joinchat":[]},"product_brand":[],"product_cat":[15],"product_tag":[],"class_list":{"0":"post-6825","1":"product","2":"type-product","3":"status-publish","4":"has-post-thumbnail","6":"product_cat-sin-categorizar","8":"first","9":"instock","10":"shipping-taxable","11":"product-type-simple"},"yoast_head":"<!-- This site is optimized with the Yoast SEO plugin v26.4 - https:\/\/yoast.com\/wordpress\/plugins\/seo\/ -->\n<title>Raytek rayr3iplus1ml term\u00f3metro infrarrojo de alta temperatura con l\u00e1ser dual, 700 a 3000 \u00b0c (1292 a 5432 \u00b0f) - Abaa tienda online<\/title>\n<meta name=\"robots\" content=\"index, follow, max-snippet:-1, max-image-preview:large, max-video-preview:-1\" \/>\n<link rel=\"canonical\" href=\"https:\/\/abaa.mx\/tienda\/raytek-rayr3iplus1ml-termometro-infrarrojo-de-alta-temperatura-con-laser-dual-700-a-3000-c-1292-a-5432-f\/\" \/>\n<meta property=\"og:locale\" content=\"es_MX\" \/>\n<meta property=\"og:type\" content=\"article\" \/>\n<meta property=\"og:title\" content=\"Raytek rayr3iplus1ml term\u00f3metro infrarrojo de alta temperatura con l\u00e1ser dual, 700 a 3000 \u00b0c (1292 a 5432 \u00b0f) - Abaa tienda online\" \/>\n<meta property=\"og:description\" content=\"Dise\u00f1ado de acuerdo con los est\u00e1ndares de la industria para cumplir con los requisitos de rendimiento del proceso en entornos c\u00e1lidos, el 3iPLUS cuenta con una relaci\u00f3n superior de distancia a punto (D:S) que permite a los usuarios medir objetivos de alta temperatura desde distancias m\u00e1s largas, lo que garantiza lecturas de temperatura precisas y seguridad del operador.\" \/>\n<meta property=\"og:url\" content=\"https:\/\/abaa.mx\/tienda\/raytek-rayr3iplus1ml-termometro-infrarrojo-de-alta-temperatura-con-laser-dual-700-a-3000-c-1292-a-5432-f\/\" \/>\n<meta property=\"og:site_name\" content=\"Abaa tienda online\" \/>\n<meta property=\"article:modified_time\" content=\"2023-11-29T15:51:09+00:00\" \/>\n<meta property=\"og:image\" content=\"https:\/\/abaa.mx\/tienda\/wp-content\/uploads\/2023\/10\/RAYR3IPLUS1ML.jpg\" \/>\n\t<meta property=\"og:image:width\" content=\"474\" \/>\n\t<meta property=\"og:image:height\" content=\"474\" \/>\n\t<meta property=\"og:image:type\" content=\"image\/jpeg\" \/>\n<meta name=\"twitter:card\" content=\"summary_large_image\" \/>\n<meta name=\"twitter:label1\" content=\"Tiempo de lectura\" \/>\n\t<meta name=\"twitter:data1\" content=\"2 minutos\" \/>\n<script type=\"application\/ld+json\" class=\"yoast-schema-graph\">{\"@context\":\"https:\/\/schema.org\",\"@graph\":[{\"@type\":\"WebPage\",\"@id\":\"https:\/\/abaa.mx\/tienda\/raytek-rayr3iplus1ml-termometro-infrarrojo-de-alta-temperatura-con-laser-dual-700-a-3000-c-1292-a-5432-f\/\",\"url\":\"https:\/\/abaa.mx\/tienda\/raytek-rayr3iplus1ml-termometro-infrarrojo-de-alta-temperatura-con-laser-dual-700-a-3000-c-1292-a-5432-f\/\",\"name\":\"Raytek rayr3iplus1ml term\u00f3metro infrarrojo de alta temperatura con l\u00e1ser dual, 700 a 3000 \u00b0c (1292 a 5432 \u00b0f) - Abaa tienda online\",\"isPartOf\":{\"@id\":\"https:\/\/abaa.mx\/tienda\/#website\"},\"primaryImageOfPage\":{\"@id\":\"https:\/\/abaa.mx\/tienda\/raytek-rayr3iplus1ml-termometro-infrarrojo-de-alta-temperatura-con-laser-dual-700-a-3000-c-1292-a-5432-f\/#primaryimage\"},\"image\":{\"@id\":\"https:\/\/abaa.mx\/tienda\/raytek-rayr3iplus1ml-termometro-infrarrojo-de-alta-temperatura-con-laser-dual-700-a-3000-c-1292-a-5432-f\/#primaryimage\"},\"thumbnailUrl\":\"https:\/\/abaa.mx\/tienda\/wp-content\/uploads\/2023\/10\/RAYR3IPLUS1ML.jpg\",\"datePublished\":\"2023-10-19T17:00:23+00:00\",\"dateModified\":\"2023-11-29T15:51:09+00:00\",\"breadcrumb\":{\"@id\":\"https:\/\/abaa.mx\/tienda\/raytek-rayr3iplus1ml-termometro-infrarrojo-de-alta-temperatura-con-laser-dual-700-a-3000-c-1292-a-5432-f\/#breadcrumb\"},\"inLanguage\":\"es\",\"potentialAction\":[{\"@type\":\"ReadAction\",\"target\":[\"https:\/\/abaa.mx\/tienda\/raytek-rayr3iplus1ml-termometro-infrarrojo-de-alta-temperatura-con-laser-dual-700-a-3000-c-1292-a-5432-f\/\"]}]},{\"@type\":\"ImageObject\",\"inLanguage\":\"es\",\"@id\":\"https:\/\/abaa.mx\/tienda\/raytek-rayr3iplus1ml-termometro-infrarrojo-de-alta-temperatura-con-laser-dual-700-a-3000-c-1292-a-5432-f\/#primaryimage\",\"url\":\"https:\/\/abaa.mx\/tienda\/wp-content\/uploads\/2023\/10\/RAYR3IPLUS1ML.jpg\",\"contentUrl\":\"https:\/\/abaa.mx\/tienda\/wp-content\/uploads\/2023\/10\/RAYR3IPLUS1ML.jpg\",\"width\":474,\"height\":474,\"caption\":\"raytek-rayr3iplus1ml-termometro-infrarrojo-de-alta-temperatura-con-laser-dual-700-a-3000-c-1292-a-5432-f\"},{\"@type\":\"BreadcrumbList\",\"@id\":\"https:\/\/abaa.mx\/tienda\/raytek-rayr3iplus1ml-termometro-infrarrojo-de-alta-temperatura-con-laser-dual-700-a-3000-c-1292-a-5432-f\/#breadcrumb\",\"itemListElement\":[{\"@type\":\"ListItem\",\"position\":1,\"name\":\"Inicio\",\"item\":\"https:\/\/abaa.mx\/tienda\/\"},{\"@type\":\"ListItem\",\"position\":2,\"name\":\"Tienda\",\"item\":\"https:\/\/abaa.mx\/tienda\/\"},{\"@type\":\"ListItem\",\"position\":3,\"name\":\"Raytek rayr3iplus1ml term\u00f3metro infrarrojo de alta temperatura con l\u00e1ser dual, 700 a 3000 \u00b0c (1292 a 5432 \u00b0f)\"}]},{\"@type\":\"WebSite\",\"@id\":\"https:\/\/abaa.mx\/tienda\/#website\",\"url\":\"https:\/\/abaa.mx\/tienda\/\",\"name\":\"Abaa tienda online\",\"description\":\"Instrumentos de medici\u00f3n\",\"publisher\":{\"@id\":\"https:\/\/abaa.mx\/tienda\/#organization\"},\"potentialAction\":[{\"@type\":\"SearchAction\",\"target\":{\"@type\":\"EntryPoint\",\"urlTemplate\":\"https:\/\/abaa.mx\/tienda\/?s={search_term_string}\"},\"query-input\":{\"@type\":\"PropertyValueSpecification\",\"valueRequired\":true,\"valueName\":\"search_term_string\"}}],\"inLanguage\":\"es\"},{\"@type\":\"Organization\",\"@id\":\"https:\/\/abaa.mx\/tienda\/#organization\",\"name\":\"Abaa tienda online\",\"url\":\"https:\/\/abaa.mx\/tienda\/\",\"logo\":{\"@type\":\"ImageObject\",\"inLanguage\":\"es\",\"@id\":\"https:\/\/abaa.mx\/tienda\/#\/schema\/logo\/image\/\",\"url\":\"https:\/\/abaa.mx\/tienda\/wp-content\/uploads\/2024\/01\/abaa-metrologia-tienda.png\",\"contentUrl\":\"https:\/\/abaa.mx\/tienda\/wp-content\/uploads\/2024\/01\/abaa-metrologia-tienda.png\",\"width\":300,\"height\":141,\"caption\":\"Abaa tienda online\"},\"image\":{\"@id\":\"https:\/\/abaa.mx\/tienda\/#\/schema\/logo\/image\/\"}}]}<\/script>\n<!-- \/ Yoast SEO plugin. -->","yoast_head_json":{"title":"Raytek rayr3iplus1ml term\u00f3metro infrarrojo de alta temperatura con l\u00e1ser dual, 700 a 3000 \u00b0c (1292 a 5432 \u00b0f) - Abaa tienda online","robots":{"index":"index","follow":"follow","max-snippet":"max-snippet:-1","max-image-preview":"max-image-preview:large","max-video-preview":"max-video-preview:-1"},"canonical":"https:\/\/abaa.mx\/tienda\/raytek-rayr3iplus1ml-termometro-infrarrojo-de-alta-temperatura-con-laser-dual-700-a-3000-c-1292-a-5432-f\/","og_locale":"es_MX","og_type":"article","og_title":"Raytek rayr3iplus1ml term\u00f3metro infrarrojo de alta temperatura con l\u00e1ser dual, 700 a 3000 \u00b0c (1292 a 5432 \u00b0f) - Abaa tienda online","og_description":"Dise\u00f1ado de acuerdo con los est\u00e1ndares de la industria para cumplir con los requisitos de rendimiento del proceso en entornos c\u00e1lidos, el 3iPLUS cuenta con una relaci\u00f3n superior de distancia a punto (D:S) que permite a los usuarios medir objetivos de alta temperatura desde distancias m\u00e1s largas, lo que garantiza lecturas de temperatura precisas y seguridad del operador.","og_url":"https:\/\/abaa.mx\/tienda\/raytek-rayr3iplus1ml-termometro-infrarrojo-de-alta-temperatura-con-laser-dual-700-a-3000-c-1292-a-5432-f\/","og_site_name":"Abaa tienda online","article_modified_time":"2023-11-29T15:51:09+00:00","og_image":[{"width":474,"height":474,"url":"https:\/\/abaa.mx\/tienda\/wp-content\/uploads\/2023\/10\/RAYR3IPLUS1ML.jpg","type":"image\/jpeg"}],"twitter_card":"summary_large_image","twitter_misc":{"Tiempo de lectura":"2 minutos"},"schema":{"@context":"https:\/\/schema.org","@graph":[{"@type":"WebPage","@id":"https:\/\/abaa.mx\/tienda\/raytek-rayr3iplus1ml-termometro-infrarrojo-de-alta-temperatura-con-laser-dual-700-a-3000-c-1292-a-5432-f\/","url":"https:\/\/abaa.mx\/tienda\/raytek-rayr3iplus1ml-termometro-infrarrojo-de-alta-temperatura-con-laser-dual-700-a-3000-c-1292-a-5432-f\/","name":"Raytek rayr3iplus1ml term\u00f3metro infrarrojo de alta temperatura con l\u00e1ser dual, 700 a 3000 \u00b0c (1292 a 5432 \u00b0f) - Abaa tienda online","isPartOf":{"@id":"https:\/\/abaa.mx\/tienda\/#website"},"primaryImageOfPage":{"@id":"https:\/\/abaa.mx\/tienda\/raytek-rayr3iplus1ml-termometro-infrarrojo-de-alta-temperatura-con-laser-dual-700-a-3000-c-1292-a-5432-f\/#primaryimage"},"image":{"@id":"https:\/\/abaa.mx\/tienda\/raytek-rayr3iplus1ml-termometro-infrarrojo-de-alta-temperatura-con-laser-dual-700-a-3000-c-1292-a-5432-f\/#primaryimage"},"thumbnailUrl":"https:\/\/abaa.mx\/tienda\/wp-content\/uploads\/2023\/10\/RAYR3IPLUS1ML.jpg","datePublished":"2023-10-19T17:00:23+00:00","dateModified":"2023-11-29T15:51:09+00:00","breadcrumb":{"@id":"https:\/\/abaa.mx\/tienda\/raytek-rayr3iplus1ml-termometro-infrarrojo-de-alta-temperatura-con-laser-dual-700-a-3000-c-1292-a-5432-f\/#breadcrumb"},"inLanguage":"es","potentialAction":[{"@type":"ReadAction","target":["https:\/\/abaa.mx\/tienda\/raytek-rayr3iplus1ml-termometro-infrarrojo-de-alta-temperatura-con-laser-dual-700-a-3000-c-1292-a-5432-f\/"]}]},{"@type":"ImageObject","inLanguage":"es","@id":"https:\/\/abaa.mx\/tienda\/raytek-rayr3iplus1ml-termometro-infrarrojo-de-alta-temperatura-con-laser-dual-700-a-3000-c-1292-a-5432-f\/#primaryimage","url":"https:\/\/abaa.mx\/tienda\/wp-content\/uploads\/2023\/10\/RAYR3IPLUS1ML.jpg","contentUrl":"https:\/\/abaa.mx\/tienda\/wp-content\/uploads\/2023\/10\/RAYR3IPLUS1ML.jpg","width":474,"height":474,"caption":"raytek-rayr3iplus1ml-termometro-infrarrojo-de-alta-temperatura-con-laser-dual-700-a-3000-c-1292-a-5432-f"},{"@type":"BreadcrumbList","@id":"https:\/\/abaa.mx\/tienda\/raytek-rayr3iplus1ml-termometro-infrarrojo-de-alta-temperatura-con-laser-dual-700-a-3000-c-1292-a-5432-f\/#breadcrumb","itemListElement":[{"@type":"ListItem","position":1,"name":"Inicio","item":"https:\/\/abaa.mx\/tienda\/"},{"@type":"ListItem","position":2,"name":"Tienda","item":"https:\/\/abaa.mx\/tienda\/"},{"@type":"ListItem","position":3,"name":"Raytek rayr3iplus1ml term\u00f3metro infrarrojo de alta temperatura con l\u00e1ser dual, 700 a 3000 \u00b0c (1292 a 5432 \u00b0f)"}]},{"@type":"WebSite","@id":"https:\/\/abaa.mx\/tienda\/#website","url":"https:\/\/abaa.mx\/tienda\/","name":"Abaa tienda online","description":"Instrumentos de medici\u00f3n","publisher":{"@id":"https:\/\/abaa.mx\/tienda\/#organization"},"potentialAction":[{"@type":"SearchAction","target":{"@type":"EntryPoint","urlTemplate":"https:\/\/abaa.mx\/tienda\/?s={search_term_string}"},"query-input":{"@type":"PropertyValueSpecification","valueRequired":true,"valueName":"search_term_string"}}],"inLanguage":"es"},{"@type":"Organization","@id":"https:\/\/abaa.mx\/tienda\/#organization","name":"Abaa tienda online","url":"https:\/\/abaa.mx\/tienda\/","logo":{"@type":"ImageObject","inLanguage":"es","@id":"https:\/\/abaa.mx\/tienda\/#\/schema\/logo\/image\/","url":"https:\/\/abaa.mx\/tienda\/wp-content\/uploads\/2024\/01\/abaa-metrologia-tienda.png","contentUrl":"https:\/\/abaa.mx\/tienda\/wp-content\/uploads\/2024\/01\/abaa-metrologia-tienda.png","width":300,"height":141,"caption":"Abaa tienda online"},"image":{"@id":"https:\/\/abaa.mx\/tienda\/#\/schema\/logo\/image\/"}}]}},"_links":{"self":[{"href":"https:\/\/abaa.mx\/tienda\/wp-json\/wp\/v2\/product\/6825","targetHints":{"allow":["GET"]}}],"collection":[{"href":"https:\/\/abaa.mx\/tienda\/wp-json\/wp\/v2\/product"}],"about":[{"href":"https:\/\/abaa.mx\/tienda\/wp-json\/wp\/v2\/types\/product"}],"replies":[{"embeddable":true,"href":"https:\/\/abaa.mx\/tienda\/wp-json\/wp\/v2\/comments?post=6825"}],"wp:featuredmedia":[{"embeddable":true,"href":"https:\/\/abaa.mx\/tienda\/wp-json\/wp\/v2\/media\/6831"}],"wp:attachment":[{"href":"https:\/\/abaa.mx\/tienda\/wp-json\/wp\/v2\/media?parent=6825"}],"wp:term":[{"taxonomy":"product_brand","embeddable":true,"href":"https:\/\/abaa.mx\/tienda\/wp-json\/wp\/v2\/product_brand?post=6825"},{"taxonomy":"product_cat","embeddable":true,"href":"https:\/\/abaa.mx\/tienda\/wp-json\/wp\/v2\/product_cat?post=6825"},{"taxonomy":"product_tag","embeddable":true,"href":"https:\/\/abaa.mx\/tienda\/wp-json\/wp\/v2\/product_tag?post=6825"}],"curies":[{"name":"wp","href":"https:\/\/api.w.org\/{rel}","templated":true}]}}