{"id":6821,"date":"2023-10-19T16:55:19","date_gmt":"2023-10-19T16:55:19","guid":{"rendered":"https:\/\/abaa.mx\/tienda\/?post_type=product&#038;p=6821"},"modified":"2023-11-29T16:11:00","modified_gmt":"2023-11-29T16:11:00","slug":"termometro-infrarrojo-ir-raytek-raymt6u-minitemp-de-20-a-932-f","status":"publish","type":"product","link":"https:\/\/abaa.mx\/tienda\/termometro-infrarrojo-ir-raytek-raymt6u-minitemp-de-20-a-932-f\/","title":{"rendered":"Term\u00f3metro infrarrojo (ir) raytek raymt6u minitemp, de -20 a 932 \u00b0f"},"content":{"rendered":"<p>&nbsp;<\/p>\n<p><strong>Funciones:<\/strong><\/p>\n<ul>\n<li>Mida la temperatura de la superficie de forma r\u00e1pida, precisa y segura.<\/li>\n<li>Dado que el term\u00f3metro no entra en contacto con el objeto que se est\u00e1 midiendo, es la forma m\u00e1s segura de medir piezas calientes, dif\u00edciles de alcanzar o m\u00f3viles, al tiempo que elimina posibles da\u00f1os y contaminaci\u00f3n.<\/li>\n<li>F\u00e1cil de usar, solo apunte y apriete el gatillo.<\/li>\n<li>La mira de un solo punto l\u00e1ser indica el centro aproximado del punto objetivo.<\/li>\n<li>Dise\u00f1ado para objetivos de corto alcance, midiendo un \u00e1rea objetivo m\u00ednima de 1&#8243; de di\u00e1metro hasta una distancia de aproximadamente 10&#8243;, y tiene un \u00e1rea de medici\u00f3n objetivo de 6&#8243; a 5&#8242;.<\/li>\n<li>Lecturas instant\u00e1neas de corriente y m\u00e1ximas simult\u00e1neamente en una gran pantalla digital retroiluminada.<\/li>\n<li>Amplio rango de temperatura de -30 a 500 \u00b0C (-20 a 932 \u00b0F) \u00baC o \u00baF seleccionables.<\/li>\n<li>Bota protectora para mayor durabilidad.<\/li>\n<li>Util\u00edcelo para detectar costosas p\u00e9rdidas de energ\u00eda alrededor de ventanas y puertas, monitorear temperaturas cr\u00edticas en la cocina o el taller, o garantizar que el entorno sea c\u00f3modo y seguro, en cualquier lugar donde la temperatura sea un factor en el proceso, la calidad del producto o el diagn\u00f3stico.<\/li>\n<\/ul>\n<p>&nbsp;<\/p>\n<h4>Modelo Raytek RAYMT6U<\/h4>\n<table class=\"table table-striped\">\n<tbody>\n<tr>\n<td width=\"141\">Rango de temperatura<\/td>\n<td width=\"643\">De -30 a 500 \u00b0C (de -20 a 932 \u00b0F)<\/td>\n<\/tr>\n<tr>\n<td>Resoluci\u00f3n<\/td>\n<td>0,2\u00baC (0,5\u00baF)<\/td>\n<\/tr>\n<tr>\n<td>Exactitud<\/td>\n<td>\u00b11 \u00b0C (2 \u00b0F): 10 a 30 \u00b0C (50 a 86 \u00b0F), resto del rango: \u00b11,5 % de la lectura o \u00b1 1,5 \u00b0C (3 \u00b0F), lo que sea mayor<\/td>\n<\/tr>\n<tr>\n<td>Repetibilidad<\/td>\n<td>\u00b10,5 % de la lectura o &lt; \u00b11 \u00b0C (\u00b12 \u00b0F), lo que sea mayor<\/td>\n<\/tr>\n<tr>\n<td>Emisividad<\/td>\n<td>Preestablecido 0.95<\/td>\n<\/tr>\n<tr>\n<td>Resoluci\u00f3n \u00f3ptica<\/td>\n<td>10:1 (distancia al tama\u00f1o del punto)<\/td>\n<\/tr>\n<tr>\n<td>Respuesta espectral<\/td>\n<td>6,5\u201318 \u03bcm<\/td>\n<\/tr>\n<tr>\n<td>Tiempo de respuesta<\/td>\n<td>&lt;500 mSeg, 95% de respuesta<\/td>\n<\/tr>\n<\/tbody>\n<\/table>\n","protected":false},"excerpt":{"rendered":"<p class=\"short-description mhide ipad-view-setting\">Utilizado en una variedad de industrias, desde el mantenimiento industrial hasta el servicio de alimentos, el MT6U mide la temperatura de la superficie de forma r\u00e1pida, precisa y segura. Dado que no entra en contacto con el objeto que se est\u00e1 midiendo, es la forma m\u00e1s segura de medir piezas calientes, dif\u00edciles de alcanzar o m\u00f3viles, al tiempo que elimina posibles da\u00f1os y contaminaci\u00f3n.<\/p>\n<div class=\"row-fluid\">\n<div class=\"span12 mobile-pricing-box-padding\">\n<form id=\"612189152\" accept-charset=\"utf-8\" action=\"https:\/\/www.globaltestsupply.com\/shop\/add\" method=\"post\" name=\"addTocartFunction\">\n<div><\/div>\n<\/form>\n<\/div>\n<\/div>\n","protected":false},"featured_media":6827,"comment_status":"open","ping_status":"closed","template":"","meta":{"_joinchat":[]},"product_brand":[],"product_cat":[15],"product_tag":[],"class_list":{"0":"post-6821","1":"product","2":"type-product","3":"status-publish","4":"has-post-thumbnail","6":"product_cat-sin-categorizar","8":"first","9":"instock","10":"shipping-taxable","11":"product-type-simple"},"yoast_head":"<!-- This site is optimized with the Yoast SEO plugin v26.4 - https:\/\/yoast.com\/wordpress\/plugins\/seo\/ -->\n<title>Term\u00f3metro infrarrojo (ir) raytek raymt6u minitemp, de -20 a 932 \u00b0f - Abaa tienda online<\/title>\n<meta name=\"robots\" content=\"index, follow, max-snippet:-1, max-image-preview:large, max-video-preview:-1\" \/>\n<link rel=\"canonical\" href=\"https:\/\/abaa.mx\/tienda\/termometro-infrarrojo-ir-raytek-raymt6u-minitemp-de-20-a-932-f\/\" \/>\n<meta property=\"og:locale\" content=\"es_MX\" \/>\n<meta property=\"og:type\" content=\"article\" \/>\n<meta property=\"og:title\" content=\"Term\u00f3metro infrarrojo (ir) raytek raymt6u minitemp, de -20 a 932 \u00b0f - Abaa tienda online\" \/>\n<meta property=\"og:description\" content=\"Utilizado en una variedad de industrias, desde el mantenimiento industrial hasta el servicio de alimentos, el MT6U mide la temperatura de la superficie de forma r\u00e1pida, precisa y segura. Dado que no entra en contacto con el objeto que se est\u00e1 midiendo, es la forma m\u00e1s segura de medir piezas calientes, dif\u00edciles de alcanzar o m\u00f3viles, al tiempo que elimina posibles da\u00f1os y contaminaci\u00f3n.\" \/>\n<meta property=\"og:url\" content=\"https:\/\/abaa.mx\/tienda\/termometro-infrarrojo-ir-raytek-raymt6u-minitemp-de-20-a-932-f\/\" \/>\n<meta property=\"og:site_name\" content=\"Abaa tienda online\" \/>\n<meta property=\"article:modified_time\" content=\"2023-11-29T16:11:00+00:00\" \/>\n<meta property=\"og:image\" content=\"https:\/\/abaa.mx\/tienda\/wp-content\/uploads\/2023\/10\/RAYMT6U.jpg\" \/>\n\t<meta property=\"og:image:width\" content=\"500\" \/>\n\t<meta property=\"og:image:height\" content=\"500\" \/>\n\t<meta property=\"og:image:type\" content=\"image\/jpeg\" \/>\n<meta name=\"twitter:card\" content=\"summary_large_image\" \/>\n<meta name=\"twitter:label1\" content=\"Tiempo de lectura\" \/>\n\t<meta name=\"twitter:data1\" content=\"2 minutos\" \/>\n<script type=\"application\/ld+json\" class=\"yoast-schema-graph\">{\"@context\":\"https:\/\/schema.org\",\"@graph\":[{\"@type\":\"WebPage\",\"@id\":\"https:\/\/abaa.mx\/tienda\/termometro-infrarrojo-ir-raytek-raymt6u-minitemp-de-20-a-932-f\/\",\"url\":\"https:\/\/abaa.mx\/tienda\/termometro-infrarrojo-ir-raytek-raymt6u-minitemp-de-20-a-932-f\/\",\"name\":\"Term\u00f3metro infrarrojo (ir) raytek raymt6u minitemp, de -20 a 932 \u00b0f - Abaa tienda online\",\"isPartOf\":{\"@id\":\"https:\/\/abaa.mx\/tienda\/#website\"},\"primaryImageOfPage\":{\"@id\":\"https:\/\/abaa.mx\/tienda\/termometro-infrarrojo-ir-raytek-raymt6u-minitemp-de-20-a-932-f\/#primaryimage\"},\"image\":{\"@id\":\"https:\/\/abaa.mx\/tienda\/termometro-infrarrojo-ir-raytek-raymt6u-minitemp-de-20-a-932-f\/#primaryimage\"},\"thumbnailUrl\":\"https:\/\/abaa.mx\/tienda\/wp-content\/uploads\/2023\/10\/RAYMT6U.jpg\",\"datePublished\":\"2023-10-19T16:55:19+00:00\",\"dateModified\":\"2023-11-29T16:11:00+00:00\",\"breadcrumb\":{\"@id\":\"https:\/\/abaa.mx\/tienda\/termometro-infrarrojo-ir-raytek-raymt6u-minitemp-de-20-a-932-f\/#breadcrumb\"},\"inLanguage\":\"es\",\"potentialAction\":[{\"@type\":\"ReadAction\",\"target\":[\"https:\/\/abaa.mx\/tienda\/termometro-infrarrojo-ir-raytek-raymt6u-minitemp-de-20-a-932-f\/\"]}]},{\"@type\":\"ImageObject\",\"inLanguage\":\"es\",\"@id\":\"https:\/\/abaa.mx\/tienda\/termometro-infrarrojo-ir-raytek-raymt6u-minitemp-de-20-a-932-f\/#primaryimage\",\"url\":\"https:\/\/abaa.mx\/tienda\/wp-content\/uploads\/2023\/10\/RAYMT6U.jpg\",\"contentUrl\":\"https:\/\/abaa.mx\/tienda\/wp-content\/uploads\/2023\/10\/RAYMT6U.jpg\",\"width\":500,\"height\":500,\"caption\":\"termometro-infrarrojo-ir-raytek-raymt6u-minitemp-de-20-a-932-f\"},{\"@type\":\"BreadcrumbList\",\"@id\":\"https:\/\/abaa.mx\/tienda\/termometro-infrarrojo-ir-raytek-raymt6u-minitemp-de-20-a-932-f\/#breadcrumb\",\"itemListElement\":[{\"@type\":\"ListItem\",\"position\":1,\"name\":\"Inicio\",\"item\":\"https:\/\/abaa.mx\/tienda\/\"},{\"@type\":\"ListItem\",\"position\":2,\"name\":\"Tienda\",\"item\":\"https:\/\/abaa.mx\/tienda\/\"},{\"@type\":\"ListItem\",\"position\":3,\"name\":\"Term\u00f3metro infrarrojo (ir) raytek raymt6u minitemp, de -20 a 932 \u00b0f\"}]},{\"@type\":\"WebSite\",\"@id\":\"https:\/\/abaa.mx\/tienda\/#website\",\"url\":\"https:\/\/abaa.mx\/tienda\/\",\"name\":\"Abaa tienda online\",\"description\":\"Instrumentos de medici\u00f3n\",\"publisher\":{\"@id\":\"https:\/\/abaa.mx\/tienda\/#organization\"},\"potentialAction\":[{\"@type\":\"SearchAction\",\"target\":{\"@type\":\"EntryPoint\",\"urlTemplate\":\"https:\/\/abaa.mx\/tienda\/?s={search_term_string}\"},\"query-input\":{\"@type\":\"PropertyValueSpecification\",\"valueRequired\":true,\"valueName\":\"search_term_string\"}}],\"inLanguage\":\"es\"},{\"@type\":\"Organization\",\"@id\":\"https:\/\/abaa.mx\/tienda\/#organization\",\"name\":\"Abaa tienda online\",\"url\":\"https:\/\/abaa.mx\/tienda\/\",\"logo\":{\"@type\":\"ImageObject\",\"inLanguage\":\"es\",\"@id\":\"https:\/\/abaa.mx\/tienda\/#\/schema\/logo\/image\/\",\"url\":\"https:\/\/abaa.mx\/tienda\/wp-content\/uploads\/2024\/01\/abaa-metrologia-tienda.png\",\"contentUrl\":\"https:\/\/abaa.mx\/tienda\/wp-content\/uploads\/2024\/01\/abaa-metrologia-tienda.png\",\"width\":300,\"height\":141,\"caption\":\"Abaa tienda online\"},\"image\":{\"@id\":\"https:\/\/abaa.mx\/tienda\/#\/schema\/logo\/image\/\"}}]}<\/script>\n<!-- \/ Yoast SEO plugin. -->","yoast_head_json":{"title":"Term\u00f3metro infrarrojo (ir) raytek raymt6u minitemp, de -20 a 932 \u00b0f - Abaa tienda online","robots":{"index":"index","follow":"follow","max-snippet":"max-snippet:-1","max-image-preview":"max-image-preview:large","max-video-preview":"max-video-preview:-1"},"canonical":"https:\/\/abaa.mx\/tienda\/termometro-infrarrojo-ir-raytek-raymt6u-minitemp-de-20-a-932-f\/","og_locale":"es_MX","og_type":"article","og_title":"Term\u00f3metro infrarrojo (ir) raytek raymt6u minitemp, de -20 a 932 \u00b0f - Abaa tienda online","og_description":"Utilizado en una variedad de industrias, desde el mantenimiento industrial hasta el servicio de alimentos, el MT6U mide la temperatura de la superficie de forma r\u00e1pida, precisa y segura. Dado que no entra en contacto con el objeto que se est\u00e1 midiendo, es la forma m\u00e1s segura de medir piezas calientes, dif\u00edciles de alcanzar o m\u00f3viles, al tiempo que elimina posibles da\u00f1os y contaminaci\u00f3n.","og_url":"https:\/\/abaa.mx\/tienda\/termometro-infrarrojo-ir-raytek-raymt6u-minitemp-de-20-a-932-f\/","og_site_name":"Abaa tienda online","article_modified_time":"2023-11-29T16:11:00+00:00","og_image":[{"width":500,"height":500,"url":"https:\/\/abaa.mx\/tienda\/wp-content\/uploads\/2023\/10\/RAYMT6U.jpg","type":"image\/jpeg"}],"twitter_card":"summary_large_image","twitter_misc":{"Tiempo de lectura":"2 minutos"},"schema":{"@context":"https:\/\/schema.org","@graph":[{"@type":"WebPage","@id":"https:\/\/abaa.mx\/tienda\/termometro-infrarrojo-ir-raytek-raymt6u-minitemp-de-20-a-932-f\/","url":"https:\/\/abaa.mx\/tienda\/termometro-infrarrojo-ir-raytek-raymt6u-minitemp-de-20-a-932-f\/","name":"Term\u00f3metro infrarrojo (ir) raytek raymt6u minitemp, de -20 a 932 \u00b0f - Abaa tienda online","isPartOf":{"@id":"https:\/\/abaa.mx\/tienda\/#website"},"primaryImageOfPage":{"@id":"https:\/\/abaa.mx\/tienda\/termometro-infrarrojo-ir-raytek-raymt6u-minitemp-de-20-a-932-f\/#primaryimage"},"image":{"@id":"https:\/\/abaa.mx\/tienda\/termometro-infrarrojo-ir-raytek-raymt6u-minitemp-de-20-a-932-f\/#primaryimage"},"thumbnailUrl":"https:\/\/abaa.mx\/tienda\/wp-content\/uploads\/2023\/10\/RAYMT6U.jpg","datePublished":"2023-10-19T16:55:19+00:00","dateModified":"2023-11-29T16:11:00+00:00","breadcrumb":{"@id":"https:\/\/abaa.mx\/tienda\/termometro-infrarrojo-ir-raytek-raymt6u-minitemp-de-20-a-932-f\/#breadcrumb"},"inLanguage":"es","potentialAction":[{"@type":"ReadAction","target":["https:\/\/abaa.mx\/tienda\/termometro-infrarrojo-ir-raytek-raymt6u-minitemp-de-20-a-932-f\/"]}]},{"@type":"ImageObject","inLanguage":"es","@id":"https:\/\/abaa.mx\/tienda\/termometro-infrarrojo-ir-raytek-raymt6u-minitemp-de-20-a-932-f\/#primaryimage","url":"https:\/\/abaa.mx\/tienda\/wp-content\/uploads\/2023\/10\/RAYMT6U.jpg","contentUrl":"https:\/\/abaa.mx\/tienda\/wp-content\/uploads\/2023\/10\/RAYMT6U.jpg","width":500,"height":500,"caption":"termometro-infrarrojo-ir-raytek-raymt6u-minitemp-de-20-a-932-f"},{"@type":"BreadcrumbList","@id":"https:\/\/abaa.mx\/tienda\/termometro-infrarrojo-ir-raytek-raymt6u-minitemp-de-20-a-932-f\/#breadcrumb","itemListElement":[{"@type":"ListItem","position":1,"name":"Inicio","item":"https:\/\/abaa.mx\/tienda\/"},{"@type":"ListItem","position":2,"name":"Tienda","item":"https:\/\/abaa.mx\/tienda\/"},{"@type":"ListItem","position":3,"name":"Term\u00f3metro infrarrojo (ir) raytek raymt6u minitemp, de -20 a 932 \u00b0f"}]},{"@type":"WebSite","@id":"https:\/\/abaa.mx\/tienda\/#website","url":"https:\/\/abaa.mx\/tienda\/","name":"Abaa tienda online","description":"Instrumentos de medici\u00f3n","publisher":{"@id":"https:\/\/abaa.mx\/tienda\/#organization"},"potentialAction":[{"@type":"SearchAction","target":{"@type":"EntryPoint","urlTemplate":"https:\/\/abaa.mx\/tienda\/?s={search_term_string}"},"query-input":{"@type":"PropertyValueSpecification","valueRequired":true,"valueName":"search_term_string"}}],"inLanguage":"es"},{"@type":"Organization","@id":"https:\/\/abaa.mx\/tienda\/#organization","name":"Abaa tienda online","url":"https:\/\/abaa.mx\/tienda\/","logo":{"@type":"ImageObject","inLanguage":"es","@id":"https:\/\/abaa.mx\/tienda\/#\/schema\/logo\/image\/","url":"https:\/\/abaa.mx\/tienda\/wp-content\/uploads\/2024\/01\/abaa-metrologia-tienda.png","contentUrl":"https:\/\/abaa.mx\/tienda\/wp-content\/uploads\/2024\/01\/abaa-metrologia-tienda.png","width":300,"height":141,"caption":"Abaa tienda online"},"image":{"@id":"https:\/\/abaa.mx\/tienda\/#\/schema\/logo\/image\/"}}]}},"_links":{"self":[{"href":"https:\/\/abaa.mx\/tienda\/wp-json\/wp\/v2\/product\/6821","targetHints":{"allow":["GET"]}}],"collection":[{"href":"https:\/\/abaa.mx\/tienda\/wp-json\/wp\/v2\/product"}],"about":[{"href":"https:\/\/abaa.mx\/tienda\/wp-json\/wp\/v2\/types\/product"}],"replies":[{"embeddable":true,"href":"https:\/\/abaa.mx\/tienda\/wp-json\/wp\/v2\/comments?post=6821"}],"wp:featuredmedia":[{"embeddable":true,"href":"https:\/\/abaa.mx\/tienda\/wp-json\/wp\/v2\/media\/6827"}],"wp:attachment":[{"href":"https:\/\/abaa.mx\/tienda\/wp-json\/wp\/v2\/media?parent=6821"}],"wp:term":[{"taxonomy":"product_brand","embeddable":true,"href":"https:\/\/abaa.mx\/tienda\/wp-json\/wp\/v2\/product_brand?post=6821"},{"taxonomy":"product_cat","embeddable":true,"href":"https:\/\/abaa.mx\/tienda\/wp-json\/wp\/v2\/product_cat?post=6821"},{"taxonomy":"product_tag","embeddable":true,"href":"https:\/\/abaa.mx\/tienda\/wp-json\/wp\/v2\/product_tag?post=6821"}],"curies":[{"name":"wp","href":"https:\/\/api.w.org\/{rel}","templated":true}]}}