{"id":6819,"date":"2023-10-19T17:26:55","date_gmt":"2023-10-19T17:26:55","guid":{"rendered":"https:\/\/abaa.mx\/tienda\/?post_type=product&#038;p=6819"},"modified":"2023-12-22T15:30:49","modified_gmt":"2023-12-22T15:30:49","slug":"manometro-digital-ametek-crystal-xp2i-con-dataloggerxp-de-0-a-10-000-psi","status":"publish","type":"product","link":"https:\/\/abaa.mx\/tienda\/manometro-digital-ametek-crystal-xp2i-con-dataloggerxp-de-0-a-10-000-psi\/","title":{"rendered":"Ex470a \u2014 multimetro autorrango rms con termometro (laser, &#8211; k ) , diodo, continuidad, frecuencia, cap"},"content":{"rendered":"<p>Ex470a \u2014 multimetro autorrango rms con termometro (laser, &#8211; k ) , diodo, continuidad, frecuencia, cap.<\/p>\n","protected":false},"excerpt":{"rendered":"<h3 style=\"font-weight: 500;\"><strong>Caracter\u00edsticas:<\/strong><\/h3>\n<p>RMS verdadero, DMM de rango autom\u00e1tico con pantalla LCD de d\u00edgitos grandes y funci\u00f3n de temperatura tipo K \/ IR El mult\u00edmetro y term\u00f3metro infrarrojo EX470A True RMS de Extech con mediciones de capacitancia, frecuencia y ciclo de trabajo y 2 sondas remotas tipo K es el medidor perfecto para HVAC o el mantenimiento de la planta.<\/p>\n<p>El term\u00f3metro de infrarrojos mide la temperatura de la superficie de -4 a 518 \u00b0 F (-20 a 270 \u00b0 C) sin contacto. El puntero l\u00e1ser incorporado centra el \u00e1rea de medici\u00f3n. Las funciones del mult\u00edmetro incluyen voltaje de CA y CC a 600 voltios, corriente de CA y CC a 10 A, resistencia a 40 M \/ h, continuidad y prueba de diodo. Tambi\u00e9n incluye term\u00f3metro tipo K para mediciones de contacto o temperatura del aire de -4 a 1832 \u00b0 F (-20 a 750 \u00b0 C). Las funciones avanzadas incluyen capacitancia, frecuencia y ciclo de trabajo. El medidor viene completo con cables de prueba, sonda de temperatura tipo K, bater\u00eda de 9 voltios, funda protectora, soporte de inclinaci\u00f3n ajustable y correa para colgar de velcro.<\/p>\n","protected":false},"featured_media":9951,"comment_status":"open","ping_status":"closed","template":"","meta":{"_joinchat":[]},"product_brand":[],"product_cat":[15],"product_tag":[],"class_list":{"0":"post-6819","1":"product","2":"type-product","3":"status-publish","4":"has-post-thumbnail","6":"product_cat-sin-categorizar","8":"first","9":"instock","10":"shipping-taxable","11":"product-type-simple"},"yoast_head":"<!-- This site is optimized with the Yoast SEO plugin v26.4 - https:\/\/yoast.com\/wordpress\/plugins\/seo\/ -->\n<title>Ex470a \u2014 multimetro autorrango rms con termometro (laser, - k ) , diodo, continuidad, frecuencia, cap - Abaa tienda online<\/title>\n<meta name=\"robots\" content=\"index, follow, max-snippet:-1, max-image-preview:large, max-video-preview:-1\" \/>\n<link rel=\"canonical\" href=\"https:\/\/abaa.mx\/tienda\/manometro-digital-ametek-crystal-xp2i-con-dataloggerxp-de-0-a-10-000-psi\/\" \/>\n<meta property=\"og:locale\" content=\"es_MX\" \/>\n<meta property=\"og:type\" content=\"article\" \/>\n<meta property=\"og:title\" content=\"Ex470a \u2014 multimetro autorrango rms con termometro (laser, - k ) , diodo, continuidad, frecuencia, cap - Abaa tienda online\" \/>\n<meta property=\"og:description\" content=\"Caracter\u00edsticas: RMS verdadero, DMM de rango autom\u00e1tico con pantalla LCD de d\u00edgitos grandes y funci\u00f3n de temperatura tipo K \/ IR El mult\u00edmetro y term\u00f3metro infrarrojo EX470A True RMS de Extech con mediciones de capacitancia, frecuencia y ciclo de trabajo y 2 sondas remotas tipo K es el medidor perfecto para HVAC o el mantenimiento de la planta.  El term\u00f3metro de infrarrojos mide la temperatura de la superficie de -4 a 518 \u00b0 F (-20 a 270 \u00b0 C) sin contacto. El puntero l\u00e1ser incorporado centra el \u00e1rea de medici\u00f3n. Las funciones del mult\u00edmetro incluyen voltaje de CA y CC a 600 voltios, corriente de CA y CC a 10 A, resistencia a 40 M \/ h, continuidad y prueba de diodo. Tambi\u00e9n incluye term\u00f3metro tipo K para mediciones de contacto o temperatura del aire de -4 a 1832 \u00b0 F (-20 a 750 \u00b0 C). Las funciones avanzadas incluyen capacitancia, frecuencia y ciclo de trabajo. El medidor viene completo con cables de prueba, sonda de temperatura tipo K, bater\u00eda de 9 voltios, funda protectora, soporte de inclinaci\u00f3n ajustable y correa para colgar de velcro.\" \/>\n<meta property=\"og:url\" content=\"https:\/\/abaa.mx\/tienda\/manometro-digital-ametek-crystal-xp2i-con-dataloggerxp-de-0-a-10-000-psi\/\" \/>\n<meta property=\"og:site_name\" content=\"Abaa tienda online\" \/>\n<meta property=\"article:modified_time\" content=\"2023-12-22T15:30:49+00:00\" \/>\n<meta property=\"og:image\" content=\"https:\/\/abaa.mx\/tienda\/wp-content\/uploads\/2023\/10\/EXTECH-EX470A.jpg\" \/>\n\t<meta property=\"og:image:width\" content=\"388\" \/>\n\t<meta property=\"og:image:height\" content=\"610\" \/>\n\t<meta property=\"og:image:type\" content=\"image\/jpeg\" \/>\n<meta name=\"twitter:card\" content=\"summary_large_image\" \/>\n<meta name=\"twitter:label1\" content=\"Tiempo de lectura\" \/>\n\t<meta name=\"twitter:data1\" content=\"1 minuto\" \/>\n<script type=\"application\/ld+json\" class=\"yoast-schema-graph\">{\"@context\":\"https:\/\/schema.org\",\"@graph\":[{\"@type\":\"WebPage\",\"@id\":\"https:\/\/abaa.mx\/tienda\/manometro-digital-ametek-crystal-xp2i-con-dataloggerxp-de-0-a-10-000-psi\/\",\"url\":\"https:\/\/abaa.mx\/tienda\/manometro-digital-ametek-crystal-xp2i-con-dataloggerxp-de-0-a-10-000-psi\/\",\"name\":\"Ex470a \u2014 multimetro autorrango rms con termometro (laser, - k ) , diodo, continuidad, frecuencia, cap - Abaa tienda online\",\"isPartOf\":{\"@id\":\"https:\/\/abaa.mx\/tienda\/#website\"},\"primaryImageOfPage\":{\"@id\":\"https:\/\/abaa.mx\/tienda\/manometro-digital-ametek-crystal-xp2i-con-dataloggerxp-de-0-a-10-000-psi\/#primaryimage\"},\"image\":{\"@id\":\"https:\/\/abaa.mx\/tienda\/manometro-digital-ametek-crystal-xp2i-con-dataloggerxp-de-0-a-10-000-psi\/#primaryimage\"},\"thumbnailUrl\":\"https:\/\/abaa.mx\/tienda\/wp-content\/uploads\/2023\/10\/EXTECH-EX470A.jpg\",\"datePublished\":\"2023-10-19T17:26:55+00:00\",\"dateModified\":\"2023-12-22T15:30:49+00:00\",\"breadcrumb\":{\"@id\":\"https:\/\/abaa.mx\/tienda\/manometro-digital-ametek-crystal-xp2i-con-dataloggerxp-de-0-a-10-000-psi\/#breadcrumb\"},\"inLanguage\":\"es\",\"potentialAction\":[{\"@type\":\"ReadAction\",\"target\":[\"https:\/\/abaa.mx\/tienda\/manometro-digital-ametek-crystal-xp2i-con-dataloggerxp-de-0-a-10-000-psi\/\"]}]},{\"@type\":\"ImageObject\",\"inLanguage\":\"es\",\"@id\":\"https:\/\/abaa.mx\/tienda\/manometro-digital-ametek-crystal-xp2i-con-dataloggerxp-de-0-a-10-000-psi\/#primaryimage\",\"url\":\"https:\/\/abaa.mx\/tienda\/wp-content\/uploads\/2023\/10\/EXTECH-EX470A.jpg\",\"contentUrl\":\"https:\/\/abaa.mx\/tienda\/wp-content\/uploads\/2023\/10\/EXTECH-EX470A.jpg\",\"width\":388,\"height\":610,\"caption\":\"EXTECH-EX470A\"},{\"@type\":\"BreadcrumbList\",\"@id\":\"https:\/\/abaa.mx\/tienda\/manometro-digital-ametek-crystal-xp2i-con-dataloggerxp-de-0-a-10-000-psi\/#breadcrumb\",\"itemListElement\":[{\"@type\":\"ListItem\",\"position\":1,\"name\":\"Inicio\",\"item\":\"https:\/\/abaa.mx\/tienda\/\"},{\"@type\":\"ListItem\",\"position\":2,\"name\":\"Tienda\",\"item\":\"https:\/\/abaa.mx\/tienda\/\"},{\"@type\":\"ListItem\",\"position\":3,\"name\":\"Ex470a \u2014 multimetro autorrango rms con termometro (laser, &#8211; k ) , diodo, continuidad, frecuencia, cap\"}]},{\"@type\":\"WebSite\",\"@id\":\"https:\/\/abaa.mx\/tienda\/#website\",\"url\":\"https:\/\/abaa.mx\/tienda\/\",\"name\":\"Abaa tienda online\",\"description\":\"Instrumentos de medici\u00f3n\",\"publisher\":{\"@id\":\"https:\/\/abaa.mx\/tienda\/#organization\"},\"potentialAction\":[{\"@type\":\"SearchAction\",\"target\":{\"@type\":\"EntryPoint\",\"urlTemplate\":\"https:\/\/abaa.mx\/tienda\/?s={search_term_string}\"},\"query-input\":{\"@type\":\"PropertyValueSpecification\",\"valueRequired\":true,\"valueName\":\"search_term_string\"}}],\"inLanguage\":\"es\"},{\"@type\":\"Organization\",\"@id\":\"https:\/\/abaa.mx\/tienda\/#organization\",\"name\":\"Abaa tienda online\",\"url\":\"https:\/\/abaa.mx\/tienda\/\",\"logo\":{\"@type\":\"ImageObject\",\"inLanguage\":\"es\",\"@id\":\"https:\/\/abaa.mx\/tienda\/#\/schema\/logo\/image\/\",\"url\":\"https:\/\/abaa.mx\/tienda\/wp-content\/uploads\/2024\/01\/abaa-metrologia-tienda.png\",\"contentUrl\":\"https:\/\/abaa.mx\/tienda\/wp-content\/uploads\/2024\/01\/abaa-metrologia-tienda.png\",\"width\":300,\"height\":141,\"caption\":\"Abaa tienda online\"},\"image\":{\"@id\":\"https:\/\/abaa.mx\/tienda\/#\/schema\/logo\/image\/\"}}]}<\/script>\n<!-- \/ Yoast SEO plugin. -->","yoast_head_json":{"title":"Ex470a \u2014 multimetro autorrango rms con termometro (laser, - k ) , diodo, continuidad, frecuencia, cap - Abaa tienda online","robots":{"index":"index","follow":"follow","max-snippet":"max-snippet:-1","max-image-preview":"max-image-preview:large","max-video-preview":"max-video-preview:-1"},"canonical":"https:\/\/abaa.mx\/tienda\/manometro-digital-ametek-crystal-xp2i-con-dataloggerxp-de-0-a-10-000-psi\/","og_locale":"es_MX","og_type":"article","og_title":"Ex470a \u2014 multimetro autorrango rms con termometro (laser, - k ) , diodo, continuidad, frecuencia, cap - Abaa tienda online","og_description":"Caracter\u00edsticas: RMS verdadero, DMM de rango autom\u00e1tico con pantalla LCD de d\u00edgitos grandes y funci\u00f3n de temperatura tipo K \/ IR El mult\u00edmetro y term\u00f3metro infrarrojo EX470A True RMS de Extech con mediciones de capacitancia, frecuencia y ciclo de trabajo y 2 sondas remotas tipo K es el medidor perfecto para HVAC o el mantenimiento de la planta.  El term\u00f3metro de infrarrojos mide la temperatura de la superficie de -4 a 518 \u00b0 F (-20 a 270 \u00b0 C) sin contacto. El puntero l\u00e1ser incorporado centra el \u00e1rea de medici\u00f3n. Las funciones del mult\u00edmetro incluyen voltaje de CA y CC a 600 voltios, corriente de CA y CC a 10 A, resistencia a 40 M \/ h, continuidad y prueba de diodo. Tambi\u00e9n incluye term\u00f3metro tipo K para mediciones de contacto o temperatura del aire de -4 a 1832 \u00b0 F (-20 a 750 \u00b0 C). Las funciones avanzadas incluyen capacitancia, frecuencia y ciclo de trabajo. El medidor viene completo con cables de prueba, sonda de temperatura tipo K, bater\u00eda de 9 voltios, funda protectora, soporte de inclinaci\u00f3n ajustable y correa para colgar de velcro.","og_url":"https:\/\/abaa.mx\/tienda\/manometro-digital-ametek-crystal-xp2i-con-dataloggerxp-de-0-a-10-000-psi\/","og_site_name":"Abaa tienda online","article_modified_time":"2023-12-22T15:30:49+00:00","og_image":[{"width":388,"height":610,"url":"https:\/\/abaa.mx\/tienda\/wp-content\/uploads\/2023\/10\/EXTECH-EX470A.jpg","type":"image\/jpeg"}],"twitter_card":"summary_large_image","twitter_misc":{"Tiempo de lectura":"1 minuto"},"schema":{"@context":"https:\/\/schema.org","@graph":[{"@type":"WebPage","@id":"https:\/\/abaa.mx\/tienda\/manometro-digital-ametek-crystal-xp2i-con-dataloggerxp-de-0-a-10-000-psi\/","url":"https:\/\/abaa.mx\/tienda\/manometro-digital-ametek-crystal-xp2i-con-dataloggerxp-de-0-a-10-000-psi\/","name":"Ex470a \u2014 multimetro autorrango rms con termometro (laser, - k ) , diodo, continuidad, frecuencia, cap - Abaa tienda online","isPartOf":{"@id":"https:\/\/abaa.mx\/tienda\/#website"},"primaryImageOfPage":{"@id":"https:\/\/abaa.mx\/tienda\/manometro-digital-ametek-crystal-xp2i-con-dataloggerxp-de-0-a-10-000-psi\/#primaryimage"},"image":{"@id":"https:\/\/abaa.mx\/tienda\/manometro-digital-ametek-crystal-xp2i-con-dataloggerxp-de-0-a-10-000-psi\/#primaryimage"},"thumbnailUrl":"https:\/\/abaa.mx\/tienda\/wp-content\/uploads\/2023\/10\/EXTECH-EX470A.jpg","datePublished":"2023-10-19T17:26:55+00:00","dateModified":"2023-12-22T15:30:49+00:00","breadcrumb":{"@id":"https:\/\/abaa.mx\/tienda\/manometro-digital-ametek-crystal-xp2i-con-dataloggerxp-de-0-a-10-000-psi\/#breadcrumb"},"inLanguage":"es","potentialAction":[{"@type":"ReadAction","target":["https:\/\/abaa.mx\/tienda\/manometro-digital-ametek-crystal-xp2i-con-dataloggerxp-de-0-a-10-000-psi\/"]}]},{"@type":"ImageObject","inLanguage":"es","@id":"https:\/\/abaa.mx\/tienda\/manometro-digital-ametek-crystal-xp2i-con-dataloggerxp-de-0-a-10-000-psi\/#primaryimage","url":"https:\/\/abaa.mx\/tienda\/wp-content\/uploads\/2023\/10\/EXTECH-EX470A.jpg","contentUrl":"https:\/\/abaa.mx\/tienda\/wp-content\/uploads\/2023\/10\/EXTECH-EX470A.jpg","width":388,"height":610,"caption":"EXTECH-EX470A"},{"@type":"BreadcrumbList","@id":"https:\/\/abaa.mx\/tienda\/manometro-digital-ametek-crystal-xp2i-con-dataloggerxp-de-0-a-10-000-psi\/#breadcrumb","itemListElement":[{"@type":"ListItem","position":1,"name":"Inicio","item":"https:\/\/abaa.mx\/tienda\/"},{"@type":"ListItem","position":2,"name":"Tienda","item":"https:\/\/abaa.mx\/tienda\/"},{"@type":"ListItem","position":3,"name":"Ex470a \u2014 multimetro autorrango rms con termometro (laser, &#8211; k ) , diodo, continuidad, frecuencia, cap"}]},{"@type":"WebSite","@id":"https:\/\/abaa.mx\/tienda\/#website","url":"https:\/\/abaa.mx\/tienda\/","name":"Abaa tienda online","description":"Instrumentos de medici\u00f3n","publisher":{"@id":"https:\/\/abaa.mx\/tienda\/#organization"},"potentialAction":[{"@type":"SearchAction","target":{"@type":"EntryPoint","urlTemplate":"https:\/\/abaa.mx\/tienda\/?s={search_term_string}"},"query-input":{"@type":"PropertyValueSpecification","valueRequired":true,"valueName":"search_term_string"}}],"inLanguage":"es"},{"@type":"Organization","@id":"https:\/\/abaa.mx\/tienda\/#organization","name":"Abaa tienda online","url":"https:\/\/abaa.mx\/tienda\/","logo":{"@type":"ImageObject","inLanguage":"es","@id":"https:\/\/abaa.mx\/tienda\/#\/schema\/logo\/image\/","url":"https:\/\/abaa.mx\/tienda\/wp-content\/uploads\/2024\/01\/abaa-metrologia-tienda.png","contentUrl":"https:\/\/abaa.mx\/tienda\/wp-content\/uploads\/2024\/01\/abaa-metrologia-tienda.png","width":300,"height":141,"caption":"Abaa tienda online"},"image":{"@id":"https:\/\/abaa.mx\/tienda\/#\/schema\/logo\/image\/"}}]}},"_links":{"self":[{"href":"https:\/\/abaa.mx\/tienda\/wp-json\/wp\/v2\/product\/6819","targetHints":{"allow":["GET"]}}],"collection":[{"href":"https:\/\/abaa.mx\/tienda\/wp-json\/wp\/v2\/product"}],"about":[{"href":"https:\/\/abaa.mx\/tienda\/wp-json\/wp\/v2\/types\/product"}],"replies":[{"embeddable":true,"href":"https:\/\/abaa.mx\/tienda\/wp-json\/wp\/v2\/comments?post=6819"}],"wp:featuredmedia":[{"embeddable":true,"href":"https:\/\/abaa.mx\/tienda\/wp-json\/wp\/v2\/media\/9951"}],"wp:attachment":[{"href":"https:\/\/abaa.mx\/tienda\/wp-json\/wp\/v2\/media?parent=6819"}],"wp:term":[{"taxonomy":"product_brand","embeddable":true,"href":"https:\/\/abaa.mx\/tienda\/wp-json\/wp\/v2\/product_brand?post=6819"},{"taxonomy":"product_cat","embeddable":true,"href":"https:\/\/abaa.mx\/tienda\/wp-json\/wp\/v2\/product_cat?post=6819"},{"taxonomy":"product_tag","embeddable":true,"href":"https:\/\/abaa.mx\/tienda\/wp-json\/wp\/v2\/product_tag?post=6819"}],"curies":[{"name":"wp","href":"https:\/\/api.w.org\/{rel}","templated":true}]}}