{"id":6805,"date":"2023-10-19T15:52:09","date_gmt":"2023-10-19T15:52:09","guid":{"rendered":"https:\/\/abaa.mx\/tienda\/?post_type=product&#038;p=6805"},"modified":"2023-11-15T16:14:55","modified_gmt":"2023-11-15T16:14:55","slug":"mitutoyo-102-329-10-serie-102-micrometro-exterior-0-a-1-0-0001","status":"publish","type":"product","link":"https:\/\/abaa.mx\/tienda\/mitutoyo-102-329-10-serie-102-micrometro-exterior-0-a-1-0-0001\/","title":{"rendered":"mitutoyo 102-329-10 serie 102 micr\u00f3metro exterior, 0 a 1&#8243;, 0.0001&#8243;"},"content":{"rendered":"<p><strong>Funciones<\/strong><\/p>\n<ul>\n<li>Bastidor con aislamiento t\u00e9rmico<\/li>\n<li>Marco recortado (detr\u00e1s del yunque) para medir en lugares de dif\u00edcil acceso<\/li>\n<li>El dedal de fricci\u00f3n garantiza una medici\u00f3n repetible<\/li>\n<li>Cara de medici\u00f3n: Carburo<\/li>\n<\/ul>\n<p><strong>Aplicaciones<\/strong><\/p>\n<ul>\n<li>Aeroespacial<\/li>\n<li>Automotor<\/li>\n<li>Defensa<\/li>\n<li>Electr\u00f3nica<\/li>\n<li>Energ\u00eda<\/li>\n<li>Fabricaci\u00f3n general<\/li>\n<li>Pl\u00e1sticos y caucho<\/li>\n<\/ul>\n<h4>Mitutoyo 102-329-10 Especificaciones<\/h4>\n<table class=\"table table-striped\">\n<tbody>\n<tr>\n<td>Gama<\/td>\n<td>De 0 a 1&#8243;<\/td>\n<\/tr>\n<tr>\n<td>Graduaci\u00f3n<\/td>\n<td>0.0001&#8243;<\/td>\n<\/tr>\n<tr>\n<td>Error m\u00e1ximo permitido J MPE<\/td>\n<td>\u00b10.0001&#8243;<\/td>\n<\/tr>\n<tr>\n<td>Llanura<\/td>\n<td>0.6<\/td>\n<\/tr>\n<tr>\n<td>Paralelismo<\/td>\n<td>0.00008&#8243;<\/td>\n<\/tr>\n<tr>\n<td>Fuerza de medici\u00f3n<\/td>\n<td>De 5 a 10 N<\/td>\n<\/tr>\n<tr>\n<td>Cara de medici\u00f3n<\/td>\n<td>Punta de carburo, acabado microtraslapado<\/td>\n<\/tr>\n<tr>\n<td>Husillo de medici\u00f3n<\/td>\n<td>Con bloqueo de husillo, \u00d80,25&#8243; (\u00d86,35 mm), paso de husillo 0,02&#8243; (0,5 mm)<\/td>\n<\/tr>\n<tr>\n<td>Escama<\/td>\n<td>Dedal y manga acabado cromado satinado<\/td>\n<\/tr>\n<tr>\n<td>Peso<\/td>\n<td>180 g (6,35 onzas)<\/td>\n<\/tr>\n<\/tbody>\n<\/table>\n","protected":false},"excerpt":{"rendered":"<p class=\"short-description mhide ipad-view-setting\">Ideal para medir piezas met\u00e1licas y no met\u00e1licas en espacios reducidos y ranuras estrechas, este micr\u00f3metro presenta un rango de 0 a 1&#8243; y una graduaci\u00f3n de 0,001&#8243;. Adem\u00e1s, el dedal de fricci\u00f3n garantiza mediciones repetibles.<\/p>\n<div class=\"row-fluid\">\n<div class=\"span12 mobile-pricing-box-padding\">\n<form id=\"518189029\" accept-charset=\"utf-8\" action=\"https:\/\/www.globaltestsupply.com\/shop\/add\" method=\"post\" name=\"addTocartFunction\">\n<div><\/div>\n<\/form>\n<\/div>\n<\/div>\n","protected":false},"featured_media":6809,"comment_status":"open","ping_status":"closed","template":"","meta":{"_joinchat":[]},"product_brand":[],"product_cat":[15],"product_tag":[],"class_list":{"0":"post-6805","1":"product","2":"type-product","3":"status-publish","4":"has-post-thumbnail","6":"product_cat-sin-categorizar","8":"first","9":"instock","10":"shipping-taxable","11":"product-type-simple"},"yoast_head":"<!-- This site is optimized with the Yoast SEO plugin v26.4 - https:\/\/yoast.com\/wordpress\/plugins\/seo\/ -->\n<title>mitutoyo 102-329-10 serie 102 micr\u00f3metro exterior, 0 a 1&quot;, 0.0001&quot; - Abaa tienda online<\/title>\n<meta name=\"robots\" content=\"index, follow, max-snippet:-1, max-image-preview:large, max-video-preview:-1\" \/>\n<link rel=\"canonical\" href=\"https:\/\/abaa.mx\/tienda\/mitutoyo-102-329-10-serie-102-micrometro-exterior-0-a-1-0-0001\/\" \/>\n<meta property=\"og:locale\" content=\"es_MX\" \/>\n<meta property=\"og:type\" content=\"article\" \/>\n<meta property=\"og:title\" content=\"mitutoyo 102-329-10 serie 102 micr\u00f3metro exterior, 0 a 1&quot;, 0.0001&quot; - Abaa tienda online\" \/>\n<meta property=\"og:description\" content=\"Ideal para medir piezas met\u00e1licas y no met\u00e1licas en espacios reducidos y ranuras estrechas, este micr\u00f3metro presenta un rango de 0 a 1&quot; y una graduaci\u00f3n de 0,001&quot;. Adem\u00e1s, el dedal de fricci\u00f3n garantiza mediciones repetibles.\" \/>\n<meta property=\"og:url\" content=\"https:\/\/abaa.mx\/tienda\/mitutoyo-102-329-10-serie-102-micrometro-exterior-0-a-1-0-0001\/\" \/>\n<meta property=\"og:site_name\" content=\"Abaa tienda online\" \/>\n<meta property=\"article:modified_time\" content=\"2023-11-15T16:14:55+00:00\" \/>\n<meta property=\"og:image\" content=\"https:\/\/abaa.mx\/tienda\/wp-content\/uploads\/2023\/10\/102-329-10.jpg\" \/>\n\t<meta property=\"og:image:width\" content=\"800\" \/>\n\t<meta property=\"og:image:height\" content=\"800\" \/>\n\t<meta property=\"og:image:type\" content=\"image\/jpeg\" \/>\n<meta name=\"twitter:card\" content=\"summary_large_image\" \/>\n<meta name=\"twitter:label1\" content=\"Tiempo de lectura\" \/>\n\t<meta name=\"twitter:data1\" content=\"1 minuto\" \/>\n<script type=\"application\/ld+json\" class=\"yoast-schema-graph\">{\"@context\":\"https:\/\/schema.org\",\"@graph\":[{\"@type\":\"WebPage\",\"@id\":\"https:\/\/abaa.mx\/tienda\/mitutoyo-102-329-10-serie-102-micrometro-exterior-0-a-1-0-0001\/\",\"url\":\"https:\/\/abaa.mx\/tienda\/mitutoyo-102-329-10-serie-102-micrometro-exterior-0-a-1-0-0001\/\",\"name\":\"mitutoyo 102-329-10 serie 102 micr\u00f3metro exterior, 0 a 1\\\", 0.0001\\\" - Abaa tienda online\",\"isPartOf\":{\"@id\":\"https:\/\/abaa.mx\/tienda\/#website\"},\"primaryImageOfPage\":{\"@id\":\"https:\/\/abaa.mx\/tienda\/mitutoyo-102-329-10-serie-102-micrometro-exterior-0-a-1-0-0001\/#primaryimage\"},\"image\":{\"@id\":\"https:\/\/abaa.mx\/tienda\/mitutoyo-102-329-10-serie-102-micrometro-exterior-0-a-1-0-0001\/#primaryimage\"},\"thumbnailUrl\":\"https:\/\/abaa.mx\/tienda\/wp-content\/uploads\/2023\/10\/102-329-10.jpg\",\"datePublished\":\"2023-10-19T15:52:09+00:00\",\"dateModified\":\"2023-11-15T16:14:55+00:00\",\"breadcrumb\":{\"@id\":\"https:\/\/abaa.mx\/tienda\/mitutoyo-102-329-10-serie-102-micrometro-exterior-0-a-1-0-0001\/#breadcrumb\"},\"inLanguage\":\"es\",\"potentialAction\":[{\"@type\":\"ReadAction\",\"target\":[\"https:\/\/abaa.mx\/tienda\/mitutoyo-102-329-10-serie-102-micrometro-exterior-0-a-1-0-0001\/\"]}]},{\"@type\":\"ImageObject\",\"inLanguage\":\"es\",\"@id\":\"https:\/\/abaa.mx\/tienda\/mitutoyo-102-329-10-serie-102-micrometro-exterior-0-a-1-0-0001\/#primaryimage\",\"url\":\"https:\/\/abaa.mx\/tienda\/wp-content\/uploads\/2023\/10\/102-329-10.jpg\",\"contentUrl\":\"https:\/\/abaa.mx\/tienda\/wp-content\/uploads\/2023\/10\/102-329-10.jpg\",\"width\":800,\"height\":800,\"caption\":\"mitutoyo 102-329-10\"},{\"@type\":\"BreadcrumbList\",\"@id\":\"https:\/\/abaa.mx\/tienda\/mitutoyo-102-329-10-serie-102-micrometro-exterior-0-a-1-0-0001\/#breadcrumb\",\"itemListElement\":[{\"@type\":\"ListItem\",\"position\":1,\"name\":\"Inicio\",\"item\":\"https:\/\/abaa.mx\/tienda\/\"},{\"@type\":\"ListItem\",\"position\":2,\"name\":\"Tienda\",\"item\":\"https:\/\/abaa.mx\/tienda\/\"},{\"@type\":\"ListItem\",\"position\":3,\"name\":\"mitutoyo 102-329-10 serie 102 micr\u00f3metro exterior, 0 a 1&#8243;, 0.0001&#8243;\"}]},{\"@type\":\"WebSite\",\"@id\":\"https:\/\/abaa.mx\/tienda\/#website\",\"url\":\"https:\/\/abaa.mx\/tienda\/\",\"name\":\"Abaa tienda online\",\"description\":\"Instrumentos de medici\u00f3n\",\"publisher\":{\"@id\":\"https:\/\/abaa.mx\/tienda\/#organization\"},\"potentialAction\":[{\"@type\":\"SearchAction\",\"target\":{\"@type\":\"EntryPoint\",\"urlTemplate\":\"https:\/\/abaa.mx\/tienda\/?s={search_term_string}\"},\"query-input\":{\"@type\":\"PropertyValueSpecification\",\"valueRequired\":true,\"valueName\":\"search_term_string\"}}],\"inLanguage\":\"es\"},{\"@type\":\"Organization\",\"@id\":\"https:\/\/abaa.mx\/tienda\/#organization\",\"name\":\"Abaa tienda online\",\"url\":\"https:\/\/abaa.mx\/tienda\/\",\"logo\":{\"@type\":\"ImageObject\",\"inLanguage\":\"es\",\"@id\":\"https:\/\/abaa.mx\/tienda\/#\/schema\/logo\/image\/\",\"url\":\"https:\/\/abaa.mx\/tienda\/wp-content\/uploads\/2024\/01\/abaa-metrologia-tienda.png\",\"contentUrl\":\"https:\/\/abaa.mx\/tienda\/wp-content\/uploads\/2024\/01\/abaa-metrologia-tienda.png\",\"width\":300,\"height\":141,\"caption\":\"Abaa tienda online\"},\"image\":{\"@id\":\"https:\/\/abaa.mx\/tienda\/#\/schema\/logo\/image\/\"}}]}<\/script>\n<!-- \/ Yoast SEO plugin. -->","yoast_head_json":{"title":"mitutoyo 102-329-10 serie 102 micr\u00f3metro exterior, 0 a 1\", 0.0001\" - Abaa tienda online","robots":{"index":"index","follow":"follow","max-snippet":"max-snippet:-1","max-image-preview":"max-image-preview:large","max-video-preview":"max-video-preview:-1"},"canonical":"https:\/\/abaa.mx\/tienda\/mitutoyo-102-329-10-serie-102-micrometro-exterior-0-a-1-0-0001\/","og_locale":"es_MX","og_type":"article","og_title":"mitutoyo 102-329-10 serie 102 micr\u00f3metro exterior, 0 a 1\", 0.0001\" - Abaa tienda online","og_description":"Ideal para medir piezas met\u00e1licas y no met\u00e1licas en espacios reducidos y ranuras estrechas, este micr\u00f3metro presenta un rango de 0 a 1\" y una graduaci\u00f3n de 0,001\". Adem\u00e1s, el dedal de fricci\u00f3n garantiza mediciones repetibles.","og_url":"https:\/\/abaa.mx\/tienda\/mitutoyo-102-329-10-serie-102-micrometro-exterior-0-a-1-0-0001\/","og_site_name":"Abaa tienda online","article_modified_time":"2023-11-15T16:14:55+00:00","og_image":[{"width":800,"height":800,"url":"https:\/\/abaa.mx\/tienda\/wp-content\/uploads\/2023\/10\/102-329-10.jpg","type":"image\/jpeg"}],"twitter_card":"summary_large_image","twitter_misc":{"Tiempo de lectura":"1 minuto"},"schema":{"@context":"https:\/\/schema.org","@graph":[{"@type":"WebPage","@id":"https:\/\/abaa.mx\/tienda\/mitutoyo-102-329-10-serie-102-micrometro-exterior-0-a-1-0-0001\/","url":"https:\/\/abaa.mx\/tienda\/mitutoyo-102-329-10-serie-102-micrometro-exterior-0-a-1-0-0001\/","name":"mitutoyo 102-329-10 serie 102 micr\u00f3metro exterior, 0 a 1\", 0.0001\" - Abaa tienda online","isPartOf":{"@id":"https:\/\/abaa.mx\/tienda\/#website"},"primaryImageOfPage":{"@id":"https:\/\/abaa.mx\/tienda\/mitutoyo-102-329-10-serie-102-micrometro-exterior-0-a-1-0-0001\/#primaryimage"},"image":{"@id":"https:\/\/abaa.mx\/tienda\/mitutoyo-102-329-10-serie-102-micrometro-exterior-0-a-1-0-0001\/#primaryimage"},"thumbnailUrl":"https:\/\/abaa.mx\/tienda\/wp-content\/uploads\/2023\/10\/102-329-10.jpg","datePublished":"2023-10-19T15:52:09+00:00","dateModified":"2023-11-15T16:14:55+00:00","breadcrumb":{"@id":"https:\/\/abaa.mx\/tienda\/mitutoyo-102-329-10-serie-102-micrometro-exterior-0-a-1-0-0001\/#breadcrumb"},"inLanguage":"es","potentialAction":[{"@type":"ReadAction","target":["https:\/\/abaa.mx\/tienda\/mitutoyo-102-329-10-serie-102-micrometro-exterior-0-a-1-0-0001\/"]}]},{"@type":"ImageObject","inLanguage":"es","@id":"https:\/\/abaa.mx\/tienda\/mitutoyo-102-329-10-serie-102-micrometro-exterior-0-a-1-0-0001\/#primaryimage","url":"https:\/\/abaa.mx\/tienda\/wp-content\/uploads\/2023\/10\/102-329-10.jpg","contentUrl":"https:\/\/abaa.mx\/tienda\/wp-content\/uploads\/2023\/10\/102-329-10.jpg","width":800,"height":800,"caption":"mitutoyo 102-329-10"},{"@type":"BreadcrumbList","@id":"https:\/\/abaa.mx\/tienda\/mitutoyo-102-329-10-serie-102-micrometro-exterior-0-a-1-0-0001\/#breadcrumb","itemListElement":[{"@type":"ListItem","position":1,"name":"Inicio","item":"https:\/\/abaa.mx\/tienda\/"},{"@type":"ListItem","position":2,"name":"Tienda","item":"https:\/\/abaa.mx\/tienda\/"},{"@type":"ListItem","position":3,"name":"mitutoyo 102-329-10 serie 102 micr\u00f3metro exterior, 0 a 1&#8243;, 0.0001&#8243;"}]},{"@type":"WebSite","@id":"https:\/\/abaa.mx\/tienda\/#website","url":"https:\/\/abaa.mx\/tienda\/","name":"Abaa tienda online","description":"Instrumentos de medici\u00f3n","publisher":{"@id":"https:\/\/abaa.mx\/tienda\/#organization"},"potentialAction":[{"@type":"SearchAction","target":{"@type":"EntryPoint","urlTemplate":"https:\/\/abaa.mx\/tienda\/?s={search_term_string}"},"query-input":{"@type":"PropertyValueSpecification","valueRequired":true,"valueName":"search_term_string"}}],"inLanguage":"es"},{"@type":"Organization","@id":"https:\/\/abaa.mx\/tienda\/#organization","name":"Abaa tienda online","url":"https:\/\/abaa.mx\/tienda\/","logo":{"@type":"ImageObject","inLanguage":"es","@id":"https:\/\/abaa.mx\/tienda\/#\/schema\/logo\/image\/","url":"https:\/\/abaa.mx\/tienda\/wp-content\/uploads\/2024\/01\/abaa-metrologia-tienda.png","contentUrl":"https:\/\/abaa.mx\/tienda\/wp-content\/uploads\/2024\/01\/abaa-metrologia-tienda.png","width":300,"height":141,"caption":"Abaa tienda online"},"image":{"@id":"https:\/\/abaa.mx\/tienda\/#\/schema\/logo\/image\/"}}]}},"_links":{"self":[{"href":"https:\/\/abaa.mx\/tienda\/wp-json\/wp\/v2\/product\/6805","targetHints":{"allow":["GET"]}}],"collection":[{"href":"https:\/\/abaa.mx\/tienda\/wp-json\/wp\/v2\/product"}],"about":[{"href":"https:\/\/abaa.mx\/tienda\/wp-json\/wp\/v2\/types\/product"}],"replies":[{"embeddable":true,"href":"https:\/\/abaa.mx\/tienda\/wp-json\/wp\/v2\/comments?post=6805"}],"wp:featuredmedia":[{"embeddable":true,"href":"https:\/\/abaa.mx\/tienda\/wp-json\/wp\/v2\/media\/6809"}],"wp:attachment":[{"href":"https:\/\/abaa.mx\/tienda\/wp-json\/wp\/v2\/media?parent=6805"}],"wp:term":[{"taxonomy":"product_brand","embeddable":true,"href":"https:\/\/abaa.mx\/tienda\/wp-json\/wp\/v2\/product_brand?post=6805"},{"taxonomy":"product_cat","embeddable":true,"href":"https:\/\/abaa.mx\/tienda\/wp-json\/wp\/v2\/product_cat?post=6805"},{"taxonomy":"product_tag","embeddable":true,"href":"https:\/\/abaa.mx\/tienda\/wp-json\/wp\/v2\/product_tag?post=6805"}],"curies":[{"name":"wp","href":"https:\/\/api.w.org\/{rel}","templated":true}]}}