{"id":6799,"date":"2023-10-19T15:47:54","date_gmt":"2023-10-19T15:47:54","guid":{"rendered":"https:\/\/abaa.mx\/tienda\/?post_type=product&#038;p=6799"},"modified":"2023-11-15T17:32:28","modified_gmt":"2023-11-15T17:32:28","slug":"mitutoyo-ev-16a-mu-checker-contador-de-micrometro-electronico","status":"publish","type":"product","link":"https:\/\/abaa.mx\/tienda\/mitutoyo-ev-16a-mu-checker-contador-de-micrometro-electronico\/","title":{"rendered":"mitutoyo ev-16a mu-checker contador de micr\u00f3metro electr\u00f3nico"},"content":{"rendered":"<p>Este instrumento utiliza un sensor de desplazamiento de inductancia diferencial energizado por un voltaje de excitaci\u00f3n de CA de 5 kHz aplicado a trav\u00e9s de dos bobinas id\u00e9nticas conectadas en serie, L1 y L2. Un n\u00facleo de hierro conectado a la aguja se mueve cerca de ambos n\u00facleos y var\u00eda la impedancia de cada bobina dependiendo de su posici\u00f3n, y el voltaje en la uni\u00f3n entre las bobinas var\u00eda como la diferencia de impedancia.<\/p>\n<p>Dos resistencias, R1 y R2, forman un circuito de puente con las bobinas y el voltaje de salida del puente impulsa los circuitos electr\u00f3nicos de amplificaci\u00f3n y acondicionamiento para proporcionar una se\u00f1al de voltaje proporcional al desplazamiento de la aguja. Para calibrar el EV-16A correctamente, aseg\u00farese de comprar una unidad de visualizaci\u00f3n dedicada D-EV. Cuando se van a utilizar varias unidades de unidades EV-16A, se requiere al menos una unidad D-EV.<\/p>\n<p>Como no se suministra una fuente de alimentaci\u00f3n de serie, se debe proporcionar una fuente de alimentaci\u00f3n adecuada con una capacidad de corriente de 1 A o m\u00e1s para cada EV-16A.<\/p>\n<p><strong>Caracter\u00edsticas:<\/strong><\/p>\n<ul>\n<li>El espesor de un material de chapa laminada.<\/li>\n<li>La excentricidad m\u00e1xima de una marcha.<\/li>\n<li>El paso de los componentes del cabezal del disco duro.<\/li>\n<li>El cabeceo y la desviaci\u00f3n de las cuchillas de la cortadora.<\/li>\n<li>Realice una medici\u00f3n multipunto en un chasis VTR.<\/li>\n<li>Medir la concentricidad y el descentramiento de un eje.<\/li>\n<li>Medir la altura de la cabeza de un pist\u00f3n.<\/li>\n<\/ul>\n<p>&nbsp;<\/p>\n<p><strong>Funciones principales<\/strong><\/p>\n<ul>\n<li>Funciones principales.<\/li>\n<li>Control externo (puesta a cero, preajuste, etc.).<\/li>\n<li>Cambio de direcci\u00f3n.<\/li>\n<li>Mensajes de error.<\/li>\n<li>Salida del juicio de tolerancia.<\/li>\n<li>Varias salidas de datos (RS-232C, BCD, segmento)..<\/li>\n<li>Medici\u00f3n de picos (valor m\u00e1ximo, valor m\u00ednimo, descentramiento) y aritm\u00e9tica Operaci\u00f3n (suma, promedio, valor m\u00e1ximo, valor m\u00ednimo, ancho m\u00e1ximo) entre ejes.<\/li>\n<\/ul>\n<p>&nbsp;<\/p>\n<p><strong>Funciones<\/strong><\/p>\n<ul>\n<li>Se pueden seleccionar salidas de E\/S como RS-232C, BCD, juicio de tolerancia y segmento.<\/li>\n<li>Medici\u00f3n de picos y operaci\u00f3n aritm\u00e9tica entre ejes (en la misma unidad) tambi\u00e9n son posibles adem\u00e1s de la medici\u00f3n normal para cada eje.<\/li>\n<\/ul>\n<p>&nbsp;<\/p>\n<h4>Especificaciones del Mitutoyo EV-16A<\/h4>\n<table class=\"table table-striped\">\n<tbody>\n<tr>\n<td>N\u00famero de sondas de entrada<\/td>\n<td>6 ejes<\/td>\n<\/tr>\n<tr>\n<td>Error de cuantificaci\u00f3n<\/td>\n<td>Pantalla LCD \u00b11<\/td>\n<\/tr>\n<tr>\n<td>Resoluci\u00f3n (mm)<\/td>\n<td>Rango de conteo m\u00e1x. 0.001 (\u00b12.000 mm), 0.0001 (\u00b10.200 mm)<\/td>\n<\/tr>\n<tr>\n<td>Pantalla LED<\/td>\n<td>Visualizaci\u00f3n de par\u00e1metros: 8 d\u00edgitos (pantalla de ajuste), mensaje de error: 1 d\u00edgito<\/td>\n<\/tr>\n<tr>\n<td>Mensaje de error<\/td>\n<td>Error de voltaje de la fuente de alimentaci\u00f3n, mal funcionamiento de la sonda, etc.<\/td>\n<\/tr>\n<tr>\n<td>Pantalla externa<\/td>\n<td>Unidad de visualizaci\u00f3n externa dedicada: D-EV (opci\u00f3n especial) conectable<\/td>\n<\/tr>\n<tr>\n<td>N\u00famero de interruptores de entrada<\/td>\n<td>4<\/td>\n<\/tr>\n<tr>\n<td>Funci\u00f3n de interruptor de entrada<\/td>\n<td>Selecci\u00f3n del modo de medici\u00f3n, ajuste de par\u00e1metros<\/td>\n<\/tr>\n<tr>\n<td>Sondas aplicables<\/td>\n<td>Cabezal de palanca y cabezal de cartucho<\/td>\n<\/tr>\n<\/tbody>\n<\/table>\n","protected":false},"excerpt":{"rendered":"<p class=\"short-description mhide ipad-view-setting\">Este micr\u00f3metro electr\u00f3nico puede aceptar una multitud de cabezales de cartucho para una variedad de aplicaciones en mediciones de espesor de paso y chapa. Se pueden conectar 6 sondas a una unidad, y al utilizar el enlace RS puede crear un sistema de medici\u00f3n multipunto y conectar hasta 10 unidades juntas, con un total de 60 sondas.<\/p>\n<div class=\"row-fluid\">\n<div class=\"span12 mobile-pricing-box-padding\">\n<form id=\"88488\" accept-charset=\"utf-8\" action=\"https:\/\/www.globaltestsupply.com\/shop\/add\" method=\"post\" name=\"addTocartFunction\">\n<div><\/div>\n<\/form>\n<\/div>\n<\/div>\n","protected":false},"featured_media":6804,"comment_status":"open","ping_status":"closed","template":"","meta":{"_joinchat":[]},"product_brand":[],"product_cat":[15],"product_tag":[],"class_list":{"0":"post-6799","1":"product","2":"type-product","3":"status-publish","4":"has-post-thumbnail","6":"product_cat-sin-categorizar","8":"first","9":"instock","10":"shipping-taxable","11":"product-type-simple"},"yoast_head":"<!-- This site is optimized with the Yoast SEO plugin v26.4 - https:\/\/yoast.com\/wordpress\/plugins\/seo\/ -->\n<title>mitutoyo ev-16a mu-checker contador de micr\u00f3metro electr\u00f3nico - Abaa tienda online<\/title>\n<meta name=\"robots\" content=\"index, follow, max-snippet:-1, max-image-preview:large, max-video-preview:-1\" \/>\n<link rel=\"canonical\" href=\"https:\/\/abaa.mx\/tienda\/mitutoyo-ev-16a-mu-checker-contador-de-micrometro-electronico\/\" \/>\n<meta property=\"og:locale\" content=\"es_MX\" \/>\n<meta property=\"og:type\" content=\"article\" \/>\n<meta property=\"og:title\" content=\"mitutoyo ev-16a mu-checker contador de micr\u00f3metro electr\u00f3nico - Abaa tienda online\" \/>\n<meta property=\"og:description\" content=\"Este micr\u00f3metro electr\u00f3nico puede aceptar una multitud de cabezales de cartucho para una variedad de aplicaciones en mediciones de espesor de paso y chapa. Se pueden conectar 6 sondas a una unidad, y al utilizar el enlace RS puede crear un sistema de medici\u00f3n multipunto y conectar hasta 10 unidades juntas, con un total de 60 sondas.\" \/>\n<meta property=\"og:url\" content=\"https:\/\/abaa.mx\/tienda\/mitutoyo-ev-16a-mu-checker-contador-de-micrometro-electronico\/\" \/>\n<meta property=\"og:site_name\" content=\"Abaa tienda online\" \/>\n<meta property=\"article:modified_time\" content=\"2023-11-15T17:32:28+00:00\" \/>\n<meta property=\"og:image\" content=\"https:\/\/abaa.mx\/tienda\/wp-content\/uploads\/2023\/10\/EV-16A.jpg\" \/>\n\t<meta property=\"og:image:width\" content=\"400\" \/>\n\t<meta property=\"og:image:height\" content=\"400\" \/>\n\t<meta property=\"og:image:type\" content=\"image\/jpeg\" \/>\n<meta name=\"twitter:card\" content=\"summary_large_image\" \/>\n<meta name=\"twitter:label1\" content=\"Tiempo de lectura\" \/>\n\t<meta name=\"twitter:data1\" content=\"2 minutos\" \/>\n<script type=\"application\/ld+json\" class=\"yoast-schema-graph\">{\"@context\":\"https:\/\/schema.org\",\"@graph\":[{\"@type\":\"WebPage\",\"@id\":\"https:\/\/abaa.mx\/tienda\/mitutoyo-ev-16a-mu-checker-contador-de-micrometro-electronico\/\",\"url\":\"https:\/\/abaa.mx\/tienda\/mitutoyo-ev-16a-mu-checker-contador-de-micrometro-electronico\/\",\"name\":\"mitutoyo ev-16a mu-checker contador de micr\u00f3metro electr\u00f3nico - Abaa tienda online\",\"isPartOf\":{\"@id\":\"https:\/\/abaa.mx\/tienda\/#website\"},\"primaryImageOfPage\":{\"@id\":\"https:\/\/abaa.mx\/tienda\/mitutoyo-ev-16a-mu-checker-contador-de-micrometro-electronico\/#primaryimage\"},\"image\":{\"@id\":\"https:\/\/abaa.mx\/tienda\/mitutoyo-ev-16a-mu-checker-contador-de-micrometro-electronico\/#primaryimage\"},\"thumbnailUrl\":\"https:\/\/abaa.mx\/tienda\/wp-content\/uploads\/2023\/10\/EV-16A.jpg\",\"datePublished\":\"2023-10-19T15:47:54+00:00\",\"dateModified\":\"2023-11-15T17:32:28+00:00\",\"breadcrumb\":{\"@id\":\"https:\/\/abaa.mx\/tienda\/mitutoyo-ev-16a-mu-checker-contador-de-micrometro-electronico\/#breadcrumb\"},\"inLanguage\":\"es\",\"potentialAction\":[{\"@type\":\"ReadAction\",\"target\":[\"https:\/\/abaa.mx\/tienda\/mitutoyo-ev-16a-mu-checker-contador-de-micrometro-electronico\/\"]}]},{\"@type\":\"ImageObject\",\"inLanguage\":\"es\",\"@id\":\"https:\/\/abaa.mx\/tienda\/mitutoyo-ev-16a-mu-checker-contador-de-micrometro-electronico\/#primaryimage\",\"url\":\"https:\/\/abaa.mx\/tienda\/wp-content\/uploads\/2023\/10\/EV-16A.jpg\",\"contentUrl\":\"https:\/\/abaa.mx\/tienda\/wp-content\/uploads\/2023\/10\/EV-16A.jpg\",\"width\":400,\"height\":400,\"caption\":\"Mitutoyo ev-16a\"},{\"@type\":\"BreadcrumbList\",\"@id\":\"https:\/\/abaa.mx\/tienda\/mitutoyo-ev-16a-mu-checker-contador-de-micrometro-electronico\/#breadcrumb\",\"itemListElement\":[{\"@type\":\"ListItem\",\"position\":1,\"name\":\"Inicio\",\"item\":\"https:\/\/abaa.mx\/tienda\/\"},{\"@type\":\"ListItem\",\"position\":2,\"name\":\"Tienda\",\"item\":\"https:\/\/abaa.mx\/tienda\/\"},{\"@type\":\"ListItem\",\"position\":3,\"name\":\"mitutoyo ev-16a mu-checker contador de micr\u00f3metro electr\u00f3nico\"}]},{\"@type\":\"WebSite\",\"@id\":\"https:\/\/abaa.mx\/tienda\/#website\",\"url\":\"https:\/\/abaa.mx\/tienda\/\",\"name\":\"Abaa tienda online\",\"description\":\"Instrumentos de medici\u00f3n\",\"publisher\":{\"@id\":\"https:\/\/abaa.mx\/tienda\/#organization\"},\"potentialAction\":[{\"@type\":\"SearchAction\",\"target\":{\"@type\":\"EntryPoint\",\"urlTemplate\":\"https:\/\/abaa.mx\/tienda\/?s={search_term_string}\"},\"query-input\":{\"@type\":\"PropertyValueSpecification\",\"valueRequired\":true,\"valueName\":\"search_term_string\"}}],\"inLanguage\":\"es\"},{\"@type\":\"Organization\",\"@id\":\"https:\/\/abaa.mx\/tienda\/#organization\",\"name\":\"Abaa tienda online\",\"url\":\"https:\/\/abaa.mx\/tienda\/\",\"logo\":{\"@type\":\"ImageObject\",\"inLanguage\":\"es\",\"@id\":\"https:\/\/abaa.mx\/tienda\/#\/schema\/logo\/image\/\",\"url\":\"https:\/\/abaa.mx\/tienda\/wp-content\/uploads\/2024\/01\/abaa-metrologia-tienda.png\",\"contentUrl\":\"https:\/\/abaa.mx\/tienda\/wp-content\/uploads\/2024\/01\/abaa-metrologia-tienda.png\",\"width\":300,\"height\":141,\"caption\":\"Abaa tienda online\"},\"image\":{\"@id\":\"https:\/\/abaa.mx\/tienda\/#\/schema\/logo\/image\/\"}}]}<\/script>\n<!-- \/ Yoast SEO plugin. -->","yoast_head_json":{"title":"mitutoyo ev-16a mu-checker contador de micr\u00f3metro electr\u00f3nico - Abaa tienda online","robots":{"index":"index","follow":"follow","max-snippet":"max-snippet:-1","max-image-preview":"max-image-preview:large","max-video-preview":"max-video-preview:-1"},"canonical":"https:\/\/abaa.mx\/tienda\/mitutoyo-ev-16a-mu-checker-contador-de-micrometro-electronico\/","og_locale":"es_MX","og_type":"article","og_title":"mitutoyo ev-16a mu-checker contador de micr\u00f3metro electr\u00f3nico - Abaa tienda online","og_description":"Este micr\u00f3metro electr\u00f3nico puede aceptar una multitud de cabezales de cartucho para una variedad de aplicaciones en mediciones de espesor de paso y chapa. Se pueden conectar 6 sondas a una unidad, y al utilizar el enlace RS puede crear un sistema de medici\u00f3n multipunto y conectar hasta 10 unidades juntas, con un total de 60 sondas.","og_url":"https:\/\/abaa.mx\/tienda\/mitutoyo-ev-16a-mu-checker-contador-de-micrometro-electronico\/","og_site_name":"Abaa tienda online","article_modified_time":"2023-11-15T17:32:28+00:00","og_image":[{"width":400,"height":400,"url":"https:\/\/abaa.mx\/tienda\/wp-content\/uploads\/2023\/10\/EV-16A.jpg","type":"image\/jpeg"}],"twitter_card":"summary_large_image","twitter_misc":{"Tiempo de lectura":"2 minutos"},"schema":{"@context":"https:\/\/schema.org","@graph":[{"@type":"WebPage","@id":"https:\/\/abaa.mx\/tienda\/mitutoyo-ev-16a-mu-checker-contador-de-micrometro-electronico\/","url":"https:\/\/abaa.mx\/tienda\/mitutoyo-ev-16a-mu-checker-contador-de-micrometro-electronico\/","name":"mitutoyo ev-16a mu-checker contador de micr\u00f3metro electr\u00f3nico - Abaa tienda online","isPartOf":{"@id":"https:\/\/abaa.mx\/tienda\/#website"},"primaryImageOfPage":{"@id":"https:\/\/abaa.mx\/tienda\/mitutoyo-ev-16a-mu-checker-contador-de-micrometro-electronico\/#primaryimage"},"image":{"@id":"https:\/\/abaa.mx\/tienda\/mitutoyo-ev-16a-mu-checker-contador-de-micrometro-electronico\/#primaryimage"},"thumbnailUrl":"https:\/\/abaa.mx\/tienda\/wp-content\/uploads\/2023\/10\/EV-16A.jpg","datePublished":"2023-10-19T15:47:54+00:00","dateModified":"2023-11-15T17:32:28+00:00","breadcrumb":{"@id":"https:\/\/abaa.mx\/tienda\/mitutoyo-ev-16a-mu-checker-contador-de-micrometro-electronico\/#breadcrumb"},"inLanguage":"es","potentialAction":[{"@type":"ReadAction","target":["https:\/\/abaa.mx\/tienda\/mitutoyo-ev-16a-mu-checker-contador-de-micrometro-electronico\/"]}]},{"@type":"ImageObject","inLanguage":"es","@id":"https:\/\/abaa.mx\/tienda\/mitutoyo-ev-16a-mu-checker-contador-de-micrometro-electronico\/#primaryimage","url":"https:\/\/abaa.mx\/tienda\/wp-content\/uploads\/2023\/10\/EV-16A.jpg","contentUrl":"https:\/\/abaa.mx\/tienda\/wp-content\/uploads\/2023\/10\/EV-16A.jpg","width":400,"height":400,"caption":"Mitutoyo ev-16a"},{"@type":"BreadcrumbList","@id":"https:\/\/abaa.mx\/tienda\/mitutoyo-ev-16a-mu-checker-contador-de-micrometro-electronico\/#breadcrumb","itemListElement":[{"@type":"ListItem","position":1,"name":"Inicio","item":"https:\/\/abaa.mx\/tienda\/"},{"@type":"ListItem","position":2,"name":"Tienda","item":"https:\/\/abaa.mx\/tienda\/"},{"@type":"ListItem","position":3,"name":"mitutoyo ev-16a mu-checker contador de micr\u00f3metro electr\u00f3nico"}]},{"@type":"WebSite","@id":"https:\/\/abaa.mx\/tienda\/#website","url":"https:\/\/abaa.mx\/tienda\/","name":"Abaa tienda online","description":"Instrumentos de medici\u00f3n","publisher":{"@id":"https:\/\/abaa.mx\/tienda\/#organization"},"potentialAction":[{"@type":"SearchAction","target":{"@type":"EntryPoint","urlTemplate":"https:\/\/abaa.mx\/tienda\/?s={search_term_string}"},"query-input":{"@type":"PropertyValueSpecification","valueRequired":true,"valueName":"search_term_string"}}],"inLanguage":"es"},{"@type":"Organization","@id":"https:\/\/abaa.mx\/tienda\/#organization","name":"Abaa tienda online","url":"https:\/\/abaa.mx\/tienda\/","logo":{"@type":"ImageObject","inLanguage":"es","@id":"https:\/\/abaa.mx\/tienda\/#\/schema\/logo\/image\/","url":"https:\/\/abaa.mx\/tienda\/wp-content\/uploads\/2024\/01\/abaa-metrologia-tienda.png","contentUrl":"https:\/\/abaa.mx\/tienda\/wp-content\/uploads\/2024\/01\/abaa-metrologia-tienda.png","width":300,"height":141,"caption":"Abaa tienda online"},"image":{"@id":"https:\/\/abaa.mx\/tienda\/#\/schema\/logo\/image\/"}}]}},"_links":{"self":[{"href":"https:\/\/abaa.mx\/tienda\/wp-json\/wp\/v2\/product\/6799","targetHints":{"allow":["GET"]}}],"collection":[{"href":"https:\/\/abaa.mx\/tienda\/wp-json\/wp\/v2\/product"}],"about":[{"href":"https:\/\/abaa.mx\/tienda\/wp-json\/wp\/v2\/types\/product"}],"replies":[{"embeddable":true,"href":"https:\/\/abaa.mx\/tienda\/wp-json\/wp\/v2\/comments?post=6799"}],"wp:featuredmedia":[{"embeddable":true,"href":"https:\/\/abaa.mx\/tienda\/wp-json\/wp\/v2\/media\/6804"}],"wp:attachment":[{"href":"https:\/\/abaa.mx\/tienda\/wp-json\/wp\/v2\/media?parent=6799"}],"wp:term":[{"taxonomy":"product_brand","embeddable":true,"href":"https:\/\/abaa.mx\/tienda\/wp-json\/wp\/v2\/product_brand?post=6799"},{"taxonomy":"product_cat","embeddable":true,"href":"https:\/\/abaa.mx\/tienda\/wp-json\/wp\/v2\/product_cat?post=6799"},{"taxonomy":"product_tag","embeddable":true,"href":"https:\/\/abaa.mx\/tienda\/wp-json\/wp\/v2\/product_tag?post=6799"}],"curies":[{"name":"wp","href":"https:\/\/api.w.org\/{rel}","templated":true}]}}