{"id":6781,"date":"2023-10-19T15:37:02","date_gmt":"2023-10-19T15:37:02","guid":{"rendered":"https:\/\/abaa.mx\/tienda\/?post_type=product&#038;p=6781"},"modified":"2023-10-19T15:37:03","modified_gmt":"2023-10-19T15:37:03","slug":"mitutoyo-7304a-medidor-de-espesor-de-esfera-estandar-plano-0-a-1-0","status":"publish","type":"product","link":"https:\/\/abaa.mx\/tienda\/mitutoyo-7304a-medidor-de-espesor-de-esfera-estandar-plano-0-a-1-0\/","title":{"rendered":"mitutoyo 7304a medidor de espesor de esfera est\u00e1ndar plano, 0 a 1.0&#8243;"},"content":{"rendered":"<p><strong>Funciones<\/strong><\/p>\n<ul>\n<li>El medidor de espesor mide de 0 a 1.0&#8243; con graduaciones de 0.001&#8243; y una precisi\u00f3n de \u00b10.002&#8243;, para medir el espesor de las piezas de trabajo<\/li>\n<li>Indicador de cuadrante con esfera blanca para mediciones precisas y legibles en pulgadas<\/li>\n<li>El punto de contacto y el yunque plano son cer\u00e1micos para resistir la corrosi\u00f3n<\/li>\n<li>Mango de agarre, gatillo de pulgar y husillo accionado por resorte para mediciones precisas<\/li>\n<li>Fuerza de medici\u00f3n de 2,0 N o menos<\/li>\n<\/ul>\n<p><strong>Aplicaciones<\/strong><\/p>\n<p>Ideal para las siguientes aplicaciones: Medici\u00f3n del espesor de piezas peque\u00f1as, metal, caucho, vinilo, l\u00e1minas y otros materiales de l\u00e1mina.<\/p>\n<p>&nbsp;<\/p>\n<p>&nbsp;<\/p>\n","protected":false},"excerpt":{"rendered":"<p class=\"short-description mhide ipad-view-setting\">Medios de inspecci\u00f3n r\u00e1pidos y eficientes con un pr\u00e1ctico mango de agarre, un gatillo de pulgar y un husillo accionado por resorte. Medici\u00f3n de caras de acero para herramientas de alta calidad, endurecido, rectificado y lapeado para mayor precisi\u00f3n.<\/p>\n<p class=\"comment-tag-product\">\n<div class=\"row-fluid\">\n<div class=\"span12 mobile-pricing-box-padding\">\n<form id=\"85284\" accept-charset=\"utf-8\" action=\"https:\/\/www.globaltestsupply.com\/shop\/add\" method=\"post\" name=\"addTocartFunction\">\n<div><\/div>\n<\/form>\n<\/div>\n<\/div>\n","protected":false},"featured_media":6791,"comment_status":"open","ping_status":"closed","template":"","meta":{"_joinchat":[]},"product_brand":[],"product_cat":[15],"product_tag":[],"class_list":{"0":"post-6781","1":"product","2":"type-product","3":"status-publish","4":"has-post-thumbnail","6":"product_cat-sin-categorizar","8":"first","9":"instock","10":"shipping-taxable","11":"product-type-simple"},"yoast_head":"<!-- This site is optimized with the Yoast SEO plugin v26.4 - https:\/\/yoast.com\/wordpress\/plugins\/seo\/ -->\n<title>mitutoyo 7304a medidor de espesor de esfera est\u00e1ndar plano, 0 a 1.0&quot; - Abaa tienda online<\/title>\n<meta name=\"robots\" content=\"index, follow, max-snippet:-1, max-image-preview:large, max-video-preview:-1\" \/>\n<link rel=\"canonical\" href=\"https:\/\/abaa.mx\/tienda\/mitutoyo-7304a-medidor-de-espesor-de-esfera-estandar-plano-0-a-1-0\/\" \/>\n<meta property=\"og:locale\" content=\"es_MX\" \/>\n<meta property=\"og:type\" content=\"article\" \/>\n<meta property=\"og:title\" content=\"mitutoyo 7304a medidor de espesor de esfera est\u00e1ndar plano, 0 a 1.0&quot; - Abaa tienda online\" \/>\n<meta property=\"og:description\" content=\"Medios de inspecci\u00f3n r\u00e1pidos y eficientes con un pr\u00e1ctico mango de agarre, un gatillo de pulgar y un husillo accionado por resorte. Medici\u00f3n de caras de acero para herramientas de alta calidad, endurecido, rectificado y lapeado para mayor precisi\u00f3n.\" \/>\n<meta property=\"og:url\" content=\"https:\/\/abaa.mx\/tienda\/mitutoyo-7304a-medidor-de-espesor-de-esfera-estandar-plano-0-a-1-0\/\" \/>\n<meta property=\"og:site_name\" content=\"Abaa tienda online\" \/>\n<meta property=\"article:modified_time\" content=\"2023-10-19T15:37:03+00:00\" \/>\n<meta property=\"og:image\" content=\"https:\/\/abaa.mx\/tienda\/wp-content\/uploads\/2023\/10\/7304A.jpg\" \/>\n\t<meta property=\"og:image:width\" content=\"270\" \/>\n\t<meta property=\"og:image:height\" content=\"350\" \/>\n\t<meta property=\"og:image:type\" content=\"image\/jpeg\" \/>\n<meta name=\"twitter:card\" content=\"summary_large_image\" \/>\n<meta name=\"twitter:label1\" content=\"Tiempo de lectura\" \/>\n\t<meta name=\"twitter:data1\" content=\"1 minuto\" \/>\n<script type=\"application\/ld+json\" class=\"yoast-schema-graph\">{\"@context\":\"https:\/\/schema.org\",\"@graph\":[{\"@type\":\"WebPage\",\"@id\":\"https:\/\/abaa.mx\/tienda\/mitutoyo-7304a-medidor-de-espesor-de-esfera-estandar-plano-0-a-1-0\/\",\"url\":\"https:\/\/abaa.mx\/tienda\/mitutoyo-7304a-medidor-de-espesor-de-esfera-estandar-plano-0-a-1-0\/\",\"name\":\"mitutoyo 7304a medidor de espesor de esfera est\u00e1ndar plano, 0 a 1.0\\\" - Abaa tienda online\",\"isPartOf\":{\"@id\":\"https:\/\/abaa.mx\/tienda\/#website\"},\"primaryImageOfPage\":{\"@id\":\"https:\/\/abaa.mx\/tienda\/mitutoyo-7304a-medidor-de-espesor-de-esfera-estandar-plano-0-a-1-0\/#primaryimage\"},\"image\":{\"@id\":\"https:\/\/abaa.mx\/tienda\/mitutoyo-7304a-medidor-de-espesor-de-esfera-estandar-plano-0-a-1-0\/#primaryimage\"},\"thumbnailUrl\":\"https:\/\/abaa.mx\/tienda\/wp-content\/uploads\/2023\/10\/7304A.jpg\",\"datePublished\":\"2023-10-19T15:37:02+00:00\",\"dateModified\":\"2023-10-19T15:37:03+00:00\",\"breadcrumb\":{\"@id\":\"https:\/\/abaa.mx\/tienda\/mitutoyo-7304a-medidor-de-espesor-de-esfera-estandar-plano-0-a-1-0\/#breadcrumb\"},\"inLanguage\":\"es\",\"potentialAction\":[{\"@type\":\"ReadAction\",\"target\":[\"https:\/\/abaa.mx\/tienda\/mitutoyo-7304a-medidor-de-espesor-de-esfera-estandar-plano-0-a-1-0\/\"]}]},{\"@type\":\"ImageObject\",\"inLanguage\":\"es\",\"@id\":\"https:\/\/abaa.mx\/tienda\/mitutoyo-7304a-medidor-de-espesor-de-esfera-estandar-plano-0-a-1-0\/#primaryimage\",\"url\":\"https:\/\/abaa.mx\/tienda\/wp-content\/uploads\/2023\/10\/7304A.jpg\",\"contentUrl\":\"https:\/\/abaa.mx\/tienda\/wp-content\/uploads\/2023\/10\/7304A.jpg\",\"width\":270,\"height\":350,\"caption\":\"7304A\"},{\"@type\":\"BreadcrumbList\",\"@id\":\"https:\/\/abaa.mx\/tienda\/mitutoyo-7304a-medidor-de-espesor-de-esfera-estandar-plano-0-a-1-0\/#breadcrumb\",\"itemListElement\":[{\"@type\":\"ListItem\",\"position\":1,\"name\":\"Inicio\",\"item\":\"https:\/\/abaa.mx\/tienda\/\"},{\"@type\":\"ListItem\",\"position\":2,\"name\":\"Tienda\",\"item\":\"https:\/\/abaa.mx\/tienda\/\"},{\"@type\":\"ListItem\",\"position\":3,\"name\":\"mitutoyo 7304a medidor de espesor de esfera est\u00e1ndar plano, 0 a 1.0&#8243;\"}]},{\"@type\":\"WebSite\",\"@id\":\"https:\/\/abaa.mx\/tienda\/#website\",\"url\":\"https:\/\/abaa.mx\/tienda\/\",\"name\":\"Abaa tienda online\",\"description\":\"Instrumentos de medici\u00f3n\",\"publisher\":{\"@id\":\"https:\/\/abaa.mx\/tienda\/#organization\"},\"potentialAction\":[{\"@type\":\"SearchAction\",\"target\":{\"@type\":\"EntryPoint\",\"urlTemplate\":\"https:\/\/abaa.mx\/tienda\/?s={search_term_string}\"},\"query-input\":{\"@type\":\"PropertyValueSpecification\",\"valueRequired\":true,\"valueName\":\"search_term_string\"}}],\"inLanguage\":\"es\"},{\"@type\":\"Organization\",\"@id\":\"https:\/\/abaa.mx\/tienda\/#organization\",\"name\":\"Abaa tienda online\",\"url\":\"https:\/\/abaa.mx\/tienda\/\",\"logo\":{\"@type\":\"ImageObject\",\"inLanguage\":\"es\",\"@id\":\"https:\/\/abaa.mx\/tienda\/#\/schema\/logo\/image\/\",\"url\":\"https:\/\/abaa.mx\/tienda\/wp-content\/uploads\/2024\/01\/abaa-metrologia-tienda.png\",\"contentUrl\":\"https:\/\/abaa.mx\/tienda\/wp-content\/uploads\/2024\/01\/abaa-metrologia-tienda.png\",\"width\":300,\"height\":141,\"caption\":\"Abaa tienda online\"},\"image\":{\"@id\":\"https:\/\/abaa.mx\/tienda\/#\/schema\/logo\/image\/\"}}]}<\/script>\n<!-- \/ Yoast SEO plugin. -->","yoast_head_json":{"title":"mitutoyo 7304a medidor de espesor de esfera est\u00e1ndar plano, 0 a 1.0\" - Abaa tienda online","robots":{"index":"index","follow":"follow","max-snippet":"max-snippet:-1","max-image-preview":"max-image-preview:large","max-video-preview":"max-video-preview:-1"},"canonical":"https:\/\/abaa.mx\/tienda\/mitutoyo-7304a-medidor-de-espesor-de-esfera-estandar-plano-0-a-1-0\/","og_locale":"es_MX","og_type":"article","og_title":"mitutoyo 7304a medidor de espesor de esfera est\u00e1ndar plano, 0 a 1.0\" - Abaa tienda online","og_description":"Medios de inspecci\u00f3n r\u00e1pidos y eficientes con un pr\u00e1ctico mango de agarre, un gatillo de pulgar y un husillo accionado por resorte. Medici\u00f3n de caras de acero para herramientas de alta calidad, endurecido, rectificado y lapeado para mayor precisi\u00f3n.","og_url":"https:\/\/abaa.mx\/tienda\/mitutoyo-7304a-medidor-de-espesor-de-esfera-estandar-plano-0-a-1-0\/","og_site_name":"Abaa tienda online","article_modified_time":"2023-10-19T15:37:03+00:00","og_image":[{"width":270,"height":350,"url":"https:\/\/abaa.mx\/tienda\/wp-content\/uploads\/2023\/10\/7304A.jpg","type":"image\/jpeg"}],"twitter_card":"summary_large_image","twitter_misc":{"Tiempo de lectura":"1 minuto"},"schema":{"@context":"https:\/\/schema.org","@graph":[{"@type":"WebPage","@id":"https:\/\/abaa.mx\/tienda\/mitutoyo-7304a-medidor-de-espesor-de-esfera-estandar-plano-0-a-1-0\/","url":"https:\/\/abaa.mx\/tienda\/mitutoyo-7304a-medidor-de-espesor-de-esfera-estandar-plano-0-a-1-0\/","name":"mitutoyo 7304a medidor de espesor de esfera est\u00e1ndar plano, 0 a 1.0\" - Abaa tienda online","isPartOf":{"@id":"https:\/\/abaa.mx\/tienda\/#website"},"primaryImageOfPage":{"@id":"https:\/\/abaa.mx\/tienda\/mitutoyo-7304a-medidor-de-espesor-de-esfera-estandar-plano-0-a-1-0\/#primaryimage"},"image":{"@id":"https:\/\/abaa.mx\/tienda\/mitutoyo-7304a-medidor-de-espesor-de-esfera-estandar-plano-0-a-1-0\/#primaryimage"},"thumbnailUrl":"https:\/\/abaa.mx\/tienda\/wp-content\/uploads\/2023\/10\/7304A.jpg","datePublished":"2023-10-19T15:37:02+00:00","dateModified":"2023-10-19T15:37:03+00:00","breadcrumb":{"@id":"https:\/\/abaa.mx\/tienda\/mitutoyo-7304a-medidor-de-espesor-de-esfera-estandar-plano-0-a-1-0\/#breadcrumb"},"inLanguage":"es","potentialAction":[{"@type":"ReadAction","target":["https:\/\/abaa.mx\/tienda\/mitutoyo-7304a-medidor-de-espesor-de-esfera-estandar-plano-0-a-1-0\/"]}]},{"@type":"ImageObject","inLanguage":"es","@id":"https:\/\/abaa.mx\/tienda\/mitutoyo-7304a-medidor-de-espesor-de-esfera-estandar-plano-0-a-1-0\/#primaryimage","url":"https:\/\/abaa.mx\/tienda\/wp-content\/uploads\/2023\/10\/7304A.jpg","contentUrl":"https:\/\/abaa.mx\/tienda\/wp-content\/uploads\/2023\/10\/7304A.jpg","width":270,"height":350,"caption":"7304A"},{"@type":"BreadcrumbList","@id":"https:\/\/abaa.mx\/tienda\/mitutoyo-7304a-medidor-de-espesor-de-esfera-estandar-plano-0-a-1-0\/#breadcrumb","itemListElement":[{"@type":"ListItem","position":1,"name":"Inicio","item":"https:\/\/abaa.mx\/tienda\/"},{"@type":"ListItem","position":2,"name":"Tienda","item":"https:\/\/abaa.mx\/tienda\/"},{"@type":"ListItem","position":3,"name":"mitutoyo 7304a medidor de espesor de esfera est\u00e1ndar plano, 0 a 1.0&#8243;"}]},{"@type":"WebSite","@id":"https:\/\/abaa.mx\/tienda\/#website","url":"https:\/\/abaa.mx\/tienda\/","name":"Abaa tienda online","description":"Instrumentos de medici\u00f3n","publisher":{"@id":"https:\/\/abaa.mx\/tienda\/#organization"},"potentialAction":[{"@type":"SearchAction","target":{"@type":"EntryPoint","urlTemplate":"https:\/\/abaa.mx\/tienda\/?s={search_term_string}"},"query-input":{"@type":"PropertyValueSpecification","valueRequired":true,"valueName":"search_term_string"}}],"inLanguage":"es"},{"@type":"Organization","@id":"https:\/\/abaa.mx\/tienda\/#organization","name":"Abaa tienda online","url":"https:\/\/abaa.mx\/tienda\/","logo":{"@type":"ImageObject","inLanguage":"es","@id":"https:\/\/abaa.mx\/tienda\/#\/schema\/logo\/image\/","url":"https:\/\/abaa.mx\/tienda\/wp-content\/uploads\/2024\/01\/abaa-metrologia-tienda.png","contentUrl":"https:\/\/abaa.mx\/tienda\/wp-content\/uploads\/2024\/01\/abaa-metrologia-tienda.png","width":300,"height":141,"caption":"Abaa tienda online"},"image":{"@id":"https:\/\/abaa.mx\/tienda\/#\/schema\/logo\/image\/"}}]}},"_links":{"self":[{"href":"https:\/\/abaa.mx\/tienda\/wp-json\/wp\/v2\/product\/6781","targetHints":{"allow":["GET"]}}],"collection":[{"href":"https:\/\/abaa.mx\/tienda\/wp-json\/wp\/v2\/product"}],"about":[{"href":"https:\/\/abaa.mx\/tienda\/wp-json\/wp\/v2\/types\/product"}],"replies":[{"embeddable":true,"href":"https:\/\/abaa.mx\/tienda\/wp-json\/wp\/v2\/comments?post=6781"}],"wp:featuredmedia":[{"embeddable":true,"href":"https:\/\/abaa.mx\/tienda\/wp-json\/wp\/v2\/media\/6791"}],"wp:attachment":[{"href":"https:\/\/abaa.mx\/tienda\/wp-json\/wp\/v2\/media?parent=6781"}],"wp:term":[{"taxonomy":"product_brand","embeddable":true,"href":"https:\/\/abaa.mx\/tienda\/wp-json\/wp\/v2\/product_brand?post=6781"},{"taxonomy":"product_cat","embeddable":true,"href":"https:\/\/abaa.mx\/tienda\/wp-json\/wp\/v2\/product_cat?post=6781"},{"taxonomy":"product_tag","embeddable":true,"href":"https:\/\/abaa.mx\/tienda\/wp-json\/wp\/v2\/product_tag?post=6781"}],"curies":[{"name":"wp","href":"https:\/\/api.w.org\/{rel}","templated":true}]}}