{"id":6779,"date":"2023-10-19T15:09:44","date_gmt":"2023-10-19T15:09:44","guid":{"rendered":"https:\/\/abaa.mx\/tienda\/?post_type=product&#038;p=6779"},"modified":"2023-10-19T15:09:44","modified_gmt":"2023-10-19T15:09:44","slug":"soporte-magnetico-universal-mitutoyo-7031-10-serie-7","status":"publish","type":"product","link":"https:\/\/abaa.mx\/tienda\/soporte-magnetico-universal-mitutoyo-7031-10-serie-7\/","title":{"rendered":"soporte magn\u00e9tico universal mitutoyo 7031-10 serie 7"},"content":{"rendered":"<p><strong>Funciones<\/strong><\/p>\n<ul>\n<li>Sujeta de forma segura los indicadores de cuadrante y los indicadores de prueba de cuadrante para garantizar que las mediciones sean lo m\u00e1s precisas posible y repetibles<\/li>\n<li>El interruptor de encendido\/apagado ofrece un montaje y desmontaje instant\u00e1neo sin ning\u00fan efecto adverso para los indicadores o la pieza de trabajo<\/li>\n<li>Con sistema de bloqueo mec\u00e1nico<\/li>\n<li>Interruptor de encendido\/apagado para un desmontaje f\u00e1cil y seguro<\/li>\n<li>Ranura de cola de milano<\/li>\n<\/ul>\n<p><strong>Aplicaciones<\/strong><\/p>\n<ul>\n<li>Aeroespacial<\/li>\n<li>Automotor<\/li>\n<li>Defensa<\/li>\n<li>Electr\u00f3nica<\/li>\n<li>Energ\u00eda<\/li>\n<li>Fabricaci\u00f3n general<\/li>\n<li>Pl\u00e1sticos y caucho<\/li>\n<\/ul>\n<h4>Mitutoyo 7031-10 Especificaciones<\/h4>\n<table class=\"table table-striped\">\n<tbody>\n<tr>\n<td>Di\u00e1metro del v\u00e1stago de sujeci\u00f3n aplicable<\/td>\n<td>3\/8&#8243;<br \/>\n8, 9.53, 6 mm<\/td>\n<\/tr>\n<tr>\n<td>Ranura de cola de milano<\/td>\n<td>S\u00ed<\/td>\n<\/tr>\n<\/tbody>\n<\/table>\n","protected":false},"excerpt":{"rendered":"<p class=\"short-description mhide ipad-view-setting\">Compatible con todos los indicadores de cuadrante e indicadores de prueba de cuadrante, este soporte magn\u00e9tico universal protege estas unidades para garantizar que las mediciones sean lo m\u00e1s precisas posible y repetibles. Adem\u00e1s, este soporte magn\u00e9tico cuenta con una ranura de cola de milano, un sistema de bloqueo mec\u00e1nico y un interruptor de encendido\/apagado para un desmontaje f\u00e1cil y seguro.<\/p>\n<p class=\"comment-tag-product\">\n<div class=\"row-fluid\">\n<div class=\"span12 mobile-pricing-box-padding\">\n<form id=\"140924\" accept-charset=\"utf-8\" action=\"https:\/\/www.globaltestsupply.com\/shop\/add\" method=\"post\" name=\"addTocartFunction\">\n<div><\/div>\n<\/form>\n<\/div>\n<\/div>\n","protected":false},"featured_media":6783,"comment_status":"open","ping_status":"closed","template":"","meta":{"_joinchat":[]},"product_brand":[],"product_cat":[15],"product_tag":[],"class_list":{"0":"post-6779","1":"product","2":"type-product","3":"status-publish","4":"has-post-thumbnail","6":"product_cat-sin-categorizar","8":"first","9":"instock","10":"shipping-taxable","11":"product-type-simple"},"yoast_head":"<!-- This site is optimized with the Yoast SEO plugin v26.4 - https:\/\/yoast.com\/wordpress\/plugins\/seo\/ -->\n<title>soporte magn\u00e9tico universal mitutoyo 7031-10 serie 7 - Abaa tienda online<\/title>\n<meta name=\"robots\" content=\"index, follow, max-snippet:-1, max-image-preview:large, max-video-preview:-1\" \/>\n<link rel=\"canonical\" href=\"https:\/\/abaa.mx\/tienda\/soporte-magnetico-universal-mitutoyo-7031-10-serie-7\/\" \/>\n<meta property=\"og:locale\" content=\"es_MX\" \/>\n<meta property=\"og:type\" content=\"article\" \/>\n<meta property=\"og:title\" content=\"soporte magn\u00e9tico universal mitutoyo 7031-10 serie 7 - Abaa tienda online\" \/>\n<meta property=\"og:description\" content=\"Compatible con todos los indicadores de cuadrante e indicadores de prueba de cuadrante, este soporte magn\u00e9tico universal protege estas unidades para garantizar que las mediciones sean lo m\u00e1s precisas posible y repetibles. Adem\u00e1s, este soporte magn\u00e9tico cuenta con una ranura de cola de milano, un sistema de bloqueo mec\u00e1nico y un interruptor de encendido\/apagado para un desmontaje f\u00e1cil y seguro.\" \/>\n<meta property=\"og:url\" content=\"https:\/\/abaa.mx\/tienda\/soporte-magnetico-universal-mitutoyo-7031-10-serie-7\/\" \/>\n<meta property=\"og:site_name\" content=\"Abaa tienda online\" \/>\n<meta property=\"og:image\" content=\"https:\/\/abaa.mx\/tienda\/wp-content\/uploads\/2023\/10\/7031-10.jpg\" \/>\n\t<meta property=\"og:image:width\" content=\"270\" \/>\n\t<meta property=\"og:image:height\" content=\"332\" \/>\n\t<meta property=\"og:image:type\" content=\"image\/jpeg\" \/>\n<meta name=\"twitter:card\" content=\"summary_large_image\" \/>\n<meta name=\"twitter:label1\" content=\"Tiempo de lectura\" \/>\n\t<meta name=\"twitter:data1\" content=\"1 minuto\" \/>\n<script type=\"application\/ld+json\" class=\"yoast-schema-graph\">{\"@context\":\"https:\/\/schema.org\",\"@graph\":[{\"@type\":\"WebPage\",\"@id\":\"https:\/\/abaa.mx\/tienda\/soporte-magnetico-universal-mitutoyo-7031-10-serie-7\/\",\"url\":\"https:\/\/abaa.mx\/tienda\/soporte-magnetico-universal-mitutoyo-7031-10-serie-7\/\",\"name\":\"soporte magn\u00e9tico universal mitutoyo 7031-10 serie 7 - Abaa tienda online\",\"isPartOf\":{\"@id\":\"https:\/\/abaa.mx\/tienda\/#website\"},\"primaryImageOfPage\":{\"@id\":\"https:\/\/abaa.mx\/tienda\/soporte-magnetico-universal-mitutoyo-7031-10-serie-7\/#primaryimage\"},\"image\":{\"@id\":\"https:\/\/abaa.mx\/tienda\/soporte-magnetico-universal-mitutoyo-7031-10-serie-7\/#primaryimage\"},\"thumbnailUrl\":\"https:\/\/abaa.mx\/tienda\/wp-content\/uploads\/2023\/10\/7031-10.jpg\",\"datePublished\":\"2023-10-19T15:09:44+00:00\",\"breadcrumb\":{\"@id\":\"https:\/\/abaa.mx\/tienda\/soporte-magnetico-universal-mitutoyo-7031-10-serie-7\/#breadcrumb\"},\"inLanguage\":\"es\",\"potentialAction\":[{\"@type\":\"ReadAction\",\"target\":[\"https:\/\/abaa.mx\/tienda\/soporte-magnetico-universal-mitutoyo-7031-10-serie-7\/\"]}]},{\"@type\":\"ImageObject\",\"inLanguage\":\"es\",\"@id\":\"https:\/\/abaa.mx\/tienda\/soporte-magnetico-universal-mitutoyo-7031-10-serie-7\/#primaryimage\",\"url\":\"https:\/\/abaa.mx\/tienda\/wp-content\/uploads\/2023\/10\/7031-10.jpg\",\"contentUrl\":\"https:\/\/abaa.mx\/tienda\/wp-content\/uploads\/2023\/10\/7031-10.jpg\",\"width\":270,\"height\":332,\"caption\":\"7031-10\"},{\"@type\":\"BreadcrumbList\",\"@id\":\"https:\/\/abaa.mx\/tienda\/soporte-magnetico-universal-mitutoyo-7031-10-serie-7\/#breadcrumb\",\"itemListElement\":[{\"@type\":\"ListItem\",\"position\":1,\"name\":\"Inicio\",\"item\":\"https:\/\/abaa.mx\/tienda\/\"},{\"@type\":\"ListItem\",\"position\":2,\"name\":\"Tienda\",\"item\":\"https:\/\/abaa.mx\/tienda\/\"},{\"@type\":\"ListItem\",\"position\":3,\"name\":\"soporte magn\u00e9tico universal mitutoyo 7031-10 serie 7\"}]},{\"@type\":\"WebSite\",\"@id\":\"https:\/\/abaa.mx\/tienda\/#website\",\"url\":\"https:\/\/abaa.mx\/tienda\/\",\"name\":\"Abaa tienda online\",\"description\":\"Instrumentos de medici\u00f3n\",\"publisher\":{\"@id\":\"https:\/\/abaa.mx\/tienda\/#organization\"},\"potentialAction\":[{\"@type\":\"SearchAction\",\"target\":{\"@type\":\"EntryPoint\",\"urlTemplate\":\"https:\/\/abaa.mx\/tienda\/?s={search_term_string}\"},\"query-input\":{\"@type\":\"PropertyValueSpecification\",\"valueRequired\":true,\"valueName\":\"search_term_string\"}}],\"inLanguage\":\"es\"},{\"@type\":\"Organization\",\"@id\":\"https:\/\/abaa.mx\/tienda\/#organization\",\"name\":\"Abaa tienda online\",\"url\":\"https:\/\/abaa.mx\/tienda\/\",\"logo\":{\"@type\":\"ImageObject\",\"inLanguage\":\"es\",\"@id\":\"https:\/\/abaa.mx\/tienda\/#\/schema\/logo\/image\/\",\"url\":\"https:\/\/abaa.mx\/tienda\/wp-content\/uploads\/2024\/01\/abaa-metrologia-tienda.png\",\"contentUrl\":\"https:\/\/abaa.mx\/tienda\/wp-content\/uploads\/2024\/01\/abaa-metrologia-tienda.png\",\"width\":300,\"height\":141,\"caption\":\"Abaa tienda online\"},\"image\":{\"@id\":\"https:\/\/abaa.mx\/tienda\/#\/schema\/logo\/image\/\"}}]}<\/script>\n<!-- \/ Yoast SEO plugin. -->","yoast_head_json":{"title":"soporte magn\u00e9tico universal mitutoyo 7031-10 serie 7 - Abaa tienda online","robots":{"index":"index","follow":"follow","max-snippet":"max-snippet:-1","max-image-preview":"max-image-preview:large","max-video-preview":"max-video-preview:-1"},"canonical":"https:\/\/abaa.mx\/tienda\/soporte-magnetico-universal-mitutoyo-7031-10-serie-7\/","og_locale":"es_MX","og_type":"article","og_title":"soporte magn\u00e9tico universal mitutoyo 7031-10 serie 7 - Abaa tienda online","og_description":"Compatible con todos los indicadores de cuadrante e indicadores de prueba de cuadrante, este soporte magn\u00e9tico universal protege estas unidades para garantizar que las mediciones sean lo m\u00e1s precisas posible y repetibles. Adem\u00e1s, este soporte magn\u00e9tico cuenta con una ranura de cola de milano, un sistema de bloqueo mec\u00e1nico y un interruptor de encendido\/apagado para un desmontaje f\u00e1cil y seguro.","og_url":"https:\/\/abaa.mx\/tienda\/soporte-magnetico-universal-mitutoyo-7031-10-serie-7\/","og_site_name":"Abaa tienda online","og_image":[{"width":270,"height":332,"url":"https:\/\/abaa.mx\/tienda\/wp-content\/uploads\/2023\/10\/7031-10.jpg","type":"image\/jpeg"}],"twitter_card":"summary_large_image","twitter_misc":{"Tiempo de lectura":"1 minuto"},"schema":{"@context":"https:\/\/schema.org","@graph":[{"@type":"WebPage","@id":"https:\/\/abaa.mx\/tienda\/soporte-magnetico-universal-mitutoyo-7031-10-serie-7\/","url":"https:\/\/abaa.mx\/tienda\/soporte-magnetico-universal-mitutoyo-7031-10-serie-7\/","name":"soporte magn\u00e9tico universal mitutoyo 7031-10 serie 7 - Abaa tienda online","isPartOf":{"@id":"https:\/\/abaa.mx\/tienda\/#website"},"primaryImageOfPage":{"@id":"https:\/\/abaa.mx\/tienda\/soporte-magnetico-universal-mitutoyo-7031-10-serie-7\/#primaryimage"},"image":{"@id":"https:\/\/abaa.mx\/tienda\/soporte-magnetico-universal-mitutoyo-7031-10-serie-7\/#primaryimage"},"thumbnailUrl":"https:\/\/abaa.mx\/tienda\/wp-content\/uploads\/2023\/10\/7031-10.jpg","datePublished":"2023-10-19T15:09:44+00:00","breadcrumb":{"@id":"https:\/\/abaa.mx\/tienda\/soporte-magnetico-universal-mitutoyo-7031-10-serie-7\/#breadcrumb"},"inLanguage":"es","potentialAction":[{"@type":"ReadAction","target":["https:\/\/abaa.mx\/tienda\/soporte-magnetico-universal-mitutoyo-7031-10-serie-7\/"]}]},{"@type":"ImageObject","inLanguage":"es","@id":"https:\/\/abaa.mx\/tienda\/soporte-magnetico-universal-mitutoyo-7031-10-serie-7\/#primaryimage","url":"https:\/\/abaa.mx\/tienda\/wp-content\/uploads\/2023\/10\/7031-10.jpg","contentUrl":"https:\/\/abaa.mx\/tienda\/wp-content\/uploads\/2023\/10\/7031-10.jpg","width":270,"height":332,"caption":"7031-10"},{"@type":"BreadcrumbList","@id":"https:\/\/abaa.mx\/tienda\/soporte-magnetico-universal-mitutoyo-7031-10-serie-7\/#breadcrumb","itemListElement":[{"@type":"ListItem","position":1,"name":"Inicio","item":"https:\/\/abaa.mx\/tienda\/"},{"@type":"ListItem","position":2,"name":"Tienda","item":"https:\/\/abaa.mx\/tienda\/"},{"@type":"ListItem","position":3,"name":"soporte magn\u00e9tico universal mitutoyo 7031-10 serie 7"}]},{"@type":"WebSite","@id":"https:\/\/abaa.mx\/tienda\/#website","url":"https:\/\/abaa.mx\/tienda\/","name":"Abaa tienda online","description":"Instrumentos de medici\u00f3n","publisher":{"@id":"https:\/\/abaa.mx\/tienda\/#organization"},"potentialAction":[{"@type":"SearchAction","target":{"@type":"EntryPoint","urlTemplate":"https:\/\/abaa.mx\/tienda\/?s={search_term_string}"},"query-input":{"@type":"PropertyValueSpecification","valueRequired":true,"valueName":"search_term_string"}}],"inLanguage":"es"},{"@type":"Organization","@id":"https:\/\/abaa.mx\/tienda\/#organization","name":"Abaa tienda online","url":"https:\/\/abaa.mx\/tienda\/","logo":{"@type":"ImageObject","inLanguage":"es","@id":"https:\/\/abaa.mx\/tienda\/#\/schema\/logo\/image\/","url":"https:\/\/abaa.mx\/tienda\/wp-content\/uploads\/2024\/01\/abaa-metrologia-tienda.png","contentUrl":"https:\/\/abaa.mx\/tienda\/wp-content\/uploads\/2024\/01\/abaa-metrologia-tienda.png","width":300,"height":141,"caption":"Abaa tienda online"},"image":{"@id":"https:\/\/abaa.mx\/tienda\/#\/schema\/logo\/image\/"}}]}},"_links":{"self":[{"href":"https:\/\/abaa.mx\/tienda\/wp-json\/wp\/v2\/product\/6779","targetHints":{"allow":["GET"]}}],"collection":[{"href":"https:\/\/abaa.mx\/tienda\/wp-json\/wp\/v2\/product"}],"about":[{"href":"https:\/\/abaa.mx\/tienda\/wp-json\/wp\/v2\/types\/product"}],"replies":[{"embeddable":true,"href":"https:\/\/abaa.mx\/tienda\/wp-json\/wp\/v2\/comments?post=6779"}],"wp:featuredmedia":[{"embeddable":true,"href":"https:\/\/abaa.mx\/tienda\/wp-json\/wp\/v2\/media\/6783"}],"wp:attachment":[{"href":"https:\/\/abaa.mx\/tienda\/wp-json\/wp\/v2\/media?parent=6779"}],"wp:term":[{"taxonomy":"product_brand","embeddable":true,"href":"https:\/\/abaa.mx\/tienda\/wp-json\/wp\/v2\/product_brand?post=6779"},{"taxonomy":"product_cat","embeddable":true,"href":"https:\/\/abaa.mx\/tienda\/wp-json\/wp\/v2\/product_cat?post=6779"},{"taxonomy":"product_tag","embeddable":true,"href":"https:\/\/abaa.mx\/tienda\/wp-json\/wp\/v2\/product_tag?post=6779"}],"curies":[{"name":"wp","href":"https:\/\/api.w.org\/{rel}","templated":true}]}}