{"id":6750,"date":"2023-10-19T15:02:44","date_gmt":"2023-10-19T15:02:44","guid":{"rendered":"https:\/\/abaa.mx\/tienda\/?post_type=product&#038;p=6750"},"modified":"2023-10-19T15:02:44","modified_gmt":"2023-10-19T15:02:44","slug":"mitutoyo-64pka080b-kit-de-herramientas-digimatic-micrometro-de-0-a-1","status":"publish","type":"product","link":"https:\/\/abaa.mx\/tienda\/mitutoyo-64pka080b-kit-de-herramientas-digimatic-micrometro-de-0-a-1\/","title":{"rendered":"mitutoyo 64pka080b kit de herramientas digimatic, micr\u00f3metro de 0 a 1&#8243;"},"content":{"rendered":"<p>&nbsp;<\/p>\n<p>Siempre que necesite medir componentes mec\u00e1nicos, tenga listo el kit de herramientas Digimatic Mitutoyo 64PKA080B. Es una caja de madera maciza completa con varios instrumentos clave, incluido un micr\u00f3metro de dedal de trinquete, un calibrador y una regla de acero.<\/p>\n<p><strong>Funciones<\/strong><\/p>\n<ul>\n<li>El micr\u00f3metro cuenta con un dedal de trinquete en el mango<\/li>\n<li>El rango de 0 a 1&#8243; (0 a 25,4 mm) es adecuado para una variedad de superficies<\/li>\n<li>La pinza de cuadrante tiene un codificador ABSOLUTE para una capacidad mejorada<\/li>\n<li>Incluye una regla de acero de 6&#8243; (152,4 mm) (16R)<\/li>\n<li>Estuche de almacenamiento hecho de caoba maciza<\/li>\n<li>El estuche ofrece espacio adicional para bater\u00edas y otros accesorios<\/li>\n<\/ul>\n<h4>Mitutoyo 64PKA080B Especificaciones<\/h4>\n<p>&nbsp;<\/p>\n<table class=\"table table-striped\">\n<tbody>\n<tr>\n<td>Tipo de micr\u00f3metro<\/td>\n<td>Dedal de trinquete<\/td>\n<\/tr>\n<tr>\n<td>Rango microm\u00e9trico<\/td>\n<td>0 a 1&#8243; (0 a 25,4 mm)<\/td>\n<\/tr>\n<tr>\n<td>Graduaci\u00f3n microm\u00e9trica<\/td>\n<td>0,001&#8243; (0,0254 mm)<\/td>\n<\/tr>\n<tr>\n<td>Rango de calibradores de esfera<\/td>\n<td>0 a 6&#8243; (0 a 152,4 mm)<\/td>\n<\/tr>\n<tr>\n<td>Graduaci\u00f3n del calibrador de esfera<\/td>\n<td>0,001&#8243; (0,0254 mm)<\/td>\n<\/tr>\n<\/tbody>\n<\/table>\n","protected":false},"excerpt":{"rendered":"<p class=\"short-description mhide ipad-view-setting\">Este kit de herramientas Digimatic est\u00e1 hecho de caoba maciza. Es ideal para medir con precisi\u00f3n componentes mec\u00e1nicos.<\/p>\n<p class=\"comment-tag-product\">\n<div class=\"row-fluid\">\n<div class=\"span12 mobile-pricing-box-padding\">\n<form id=\"123343\" accept-charset=\"utf-8\" action=\"https:\/\/www.globaltestsupply.com\/shop\/add\" method=\"post\" name=\"addTocartFunction\">\n<div><\/div>\n<\/form>\n<\/div>\n<\/div>\n","protected":false},"featured_media":6773,"comment_status":"open","ping_status":"closed","template":"","meta":{"_joinchat":[]},"product_brand":[],"product_cat":[15],"product_tag":[],"class_list":{"0":"post-6750","1":"product","2":"type-product","3":"status-publish","4":"has-post-thumbnail","6":"product_cat-sin-categorizar","8":"first","9":"instock","10":"shipping-taxable","11":"product-type-simple"},"yoast_head":"<!-- This site is optimized with the Yoast SEO plugin v26.4 - https:\/\/yoast.com\/wordpress\/plugins\/seo\/ -->\n<title>mitutoyo 64pka080b kit de herramientas digimatic, micr\u00f3metro de 0 a 1&quot; - Abaa tienda online<\/title>\n<meta name=\"robots\" content=\"index, follow, max-snippet:-1, max-image-preview:large, max-video-preview:-1\" \/>\n<link rel=\"canonical\" href=\"https:\/\/abaa.mx\/tienda\/mitutoyo-64pka080b-kit-de-herramientas-digimatic-micrometro-de-0-a-1\/\" \/>\n<meta property=\"og:locale\" content=\"es_MX\" \/>\n<meta property=\"og:type\" content=\"article\" \/>\n<meta property=\"og:title\" content=\"mitutoyo 64pka080b kit de herramientas digimatic, micr\u00f3metro de 0 a 1&quot; - Abaa tienda online\" \/>\n<meta property=\"og:description\" content=\"Este kit de herramientas Digimatic est\u00e1 hecho de caoba maciza. Es ideal para medir con precisi\u00f3n componentes mec\u00e1nicos.\" \/>\n<meta property=\"og:url\" content=\"https:\/\/abaa.mx\/tienda\/mitutoyo-64pka080b-kit-de-herramientas-digimatic-micrometro-de-0-a-1\/\" \/>\n<meta property=\"og:site_name\" content=\"Abaa tienda online\" \/>\n<meta property=\"og:image\" content=\"https:\/\/abaa.mx\/tienda\/wp-content\/uploads\/2023\/10\/64PKA080B.jpg\" \/>\n\t<meta property=\"og:image:width\" content=\"800\" \/>\n\t<meta property=\"og:image:height\" content=\"385\" \/>\n\t<meta property=\"og:image:type\" content=\"image\/jpeg\" \/>\n<meta name=\"twitter:card\" content=\"summary_large_image\" \/>\n<meta name=\"twitter:label1\" content=\"Tiempo de lectura\" \/>\n\t<meta name=\"twitter:data1\" content=\"1 minuto\" \/>\n<script type=\"application\/ld+json\" class=\"yoast-schema-graph\">{\"@context\":\"https:\/\/schema.org\",\"@graph\":[{\"@type\":\"WebPage\",\"@id\":\"https:\/\/abaa.mx\/tienda\/mitutoyo-64pka080b-kit-de-herramientas-digimatic-micrometro-de-0-a-1\/\",\"url\":\"https:\/\/abaa.mx\/tienda\/mitutoyo-64pka080b-kit-de-herramientas-digimatic-micrometro-de-0-a-1\/\",\"name\":\"mitutoyo 64pka080b kit de herramientas digimatic, micr\u00f3metro de 0 a 1\\\" - Abaa tienda online\",\"isPartOf\":{\"@id\":\"https:\/\/abaa.mx\/tienda\/#website\"},\"primaryImageOfPage\":{\"@id\":\"https:\/\/abaa.mx\/tienda\/mitutoyo-64pka080b-kit-de-herramientas-digimatic-micrometro-de-0-a-1\/#primaryimage\"},\"image\":{\"@id\":\"https:\/\/abaa.mx\/tienda\/mitutoyo-64pka080b-kit-de-herramientas-digimatic-micrometro-de-0-a-1\/#primaryimage\"},\"thumbnailUrl\":\"https:\/\/abaa.mx\/tienda\/wp-content\/uploads\/2023\/10\/64PKA080B.jpg\",\"datePublished\":\"2023-10-19T15:02:44+00:00\",\"breadcrumb\":{\"@id\":\"https:\/\/abaa.mx\/tienda\/mitutoyo-64pka080b-kit-de-herramientas-digimatic-micrometro-de-0-a-1\/#breadcrumb\"},\"inLanguage\":\"es\",\"potentialAction\":[{\"@type\":\"ReadAction\",\"target\":[\"https:\/\/abaa.mx\/tienda\/mitutoyo-64pka080b-kit-de-herramientas-digimatic-micrometro-de-0-a-1\/\"]}]},{\"@type\":\"ImageObject\",\"inLanguage\":\"es\",\"@id\":\"https:\/\/abaa.mx\/tienda\/mitutoyo-64pka080b-kit-de-herramientas-digimatic-micrometro-de-0-a-1\/#primaryimage\",\"url\":\"https:\/\/abaa.mx\/tienda\/wp-content\/uploads\/2023\/10\/64PKA080B.jpg\",\"contentUrl\":\"https:\/\/abaa.mx\/tienda\/wp-content\/uploads\/2023\/10\/64PKA080B.jpg\",\"width\":800,\"height\":385,\"caption\":\"64PKA080B\"},{\"@type\":\"BreadcrumbList\",\"@id\":\"https:\/\/abaa.mx\/tienda\/mitutoyo-64pka080b-kit-de-herramientas-digimatic-micrometro-de-0-a-1\/#breadcrumb\",\"itemListElement\":[{\"@type\":\"ListItem\",\"position\":1,\"name\":\"Inicio\",\"item\":\"https:\/\/abaa.mx\/tienda\/\"},{\"@type\":\"ListItem\",\"position\":2,\"name\":\"Tienda\",\"item\":\"https:\/\/abaa.mx\/tienda\/\"},{\"@type\":\"ListItem\",\"position\":3,\"name\":\"mitutoyo 64pka080b kit de herramientas digimatic, micr\u00f3metro de 0 a 1&#8243;\"}]},{\"@type\":\"WebSite\",\"@id\":\"https:\/\/abaa.mx\/tienda\/#website\",\"url\":\"https:\/\/abaa.mx\/tienda\/\",\"name\":\"Abaa tienda online\",\"description\":\"Instrumentos de medici\u00f3n\",\"publisher\":{\"@id\":\"https:\/\/abaa.mx\/tienda\/#organization\"},\"potentialAction\":[{\"@type\":\"SearchAction\",\"target\":{\"@type\":\"EntryPoint\",\"urlTemplate\":\"https:\/\/abaa.mx\/tienda\/?s={search_term_string}\"},\"query-input\":{\"@type\":\"PropertyValueSpecification\",\"valueRequired\":true,\"valueName\":\"search_term_string\"}}],\"inLanguage\":\"es\"},{\"@type\":\"Organization\",\"@id\":\"https:\/\/abaa.mx\/tienda\/#organization\",\"name\":\"Abaa tienda online\",\"url\":\"https:\/\/abaa.mx\/tienda\/\",\"logo\":{\"@type\":\"ImageObject\",\"inLanguage\":\"es\",\"@id\":\"https:\/\/abaa.mx\/tienda\/#\/schema\/logo\/image\/\",\"url\":\"https:\/\/abaa.mx\/tienda\/wp-content\/uploads\/2024\/01\/abaa-metrologia-tienda.png\",\"contentUrl\":\"https:\/\/abaa.mx\/tienda\/wp-content\/uploads\/2024\/01\/abaa-metrologia-tienda.png\",\"width\":300,\"height\":141,\"caption\":\"Abaa tienda online\"},\"image\":{\"@id\":\"https:\/\/abaa.mx\/tienda\/#\/schema\/logo\/image\/\"}}]}<\/script>\n<!-- \/ Yoast SEO plugin. -->","yoast_head_json":{"title":"mitutoyo 64pka080b kit de herramientas digimatic, micr\u00f3metro de 0 a 1\" - Abaa tienda online","robots":{"index":"index","follow":"follow","max-snippet":"max-snippet:-1","max-image-preview":"max-image-preview:large","max-video-preview":"max-video-preview:-1"},"canonical":"https:\/\/abaa.mx\/tienda\/mitutoyo-64pka080b-kit-de-herramientas-digimatic-micrometro-de-0-a-1\/","og_locale":"es_MX","og_type":"article","og_title":"mitutoyo 64pka080b kit de herramientas digimatic, micr\u00f3metro de 0 a 1\" - Abaa tienda online","og_description":"Este kit de herramientas Digimatic est\u00e1 hecho de caoba maciza. Es ideal para medir con precisi\u00f3n componentes mec\u00e1nicos.","og_url":"https:\/\/abaa.mx\/tienda\/mitutoyo-64pka080b-kit-de-herramientas-digimatic-micrometro-de-0-a-1\/","og_site_name":"Abaa tienda online","og_image":[{"width":800,"height":385,"url":"https:\/\/abaa.mx\/tienda\/wp-content\/uploads\/2023\/10\/64PKA080B.jpg","type":"image\/jpeg"}],"twitter_card":"summary_large_image","twitter_misc":{"Tiempo de lectura":"1 minuto"},"schema":{"@context":"https:\/\/schema.org","@graph":[{"@type":"WebPage","@id":"https:\/\/abaa.mx\/tienda\/mitutoyo-64pka080b-kit-de-herramientas-digimatic-micrometro-de-0-a-1\/","url":"https:\/\/abaa.mx\/tienda\/mitutoyo-64pka080b-kit-de-herramientas-digimatic-micrometro-de-0-a-1\/","name":"mitutoyo 64pka080b kit de herramientas digimatic, micr\u00f3metro de 0 a 1\" - Abaa tienda online","isPartOf":{"@id":"https:\/\/abaa.mx\/tienda\/#website"},"primaryImageOfPage":{"@id":"https:\/\/abaa.mx\/tienda\/mitutoyo-64pka080b-kit-de-herramientas-digimatic-micrometro-de-0-a-1\/#primaryimage"},"image":{"@id":"https:\/\/abaa.mx\/tienda\/mitutoyo-64pka080b-kit-de-herramientas-digimatic-micrometro-de-0-a-1\/#primaryimage"},"thumbnailUrl":"https:\/\/abaa.mx\/tienda\/wp-content\/uploads\/2023\/10\/64PKA080B.jpg","datePublished":"2023-10-19T15:02:44+00:00","breadcrumb":{"@id":"https:\/\/abaa.mx\/tienda\/mitutoyo-64pka080b-kit-de-herramientas-digimatic-micrometro-de-0-a-1\/#breadcrumb"},"inLanguage":"es","potentialAction":[{"@type":"ReadAction","target":["https:\/\/abaa.mx\/tienda\/mitutoyo-64pka080b-kit-de-herramientas-digimatic-micrometro-de-0-a-1\/"]}]},{"@type":"ImageObject","inLanguage":"es","@id":"https:\/\/abaa.mx\/tienda\/mitutoyo-64pka080b-kit-de-herramientas-digimatic-micrometro-de-0-a-1\/#primaryimage","url":"https:\/\/abaa.mx\/tienda\/wp-content\/uploads\/2023\/10\/64PKA080B.jpg","contentUrl":"https:\/\/abaa.mx\/tienda\/wp-content\/uploads\/2023\/10\/64PKA080B.jpg","width":800,"height":385,"caption":"64PKA080B"},{"@type":"BreadcrumbList","@id":"https:\/\/abaa.mx\/tienda\/mitutoyo-64pka080b-kit-de-herramientas-digimatic-micrometro-de-0-a-1\/#breadcrumb","itemListElement":[{"@type":"ListItem","position":1,"name":"Inicio","item":"https:\/\/abaa.mx\/tienda\/"},{"@type":"ListItem","position":2,"name":"Tienda","item":"https:\/\/abaa.mx\/tienda\/"},{"@type":"ListItem","position":3,"name":"mitutoyo 64pka080b kit de herramientas digimatic, micr\u00f3metro de 0 a 1&#8243;"}]},{"@type":"WebSite","@id":"https:\/\/abaa.mx\/tienda\/#website","url":"https:\/\/abaa.mx\/tienda\/","name":"Abaa tienda online","description":"Instrumentos de medici\u00f3n","publisher":{"@id":"https:\/\/abaa.mx\/tienda\/#organization"},"potentialAction":[{"@type":"SearchAction","target":{"@type":"EntryPoint","urlTemplate":"https:\/\/abaa.mx\/tienda\/?s={search_term_string}"},"query-input":{"@type":"PropertyValueSpecification","valueRequired":true,"valueName":"search_term_string"}}],"inLanguage":"es"},{"@type":"Organization","@id":"https:\/\/abaa.mx\/tienda\/#organization","name":"Abaa tienda online","url":"https:\/\/abaa.mx\/tienda\/","logo":{"@type":"ImageObject","inLanguage":"es","@id":"https:\/\/abaa.mx\/tienda\/#\/schema\/logo\/image\/","url":"https:\/\/abaa.mx\/tienda\/wp-content\/uploads\/2024\/01\/abaa-metrologia-tienda.png","contentUrl":"https:\/\/abaa.mx\/tienda\/wp-content\/uploads\/2024\/01\/abaa-metrologia-tienda.png","width":300,"height":141,"caption":"Abaa tienda online"},"image":{"@id":"https:\/\/abaa.mx\/tienda\/#\/schema\/logo\/image\/"}}]}},"_links":{"self":[{"href":"https:\/\/abaa.mx\/tienda\/wp-json\/wp\/v2\/product\/6750","targetHints":{"allow":["GET"]}}],"collection":[{"href":"https:\/\/abaa.mx\/tienda\/wp-json\/wp\/v2\/product"}],"about":[{"href":"https:\/\/abaa.mx\/tienda\/wp-json\/wp\/v2\/types\/product"}],"replies":[{"embeddable":true,"href":"https:\/\/abaa.mx\/tienda\/wp-json\/wp\/v2\/comments?post=6750"}],"wp:featuredmedia":[{"embeddable":true,"href":"https:\/\/abaa.mx\/tienda\/wp-json\/wp\/v2\/media\/6773"}],"wp:attachment":[{"href":"https:\/\/abaa.mx\/tienda\/wp-json\/wp\/v2\/media?parent=6750"}],"wp:term":[{"taxonomy":"product_brand","embeddable":true,"href":"https:\/\/abaa.mx\/tienda\/wp-json\/wp\/v2\/product_brand?post=6750"},{"taxonomy":"product_cat","embeddable":true,"href":"https:\/\/abaa.mx\/tienda\/wp-json\/wp\/v2\/product_cat?post=6750"},{"taxonomy":"product_tag","embeddable":true,"href":"https:\/\/abaa.mx\/tienda\/wp-json\/wp\/v2\/product_tag?post=6750"}],"curies":[{"name":"wp","href":"https:\/\/api.w.org\/{rel}","templated":true}]}}