{"id":6727,"date":"2023-10-19T14:36:43","date_gmt":"2023-10-19T14:36:43","guid":{"rendered":"https:\/\/abaa.mx\/tienda\/?post_type=product&#038;p=6727"},"modified":"2023-11-27T19:27:00","modified_gmt":"2023-11-27T19:27:00","slug":"mitutoyo-2119a-11-serie-2-indicador-de-cuadrante-ansi-agd-con-asa-5-mm-metrico","status":"publish","type":"product","link":"https:\/\/abaa.mx\/tienda\/mitutoyo-2119a-11-serie-2-indicador-de-cuadrante-ansi-agd-con-asa-5-mm-metrico\/","title":{"rendered":"Mitutoyo 2119a-11 serie 2 indicador de cuadrante ansi-agd con asa, 5 mm, m\u00e9trico"},"content":{"rendered":"<p>Simplifique el monitoreo utilizando el indicador de cuadrante ANSI\/AGD Mitutoyo 2119S-11 Serie 2 con leng\u00fceta. Puede detectar f\u00e1cilmente la cara de un vistazo gracias al dise\u00f1o de colores brillantes, y las marcas graduadas ayudan a garantizar lecturas precisas. Este dial viene con una asa y tiene un v\u00e1stago de 0,375&#8243; (0,95 cm) con rosca #4 a 48 UNF para usar con su equipo.<\/p>\n<p><strong>Funciones:<\/strong><\/p>\n<ul>\n<li style=\"text-align: left;\">Mide con una precisi\u00f3n de 0,001 mm.<\/li>\n<li style=\"text-align: left;\">La esfera de colores brillantes tiene marcas n\u00edtidas y claras.<\/li>\n<li style=\"text-align: left;\">Incluido con leng\u00fceta.<\/li>\n<li style=\"text-align: left;\">V\u00e1stago de 0,375&#8243; (0,95 cm) con rosca #4 a 48 UNF.<\/li>\n<li style=\"text-align: left;\">Cumple con los est\u00e1ndares ANSI\/AGD.<\/li>\n<\/ul>\n<p><strong>Especificaciones:<\/strong><\/p>\n<table class=\"table table-striped\">\n<tbody>\n<tr>\n<td>Medidas de graduaci\u00f3n<\/td>\n<td>Mil\u00edmetros<\/td>\n<\/tr>\n<tr>\n<td>Exactitud<\/td>\n<td>0,007 mm primeras 2,5 revoluciones; 0,01 mm en total<\/td>\n<\/tr>\n<tr>\n<td>Lectura de dial<\/td>\n<td>De 0 a 100 a 0<\/td>\n<\/tr>\n<tr>\n<td>Color de la esfera<\/td>\n<td>Amarillo<\/td>\n<\/tr>\n<tr>\n<td>Aprobaciones<\/td>\n<td>ANSI\/AGD<\/td>\n<\/tr>\n<tr>\n<td>Ancho del producto<\/td>\n<td>Di\u00e1metro exterior de 2,2&#8243; (57 mm)<\/td>\n<\/tr>\n<tr>\n<td>Unidad(es) de medida admitida(s)<\/td>\n<td>mil\u00edmetro<\/td>\n<\/tr>\n<tr>\n<td>Rango de medici\u00f3n<\/td>\n<td>5 mm por revoluci\u00f3n de 0,2 mm<\/td>\n<\/tr>\n<tr>\n<td>Fuerza de medici\u00f3n<\/td>\n<td>1,5 N o menos<\/td>\n<\/tr>\n<\/tbody>\n<\/table>\n","protected":false},"excerpt":{"rendered":"<p class=\"short-description mhide ipad-view-setting\">El indicador de cuadrante m\u00e9trico tiene una esfera amarilla y est\u00e1 dise\u00f1ado con una leng\u00fceta. Las marcas graduadas le permiten medir hasta los 0,001 mm m\u00e1s cercanos.<\/p>\n<div class=\"row-fluid\">\n<div class=\"span12 mobile-pricing-box-padding\">\n<form id=\"139786\" accept-charset=\"utf-8\" action=\"https:\/\/www.globaltestsupply.com\/shop\/add\" method=\"post\" name=\"addTocartFunction\">\n<div><\/div>\n<\/form>\n<\/div>\n<\/div>\n","protected":false},"featured_media":6733,"comment_status":"open","ping_status":"closed","template":"","meta":{"_joinchat":[]},"product_brand":[],"product_cat":[15],"product_tag":[],"class_list":{"0":"post-6727","1":"product","2":"type-product","3":"status-publish","4":"has-post-thumbnail","6":"product_cat-sin-categorizar","8":"first","9":"instock","10":"shipping-taxable","11":"product-type-simple"},"yoast_head":"<!-- This site is optimized with the Yoast SEO plugin v26.4 - https:\/\/yoast.com\/wordpress\/plugins\/seo\/ -->\n<title>Mitutoyo 2119a-11 serie 2 indicador de cuadrante ansi-agd con asa, 5 mm, m\u00e9trico - Abaa tienda online<\/title>\n<meta name=\"robots\" content=\"index, follow, max-snippet:-1, max-image-preview:large, max-video-preview:-1\" \/>\n<link rel=\"canonical\" href=\"https:\/\/abaa.mx\/tienda\/mitutoyo-2119a-11-serie-2-indicador-de-cuadrante-ansi-agd-con-asa-5-mm-metrico\/\" \/>\n<meta property=\"og:locale\" content=\"es_MX\" \/>\n<meta property=\"og:type\" content=\"article\" \/>\n<meta property=\"og:title\" content=\"Mitutoyo 2119a-11 serie 2 indicador de cuadrante ansi-agd con asa, 5 mm, m\u00e9trico - Abaa tienda online\" \/>\n<meta property=\"og:description\" content=\"El indicador de cuadrante m\u00e9trico tiene una esfera amarilla y est\u00e1 dise\u00f1ado con una leng\u00fceta. Las marcas graduadas le permiten medir hasta los 0,001 mm m\u00e1s cercanos.\" \/>\n<meta property=\"og:url\" content=\"https:\/\/abaa.mx\/tienda\/mitutoyo-2119a-11-serie-2-indicador-de-cuadrante-ansi-agd-con-asa-5-mm-metrico\/\" \/>\n<meta property=\"og:site_name\" content=\"Abaa tienda online\" \/>\n<meta property=\"article:modified_time\" content=\"2023-11-27T19:27:00+00:00\" \/>\n<meta property=\"og:image\" content=\"https:\/\/abaa.mx\/tienda\/wp-content\/uploads\/2023\/10\/2119A-11.jpg\" \/>\n\t<meta property=\"og:image:width\" content=\"400\" \/>\n\t<meta property=\"og:image:height\" content=\"400\" \/>\n\t<meta property=\"og:image:type\" content=\"image\/jpeg\" \/>\n<meta name=\"twitter:card\" content=\"summary_large_image\" \/>\n<meta name=\"twitter:label1\" content=\"Tiempo de lectura\" \/>\n\t<meta name=\"twitter:data1\" content=\"1 minuto\" \/>\n<script type=\"application\/ld+json\" class=\"yoast-schema-graph\">{\"@context\":\"https:\/\/schema.org\",\"@graph\":[{\"@type\":\"WebPage\",\"@id\":\"https:\/\/abaa.mx\/tienda\/mitutoyo-2119a-11-serie-2-indicador-de-cuadrante-ansi-agd-con-asa-5-mm-metrico\/\",\"url\":\"https:\/\/abaa.mx\/tienda\/mitutoyo-2119a-11-serie-2-indicador-de-cuadrante-ansi-agd-con-asa-5-mm-metrico\/\",\"name\":\"Mitutoyo 2119a-11 serie 2 indicador de cuadrante ansi-agd con asa, 5 mm, m\u00e9trico - Abaa tienda online\",\"isPartOf\":{\"@id\":\"https:\/\/abaa.mx\/tienda\/#website\"},\"primaryImageOfPage\":{\"@id\":\"https:\/\/abaa.mx\/tienda\/mitutoyo-2119a-11-serie-2-indicador-de-cuadrante-ansi-agd-con-asa-5-mm-metrico\/#primaryimage\"},\"image\":{\"@id\":\"https:\/\/abaa.mx\/tienda\/mitutoyo-2119a-11-serie-2-indicador-de-cuadrante-ansi-agd-con-asa-5-mm-metrico\/#primaryimage\"},\"thumbnailUrl\":\"https:\/\/abaa.mx\/tienda\/wp-content\/uploads\/2023\/10\/2119A-11.jpg\",\"datePublished\":\"2023-10-19T14:36:43+00:00\",\"dateModified\":\"2023-11-27T19:27:00+00:00\",\"breadcrumb\":{\"@id\":\"https:\/\/abaa.mx\/tienda\/mitutoyo-2119a-11-serie-2-indicador-de-cuadrante-ansi-agd-con-asa-5-mm-metrico\/#breadcrumb\"},\"inLanguage\":\"es\",\"potentialAction\":[{\"@type\":\"ReadAction\",\"target\":[\"https:\/\/abaa.mx\/tienda\/mitutoyo-2119a-11-serie-2-indicador-de-cuadrante-ansi-agd-con-asa-5-mm-metrico\/\"]}]},{\"@type\":\"ImageObject\",\"inLanguage\":\"es\",\"@id\":\"https:\/\/abaa.mx\/tienda\/mitutoyo-2119a-11-serie-2-indicador-de-cuadrante-ansi-agd-con-asa-5-mm-metrico\/#primaryimage\",\"url\":\"https:\/\/abaa.mx\/tienda\/wp-content\/uploads\/2023\/10\/2119A-11.jpg\",\"contentUrl\":\"https:\/\/abaa.mx\/tienda\/wp-content\/uploads\/2023\/10\/2119A-11.jpg\",\"width\":400,\"height\":400,\"caption\":\"mitutoyo-2119a-11-serie-2-indicador-de-cuadrante-ansi-agd-con-asa-5-mm-metrico\"},{\"@type\":\"BreadcrumbList\",\"@id\":\"https:\/\/abaa.mx\/tienda\/mitutoyo-2119a-11-serie-2-indicador-de-cuadrante-ansi-agd-con-asa-5-mm-metrico\/#breadcrumb\",\"itemListElement\":[{\"@type\":\"ListItem\",\"position\":1,\"name\":\"Inicio\",\"item\":\"https:\/\/abaa.mx\/tienda\/\"},{\"@type\":\"ListItem\",\"position\":2,\"name\":\"Tienda\",\"item\":\"https:\/\/abaa.mx\/tienda\/\"},{\"@type\":\"ListItem\",\"position\":3,\"name\":\"Mitutoyo 2119a-11 serie 2 indicador de cuadrante ansi-agd con asa, 5 mm, m\u00e9trico\"}]},{\"@type\":\"WebSite\",\"@id\":\"https:\/\/abaa.mx\/tienda\/#website\",\"url\":\"https:\/\/abaa.mx\/tienda\/\",\"name\":\"Abaa tienda online\",\"description\":\"Instrumentos de medici\u00f3n\",\"publisher\":{\"@id\":\"https:\/\/abaa.mx\/tienda\/#organization\"},\"potentialAction\":[{\"@type\":\"SearchAction\",\"target\":{\"@type\":\"EntryPoint\",\"urlTemplate\":\"https:\/\/abaa.mx\/tienda\/?s={search_term_string}\"},\"query-input\":{\"@type\":\"PropertyValueSpecification\",\"valueRequired\":true,\"valueName\":\"search_term_string\"}}],\"inLanguage\":\"es\"},{\"@type\":\"Organization\",\"@id\":\"https:\/\/abaa.mx\/tienda\/#organization\",\"name\":\"Abaa tienda online\",\"url\":\"https:\/\/abaa.mx\/tienda\/\",\"logo\":{\"@type\":\"ImageObject\",\"inLanguage\":\"es\",\"@id\":\"https:\/\/abaa.mx\/tienda\/#\/schema\/logo\/image\/\",\"url\":\"https:\/\/abaa.mx\/tienda\/wp-content\/uploads\/2024\/01\/abaa-metrologia-tienda.png\",\"contentUrl\":\"https:\/\/abaa.mx\/tienda\/wp-content\/uploads\/2024\/01\/abaa-metrologia-tienda.png\",\"width\":300,\"height\":141,\"caption\":\"Abaa tienda online\"},\"image\":{\"@id\":\"https:\/\/abaa.mx\/tienda\/#\/schema\/logo\/image\/\"}}]}<\/script>\n<!-- \/ Yoast SEO plugin. -->","yoast_head_json":{"title":"Mitutoyo 2119a-11 serie 2 indicador de cuadrante ansi-agd con asa, 5 mm, m\u00e9trico - Abaa tienda online","robots":{"index":"index","follow":"follow","max-snippet":"max-snippet:-1","max-image-preview":"max-image-preview:large","max-video-preview":"max-video-preview:-1"},"canonical":"https:\/\/abaa.mx\/tienda\/mitutoyo-2119a-11-serie-2-indicador-de-cuadrante-ansi-agd-con-asa-5-mm-metrico\/","og_locale":"es_MX","og_type":"article","og_title":"Mitutoyo 2119a-11 serie 2 indicador de cuadrante ansi-agd con asa, 5 mm, m\u00e9trico - Abaa tienda online","og_description":"El indicador de cuadrante m\u00e9trico tiene una esfera amarilla y est\u00e1 dise\u00f1ado con una leng\u00fceta. Las marcas graduadas le permiten medir hasta los 0,001 mm m\u00e1s cercanos.","og_url":"https:\/\/abaa.mx\/tienda\/mitutoyo-2119a-11-serie-2-indicador-de-cuadrante-ansi-agd-con-asa-5-mm-metrico\/","og_site_name":"Abaa tienda online","article_modified_time":"2023-11-27T19:27:00+00:00","og_image":[{"width":400,"height":400,"url":"https:\/\/abaa.mx\/tienda\/wp-content\/uploads\/2023\/10\/2119A-11.jpg","type":"image\/jpeg"}],"twitter_card":"summary_large_image","twitter_misc":{"Tiempo de lectura":"1 minuto"},"schema":{"@context":"https:\/\/schema.org","@graph":[{"@type":"WebPage","@id":"https:\/\/abaa.mx\/tienda\/mitutoyo-2119a-11-serie-2-indicador-de-cuadrante-ansi-agd-con-asa-5-mm-metrico\/","url":"https:\/\/abaa.mx\/tienda\/mitutoyo-2119a-11-serie-2-indicador-de-cuadrante-ansi-agd-con-asa-5-mm-metrico\/","name":"Mitutoyo 2119a-11 serie 2 indicador de cuadrante ansi-agd con asa, 5 mm, m\u00e9trico - Abaa tienda online","isPartOf":{"@id":"https:\/\/abaa.mx\/tienda\/#website"},"primaryImageOfPage":{"@id":"https:\/\/abaa.mx\/tienda\/mitutoyo-2119a-11-serie-2-indicador-de-cuadrante-ansi-agd-con-asa-5-mm-metrico\/#primaryimage"},"image":{"@id":"https:\/\/abaa.mx\/tienda\/mitutoyo-2119a-11-serie-2-indicador-de-cuadrante-ansi-agd-con-asa-5-mm-metrico\/#primaryimage"},"thumbnailUrl":"https:\/\/abaa.mx\/tienda\/wp-content\/uploads\/2023\/10\/2119A-11.jpg","datePublished":"2023-10-19T14:36:43+00:00","dateModified":"2023-11-27T19:27:00+00:00","breadcrumb":{"@id":"https:\/\/abaa.mx\/tienda\/mitutoyo-2119a-11-serie-2-indicador-de-cuadrante-ansi-agd-con-asa-5-mm-metrico\/#breadcrumb"},"inLanguage":"es","potentialAction":[{"@type":"ReadAction","target":["https:\/\/abaa.mx\/tienda\/mitutoyo-2119a-11-serie-2-indicador-de-cuadrante-ansi-agd-con-asa-5-mm-metrico\/"]}]},{"@type":"ImageObject","inLanguage":"es","@id":"https:\/\/abaa.mx\/tienda\/mitutoyo-2119a-11-serie-2-indicador-de-cuadrante-ansi-agd-con-asa-5-mm-metrico\/#primaryimage","url":"https:\/\/abaa.mx\/tienda\/wp-content\/uploads\/2023\/10\/2119A-11.jpg","contentUrl":"https:\/\/abaa.mx\/tienda\/wp-content\/uploads\/2023\/10\/2119A-11.jpg","width":400,"height":400,"caption":"mitutoyo-2119a-11-serie-2-indicador-de-cuadrante-ansi-agd-con-asa-5-mm-metrico"},{"@type":"BreadcrumbList","@id":"https:\/\/abaa.mx\/tienda\/mitutoyo-2119a-11-serie-2-indicador-de-cuadrante-ansi-agd-con-asa-5-mm-metrico\/#breadcrumb","itemListElement":[{"@type":"ListItem","position":1,"name":"Inicio","item":"https:\/\/abaa.mx\/tienda\/"},{"@type":"ListItem","position":2,"name":"Tienda","item":"https:\/\/abaa.mx\/tienda\/"},{"@type":"ListItem","position":3,"name":"Mitutoyo 2119a-11 serie 2 indicador de cuadrante ansi-agd con asa, 5 mm, m\u00e9trico"}]},{"@type":"WebSite","@id":"https:\/\/abaa.mx\/tienda\/#website","url":"https:\/\/abaa.mx\/tienda\/","name":"Abaa tienda online","description":"Instrumentos de medici\u00f3n","publisher":{"@id":"https:\/\/abaa.mx\/tienda\/#organization"},"potentialAction":[{"@type":"SearchAction","target":{"@type":"EntryPoint","urlTemplate":"https:\/\/abaa.mx\/tienda\/?s={search_term_string}"},"query-input":{"@type":"PropertyValueSpecification","valueRequired":true,"valueName":"search_term_string"}}],"inLanguage":"es"},{"@type":"Organization","@id":"https:\/\/abaa.mx\/tienda\/#organization","name":"Abaa tienda online","url":"https:\/\/abaa.mx\/tienda\/","logo":{"@type":"ImageObject","inLanguage":"es","@id":"https:\/\/abaa.mx\/tienda\/#\/schema\/logo\/image\/","url":"https:\/\/abaa.mx\/tienda\/wp-content\/uploads\/2024\/01\/abaa-metrologia-tienda.png","contentUrl":"https:\/\/abaa.mx\/tienda\/wp-content\/uploads\/2024\/01\/abaa-metrologia-tienda.png","width":300,"height":141,"caption":"Abaa tienda online"},"image":{"@id":"https:\/\/abaa.mx\/tienda\/#\/schema\/logo\/image\/"}}]}},"_links":{"self":[{"href":"https:\/\/abaa.mx\/tienda\/wp-json\/wp\/v2\/product\/6727","targetHints":{"allow":["GET"]}}],"collection":[{"href":"https:\/\/abaa.mx\/tienda\/wp-json\/wp\/v2\/product"}],"about":[{"href":"https:\/\/abaa.mx\/tienda\/wp-json\/wp\/v2\/types\/product"}],"replies":[{"embeddable":true,"href":"https:\/\/abaa.mx\/tienda\/wp-json\/wp\/v2\/comments?post=6727"}],"wp:featuredmedia":[{"embeddable":true,"href":"https:\/\/abaa.mx\/tienda\/wp-json\/wp\/v2\/media\/6733"}],"wp:attachment":[{"href":"https:\/\/abaa.mx\/tienda\/wp-json\/wp\/v2\/media?parent=6727"}],"wp:term":[{"taxonomy":"product_brand","embeddable":true,"href":"https:\/\/abaa.mx\/tienda\/wp-json\/wp\/v2\/product_brand?post=6727"},{"taxonomy":"product_cat","embeddable":true,"href":"https:\/\/abaa.mx\/tienda\/wp-json\/wp\/v2\/product_cat?post=6727"},{"taxonomy":"product_tag","embeddable":true,"href":"https:\/\/abaa.mx\/tienda\/wp-json\/wp\/v2\/product_tag?post=6727"}],"curies":[{"name":"wp","href":"https:\/\/api.w.org\/{rel}","templated":true}]}}