{"id":6717,"date":"2023-10-19T14:22:05","date_gmt":"2023-10-19T14:22:05","guid":{"rendered":"https:\/\/abaa.mx\/tienda\/?post_type=product&#038;p=6717"},"modified":"2023-10-19T14:22:06","modified_gmt":"2023-10-19T14:22:06","slug":"mitutoyo-2109a-10-serie-2-indicador-de-cuadrante-0-a-1-mm-metrico","status":"publish","type":"product","link":"https:\/\/abaa.mx\/tienda\/mitutoyo-2109a-10-serie-2-indicador-de-cuadrante-0-a-1-mm-metrico\/","title":{"rendered":"Mitutoyo 2109a-10 serie 2 indicador de cuadrante, 0 a 1 mm, m\u00e9trico"},"content":{"rendered":"<div class=\"row-fluid\">\n<div class=\"span12\">\n<div class=\"row-fluid\">\n<div class=\"span10\">\n<div class=\"mhide ipad-view-setting\">\n<div class=\"row-fluid ProductTabs\">\n<div class=\"span12\">\n<div class=\"tab-content\">\n<div id=\"tab0\" class=\"product-tabs tab-pane  active\">\n<h5><strong>Funciones<\/strong><\/h5>\n<ul>\n<li>Se ofrece con orejeta trasera para fines de montaje<\/li>\n<li>Un revolucionario dise\u00f1o de casquillo de husillo desplazado proporciona una sujeci\u00f3n del v\u00e1stago sin problemas y un rango de sujeci\u00f3n m\u00e1s largo<\/li>\n<li>El exclusivo mecanismo a prueba de golpes protege contra los golpes de la retracci\u00f3n repentina del husillo<\/li>\n<li>El engranaje de cremallera est\u00e1 rectificado a m\u00e1quina para un ajuste m\u00e1s ajustado y una mayor precisi\u00f3n<\/li>\n<li>La mayor rigidez en la placa de rodamiento reduce el error de retroceso hasta en un 20%<\/li>\n<li>El montaje de cuatro tornillos aumenta la resistencia al impacto para una precisi\u00f3n mejor y m\u00e1s prolongada<\/li>\n<li>Sin orificio pasante para tornillos en el marco proporciona una mejor resistencia al polvo<\/li>\n<li>El punto de contacto tiene punta de carburo para una precisi\u00f3n y durabilidad duraderas<\/li>\n<li>El cristal tiene un revestimiento resistente a los ara\u00f1azos y al deslumbramiento para lecturas m\u00e1s claras y una mayor durabilidad<\/li>\n<li>La abrazadera exterior y la palanca de elevaci\u00f3n opcional se pueden colocar a ambos lados y se pueden instalar o quitar f\u00e1cilmente sin el uso de herramientas<\/li>\n<li>La adhesi\u00f3n segura entre el marco y el cristal, junto con el uso de una junta t\u00f3rica, protege el indicador contra la penetraci\u00f3n de agua y aceite a trav\u00e9s de la cara frontal<\/li>\n<li>Fabricado para cumplir con los est\u00e1ndares ISO\/JIS<\/li>\n<\/ul>\n<h4>Especificaciones<\/h4>\n<table class=\"table table-striped\">\n<tbody>\n<tr>\n<td>Gama<\/td>\n<td>De 0 a 1 mm<\/td>\n<\/tr>\n<tr>\n<td>Unidades<\/td>\n<td>M\u00e9trico<\/td>\n<\/tr>\n<tr>\n<td>Graduaci\u00f3n<\/td>\n<td>0,001 mil\u00edmetros<\/td>\n<\/tr>\n<tr>\n<td>Revoluci\u00f3n de la gama<\/td>\n<td>0,2 mil\u00edmetros<\/td>\n<\/tr>\n<tr>\n<td>Lectura de dial<\/td>\n<td>De 0 a 100 a 0<\/td>\n<\/tr>\n<tr>\n<td>Exactitud<\/td>\n<td>\u00b10,005 mil\u00edmetros<\/td>\n<\/tr>\n<tr>\n<td>Tipo de espalda<\/td>\n<td>Leng\u00fceta hacia atr\u00e1s<\/td>\n<\/tr>\n<tr>\n<td>Fuerza de medici\u00f3n<\/td>\n<td>1,5 N o menos<\/td>\n<\/tr>\n<tr>\n<td>Di\u00e1metro del v\u00e1stago<\/td>\n<td>8 mil\u00edmetros<\/td>\n<\/tr>\n<tr>\n<td>Choques<\/td>\n<td>S\u00ed<\/td>\n<\/tr>\n<tr>\n<td>Rodamiento enjoyado<\/td>\n<td>S\u00ed<\/td>\n<\/tr>\n<tr>\n<td>Tipo ISO\/JIS<\/td>\n<td>S\u00ed<\/td>\n<\/tr>\n<\/tbody>\n<\/table>\n<\/div>\n<\/div>\n<\/div>\n<\/div>\n<\/div>\n<\/div>\n<\/div>\n<\/div>\n<\/div>\n","protected":false},"excerpt":{"rendered":"<p class=\"short-description mhide ipad-view-setting\">Preciso y duradero, este indicador de cuadrante cuenta con un v\u00e1stago y un husillo de acero de alta resistencia y un cojinete enjoyado para resistencia al desgaste y movimientos de baja fricci\u00f3n. Adem\u00e1s, este indicador cuenta con unidades m\u00e9tricas y un rango de medici\u00f3n de 0 a 1 mm para una amplia gama de aplicaciones.<\/p>\n<p class=\"comment-tag-product\">\n<div class=\"row-fluid\">\n<div class=\"span12 mobile-pricing-box-padding\">\n<form id=\"97214\" accept-charset=\"utf-8\" action=\"https:\/\/www.globaltestsupply.com\/shop\/add\" method=\"post\" name=\"addTocartFunction\">\n<div><\/div>\n<\/form>\n<\/div>\n<\/div>\n","protected":false},"featured_media":6722,"comment_status":"open","ping_status":"closed","template":"","meta":{"_joinchat":[]},"product_brand":[],"product_cat":[15],"product_tag":[],"class_list":{"0":"post-6717","1":"product","2":"type-product","3":"status-publish","4":"has-post-thumbnail","6":"product_cat-sin-categorizar","8":"first","9":"instock","10":"shipping-taxable","11":"product-type-simple"},"yoast_head":"<!-- This site is optimized with the Yoast SEO plugin v26.4 - https:\/\/yoast.com\/wordpress\/plugins\/seo\/ -->\n<title>Mitutoyo 2109a-10 serie 2 indicador de cuadrante, 0 a 1 mm, m\u00e9trico - Abaa tienda online<\/title>\n<meta name=\"robots\" content=\"index, follow, max-snippet:-1, max-image-preview:large, max-video-preview:-1\" \/>\n<link rel=\"canonical\" href=\"https:\/\/abaa.mx\/tienda\/mitutoyo-2109a-10-serie-2-indicador-de-cuadrante-0-a-1-mm-metrico\/\" \/>\n<meta property=\"og:locale\" content=\"es_MX\" \/>\n<meta property=\"og:type\" content=\"article\" \/>\n<meta property=\"og:title\" content=\"Mitutoyo 2109a-10 serie 2 indicador de cuadrante, 0 a 1 mm, m\u00e9trico - Abaa tienda online\" \/>\n<meta property=\"og:description\" content=\"Preciso y duradero, este indicador de cuadrante cuenta con un v\u00e1stago y un husillo de acero de alta resistencia y un cojinete enjoyado para resistencia al desgaste y movimientos de baja fricci\u00f3n. Adem\u00e1s, este indicador cuenta con unidades m\u00e9tricas y un rango de medici\u00f3n de 0 a 1 mm para una amplia gama de aplicaciones.\" \/>\n<meta property=\"og:url\" content=\"https:\/\/abaa.mx\/tienda\/mitutoyo-2109a-10-serie-2-indicador-de-cuadrante-0-a-1-mm-metrico\/\" \/>\n<meta property=\"og:site_name\" content=\"Abaa tienda online\" \/>\n<meta property=\"article:modified_time\" content=\"2023-10-19T14:22:06+00:00\" \/>\n<meta property=\"og:image\" content=\"https:\/\/abaa.mx\/tienda\/wp-content\/uploads\/2023\/10\/2109A-10.jpg\" \/>\n\t<meta property=\"og:image:width\" content=\"270\" \/>\n\t<meta property=\"og:image:height\" content=\"455\" \/>\n\t<meta property=\"og:image:type\" content=\"image\/jpeg\" \/>\n<meta name=\"twitter:card\" content=\"summary_large_image\" \/>\n<meta name=\"twitter:label1\" content=\"Tiempo de lectura\" \/>\n\t<meta name=\"twitter:data1\" content=\"2 minutos\" \/>\n<script type=\"application\/ld+json\" class=\"yoast-schema-graph\">{\"@context\":\"https:\/\/schema.org\",\"@graph\":[{\"@type\":\"WebPage\",\"@id\":\"https:\/\/abaa.mx\/tienda\/mitutoyo-2109a-10-serie-2-indicador-de-cuadrante-0-a-1-mm-metrico\/\",\"url\":\"https:\/\/abaa.mx\/tienda\/mitutoyo-2109a-10-serie-2-indicador-de-cuadrante-0-a-1-mm-metrico\/\",\"name\":\"Mitutoyo 2109a-10 serie 2 indicador de cuadrante, 0 a 1 mm, m\u00e9trico - Abaa tienda online\",\"isPartOf\":{\"@id\":\"https:\/\/abaa.mx\/tienda\/#website\"},\"primaryImageOfPage\":{\"@id\":\"https:\/\/abaa.mx\/tienda\/mitutoyo-2109a-10-serie-2-indicador-de-cuadrante-0-a-1-mm-metrico\/#primaryimage\"},\"image\":{\"@id\":\"https:\/\/abaa.mx\/tienda\/mitutoyo-2109a-10-serie-2-indicador-de-cuadrante-0-a-1-mm-metrico\/#primaryimage\"},\"thumbnailUrl\":\"https:\/\/abaa.mx\/tienda\/wp-content\/uploads\/2023\/10\/2109A-10.jpg\",\"datePublished\":\"2023-10-19T14:22:05+00:00\",\"dateModified\":\"2023-10-19T14:22:06+00:00\",\"breadcrumb\":{\"@id\":\"https:\/\/abaa.mx\/tienda\/mitutoyo-2109a-10-serie-2-indicador-de-cuadrante-0-a-1-mm-metrico\/#breadcrumb\"},\"inLanguage\":\"es\",\"potentialAction\":[{\"@type\":\"ReadAction\",\"target\":[\"https:\/\/abaa.mx\/tienda\/mitutoyo-2109a-10-serie-2-indicador-de-cuadrante-0-a-1-mm-metrico\/\"]}]},{\"@type\":\"ImageObject\",\"inLanguage\":\"es\",\"@id\":\"https:\/\/abaa.mx\/tienda\/mitutoyo-2109a-10-serie-2-indicador-de-cuadrante-0-a-1-mm-metrico\/#primaryimage\",\"url\":\"https:\/\/abaa.mx\/tienda\/wp-content\/uploads\/2023\/10\/2109A-10.jpg\",\"contentUrl\":\"https:\/\/abaa.mx\/tienda\/wp-content\/uploads\/2023\/10\/2109A-10.jpg\",\"width\":270,\"height\":455,\"caption\":\"mitutoyo-2109a-10-serie-2-indicador-de-cuadrante-0-a-1-mm-metrico\"},{\"@type\":\"BreadcrumbList\",\"@id\":\"https:\/\/abaa.mx\/tienda\/mitutoyo-2109a-10-serie-2-indicador-de-cuadrante-0-a-1-mm-metrico\/#breadcrumb\",\"itemListElement\":[{\"@type\":\"ListItem\",\"position\":1,\"name\":\"Inicio\",\"item\":\"https:\/\/abaa.mx\/tienda\/\"},{\"@type\":\"ListItem\",\"position\":2,\"name\":\"Tienda\",\"item\":\"https:\/\/abaa.mx\/tienda\/\"},{\"@type\":\"ListItem\",\"position\":3,\"name\":\"Mitutoyo 2109a-10 serie 2 indicador de cuadrante, 0 a 1 mm, m\u00e9trico\"}]},{\"@type\":\"WebSite\",\"@id\":\"https:\/\/abaa.mx\/tienda\/#website\",\"url\":\"https:\/\/abaa.mx\/tienda\/\",\"name\":\"Abaa tienda online\",\"description\":\"Instrumentos de medici\u00f3n\",\"publisher\":{\"@id\":\"https:\/\/abaa.mx\/tienda\/#organization\"},\"potentialAction\":[{\"@type\":\"SearchAction\",\"target\":{\"@type\":\"EntryPoint\",\"urlTemplate\":\"https:\/\/abaa.mx\/tienda\/?s={search_term_string}\"},\"query-input\":{\"@type\":\"PropertyValueSpecification\",\"valueRequired\":true,\"valueName\":\"search_term_string\"}}],\"inLanguage\":\"es\"},{\"@type\":\"Organization\",\"@id\":\"https:\/\/abaa.mx\/tienda\/#organization\",\"name\":\"Abaa tienda online\",\"url\":\"https:\/\/abaa.mx\/tienda\/\",\"logo\":{\"@type\":\"ImageObject\",\"inLanguage\":\"es\",\"@id\":\"https:\/\/abaa.mx\/tienda\/#\/schema\/logo\/image\/\",\"url\":\"https:\/\/abaa.mx\/tienda\/wp-content\/uploads\/2024\/01\/abaa-metrologia-tienda.png\",\"contentUrl\":\"https:\/\/abaa.mx\/tienda\/wp-content\/uploads\/2024\/01\/abaa-metrologia-tienda.png\",\"width\":300,\"height\":141,\"caption\":\"Abaa tienda online\"},\"image\":{\"@id\":\"https:\/\/abaa.mx\/tienda\/#\/schema\/logo\/image\/\"}}]}<\/script>\n<!-- \/ Yoast SEO plugin. -->","yoast_head_json":{"title":"Mitutoyo 2109a-10 serie 2 indicador de cuadrante, 0 a 1 mm, m\u00e9trico - Abaa tienda online","robots":{"index":"index","follow":"follow","max-snippet":"max-snippet:-1","max-image-preview":"max-image-preview:large","max-video-preview":"max-video-preview:-1"},"canonical":"https:\/\/abaa.mx\/tienda\/mitutoyo-2109a-10-serie-2-indicador-de-cuadrante-0-a-1-mm-metrico\/","og_locale":"es_MX","og_type":"article","og_title":"Mitutoyo 2109a-10 serie 2 indicador de cuadrante, 0 a 1 mm, m\u00e9trico - Abaa tienda online","og_description":"Preciso y duradero, este indicador de cuadrante cuenta con un v\u00e1stago y un husillo de acero de alta resistencia y un cojinete enjoyado para resistencia al desgaste y movimientos de baja fricci\u00f3n. Adem\u00e1s, este indicador cuenta con unidades m\u00e9tricas y un rango de medici\u00f3n de 0 a 1 mm para una amplia gama de aplicaciones.","og_url":"https:\/\/abaa.mx\/tienda\/mitutoyo-2109a-10-serie-2-indicador-de-cuadrante-0-a-1-mm-metrico\/","og_site_name":"Abaa tienda online","article_modified_time":"2023-10-19T14:22:06+00:00","og_image":[{"width":270,"height":455,"url":"https:\/\/abaa.mx\/tienda\/wp-content\/uploads\/2023\/10\/2109A-10.jpg","type":"image\/jpeg"}],"twitter_card":"summary_large_image","twitter_misc":{"Tiempo de lectura":"2 minutos"},"schema":{"@context":"https:\/\/schema.org","@graph":[{"@type":"WebPage","@id":"https:\/\/abaa.mx\/tienda\/mitutoyo-2109a-10-serie-2-indicador-de-cuadrante-0-a-1-mm-metrico\/","url":"https:\/\/abaa.mx\/tienda\/mitutoyo-2109a-10-serie-2-indicador-de-cuadrante-0-a-1-mm-metrico\/","name":"Mitutoyo 2109a-10 serie 2 indicador de cuadrante, 0 a 1 mm, m\u00e9trico - Abaa tienda online","isPartOf":{"@id":"https:\/\/abaa.mx\/tienda\/#website"},"primaryImageOfPage":{"@id":"https:\/\/abaa.mx\/tienda\/mitutoyo-2109a-10-serie-2-indicador-de-cuadrante-0-a-1-mm-metrico\/#primaryimage"},"image":{"@id":"https:\/\/abaa.mx\/tienda\/mitutoyo-2109a-10-serie-2-indicador-de-cuadrante-0-a-1-mm-metrico\/#primaryimage"},"thumbnailUrl":"https:\/\/abaa.mx\/tienda\/wp-content\/uploads\/2023\/10\/2109A-10.jpg","datePublished":"2023-10-19T14:22:05+00:00","dateModified":"2023-10-19T14:22:06+00:00","breadcrumb":{"@id":"https:\/\/abaa.mx\/tienda\/mitutoyo-2109a-10-serie-2-indicador-de-cuadrante-0-a-1-mm-metrico\/#breadcrumb"},"inLanguage":"es","potentialAction":[{"@type":"ReadAction","target":["https:\/\/abaa.mx\/tienda\/mitutoyo-2109a-10-serie-2-indicador-de-cuadrante-0-a-1-mm-metrico\/"]}]},{"@type":"ImageObject","inLanguage":"es","@id":"https:\/\/abaa.mx\/tienda\/mitutoyo-2109a-10-serie-2-indicador-de-cuadrante-0-a-1-mm-metrico\/#primaryimage","url":"https:\/\/abaa.mx\/tienda\/wp-content\/uploads\/2023\/10\/2109A-10.jpg","contentUrl":"https:\/\/abaa.mx\/tienda\/wp-content\/uploads\/2023\/10\/2109A-10.jpg","width":270,"height":455,"caption":"mitutoyo-2109a-10-serie-2-indicador-de-cuadrante-0-a-1-mm-metrico"},{"@type":"BreadcrumbList","@id":"https:\/\/abaa.mx\/tienda\/mitutoyo-2109a-10-serie-2-indicador-de-cuadrante-0-a-1-mm-metrico\/#breadcrumb","itemListElement":[{"@type":"ListItem","position":1,"name":"Inicio","item":"https:\/\/abaa.mx\/tienda\/"},{"@type":"ListItem","position":2,"name":"Tienda","item":"https:\/\/abaa.mx\/tienda\/"},{"@type":"ListItem","position":3,"name":"Mitutoyo 2109a-10 serie 2 indicador de cuadrante, 0 a 1 mm, m\u00e9trico"}]},{"@type":"WebSite","@id":"https:\/\/abaa.mx\/tienda\/#website","url":"https:\/\/abaa.mx\/tienda\/","name":"Abaa tienda online","description":"Instrumentos de medici\u00f3n","publisher":{"@id":"https:\/\/abaa.mx\/tienda\/#organization"},"potentialAction":[{"@type":"SearchAction","target":{"@type":"EntryPoint","urlTemplate":"https:\/\/abaa.mx\/tienda\/?s={search_term_string}"},"query-input":{"@type":"PropertyValueSpecification","valueRequired":true,"valueName":"search_term_string"}}],"inLanguage":"es"},{"@type":"Organization","@id":"https:\/\/abaa.mx\/tienda\/#organization","name":"Abaa tienda online","url":"https:\/\/abaa.mx\/tienda\/","logo":{"@type":"ImageObject","inLanguage":"es","@id":"https:\/\/abaa.mx\/tienda\/#\/schema\/logo\/image\/","url":"https:\/\/abaa.mx\/tienda\/wp-content\/uploads\/2024\/01\/abaa-metrologia-tienda.png","contentUrl":"https:\/\/abaa.mx\/tienda\/wp-content\/uploads\/2024\/01\/abaa-metrologia-tienda.png","width":300,"height":141,"caption":"Abaa tienda online"},"image":{"@id":"https:\/\/abaa.mx\/tienda\/#\/schema\/logo\/image\/"}}]}},"_links":{"self":[{"href":"https:\/\/abaa.mx\/tienda\/wp-json\/wp\/v2\/product\/6717","targetHints":{"allow":["GET"]}}],"collection":[{"href":"https:\/\/abaa.mx\/tienda\/wp-json\/wp\/v2\/product"}],"about":[{"href":"https:\/\/abaa.mx\/tienda\/wp-json\/wp\/v2\/types\/product"}],"replies":[{"embeddable":true,"href":"https:\/\/abaa.mx\/tienda\/wp-json\/wp\/v2\/comments?post=6717"}],"wp:featuredmedia":[{"embeddable":true,"href":"https:\/\/abaa.mx\/tienda\/wp-json\/wp\/v2\/media\/6722"}],"wp:attachment":[{"href":"https:\/\/abaa.mx\/tienda\/wp-json\/wp\/v2\/media?parent=6717"}],"wp:term":[{"taxonomy":"product_brand","embeddable":true,"href":"https:\/\/abaa.mx\/tienda\/wp-json\/wp\/v2\/product_brand?post=6717"},{"taxonomy":"product_cat","embeddable":true,"href":"https:\/\/abaa.mx\/tienda\/wp-json\/wp\/v2\/product_cat?post=6717"},{"taxonomy":"product_tag","embeddable":true,"href":"https:\/\/abaa.mx\/tienda\/wp-json\/wp\/v2\/product_tag?post=6717"}],"curies":[{"name":"wp","href":"https:\/\/api.w.org\/{rel}","templated":true}]}}