{"id":6712,"date":"2023-10-19T14:40:27","date_gmt":"2023-10-19T14:40:27","guid":{"rendered":"https:\/\/abaa.mx\/tienda\/?post_type=product&#038;p=6712"},"modified":"2023-11-16T15:15:19","modified_gmt":"2023-11-16T15:15:19","slug":"mitutoyo-547-316a-medidor-de-espesor-con-yunque-de-hoja-de-espesor-de","status":"publish","type":"product","link":"https:\/\/abaa.mx\/tienda\/mitutoyo-547-316a-medidor-de-espesor-con-yunque-de-hoja-de-espesor-de\/","title":{"rendered":"Mitutoyo 547-316a medidor de espesor con yunque de hoja de espesor de ranura"},"content":{"rendered":"<p><strong>Caracter\u00edsticas:\u00a0<\/strong><\/p>\n<ul>\n<li>Fuerza de medici\u00f3n 1,5 N o menos<\/li>\n<li>Indicador Digimatic iDC<\/li>\n<li>Duraci\u00f3n de la bater\u00eda de 500 horas en condiciones normales<\/li>\n<li>Yunque de hoja de espesor de ranura<\/li>\n<li>Rango de 0-0,4&#8243;\/0-10 mm<\/li>\n<li>Resoluci\u00f3n de 0,0005&#8243;\/0,01 mm<\/li>\n<li>Precisi\u00f3n de +\/-0,001&#8243;<\/li>\n<\/ul>\n<h5><strong>Especificaciones:\u00a0<\/strong><\/h5>\n<div id=\"productDetailPage:accform:parametersContent\" class=\"accordion-content parameters\">\n<div id=\"product_parameters\" class=\"tab-content parameters\">\n<table class=\"product_properties\">\n<tbody>\n<tr class=\"table-row-odd\">\n<td class=\"parameter\"><span class=\"product_properties_propertyName\"><span class=\"name\">Digital\/An\u00e1logo:<\/span><\/span><\/td>\n<td class=\"value\">\n<div class=\"product_properties_propertyValue\">Digital<\/div>\n<\/td>\n<\/tr>\n<tr class=\"table-row-even\">\n<td class=\"parameter\"><span class=\"product_properties_propertyName\"><span class=\"name\">pulgadas-m\u00e9trico:<\/span><\/span><\/td>\n<td class=\"value\">\n<div class=\"product_properties_propertyValue\">M\u00e9trico<\/div>\n<\/td>\n<\/tr>\n<tr class=\"table-row-odd\">\n<td class=\"parameter\"><span class=\"product_properties_propertyName\"><span class=\"name\">Funciones:<\/span><\/span><\/td>\n<td class=\"value\">\n<div class=\"product_properties_propertyValue\">Con indicador ID-C n.\u00ba 543.0-700.0BS<\/div>\n<\/td>\n<\/tr>\n<tr class=\"table-row-even\">\n<td class=\"parameter\"><span class=\"product_properties_propertyName\"><span class=\"name\">Rango de medida:<\/span><\/span><\/td>\n<td class=\"value\">\n<div class=\"product_properties_propertyValue\">0 &#8211; 12 mm<\/div>\n<\/td>\n<\/tr>\n<tr class=\"table-row-odd\">\n<td class=\"parameter\"><span class=\"product_properties_propertyName\"><span class=\"name\">Resoluci\u00f3n:<\/span><\/span><\/td>\n<td class=\"value\">\n<div class=\"product_properties_propertyValue\">0,0005 mm\/ 0,001 mm\/ 0,1 mm<\/div>\n<\/td>\n<\/tr>\n<tr class=\"table-row-even\">\n<td class=\"parameter\"><span class=\"product_properties_propertyName\"><span class=\"name\">Exactitud:<\/span><\/span><\/td>\n<td class=\"value\">\n<div class=\"product_properties_propertyValue\">\u00b13 \u00b5m<br \/>\n(excluyendo error de cuantificaci\u00f3n)<\/div>\n<\/td>\n<\/tr>\n<tr class=\"table-row-odd\">\n<td class=\"parameter\"><span class=\"product_properties_propertyName\"><span class=\"name\">Paralelismo:<\/span><\/span><\/td>\n<td class=\"value\">\n<div class=\"product_properties_propertyValue\">3 \u03bcm<\/div>\n<\/td>\n<\/tr>\n<tr class=\"table-row-even\">\n<td class=\"parameter\"><span class=\"product_properties_propertyName\"><span class=\"name\">R MPE (Repetibilidad):<\/span><\/span><\/td>\n<td class=\"value\">\n<div class=\"product_properties_propertyValue\">0,002 mil\u00edmetros<\/div>\n<\/td>\n<\/tr>\n<tr class=\"table-row-odd\">\n<td class=\"parameter\"><span class=\"product_properties_propertyName\"><span class=\"name\">Fuerza de medici\u00f3n MPL:<\/span><\/span><\/td>\n<td class=\"value\">\n<div class=\"product_properties_propertyValue\">\u22643,5 N<\/div>\n<\/td>\n<\/tr>\n<tr class=\"table-row-even\">\n<td class=\"parameter\"><span class=\"product_properties_propertyName\"><span class=\"name\">Protecci\u00f3n:<\/span><\/span><\/td>\n<td class=\"value\">\n<div class=\"product_properties_propertyValue\">IP42<\/div>\n<\/td>\n<\/tr>\n<tr class=\"table-row-odd\">\n<td class=\"parameter\"><span class=\"product_properties_propertyName\"><span class=\"name\">Comparador ref.:<\/span><\/span><\/td>\n<td class=\"value\">\n<div class=\"product_properties_propertyValue\">543-700BS<\/div>\n<\/td>\n<\/tr>\n<tr class=\"table-row-even\">\n<td class=\"parameter\"><span class=\"product_properties_propertyName\"><span class=\"name\">Pronfundidad m\u00e1xima de medida:<\/span><\/span><\/td>\n<td class=\"value\">\n<div class=\"product_properties_propertyValue\">21 mil\u00edmetros<\/div>\n<\/td>\n<\/tr>\n<tr class=\"table-row-odd\">\n<td class=\"parameter\"><span class=\"product_properties_propertyName\"><span class=\"name\">Presi\u00f3n de medida (N):<\/span><\/span><\/td>\n<td class=\"value\">\n<div class=\"product_properties_propertyValue\">\u2264 3,5<span class=\"shortName\">\u00a0N<\/span><\/div>\n<\/td>\n<\/tr>\n<tr class=\"table-row-even\">\n<td class=\"parameter\"><span class=\"product_properties_propertyName\"><span class=\"name\">Visualizador:<\/span><\/span><\/td>\n<td class=\"value\">\n<div class=\"product_properties_propertyValue\">Pantalla LCD, altura de caracteres 11 mm<\/div>\n<\/td>\n<\/tr>\n<tr class=\"table-row-odd\">\n<td class=\"parameter\"><span class=\"product_properties_propertyName\"><span class=\"name\">Alarma:<\/span><\/span><\/td>\n<td class=\"value\">\n<div class=\"product_properties_propertyValue\">Baja tensi\u00f3n, errores de ajuste, error del sensor, desbordamiento de la pantalla, etc.<\/div>\n<\/td>\n<\/tr>\n<tr class=\"table-row-even\">\n<td class=\"parameter\"><span class=\"product_properties_propertyName\"><span class=\"name\">Fuente de alimentaci\u00f3n:<\/span><\/span><\/td>\n<td class=\"value\">\n<div class=\"product_properties_propertyValue\">1 bater\u00eda CR2032 (3V)<\/div>\n<\/td>\n<\/tr>\n<tr class=\"table-row-odd\">\n<td class=\"parameter\"><span class=\"product_properties_propertyName\"><span class=\"name\">Duraci\u00f3n bateria:<\/span><\/span><\/td>\n<td class=\"value\">\n<div class=\"product_properties_propertyValue\">aprox. 7000 horas<\/div>\n<\/td>\n<\/tr>\n<tr class=\"table-row-even\">\n<td class=\"parameter\"><span class=\"product_properties_propertyName\"><span class=\"name\">Observaciones:<\/span><\/span><\/td>\n<td class=\"value\">\n<div class=\"product_properties_propertyValue\">Codificador lineal absoluto de tipo capacitancia electrost\u00e1tica<\/div>\n<\/td>\n<\/tr>\n<tr class=\"table-row-odd\">\n<td class=\"parameter\"><span class=\"product_properties_propertyName\"><span class=\"name\">Funci\u00f3n DATA\/HOLD (transmisi\u00f3n\/retencion de valor):<\/span><\/span><\/td>\n<td class=\"value\">\n<div class=\"product_properties_propertyValue\">S\u00ed<\/div>\n<\/td>\n<\/tr>\n<tr class=\"table-row-even\">\n<td class=\"parameter\"><span class=\"product_properties_propertyName\"><span class=\"name\">Salida de datos DIGIMATIC:<\/span><\/span><\/td>\n<td class=\"value\">\n<div class=\"product_properties_propertyValue\">S\u00ed<\/div>\n<\/td>\n<\/tr>\n<tr class=\"table-row-odd\">\n<td class=\"parameter\"><span class=\"product_properties_propertyName\"><span class=\"name\">ENCENDIDO\/APAGADO:<\/span><\/span><\/td>\n<td class=\"value\">\n<div class=\"product_properties_propertyValue\">S\u00ed<\/div>\n<\/td>\n<\/tr>\n<tr class=\"table-row-even\">\n<td class=\"parameter\"><span class=\"product_properties_propertyName\"><span class=\"name\">Bloqueo de funci\u00f3n (bloqueo de teclado):<\/span><\/span><\/td>\n<td class=\"value\">\n<div class=\"product_properties_propertyValue\">S\u00ed<\/div>\n<\/td>\n<\/tr>\n<tr class=\"table-row-odd\">\n<td class=\"parameter\"><span class=\"product_properties_propertyName\"><span class=\"name\">Valoraci\u00f3n GO\/+-NG:<\/span><\/span><\/td>\n<td class=\"value\">\n<div class=\"product_properties_propertyValue\">S\u00ed<\/div>\n<\/td>\n<\/tr>\n<tr class=\"table-row-even\">\n<td class=\"parameter\"><span class=\"product_properties_propertyName\"><span class=\"name\">Selector ZERO\/ABS:<\/span><\/span><\/td>\n<td class=\"value\">\n<div class=\"product_properties_propertyValue\">S\u00ed<\/div>\n<\/td>\n<\/tr>\n<tr class=\"table-row-odd\">\n<td class=\"parameter\"><span class=\"product_properties_propertyName\"><span class=\"name\">C\u00e1lculo (f\u00f3rmula):<\/span><\/span><\/td>\n<td class=\"value\">\n<div class=\"product_properties_propertyValue\">S\u00ed<\/div>\n<\/td>\n<\/tr>\n<tr class=\"table-row-even\">\n<td class=\"parameter\"><span class=\"product_properties_propertyName\"><span class=\"name\">Cambio del sentido de contaje:<\/span><\/span><\/td>\n<td class=\"value\">\n<div class=\"product_properties_propertyValue\">S\u00ed<\/div>\n<\/td>\n<\/tr>\n<tr class=\"table-row-odd\">\n<td class=\"parameter\"><span class=\"product_properties_propertyName\"><span class=\"name\">Interfaz bidireccional Digimatic S1:<\/span><\/span><\/td>\n<td class=\"value\">\n<div class=\"product_properties_propertyValue\">S\u00ed<\/div>\n<\/td>\n<\/tr>\n<tr class=\"table-row-even\">\n<td class=\"parameter\"><span class=\"product_properties_propertyName\"><span class=\"name\">Selecci\u00f3n de resoluci\u00f3n de barra anal\u00f3gica:<\/span><\/span><\/td>\n<td class=\"value\">\n<div class=\"product_properties_propertyValue\">S\u00ed<\/div>\n<\/td>\n<\/tr>\n<tr class=\"table-row-odd\">\n<td class=\"parameter\"><span class=\"product_properties_propertyName\"><span class=\"name\">Ajuste de apagado autom\u00e1tico:<\/span><\/span><\/td>\n<td class=\"value\">\n<div class=\"product_properties_propertyValue\">S\u00ed<\/div>\n<\/td>\n<\/tr>\n<tr class=\"table-row-even\">\n<td class=\"parameter\"><span class=\"product_properties_propertyName\"><span class=\"name\">Rango de medici\u00f3n anal\u00f3gico variable:<\/span><\/span><\/td>\n<td class=\"value\">\n<div class=\"product_properties_propertyValue\">S\u00ed<\/div>\n<\/td>\n<\/tr>\n<tr class=\"table-row-odd\">\n<td class=\"parameter\"><span class=\"product_properties_propertyName\"><span class=\"name\">Personalizaci\u00f3n de claves:<\/span><\/span><\/td>\n<td class=\"value\">\n<div class=\"product_properties_propertyValue\">S\u00ed<\/div>\n<\/td>\n<\/tr>\n<tr class=\"table-row-even\">\n<td class=\"parameter\"><span class=\"product_properties_propertyName\"><span class=\"name\">Pulgadas\/M\u00e9tricas conmutables:<\/span><\/span><\/td>\n<td class=\"value\">\n<div class=\"product_properties_propertyValue\">S\u00ed<\/div>\n<\/td>\n<\/tr>\n<tr class=\"table-row-odd\">\n<td class=\"parameter\"><span class=\"product_properties_propertyName\"><span class=\"name\">Funci\u00f3n de advertencia de calibraci\u00f3n:<\/span><\/span><\/td>\n<td class=\"value\">\n<div class=\"product_properties_propertyValue\">S\u00ed<\/div>\n<\/td>\n<\/tr>\n<tr class=\"table-row-even\">\n<td class=\"parameter\"><span class=\"product_properties_propertyName\"><span class=\"name\">Resoluci\u00f3n selectable:<\/span><\/span><\/td>\n<td class=\"value\">\n<div class=\"product_properties_propertyValue\">S\u00ed<\/div>\n<\/td>\n<\/tr>\n<tr class=\"table-row-odd\">\n<td class=\"parameter\"><span class=\"product_properties_propertyName\"><span class=\"name\">Tipo:<\/span><\/span><\/td>\n<td class=\"value\">\n<div class=\"product_properties_propertyValue\">D= 6,3 mm con punta de carburo<\/div>\n<\/td>\n<\/tr>\n<\/tbody>\n<\/table>\n<\/div>\n<\/div>\n","protected":false},"excerpt":{"rendered":"<p><strong>Para la medici\u00f3n de film, papel, etc., con una resoluci\u00f3n de 0,001 mm.<\/strong><\/p>\n","protected":false},"featured_media":6743,"comment_status":"open","ping_status":"closed","template":"","meta":{"_joinchat":[]},"product_brand":[],"product_cat":[15],"product_tag":[],"class_list":{"0":"post-6712","1":"product","2":"type-product","3":"status-publish","4":"has-post-thumbnail","6":"product_cat-sin-categorizar","8":"first","9":"instock","10":"shipping-taxable","11":"product-type-simple"},"yoast_head":"<!-- This site is optimized with the Yoast SEO plugin v26.4 - https:\/\/yoast.com\/wordpress\/plugins\/seo\/ -->\n<title>Mitutoyo 547-316a medidor de espesor con yunque de hoja de espesor de ranura - Abaa tienda online<\/title>\n<meta name=\"robots\" content=\"index, follow, max-snippet:-1, max-image-preview:large, max-video-preview:-1\" \/>\n<link rel=\"canonical\" href=\"https:\/\/abaa.mx\/tienda\/mitutoyo-547-316a-medidor-de-espesor-con-yunque-de-hoja-de-espesor-de\/\" \/>\n<meta property=\"og:locale\" content=\"es_MX\" \/>\n<meta property=\"og:type\" content=\"article\" \/>\n<meta property=\"og:title\" content=\"Mitutoyo 547-316a medidor de espesor con yunque de hoja de espesor de ranura - Abaa tienda online\" \/>\n<meta property=\"og:description\" content=\"Para la medici\u00f3n de film, papel, etc., con una resoluci\u00f3n de 0,001 mm.\" \/>\n<meta property=\"og:url\" content=\"https:\/\/abaa.mx\/tienda\/mitutoyo-547-316a-medidor-de-espesor-con-yunque-de-hoja-de-espesor-de\/\" \/>\n<meta property=\"og:site_name\" content=\"Abaa tienda online\" \/>\n<meta property=\"article:modified_time\" content=\"2023-11-16T15:15:19+00:00\" \/>\n<meta property=\"og:image\" content=\"https:\/\/abaa.mx\/tienda\/wp-content\/uploads\/2023\/10\/547-316A.jpg\" \/>\n\t<meta property=\"og:image:width\" content=\"270\" \/>\n\t<meta property=\"og:image:height\" content=\"340\" \/>\n\t<meta property=\"og:image:type\" content=\"image\/jpeg\" \/>\n<meta name=\"twitter:card\" content=\"summary_large_image\" \/>\n<meta name=\"twitter:label1\" content=\"Tiempo de lectura\" \/>\n\t<meta name=\"twitter:data1\" content=\"2 minutos\" \/>\n<script type=\"application\/ld+json\" class=\"yoast-schema-graph\">{\"@context\":\"https:\/\/schema.org\",\"@graph\":[{\"@type\":\"WebPage\",\"@id\":\"https:\/\/abaa.mx\/tienda\/mitutoyo-547-316a-medidor-de-espesor-con-yunque-de-hoja-de-espesor-de\/\",\"url\":\"https:\/\/abaa.mx\/tienda\/mitutoyo-547-316a-medidor-de-espesor-con-yunque-de-hoja-de-espesor-de\/\",\"name\":\"Mitutoyo 547-316a medidor de espesor con yunque de hoja de espesor de ranura - Abaa tienda online\",\"isPartOf\":{\"@id\":\"https:\/\/abaa.mx\/tienda\/#website\"},\"primaryImageOfPage\":{\"@id\":\"https:\/\/abaa.mx\/tienda\/mitutoyo-547-316a-medidor-de-espesor-con-yunque-de-hoja-de-espesor-de\/#primaryimage\"},\"image\":{\"@id\":\"https:\/\/abaa.mx\/tienda\/mitutoyo-547-316a-medidor-de-espesor-con-yunque-de-hoja-de-espesor-de\/#primaryimage\"},\"thumbnailUrl\":\"https:\/\/abaa.mx\/tienda\/wp-content\/uploads\/2023\/10\/547-316A.jpg\",\"datePublished\":\"2023-10-19T14:40:27+00:00\",\"dateModified\":\"2023-11-16T15:15:19+00:00\",\"breadcrumb\":{\"@id\":\"https:\/\/abaa.mx\/tienda\/mitutoyo-547-316a-medidor-de-espesor-con-yunque-de-hoja-de-espesor-de\/#breadcrumb\"},\"inLanguage\":\"es\",\"potentialAction\":[{\"@type\":\"ReadAction\",\"target\":[\"https:\/\/abaa.mx\/tienda\/mitutoyo-547-316a-medidor-de-espesor-con-yunque-de-hoja-de-espesor-de\/\"]}]},{\"@type\":\"ImageObject\",\"inLanguage\":\"es\",\"@id\":\"https:\/\/abaa.mx\/tienda\/mitutoyo-547-316a-medidor-de-espesor-con-yunque-de-hoja-de-espesor-de\/#primaryimage\",\"url\":\"https:\/\/abaa.mx\/tienda\/wp-content\/uploads\/2023\/10\/547-316A.jpg\",\"contentUrl\":\"https:\/\/abaa.mx\/tienda\/wp-content\/uploads\/2023\/10\/547-316A.jpg\",\"width\":270,\"height\":340,\"caption\":\"547-316A\"},{\"@type\":\"BreadcrumbList\",\"@id\":\"https:\/\/abaa.mx\/tienda\/mitutoyo-547-316a-medidor-de-espesor-con-yunque-de-hoja-de-espesor-de\/#breadcrumb\",\"itemListElement\":[{\"@type\":\"ListItem\",\"position\":1,\"name\":\"Inicio\",\"item\":\"https:\/\/abaa.mx\/tienda\/\"},{\"@type\":\"ListItem\",\"position\":2,\"name\":\"Tienda\",\"item\":\"https:\/\/abaa.mx\/tienda\/\"},{\"@type\":\"ListItem\",\"position\":3,\"name\":\"Mitutoyo 547-316a medidor de espesor con yunque de hoja de espesor de ranura\"}]},{\"@type\":\"WebSite\",\"@id\":\"https:\/\/abaa.mx\/tienda\/#website\",\"url\":\"https:\/\/abaa.mx\/tienda\/\",\"name\":\"Abaa tienda online\",\"description\":\"Instrumentos de medici\u00f3n\",\"publisher\":{\"@id\":\"https:\/\/abaa.mx\/tienda\/#organization\"},\"potentialAction\":[{\"@type\":\"SearchAction\",\"target\":{\"@type\":\"EntryPoint\",\"urlTemplate\":\"https:\/\/abaa.mx\/tienda\/?s={search_term_string}\"},\"query-input\":{\"@type\":\"PropertyValueSpecification\",\"valueRequired\":true,\"valueName\":\"search_term_string\"}}],\"inLanguage\":\"es\"},{\"@type\":\"Organization\",\"@id\":\"https:\/\/abaa.mx\/tienda\/#organization\",\"name\":\"Abaa tienda online\",\"url\":\"https:\/\/abaa.mx\/tienda\/\",\"logo\":{\"@type\":\"ImageObject\",\"inLanguage\":\"es\",\"@id\":\"https:\/\/abaa.mx\/tienda\/#\/schema\/logo\/image\/\",\"url\":\"https:\/\/abaa.mx\/tienda\/wp-content\/uploads\/2024\/01\/abaa-metrologia-tienda.png\",\"contentUrl\":\"https:\/\/abaa.mx\/tienda\/wp-content\/uploads\/2024\/01\/abaa-metrologia-tienda.png\",\"width\":300,\"height\":141,\"caption\":\"Abaa tienda online\"},\"image\":{\"@id\":\"https:\/\/abaa.mx\/tienda\/#\/schema\/logo\/image\/\"}}]}<\/script>\n<!-- \/ Yoast SEO plugin. -->","yoast_head_json":{"title":"Mitutoyo 547-316a medidor de espesor con yunque de hoja de espesor de ranura - Abaa tienda online","robots":{"index":"index","follow":"follow","max-snippet":"max-snippet:-1","max-image-preview":"max-image-preview:large","max-video-preview":"max-video-preview:-1"},"canonical":"https:\/\/abaa.mx\/tienda\/mitutoyo-547-316a-medidor-de-espesor-con-yunque-de-hoja-de-espesor-de\/","og_locale":"es_MX","og_type":"article","og_title":"Mitutoyo 547-316a medidor de espesor con yunque de hoja de espesor de ranura - Abaa tienda online","og_description":"Para la medici\u00f3n de film, papel, etc., con una resoluci\u00f3n de 0,001 mm.","og_url":"https:\/\/abaa.mx\/tienda\/mitutoyo-547-316a-medidor-de-espesor-con-yunque-de-hoja-de-espesor-de\/","og_site_name":"Abaa tienda online","article_modified_time":"2023-11-16T15:15:19+00:00","og_image":[{"width":270,"height":340,"url":"https:\/\/abaa.mx\/tienda\/wp-content\/uploads\/2023\/10\/547-316A.jpg","type":"image\/jpeg"}],"twitter_card":"summary_large_image","twitter_misc":{"Tiempo de lectura":"2 minutos"},"schema":{"@context":"https:\/\/schema.org","@graph":[{"@type":"WebPage","@id":"https:\/\/abaa.mx\/tienda\/mitutoyo-547-316a-medidor-de-espesor-con-yunque-de-hoja-de-espesor-de\/","url":"https:\/\/abaa.mx\/tienda\/mitutoyo-547-316a-medidor-de-espesor-con-yunque-de-hoja-de-espesor-de\/","name":"Mitutoyo 547-316a medidor de espesor con yunque de hoja de espesor de ranura - Abaa tienda online","isPartOf":{"@id":"https:\/\/abaa.mx\/tienda\/#website"},"primaryImageOfPage":{"@id":"https:\/\/abaa.mx\/tienda\/mitutoyo-547-316a-medidor-de-espesor-con-yunque-de-hoja-de-espesor-de\/#primaryimage"},"image":{"@id":"https:\/\/abaa.mx\/tienda\/mitutoyo-547-316a-medidor-de-espesor-con-yunque-de-hoja-de-espesor-de\/#primaryimage"},"thumbnailUrl":"https:\/\/abaa.mx\/tienda\/wp-content\/uploads\/2023\/10\/547-316A.jpg","datePublished":"2023-10-19T14:40:27+00:00","dateModified":"2023-11-16T15:15:19+00:00","breadcrumb":{"@id":"https:\/\/abaa.mx\/tienda\/mitutoyo-547-316a-medidor-de-espesor-con-yunque-de-hoja-de-espesor-de\/#breadcrumb"},"inLanguage":"es","potentialAction":[{"@type":"ReadAction","target":["https:\/\/abaa.mx\/tienda\/mitutoyo-547-316a-medidor-de-espesor-con-yunque-de-hoja-de-espesor-de\/"]}]},{"@type":"ImageObject","inLanguage":"es","@id":"https:\/\/abaa.mx\/tienda\/mitutoyo-547-316a-medidor-de-espesor-con-yunque-de-hoja-de-espesor-de\/#primaryimage","url":"https:\/\/abaa.mx\/tienda\/wp-content\/uploads\/2023\/10\/547-316A.jpg","contentUrl":"https:\/\/abaa.mx\/tienda\/wp-content\/uploads\/2023\/10\/547-316A.jpg","width":270,"height":340,"caption":"547-316A"},{"@type":"BreadcrumbList","@id":"https:\/\/abaa.mx\/tienda\/mitutoyo-547-316a-medidor-de-espesor-con-yunque-de-hoja-de-espesor-de\/#breadcrumb","itemListElement":[{"@type":"ListItem","position":1,"name":"Inicio","item":"https:\/\/abaa.mx\/tienda\/"},{"@type":"ListItem","position":2,"name":"Tienda","item":"https:\/\/abaa.mx\/tienda\/"},{"@type":"ListItem","position":3,"name":"Mitutoyo 547-316a medidor de espesor con yunque de hoja de espesor de ranura"}]},{"@type":"WebSite","@id":"https:\/\/abaa.mx\/tienda\/#website","url":"https:\/\/abaa.mx\/tienda\/","name":"Abaa tienda online","description":"Instrumentos de medici\u00f3n","publisher":{"@id":"https:\/\/abaa.mx\/tienda\/#organization"},"potentialAction":[{"@type":"SearchAction","target":{"@type":"EntryPoint","urlTemplate":"https:\/\/abaa.mx\/tienda\/?s={search_term_string}"},"query-input":{"@type":"PropertyValueSpecification","valueRequired":true,"valueName":"search_term_string"}}],"inLanguage":"es"},{"@type":"Organization","@id":"https:\/\/abaa.mx\/tienda\/#organization","name":"Abaa tienda online","url":"https:\/\/abaa.mx\/tienda\/","logo":{"@type":"ImageObject","inLanguage":"es","@id":"https:\/\/abaa.mx\/tienda\/#\/schema\/logo\/image\/","url":"https:\/\/abaa.mx\/tienda\/wp-content\/uploads\/2024\/01\/abaa-metrologia-tienda.png","contentUrl":"https:\/\/abaa.mx\/tienda\/wp-content\/uploads\/2024\/01\/abaa-metrologia-tienda.png","width":300,"height":141,"caption":"Abaa tienda online"},"image":{"@id":"https:\/\/abaa.mx\/tienda\/#\/schema\/logo\/image\/"}}]}},"_links":{"self":[{"href":"https:\/\/abaa.mx\/tienda\/wp-json\/wp\/v2\/product\/6712","targetHints":{"allow":["GET"]}}],"collection":[{"href":"https:\/\/abaa.mx\/tienda\/wp-json\/wp\/v2\/product"}],"about":[{"href":"https:\/\/abaa.mx\/tienda\/wp-json\/wp\/v2\/types\/product"}],"replies":[{"embeddable":true,"href":"https:\/\/abaa.mx\/tienda\/wp-json\/wp\/v2\/comments?post=6712"}],"wp:featuredmedia":[{"embeddable":true,"href":"https:\/\/abaa.mx\/tienda\/wp-json\/wp\/v2\/media\/6743"}],"wp:attachment":[{"href":"https:\/\/abaa.mx\/tienda\/wp-json\/wp\/v2\/media?parent=6712"}],"wp:term":[{"taxonomy":"product_brand","embeddable":true,"href":"https:\/\/abaa.mx\/tienda\/wp-json\/wp\/v2\/product_brand?post=6712"},{"taxonomy":"product_cat","embeddable":true,"href":"https:\/\/abaa.mx\/tienda\/wp-json\/wp\/v2\/product_cat?post=6712"},{"taxonomy":"product_tag","embeddable":true,"href":"https:\/\/abaa.mx\/tienda\/wp-json\/wp\/v2\/product_tag?post=6712"}],"curies":[{"name":"wp","href":"https:\/\/api.w.org\/{rel}","templated":true}]}}