{"id":6696,"date":"2023-10-18T22:01:58","date_gmt":"2023-10-18T22:01:58","guid":{"rendered":"https:\/\/abaa.mx\/tienda\/?post_type=product&#038;p=6696"},"modified":"2023-11-16T18:00:19","modified_gmt":"2023-11-16T18:00:19","slug":"mitutoyo-209-946-serie-209-digimatic-calibre-interno-1-18-a-2-36","status":"publish","type":"product","link":"https:\/\/abaa.mx\/tienda\/mitutoyo-209-946-serie-209-digimatic-calibre-interno-1-18-a-2-36\/","title":{"rendered":"Mitutoyo 209-946 serie 209 digimatic calibre interno, 1.18 a 2.36"},"content":{"rendered":"<p>Mida el espesor interno de tubos, ranuras y m\u00e1s con el medidor de calibre interno Digimatic Mitutoyo 209-906 Serie 209. Sus largas mand\u00edbulas caben f\u00e1cilmente en espacios reducidos. Adem\u00e1s, con una pantalla LCD clara y toneladas de funciones de medici\u00f3n f\u00e1ciles de usar, este calibrador agilizar\u00e1 la recopilaci\u00f3n de datos. Viene con certificado de inspecci\u00f3n.<\/p>\n<p><strong>Funciones:<\/strong><\/p>\n<ul>\n<li>Mordazas largas para facilitar la medici\u00f3n en zonas de dif\u00edcil acceso<\/li>\n<li>La pantalla LCD produce lecturas precisas del espesor del di\u00e1metro interno de tubos, ranuras y m\u00e1s<\/li>\n<li>Cuenta con una fuerza de medici\u00f3n de 0,7 a 1,7 N<\/li>\n<li>Funciones disponibles: puesta a cero, preajuste, MAX\/MIN, retenci\u00f3n de datos y m\u00e1s<\/li>\n<li>Equipado para una salida de datos conveniente y an\u00e1lisis SPC<\/li>\n<li>Se apaga autom\u00e1ticamente para ayudar a ahorrar energ\u00eda de la bater\u00eda<\/li>\n<li>La carcasa IP63 protege el medidor del polvo y el agua<\/li>\n<li>Bola de 0,06&#8243; (1,5 mm) de di\u00e1metro contacto de medici\u00f3n<\/li>\n<\/ul>\n<p><strong>Especificaciones:<\/strong><\/p>\n<table class=\"table table-striped\">\n<tbody>\n<tr>\n<td>Compatibilidad de modelos<\/td>\n<td>Adaptador Mitutoyo KPL1961-09 SPC (se vende por separado)<\/td>\n<\/tr>\n<tr>\n<td>Rango de medici\u00f3n<\/td>\n<td>De 1,18 a 2,36&#8243; (de 30 a 60 mm)<\/td>\n<\/tr>\n<tr>\n<td>Exactitud<\/td>\n<td>0,0016&#8243; (0,04 mm)<\/td>\n<\/tr>\n<tr>\n<td>Resoluci\u00f3n<\/td>\n<td>0,001&#8243; (0,02 mm)<\/td>\n<\/tr>\n<tr>\n<td>Tipo de visualizaci\u00f3n<\/td>\n<td>LCD<\/td>\n<\/tr>\n<tr>\n<td>Bot\u00f3n cero<\/td>\n<td>S\u00ed<\/td>\n<\/tr>\n<tr>\n<td>Apagado autom\u00e1tico<\/td>\n<td>S\u00ed<\/td>\n<\/tr>\n<tr>\n<td>Color<\/td>\n<td>Multi<\/td>\n<\/tr>\n<tr>\n<td>Fuente de alimentaci\u00f3n<\/td>\n<td>Alimentado por pilas<\/td>\n<\/tr>\n<tr>\n<td>Tipo de bater\u00eda<\/td>\n<td>AA<\/td>\n<\/tr>\n<tr>\n<td>Duraci\u00f3n de la bater\u00eda<\/td>\n<td>350 horas<\/td>\n<\/tr>\n<tr>\n<td>N\u00famero de bater\u00edas necesarias<\/td>\n<td>1<\/td>\n<\/tr>\n<tr>\n<td>Peso del producto<\/td>\n<td>13 g (1,370 onzas)<\/td>\n<\/tr>\n<\/tbody>\n<\/table>\n","protected":false},"excerpt":{"rendered":"<p class=\"short-description mhide ipad-view-setting\">Mida espesores internos precisos con este calibre de calibre. Facilita la recopilaci\u00f3n de datos con puesta a cero, preajuste, apagado autom\u00e1tico y m\u00e1s funciones.<\/p>\n<div class=\"row-fluid\">\n<div class=\"span12 mobile-pricing-box-padding\">\n<form id=\"138877\" accept-charset=\"utf-8\" action=\"https:\/\/www.globaltestsupply.com\/shop\/add\" method=\"post\" name=\"addTocartFunction\">\n<div><\/div>\n<\/form>\n<\/div>\n<\/div>\n","protected":false},"featured_media":6701,"comment_status":"open","ping_status":"closed","template":"","meta":{"_joinchat":[]},"product_brand":[],"product_cat":[15],"product_tag":[],"class_list":{"0":"post-6696","1":"product","2":"type-product","3":"status-publish","4":"has-post-thumbnail","6":"product_cat-sin-categorizar","8":"first","9":"instock","10":"shipping-taxable","11":"product-type-simple"},"yoast_head":"<!-- This site is optimized with the Yoast SEO plugin v26.4 - https:\/\/yoast.com\/wordpress\/plugins\/seo\/ -->\n<title>Mitutoyo 209-946 serie 209 digimatic calibre interno, 1.18 a 2.36 - Abaa tienda online<\/title>\n<meta name=\"robots\" content=\"index, follow, max-snippet:-1, max-image-preview:large, max-video-preview:-1\" \/>\n<link rel=\"canonical\" href=\"https:\/\/abaa.mx\/tienda\/mitutoyo-209-946-serie-209-digimatic-calibre-interno-1-18-a-2-36\/\" \/>\n<meta property=\"og:locale\" content=\"es_MX\" \/>\n<meta property=\"og:type\" content=\"article\" \/>\n<meta property=\"og:title\" content=\"Mitutoyo 209-946 serie 209 digimatic calibre interno, 1.18 a 2.36 - Abaa tienda online\" \/>\n<meta property=\"og:description\" content=\"Mida espesores internos precisos con este calibre de calibre. Facilita la recopilaci\u00f3n de datos con puesta a cero, preajuste, apagado autom\u00e1tico y m\u00e1s funciones.\" \/>\n<meta property=\"og:url\" content=\"https:\/\/abaa.mx\/tienda\/mitutoyo-209-946-serie-209-digimatic-calibre-interno-1-18-a-2-36\/\" \/>\n<meta property=\"og:site_name\" content=\"Abaa tienda online\" \/>\n<meta property=\"article:modified_time\" content=\"2023-11-16T18:00:19+00:00\" \/>\n<meta property=\"og:image\" content=\"https:\/\/abaa.mx\/tienda\/wp-content\/uploads\/2023\/10\/209-946.jpg\" \/>\n\t<meta property=\"og:image:width\" content=\"550\" \/>\n\t<meta property=\"og:image:height\" content=\"375\" \/>\n\t<meta property=\"og:image:type\" content=\"image\/jpeg\" \/>\n<meta name=\"twitter:card\" content=\"summary_large_image\" \/>\n<meta name=\"twitter:label1\" content=\"Tiempo de lectura\" \/>\n\t<meta name=\"twitter:data1\" content=\"2 minutos\" \/>\n<script type=\"application\/ld+json\" class=\"yoast-schema-graph\">{\"@context\":\"https:\/\/schema.org\",\"@graph\":[{\"@type\":\"WebPage\",\"@id\":\"https:\/\/abaa.mx\/tienda\/mitutoyo-209-946-serie-209-digimatic-calibre-interno-1-18-a-2-36\/\",\"url\":\"https:\/\/abaa.mx\/tienda\/mitutoyo-209-946-serie-209-digimatic-calibre-interno-1-18-a-2-36\/\",\"name\":\"Mitutoyo 209-946 serie 209 digimatic calibre interno, 1.18 a 2.36 - Abaa tienda online\",\"isPartOf\":{\"@id\":\"https:\/\/abaa.mx\/tienda\/#website\"},\"primaryImageOfPage\":{\"@id\":\"https:\/\/abaa.mx\/tienda\/mitutoyo-209-946-serie-209-digimatic-calibre-interno-1-18-a-2-36\/#primaryimage\"},\"image\":{\"@id\":\"https:\/\/abaa.mx\/tienda\/mitutoyo-209-946-serie-209-digimatic-calibre-interno-1-18-a-2-36\/#primaryimage\"},\"thumbnailUrl\":\"https:\/\/abaa.mx\/tienda\/wp-content\/uploads\/2023\/10\/209-946.jpg\",\"datePublished\":\"2023-10-18T22:01:58+00:00\",\"dateModified\":\"2023-11-16T18:00:19+00:00\",\"breadcrumb\":{\"@id\":\"https:\/\/abaa.mx\/tienda\/mitutoyo-209-946-serie-209-digimatic-calibre-interno-1-18-a-2-36\/#breadcrumb\"},\"inLanguage\":\"es\",\"potentialAction\":[{\"@type\":\"ReadAction\",\"target\":[\"https:\/\/abaa.mx\/tienda\/mitutoyo-209-946-serie-209-digimatic-calibre-interno-1-18-a-2-36\/\"]}]},{\"@type\":\"ImageObject\",\"inLanguage\":\"es\",\"@id\":\"https:\/\/abaa.mx\/tienda\/mitutoyo-209-946-serie-209-digimatic-calibre-interno-1-18-a-2-36\/#primaryimage\",\"url\":\"https:\/\/abaa.mx\/tienda\/wp-content\/uploads\/2023\/10\/209-946.jpg\",\"contentUrl\":\"https:\/\/abaa.mx\/tienda\/wp-content\/uploads\/2023\/10\/209-946.jpg\",\"width\":550,\"height\":375,\"caption\":\"mitutoyo-209-946-serie-209-digimatic-calibre-interno-1-18-a-2-36\"},{\"@type\":\"BreadcrumbList\",\"@id\":\"https:\/\/abaa.mx\/tienda\/mitutoyo-209-946-serie-209-digimatic-calibre-interno-1-18-a-2-36\/#breadcrumb\",\"itemListElement\":[{\"@type\":\"ListItem\",\"position\":1,\"name\":\"Inicio\",\"item\":\"https:\/\/abaa.mx\/tienda\/\"},{\"@type\":\"ListItem\",\"position\":2,\"name\":\"Tienda\",\"item\":\"https:\/\/abaa.mx\/tienda\/\"},{\"@type\":\"ListItem\",\"position\":3,\"name\":\"Mitutoyo 209-946 serie 209 digimatic calibre interno, 1.18 a 2.36\"}]},{\"@type\":\"WebSite\",\"@id\":\"https:\/\/abaa.mx\/tienda\/#website\",\"url\":\"https:\/\/abaa.mx\/tienda\/\",\"name\":\"Abaa tienda online\",\"description\":\"Instrumentos de medici\u00f3n\",\"publisher\":{\"@id\":\"https:\/\/abaa.mx\/tienda\/#organization\"},\"potentialAction\":[{\"@type\":\"SearchAction\",\"target\":{\"@type\":\"EntryPoint\",\"urlTemplate\":\"https:\/\/abaa.mx\/tienda\/?s={search_term_string}\"},\"query-input\":{\"@type\":\"PropertyValueSpecification\",\"valueRequired\":true,\"valueName\":\"search_term_string\"}}],\"inLanguage\":\"es\"},{\"@type\":\"Organization\",\"@id\":\"https:\/\/abaa.mx\/tienda\/#organization\",\"name\":\"Abaa tienda online\",\"url\":\"https:\/\/abaa.mx\/tienda\/\",\"logo\":{\"@type\":\"ImageObject\",\"inLanguage\":\"es\",\"@id\":\"https:\/\/abaa.mx\/tienda\/#\/schema\/logo\/image\/\",\"url\":\"https:\/\/abaa.mx\/tienda\/wp-content\/uploads\/2024\/01\/abaa-metrologia-tienda.png\",\"contentUrl\":\"https:\/\/abaa.mx\/tienda\/wp-content\/uploads\/2024\/01\/abaa-metrologia-tienda.png\",\"width\":300,\"height\":141,\"caption\":\"Abaa tienda online\"},\"image\":{\"@id\":\"https:\/\/abaa.mx\/tienda\/#\/schema\/logo\/image\/\"}}]}<\/script>\n<!-- \/ Yoast SEO plugin. -->","yoast_head_json":{"title":"Mitutoyo 209-946 serie 209 digimatic calibre interno, 1.18 a 2.36 - Abaa tienda online","robots":{"index":"index","follow":"follow","max-snippet":"max-snippet:-1","max-image-preview":"max-image-preview:large","max-video-preview":"max-video-preview:-1"},"canonical":"https:\/\/abaa.mx\/tienda\/mitutoyo-209-946-serie-209-digimatic-calibre-interno-1-18-a-2-36\/","og_locale":"es_MX","og_type":"article","og_title":"Mitutoyo 209-946 serie 209 digimatic calibre interno, 1.18 a 2.36 - Abaa tienda online","og_description":"Mida espesores internos precisos con este calibre de calibre. Facilita la recopilaci\u00f3n de datos con puesta a cero, preajuste, apagado autom\u00e1tico y m\u00e1s funciones.","og_url":"https:\/\/abaa.mx\/tienda\/mitutoyo-209-946-serie-209-digimatic-calibre-interno-1-18-a-2-36\/","og_site_name":"Abaa tienda online","article_modified_time":"2023-11-16T18:00:19+00:00","og_image":[{"width":550,"height":375,"url":"https:\/\/abaa.mx\/tienda\/wp-content\/uploads\/2023\/10\/209-946.jpg","type":"image\/jpeg"}],"twitter_card":"summary_large_image","twitter_misc":{"Tiempo de lectura":"2 minutos"},"schema":{"@context":"https:\/\/schema.org","@graph":[{"@type":"WebPage","@id":"https:\/\/abaa.mx\/tienda\/mitutoyo-209-946-serie-209-digimatic-calibre-interno-1-18-a-2-36\/","url":"https:\/\/abaa.mx\/tienda\/mitutoyo-209-946-serie-209-digimatic-calibre-interno-1-18-a-2-36\/","name":"Mitutoyo 209-946 serie 209 digimatic calibre interno, 1.18 a 2.36 - Abaa tienda online","isPartOf":{"@id":"https:\/\/abaa.mx\/tienda\/#website"},"primaryImageOfPage":{"@id":"https:\/\/abaa.mx\/tienda\/mitutoyo-209-946-serie-209-digimatic-calibre-interno-1-18-a-2-36\/#primaryimage"},"image":{"@id":"https:\/\/abaa.mx\/tienda\/mitutoyo-209-946-serie-209-digimatic-calibre-interno-1-18-a-2-36\/#primaryimage"},"thumbnailUrl":"https:\/\/abaa.mx\/tienda\/wp-content\/uploads\/2023\/10\/209-946.jpg","datePublished":"2023-10-18T22:01:58+00:00","dateModified":"2023-11-16T18:00:19+00:00","breadcrumb":{"@id":"https:\/\/abaa.mx\/tienda\/mitutoyo-209-946-serie-209-digimatic-calibre-interno-1-18-a-2-36\/#breadcrumb"},"inLanguage":"es","potentialAction":[{"@type":"ReadAction","target":["https:\/\/abaa.mx\/tienda\/mitutoyo-209-946-serie-209-digimatic-calibre-interno-1-18-a-2-36\/"]}]},{"@type":"ImageObject","inLanguage":"es","@id":"https:\/\/abaa.mx\/tienda\/mitutoyo-209-946-serie-209-digimatic-calibre-interno-1-18-a-2-36\/#primaryimage","url":"https:\/\/abaa.mx\/tienda\/wp-content\/uploads\/2023\/10\/209-946.jpg","contentUrl":"https:\/\/abaa.mx\/tienda\/wp-content\/uploads\/2023\/10\/209-946.jpg","width":550,"height":375,"caption":"mitutoyo-209-946-serie-209-digimatic-calibre-interno-1-18-a-2-36"},{"@type":"BreadcrumbList","@id":"https:\/\/abaa.mx\/tienda\/mitutoyo-209-946-serie-209-digimatic-calibre-interno-1-18-a-2-36\/#breadcrumb","itemListElement":[{"@type":"ListItem","position":1,"name":"Inicio","item":"https:\/\/abaa.mx\/tienda\/"},{"@type":"ListItem","position":2,"name":"Tienda","item":"https:\/\/abaa.mx\/tienda\/"},{"@type":"ListItem","position":3,"name":"Mitutoyo 209-946 serie 209 digimatic calibre interno, 1.18 a 2.36"}]},{"@type":"WebSite","@id":"https:\/\/abaa.mx\/tienda\/#website","url":"https:\/\/abaa.mx\/tienda\/","name":"Abaa tienda online","description":"Instrumentos de medici\u00f3n","publisher":{"@id":"https:\/\/abaa.mx\/tienda\/#organization"},"potentialAction":[{"@type":"SearchAction","target":{"@type":"EntryPoint","urlTemplate":"https:\/\/abaa.mx\/tienda\/?s={search_term_string}"},"query-input":{"@type":"PropertyValueSpecification","valueRequired":true,"valueName":"search_term_string"}}],"inLanguage":"es"},{"@type":"Organization","@id":"https:\/\/abaa.mx\/tienda\/#organization","name":"Abaa tienda online","url":"https:\/\/abaa.mx\/tienda\/","logo":{"@type":"ImageObject","inLanguage":"es","@id":"https:\/\/abaa.mx\/tienda\/#\/schema\/logo\/image\/","url":"https:\/\/abaa.mx\/tienda\/wp-content\/uploads\/2024\/01\/abaa-metrologia-tienda.png","contentUrl":"https:\/\/abaa.mx\/tienda\/wp-content\/uploads\/2024\/01\/abaa-metrologia-tienda.png","width":300,"height":141,"caption":"Abaa tienda online"},"image":{"@id":"https:\/\/abaa.mx\/tienda\/#\/schema\/logo\/image\/"}}]}},"_links":{"self":[{"href":"https:\/\/abaa.mx\/tienda\/wp-json\/wp\/v2\/product\/6696","targetHints":{"allow":["GET"]}}],"collection":[{"href":"https:\/\/abaa.mx\/tienda\/wp-json\/wp\/v2\/product"}],"about":[{"href":"https:\/\/abaa.mx\/tienda\/wp-json\/wp\/v2\/types\/product"}],"replies":[{"embeddable":true,"href":"https:\/\/abaa.mx\/tienda\/wp-json\/wp\/v2\/comments?post=6696"}],"wp:featuredmedia":[{"embeddable":true,"href":"https:\/\/abaa.mx\/tienda\/wp-json\/wp\/v2\/media\/6701"}],"wp:attachment":[{"href":"https:\/\/abaa.mx\/tienda\/wp-json\/wp\/v2\/media?parent=6696"}],"wp:term":[{"taxonomy":"product_brand","embeddable":true,"href":"https:\/\/abaa.mx\/tienda\/wp-json\/wp\/v2\/product_brand?post=6696"},{"taxonomy":"product_cat","embeddable":true,"href":"https:\/\/abaa.mx\/tienda\/wp-json\/wp\/v2\/product_cat?post=6696"},{"taxonomy":"product_tag","embeddable":true,"href":"https:\/\/abaa.mx\/tienda\/wp-json\/wp\/v2\/product_tag?post=6696"}],"curies":[{"name":"wp","href":"https:\/\/api.w.org\/{rel}","templated":true}]}}