{"id":6682,"date":"2023-10-18T21:37:11","date_gmt":"2023-10-18T21:37:11","guid":{"rendered":"https:\/\/abaa.mx\/tienda\/?post_type=product&#038;p=6682"},"modified":"2023-10-18T21:37:12","modified_gmt":"2023-10-18T21:37:12","slug":"mitutoyo-209-921-serie-209-calibre-de-cuadrante-externo-0-a-50-mm","status":"publish","type":"product","link":"https:\/\/abaa.mx\/tienda\/mitutoyo-209-921-serie-209-calibre-de-cuadrante-externo-0-a-50-mm\/","title":{"rendered":"Mitutoyo 209-921 serie 209 calibre de cuadrante externo, 0 a 50 mm"},"content":{"rendered":"<p>El calibrador de cuadrante externo Mitutoyo 209-921 Serie 209 medir\u00e1 con precisi\u00f3n el grosor exterior de sus materiales. Adem\u00e1s, gracias a su tama\u00f1o compacto y su dise\u00f1o ergon\u00f3mico, este medidor port\u00e1til facilita la recopilaci\u00f3n de datos. Simplemente sujete sus mordazas duraderas alrededor de su objetivo para comenzar.<\/p>\n<h5><strong>Funciones<\/strong><\/h5>\n<ul>\n<li>Mordazas largas para una f\u00e1cil medici\u00f3n del espesor externo del tubo\/ranura en \u00e1reas de dif\u00edcil acceso<\/li>\n<li>El dial muestra las medidas claramente para ayudar a reducir los errores<\/li>\n<li>Profundidad m\u00e1xima de medici\u00f3n de 6,6&#8243; (167 mm)<\/li>\n<li>Tipo: Cincel S R 0.03&#8243; (0.75 mm)<\/li>\n<li>Medici\u00f3n de la longitud de contacto: 1,2&#8243; (30 mm) Hb<\/li>\n<\/ul>\n<h4>Especificaciones<\/h4>\n<table class=\"table table-striped\">\n<tbody>\n<tr>\n<td>M\u00e9trico\/SAE<\/td>\n<td>M\u00e9trico<\/td>\n<\/tr>\n<tr>\n<td>Rango de medici\u00f3n<\/td>\n<td>De 0 a 50 mm<\/td>\n<\/tr>\n<tr>\n<td>Exactitud<\/td>\n<td>0,05 mil\u00edmetros<\/td>\n<\/tr>\n<tr>\n<td>Resoluci\u00f3n<\/td>\n<td>0,05 mil\u00edmetros<\/td>\n<\/tr>\n<tr>\n<td>Tipo de visualizaci\u00f3n<\/td>\n<td>Marcar<\/td>\n<\/tr>\n<tr>\n<td>Color<\/td>\n<td>Multi<\/td>\n<\/tr>\n<tr>\n<td>Peso del producto<\/td>\n<td>17 g (3,490 onzas)<\/td>\n<\/tr>\n<\/tbody>\n<\/table>\n","protected":false},"excerpt":{"rendered":"<p class=\"short-description mhide ipad-view-setting\">El calibrador produce lecturas precisas de espesor en su esfera. Tambi\u00e9n cuenta con un dise\u00f1o ergon\u00f3mico para una operaci\u00f3n conveniente.<\/p>\n<p class=\"comment-tag-product\">\n<div class=\"row-fluid\">\n<div class=\"span12 mobile-pricing-box-padding\">\n<form id=\"138864\" accept-charset=\"utf-8\" action=\"https:\/\/www.globaltestsupply.com\/shop\/add\" method=\"post\" name=\"addTocartFunction\">\n<div><\/div>\n<\/form>\n<\/div>\n<\/div>\n","protected":false},"featured_media":6687,"comment_status":"open","ping_status":"closed","template":"","meta":{"_joinchat":[]},"product_brand":[],"product_cat":[15],"product_tag":[],"class_list":{"0":"post-6682","1":"product","2":"type-product","3":"status-publish","4":"has-post-thumbnail","6":"product_cat-sin-categorizar","8":"first","9":"instock","10":"shipping-taxable","11":"product-type-simple"},"yoast_head":"<!-- This site is optimized with the Yoast SEO plugin v26.4 - https:\/\/yoast.com\/wordpress\/plugins\/seo\/ -->\n<title>Mitutoyo 209-921 serie 209 calibre de cuadrante externo, 0 a 50 mm - Abaa tienda online<\/title>\n<meta name=\"robots\" content=\"index, follow, max-snippet:-1, max-image-preview:large, max-video-preview:-1\" \/>\n<link rel=\"canonical\" href=\"https:\/\/abaa.mx\/tienda\/mitutoyo-209-921-serie-209-calibre-de-cuadrante-externo-0-a-50-mm\/\" \/>\n<meta property=\"og:locale\" content=\"es_MX\" \/>\n<meta property=\"og:type\" content=\"article\" \/>\n<meta property=\"og:title\" content=\"Mitutoyo 209-921 serie 209 calibre de cuadrante externo, 0 a 50 mm - Abaa tienda online\" \/>\n<meta property=\"og:description\" content=\"El calibrador produce lecturas precisas de espesor en su esfera. Tambi\u00e9n cuenta con un dise\u00f1o ergon\u00f3mico para una operaci\u00f3n conveniente.\" \/>\n<meta property=\"og:url\" content=\"https:\/\/abaa.mx\/tienda\/mitutoyo-209-921-serie-209-calibre-de-cuadrante-externo-0-a-50-mm\/\" \/>\n<meta property=\"og:site_name\" content=\"Abaa tienda online\" \/>\n<meta property=\"article:modified_time\" content=\"2023-10-18T21:37:12+00:00\" \/>\n<meta property=\"og:image\" content=\"https:\/\/abaa.mx\/tienda\/wp-content\/uploads\/2023\/10\/209-921.jpg\" \/>\n\t<meta property=\"og:image:width\" content=\"300\" \/>\n\t<meta property=\"og:image:height\" content=\"300\" \/>\n\t<meta property=\"og:image:type\" content=\"image\/jpeg\" \/>\n<meta name=\"twitter:card\" content=\"summary_large_image\" \/>\n<meta name=\"twitter:label1\" content=\"Tiempo de lectura\" \/>\n\t<meta name=\"twitter:data1\" content=\"1 minuto\" \/>\n<script type=\"application\/ld+json\" class=\"yoast-schema-graph\">{\"@context\":\"https:\/\/schema.org\",\"@graph\":[{\"@type\":\"WebPage\",\"@id\":\"https:\/\/abaa.mx\/tienda\/mitutoyo-209-921-serie-209-calibre-de-cuadrante-externo-0-a-50-mm\/\",\"url\":\"https:\/\/abaa.mx\/tienda\/mitutoyo-209-921-serie-209-calibre-de-cuadrante-externo-0-a-50-mm\/\",\"name\":\"Mitutoyo 209-921 serie 209 calibre de cuadrante externo, 0 a 50 mm - Abaa tienda online\",\"isPartOf\":{\"@id\":\"https:\/\/abaa.mx\/tienda\/#website\"},\"primaryImageOfPage\":{\"@id\":\"https:\/\/abaa.mx\/tienda\/mitutoyo-209-921-serie-209-calibre-de-cuadrante-externo-0-a-50-mm\/#primaryimage\"},\"image\":{\"@id\":\"https:\/\/abaa.mx\/tienda\/mitutoyo-209-921-serie-209-calibre-de-cuadrante-externo-0-a-50-mm\/#primaryimage\"},\"thumbnailUrl\":\"https:\/\/abaa.mx\/tienda\/wp-content\/uploads\/2023\/10\/209-921.jpg\",\"datePublished\":\"2023-10-18T21:37:11+00:00\",\"dateModified\":\"2023-10-18T21:37:12+00:00\",\"breadcrumb\":{\"@id\":\"https:\/\/abaa.mx\/tienda\/mitutoyo-209-921-serie-209-calibre-de-cuadrante-externo-0-a-50-mm\/#breadcrumb\"},\"inLanguage\":\"es\",\"potentialAction\":[{\"@type\":\"ReadAction\",\"target\":[\"https:\/\/abaa.mx\/tienda\/mitutoyo-209-921-serie-209-calibre-de-cuadrante-externo-0-a-50-mm\/\"]}]},{\"@type\":\"ImageObject\",\"inLanguage\":\"es\",\"@id\":\"https:\/\/abaa.mx\/tienda\/mitutoyo-209-921-serie-209-calibre-de-cuadrante-externo-0-a-50-mm\/#primaryimage\",\"url\":\"https:\/\/abaa.mx\/tienda\/wp-content\/uploads\/2023\/10\/209-921.jpg\",\"contentUrl\":\"https:\/\/abaa.mx\/tienda\/wp-content\/uploads\/2023\/10\/209-921.jpg\",\"width\":300,\"height\":300,\"caption\":\"mitutoyo-209-921-serie-209-calibre-de-cuadrante-externo-0-a-50-mm\"},{\"@type\":\"BreadcrumbList\",\"@id\":\"https:\/\/abaa.mx\/tienda\/mitutoyo-209-921-serie-209-calibre-de-cuadrante-externo-0-a-50-mm\/#breadcrumb\",\"itemListElement\":[{\"@type\":\"ListItem\",\"position\":1,\"name\":\"Inicio\",\"item\":\"https:\/\/abaa.mx\/tienda\/\"},{\"@type\":\"ListItem\",\"position\":2,\"name\":\"Tienda\",\"item\":\"https:\/\/abaa.mx\/tienda\/\"},{\"@type\":\"ListItem\",\"position\":3,\"name\":\"Mitutoyo 209-921 serie 209 calibre de cuadrante externo, 0 a 50 mm\"}]},{\"@type\":\"WebSite\",\"@id\":\"https:\/\/abaa.mx\/tienda\/#website\",\"url\":\"https:\/\/abaa.mx\/tienda\/\",\"name\":\"Abaa tienda online\",\"description\":\"Instrumentos de medici\u00f3n\",\"publisher\":{\"@id\":\"https:\/\/abaa.mx\/tienda\/#organization\"},\"potentialAction\":[{\"@type\":\"SearchAction\",\"target\":{\"@type\":\"EntryPoint\",\"urlTemplate\":\"https:\/\/abaa.mx\/tienda\/?s={search_term_string}\"},\"query-input\":{\"@type\":\"PropertyValueSpecification\",\"valueRequired\":true,\"valueName\":\"search_term_string\"}}],\"inLanguage\":\"es\"},{\"@type\":\"Organization\",\"@id\":\"https:\/\/abaa.mx\/tienda\/#organization\",\"name\":\"Abaa tienda online\",\"url\":\"https:\/\/abaa.mx\/tienda\/\",\"logo\":{\"@type\":\"ImageObject\",\"inLanguage\":\"es\",\"@id\":\"https:\/\/abaa.mx\/tienda\/#\/schema\/logo\/image\/\",\"url\":\"https:\/\/abaa.mx\/tienda\/wp-content\/uploads\/2024\/01\/abaa-metrologia-tienda.png\",\"contentUrl\":\"https:\/\/abaa.mx\/tienda\/wp-content\/uploads\/2024\/01\/abaa-metrologia-tienda.png\",\"width\":300,\"height\":141,\"caption\":\"Abaa tienda online\"},\"image\":{\"@id\":\"https:\/\/abaa.mx\/tienda\/#\/schema\/logo\/image\/\"}}]}<\/script>\n<!-- \/ Yoast SEO plugin. -->","yoast_head_json":{"title":"Mitutoyo 209-921 serie 209 calibre de cuadrante externo, 0 a 50 mm - Abaa tienda online","robots":{"index":"index","follow":"follow","max-snippet":"max-snippet:-1","max-image-preview":"max-image-preview:large","max-video-preview":"max-video-preview:-1"},"canonical":"https:\/\/abaa.mx\/tienda\/mitutoyo-209-921-serie-209-calibre-de-cuadrante-externo-0-a-50-mm\/","og_locale":"es_MX","og_type":"article","og_title":"Mitutoyo 209-921 serie 209 calibre de cuadrante externo, 0 a 50 mm - Abaa tienda online","og_description":"El calibrador produce lecturas precisas de espesor en su esfera. Tambi\u00e9n cuenta con un dise\u00f1o ergon\u00f3mico para una operaci\u00f3n conveniente.","og_url":"https:\/\/abaa.mx\/tienda\/mitutoyo-209-921-serie-209-calibre-de-cuadrante-externo-0-a-50-mm\/","og_site_name":"Abaa tienda online","article_modified_time":"2023-10-18T21:37:12+00:00","og_image":[{"width":300,"height":300,"url":"https:\/\/abaa.mx\/tienda\/wp-content\/uploads\/2023\/10\/209-921.jpg","type":"image\/jpeg"}],"twitter_card":"summary_large_image","twitter_misc":{"Tiempo de lectura":"1 minuto"},"schema":{"@context":"https:\/\/schema.org","@graph":[{"@type":"WebPage","@id":"https:\/\/abaa.mx\/tienda\/mitutoyo-209-921-serie-209-calibre-de-cuadrante-externo-0-a-50-mm\/","url":"https:\/\/abaa.mx\/tienda\/mitutoyo-209-921-serie-209-calibre-de-cuadrante-externo-0-a-50-mm\/","name":"Mitutoyo 209-921 serie 209 calibre de cuadrante externo, 0 a 50 mm - Abaa tienda online","isPartOf":{"@id":"https:\/\/abaa.mx\/tienda\/#website"},"primaryImageOfPage":{"@id":"https:\/\/abaa.mx\/tienda\/mitutoyo-209-921-serie-209-calibre-de-cuadrante-externo-0-a-50-mm\/#primaryimage"},"image":{"@id":"https:\/\/abaa.mx\/tienda\/mitutoyo-209-921-serie-209-calibre-de-cuadrante-externo-0-a-50-mm\/#primaryimage"},"thumbnailUrl":"https:\/\/abaa.mx\/tienda\/wp-content\/uploads\/2023\/10\/209-921.jpg","datePublished":"2023-10-18T21:37:11+00:00","dateModified":"2023-10-18T21:37:12+00:00","breadcrumb":{"@id":"https:\/\/abaa.mx\/tienda\/mitutoyo-209-921-serie-209-calibre-de-cuadrante-externo-0-a-50-mm\/#breadcrumb"},"inLanguage":"es","potentialAction":[{"@type":"ReadAction","target":["https:\/\/abaa.mx\/tienda\/mitutoyo-209-921-serie-209-calibre-de-cuadrante-externo-0-a-50-mm\/"]}]},{"@type":"ImageObject","inLanguage":"es","@id":"https:\/\/abaa.mx\/tienda\/mitutoyo-209-921-serie-209-calibre-de-cuadrante-externo-0-a-50-mm\/#primaryimage","url":"https:\/\/abaa.mx\/tienda\/wp-content\/uploads\/2023\/10\/209-921.jpg","contentUrl":"https:\/\/abaa.mx\/tienda\/wp-content\/uploads\/2023\/10\/209-921.jpg","width":300,"height":300,"caption":"mitutoyo-209-921-serie-209-calibre-de-cuadrante-externo-0-a-50-mm"},{"@type":"BreadcrumbList","@id":"https:\/\/abaa.mx\/tienda\/mitutoyo-209-921-serie-209-calibre-de-cuadrante-externo-0-a-50-mm\/#breadcrumb","itemListElement":[{"@type":"ListItem","position":1,"name":"Inicio","item":"https:\/\/abaa.mx\/tienda\/"},{"@type":"ListItem","position":2,"name":"Tienda","item":"https:\/\/abaa.mx\/tienda\/"},{"@type":"ListItem","position":3,"name":"Mitutoyo 209-921 serie 209 calibre de cuadrante externo, 0 a 50 mm"}]},{"@type":"WebSite","@id":"https:\/\/abaa.mx\/tienda\/#website","url":"https:\/\/abaa.mx\/tienda\/","name":"Abaa tienda online","description":"Instrumentos de medici\u00f3n","publisher":{"@id":"https:\/\/abaa.mx\/tienda\/#organization"},"potentialAction":[{"@type":"SearchAction","target":{"@type":"EntryPoint","urlTemplate":"https:\/\/abaa.mx\/tienda\/?s={search_term_string}"},"query-input":{"@type":"PropertyValueSpecification","valueRequired":true,"valueName":"search_term_string"}}],"inLanguage":"es"},{"@type":"Organization","@id":"https:\/\/abaa.mx\/tienda\/#organization","name":"Abaa tienda online","url":"https:\/\/abaa.mx\/tienda\/","logo":{"@type":"ImageObject","inLanguage":"es","@id":"https:\/\/abaa.mx\/tienda\/#\/schema\/logo\/image\/","url":"https:\/\/abaa.mx\/tienda\/wp-content\/uploads\/2024\/01\/abaa-metrologia-tienda.png","contentUrl":"https:\/\/abaa.mx\/tienda\/wp-content\/uploads\/2024\/01\/abaa-metrologia-tienda.png","width":300,"height":141,"caption":"Abaa tienda online"},"image":{"@id":"https:\/\/abaa.mx\/tienda\/#\/schema\/logo\/image\/"}}]}},"_links":{"self":[{"href":"https:\/\/abaa.mx\/tienda\/wp-json\/wp\/v2\/product\/6682","targetHints":{"allow":["GET"]}}],"collection":[{"href":"https:\/\/abaa.mx\/tienda\/wp-json\/wp\/v2\/product"}],"about":[{"href":"https:\/\/abaa.mx\/tienda\/wp-json\/wp\/v2\/types\/product"}],"replies":[{"embeddable":true,"href":"https:\/\/abaa.mx\/tienda\/wp-json\/wp\/v2\/comments?post=6682"}],"wp:featuredmedia":[{"embeddable":true,"href":"https:\/\/abaa.mx\/tienda\/wp-json\/wp\/v2\/media\/6687"}],"wp:attachment":[{"href":"https:\/\/abaa.mx\/tienda\/wp-json\/wp\/v2\/media?parent=6682"}],"wp:term":[{"taxonomy":"product_brand","embeddable":true,"href":"https:\/\/abaa.mx\/tienda\/wp-json\/wp\/v2\/product_brand?post=6682"},{"taxonomy":"product_cat","embeddable":true,"href":"https:\/\/abaa.mx\/tienda\/wp-json\/wp\/v2\/product_cat?post=6682"},{"taxonomy":"product_tag","embeddable":true,"href":"https:\/\/abaa.mx\/tienda\/wp-json\/wp\/v2\/product_tag?post=6682"}],"curies":[{"name":"wp","href":"https:\/\/api.w.org\/{rel}","templated":true}]}}