{"id":6665,"date":"2023-10-18T21:18:37","date_gmt":"2023-10-18T21:18:37","guid":{"rendered":"https:\/\/abaa.mx\/tienda\/?post_type=product&#038;p=6665"},"modified":"2023-10-18T21:18:38","modified_gmt":"2023-10-18T21:18:38","slug":"mitutoyo-209-352-calibre-de-cuadrante-tipo-interno-40-1-2","status":"publish","type":"product","link":"https:\/\/abaa.mx\/tienda\/mitutoyo-209-352-calibre-de-cuadrante-tipo-interno-40-1-2\/","title":{"rendered":"Mitutoyo 209-352 calibre de cuadrante tipo interno, .40 1.2"},"content":{"rendered":"<h5><strong>Funciones:<\/strong><\/h5>\n<p>Estos calibradores de cuadrante se utilizan solo como medidores de comparaci\u00f3n y deben usarse junto con un anillo de ajuste o micr\u00f3metro. La pinza est\u00e1 accionada por resorte y hace que el punto de contacto mida la presi\u00f3n.<\/p>\n<ul>\n<li>Rango: .40-1.2 pulgadas<\/li>\n<li>Graduaci\u00f3n: .0005 pulgadas<\/li>\n<li>Precisi\u00f3n: .0015 pulgadas<\/li>\n<li>Profundidad m\u00e1xima de Meas L: 3,3 pulgadas<\/li>\n<li>Profundidad m\u00e1xima de ranura A: .19 pulgadas<\/li>\n<li>Ancho m\u00ednimo de la ranura B: .06 pulgadas<\/li>\n<li>Medici\u00f3n de contactos: B<\/li>\n<li>Peso: 200g<\/li>\n<\/ul>\n<h4>Especificaciones<\/h4>\n<table class=\"table table-striped\">\n<tbody>\n<tr>\n<td>Gama<\/td>\n<td>0,4 &#8211; 1,2 pulgadas<\/td>\n<\/tr>\n<tr>\n<td>Graduaci\u00f3n<\/td>\n<td>0.0005&#8243;<\/td>\n<\/tr>\n<tr>\n<td>Exactitud<\/td>\n<td>\u00b10.0015&#8243;<\/td>\n<\/tr>\n<tr>\n<td>Pulgada-M\u00e9trica<\/td>\n<td>Pulgada<\/td>\n<\/tr>\n<tr>\n<td>Funciones<\/td>\n<td>Contactos de medici\u00f3n : Bola de carburo \u00f80.0394&#8243;<\/td>\n<\/tr>\n<\/tbody>\n<\/table>\n","protected":false},"excerpt":{"rendered":"<p class=\"short-description mhide ipad-view-setting\">El calibrador de cuadrante de tipo interno Mitutoyo 209-352 tiene un rango de medici\u00f3n de .40&#8243; a 1.2&#8243; con graduaciones de .0005&#8243; y una profundidad de medici\u00f3n m\u00e1xima de 3.3&#8243;, una profundidad de ranura m\u00e1xima de .19&#8243; y un ancho de ranura m\u00e1ximo de .06&#8243;.<\/p>\n<p class=\"comment-tag-product\">\n<div class=\"row-fluid\">\n<div class=\"span12 mobile-pricing-box-padding\">\n<form id=\"53748\" accept-charset=\"utf-8\" action=\"https:\/\/www.globaltestsupply.com\/shop\/add\" method=\"post\" name=\"addTocartFunction\">\n<div><\/div>\n<\/form>\n<\/div>\n<\/div>\n","protected":false},"featured_media":6671,"comment_status":"open","ping_status":"closed","template":"","meta":{"_joinchat":[]},"product_brand":[],"product_cat":[15],"product_tag":[],"class_list":{"0":"post-6665","1":"product","2":"type-product","3":"status-publish","4":"has-post-thumbnail","6":"product_cat-sin-categorizar","8":"first","9":"instock","10":"shipping-taxable","11":"product-type-simple"},"yoast_head":"<!-- This site is optimized with the Yoast SEO plugin v26.4 - https:\/\/yoast.com\/wordpress\/plugins\/seo\/ -->\n<title>Mitutoyo 209-352 calibre de cuadrante tipo interno, .40 1.2 - Abaa tienda online<\/title>\n<meta name=\"robots\" content=\"index, follow, max-snippet:-1, max-image-preview:large, max-video-preview:-1\" \/>\n<link rel=\"canonical\" href=\"https:\/\/abaa.mx\/tienda\/mitutoyo-209-352-calibre-de-cuadrante-tipo-interno-40-1-2\/\" \/>\n<meta property=\"og:locale\" content=\"es_MX\" \/>\n<meta property=\"og:type\" content=\"article\" \/>\n<meta property=\"og:title\" content=\"Mitutoyo 209-352 calibre de cuadrante tipo interno, .40 1.2 - Abaa tienda online\" \/>\n<meta property=\"og:description\" content=\"El calibrador de cuadrante de tipo interno Mitutoyo 209-352 tiene un rango de medici\u00f3n de .40&quot; a 1.2&quot; con graduaciones de .0005&quot; y una profundidad de medici\u00f3n m\u00e1xima de 3.3&quot;, una profundidad de ranura m\u00e1xima de .19&quot; y un ancho de ranura m\u00e1ximo de .06&quot;.\" \/>\n<meta property=\"og:url\" content=\"https:\/\/abaa.mx\/tienda\/mitutoyo-209-352-calibre-de-cuadrante-tipo-interno-40-1-2\/\" \/>\n<meta property=\"og:site_name\" content=\"Abaa tienda online\" \/>\n<meta property=\"article:modified_time\" content=\"2023-10-18T21:18:38+00:00\" \/>\n<meta property=\"og:image\" content=\"https:\/\/abaa.mx\/tienda\/wp-content\/uploads\/2023\/10\/209-352.jpg\" \/>\n\t<meta property=\"og:image:width\" content=\"640\" \/>\n\t<meta property=\"og:image:height\" content=\"640\" \/>\n\t<meta property=\"og:image:type\" content=\"image\/jpeg\" \/>\n<meta name=\"twitter:card\" content=\"summary_large_image\" \/>\n<meta name=\"twitter:label1\" content=\"Tiempo de lectura\" \/>\n\t<meta name=\"twitter:data1\" content=\"1 minuto\" \/>\n<script type=\"application\/ld+json\" class=\"yoast-schema-graph\">{\"@context\":\"https:\/\/schema.org\",\"@graph\":[{\"@type\":\"WebPage\",\"@id\":\"https:\/\/abaa.mx\/tienda\/mitutoyo-209-352-calibre-de-cuadrante-tipo-interno-40-1-2\/\",\"url\":\"https:\/\/abaa.mx\/tienda\/mitutoyo-209-352-calibre-de-cuadrante-tipo-interno-40-1-2\/\",\"name\":\"Mitutoyo 209-352 calibre de cuadrante tipo interno, .40 1.2 - Abaa tienda online\",\"isPartOf\":{\"@id\":\"https:\/\/abaa.mx\/tienda\/#website\"},\"primaryImageOfPage\":{\"@id\":\"https:\/\/abaa.mx\/tienda\/mitutoyo-209-352-calibre-de-cuadrante-tipo-interno-40-1-2\/#primaryimage\"},\"image\":{\"@id\":\"https:\/\/abaa.mx\/tienda\/mitutoyo-209-352-calibre-de-cuadrante-tipo-interno-40-1-2\/#primaryimage\"},\"thumbnailUrl\":\"https:\/\/abaa.mx\/tienda\/wp-content\/uploads\/2023\/10\/209-352.jpg\",\"datePublished\":\"2023-10-18T21:18:37+00:00\",\"dateModified\":\"2023-10-18T21:18:38+00:00\",\"breadcrumb\":{\"@id\":\"https:\/\/abaa.mx\/tienda\/mitutoyo-209-352-calibre-de-cuadrante-tipo-interno-40-1-2\/#breadcrumb\"},\"inLanguage\":\"es\",\"potentialAction\":[{\"@type\":\"ReadAction\",\"target\":[\"https:\/\/abaa.mx\/tienda\/mitutoyo-209-352-calibre-de-cuadrante-tipo-interno-40-1-2\/\"]}]},{\"@type\":\"ImageObject\",\"inLanguage\":\"es\",\"@id\":\"https:\/\/abaa.mx\/tienda\/mitutoyo-209-352-calibre-de-cuadrante-tipo-interno-40-1-2\/#primaryimage\",\"url\":\"https:\/\/abaa.mx\/tienda\/wp-content\/uploads\/2023\/10\/209-352.jpg\",\"contentUrl\":\"https:\/\/abaa.mx\/tienda\/wp-content\/uploads\/2023\/10\/209-352.jpg\",\"width\":640,\"height\":640,\"caption\":\"mitutoyo-209-352-calibre-de-cuadrante-tipo-interno-40-1-2\"},{\"@type\":\"BreadcrumbList\",\"@id\":\"https:\/\/abaa.mx\/tienda\/mitutoyo-209-352-calibre-de-cuadrante-tipo-interno-40-1-2\/#breadcrumb\",\"itemListElement\":[{\"@type\":\"ListItem\",\"position\":1,\"name\":\"Inicio\",\"item\":\"https:\/\/abaa.mx\/tienda\/\"},{\"@type\":\"ListItem\",\"position\":2,\"name\":\"Tienda\",\"item\":\"https:\/\/abaa.mx\/tienda\/\"},{\"@type\":\"ListItem\",\"position\":3,\"name\":\"Mitutoyo 209-352 calibre de cuadrante tipo interno, .40 1.2\"}]},{\"@type\":\"WebSite\",\"@id\":\"https:\/\/abaa.mx\/tienda\/#website\",\"url\":\"https:\/\/abaa.mx\/tienda\/\",\"name\":\"Abaa tienda online\",\"description\":\"Instrumentos de medici\u00f3n\",\"publisher\":{\"@id\":\"https:\/\/abaa.mx\/tienda\/#organization\"},\"potentialAction\":[{\"@type\":\"SearchAction\",\"target\":{\"@type\":\"EntryPoint\",\"urlTemplate\":\"https:\/\/abaa.mx\/tienda\/?s={search_term_string}\"},\"query-input\":{\"@type\":\"PropertyValueSpecification\",\"valueRequired\":true,\"valueName\":\"search_term_string\"}}],\"inLanguage\":\"es\"},{\"@type\":\"Organization\",\"@id\":\"https:\/\/abaa.mx\/tienda\/#organization\",\"name\":\"Abaa tienda online\",\"url\":\"https:\/\/abaa.mx\/tienda\/\",\"logo\":{\"@type\":\"ImageObject\",\"inLanguage\":\"es\",\"@id\":\"https:\/\/abaa.mx\/tienda\/#\/schema\/logo\/image\/\",\"url\":\"https:\/\/abaa.mx\/tienda\/wp-content\/uploads\/2024\/01\/abaa-metrologia-tienda.png\",\"contentUrl\":\"https:\/\/abaa.mx\/tienda\/wp-content\/uploads\/2024\/01\/abaa-metrologia-tienda.png\",\"width\":300,\"height\":141,\"caption\":\"Abaa tienda online\"},\"image\":{\"@id\":\"https:\/\/abaa.mx\/tienda\/#\/schema\/logo\/image\/\"}}]}<\/script>\n<!-- \/ Yoast SEO plugin. -->","yoast_head_json":{"title":"Mitutoyo 209-352 calibre de cuadrante tipo interno, .40 1.2 - Abaa tienda online","robots":{"index":"index","follow":"follow","max-snippet":"max-snippet:-1","max-image-preview":"max-image-preview:large","max-video-preview":"max-video-preview:-1"},"canonical":"https:\/\/abaa.mx\/tienda\/mitutoyo-209-352-calibre-de-cuadrante-tipo-interno-40-1-2\/","og_locale":"es_MX","og_type":"article","og_title":"Mitutoyo 209-352 calibre de cuadrante tipo interno, .40 1.2 - Abaa tienda online","og_description":"El calibrador de cuadrante de tipo interno Mitutoyo 209-352 tiene un rango de medici\u00f3n de .40\" a 1.2\" con graduaciones de .0005\" y una profundidad de medici\u00f3n m\u00e1xima de 3.3\", una profundidad de ranura m\u00e1xima de .19\" y un ancho de ranura m\u00e1ximo de .06\".","og_url":"https:\/\/abaa.mx\/tienda\/mitutoyo-209-352-calibre-de-cuadrante-tipo-interno-40-1-2\/","og_site_name":"Abaa tienda online","article_modified_time":"2023-10-18T21:18:38+00:00","og_image":[{"width":640,"height":640,"url":"https:\/\/abaa.mx\/tienda\/wp-content\/uploads\/2023\/10\/209-352.jpg","type":"image\/jpeg"}],"twitter_card":"summary_large_image","twitter_misc":{"Tiempo de lectura":"1 minuto"},"schema":{"@context":"https:\/\/schema.org","@graph":[{"@type":"WebPage","@id":"https:\/\/abaa.mx\/tienda\/mitutoyo-209-352-calibre-de-cuadrante-tipo-interno-40-1-2\/","url":"https:\/\/abaa.mx\/tienda\/mitutoyo-209-352-calibre-de-cuadrante-tipo-interno-40-1-2\/","name":"Mitutoyo 209-352 calibre de cuadrante tipo interno, .40 1.2 - Abaa tienda online","isPartOf":{"@id":"https:\/\/abaa.mx\/tienda\/#website"},"primaryImageOfPage":{"@id":"https:\/\/abaa.mx\/tienda\/mitutoyo-209-352-calibre-de-cuadrante-tipo-interno-40-1-2\/#primaryimage"},"image":{"@id":"https:\/\/abaa.mx\/tienda\/mitutoyo-209-352-calibre-de-cuadrante-tipo-interno-40-1-2\/#primaryimage"},"thumbnailUrl":"https:\/\/abaa.mx\/tienda\/wp-content\/uploads\/2023\/10\/209-352.jpg","datePublished":"2023-10-18T21:18:37+00:00","dateModified":"2023-10-18T21:18:38+00:00","breadcrumb":{"@id":"https:\/\/abaa.mx\/tienda\/mitutoyo-209-352-calibre-de-cuadrante-tipo-interno-40-1-2\/#breadcrumb"},"inLanguage":"es","potentialAction":[{"@type":"ReadAction","target":["https:\/\/abaa.mx\/tienda\/mitutoyo-209-352-calibre-de-cuadrante-tipo-interno-40-1-2\/"]}]},{"@type":"ImageObject","inLanguage":"es","@id":"https:\/\/abaa.mx\/tienda\/mitutoyo-209-352-calibre-de-cuadrante-tipo-interno-40-1-2\/#primaryimage","url":"https:\/\/abaa.mx\/tienda\/wp-content\/uploads\/2023\/10\/209-352.jpg","contentUrl":"https:\/\/abaa.mx\/tienda\/wp-content\/uploads\/2023\/10\/209-352.jpg","width":640,"height":640,"caption":"mitutoyo-209-352-calibre-de-cuadrante-tipo-interno-40-1-2"},{"@type":"BreadcrumbList","@id":"https:\/\/abaa.mx\/tienda\/mitutoyo-209-352-calibre-de-cuadrante-tipo-interno-40-1-2\/#breadcrumb","itemListElement":[{"@type":"ListItem","position":1,"name":"Inicio","item":"https:\/\/abaa.mx\/tienda\/"},{"@type":"ListItem","position":2,"name":"Tienda","item":"https:\/\/abaa.mx\/tienda\/"},{"@type":"ListItem","position":3,"name":"Mitutoyo 209-352 calibre de cuadrante tipo interno, .40 1.2"}]},{"@type":"WebSite","@id":"https:\/\/abaa.mx\/tienda\/#website","url":"https:\/\/abaa.mx\/tienda\/","name":"Abaa tienda online","description":"Instrumentos de medici\u00f3n","publisher":{"@id":"https:\/\/abaa.mx\/tienda\/#organization"},"potentialAction":[{"@type":"SearchAction","target":{"@type":"EntryPoint","urlTemplate":"https:\/\/abaa.mx\/tienda\/?s={search_term_string}"},"query-input":{"@type":"PropertyValueSpecification","valueRequired":true,"valueName":"search_term_string"}}],"inLanguage":"es"},{"@type":"Organization","@id":"https:\/\/abaa.mx\/tienda\/#organization","name":"Abaa tienda online","url":"https:\/\/abaa.mx\/tienda\/","logo":{"@type":"ImageObject","inLanguage":"es","@id":"https:\/\/abaa.mx\/tienda\/#\/schema\/logo\/image\/","url":"https:\/\/abaa.mx\/tienda\/wp-content\/uploads\/2024\/01\/abaa-metrologia-tienda.png","contentUrl":"https:\/\/abaa.mx\/tienda\/wp-content\/uploads\/2024\/01\/abaa-metrologia-tienda.png","width":300,"height":141,"caption":"Abaa tienda online"},"image":{"@id":"https:\/\/abaa.mx\/tienda\/#\/schema\/logo\/image\/"}}]}},"_links":{"self":[{"href":"https:\/\/abaa.mx\/tienda\/wp-json\/wp\/v2\/product\/6665","targetHints":{"allow":["GET"]}}],"collection":[{"href":"https:\/\/abaa.mx\/tienda\/wp-json\/wp\/v2\/product"}],"about":[{"href":"https:\/\/abaa.mx\/tienda\/wp-json\/wp\/v2\/types\/product"}],"replies":[{"embeddable":true,"href":"https:\/\/abaa.mx\/tienda\/wp-json\/wp\/v2\/comments?post=6665"}],"wp:featuredmedia":[{"embeddable":true,"href":"https:\/\/abaa.mx\/tienda\/wp-json\/wp\/v2\/media\/6671"}],"wp:attachment":[{"href":"https:\/\/abaa.mx\/tienda\/wp-json\/wp\/v2\/media?parent=6665"}],"wp:term":[{"taxonomy":"product_brand","embeddable":true,"href":"https:\/\/abaa.mx\/tienda\/wp-json\/wp\/v2\/product_brand?post=6665"},{"taxonomy":"product_cat","embeddable":true,"href":"https:\/\/abaa.mx\/tienda\/wp-json\/wp\/v2\/product_cat?post=6665"},{"taxonomy":"product_tag","embeddable":true,"href":"https:\/\/abaa.mx\/tienda\/wp-json\/wp\/v2\/product_tag?post=6665"}],"curies":[{"name":"wp","href":"https:\/\/api.w.org\/{rel}","templated":true}]}}