{"id":6652,"date":"2023-10-18T20:56:58","date_gmt":"2023-10-18T20:56:58","guid":{"rendered":"https:\/\/abaa.mx\/tienda\/?post_type=product&#038;p=6652"},"modified":"2023-10-18T20:56:59","modified_gmt":"2023-10-18T20:56:59","slug":"mitutoyo-2048ab-10-serie-2-indicador-especial-de-esfera-plana-trasera-10-mm-graduacion-de-001-mm","status":"publish","type":"product","link":"https:\/\/abaa.mx\/tienda\/mitutoyo-2048ab-10-serie-2-indicador-especial-de-esfera-plana-trasera-10-mm-graduacion-de-001-mm\/","title":{"rendered":"Mitutoyo 2048ab-10 serie 2 indicador especial de esfera plana trasera, 10 mm, graduaci\u00f3n de 0,01 mm"},"content":{"rendered":"<p>Dise\u00f1ado para ayudarte a obtener las medidas que necesitas, el indicador de esfera plana especial Mitutoyo 2048SB-10 Serie 2 cuenta con una manecilla ajustable. Este indicador especial le permite girar la perilla superior para ajustar la posici\u00f3n de la mano independientemente del movimiento del husillo. Los n\u00fameros en la cara est\u00e1n claramente marcados y son f\u00e1ciles de leer.<\/p>\n<h5><strong>Funciones<\/strong><\/h5>\n<ul>\n<li>Al girar la perilla superior, se ajusta la posici\u00f3n de la mano independientemente del movimiento vertical del husillo<\/li>\n<li>V\u00e1stago de 0,31&#8243; (8 mm) de di\u00e1metro con rosca M2,5 x 0,45<\/li>\n<li>Dise\u00f1o de respaldo plano para \u00e1reas compactas<\/li>\n<\/ul>\n<h4>Especificaciones<\/h4>\n<table class=\"table table-striped\">\n<tbody>\n<tr>\n<td>Unidad(es) de medida admitida(s)<\/td>\n<td>mil\u00edmetro<\/td>\n<\/tr>\n<tr>\n<td>Rango de medici\u00f3n<\/td>\n<td>Rango\/Por revoluci\u00f3n: 10 mm\/1 mm<\/td>\n<\/tr>\n<tr>\n<td>Exactitud<\/td>\n<td>0,015 mil\u00edmetros<\/td>\n<\/tr>\n<tr>\n<td>Lectura de dial<\/td>\n<td>De 0 a 100<\/td>\n<\/tr>\n<tr>\n<td>Medidas de graduaci\u00f3n<\/td>\n<td>Mil\u00edmetros<\/td>\n<\/tr>\n<tr>\n<td>Fuerza de medici\u00f3n<\/td>\n<td>1,4 N o menos<\/td>\n<\/tr>\n<\/tbody>\n<\/table>\n","protected":false},"excerpt":{"rendered":"<p class=\"short-description mhide ipad-view-setting\">El indicador de cuadrante permite ajustar la posici\u00f3n de la manecilla independientemente del husillo. Tiene un dise\u00f1o de espalda plana.<\/p>\n<p class=\"comment-tag-product\">\n<div class=\"row-fluid\">\n<div class=\"span12 mobile-pricing-box-padding\">\n<form id=\"139866\" accept-charset=\"utf-8\" action=\"https:\/\/www.globaltestsupply.com\/shop\/add\" method=\"post\" name=\"addTocartFunction\">\n<div><\/div>\n<\/form>\n<\/div>\n<\/div>\n","protected":false},"featured_media":6657,"comment_status":"open","ping_status":"closed","template":"","meta":{"_joinchat":[]},"product_brand":[],"product_cat":[15],"product_tag":[],"class_list":{"0":"post-6652","1":"product","2":"type-product","3":"status-publish","4":"has-post-thumbnail","6":"product_cat-sin-categorizar","8":"first","9":"instock","10":"shipping-taxable","11":"product-type-simple"},"yoast_head":"<!-- This site is optimized with the Yoast SEO plugin v26.4 - https:\/\/yoast.com\/wordpress\/plugins\/seo\/ -->\n<title>Mitutoyo 2048ab-10 serie 2 indicador especial de esfera plana trasera, 10 mm, graduaci\u00f3n de 0,01 mm - Abaa tienda online<\/title>\n<meta name=\"robots\" content=\"index, follow, max-snippet:-1, max-image-preview:large, max-video-preview:-1\" \/>\n<link rel=\"canonical\" href=\"https:\/\/abaa.mx\/tienda\/mitutoyo-2048ab-10-serie-2-indicador-especial-de-esfera-plana-trasera-10-mm-graduacion-de-001-mm\/\" \/>\n<meta property=\"og:locale\" content=\"es_MX\" \/>\n<meta property=\"og:type\" content=\"article\" \/>\n<meta property=\"og:title\" content=\"Mitutoyo 2048ab-10 serie 2 indicador especial de esfera plana trasera, 10 mm, graduaci\u00f3n de 0,01 mm - Abaa tienda online\" \/>\n<meta property=\"og:description\" content=\"El indicador de cuadrante permite ajustar la posici\u00f3n de la manecilla independientemente del husillo. Tiene un dise\u00f1o de espalda plana.\" \/>\n<meta property=\"og:url\" content=\"https:\/\/abaa.mx\/tienda\/mitutoyo-2048ab-10-serie-2-indicador-especial-de-esfera-plana-trasera-10-mm-graduacion-de-001-mm\/\" \/>\n<meta property=\"og:site_name\" content=\"Abaa tienda online\" \/>\n<meta property=\"article:modified_time\" content=\"2023-10-18T20:56:59+00:00\" \/>\n<meta property=\"og:image\" content=\"https:\/\/abaa.mx\/tienda\/wp-content\/uploads\/2023\/10\/2048AB-10-1.jpg\" \/>\n\t<meta property=\"og:image:width\" content=\"270\" \/>\n\t<meta property=\"og:image:height\" content=\"452\" \/>\n\t<meta property=\"og:image:type\" content=\"image\/jpeg\" \/>\n<meta name=\"twitter:card\" content=\"summary_large_image\" \/>\n<meta name=\"twitter:label1\" content=\"Tiempo de lectura\" \/>\n\t<meta name=\"twitter:data1\" content=\"1 minuto\" \/>\n<script type=\"application\/ld+json\" class=\"yoast-schema-graph\">{\"@context\":\"https:\/\/schema.org\",\"@graph\":[{\"@type\":\"WebPage\",\"@id\":\"https:\/\/abaa.mx\/tienda\/mitutoyo-2048ab-10-serie-2-indicador-especial-de-esfera-plana-trasera-10-mm-graduacion-de-001-mm\/\",\"url\":\"https:\/\/abaa.mx\/tienda\/mitutoyo-2048ab-10-serie-2-indicador-especial-de-esfera-plana-trasera-10-mm-graduacion-de-001-mm\/\",\"name\":\"Mitutoyo 2048ab-10 serie 2 indicador especial de esfera plana trasera, 10 mm, graduaci\u00f3n de 0,01 mm - Abaa tienda online\",\"isPartOf\":{\"@id\":\"https:\/\/abaa.mx\/tienda\/#website\"},\"primaryImageOfPage\":{\"@id\":\"https:\/\/abaa.mx\/tienda\/mitutoyo-2048ab-10-serie-2-indicador-especial-de-esfera-plana-trasera-10-mm-graduacion-de-001-mm\/#primaryimage\"},\"image\":{\"@id\":\"https:\/\/abaa.mx\/tienda\/mitutoyo-2048ab-10-serie-2-indicador-especial-de-esfera-plana-trasera-10-mm-graduacion-de-001-mm\/#primaryimage\"},\"thumbnailUrl\":\"https:\/\/abaa.mx\/tienda\/wp-content\/uploads\/2023\/10\/2048AB-10-1.jpg\",\"datePublished\":\"2023-10-18T20:56:58+00:00\",\"dateModified\":\"2023-10-18T20:56:59+00:00\",\"breadcrumb\":{\"@id\":\"https:\/\/abaa.mx\/tienda\/mitutoyo-2048ab-10-serie-2-indicador-especial-de-esfera-plana-trasera-10-mm-graduacion-de-001-mm\/#breadcrumb\"},\"inLanguage\":\"es\",\"potentialAction\":[{\"@type\":\"ReadAction\",\"target\":[\"https:\/\/abaa.mx\/tienda\/mitutoyo-2048ab-10-serie-2-indicador-especial-de-esfera-plana-trasera-10-mm-graduacion-de-001-mm\/\"]}]},{\"@type\":\"ImageObject\",\"inLanguage\":\"es\",\"@id\":\"https:\/\/abaa.mx\/tienda\/mitutoyo-2048ab-10-serie-2-indicador-especial-de-esfera-plana-trasera-10-mm-graduacion-de-001-mm\/#primaryimage\",\"url\":\"https:\/\/abaa.mx\/tienda\/wp-content\/uploads\/2023\/10\/2048AB-10-1.jpg\",\"contentUrl\":\"https:\/\/abaa.mx\/tienda\/wp-content\/uploads\/2023\/10\/2048AB-10-1.jpg\",\"width\":270,\"height\":452,\"caption\":\"mitutoyo-2048ab-10-serie-2-indicador-especial-de-esfera-plana-trasera-10-mm-graduacion-de-001-mm\"},{\"@type\":\"BreadcrumbList\",\"@id\":\"https:\/\/abaa.mx\/tienda\/mitutoyo-2048ab-10-serie-2-indicador-especial-de-esfera-plana-trasera-10-mm-graduacion-de-001-mm\/#breadcrumb\",\"itemListElement\":[{\"@type\":\"ListItem\",\"position\":1,\"name\":\"Inicio\",\"item\":\"https:\/\/abaa.mx\/tienda\/\"},{\"@type\":\"ListItem\",\"position\":2,\"name\":\"Tienda\",\"item\":\"https:\/\/abaa.mx\/tienda\/\"},{\"@type\":\"ListItem\",\"position\":3,\"name\":\"Mitutoyo 2048ab-10 serie 2 indicador especial de esfera plana trasera, 10 mm, graduaci\u00f3n de 0,01 mm\"}]},{\"@type\":\"WebSite\",\"@id\":\"https:\/\/abaa.mx\/tienda\/#website\",\"url\":\"https:\/\/abaa.mx\/tienda\/\",\"name\":\"Abaa tienda online\",\"description\":\"Instrumentos de medici\u00f3n\",\"publisher\":{\"@id\":\"https:\/\/abaa.mx\/tienda\/#organization\"},\"potentialAction\":[{\"@type\":\"SearchAction\",\"target\":{\"@type\":\"EntryPoint\",\"urlTemplate\":\"https:\/\/abaa.mx\/tienda\/?s={search_term_string}\"},\"query-input\":{\"@type\":\"PropertyValueSpecification\",\"valueRequired\":true,\"valueName\":\"search_term_string\"}}],\"inLanguage\":\"es\"},{\"@type\":\"Organization\",\"@id\":\"https:\/\/abaa.mx\/tienda\/#organization\",\"name\":\"Abaa tienda online\",\"url\":\"https:\/\/abaa.mx\/tienda\/\",\"logo\":{\"@type\":\"ImageObject\",\"inLanguage\":\"es\",\"@id\":\"https:\/\/abaa.mx\/tienda\/#\/schema\/logo\/image\/\",\"url\":\"https:\/\/abaa.mx\/tienda\/wp-content\/uploads\/2024\/01\/abaa-metrologia-tienda.png\",\"contentUrl\":\"https:\/\/abaa.mx\/tienda\/wp-content\/uploads\/2024\/01\/abaa-metrologia-tienda.png\",\"width\":300,\"height\":141,\"caption\":\"Abaa tienda online\"},\"image\":{\"@id\":\"https:\/\/abaa.mx\/tienda\/#\/schema\/logo\/image\/\"}}]}<\/script>\n<!-- \/ Yoast SEO plugin. -->","yoast_head_json":{"title":"Mitutoyo 2048ab-10 serie 2 indicador especial de esfera plana trasera, 10 mm, graduaci\u00f3n de 0,01 mm - Abaa tienda online","robots":{"index":"index","follow":"follow","max-snippet":"max-snippet:-1","max-image-preview":"max-image-preview:large","max-video-preview":"max-video-preview:-1"},"canonical":"https:\/\/abaa.mx\/tienda\/mitutoyo-2048ab-10-serie-2-indicador-especial-de-esfera-plana-trasera-10-mm-graduacion-de-001-mm\/","og_locale":"es_MX","og_type":"article","og_title":"Mitutoyo 2048ab-10 serie 2 indicador especial de esfera plana trasera, 10 mm, graduaci\u00f3n de 0,01 mm - Abaa tienda online","og_description":"El indicador de cuadrante permite ajustar la posici\u00f3n de la manecilla independientemente del husillo. Tiene un dise\u00f1o de espalda plana.","og_url":"https:\/\/abaa.mx\/tienda\/mitutoyo-2048ab-10-serie-2-indicador-especial-de-esfera-plana-trasera-10-mm-graduacion-de-001-mm\/","og_site_name":"Abaa tienda online","article_modified_time":"2023-10-18T20:56:59+00:00","og_image":[{"width":270,"height":452,"url":"https:\/\/abaa.mx\/tienda\/wp-content\/uploads\/2023\/10\/2048AB-10-1.jpg","type":"image\/jpeg"}],"twitter_card":"summary_large_image","twitter_misc":{"Tiempo de lectura":"1 minuto"},"schema":{"@context":"https:\/\/schema.org","@graph":[{"@type":"WebPage","@id":"https:\/\/abaa.mx\/tienda\/mitutoyo-2048ab-10-serie-2-indicador-especial-de-esfera-plana-trasera-10-mm-graduacion-de-001-mm\/","url":"https:\/\/abaa.mx\/tienda\/mitutoyo-2048ab-10-serie-2-indicador-especial-de-esfera-plana-trasera-10-mm-graduacion-de-001-mm\/","name":"Mitutoyo 2048ab-10 serie 2 indicador especial de esfera plana trasera, 10 mm, graduaci\u00f3n de 0,01 mm - Abaa tienda online","isPartOf":{"@id":"https:\/\/abaa.mx\/tienda\/#website"},"primaryImageOfPage":{"@id":"https:\/\/abaa.mx\/tienda\/mitutoyo-2048ab-10-serie-2-indicador-especial-de-esfera-plana-trasera-10-mm-graduacion-de-001-mm\/#primaryimage"},"image":{"@id":"https:\/\/abaa.mx\/tienda\/mitutoyo-2048ab-10-serie-2-indicador-especial-de-esfera-plana-trasera-10-mm-graduacion-de-001-mm\/#primaryimage"},"thumbnailUrl":"https:\/\/abaa.mx\/tienda\/wp-content\/uploads\/2023\/10\/2048AB-10-1.jpg","datePublished":"2023-10-18T20:56:58+00:00","dateModified":"2023-10-18T20:56:59+00:00","breadcrumb":{"@id":"https:\/\/abaa.mx\/tienda\/mitutoyo-2048ab-10-serie-2-indicador-especial-de-esfera-plana-trasera-10-mm-graduacion-de-001-mm\/#breadcrumb"},"inLanguage":"es","potentialAction":[{"@type":"ReadAction","target":["https:\/\/abaa.mx\/tienda\/mitutoyo-2048ab-10-serie-2-indicador-especial-de-esfera-plana-trasera-10-mm-graduacion-de-001-mm\/"]}]},{"@type":"ImageObject","inLanguage":"es","@id":"https:\/\/abaa.mx\/tienda\/mitutoyo-2048ab-10-serie-2-indicador-especial-de-esfera-plana-trasera-10-mm-graduacion-de-001-mm\/#primaryimage","url":"https:\/\/abaa.mx\/tienda\/wp-content\/uploads\/2023\/10\/2048AB-10-1.jpg","contentUrl":"https:\/\/abaa.mx\/tienda\/wp-content\/uploads\/2023\/10\/2048AB-10-1.jpg","width":270,"height":452,"caption":"mitutoyo-2048ab-10-serie-2-indicador-especial-de-esfera-plana-trasera-10-mm-graduacion-de-001-mm"},{"@type":"BreadcrumbList","@id":"https:\/\/abaa.mx\/tienda\/mitutoyo-2048ab-10-serie-2-indicador-especial-de-esfera-plana-trasera-10-mm-graduacion-de-001-mm\/#breadcrumb","itemListElement":[{"@type":"ListItem","position":1,"name":"Inicio","item":"https:\/\/abaa.mx\/tienda\/"},{"@type":"ListItem","position":2,"name":"Tienda","item":"https:\/\/abaa.mx\/tienda\/"},{"@type":"ListItem","position":3,"name":"Mitutoyo 2048ab-10 serie 2 indicador especial de esfera plana trasera, 10 mm, graduaci\u00f3n de 0,01 mm"}]},{"@type":"WebSite","@id":"https:\/\/abaa.mx\/tienda\/#website","url":"https:\/\/abaa.mx\/tienda\/","name":"Abaa tienda online","description":"Instrumentos de medici\u00f3n","publisher":{"@id":"https:\/\/abaa.mx\/tienda\/#organization"},"potentialAction":[{"@type":"SearchAction","target":{"@type":"EntryPoint","urlTemplate":"https:\/\/abaa.mx\/tienda\/?s={search_term_string}"},"query-input":{"@type":"PropertyValueSpecification","valueRequired":true,"valueName":"search_term_string"}}],"inLanguage":"es"},{"@type":"Organization","@id":"https:\/\/abaa.mx\/tienda\/#organization","name":"Abaa tienda online","url":"https:\/\/abaa.mx\/tienda\/","logo":{"@type":"ImageObject","inLanguage":"es","@id":"https:\/\/abaa.mx\/tienda\/#\/schema\/logo\/image\/","url":"https:\/\/abaa.mx\/tienda\/wp-content\/uploads\/2024\/01\/abaa-metrologia-tienda.png","contentUrl":"https:\/\/abaa.mx\/tienda\/wp-content\/uploads\/2024\/01\/abaa-metrologia-tienda.png","width":300,"height":141,"caption":"Abaa tienda online"},"image":{"@id":"https:\/\/abaa.mx\/tienda\/#\/schema\/logo\/image\/"}}]}},"_links":{"self":[{"href":"https:\/\/abaa.mx\/tienda\/wp-json\/wp\/v2\/product\/6652","targetHints":{"allow":["GET"]}}],"collection":[{"href":"https:\/\/abaa.mx\/tienda\/wp-json\/wp\/v2\/product"}],"about":[{"href":"https:\/\/abaa.mx\/tienda\/wp-json\/wp\/v2\/types\/product"}],"replies":[{"embeddable":true,"href":"https:\/\/abaa.mx\/tienda\/wp-json\/wp\/v2\/comments?post=6652"}],"wp:featuredmedia":[{"embeddable":true,"href":"https:\/\/abaa.mx\/tienda\/wp-json\/wp\/v2\/media\/6657"}],"wp:attachment":[{"href":"https:\/\/abaa.mx\/tienda\/wp-json\/wp\/v2\/media?parent=6652"}],"wp:term":[{"taxonomy":"product_brand","embeddable":true,"href":"https:\/\/abaa.mx\/tienda\/wp-json\/wp\/v2\/product_brand?post=6652"},{"taxonomy":"product_cat","embeddable":true,"href":"https:\/\/abaa.mx\/tienda\/wp-json\/wp\/v2\/product_cat?post=6652"},{"taxonomy":"product_tag","embeddable":true,"href":"https:\/\/abaa.mx\/tienda\/wp-json\/wp\/v2\/product_tag?post=6652"}],"curies":[{"name":"wp","href":"https:\/\/api.w.org\/{rel}","templated":true}]}}