{"id":6644,"date":"2023-10-18T20:36:46","date_gmt":"2023-10-18T20:36:46","guid":{"rendered":"https:\/\/abaa.mx\/tienda\/?post_type=product&#038;p=6644"},"modified":"2023-10-18T20:36:46","modified_gmt":"2023-10-18T20:36:46","slug":"mitutoyo-2046ab-80-serie-2-indicador-especial-de-esfera-plana-10-mm-metrico","status":"publish","type":"product","link":"https:\/\/abaa.mx\/tienda\/mitutoyo-2046ab-80-serie-2-indicador-especial-de-esfera-plana-10-mm-metrico\/","title":{"rendered":"Mitutoyo 2046ab-80 serie 2 indicador especial de esfera plana, 10 mm, m\u00e9trico"},"content":{"rendered":"<p>Dise\u00f1ado para ayudarlo a obtener las medidas que necesita, el indicador de cuadrante plano especial Mitutoyo 2046SB-80 Serie 2 cuenta con un medidor de cuadrante manual ajustable. Este indicador especial le permite girar la perilla superior para ajustar la posici\u00f3n de la mano independientemente del movimiento del husillo. Los n\u00fameros en la cara est\u00e1n claramente marcados y son f\u00e1ciles de leer.<\/p>\n<h5><strong>Funciones<\/strong><\/h5>\n<ul>\n<li>Al girar la perilla superior, se ajusta la posici\u00f3n de la mano independientemente del movimiento vertical del husillo<\/li>\n<li>Pr\u00e1ctico medidor de dial manual ajustable<\/li>\n<li>Marcado con graduaciones de 0,01 mm<\/li>\n<li>V\u00e1stago de 0,31&#8243; (8 mm) de di\u00e1metro con rosca M2,5 x 0,45<\/li>\n<li>Dise\u00f1o de respaldo plano para \u00e1reas compactas<\/li>\n<li>Fuerza de 5 N o menos<\/li>\n<\/ul>\n<h4>Especificaciones<\/h4>\n<table class=\"table table-striped\">\n<tbody>\n<tr>\n<td>Unidad(es) de medida admitida(s)<\/td>\n<td>mil\u00edmetro<\/td>\n<\/tr>\n<tr>\n<td>Rango de medici\u00f3n<\/td>\n<td>10 mm por revoluci\u00f3n de rango de 1 mm<\/td>\n<\/tr>\n<tr>\n<td>Exactitud<\/td>\n<td>0,015 mil\u00edmetros<\/td>\n<\/tr>\n<tr>\n<td>Lectura de dial<\/td>\n<td>De 0 a 100<\/td>\n<\/tr>\n<tr>\n<td>Color de la esfera<\/td>\n<td>Multi<\/td>\n<\/tr>\n<tr>\n<td>Medidas de graduaci\u00f3n<\/td>\n<td>Mil\u00edmetros<\/td>\n<\/tr>\n<\/tbody>\n<\/table>\n","protected":false},"excerpt":{"rendered":"<p class=\"short-description mhide ipad-view-setting\">Este indicador de cuadrante manual permite ajustar la posici\u00f3n de la manecilla independientemente del husillo. Tiene un dise\u00f1o de espalda plana.<\/p>\n<p class=\"comment-tag-product\">\n<div class=\"row-fluid\">\n<div class=\"span12 mobile-pricing-box-padding\">\n<form id=\"139864\" accept-charset=\"utf-8\" action=\"https:\/\/www.globaltestsupply.com\/shop\/add\" method=\"post\" name=\"addTocartFunction\">\n<div><\/div>\n<\/form>\n<\/div>\n<\/div>\n<p class=\"comment-tag-product\">\n<div class=\"row-fluid\">\n<div class=\"span12 mobile-pricing-box-padding\">\n<form id=\"139865\" accept-charset=\"utf-8\" action=\"https:\/\/www.globaltestsupply.com\/shop\/add\" method=\"post\" name=\"addTocartFunction\">\n<div><\/div>\n<\/form>\n<\/div>\n<\/div>\n","protected":false},"featured_media":6649,"comment_status":"open","ping_status":"closed","template":"","meta":{"_joinchat":[]},"product_brand":[],"product_cat":[15],"product_tag":[],"class_list":{"0":"post-6644","1":"product","2":"type-product","3":"status-publish","4":"has-post-thumbnail","6":"product_cat-sin-categorizar","8":"first","9":"instock","10":"shipping-taxable","11":"product-type-simple"},"yoast_head":"<!-- This site is optimized with the Yoast SEO plugin v26.4 - https:\/\/yoast.com\/wordpress\/plugins\/seo\/ -->\n<title>Mitutoyo 2046ab-80 serie 2 indicador especial de esfera plana, 10 mm, m\u00e9trico - Abaa tienda online<\/title>\n<meta name=\"robots\" content=\"index, follow, max-snippet:-1, max-image-preview:large, max-video-preview:-1\" \/>\n<link rel=\"canonical\" href=\"https:\/\/abaa.mx\/tienda\/mitutoyo-2046ab-80-serie-2-indicador-especial-de-esfera-plana-10-mm-metrico\/\" \/>\n<meta property=\"og:locale\" content=\"es_MX\" \/>\n<meta property=\"og:type\" content=\"article\" \/>\n<meta property=\"og:title\" content=\"Mitutoyo 2046ab-80 serie 2 indicador especial de esfera plana, 10 mm, m\u00e9trico - Abaa tienda online\" \/>\n<meta property=\"og:description\" content=\"Este indicador de cuadrante manual permite ajustar la posici\u00f3n de la manecilla independientemente del husillo. Tiene un dise\u00f1o de espalda plana.\" \/>\n<meta property=\"og:url\" content=\"https:\/\/abaa.mx\/tienda\/mitutoyo-2046ab-80-serie-2-indicador-especial-de-esfera-plana-10-mm-metrico\/\" \/>\n<meta property=\"og:site_name\" content=\"Abaa tienda online\" \/>\n<meta property=\"og:image\" content=\"https:\/\/abaa.mx\/tienda\/wp-content\/uploads\/2023\/10\/2048A-10.jpg\" \/>\n\t<meta property=\"og:image:width\" content=\"270\" \/>\n\t<meta property=\"og:image:height\" content=\"452\" \/>\n\t<meta property=\"og:image:type\" content=\"image\/jpeg\" \/>\n<meta name=\"twitter:card\" content=\"summary_large_image\" \/>\n<meta name=\"twitter:label1\" content=\"Tiempo de lectura\" \/>\n\t<meta name=\"twitter:data1\" content=\"1 minuto\" \/>\n<script type=\"application\/ld+json\" class=\"yoast-schema-graph\">{\"@context\":\"https:\/\/schema.org\",\"@graph\":[{\"@type\":\"WebPage\",\"@id\":\"https:\/\/abaa.mx\/tienda\/mitutoyo-2046ab-80-serie-2-indicador-especial-de-esfera-plana-10-mm-metrico\/\",\"url\":\"https:\/\/abaa.mx\/tienda\/mitutoyo-2046ab-80-serie-2-indicador-especial-de-esfera-plana-10-mm-metrico\/\",\"name\":\"Mitutoyo 2046ab-80 serie 2 indicador especial de esfera plana, 10 mm, m\u00e9trico - Abaa tienda online\",\"isPartOf\":{\"@id\":\"https:\/\/abaa.mx\/tienda\/#website\"},\"primaryImageOfPage\":{\"@id\":\"https:\/\/abaa.mx\/tienda\/mitutoyo-2046ab-80-serie-2-indicador-especial-de-esfera-plana-10-mm-metrico\/#primaryimage\"},\"image\":{\"@id\":\"https:\/\/abaa.mx\/tienda\/mitutoyo-2046ab-80-serie-2-indicador-especial-de-esfera-plana-10-mm-metrico\/#primaryimage\"},\"thumbnailUrl\":\"https:\/\/abaa.mx\/tienda\/wp-content\/uploads\/2023\/10\/2048A-10.jpg\",\"datePublished\":\"2023-10-18T20:36:46+00:00\",\"breadcrumb\":{\"@id\":\"https:\/\/abaa.mx\/tienda\/mitutoyo-2046ab-80-serie-2-indicador-especial-de-esfera-plana-10-mm-metrico\/#breadcrumb\"},\"inLanguage\":\"es\",\"potentialAction\":[{\"@type\":\"ReadAction\",\"target\":[\"https:\/\/abaa.mx\/tienda\/mitutoyo-2046ab-80-serie-2-indicador-especial-de-esfera-plana-10-mm-metrico\/\"]}]},{\"@type\":\"ImageObject\",\"inLanguage\":\"es\",\"@id\":\"https:\/\/abaa.mx\/tienda\/mitutoyo-2046ab-80-serie-2-indicador-especial-de-esfera-plana-10-mm-metrico\/#primaryimage\",\"url\":\"https:\/\/abaa.mx\/tienda\/wp-content\/uploads\/2023\/10\/2048A-10.jpg\",\"contentUrl\":\"https:\/\/abaa.mx\/tienda\/wp-content\/uploads\/2023\/10\/2048A-10.jpg\",\"width\":270,\"height\":452,\"caption\":\"mitutoyo-2046ab-80-serie-2-indicador-especial-de-esfera-plana-10-mm-metrico\"},{\"@type\":\"BreadcrumbList\",\"@id\":\"https:\/\/abaa.mx\/tienda\/mitutoyo-2046ab-80-serie-2-indicador-especial-de-esfera-plana-10-mm-metrico\/#breadcrumb\",\"itemListElement\":[{\"@type\":\"ListItem\",\"position\":1,\"name\":\"Inicio\",\"item\":\"https:\/\/abaa.mx\/tienda\/\"},{\"@type\":\"ListItem\",\"position\":2,\"name\":\"Tienda\",\"item\":\"https:\/\/abaa.mx\/tienda\/\"},{\"@type\":\"ListItem\",\"position\":3,\"name\":\"Mitutoyo 2046ab-80 serie 2 indicador especial de esfera plana, 10 mm, m\u00e9trico\"}]},{\"@type\":\"WebSite\",\"@id\":\"https:\/\/abaa.mx\/tienda\/#website\",\"url\":\"https:\/\/abaa.mx\/tienda\/\",\"name\":\"Abaa tienda online\",\"description\":\"Instrumentos de medici\u00f3n\",\"publisher\":{\"@id\":\"https:\/\/abaa.mx\/tienda\/#organization\"},\"potentialAction\":[{\"@type\":\"SearchAction\",\"target\":{\"@type\":\"EntryPoint\",\"urlTemplate\":\"https:\/\/abaa.mx\/tienda\/?s={search_term_string}\"},\"query-input\":{\"@type\":\"PropertyValueSpecification\",\"valueRequired\":true,\"valueName\":\"search_term_string\"}}],\"inLanguage\":\"es\"},{\"@type\":\"Organization\",\"@id\":\"https:\/\/abaa.mx\/tienda\/#organization\",\"name\":\"Abaa tienda online\",\"url\":\"https:\/\/abaa.mx\/tienda\/\",\"logo\":{\"@type\":\"ImageObject\",\"inLanguage\":\"es\",\"@id\":\"https:\/\/abaa.mx\/tienda\/#\/schema\/logo\/image\/\",\"url\":\"https:\/\/abaa.mx\/tienda\/wp-content\/uploads\/2024\/01\/abaa-metrologia-tienda.png\",\"contentUrl\":\"https:\/\/abaa.mx\/tienda\/wp-content\/uploads\/2024\/01\/abaa-metrologia-tienda.png\",\"width\":300,\"height\":141,\"caption\":\"Abaa tienda online\"},\"image\":{\"@id\":\"https:\/\/abaa.mx\/tienda\/#\/schema\/logo\/image\/\"}}]}<\/script>\n<!-- \/ Yoast SEO plugin. -->","yoast_head_json":{"title":"Mitutoyo 2046ab-80 serie 2 indicador especial de esfera plana, 10 mm, m\u00e9trico - Abaa tienda online","robots":{"index":"index","follow":"follow","max-snippet":"max-snippet:-1","max-image-preview":"max-image-preview:large","max-video-preview":"max-video-preview:-1"},"canonical":"https:\/\/abaa.mx\/tienda\/mitutoyo-2046ab-80-serie-2-indicador-especial-de-esfera-plana-10-mm-metrico\/","og_locale":"es_MX","og_type":"article","og_title":"Mitutoyo 2046ab-80 serie 2 indicador especial de esfera plana, 10 mm, m\u00e9trico - Abaa tienda online","og_description":"Este indicador de cuadrante manual permite ajustar la posici\u00f3n de la manecilla independientemente del husillo. Tiene un dise\u00f1o de espalda plana.","og_url":"https:\/\/abaa.mx\/tienda\/mitutoyo-2046ab-80-serie-2-indicador-especial-de-esfera-plana-10-mm-metrico\/","og_site_name":"Abaa tienda online","og_image":[{"width":270,"height":452,"url":"https:\/\/abaa.mx\/tienda\/wp-content\/uploads\/2023\/10\/2048A-10.jpg","type":"image\/jpeg"}],"twitter_card":"summary_large_image","twitter_misc":{"Tiempo de lectura":"1 minuto"},"schema":{"@context":"https:\/\/schema.org","@graph":[{"@type":"WebPage","@id":"https:\/\/abaa.mx\/tienda\/mitutoyo-2046ab-80-serie-2-indicador-especial-de-esfera-plana-10-mm-metrico\/","url":"https:\/\/abaa.mx\/tienda\/mitutoyo-2046ab-80-serie-2-indicador-especial-de-esfera-plana-10-mm-metrico\/","name":"Mitutoyo 2046ab-80 serie 2 indicador especial de esfera plana, 10 mm, m\u00e9trico - Abaa tienda online","isPartOf":{"@id":"https:\/\/abaa.mx\/tienda\/#website"},"primaryImageOfPage":{"@id":"https:\/\/abaa.mx\/tienda\/mitutoyo-2046ab-80-serie-2-indicador-especial-de-esfera-plana-10-mm-metrico\/#primaryimage"},"image":{"@id":"https:\/\/abaa.mx\/tienda\/mitutoyo-2046ab-80-serie-2-indicador-especial-de-esfera-plana-10-mm-metrico\/#primaryimage"},"thumbnailUrl":"https:\/\/abaa.mx\/tienda\/wp-content\/uploads\/2023\/10\/2048A-10.jpg","datePublished":"2023-10-18T20:36:46+00:00","breadcrumb":{"@id":"https:\/\/abaa.mx\/tienda\/mitutoyo-2046ab-80-serie-2-indicador-especial-de-esfera-plana-10-mm-metrico\/#breadcrumb"},"inLanguage":"es","potentialAction":[{"@type":"ReadAction","target":["https:\/\/abaa.mx\/tienda\/mitutoyo-2046ab-80-serie-2-indicador-especial-de-esfera-plana-10-mm-metrico\/"]}]},{"@type":"ImageObject","inLanguage":"es","@id":"https:\/\/abaa.mx\/tienda\/mitutoyo-2046ab-80-serie-2-indicador-especial-de-esfera-plana-10-mm-metrico\/#primaryimage","url":"https:\/\/abaa.mx\/tienda\/wp-content\/uploads\/2023\/10\/2048A-10.jpg","contentUrl":"https:\/\/abaa.mx\/tienda\/wp-content\/uploads\/2023\/10\/2048A-10.jpg","width":270,"height":452,"caption":"mitutoyo-2046ab-80-serie-2-indicador-especial-de-esfera-plana-10-mm-metrico"},{"@type":"BreadcrumbList","@id":"https:\/\/abaa.mx\/tienda\/mitutoyo-2046ab-80-serie-2-indicador-especial-de-esfera-plana-10-mm-metrico\/#breadcrumb","itemListElement":[{"@type":"ListItem","position":1,"name":"Inicio","item":"https:\/\/abaa.mx\/tienda\/"},{"@type":"ListItem","position":2,"name":"Tienda","item":"https:\/\/abaa.mx\/tienda\/"},{"@type":"ListItem","position":3,"name":"Mitutoyo 2046ab-80 serie 2 indicador especial de esfera plana, 10 mm, m\u00e9trico"}]},{"@type":"WebSite","@id":"https:\/\/abaa.mx\/tienda\/#website","url":"https:\/\/abaa.mx\/tienda\/","name":"Abaa tienda online","description":"Instrumentos de medici\u00f3n","publisher":{"@id":"https:\/\/abaa.mx\/tienda\/#organization"},"potentialAction":[{"@type":"SearchAction","target":{"@type":"EntryPoint","urlTemplate":"https:\/\/abaa.mx\/tienda\/?s={search_term_string}"},"query-input":{"@type":"PropertyValueSpecification","valueRequired":true,"valueName":"search_term_string"}}],"inLanguage":"es"},{"@type":"Organization","@id":"https:\/\/abaa.mx\/tienda\/#organization","name":"Abaa tienda online","url":"https:\/\/abaa.mx\/tienda\/","logo":{"@type":"ImageObject","inLanguage":"es","@id":"https:\/\/abaa.mx\/tienda\/#\/schema\/logo\/image\/","url":"https:\/\/abaa.mx\/tienda\/wp-content\/uploads\/2024\/01\/abaa-metrologia-tienda.png","contentUrl":"https:\/\/abaa.mx\/tienda\/wp-content\/uploads\/2024\/01\/abaa-metrologia-tienda.png","width":300,"height":141,"caption":"Abaa tienda online"},"image":{"@id":"https:\/\/abaa.mx\/tienda\/#\/schema\/logo\/image\/"}}]}},"_links":{"self":[{"href":"https:\/\/abaa.mx\/tienda\/wp-json\/wp\/v2\/product\/6644","targetHints":{"allow":["GET"]}}],"collection":[{"href":"https:\/\/abaa.mx\/tienda\/wp-json\/wp\/v2\/product"}],"about":[{"href":"https:\/\/abaa.mx\/tienda\/wp-json\/wp\/v2\/types\/product"}],"replies":[{"embeddable":true,"href":"https:\/\/abaa.mx\/tienda\/wp-json\/wp\/v2\/comments?post=6644"}],"wp:featuredmedia":[{"embeddable":true,"href":"https:\/\/abaa.mx\/tienda\/wp-json\/wp\/v2\/media\/6649"}],"wp:attachment":[{"href":"https:\/\/abaa.mx\/tienda\/wp-json\/wp\/v2\/media?parent=6644"}],"wp:term":[{"taxonomy":"product_brand","embeddable":true,"href":"https:\/\/abaa.mx\/tienda\/wp-json\/wp\/v2\/product_brand?post=6644"},{"taxonomy":"product_cat","embeddable":true,"href":"https:\/\/abaa.mx\/tienda\/wp-json\/wp\/v2\/product_cat?post=6644"},{"taxonomy":"product_tag","embeddable":true,"href":"https:\/\/abaa.mx\/tienda\/wp-json\/wp\/v2\/product_tag?post=6644"}],"curies":[{"name":"wp","href":"https:\/\/api.w.org\/{rel}","templated":true}]}}