{"id":6625,"date":"2023-10-18T20:13:26","date_gmt":"2023-10-18T20:13:26","guid":{"rendered":"https:\/\/abaa.mx\/tienda\/?post_type=product&#038;p=6625"},"modified":"2023-10-18T20:13:27","modified_gmt":"2023-10-18T20:13:27","slug":"mitutoyo-546-136-medidor-de-tension-de-cuadrante-01-a-1-n","status":"publish","type":"product","link":"https:\/\/abaa.mx\/tienda\/mitutoyo-546-136-medidor-de-tension-de-cuadrante-01-a-1-n\/","title":{"rendered":"mitutoyo 546-136 medidor de tensi\u00f3n de cuadrante, 0,1 a 1 n"},"content":{"rendered":"<p>Mida la fuerza de contacto de instrumentos de medici\u00f3n, rel\u00e9s el\u00e9ctricos, microinterruptores y m\u00e1s con el medidor de tensi\u00f3n de cuadrante Mitutoyo 546-136. El medidor puede medir una fuerza de 0,1 a 1 N con una graduaci\u00f3n de 0,05 N. La funci\u00f3n de retenci\u00f3n de picos le muestra la lectura de fuerza m\u00e1s grande que se registr\u00f3 mientras estaba midiendo.<\/p>\n<p><strong>Funciones<\/strong><\/p>\n<ul>\n<li>Determina la fuerza de contacto de otros instrumentos de medici\u00f3n y rel\u00e9s el\u00e9ctricos, microinterruptores, v\u00e1lvulas y resortes de precisi\u00f3n<\/li>\n<li>Mide la tensi\u00f3n din\u00e1mica de 0,1 a 1 N<\/li>\n<li>La funci\u00f3n de retenci\u00f3n de picos muestra la lectura de tensi\u00f3n m\u00e1xima<\/li>\n<\/ul>\n<h4>Mitutoyo 546-136 Especificaciones<\/h4>\n<p>&nbsp;<\/p>\n<table class=\"table table-striped\">\n<tbody>\n<tr>\n<td>Fuerza de medici\u00f3n<\/td>\n<td>De 0,1 a 1 N<\/td>\n<\/tr>\n<tr>\n<td>Graduaci\u00f3n<\/td>\n<td>0.05 N<\/td>\n<\/tr>\n<\/tbody>\n<\/table>\n","protected":false},"excerpt":{"rendered":"<p class=\"short-description mhide ipad-view-setting\">Este medidor de tensi\u00f3n de cuadrante tiene una funci\u00f3n de retenci\u00f3n de picos que le muestra la lectura de fuerza m\u00e1xima durante su medici\u00f3n. Este tensi\u00f3metro tiene un rango de fuerza de medici\u00f3n de 0,1 a 1 N.<\/p>\n<p class=\"comment-tag-product\">\n<div class=\"row-fluid\">\n<div class=\"span12 mobile-pricing-box-padding\">\n<form id=\"123275\" accept-charset=\"utf-8\" action=\"https:\/\/www.globaltestsupply.com\/shop\/add\" method=\"post\" name=\"addTocartFunction\">\n<div><\/div>\n<\/form>\n<\/div>\n<\/div>\n","protected":false},"featured_media":6630,"comment_status":"open","ping_status":"closed","template":"","meta":{"_joinchat":[]},"product_brand":[],"product_cat":[15],"product_tag":[],"class_list":{"0":"post-6625","1":"product","2":"type-product","3":"status-publish","4":"has-post-thumbnail","6":"product_cat-sin-categorizar","8":"first","9":"instock","10":"shipping-taxable","11":"product-type-simple"},"yoast_head":"<!-- This site is optimized with the Yoast SEO plugin v26.4 - https:\/\/yoast.com\/wordpress\/plugins\/seo\/ -->\n<title>mitutoyo 546-136 medidor de tensi\u00f3n de cuadrante, 0,1 a 1 n - Abaa tienda online<\/title>\n<meta name=\"robots\" content=\"index, follow, max-snippet:-1, max-image-preview:large, max-video-preview:-1\" \/>\n<link rel=\"canonical\" href=\"https:\/\/abaa.mx\/tienda\/mitutoyo-546-136-medidor-de-tension-de-cuadrante-01-a-1-n\/\" \/>\n<meta property=\"og:locale\" content=\"es_MX\" \/>\n<meta property=\"og:type\" content=\"article\" \/>\n<meta property=\"og:title\" content=\"mitutoyo 546-136 medidor de tensi\u00f3n de cuadrante, 0,1 a 1 n - Abaa tienda online\" \/>\n<meta property=\"og:description\" content=\"Este medidor de tensi\u00f3n de cuadrante tiene una funci\u00f3n de retenci\u00f3n de picos que le muestra la lectura de fuerza m\u00e1xima durante su medici\u00f3n. Este tensi\u00f3metro tiene un rango de fuerza de medici\u00f3n de 0,1 a 1 N.\" \/>\n<meta property=\"og:url\" content=\"https:\/\/abaa.mx\/tienda\/mitutoyo-546-136-medidor-de-tension-de-cuadrante-01-a-1-n\/\" \/>\n<meta property=\"og:site_name\" content=\"Abaa tienda online\" \/>\n<meta property=\"article:modified_time\" content=\"2023-10-18T20:13:27+00:00\" \/>\n<meta property=\"og:image\" content=\"https:\/\/abaa.mx\/tienda\/wp-content\/uploads\/2023\/10\/546-136.jpg\" \/>\n\t<meta property=\"og:image:width\" content=\"270\" \/>\n\t<meta property=\"og:image:height\" content=\"396\" \/>\n\t<meta property=\"og:image:type\" content=\"image\/jpeg\" \/>\n<meta name=\"twitter:card\" content=\"summary_large_image\" \/>\n<meta name=\"twitter:label1\" content=\"Tiempo de lectura\" \/>\n\t<meta name=\"twitter:data1\" content=\"1 minuto\" \/>\n<script type=\"application\/ld+json\" class=\"yoast-schema-graph\">{\"@context\":\"https:\/\/schema.org\",\"@graph\":[{\"@type\":\"WebPage\",\"@id\":\"https:\/\/abaa.mx\/tienda\/mitutoyo-546-136-medidor-de-tension-de-cuadrante-01-a-1-n\/\",\"url\":\"https:\/\/abaa.mx\/tienda\/mitutoyo-546-136-medidor-de-tension-de-cuadrante-01-a-1-n\/\",\"name\":\"mitutoyo 546-136 medidor de tensi\u00f3n de cuadrante, 0,1 a 1 n - Abaa tienda online\",\"isPartOf\":{\"@id\":\"https:\/\/abaa.mx\/tienda\/#website\"},\"primaryImageOfPage\":{\"@id\":\"https:\/\/abaa.mx\/tienda\/mitutoyo-546-136-medidor-de-tension-de-cuadrante-01-a-1-n\/#primaryimage\"},\"image\":{\"@id\":\"https:\/\/abaa.mx\/tienda\/mitutoyo-546-136-medidor-de-tension-de-cuadrante-01-a-1-n\/#primaryimage\"},\"thumbnailUrl\":\"https:\/\/abaa.mx\/tienda\/wp-content\/uploads\/2023\/10\/546-136.jpg\",\"datePublished\":\"2023-10-18T20:13:26+00:00\",\"dateModified\":\"2023-10-18T20:13:27+00:00\",\"breadcrumb\":{\"@id\":\"https:\/\/abaa.mx\/tienda\/mitutoyo-546-136-medidor-de-tension-de-cuadrante-01-a-1-n\/#breadcrumb\"},\"inLanguage\":\"es\",\"potentialAction\":[{\"@type\":\"ReadAction\",\"target\":[\"https:\/\/abaa.mx\/tienda\/mitutoyo-546-136-medidor-de-tension-de-cuadrante-01-a-1-n\/\"]}]},{\"@type\":\"ImageObject\",\"inLanguage\":\"es\",\"@id\":\"https:\/\/abaa.mx\/tienda\/mitutoyo-546-136-medidor-de-tension-de-cuadrante-01-a-1-n\/#primaryimage\",\"url\":\"https:\/\/abaa.mx\/tienda\/wp-content\/uploads\/2023\/10\/546-136.jpg\",\"contentUrl\":\"https:\/\/abaa.mx\/tienda\/wp-content\/uploads\/2023\/10\/546-136.jpg\",\"width\":270,\"height\":396,\"caption\":\"546-136\"},{\"@type\":\"BreadcrumbList\",\"@id\":\"https:\/\/abaa.mx\/tienda\/mitutoyo-546-136-medidor-de-tension-de-cuadrante-01-a-1-n\/#breadcrumb\",\"itemListElement\":[{\"@type\":\"ListItem\",\"position\":1,\"name\":\"Inicio\",\"item\":\"https:\/\/abaa.mx\/tienda\/\"},{\"@type\":\"ListItem\",\"position\":2,\"name\":\"Tienda\",\"item\":\"https:\/\/abaa.mx\/tienda\/\"},{\"@type\":\"ListItem\",\"position\":3,\"name\":\"mitutoyo 546-136 medidor de tensi\u00f3n de cuadrante, 0,1 a 1 n\"}]},{\"@type\":\"WebSite\",\"@id\":\"https:\/\/abaa.mx\/tienda\/#website\",\"url\":\"https:\/\/abaa.mx\/tienda\/\",\"name\":\"Abaa tienda online\",\"description\":\"Instrumentos de medici\u00f3n\",\"publisher\":{\"@id\":\"https:\/\/abaa.mx\/tienda\/#organization\"},\"potentialAction\":[{\"@type\":\"SearchAction\",\"target\":{\"@type\":\"EntryPoint\",\"urlTemplate\":\"https:\/\/abaa.mx\/tienda\/?s={search_term_string}\"},\"query-input\":{\"@type\":\"PropertyValueSpecification\",\"valueRequired\":true,\"valueName\":\"search_term_string\"}}],\"inLanguage\":\"es\"},{\"@type\":\"Organization\",\"@id\":\"https:\/\/abaa.mx\/tienda\/#organization\",\"name\":\"Abaa tienda online\",\"url\":\"https:\/\/abaa.mx\/tienda\/\",\"logo\":{\"@type\":\"ImageObject\",\"inLanguage\":\"es\",\"@id\":\"https:\/\/abaa.mx\/tienda\/#\/schema\/logo\/image\/\",\"url\":\"https:\/\/abaa.mx\/tienda\/wp-content\/uploads\/2024\/01\/abaa-metrologia-tienda.png\",\"contentUrl\":\"https:\/\/abaa.mx\/tienda\/wp-content\/uploads\/2024\/01\/abaa-metrologia-tienda.png\",\"width\":300,\"height\":141,\"caption\":\"Abaa tienda online\"},\"image\":{\"@id\":\"https:\/\/abaa.mx\/tienda\/#\/schema\/logo\/image\/\"}}]}<\/script>\n<!-- \/ Yoast SEO plugin. -->","yoast_head_json":{"title":"mitutoyo 546-136 medidor de tensi\u00f3n de cuadrante, 0,1 a 1 n - Abaa tienda online","robots":{"index":"index","follow":"follow","max-snippet":"max-snippet:-1","max-image-preview":"max-image-preview:large","max-video-preview":"max-video-preview:-1"},"canonical":"https:\/\/abaa.mx\/tienda\/mitutoyo-546-136-medidor-de-tension-de-cuadrante-01-a-1-n\/","og_locale":"es_MX","og_type":"article","og_title":"mitutoyo 546-136 medidor de tensi\u00f3n de cuadrante, 0,1 a 1 n - Abaa tienda online","og_description":"Este medidor de tensi\u00f3n de cuadrante tiene una funci\u00f3n de retenci\u00f3n de picos que le muestra la lectura de fuerza m\u00e1xima durante su medici\u00f3n. Este tensi\u00f3metro tiene un rango de fuerza de medici\u00f3n de 0,1 a 1 N.","og_url":"https:\/\/abaa.mx\/tienda\/mitutoyo-546-136-medidor-de-tension-de-cuadrante-01-a-1-n\/","og_site_name":"Abaa tienda online","article_modified_time":"2023-10-18T20:13:27+00:00","og_image":[{"width":270,"height":396,"url":"https:\/\/abaa.mx\/tienda\/wp-content\/uploads\/2023\/10\/546-136.jpg","type":"image\/jpeg"}],"twitter_card":"summary_large_image","twitter_misc":{"Tiempo de lectura":"1 minuto"},"schema":{"@context":"https:\/\/schema.org","@graph":[{"@type":"WebPage","@id":"https:\/\/abaa.mx\/tienda\/mitutoyo-546-136-medidor-de-tension-de-cuadrante-01-a-1-n\/","url":"https:\/\/abaa.mx\/tienda\/mitutoyo-546-136-medidor-de-tension-de-cuadrante-01-a-1-n\/","name":"mitutoyo 546-136 medidor de tensi\u00f3n de cuadrante, 0,1 a 1 n - Abaa tienda online","isPartOf":{"@id":"https:\/\/abaa.mx\/tienda\/#website"},"primaryImageOfPage":{"@id":"https:\/\/abaa.mx\/tienda\/mitutoyo-546-136-medidor-de-tension-de-cuadrante-01-a-1-n\/#primaryimage"},"image":{"@id":"https:\/\/abaa.mx\/tienda\/mitutoyo-546-136-medidor-de-tension-de-cuadrante-01-a-1-n\/#primaryimage"},"thumbnailUrl":"https:\/\/abaa.mx\/tienda\/wp-content\/uploads\/2023\/10\/546-136.jpg","datePublished":"2023-10-18T20:13:26+00:00","dateModified":"2023-10-18T20:13:27+00:00","breadcrumb":{"@id":"https:\/\/abaa.mx\/tienda\/mitutoyo-546-136-medidor-de-tension-de-cuadrante-01-a-1-n\/#breadcrumb"},"inLanguage":"es","potentialAction":[{"@type":"ReadAction","target":["https:\/\/abaa.mx\/tienda\/mitutoyo-546-136-medidor-de-tension-de-cuadrante-01-a-1-n\/"]}]},{"@type":"ImageObject","inLanguage":"es","@id":"https:\/\/abaa.mx\/tienda\/mitutoyo-546-136-medidor-de-tension-de-cuadrante-01-a-1-n\/#primaryimage","url":"https:\/\/abaa.mx\/tienda\/wp-content\/uploads\/2023\/10\/546-136.jpg","contentUrl":"https:\/\/abaa.mx\/tienda\/wp-content\/uploads\/2023\/10\/546-136.jpg","width":270,"height":396,"caption":"546-136"},{"@type":"BreadcrumbList","@id":"https:\/\/abaa.mx\/tienda\/mitutoyo-546-136-medidor-de-tension-de-cuadrante-01-a-1-n\/#breadcrumb","itemListElement":[{"@type":"ListItem","position":1,"name":"Inicio","item":"https:\/\/abaa.mx\/tienda\/"},{"@type":"ListItem","position":2,"name":"Tienda","item":"https:\/\/abaa.mx\/tienda\/"},{"@type":"ListItem","position":3,"name":"mitutoyo 546-136 medidor de tensi\u00f3n de cuadrante, 0,1 a 1 n"}]},{"@type":"WebSite","@id":"https:\/\/abaa.mx\/tienda\/#website","url":"https:\/\/abaa.mx\/tienda\/","name":"Abaa tienda online","description":"Instrumentos de medici\u00f3n","publisher":{"@id":"https:\/\/abaa.mx\/tienda\/#organization"},"potentialAction":[{"@type":"SearchAction","target":{"@type":"EntryPoint","urlTemplate":"https:\/\/abaa.mx\/tienda\/?s={search_term_string}"},"query-input":{"@type":"PropertyValueSpecification","valueRequired":true,"valueName":"search_term_string"}}],"inLanguage":"es"},{"@type":"Organization","@id":"https:\/\/abaa.mx\/tienda\/#organization","name":"Abaa tienda online","url":"https:\/\/abaa.mx\/tienda\/","logo":{"@type":"ImageObject","inLanguage":"es","@id":"https:\/\/abaa.mx\/tienda\/#\/schema\/logo\/image\/","url":"https:\/\/abaa.mx\/tienda\/wp-content\/uploads\/2024\/01\/abaa-metrologia-tienda.png","contentUrl":"https:\/\/abaa.mx\/tienda\/wp-content\/uploads\/2024\/01\/abaa-metrologia-tienda.png","width":300,"height":141,"caption":"Abaa tienda online"},"image":{"@id":"https:\/\/abaa.mx\/tienda\/#\/schema\/logo\/image\/"}}]}},"_links":{"self":[{"href":"https:\/\/abaa.mx\/tienda\/wp-json\/wp\/v2\/product\/6625","targetHints":{"allow":["GET"]}}],"collection":[{"href":"https:\/\/abaa.mx\/tienda\/wp-json\/wp\/v2\/product"}],"about":[{"href":"https:\/\/abaa.mx\/tienda\/wp-json\/wp\/v2\/types\/product"}],"replies":[{"embeddable":true,"href":"https:\/\/abaa.mx\/tienda\/wp-json\/wp\/v2\/comments?post=6625"}],"wp:featuredmedia":[{"embeddable":true,"href":"https:\/\/abaa.mx\/tienda\/wp-json\/wp\/v2\/media\/6630"}],"wp:attachment":[{"href":"https:\/\/abaa.mx\/tienda\/wp-json\/wp\/v2\/media?parent=6625"}],"wp:term":[{"taxonomy":"product_brand","embeddable":true,"href":"https:\/\/abaa.mx\/tienda\/wp-json\/wp\/v2\/product_brand?post=6625"},{"taxonomy":"product_cat","embeddable":true,"href":"https:\/\/abaa.mx\/tienda\/wp-json\/wp\/v2\/product_cat?post=6625"},{"taxonomy":"product_tag","embeddable":true,"href":"https:\/\/abaa.mx\/tienda\/wp-json\/wp\/v2\/product_tag?post=6625"}],"curies":[{"name":"wp","href":"https:\/\/api.w.org\/{rel}","templated":true}]}}