{"id":6588,"date":"2023-10-18T19:32:05","date_gmt":"2023-10-18T19:32:05","guid":{"rendered":"https:\/\/abaa.mx\/tienda\/?post_type=product&#038;p=6588"},"modified":"2023-11-17T17:40:34","modified_gmt":"2023-11-17T17:40:34","slug":"mitutoyo-lsm-506s-micrometro-de-escaneo-laser-0-04-a-2-36","status":"publish","type":"product","link":"https:\/\/abaa.mx\/tienda\/mitutoyo-lsm-506s-micrometro-de-escaneo-laser-0-04-a-2-36\/","title":{"rendered":"mitutoyo lsm-506s micr\u00f3metro de escaneo l\u00e1ser, 0.04 a 2.36&#8243;"},"content":{"rendered":"<p>Resistente a entornos de medici\u00f3n dif\u00edciles, este micr\u00f3metro tiene una clasificaci\u00f3n IP64 y puede funcionar en l\u00edneas de producci\u00f3n de alta velocidad.<\/p>\n<p><strong>Funciones<\/strong><\/p>\n<ul>\n<li>Combine el escaneo de alta velocidad con mediciones de alta precisi\u00f3n.<\/li>\n<li>Garantiza una precisi\u00f3n de \u00b13 \u03bcm en todo el rango de medici\u00f3n (de 1 a 60 mm).<\/li>\n<li>Precisi\u00f3n de rango estrecho de \u00b1(1,5 + 0,5 \u0245D) para mediciones de alta precisi\u00f3n.<\/li>\n<li>Una clasificaci\u00f3n IP64 resiste entornos de medici\u00f3n dif\u00edciles, lo que le permite funcionar a altas temperaturas.<\/li>\n<li>Tipo de uso general con un rango de medici\u00f3n de 1 a 60 mm<\/li>\n<li>Proporciona una alta precisi\u00f3n con una linealidad de \u00b13 \u03bcm en todo el rango de medici\u00f3n y \u00b1(1,5 + 0,5 \u2206D)\u03bcm en el rango estrecho.<\/li>\n<li>Excelente repetibilidad de \u00b10,36 \u03bcm.<\/li>\n<\/ul>\n<p><strong>Velocidad de escaneo ultra alta de 3200 escaneos\/segundo<\/strong><\/p>\n<p>La incorporaci\u00f3n de un espejo poligonal de 16 caras y un motor de alta precisi\u00f3n ahora hace posible el escaneo a 3200 escaneos por segundo. Esta formidable capacidad es ideal, por ejemplo, para realizar mediciones en l\u00edneas de producci\u00f3n de alta velocidad o piezas de trabajo vibratorias.<\/p>\n<p><strong>Resistencia mejorada a entornos de nivel IP64<\/strong><\/p>\n<p>Esta unidad de medici\u00f3n ha sido ampliamente desarrollada para resistir entornos de medici\u00f3n dif\u00edciles. Como resultado, por ejemplo, puede funcionar a una temperatura ambiente de 113 \u00b0F (45 \u00b0C).<\/p>\n<p><strong>Aplicaciones:<\/strong><\/p>\n<ul>\n<li>L\u00edneas de producci\u00f3n de alta velocidad.<\/li>\n<li>Automotor.<\/li>\n<li>Defensa.<\/li>\n<li>Electr\u00f3nica.<\/li>\n<li>Fabricaci\u00f3n general.<\/li>\n<li>Pl\u00e1stico y caucho.<\/li>\n<\/ul>\n","protected":false},"excerpt":{"rendered":"<p class=\"short-description mhide ipad-view-setting\">Con altas velocidades de escaneo y mediciones precisas, este micr\u00f3metro de escaneo l\u00e1ser tiene un rango de medici\u00f3n de 0,4 a 2,36&#8243;. Cuenta con una velocidad de escaneo de 3200 escaneos por segundo y realiza mediciones en piezas de trabajo peque\u00f1as y fr\u00e1giles a altas temperaturas, incluso cuando la pieza de trabajo est\u00e1 en movimiento o vibrando.<\/p>\n<div class=\"row-fluid\">\n<div class=\"span12 mobile-pricing-box-padding\">\n<form id=\"518183924\" accept-charset=\"utf-8\" action=\"https:\/\/www.globaltestsupply.com\/shop\/add\" method=\"post\" name=\"addTocartFunction\">\n<div><\/div>\n<\/form>\n<\/div>\n<\/div>\n","protected":false},"featured_media":6600,"comment_status":"open","ping_status":"closed","template":"","meta":{"_joinchat":[]},"product_brand":[],"product_cat":[15],"product_tag":[],"class_list":{"0":"post-6588","1":"product","2":"type-product","3":"status-publish","4":"has-post-thumbnail","6":"product_cat-sin-categorizar","8":"first","9":"instock","10":"shipping-taxable","11":"product-type-simple"},"yoast_head":"<!-- This site is optimized with the Yoast SEO plugin v26.4 - https:\/\/yoast.com\/wordpress\/plugins\/seo\/ -->\n<title>mitutoyo lsm-506s micr\u00f3metro de escaneo l\u00e1ser, 0.04 a 2.36&quot; - Abaa tienda online<\/title>\n<meta name=\"robots\" content=\"index, follow, max-snippet:-1, max-image-preview:large, max-video-preview:-1\" \/>\n<link rel=\"canonical\" href=\"https:\/\/abaa.mx\/tienda\/mitutoyo-lsm-506s-micrometro-de-escaneo-laser-0-04-a-2-36\/\" \/>\n<meta property=\"og:locale\" content=\"es_MX\" \/>\n<meta property=\"og:type\" content=\"article\" \/>\n<meta property=\"og:title\" content=\"mitutoyo lsm-506s micr\u00f3metro de escaneo l\u00e1ser, 0.04 a 2.36&quot; - Abaa tienda online\" \/>\n<meta property=\"og:description\" content=\"Con altas velocidades de escaneo y mediciones precisas, este micr\u00f3metro de escaneo l\u00e1ser tiene un rango de medici\u00f3n de 0,4 a 2,36&quot;. Cuenta con una velocidad de escaneo de 3200 escaneos por segundo y realiza mediciones en piezas de trabajo peque\u00f1as y fr\u00e1giles a altas temperaturas, incluso cuando la pieza de trabajo est\u00e1 en movimiento o vibrando.\" \/>\n<meta property=\"og:url\" content=\"https:\/\/abaa.mx\/tienda\/mitutoyo-lsm-506s-micrometro-de-escaneo-laser-0-04-a-2-36\/\" \/>\n<meta property=\"og:site_name\" content=\"Abaa tienda online\" \/>\n<meta property=\"article:modified_time\" content=\"2023-11-17T17:40:34+00:00\" \/>\n<meta property=\"og:image\" content=\"https:\/\/abaa.mx\/tienda\/wp-content\/uploads\/2023\/10\/544-538.jpg\" \/>\n\t<meta property=\"og:image:width\" content=\"250\" \/>\n\t<meta property=\"og:image:height\" content=\"250\" \/>\n\t<meta property=\"og:image:type\" content=\"image\/jpeg\" \/>\n<meta name=\"twitter:card\" content=\"summary_large_image\" \/>\n<meta name=\"twitter:label1\" content=\"Tiempo de lectura\" \/>\n\t<meta name=\"twitter:data1\" content=\"2 minutos\" \/>\n<script type=\"application\/ld+json\" class=\"yoast-schema-graph\">{\"@context\":\"https:\/\/schema.org\",\"@graph\":[{\"@type\":\"WebPage\",\"@id\":\"https:\/\/abaa.mx\/tienda\/mitutoyo-lsm-506s-micrometro-de-escaneo-laser-0-04-a-2-36\/\",\"url\":\"https:\/\/abaa.mx\/tienda\/mitutoyo-lsm-506s-micrometro-de-escaneo-laser-0-04-a-2-36\/\",\"name\":\"mitutoyo lsm-506s micr\u00f3metro de escaneo l\u00e1ser, 0.04 a 2.36\\\" - Abaa tienda online\",\"isPartOf\":{\"@id\":\"https:\/\/abaa.mx\/tienda\/#website\"},\"primaryImageOfPage\":{\"@id\":\"https:\/\/abaa.mx\/tienda\/mitutoyo-lsm-506s-micrometro-de-escaneo-laser-0-04-a-2-36\/#primaryimage\"},\"image\":{\"@id\":\"https:\/\/abaa.mx\/tienda\/mitutoyo-lsm-506s-micrometro-de-escaneo-laser-0-04-a-2-36\/#primaryimage\"},\"thumbnailUrl\":\"https:\/\/abaa.mx\/tienda\/wp-content\/uploads\/2023\/10\/544-538.jpg\",\"datePublished\":\"2023-10-18T19:32:05+00:00\",\"dateModified\":\"2023-11-17T17:40:34+00:00\",\"breadcrumb\":{\"@id\":\"https:\/\/abaa.mx\/tienda\/mitutoyo-lsm-506s-micrometro-de-escaneo-laser-0-04-a-2-36\/#breadcrumb\"},\"inLanguage\":\"es\",\"potentialAction\":[{\"@type\":\"ReadAction\",\"target\":[\"https:\/\/abaa.mx\/tienda\/mitutoyo-lsm-506s-micrometro-de-escaneo-laser-0-04-a-2-36\/\"]}]},{\"@type\":\"ImageObject\",\"inLanguage\":\"es\",\"@id\":\"https:\/\/abaa.mx\/tienda\/mitutoyo-lsm-506s-micrometro-de-escaneo-laser-0-04-a-2-36\/#primaryimage\",\"url\":\"https:\/\/abaa.mx\/tienda\/wp-content\/uploads\/2023\/10\/544-538.jpg\",\"contentUrl\":\"https:\/\/abaa.mx\/tienda\/wp-content\/uploads\/2023\/10\/544-538.jpg\",\"width\":250,\"height\":250,\"caption\":\"544-538\"},{\"@type\":\"BreadcrumbList\",\"@id\":\"https:\/\/abaa.mx\/tienda\/mitutoyo-lsm-506s-micrometro-de-escaneo-laser-0-04-a-2-36\/#breadcrumb\",\"itemListElement\":[{\"@type\":\"ListItem\",\"position\":1,\"name\":\"Inicio\",\"item\":\"https:\/\/abaa.mx\/tienda\/\"},{\"@type\":\"ListItem\",\"position\":2,\"name\":\"Tienda\",\"item\":\"https:\/\/abaa.mx\/tienda\/\"},{\"@type\":\"ListItem\",\"position\":3,\"name\":\"mitutoyo lsm-506s micr\u00f3metro de escaneo l\u00e1ser, 0.04 a 2.36&#8243;\"}]},{\"@type\":\"WebSite\",\"@id\":\"https:\/\/abaa.mx\/tienda\/#website\",\"url\":\"https:\/\/abaa.mx\/tienda\/\",\"name\":\"Abaa tienda online\",\"description\":\"Instrumentos de medici\u00f3n\",\"publisher\":{\"@id\":\"https:\/\/abaa.mx\/tienda\/#organization\"},\"potentialAction\":[{\"@type\":\"SearchAction\",\"target\":{\"@type\":\"EntryPoint\",\"urlTemplate\":\"https:\/\/abaa.mx\/tienda\/?s={search_term_string}\"},\"query-input\":{\"@type\":\"PropertyValueSpecification\",\"valueRequired\":true,\"valueName\":\"search_term_string\"}}],\"inLanguage\":\"es\"},{\"@type\":\"Organization\",\"@id\":\"https:\/\/abaa.mx\/tienda\/#organization\",\"name\":\"Abaa tienda online\",\"url\":\"https:\/\/abaa.mx\/tienda\/\",\"logo\":{\"@type\":\"ImageObject\",\"inLanguage\":\"es\",\"@id\":\"https:\/\/abaa.mx\/tienda\/#\/schema\/logo\/image\/\",\"url\":\"https:\/\/abaa.mx\/tienda\/wp-content\/uploads\/2024\/01\/abaa-metrologia-tienda.png\",\"contentUrl\":\"https:\/\/abaa.mx\/tienda\/wp-content\/uploads\/2024\/01\/abaa-metrologia-tienda.png\",\"width\":300,\"height\":141,\"caption\":\"Abaa tienda online\"},\"image\":{\"@id\":\"https:\/\/abaa.mx\/tienda\/#\/schema\/logo\/image\/\"}}]}<\/script>\n<!-- \/ Yoast SEO plugin. -->","yoast_head_json":{"title":"mitutoyo lsm-506s micr\u00f3metro de escaneo l\u00e1ser, 0.04 a 2.36\" - Abaa tienda online","robots":{"index":"index","follow":"follow","max-snippet":"max-snippet:-1","max-image-preview":"max-image-preview:large","max-video-preview":"max-video-preview:-1"},"canonical":"https:\/\/abaa.mx\/tienda\/mitutoyo-lsm-506s-micrometro-de-escaneo-laser-0-04-a-2-36\/","og_locale":"es_MX","og_type":"article","og_title":"mitutoyo lsm-506s micr\u00f3metro de escaneo l\u00e1ser, 0.04 a 2.36\" - Abaa tienda online","og_description":"Con altas velocidades de escaneo y mediciones precisas, este micr\u00f3metro de escaneo l\u00e1ser tiene un rango de medici\u00f3n de 0,4 a 2,36\". Cuenta con una velocidad de escaneo de 3200 escaneos por segundo y realiza mediciones en piezas de trabajo peque\u00f1as y fr\u00e1giles a altas temperaturas, incluso cuando la pieza de trabajo est\u00e1 en movimiento o vibrando.","og_url":"https:\/\/abaa.mx\/tienda\/mitutoyo-lsm-506s-micrometro-de-escaneo-laser-0-04-a-2-36\/","og_site_name":"Abaa tienda online","article_modified_time":"2023-11-17T17:40:34+00:00","og_image":[{"width":250,"height":250,"url":"https:\/\/abaa.mx\/tienda\/wp-content\/uploads\/2023\/10\/544-538.jpg","type":"image\/jpeg"}],"twitter_card":"summary_large_image","twitter_misc":{"Tiempo de lectura":"2 minutos"},"schema":{"@context":"https:\/\/schema.org","@graph":[{"@type":"WebPage","@id":"https:\/\/abaa.mx\/tienda\/mitutoyo-lsm-506s-micrometro-de-escaneo-laser-0-04-a-2-36\/","url":"https:\/\/abaa.mx\/tienda\/mitutoyo-lsm-506s-micrometro-de-escaneo-laser-0-04-a-2-36\/","name":"mitutoyo lsm-506s micr\u00f3metro de escaneo l\u00e1ser, 0.04 a 2.36\" - Abaa tienda online","isPartOf":{"@id":"https:\/\/abaa.mx\/tienda\/#website"},"primaryImageOfPage":{"@id":"https:\/\/abaa.mx\/tienda\/mitutoyo-lsm-506s-micrometro-de-escaneo-laser-0-04-a-2-36\/#primaryimage"},"image":{"@id":"https:\/\/abaa.mx\/tienda\/mitutoyo-lsm-506s-micrometro-de-escaneo-laser-0-04-a-2-36\/#primaryimage"},"thumbnailUrl":"https:\/\/abaa.mx\/tienda\/wp-content\/uploads\/2023\/10\/544-538.jpg","datePublished":"2023-10-18T19:32:05+00:00","dateModified":"2023-11-17T17:40:34+00:00","breadcrumb":{"@id":"https:\/\/abaa.mx\/tienda\/mitutoyo-lsm-506s-micrometro-de-escaneo-laser-0-04-a-2-36\/#breadcrumb"},"inLanguage":"es","potentialAction":[{"@type":"ReadAction","target":["https:\/\/abaa.mx\/tienda\/mitutoyo-lsm-506s-micrometro-de-escaneo-laser-0-04-a-2-36\/"]}]},{"@type":"ImageObject","inLanguage":"es","@id":"https:\/\/abaa.mx\/tienda\/mitutoyo-lsm-506s-micrometro-de-escaneo-laser-0-04-a-2-36\/#primaryimage","url":"https:\/\/abaa.mx\/tienda\/wp-content\/uploads\/2023\/10\/544-538.jpg","contentUrl":"https:\/\/abaa.mx\/tienda\/wp-content\/uploads\/2023\/10\/544-538.jpg","width":250,"height":250,"caption":"544-538"},{"@type":"BreadcrumbList","@id":"https:\/\/abaa.mx\/tienda\/mitutoyo-lsm-506s-micrometro-de-escaneo-laser-0-04-a-2-36\/#breadcrumb","itemListElement":[{"@type":"ListItem","position":1,"name":"Inicio","item":"https:\/\/abaa.mx\/tienda\/"},{"@type":"ListItem","position":2,"name":"Tienda","item":"https:\/\/abaa.mx\/tienda\/"},{"@type":"ListItem","position":3,"name":"mitutoyo lsm-506s micr\u00f3metro de escaneo l\u00e1ser, 0.04 a 2.36&#8243;"}]},{"@type":"WebSite","@id":"https:\/\/abaa.mx\/tienda\/#website","url":"https:\/\/abaa.mx\/tienda\/","name":"Abaa tienda online","description":"Instrumentos de medici\u00f3n","publisher":{"@id":"https:\/\/abaa.mx\/tienda\/#organization"},"potentialAction":[{"@type":"SearchAction","target":{"@type":"EntryPoint","urlTemplate":"https:\/\/abaa.mx\/tienda\/?s={search_term_string}"},"query-input":{"@type":"PropertyValueSpecification","valueRequired":true,"valueName":"search_term_string"}}],"inLanguage":"es"},{"@type":"Organization","@id":"https:\/\/abaa.mx\/tienda\/#organization","name":"Abaa tienda online","url":"https:\/\/abaa.mx\/tienda\/","logo":{"@type":"ImageObject","inLanguage":"es","@id":"https:\/\/abaa.mx\/tienda\/#\/schema\/logo\/image\/","url":"https:\/\/abaa.mx\/tienda\/wp-content\/uploads\/2024\/01\/abaa-metrologia-tienda.png","contentUrl":"https:\/\/abaa.mx\/tienda\/wp-content\/uploads\/2024\/01\/abaa-metrologia-tienda.png","width":300,"height":141,"caption":"Abaa tienda online"},"image":{"@id":"https:\/\/abaa.mx\/tienda\/#\/schema\/logo\/image\/"}}]}},"_links":{"self":[{"href":"https:\/\/abaa.mx\/tienda\/wp-json\/wp\/v2\/product\/6588","targetHints":{"allow":["GET"]}}],"collection":[{"href":"https:\/\/abaa.mx\/tienda\/wp-json\/wp\/v2\/product"}],"about":[{"href":"https:\/\/abaa.mx\/tienda\/wp-json\/wp\/v2\/types\/product"}],"replies":[{"embeddable":true,"href":"https:\/\/abaa.mx\/tienda\/wp-json\/wp\/v2\/comments?post=6588"}],"wp:featuredmedia":[{"embeddable":true,"href":"https:\/\/abaa.mx\/tienda\/wp-json\/wp\/v2\/media\/6600"}],"wp:attachment":[{"href":"https:\/\/abaa.mx\/tienda\/wp-json\/wp\/v2\/media?parent=6588"}],"wp:term":[{"taxonomy":"product_brand","embeddable":true,"href":"https:\/\/abaa.mx\/tienda\/wp-json\/wp\/v2\/product_brand?post=6588"},{"taxonomy":"product_cat","embeddable":true,"href":"https:\/\/abaa.mx\/tienda\/wp-json\/wp\/v2\/product_cat?post=6588"},{"taxonomy":"product_tag","embeddable":true,"href":"https:\/\/abaa.mx\/tienda\/wp-json\/wp\/v2\/product_tag?post=6588"}],"curies":[{"name":"wp","href":"https:\/\/api.w.org\/{rel}","templated":true}]}}