{"id":6586,"date":"2023-10-18T19:29:35","date_gmt":"2023-10-18T19:29:35","guid":{"rendered":"https:\/\/abaa.mx\/tienda\/?post_type=product&#038;p=6586"},"modified":"2023-10-18T19:29:35","modified_gmt":"2023-10-18T19:29:35","slug":"mitutoyo-lsm-501s-micrometro-de-escaneo-laser-0-002-a-0-4","status":"publish","type":"product","link":"https:\/\/abaa.mx\/tienda\/mitutoyo-lsm-501s-micrometro-de-escaneo-laser-0-002-a-0-4\/","title":{"rendered":"mitutoyo lsm-501s micr\u00f3metro de escaneo l\u00e1ser, 0.002 a 0.4&#8243;"},"content":{"rendered":"<p>Resistente a entornos de medici\u00f3n dif\u00edciles, este micr\u00f3metro tiene una clasificaci\u00f3n IP64 y puede funcionar en l\u00edneas de producci\u00f3n de alta velocidad.<\/p>\n<p><strong>Funciones<\/strong><\/p>\n<ul>\n<li>Combina escaneo de alta velocidad con mediciones de alta precisi\u00f3n<\/li>\n<li>Precisi\u00f3n de rango estrecho de \u00b1(0,3 + 0,1 \u0394D)\u03bcm para mediciones de alta precisi\u00f3n<\/li>\n<li>Proporciona una precisi\u00f3n ultra alta de \u00b10,5 \u03bcm en todo el rango de medici\u00f3n (0,05 a 10 mm)<\/li>\n<li>Una clasificaci\u00f3n IP64 resiste entornos de medici\u00f3n dif\u00edciles, lo que le permite funcionar a altas temperaturas<\/li>\n<li>La precisi\u00f3n especificada en todo el rango de medici\u00f3n est\u00e1 certificada por el &#8220;Sistema de Trazabilidad seg\u00fan el Est\u00e1ndar Internacional&#8221;<\/li>\n<li>Proporciona una precisi\u00f3n ultra alta con una linealidad de \u00b10,5 \u03bcm en todo el rango de medici\u00f3n (0,05 a 10 mm) y \u00b1 (0,3 + 0,1 \u2206D) \u03bcm en el rango estrecho.<\/li>\n<li>Repetibilidad ultra alta de \u00b10,04 \u03bcm<\/li>\n<\/ul>\n<p><strong>Velocidad de escaneo ultra alta de 3200 escaneos\/segundo<\/strong><\/p>\n<p>La incorporaci\u00f3n de un espejo poligonal de 16 caras y un motor de alta precisi\u00f3n ahora hace posible el escaneo a 3200 escaneos por segundo. Esta formidable capacidad es ideal, por ejemplo, para realizar mediciones en l\u00edneas de producci\u00f3n de alta velocidad o piezas de trabajo vibratorias.<\/p>\n<p><strong>Resistencia mejorada a entornos de nivel IP64<\/strong><\/p>\n<p>Esta unidad de medici\u00f3n ha sido ampliamente desarrollada para resistir entornos de medici\u00f3n dif\u00edciles. Como resultado, por ejemplo, puede funcionar a una temperatura ambiente de 113 \u00b0F (45 \u00b0C).<\/p>\n<p><strong>Aplicaciones<\/strong><\/p>\n<ul>\n<li>L\u00edneas de producci\u00f3n de alta velocidad<\/li>\n<li>Automotor<\/li>\n<li>Defensa<\/li>\n<li>Electr\u00f3nica<\/li>\n<li>Fabricaci\u00f3n general<\/li>\n<li>Pl\u00e1stico y caucho<\/li>\n<\/ul>\n<h4>Mitutoyo 544-534 Especificaciones<\/h4>\n<table class=\"table table-striped\">\n<tbody>\n<tr>\n<td>Medici\u00f3n<\/td>\n<td>Rango: 0,002 a 0,4&#8243; (0,05 a 10 mm) Regi\u00f3n: 0,08 x 0,4&#8243; a \u00f80,002 a 0,004&#8243; (2 x 10 mm a \u00f80,05 a 0,1 mm) 0,16 x 0,4&#8243; a \u00f80,004 a 0,4&#8243; (4 x 10 mm a \u00f80,1 a 10 mm)<\/td>\n<\/tr>\n<tr>\n<td>Resoluci\u00f3n (seleccionable)<\/td>\n<td>0,000001 a 0,0005&#8243; (0,00001 a 0,01 mm)<\/td>\n<\/tr>\n<tr>\n<td>Repetibilidad<\/td>\n<td>\u00b11,5 \u03bcin (\u00b10,04 \u03bcm)<\/td>\n<\/tr>\n<tr>\n<td>Linealidad a 68\u00b0 (20\u00b0C)<\/td>\n<td>Rango completo: \u00b120 \u03bcin (\u00b10,5 \u03bcm) Rango estrecho: \u00b1(0,3 + 0,1 \u2206D)<br \/>\n\u03bcm<\/td>\n<\/tr>\n<tr>\n<td>Error posicional<\/td>\n<td>\u00b120 \u03bcin (\u00b10,5 \u03bcm)<\/td>\n<\/tr>\n<tr>\n<td>Velocidad de escaneo<\/td>\n<td>3200 escaneos por segundo<\/td>\n<\/tr>\n<tr>\n<td>L\u00e1ser<\/td>\n<td>Longitud de onda: 650 nm, visible<br \/>\nVelocidad de escaneo: 4450&#8243;\/s (113 m\/s)<\/td>\n<\/tr>\n<tr>\n<td>Operativo<\/td>\n<td>Temperatura: 32 a 104 \u00b0F (0 a 40 \u00b0C) Humedad: 35 a 85% HR (sin condensaci\u00f3n)<\/td>\n<\/tr>\n<tr>\n<td>Grado de protecci\u00f3n contra el agua y el polvo<\/td>\n<td>Conforme a IP64<\/td>\n<\/tr>\n<tr>\n<td>Est\u00e1ndar aceptable de l\u00e1ser<\/td>\n<td>IEC, FDA<\/td>\n<\/tr>\n<tr>\n<td>Dimensiones<\/td>\n<td>230 x 104 x 64 mm (9,06 x 4,09 x 2,52&#8243;)<\/td>\n<\/tr>\n<tr>\n<td>Peso<\/td>\n<td>Unidad de emisi\u00f3n: 0,7 kg (1,54 lb) Unidad de recepci\u00f3n: 0,4 kg (0,88 lb) Base: 0,3 kg (0,66 lb) Cable de se\u00f1al: 0,5 kg (1,1 lb)<\/td>\n<\/tr>\n<\/tbody>\n<\/table>\n","protected":false},"excerpt":{"rendered":"<p class=\"short-description mhide ipad-view-setting\">Con altas velocidades de escaneo y mediciones precisas, este micr\u00f3metro de escaneo l\u00e1ser tiene un rango de medici\u00f3n de 0,002 a 0,4&#8243;. Cuenta con una velocidad de escaneo de 3200 escaneos por segundo y realiza mediciones en piezas de trabajo peque\u00f1as y fr\u00e1giles a altas temperaturas, incluso cuando la pieza de trabajo est\u00e1 en movimiento o vibrando.<\/p>\n<p class=\"comment-tag-product\">\n<div class=\"row-fluid\">\n<div class=\"span12 mobile-pricing-box-padding\">\n<form id=\"518183922\" accept-charset=\"utf-8\" action=\"https:\/\/www.globaltestsupply.com\/shop\/add\" method=\"post\" name=\"addTocartFunction\">\n<div><\/div>\n<\/form>\n<\/div>\n<\/div>\n","protected":false},"featured_media":6598,"comment_status":"open","ping_status":"closed","template":"","meta":{"_joinchat":[]},"product_brand":[],"product_cat":[15],"product_tag":[],"class_list":{"0":"post-6586","1":"product","2":"type-product","3":"status-publish","4":"has-post-thumbnail","6":"product_cat-sin-categorizar","8":"first","9":"instock","10":"shipping-taxable","11":"product-type-simple"},"yoast_head":"<!-- This site is optimized with the Yoast SEO plugin v26.4 - https:\/\/yoast.com\/wordpress\/plugins\/seo\/ -->\n<title>mitutoyo lsm-501s micr\u00f3metro de escaneo l\u00e1ser, 0.002 a 0.4&quot; - Abaa tienda online<\/title>\n<meta name=\"robots\" content=\"index, follow, max-snippet:-1, max-image-preview:large, max-video-preview:-1\" \/>\n<link rel=\"canonical\" href=\"https:\/\/abaa.mx\/tienda\/mitutoyo-lsm-501s-micrometro-de-escaneo-laser-0-002-a-0-4\/\" \/>\n<meta property=\"og:locale\" content=\"es_MX\" \/>\n<meta property=\"og:type\" content=\"article\" \/>\n<meta property=\"og:title\" content=\"mitutoyo lsm-501s micr\u00f3metro de escaneo l\u00e1ser, 0.002 a 0.4&quot; - Abaa tienda online\" \/>\n<meta property=\"og:description\" content=\"Con altas velocidades de escaneo y mediciones precisas, este micr\u00f3metro de escaneo l\u00e1ser tiene un rango de medici\u00f3n de 0,002 a 0,4&quot;. Cuenta con una velocidad de escaneo de 3200 escaneos por segundo y realiza mediciones en piezas de trabajo peque\u00f1as y fr\u00e1giles a altas temperaturas, incluso cuando la pieza de trabajo est\u00e1 en movimiento o vibrando.\" \/>\n<meta property=\"og:url\" content=\"https:\/\/abaa.mx\/tienda\/mitutoyo-lsm-501s-micrometro-de-escaneo-laser-0-002-a-0-4\/\" \/>\n<meta property=\"og:site_name\" content=\"Abaa tienda online\" \/>\n<meta property=\"og:image\" content=\"https:\/\/abaa.mx\/tienda\/wp-content\/uploads\/2023\/10\/544-534.jpg\" \/>\n\t<meta property=\"og:image:width\" content=\"474\" \/>\n\t<meta property=\"og:image:height\" content=\"474\" \/>\n\t<meta property=\"og:image:type\" content=\"image\/jpeg\" \/>\n<meta name=\"twitter:card\" content=\"summary_large_image\" \/>\n<meta name=\"twitter:label1\" content=\"Tiempo de lectura\" \/>\n\t<meta name=\"twitter:data1\" content=\"2 minutos\" \/>\n<script type=\"application\/ld+json\" class=\"yoast-schema-graph\">{\"@context\":\"https:\/\/schema.org\",\"@graph\":[{\"@type\":\"WebPage\",\"@id\":\"https:\/\/abaa.mx\/tienda\/mitutoyo-lsm-501s-micrometro-de-escaneo-laser-0-002-a-0-4\/\",\"url\":\"https:\/\/abaa.mx\/tienda\/mitutoyo-lsm-501s-micrometro-de-escaneo-laser-0-002-a-0-4\/\",\"name\":\"mitutoyo lsm-501s micr\u00f3metro de escaneo l\u00e1ser, 0.002 a 0.4\\\" - Abaa tienda online\",\"isPartOf\":{\"@id\":\"https:\/\/abaa.mx\/tienda\/#website\"},\"primaryImageOfPage\":{\"@id\":\"https:\/\/abaa.mx\/tienda\/mitutoyo-lsm-501s-micrometro-de-escaneo-laser-0-002-a-0-4\/#primaryimage\"},\"image\":{\"@id\":\"https:\/\/abaa.mx\/tienda\/mitutoyo-lsm-501s-micrometro-de-escaneo-laser-0-002-a-0-4\/#primaryimage\"},\"thumbnailUrl\":\"https:\/\/abaa.mx\/tienda\/wp-content\/uploads\/2023\/10\/544-534.jpg\",\"datePublished\":\"2023-10-18T19:29:35+00:00\",\"breadcrumb\":{\"@id\":\"https:\/\/abaa.mx\/tienda\/mitutoyo-lsm-501s-micrometro-de-escaneo-laser-0-002-a-0-4\/#breadcrumb\"},\"inLanguage\":\"es\",\"potentialAction\":[{\"@type\":\"ReadAction\",\"target\":[\"https:\/\/abaa.mx\/tienda\/mitutoyo-lsm-501s-micrometro-de-escaneo-laser-0-002-a-0-4\/\"]}]},{\"@type\":\"ImageObject\",\"inLanguage\":\"es\",\"@id\":\"https:\/\/abaa.mx\/tienda\/mitutoyo-lsm-501s-micrometro-de-escaneo-laser-0-002-a-0-4\/#primaryimage\",\"url\":\"https:\/\/abaa.mx\/tienda\/wp-content\/uploads\/2023\/10\/544-534.jpg\",\"contentUrl\":\"https:\/\/abaa.mx\/tienda\/wp-content\/uploads\/2023\/10\/544-534.jpg\",\"width\":474,\"height\":474,\"caption\":\"544-534\"},{\"@type\":\"BreadcrumbList\",\"@id\":\"https:\/\/abaa.mx\/tienda\/mitutoyo-lsm-501s-micrometro-de-escaneo-laser-0-002-a-0-4\/#breadcrumb\",\"itemListElement\":[{\"@type\":\"ListItem\",\"position\":1,\"name\":\"Inicio\",\"item\":\"https:\/\/abaa.mx\/tienda\/\"},{\"@type\":\"ListItem\",\"position\":2,\"name\":\"Tienda\",\"item\":\"https:\/\/abaa.mx\/tienda\/\"},{\"@type\":\"ListItem\",\"position\":3,\"name\":\"mitutoyo lsm-501s micr\u00f3metro de escaneo l\u00e1ser, 0.002 a 0.4&#8243;\"}]},{\"@type\":\"WebSite\",\"@id\":\"https:\/\/abaa.mx\/tienda\/#website\",\"url\":\"https:\/\/abaa.mx\/tienda\/\",\"name\":\"Abaa tienda online\",\"description\":\"Instrumentos de medici\u00f3n\",\"publisher\":{\"@id\":\"https:\/\/abaa.mx\/tienda\/#organization\"},\"potentialAction\":[{\"@type\":\"SearchAction\",\"target\":{\"@type\":\"EntryPoint\",\"urlTemplate\":\"https:\/\/abaa.mx\/tienda\/?s={search_term_string}\"},\"query-input\":{\"@type\":\"PropertyValueSpecification\",\"valueRequired\":true,\"valueName\":\"search_term_string\"}}],\"inLanguage\":\"es\"},{\"@type\":\"Organization\",\"@id\":\"https:\/\/abaa.mx\/tienda\/#organization\",\"name\":\"Abaa tienda online\",\"url\":\"https:\/\/abaa.mx\/tienda\/\",\"logo\":{\"@type\":\"ImageObject\",\"inLanguage\":\"es\",\"@id\":\"https:\/\/abaa.mx\/tienda\/#\/schema\/logo\/image\/\",\"url\":\"https:\/\/abaa.mx\/tienda\/wp-content\/uploads\/2024\/01\/abaa-metrologia-tienda.png\",\"contentUrl\":\"https:\/\/abaa.mx\/tienda\/wp-content\/uploads\/2024\/01\/abaa-metrologia-tienda.png\",\"width\":300,\"height\":141,\"caption\":\"Abaa tienda online\"},\"image\":{\"@id\":\"https:\/\/abaa.mx\/tienda\/#\/schema\/logo\/image\/\"}}]}<\/script>\n<!-- \/ Yoast SEO plugin. -->","yoast_head_json":{"title":"mitutoyo lsm-501s micr\u00f3metro de escaneo l\u00e1ser, 0.002 a 0.4\" - Abaa tienda online","robots":{"index":"index","follow":"follow","max-snippet":"max-snippet:-1","max-image-preview":"max-image-preview:large","max-video-preview":"max-video-preview:-1"},"canonical":"https:\/\/abaa.mx\/tienda\/mitutoyo-lsm-501s-micrometro-de-escaneo-laser-0-002-a-0-4\/","og_locale":"es_MX","og_type":"article","og_title":"mitutoyo lsm-501s micr\u00f3metro de escaneo l\u00e1ser, 0.002 a 0.4\" - Abaa tienda online","og_description":"Con altas velocidades de escaneo y mediciones precisas, este micr\u00f3metro de escaneo l\u00e1ser tiene un rango de medici\u00f3n de 0,002 a 0,4\". Cuenta con una velocidad de escaneo de 3200 escaneos por segundo y realiza mediciones en piezas de trabajo peque\u00f1as y fr\u00e1giles a altas temperaturas, incluso cuando la pieza de trabajo est\u00e1 en movimiento o vibrando.","og_url":"https:\/\/abaa.mx\/tienda\/mitutoyo-lsm-501s-micrometro-de-escaneo-laser-0-002-a-0-4\/","og_site_name":"Abaa tienda online","og_image":[{"width":474,"height":474,"url":"https:\/\/abaa.mx\/tienda\/wp-content\/uploads\/2023\/10\/544-534.jpg","type":"image\/jpeg"}],"twitter_card":"summary_large_image","twitter_misc":{"Tiempo de lectura":"2 minutos"},"schema":{"@context":"https:\/\/schema.org","@graph":[{"@type":"WebPage","@id":"https:\/\/abaa.mx\/tienda\/mitutoyo-lsm-501s-micrometro-de-escaneo-laser-0-002-a-0-4\/","url":"https:\/\/abaa.mx\/tienda\/mitutoyo-lsm-501s-micrometro-de-escaneo-laser-0-002-a-0-4\/","name":"mitutoyo lsm-501s micr\u00f3metro de escaneo l\u00e1ser, 0.002 a 0.4\" - Abaa tienda online","isPartOf":{"@id":"https:\/\/abaa.mx\/tienda\/#website"},"primaryImageOfPage":{"@id":"https:\/\/abaa.mx\/tienda\/mitutoyo-lsm-501s-micrometro-de-escaneo-laser-0-002-a-0-4\/#primaryimage"},"image":{"@id":"https:\/\/abaa.mx\/tienda\/mitutoyo-lsm-501s-micrometro-de-escaneo-laser-0-002-a-0-4\/#primaryimage"},"thumbnailUrl":"https:\/\/abaa.mx\/tienda\/wp-content\/uploads\/2023\/10\/544-534.jpg","datePublished":"2023-10-18T19:29:35+00:00","breadcrumb":{"@id":"https:\/\/abaa.mx\/tienda\/mitutoyo-lsm-501s-micrometro-de-escaneo-laser-0-002-a-0-4\/#breadcrumb"},"inLanguage":"es","potentialAction":[{"@type":"ReadAction","target":["https:\/\/abaa.mx\/tienda\/mitutoyo-lsm-501s-micrometro-de-escaneo-laser-0-002-a-0-4\/"]}]},{"@type":"ImageObject","inLanguage":"es","@id":"https:\/\/abaa.mx\/tienda\/mitutoyo-lsm-501s-micrometro-de-escaneo-laser-0-002-a-0-4\/#primaryimage","url":"https:\/\/abaa.mx\/tienda\/wp-content\/uploads\/2023\/10\/544-534.jpg","contentUrl":"https:\/\/abaa.mx\/tienda\/wp-content\/uploads\/2023\/10\/544-534.jpg","width":474,"height":474,"caption":"544-534"},{"@type":"BreadcrumbList","@id":"https:\/\/abaa.mx\/tienda\/mitutoyo-lsm-501s-micrometro-de-escaneo-laser-0-002-a-0-4\/#breadcrumb","itemListElement":[{"@type":"ListItem","position":1,"name":"Inicio","item":"https:\/\/abaa.mx\/tienda\/"},{"@type":"ListItem","position":2,"name":"Tienda","item":"https:\/\/abaa.mx\/tienda\/"},{"@type":"ListItem","position":3,"name":"mitutoyo lsm-501s micr\u00f3metro de escaneo l\u00e1ser, 0.002 a 0.4&#8243;"}]},{"@type":"WebSite","@id":"https:\/\/abaa.mx\/tienda\/#website","url":"https:\/\/abaa.mx\/tienda\/","name":"Abaa tienda online","description":"Instrumentos de medici\u00f3n","publisher":{"@id":"https:\/\/abaa.mx\/tienda\/#organization"},"potentialAction":[{"@type":"SearchAction","target":{"@type":"EntryPoint","urlTemplate":"https:\/\/abaa.mx\/tienda\/?s={search_term_string}"},"query-input":{"@type":"PropertyValueSpecification","valueRequired":true,"valueName":"search_term_string"}}],"inLanguage":"es"},{"@type":"Organization","@id":"https:\/\/abaa.mx\/tienda\/#organization","name":"Abaa tienda online","url":"https:\/\/abaa.mx\/tienda\/","logo":{"@type":"ImageObject","inLanguage":"es","@id":"https:\/\/abaa.mx\/tienda\/#\/schema\/logo\/image\/","url":"https:\/\/abaa.mx\/tienda\/wp-content\/uploads\/2024\/01\/abaa-metrologia-tienda.png","contentUrl":"https:\/\/abaa.mx\/tienda\/wp-content\/uploads\/2024\/01\/abaa-metrologia-tienda.png","width":300,"height":141,"caption":"Abaa tienda online"},"image":{"@id":"https:\/\/abaa.mx\/tienda\/#\/schema\/logo\/image\/"}}]}},"_links":{"self":[{"href":"https:\/\/abaa.mx\/tienda\/wp-json\/wp\/v2\/product\/6586","targetHints":{"allow":["GET"]}}],"collection":[{"href":"https:\/\/abaa.mx\/tienda\/wp-json\/wp\/v2\/product"}],"about":[{"href":"https:\/\/abaa.mx\/tienda\/wp-json\/wp\/v2\/types\/product"}],"replies":[{"embeddable":true,"href":"https:\/\/abaa.mx\/tienda\/wp-json\/wp\/v2\/comments?post=6586"}],"wp:featuredmedia":[{"embeddable":true,"href":"https:\/\/abaa.mx\/tienda\/wp-json\/wp\/v2\/media\/6598"}],"wp:attachment":[{"href":"https:\/\/abaa.mx\/tienda\/wp-json\/wp\/v2\/media?parent=6586"}],"wp:term":[{"taxonomy":"product_brand","embeddable":true,"href":"https:\/\/abaa.mx\/tienda\/wp-json\/wp\/v2\/product_brand?post=6586"},{"taxonomy":"product_cat","embeddable":true,"href":"https:\/\/abaa.mx\/tienda\/wp-json\/wp\/v2\/product_cat?post=6586"},{"taxonomy":"product_tag","embeddable":true,"href":"https:\/\/abaa.mx\/tienda\/wp-json\/wp\/v2\/product_tag?post=6586"}],"curies":[{"name":"wp","href":"https:\/\/api.w.org\/{rel}","templated":true}]}}