{"id":6575,"date":"2023-10-18T17:52:58","date_gmt":"2023-10-18T17:52:58","guid":{"rendered":"https:\/\/abaa.mx\/tienda\/?post_type=product&#038;p=6575"},"modified":"2023-10-18T17:52:58","modified_gmt":"2023-10-18T17:52:58","slug":"mitutoyo-lsm-5200-unidad-de-pantalla-compacta-24-v-cc","status":"publish","type":"product","link":"https:\/\/abaa.mx\/tienda\/mitutoyo-lsm-5200-unidad-de-pantalla-compacta-24-v-cc\/","title":{"rendered":"mitutoyo lsm-5200 unidad de pantalla compacta, 24 v cc"},"content":{"rendered":"<div class=\"row-fluid\">\n<div class=\"span12\">\n<div class=\"row-fluid\">\n<div class=\"span10\">\n<div class=\"mhide ipad-view-setting\">\n<div class=\"row-fluid ProductTabs\">\n<div class=\"span12\">\n<div class=\"tab-content\">\n<div id=\"tab0\" class=\"product-tabs tab-pane  active\">\n<p>Simplifique la integraci\u00f3n del sistema con esta pantalla de dise\u00f1o de montaje en panel que admite la detecci\u00f3n de piezas estriadas, segmentos y bordes impares. Adem\u00e1s, esta pantalla proporciona lecturas para dos valores de medici\u00f3n simult\u00e1neamente.<\/p>\n<p><strong>Funciones<\/strong><\/p>\n<ul>\n<li>Muestra mediciones multicanal en tiempo real en una unidad compacta<\/li>\n<li>El dise\u00f1o compacto de montaje en panel simplifica la integraci\u00f3n del sistema<\/li>\n<li>El controlador se puede utilizar para configuraciones de sistemas de varias unidades para mayor versatilidad<\/li>\n<li>Conexi\u00f3n sencilla a un PC a trav\u00e9s de un cable USB<\/li>\n<li>E\/S est\u00e1ndar e interfaz de salida anal\u00f3gica para conectarlo a un controlador de operaci\u00f3n o PLC utilizado en una l\u00ednea de producci\u00f3n<\/li>\n<li>Interfaz RS-232C est\u00e1ndar para la conexi\u00f3n a ordenadores personales o impresoras<\/li>\n<li>Capaz de calcular la media, el m\u00e1ximo, el m\u00ednimo y el rango (m\u00e1ximo a m\u00ednimo)<\/li>\n<li>Se puede seleccionar la medici\u00f3n de segmentos (7 segmentos como m\u00e1ximo) o la medici\u00f3n de bordes (de 1 a 255 bordes)<\/li>\n<li>USB2.0 se proporciona de serie<\/li>\n<li>Se puede seleccionar la media aritm\u00e9tica o la media m\u00f3vil<\/li>\n<li>Funci\u00f3n de juicio de pasar\/no ir<\/li>\n<li>Memoria de configuraci\u00f3n de medici\u00f3n: La configuraci\u00f3n de medici\u00f3n se puede registrar como un programa (1 programa), guardar y recuperar con una sola operaci\u00f3n<\/li>\n<li>Medici\u00f3n del di\u00e1metro de la broca\/fresa (flauta impar): El di\u00e1metro de las brocas o fresas que tienen un n\u00famero impar de ranuras se puede medir cambiando la configuraci\u00f3n de los par\u00e1metros<\/li>\n<li>Detecci\u00f3n autom\u00e1tica de piezas de trabajo: Inicia autom\u00e1ticamente la medici\u00f3n cuando una pieza de trabajo avanza hacia el \u00e1rea de medici\u00f3n especificada<\/li>\n<li>Configuraci\u00f3n del intervalo de salida de datos: Al establecer un intervalo (entre 1 y 999 segundos) para la medici\u00f3n continua por adelantado, la salida de datos se llevar\u00e1 a cabo en cada per\u00edodo de tiempo especificado<\/li>\n<li>C\u00e1lculo estad\u00edstico: Con esta funci\u00f3n, se toman m\u00faltiples mediciones del mismo tipo de pieza, se calculan valores estad\u00edsticos a partir de los resultados de la medici\u00f3n y se ejecuta la evaluaci\u00f3n de la calidad para cada lote<\/li>\n<li>Juicio multil\u00edmite: Adem\u00e1s de los criterios de juicio +NG, GO y -NG, los valores l\u00edmite del l\u00edmite Tambi\u00e9n se puede establecer de 1 a 6<\/li>\n<\/ul>\n<p><strong>Preajuste\/desplazamiento<\/strong><\/p>\n<p>Establece el valor de medici\u00f3n que se muestra actualmente en cero o en un valor num\u00e9rico especificado. Esto es \u00fatil, por ejemplo, si se debe tener en cuenta una diferencia en los di\u00e1metros de un calibre de referencia y una pieza de trabajo en la calibraci\u00f3n, o si se debe medir una dimensi\u00f3n de una pieza de trabajo que excede el rango de medici\u00f3n del LSM.<\/p>\n<p><strong>Masterizaci\u00f3n<\/strong><\/p>\n<p>Para el procesamiento continuo de piezas de trabajo de alta precisi\u00f3n, el ajuste fino del valor preestablecido o de compensaci\u00f3n se denomina masterizaci\u00f3n. Al especificar un valor de masterizaci\u00f3n, la correcci\u00f3n total ser\u00e1 (valor de puesta a cero\/desplazamiento) + (valor de \u00b1masterizaci\u00f3n). Si se especifica un valor de masterizaci\u00f3n positivo, el valor mostrado para una medici\u00f3n del di\u00e1metro de la pieza de trabajo ser\u00e1 mayor que el valor real. Si se especifica un valor negativo, el valor mostrado ser\u00e1 menor que el valor real.<\/p>\n<p><strong>Medici\u00f3n de la muestra<\/strong><\/p>\n<p>En una medici\u00f3n de muestra, el n\u00famero de mediciones se definir\u00e1 (en el rango de 2 a 999) de antemano. A partir de esta muestra, se pueden derivar varios resultados de c\u00e1lculo de medici\u00f3n (media, m\u00e1ximo, m\u00ednimo y rango). Estas mediciones se pueden utilizar para mediciones de descentramiento en una pieza de trabajo giratoria y mediciones de cilindricidad simplificadas.<\/p>\n<p><strong>Media aritm\u00e9tica\/media m\u00f3vil<\/strong><\/p>\n<p>Se proporcionan modos aritm\u00e9ticos\/de media m\u00f3vil para obtener el promedio de los valores de medici\u00f3n. En este tipo de LSM, cualquiera de ellos se puede especificar antes de comenzar la medici\u00f3n. En el modo de promedio aritm\u00e9tico, el n\u00famero de escaneos sobre los que se va a realizar un promedio se puede establecer en uno de los doce pasos entre 1 (0,32 ms) y 2048 (0,64 segundos). En el modo de media m\u00f3vil, el n\u00famero de escaneos se puede establecer en uno de los siete pasos entre 32 (0,01 segundos) y 2048 (0,64 segundos), y el valor de medici\u00f3n se actualizar\u00e1 cada diecis\u00e9is escaneos en y despu\u00e9s de la segunda medici\u00f3n, independientemente del n\u00famero especificado de escaneos para el promedio. Este \u00faltimo modo es adecuado para juzgar la tendencia en el di\u00e1metro o ancho de una pieza de trabajo sin fin, como alambre o cinta a partir de una medici\u00f3n que requiere un per\u00edodo prolongado.<\/p>\n<p><strong>Medici\u00f3n autom\u00e1tica mediante cantos<\/strong><\/p>\n<p>Los bordes creados al escanear una pieza de trabajo se pueden utilizar para programar un LSM. Se puede utilizar un m\u00e1ximo de 127 caracter\u00edsticas de pieza de trabajo y 127 de los espacios entre estas caracter\u00edsticas, lo que implica un total de 255 bordes. Esto es m\u00e1s \u00fatil para medir cosas como cables de chip IC o pines de conector que est\u00e1n aproximadamente igualmente espaciados. Este m\u00e9todo no se puede aplicar a objetos transparentes.<\/p>\n<p><strong>Eliminaci\u00f3n de datos anormales<\/strong><\/p>\n<p>Si un dato supera significativamente el l\u00edmite de tolerancia porque la pieza de trabajo o la unidad de medici\u00f3n est\u00e1 contaminada por una gota de agua, una gota de aceite o polvo, esta funci\u00f3n eliminar\u00e1 autom\u00e1ticamente el dato.<\/p>\n<p><strong>Medici\u00f3n simult\u00e1nea (doble programa)<\/strong><\/p>\n<p>Es posible medir dos elementos simult\u00e1neamente con una unidad de micr\u00f3metro de escaneo l\u00e1ser y generar los datos. Esta funci\u00f3n se puede utilizar para medir simult\u00e1neamente el di\u00e1metro exterior y la desviaci\u00f3n de una barra que es girando, o para medir los di\u00e1metros exteriores de dos cilindros o alambres al mismo tiempo.<\/p>\n<p><strong>Aplicaciones<\/strong><\/p>\n<ul>\n<li>Automotor<\/li>\n<li>Defensa<\/li>\n<li>Electr\u00f3nica<\/li>\n<li>Fabricaci\u00f3n general<\/li>\n<li>Pl\u00e1stico y caucho<\/li>\n<\/ul>\n<h4>Mitutoyo 544-047 Especificaciones<\/h4>\n<table class=\"table table-striped\">\n<tbody>\n<tr>\n<td>Monitor<\/td>\n<td>LED de 9 d\u00edgitos (para medici\u00f3n) y LED de 8 d\u00edgitos (pantalla secundaria)<\/td>\n<\/tr>\n<tr>\n<td>Designaci\u00f3n<\/td>\n<td>Segmentos: Segmento 1 a 7 (Segmento 1 a 3 para objetos transparentes)<br \/>\nBorde: Se pueden detectar de 1 a 255 bordes<\/td>\n<\/tr>\n<tr>\n<td>Promediar tiempos<\/td>\n<td>Media aritm\u00e9tica: Por 1 a 2048 Media m\u00f3vil: Por 32 a 2048<\/td>\n<\/tr>\n<tr>\n<td>Juicio de Pasa\/No Pasa<\/td>\n<td>Ajuste de \u00b1tolerancia del valor nominal, ajuste de los l\u00edmites superior e inferior, ajuste de varios l\u00edmites<\/td>\n<\/tr>\n<tr>\n<td>Modo de medici\u00f3n<\/td>\n<td>En espera, medici\u00f3n \u00fanica, medici\u00f3n continua<\/td>\n<\/tr>\n<tr>\n<td>C\u00e1lculo estad\u00edstico<\/td>\n<td>Disponible cuando se conecta un PC externo a trav\u00e9s de las interfaces RS-232C o USB<\/td>\n<\/tr>\n<tr>\n<td>Salida de datos<\/td>\n<td>Interfaces USB2.0, RS-232C y E\/S anal\u00f3gicas<\/td>\n<\/tr>\n<tr>\n<td>Operativo<\/td>\n<td>Temperatura: 32 a 113 \u00b0F (0 a 45 \u00b0C) Humedad: 35 a 85% HR (sin condensaci\u00f3n)<\/td>\n<\/tr>\n<tr>\n<td>Fuente de alimentaci\u00f3n<\/td>\n<td>24 V CC \u00b110%, 1,3 A (se vende por separado)<\/td>\n<\/tr>\n<tr>\n<td>Dimensiones<\/td>\n<td>217,6 x 144 x 72 mm (8,57 x 5,67 x 2,83&#8243;)<\/td>\n<\/tr>\n<tr>\n<td>Peso<\/td>\n<td>1,4 kg (3,08 libras)<\/td>\n<\/tr>\n<\/tbody>\n<\/table>\n<\/div>\n<\/div>\n<\/div>\n<\/div>\n<\/div>\n<\/div>\n<\/div>\n<\/div>\n<\/div>\n","protected":false},"excerpt":{"rendered":"<p class=\"short-description mhide ipad-view-setting\">Funciona de forma compatible con los micr\u00f3metros de escaneo l\u00e1ser, esta unidad de visualizaci\u00f3n compacta tiene una fuente de alimentaci\u00f3n de 24 V CC y una pantalla multifunci\u00f3n que supervisa los valores de configuraci\u00f3n de forma continua. Al proporcionar lecturas de medici\u00f3n r\u00e1pidas y confiables, esta pantalla tiene funciones de c\u00e1lculo estad\u00edstico y datos anormales.<\/p>\n<p class=\"comment-tag-product\">\n<div class=\"row-fluid\">\n<div class=\"span12 mobile-pricing-box-padding\">\n<form id=\"518183928\" accept-charset=\"utf-8\" action=\"https:\/\/www.globaltestsupply.com\/shop\/add\" method=\"post\" name=\"addTocartFunction\">\n<div><\/div>\n<\/form>\n<\/div>\n<\/div>\n","protected":false},"featured_media":6584,"comment_status":"open","ping_status":"closed","template":"","meta":{"_joinchat":[]},"product_brand":[],"product_cat":[15],"product_tag":[],"class_list":{"0":"post-6575","1":"product","2":"type-product","3":"status-publish","4":"has-post-thumbnail","6":"product_cat-sin-categorizar","8":"first","9":"instock","10":"shipping-taxable","11":"product-type-simple"},"yoast_head":"<!-- This site is optimized with the Yoast SEO plugin v26.4 - https:\/\/yoast.com\/wordpress\/plugins\/seo\/ -->\n<title>mitutoyo lsm-5200 unidad de pantalla compacta, 24 v cc - Abaa tienda online<\/title>\n<meta name=\"robots\" content=\"index, follow, max-snippet:-1, max-image-preview:large, max-video-preview:-1\" \/>\n<link rel=\"canonical\" href=\"https:\/\/abaa.mx\/tienda\/mitutoyo-lsm-5200-unidad-de-pantalla-compacta-24-v-cc\/\" \/>\n<meta property=\"og:locale\" content=\"es_MX\" \/>\n<meta property=\"og:type\" content=\"article\" \/>\n<meta property=\"og:title\" content=\"mitutoyo lsm-5200 unidad de pantalla compacta, 24 v cc - Abaa tienda online\" \/>\n<meta property=\"og:description\" content=\"Funciona de forma compatible con los micr\u00f3metros de escaneo l\u00e1ser, esta unidad de visualizaci\u00f3n compacta tiene una fuente de alimentaci\u00f3n de 24 V CC y una pantalla multifunci\u00f3n que supervisa los valores de configuraci\u00f3n de forma continua. Al proporcionar lecturas de medici\u00f3n r\u00e1pidas y confiables, esta pantalla tiene funciones de c\u00e1lculo estad\u00edstico y datos anormales.\" \/>\n<meta property=\"og:url\" content=\"https:\/\/abaa.mx\/tienda\/mitutoyo-lsm-5200-unidad-de-pantalla-compacta-24-v-cc\/\" \/>\n<meta property=\"og:site_name\" content=\"Abaa tienda online\" \/>\n<meta property=\"og:image\" content=\"https:\/\/abaa.mx\/tienda\/wp-content\/uploads\/2023\/10\/544-047.jpg\" \/>\n\t<meta property=\"og:image:width\" content=\"1143\" \/>\n\t<meta property=\"og:image:height\" content=\"900\" \/>\n\t<meta property=\"og:image:type\" content=\"image\/jpeg\" \/>\n<meta name=\"twitter:card\" content=\"summary_large_image\" \/>\n<meta name=\"twitter:label1\" content=\"Tiempo de lectura\" \/>\n\t<meta name=\"twitter:data1\" content=\"5 minutos\" \/>\n<script type=\"application\/ld+json\" class=\"yoast-schema-graph\">{\"@context\":\"https:\/\/schema.org\",\"@graph\":[{\"@type\":\"WebPage\",\"@id\":\"https:\/\/abaa.mx\/tienda\/mitutoyo-lsm-5200-unidad-de-pantalla-compacta-24-v-cc\/\",\"url\":\"https:\/\/abaa.mx\/tienda\/mitutoyo-lsm-5200-unidad-de-pantalla-compacta-24-v-cc\/\",\"name\":\"mitutoyo lsm-5200 unidad de pantalla compacta, 24 v cc - Abaa tienda online\",\"isPartOf\":{\"@id\":\"https:\/\/abaa.mx\/tienda\/#website\"},\"primaryImageOfPage\":{\"@id\":\"https:\/\/abaa.mx\/tienda\/mitutoyo-lsm-5200-unidad-de-pantalla-compacta-24-v-cc\/#primaryimage\"},\"image\":{\"@id\":\"https:\/\/abaa.mx\/tienda\/mitutoyo-lsm-5200-unidad-de-pantalla-compacta-24-v-cc\/#primaryimage\"},\"thumbnailUrl\":\"https:\/\/abaa.mx\/tienda\/wp-content\/uploads\/2023\/10\/544-047.jpg\",\"datePublished\":\"2023-10-18T17:52:58+00:00\",\"breadcrumb\":{\"@id\":\"https:\/\/abaa.mx\/tienda\/mitutoyo-lsm-5200-unidad-de-pantalla-compacta-24-v-cc\/#breadcrumb\"},\"inLanguage\":\"es\",\"potentialAction\":[{\"@type\":\"ReadAction\",\"target\":[\"https:\/\/abaa.mx\/tienda\/mitutoyo-lsm-5200-unidad-de-pantalla-compacta-24-v-cc\/\"]}]},{\"@type\":\"ImageObject\",\"inLanguage\":\"es\",\"@id\":\"https:\/\/abaa.mx\/tienda\/mitutoyo-lsm-5200-unidad-de-pantalla-compacta-24-v-cc\/#primaryimage\",\"url\":\"https:\/\/abaa.mx\/tienda\/wp-content\/uploads\/2023\/10\/544-047.jpg\",\"contentUrl\":\"https:\/\/abaa.mx\/tienda\/wp-content\/uploads\/2023\/10\/544-047.jpg\",\"width\":1143,\"height\":900,\"caption\":\"544-047\"},{\"@type\":\"BreadcrumbList\",\"@id\":\"https:\/\/abaa.mx\/tienda\/mitutoyo-lsm-5200-unidad-de-pantalla-compacta-24-v-cc\/#breadcrumb\",\"itemListElement\":[{\"@type\":\"ListItem\",\"position\":1,\"name\":\"Inicio\",\"item\":\"https:\/\/abaa.mx\/tienda\/\"},{\"@type\":\"ListItem\",\"position\":2,\"name\":\"Tienda\",\"item\":\"https:\/\/abaa.mx\/tienda\/\"},{\"@type\":\"ListItem\",\"position\":3,\"name\":\"mitutoyo lsm-5200 unidad de pantalla compacta, 24 v cc\"}]},{\"@type\":\"WebSite\",\"@id\":\"https:\/\/abaa.mx\/tienda\/#website\",\"url\":\"https:\/\/abaa.mx\/tienda\/\",\"name\":\"Abaa tienda online\",\"description\":\"Instrumentos de medici\u00f3n\",\"publisher\":{\"@id\":\"https:\/\/abaa.mx\/tienda\/#organization\"},\"potentialAction\":[{\"@type\":\"SearchAction\",\"target\":{\"@type\":\"EntryPoint\",\"urlTemplate\":\"https:\/\/abaa.mx\/tienda\/?s={search_term_string}\"},\"query-input\":{\"@type\":\"PropertyValueSpecification\",\"valueRequired\":true,\"valueName\":\"search_term_string\"}}],\"inLanguage\":\"es\"},{\"@type\":\"Organization\",\"@id\":\"https:\/\/abaa.mx\/tienda\/#organization\",\"name\":\"Abaa tienda online\",\"url\":\"https:\/\/abaa.mx\/tienda\/\",\"logo\":{\"@type\":\"ImageObject\",\"inLanguage\":\"es\",\"@id\":\"https:\/\/abaa.mx\/tienda\/#\/schema\/logo\/image\/\",\"url\":\"https:\/\/abaa.mx\/tienda\/wp-content\/uploads\/2024\/01\/abaa-metrologia-tienda.png\",\"contentUrl\":\"https:\/\/abaa.mx\/tienda\/wp-content\/uploads\/2024\/01\/abaa-metrologia-tienda.png\",\"width\":300,\"height\":141,\"caption\":\"Abaa tienda online\"},\"image\":{\"@id\":\"https:\/\/abaa.mx\/tienda\/#\/schema\/logo\/image\/\"}}]}<\/script>\n<!-- \/ Yoast SEO plugin. -->","yoast_head_json":{"title":"mitutoyo lsm-5200 unidad de pantalla compacta, 24 v cc - Abaa tienda online","robots":{"index":"index","follow":"follow","max-snippet":"max-snippet:-1","max-image-preview":"max-image-preview:large","max-video-preview":"max-video-preview:-1"},"canonical":"https:\/\/abaa.mx\/tienda\/mitutoyo-lsm-5200-unidad-de-pantalla-compacta-24-v-cc\/","og_locale":"es_MX","og_type":"article","og_title":"mitutoyo lsm-5200 unidad de pantalla compacta, 24 v cc - Abaa tienda online","og_description":"Funciona de forma compatible con los micr\u00f3metros de escaneo l\u00e1ser, esta unidad de visualizaci\u00f3n compacta tiene una fuente de alimentaci\u00f3n de 24 V CC y una pantalla multifunci\u00f3n que supervisa los valores de configuraci\u00f3n de forma continua. Al proporcionar lecturas de medici\u00f3n r\u00e1pidas y confiables, esta pantalla tiene funciones de c\u00e1lculo estad\u00edstico y datos anormales.","og_url":"https:\/\/abaa.mx\/tienda\/mitutoyo-lsm-5200-unidad-de-pantalla-compacta-24-v-cc\/","og_site_name":"Abaa tienda online","og_image":[{"width":1143,"height":900,"url":"https:\/\/abaa.mx\/tienda\/wp-content\/uploads\/2023\/10\/544-047.jpg","type":"image\/jpeg"}],"twitter_card":"summary_large_image","twitter_misc":{"Tiempo de lectura":"5 minutos"},"schema":{"@context":"https:\/\/schema.org","@graph":[{"@type":"WebPage","@id":"https:\/\/abaa.mx\/tienda\/mitutoyo-lsm-5200-unidad-de-pantalla-compacta-24-v-cc\/","url":"https:\/\/abaa.mx\/tienda\/mitutoyo-lsm-5200-unidad-de-pantalla-compacta-24-v-cc\/","name":"mitutoyo lsm-5200 unidad de pantalla compacta, 24 v cc - Abaa tienda online","isPartOf":{"@id":"https:\/\/abaa.mx\/tienda\/#website"},"primaryImageOfPage":{"@id":"https:\/\/abaa.mx\/tienda\/mitutoyo-lsm-5200-unidad-de-pantalla-compacta-24-v-cc\/#primaryimage"},"image":{"@id":"https:\/\/abaa.mx\/tienda\/mitutoyo-lsm-5200-unidad-de-pantalla-compacta-24-v-cc\/#primaryimage"},"thumbnailUrl":"https:\/\/abaa.mx\/tienda\/wp-content\/uploads\/2023\/10\/544-047.jpg","datePublished":"2023-10-18T17:52:58+00:00","breadcrumb":{"@id":"https:\/\/abaa.mx\/tienda\/mitutoyo-lsm-5200-unidad-de-pantalla-compacta-24-v-cc\/#breadcrumb"},"inLanguage":"es","potentialAction":[{"@type":"ReadAction","target":["https:\/\/abaa.mx\/tienda\/mitutoyo-lsm-5200-unidad-de-pantalla-compacta-24-v-cc\/"]}]},{"@type":"ImageObject","inLanguage":"es","@id":"https:\/\/abaa.mx\/tienda\/mitutoyo-lsm-5200-unidad-de-pantalla-compacta-24-v-cc\/#primaryimage","url":"https:\/\/abaa.mx\/tienda\/wp-content\/uploads\/2023\/10\/544-047.jpg","contentUrl":"https:\/\/abaa.mx\/tienda\/wp-content\/uploads\/2023\/10\/544-047.jpg","width":1143,"height":900,"caption":"544-047"},{"@type":"BreadcrumbList","@id":"https:\/\/abaa.mx\/tienda\/mitutoyo-lsm-5200-unidad-de-pantalla-compacta-24-v-cc\/#breadcrumb","itemListElement":[{"@type":"ListItem","position":1,"name":"Inicio","item":"https:\/\/abaa.mx\/tienda\/"},{"@type":"ListItem","position":2,"name":"Tienda","item":"https:\/\/abaa.mx\/tienda\/"},{"@type":"ListItem","position":3,"name":"mitutoyo lsm-5200 unidad de pantalla compacta, 24 v cc"}]},{"@type":"WebSite","@id":"https:\/\/abaa.mx\/tienda\/#website","url":"https:\/\/abaa.mx\/tienda\/","name":"Abaa tienda online","description":"Instrumentos de medici\u00f3n","publisher":{"@id":"https:\/\/abaa.mx\/tienda\/#organization"},"potentialAction":[{"@type":"SearchAction","target":{"@type":"EntryPoint","urlTemplate":"https:\/\/abaa.mx\/tienda\/?s={search_term_string}"},"query-input":{"@type":"PropertyValueSpecification","valueRequired":true,"valueName":"search_term_string"}}],"inLanguage":"es"},{"@type":"Organization","@id":"https:\/\/abaa.mx\/tienda\/#organization","name":"Abaa tienda online","url":"https:\/\/abaa.mx\/tienda\/","logo":{"@type":"ImageObject","inLanguage":"es","@id":"https:\/\/abaa.mx\/tienda\/#\/schema\/logo\/image\/","url":"https:\/\/abaa.mx\/tienda\/wp-content\/uploads\/2024\/01\/abaa-metrologia-tienda.png","contentUrl":"https:\/\/abaa.mx\/tienda\/wp-content\/uploads\/2024\/01\/abaa-metrologia-tienda.png","width":300,"height":141,"caption":"Abaa tienda online"},"image":{"@id":"https:\/\/abaa.mx\/tienda\/#\/schema\/logo\/image\/"}}]}},"_links":{"self":[{"href":"https:\/\/abaa.mx\/tienda\/wp-json\/wp\/v2\/product\/6575","targetHints":{"allow":["GET"]}}],"collection":[{"href":"https:\/\/abaa.mx\/tienda\/wp-json\/wp\/v2\/product"}],"about":[{"href":"https:\/\/abaa.mx\/tienda\/wp-json\/wp\/v2\/types\/product"}],"replies":[{"embeddable":true,"href":"https:\/\/abaa.mx\/tienda\/wp-json\/wp\/v2\/comments?post=6575"}],"wp:featuredmedia":[{"embeddable":true,"href":"https:\/\/abaa.mx\/tienda\/wp-json\/wp\/v2\/media\/6584"}],"wp:attachment":[{"href":"https:\/\/abaa.mx\/tienda\/wp-json\/wp\/v2\/media?parent=6575"}],"wp:term":[{"taxonomy":"product_brand","embeddable":true,"href":"https:\/\/abaa.mx\/tienda\/wp-json\/wp\/v2\/product_brand?post=6575"},{"taxonomy":"product_cat","embeddable":true,"href":"https:\/\/abaa.mx\/tienda\/wp-json\/wp\/v2\/product_cat?post=6575"},{"taxonomy":"product_tag","embeddable":true,"href":"https:\/\/abaa.mx\/tienda\/wp-json\/wp\/v2\/product_tag?post=6575"}],"curies":[{"name":"wp","href":"https:\/\/api.w.org\/{rel}","templated":true}]}}