{"id":6573,"date":"2023-10-18T17:47:21","date_gmt":"2023-10-18T17:47:21","guid":{"rendered":"https:\/\/abaa.mx\/tienda\/?post_type=product&#038;p=6573"},"modified":"2023-10-18T17:47:21","modified_gmt":"2023-10-18T17:47:21","slug":"mitutoyo-543-854a-indicador-digital-absoluto-id-f-0-2-0-508-mm-salida-spc","status":"publish","type":"product","link":"https:\/\/abaa.mx\/tienda\/mitutoyo-543-854a-indicador-digital-absoluto-id-f-0-2-0-508-mm-salida-spc\/","title":{"rendered":"mitutoyo 543-854a indicador digital absoluto id-f, 0-2&#8243; (0-50,8 mm), salida spc"},"content":{"rendered":"<p><strong>Funciones<\/strong><\/p>\n<ul>\n<li>La fuente de alimentaci\u00f3n externa elimina la necesidad de reemplazar las bater\u00edas para un funcionamiento continuo prolongado<\/li>\n<li>El juicio GO\/\u00b1NG se realiza estableciendo las tolerancias superior e inferior. Si el resultado de un juicio est\u00e1 fuera de la tolerancia, la retroiluminaci\u00f3n de la pantalla cambia de verde a rojo, por lo que el juicio de tolerancia se puede hacer de un vistazo<\/li>\n<li>El bot\u00f3n PRESET permite ajustar un punto de referencia en cualquier posici\u00f3n del husillo. Con la tecnolog\u00eda de codificador lineal ABSOLUTE, una vez que se ha preestablecido el punto de referencia de medici\u00f3n, no se perder\u00e1 cuando se encienda la alimentaci\u00f3n<\/li>\n<li>El bot\u00f3n ZERO\/ABS permite poner a cero un valor de visualizaci\u00f3n en cualquier posici\u00f3n del husillo. Pulse este bot\u00f3n de nuevo para restaurar la coordenada absoluta (ABS)<\/li>\n<li>El valor m\u00e1ximo, m\u00ednimo o de descentramiento se puede mostrar durante la medici\u00f3n<\/li>\n<li>Se ha integrado un indicador de barra anal\u00f3gico para manejar la aproximaci\u00f3n al l\u00edmite superior\/inferior y la aproximaci\u00f3n a cero. Mejora su funcionamiento de la misma manera que un comparador. El rango de visualizaci\u00f3n de la barra anal\u00f3gica se puede cambiar<\/li>\n<\/ul>\n<h4>Mitutoyo 543-854A Especificaciones<\/h4>\n<table class=\"table table-striped\">\n<tbody>\n<tr>\n<td>Rango de medici\u00f3n<\/td>\n<td>0 a 2&#8243; (0 a 50,8 mm)<\/td>\n<\/tr>\n<tr>\n<td>Resoluci\u00f3n LCD<\/td>\n<td>0,00005\/0,0005\/0,0001\/0,001&#8243; (0,001\/0,01 mm)<\/td>\n<\/tr>\n<tr>\n<td>Precisi\u00f3n (20 \u00b0C)<\/td>\n<td>\u00b10.00024&#8243;<\/td>\n<\/tr>\n<tr>\n<td>Velocidad m\u00e1xima de respuesta<\/td>\n<td>Ilimitado<\/td>\n<\/tr>\n<tr>\n<td>Monitor<\/td>\n<td>LCD<\/td>\n<\/tr>\n<tr>\n<td>Fuente de alimentaci\u00f3n<\/td>\n<td>9 V CC (a trav\u00e9s del adaptador de CA)<\/td>\n<\/tr>\n<\/tbody>\n<\/table>\n","protected":false},"excerpt":{"rendered":"<p class=\"short-description mhide ipad-view-setting\">Cuenta con una gran pantalla LCD digital\/anal\u00f3gica con cambio de color de fondo para la determinaci\u00f3n de pasa\/no pasa.<\/p>\n<p class=\"comment-tag-product\">\n<div class=\"row-fluid\">\n<div class=\"span12 mobile-pricing-box-padding\">\n<form id=\"87301\" accept-charset=\"utf-8\" action=\"https:\/\/www.globaltestsupply.com\/shop\/add\" method=\"post\" name=\"addTocartFunction\">\n<div><\/div>\n<\/form>\n<\/div>\n<\/div>\n","protected":false},"featured_media":6580,"comment_status":"open","ping_status":"closed","template":"","meta":{"_joinchat":[]},"product_brand":[],"product_cat":[15],"product_tag":[],"class_list":{"0":"post-6573","1":"product","2":"type-product","3":"status-publish","4":"has-post-thumbnail","6":"product_cat-sin-categorizar","8":"first","9":"instock","10":"shipping-taxable","11":"product-type-simple"},"yoast_head":"<!-- This site is optimized with the Yoast SEO plugin v26.4 - https:\/\/yoast.com\/wordpress\/plugins\/seo\/ -->\n<title>mitutoyo 543-854a indicador digital absoluto id-f, 0-2&quot; (0-50,8 mm), salida spc - Abaa tienda online<\/title>\n<meta name=\"robots\" content=\"index, follow, max-snippet:-1, max-image-preview:large, max-video-preview:-1\" \/>\n<link rel=\"canonical\" href=\"https:\/\/abaa.mx\/tienda\/mitutoyo-543-854a-indicador-digital-absoluto-id-f-0-2-0-508-mm-salida-spc\/\" \/>\n<meta property=\"og:locale\" content=\"es_MX\" \/>\n<meta property=\"og:type\" content=\"article\" \/>\n<meta property=\"og:title\" content=\"mitutoyo 543-854a indicador digital absoluto id-f, 0-2&quot; (0-50,8 mm), salida spc - Abaa tienda online\" \/>\n<meta property=\"og:description\" content=\"Cuenta con una gran pantalla LCD digital\/anal\u00f3gica con cambio de color de fondo para la determinaci\u00f3n de pasa\/no pasa.\" \/>\n<meta property=\"og:url\" content=\"https:\/\/abaa.mx\/tienda\/mitutoyo-543-854a-indicador-digital-absoluto-id-f-0-2-0-508-mm-salida-spc\/\" \/>\n<meta property=\"og:site_name\" content=\"Abaa tienda online\" \/>\n<meta property=\"og:image\" content=\"https:\/\/abaa.mx\/tienda\/wp-content\/uploads\/2023\/10\/543-854A.jpg\" \/>\n\t<meta property=\"og:image:width\" content=\"270\" \/>\n\t<meta property=\"og:image:height\" content=\"500\" \/>\n\t<meta property=\"og:image:type\" content=\"image\/jpeg\" \/>\n<meta name=\"twitter:card\" content=\"summary_large_image\" \/>\n<meta name=\"twitter:label1\" content=\"Tiempo de lectura\" \/>\n\t<meta name=\"twitter:data1\" content=\"2 minutos\" \/>\n<script type=\"application\/ld+json\" class=\"yoast-schema-graph\">{\"@context\":\"https:\/\/schema.org\",\"@graph\":[{\"@type\":\"WebPage\",\"@id\":\"https:\/\/abaa.mx\/tienda\/mitutoyo-543-854a-indicador-digital-absoluto-id-f-0-2-0-508-mm-salida-spc\/\",\"url\":\"https:\/\/abaa.mx\/tienda\/mitutoyo-543-854a-indicador-digital-absoluto-id-f-0-2-0-508-mm-salida-spc\/\",\"name\":\"mitutoyo 543-854a indicador digital absoluto id-f, 0-2\\\" (0-50,8 mm), salida spc - Abaa tienda online\",\"isPartOf\":{\"@id\":\"https:\/\/abaa.mx\/tienda\/#website\"},\"primaryImageOfPage\":{\"@id\":\"https:\/\/abaa.mx\/tienda\/mitutoyo-543-854a-indicador-digital-absoluto-id-f-0-2-0-508-mm-salida-spc\/#primaryimage\"},\"image\":{\"@id\":\"https:\/\/abaa.mx\/tienda\/mitutoyo-543-854a-indicador-digital-absoluto-id-f-0-2-0-508-mm-salida-spc\/#primaryimage\"},\"thumbnailUrl\":\"https:\/\/abaa.mx\/tienda\/wp-content\/uploads\/2023\/10\/543-854A.jpg\",\"datePublished\":\"2023-10-18T17:47:21+00:00\",\"breadcrumb\":{\"@id\":\"https:\/\/abaa.mx\/tienda\/mitutoyo-543-854a-indicador-digital-absoluto-id-f-0-2-0-508-mm-salida-spc\/#breadcrumb\"},\"inLanguage\":\"es\",\"potentialAction\":[{\"@type\":\"ReadAction\",\"target\":[\"https:\/\/abaa.mx\/tienda\/mitutoyo-543-854a-indicador-digital-absoluto-id-f-0-2-0-508-mm-salida-spc\/\"]}]},{\"@type\":\"ImageObject\",\"inLanguage\":\"es\",\"@id\":\"https:\/\/abaa.mx\/tienda\/mitutoyo-543-854a-indicador-digital-absoluto-id-f-0-2-0-508-mm-salida-spc\/#primaryimage\",\"url\":\"https:\/\/abaa.mx\/tienda\/wp-content\/uploads\/2023\/10\/543-854A.jpg\",\"contentUrl\":\"https:\/\/abaa.mx\/tienda\/wp-content\/uploads\/2023\/10\/543-854A.jpg\",\"width\":270,\"height\":500,\"caption\":\"543-854A\"},{\"@type\":\"BreadcrumbList\",\"@id\":\"https:\/\/abaa.mx\/tienda\/mitutoyo-543-854a-indicador-digital-absoluto-id-f-0-2-0-508-mm-salida-spc\/#breadcrumb\",\"itemListElement\":[{\"@type\":\"ListItem\",\"position\":1,\"name\":\"Inicio\",\"item\":\"https:\/\/abaa.mx\/tienda\/\"},{\"@type\":\"ListItem\",\"position\":2,\"name\":\"Tienda\",\"item\":\"https:\/\/abaa.mx\/tienda\/\"},{\"@type\":\"ListItem\",\"position\":3,\"name\":\"mitutoyo 543-854a indicador digital absoluto id-f, 0-2&#8243; (0-50,8 mm), salida spc\"}]},{\"@type\":\"WebSite\",\"@id\":\"https:\/\/abaa.mx\/tienda\/#website\",\"url\":\"https:\/\/abaa.mx\/tienda\/\",\"name\":\"Abaa tienda online\",\"description\":\"Instrumentos de medici\u00f3n\",\"publisher\":{\"@id\":\"https:\/\/abaa.mx\/tienda\/#organization\"},\"potentialAction\":[{\"@type\":\"SearchAction\",\"target\":{\"@type\":\"EntryPoint\",\"urlTemplate\":\"https:\/\/abaa.mx\/tienda\/?s={search_term_string}\"},\"query-input\":{\"@type\":\"PropertyValueSpecification\",\"valueRequired\":true,\"valueName\":\"search_term_string\"}}],\"inLanguage\":\"es\"},{\"@type\":\"Organization\",\"@id\":\"https:\/\/abaa.mx\/tienda\/#organization\",\"name\":\"Abaa tienda online\",\"url\":\"https:\/\/abaa.mx\/tienda\/\",\"logo\":{\"@type\":\"ImageObject\",\"inLanguage\":\"es\",\"@id\":\"https:\/\/abaa.mx\/tienda\/#\/schema\/logo\/image\/\",\"url\":\"https:\/\/abaa.mx\/tienda\/wp-content\/uploads\/2024\/01\/abaa-metrologia-tienda.png\",\"contentUrl\":\"https:\/\/abaa.mx\/tienda\/wp-content\/uploads\/2024\/01\/abaa-metrologia-tienda.png\",\"width\":300,\"height\":141,\"caption\":\"Abaa tienda online\"},\"image\":{\"@id\":\"https:\/\/abaa.mx\/tienda\/#\/schema\/logo\/image\/\"}}]}<\/script>\n<!-- \/ Yoast SEO plugin. -->","yoast_head_json":{"title":"mitutoyo 543-854a indicador digital absoluto id-f, 0-2\" (0-50,8 mm), salida spc - Abaa tienda online","robots":{"index":"index","follow":"follow","max-snippet":"max-snippet:-1","max-image-preview":"max-image-preview:large","max-video-preview":"max-video-preview:-1"},"canonical":"https:\/\/abaa.mx\/tienda\/mitutoyo-543-854a-indicador-digital-absoluto-id-f-0-2-0-508-mm-salida-spc\/","og_locale":"es_MX","og_type":"article","og_title":"mitutoyo 543-854a indicador digital absoluto id-f, 0-2\" (0-50,8 mm), salida spc - Abaa tienda online","og_description":"Cuenta con una gran pantalla LCD digital\/anal\u00f3gica con cambio de color de fondo para la determinaci\u00f3n de pasa\/no pasa.","og_url":"https:\/\/abaa.mx\/tienda\/mitutoyo-543-854a-indicador-digital-absoluto-id-f-0-2-0-508-mm-salida-spc\/","og_site_name":"Abaa tienda online","og_image":[{"width":270,"height":500,"url":"https:\/\/abaa.mx\/tienda\/wp-content\/uploads\/2023\/10\/543-854A.jpg","type":"image\/jpeg"}],"twitter_card":"summary_large_image","twitter_misc":{"Tiempo de lectura":"2 minutos"},"schema":{"@context":"https:\/\/schema.org","@graph":[{"@type":"WebPage","@id":"https:\/\/abaa.mx\/tienda\/mitutoyo-543-854a-indicador-digital-absoluto-id-f-0-2-0-508-mm-salida-spc\/","url":"https:\/\/abaa.mx\/tienda\/mitutoyo-543-854a-indicador-digital-absoluto-id-f-0-2-0-508-mm-salida-spc\/","name":"mitutoyo 543-854a indicador digital absoluto id-f, 0-2\" (0-50,8 mm), salida spc - Abaa tienda online","isPartOf":{"@id":"https:\/\/abaa.mx\/tienda\/#website"},"primaryImageOfPage":{"@id":"https:\/\/abaa.mx\/tienda\/mitutoyo-543-854a-indicador-digital-absoluto-id-f-0-2-0-508-mm-salida-spc\/#primaryimage"},"image":{"@id":"https:\/\/abaa.mx\/tienda\/mitutoyo-543-854a-indicador-digital-absoluto-id-f-0-2-0-508-mm-salida-spc\/#primaryimage"},"thumbnailUrl":"https:\/\/abaa.mx\/tienda\/wp-content\/uploads\/2023\/10\/543-854A.jpg","datePublished":"2023-10-18T17:47:21+00:00","breadcrumb":{"@id":"https:\/\/abaa.mx\/tienda\/mitutoyo-543-854a-indicador-digital-absoluto-id-f-0-2-0-508-mm-salida-spc\/#breadcrumb"},"inLanguage":"es","potentialAction":[{"@type":"ReadAction","target":["https:\/\/abaa.mx\/tienda\/mitutoyo-543-854a-indicador-digital-absoluto-id-f-0-2-0-508-mm-salida-spc\/"]}]},{"@type":"ImageObject","inLanguage":"es","@id":"https:\/\/abaa.mx\/tienda\/mitutoyo-543-854a-indicador-digital-absoluto-id-f-0-2-0-508-mm-salida-spc\/#primaryimage","url":"https:\/\/abaa.mx\/tienda\/wp-content\/uploads\/2023\/10\/543-854A.jpg","contentUrl":"https:\/\/abaa.mx\/tienda\/wp-content\/uploads\/2023\/10\/543-854A.jpg","width":270,"height":500,"caption":"543-854A"},{"@type":"BreadcrumbList","@id":"https:\/\/abaa.mx\/tienda\/mitutoyo-543-854a-indicador-digital-absoluto-id-f-0-2-0-508-mm-salida-spc\/#breadcrumb","itemListElement":[{"@type":"ListItem","position":1,"name":"Inicio","item":"https:\/\/abaa.mx\/tienda\/"},{"@type":"ListItem","position":2,"name":"Tienda","item":"https:\/\/abaa.mx\/tienda\/"},{"@type":"ListItem","position":3,"name":"mitutoyo 543-854a indicador digital absoluto id-f, 0-2&#8243; (0-50,8 mm), salida spc"}]},{"@type":"WebSite","@id":"https:\/\/abaa.mx\/tienda\/#website","url":"https:\/\/abaa.mx\/tienda\/","name":"Abaa tienda online","description":"Instrumentos de medici\u00f3n","publisher":{"@id":"https:\/\/abaa.mx\/tienda\/#organization"},"potentialAction":[{"@type":"SearchAction","target":{"@type":"EntryPoint","urlTemplate":"https:\/\/abaa.mx\/tienda\/?s={search_term_string}"},"query-input":{"@type":"PropertyValueSpecification","valueRequired":true,"valueName":"search_term_string"}}],"inLanguage":"es"},{"@type":"Organization","@id":"https:\/\/abaa.mx\/tienda\/#organization","name":"Abaa tienda online","url":"https:\/\/abaa.mx\/tienda\/","logo":{"@type":"ImageObject","inLanguage":"es","@id":"https:\/\/abaa.mx\/tienda\/#\/schema\/logo\/image\/","url":"https:\/\/abaa.mx\/tienda\/wp-content\/uploads\/2024\/01\/abaa-metrologia-tienda.png","contentUrl":"https:\/\/abaa.mx\/tienda\/wp-content\/uploads\/2024\/01\/abaa-metrologia-tienda.png","width":300,"height":141,"caption":"Abaa tienda online"},"image":{"@id":"https:\/\/abaa.mx\/tienda\/#\/schema\/logo\/image\/"}}]}},"_links":{"self":[{"href":"https:\/\/abaa.mx\/tienda\/wp-json\/wp\/v2\/product\/6573","targetHints":{"allow":["GET"]}}],"collection":[{"href":"https:\/\/abaa.mx\/tienda\/wp-json\/wp\/v2\/product"}],"about":[{"href":"https:\/\/abaa.mx\/tienda\/wp-json\/wp\/v2\/types\/product"}],"replies":[{"embeddable":true,"href":"https:\/\/abaa.mx\/tienda\/wp-json\/wp\/v2\/comments?post=6573"}],"wp:featuredmedia":[{"embeddable":true,"href":"https:\/\/abaa.mx\/tienda\/wp-json\/wp\/v2\/media\/6580"}],"wp:attachment":[{"href":"https:\/\/abaa.mx\/tienda\/wp-json\/wp\/v2\/media?parent=6573"}],"wp:term":[{"taxonomy":"product_brand","embeddable":true,"href":"https:\/\/abaa.mx\/tienda\/wp-json\/wp\/v2\/product_brand?post=6573"},{"taxonomy":"product_cat","embeddable":true,"href":"https:\/\/abaa.mx\/tienda\/wp-json\/wp\/v2\/product_cat?post=6573"},{"taxonomy":"product_tag","embeddable":true,"href":"https:\/\/abaa.mx\/tienda\/wp-json\/wp\/v2\/product_tag?post=6573"}],"curies":[{"name":"wp","href":"https:\/\/api.w.org\/{rel}","templated":true}]}}