{"id":6545,"date":"2023-10-18T17:37:15","date_gmt":"2023-10-18T17:37:15","guid":{"rendered":"https:\/\/abaa.mx\/tienda\/?post_type=product&#038;p=6545"},"modified":"2023-10-18T17:37:15","modified_gmt":"2023-10-18T17:37:15","slug":"mitutoyo-2046a-11-serie-2-indicador-de-esfera-de-diametro-estandar-orejeta-trasera-cojinete-enjoyado","status":"publish","type":"product","link":"https:\/\/abaa.mx\/tienda\/mitutoyo-2046a-11-serie-2-indicador-de-esfera-de-diametro-estandar-orejeta-trasera-cojinete-enjoyado\/","title":{"rendered":"Mitutoyo 2046a-11 serie 2 indicador de esfera de di\u00e1metro est\u00e1ndar, orejeta trasera, cojinete enjoyado"},"content":{"rendered":"<h5><strong>Funciones<\/strong><\/h5>\n<ul>\n<li>Se ofrece con orejeta trasera para fines de montaje<\/li>\n<li>Un revolucionario dise\u00f1o de casquillo de husillo desplazado proporciona una sujeci\u00f3n del v\u00e1stago sin problemas y un rango de sujeci\u00f3n m\u00e1s largo<\/li>\n<li>El exclusivo mecanismo a prueba de golpes protege contra los golpes de la retracci\u00f3n repentina del husillo<\/li>\n<li>Incluye marcadores de l\u00edmite para juicios de tolerancia r\u00e1pidos y f\u00e1ciles<\/li>\n<li>El engranaje de cremallera est\u00e1 rectificado a m\u00e1quina para un ajuste m\u00e1s ajustado y una mayor precisi\u00f3n<\/li>\n<li>La mayor rigidez en la placa de rodamiento reduce el error de retroceso hasta en un 20%<\/li>\n<li>El montaje de cuatro tornillos aumenta la resistencia al impacto para una precisi\u00f3n mejor y m\u00e1s prolongada<\/li>\n<li>Sin orificio pasante para tornillos en el marco proporciona una mejor resistencia al polvo<\/li>\n<li>El punto de contacto tiene punta de carburo para una precisi\u00f3n y durabilidad duraderas<\/li>\n<li>El cristal es antideslumbrante con un revestimiento resistente a los ara\u00f1azos<\/li>\n<li>Fabricado para cumplir con los est\u00e1ndares ANSI\/AGD<\/li>\n<\/ul>\n<h4>Especificaciones<\/h4>\n<table class=\"table table-striped\">\n<tbody>\n<tr>\n<td>Unidad<\/td>\n<td>M\u00e9trico<\/td>\n<\/tr>\n<tr>\n<td>Tecnolog\u00eda<\/td>\n<td>Mec\u00e1nico<\/td>\n<\/tr>\n<tr>\n<td>Di\u00e1metro del v\u00e1stago<\/td>\n<td>0,375&#8243; (9,53 mm)<\/td>\n<\/tr>\n<tr>\n<td>Tipo ANSI\/AGD<\/td>\n<td>S\u00ed<\/td>\n<\/tr>\n<tr>\n<td>Graduaci\u00f3n<\/td>\n<td>0,0004&#8243; (0,01 mm)<\/td>\n<\/tr>\n<tr>\n<td>Gama<\/td>\n<td>M\u00e1ximo: 0,39&#8243; (10 mm) Revoluci\u00f3n: 0,04&#8243; (1 mm)<\/td>\n<\/tr>\n<tr>\n<td>Lectura de dial<\/td>\n<td>De 0 a 100<\/td>\n<\/tr>\n<tr>\n<td>Tipo de espalda<\/td>\n<td>Leng\u00fceta hacia atr\u00e1s<\/td>\n<\/tr>\n<tr>\n<td>Exactitud<\/td>\n<td>\u00b10,0005&#8243; (\u00b10,013 mm)<br \/>\nRevoluci\u00f3n: 0,04&#8243; 0,01 mm<\/td>\n<\/tr>\n<tr>\n<td>Fuerza de medici\u00f3n<\/td>\n<td>1.4 o menosN<\/td>\n<\/tr>\n<tr>\n<td>Rodamiento enjoyado<\/td>\n<td>S\u00ed<\/td>\n<\/tr>\n<\/tbody>\n<\/table>\n","protected":false},"excerpt":{"rendered":"<p class=\"short-description mhide ipad-view-setting\">Adecuado para cualquier aplicaci\u00f3n, este indicador de cuadrante preciso y duradero ofrece lecturas m\u00e9tricas simplistas y confiables. Trabaje con operaciones suaves y precisas con este indicador de orejetas traseras que cuenta con un cojinete enjoyado para resistencia al desgaste y movimiento de baja fricci\u00f3n.<\/p>\n<p class=\"comment-tag-product\">\n<div class=\"row-fluid\">\n<div class=\"span12 mobile-pricing-box-padding\">\n<form id=\"518185577\" accept-charset=\"utf-8\" action=\"https:\/\/www.globaltestsupply.com\/shop\/add\" method=\"post\" name=\"addTocartFunction\">\n<div><\/div>\n<\/form>\n<\/div>\n<\/div>\n","protected":false},"featured_media":6576,"comment_status":"open","ping_status":"closed","template":"","meta":{"_joinchat":[]},"product_brand":[],"product_cat":[15],"product_tag":[],"class_list":{"0":"post-6545","1":"product","2":"type-product","3":"status-publish","4":"has-post-thumbnail","6":"product_cat-sin-categorizar","8":"first","9":"instock","10":"shipping-taxable","11":"product-type-simple"},"yoast_head":"<!-- This site is optimized with the Yoast SEO plugin v26.4 - https:\/\/yoast.com\/wordpress\/plugins\/seo\/ -->\n<title>Mitutoyo 2046a-11 serie 2 indicador de esfera de di\u00e1metro est\u00e1ndar, orejeta trasera, cojinete enjoyado - Abaa tienda online<\/title>\n<meta name=\"robots\" content=\"index, follow, max-snippet:-1, max-image-preview:large, max-video-preview:-1\" \/>\n<link rel=\"canonical\" href=\"https:\/\/abaa.mx\/tienda\/mitutoyo-2046a-11-serie-2-indicador-de-esfera-de-diametro-estandar-orejeta-trasera-cojinete-enjoyado\/\" \/>\n<meta property=\"og:locale\" content=\"es_MX\" \/>\n<meta property=\"og:type\" content=\"article\" \/>\n<meta property=\"og:title\" content=\"Mitutoyo 2046a-11 serie 2 indicador de esfera de di\u00e1metro est\u00e1ndar, orejeta trasera, cojinete enjoyado - Abaa tienda online\" \/>\n<meta property=\"og:description\" content=\"Adecuado para cualquier aplicaci\u00f3n, este indicador de cuadrante preciso y duradero ofrece lecturas m\u00e9tricas simplistas y confiables. Trabaje con operaciones suaves y precisas con este indicador de orejetas traseras que cuenta con un cojinete enjoyado para resistencia al desgaste y movimiento de baja fricci\u00f3n.\" \/>\n<meta property=\"og:url\" content=\"https:\/\/abaa.mx\/tienda\/mitutoyo-2046a-11-serie-2-indicador-de-esfera-de-diametro-estandar-orejeta-trasera-cojinete-enjoyado\/\" \/>\n<meta property=\"og:site_name\" content=\"Abaa tienda online\" \/>\n<meta property=\"og:image\" content=\"https:\/\/abaa.mx\/tienda\/wp-content\/uploads\/2023\/10\/2046A-11.jpg\" \/>\n\t<meta property=\"og:image:width\" content=\"270\" \/>\n\t<meta property=\"og:image:height\" content=\"482\" \/>\n\t<meta property=\"og:image:type\" content=\"image\/jpeg\" \/>\n<meta name=\"twitter:card\" content=\"summary_large_image\" \/>\n<meta name=\"twitter:label1\" content=\"Tiempo de lectura\" \/>\n\t<meta name=\"twitter:data1\" content=\"1 minuto\" \/>\n<script type=\"application\/ld+json\" class=\"yoast-schema-graph\">{\"@context\":\"https:\/\/schema.org\",\"@graph\":[{\"@type\":\"WebPage\",\"@id\":\"https:\/\/abaa.mx\/tienda\/mitutoyo-2046a-11-serie-2-indicador-de-esfera-de-diametro-estandar-orejeta-trasera-cojinete-enjoyado\/\",\"url\":\"https:\/\/abaa.mx\/tienda\/mitutoyo-2046a-11-serie-2-indicador-de-esfera-de-diametro-estandar-orejeta-trasera-cojinete-enjoyado\/\",\"name\":\"Mitutoyo 2046a-11 serie 2 indicador de esfera de di\u00e1metro est\u00e1ndar, orejeta trasera, cojinete enjoyado - Abaa tienda online\",\"isPartOf\":{\"@id\":\"https:\/\/abaa.mx\/tienda\/#website\"},\"primaryImageOfPage\":{\"@id\":\"https:\/\/abaa.mx\/tienda\/mitutoyo-2046a-11-serie-2-indicador-de-esfera-de-diametro-estandar-orejeta-trasera-cojinete-enjoyado\/#primaryimage\"},\"image\":{\"@id\":\"https:\/\/abaa.mx\/tienda\/mitutoyo-2046a-11-serie-2-indicador-de-esfera-de-diametro-estandar-orejeta-trasera-cojinete-enjoyado\/#primaryimage\"},\"thumbnailUrl\":\"https:\/\/abaa.mx\/tienda\/wp-content\/uploads\/2023\/10\/2046A-11.jpg\",\"datePublished\":\"2023-10-18T17:37:15+00:00\",\"breadcrumb\":{\"@id\":\"https:\/\/abaa.mx\/tienda\/mitutoyo-2046a-11-serie-2-indicador-de-esfera-de-diametro-estandar-orejeta-trasera-cojinete-enjoyado\/#breadcrumb\"},\"inLanguage\":\"es\",\"potentialAction\":[{\"@type\":\"ReadAction\",\"target\":[\"https:\/\/abaa.mx\/tienda\/mitutoyo-2046a-11-serie-2-indicador-de-esfera-de-diametro-estandar-orejeta-trasera-cojinete-enjoyado\/\"]}]},{\"@type\":\"ImageObject\",\"inLanguage\":\"es\",\"@id\":\"https:\/\/abaa.mx\/tienda\/mitutoyo-2046a-11-serie-2-indicador-de-esfera-de-diametro-estandar-orejeta-trasera-cojinete-enjoyado\/#primaryimage\",\"url\":\"https:\/\/abaa.mx\/tienda\/wp-content\/uploads\/2023\/10\/2046A-11.jpg\",\"contentUrl\":\"https:\/\/abaa.mx\/tienda\/wp-content\/uploads\/2023\/10\/2046A-11.jpg\",\"width\":270,\"height\":482,\"caption\":\"mitutoyo-2046a-11-serie-2-indicador-de-esfera-de-diametro-estandar-orejeta-trasera-cojinete-enjoyado\"},{\"@type\":\"BreadcrumbList\",\"@id\":\"https:\/\/abaa.mx\/tienda\/mitutoyo-2046a-11-serie-2-indicador-de-esfera-de-diametro-estandar-orejeta-trasera-cojinete-enjoyado\/#breadcrumb\",\"itemListElement\":[{\"@type\":\"ListItem\",\"position\":1,\"name\":\"Inicio\",\"item\":\"https:\/\/abaa.mx\/tienda\/\"},{\"@type\":\"ListItem\",\"position\":2,\"name\":\"Tienda\",\"item\":\"https:\/\/abaa.mx\/tienda\/\"},{\"@type\":\"ListItem\",\"position\":3,\"name\":\"Mitutoyo 2046a-11 serie 2 indicador de esfera de di\u00e1metro est\u00e1ndar, orejeta trasera, cojinete enjoyado\"}]},{\"@type\":\"WebSite\",\"@id\":\"https:\/\/abaa.mx\/tienda\/#website\",\"url\":\"https:\/\/abaa.mx\/tienda\/\",\"name\":\"Abaa tienda online\",\"description\":\"Instrumentos de medici\u00f3n\",\"publisher\":{\"@id\":\"https:\/\/abaa.mx\/tienda\/#organization\"},\"potentialAction\":[{\"@type\":\"SearchAction\",\"target\":{\"@type\":\"EntryPoint\",\"urlTemplate\":\"https:\/\/abaa.mx\/tienda\/?s={search_term_string}\"},\"query-input\":{\"@type\":\"PropertyValueSpecification\",\"valueRequired\":true,\"valueName\":\"search_term_string\"}}],\"inLanguage\":\"es\"},{\"@type\":\"Organization\",\"@id\":\"https:\/\/abaa.mx\/tienda\/#organization\",\"name\":\"Abaa tienda online\",\"url\":\"https:\/\/abaa.mx\/tienda\/\",\"logo\":{\"@type\":\"ImageObject\",\"inLanguage\":\"es\",\"@id\":\"https:\/\/abaa.mx\/tienda\/#\/schema\/logo\/image\/\",\"url\":\"https:\/\/abaa.mx\/tienda\/wp-content\/uploads\/2024\/01\/abaa-metrologia-tienda.png\",\"contentUrl\":\"https:\/\/abaa.mx\/tienda\/wp-content\/uploads\/2024\/01\/abaa-metrologia-tienda.png\",\"width\":300,\"height\":141,\"caption\":\"Abaa tienda online\"},\"image\":{\"@id\":\"https:\/\/abaa.mx\/tienda\/#\/schema\/logo\/image\/\"}}]}<\/script>\n<!-- \/ Yoast SEO plugin. -->","yoast_head_json":{"title":"Mitutoyo 2046a-11 serie 2 indicador de esfera de di\u00e1metro est\u00e1ndar, orejeta trasera, cojinete enjoyado - Abaa tienda online","robots":{"index":"index","follow":"follow","max-snippet":"max-snippet:-1","max-image-preview":"max-image-preview:large","max-video-preview":"max-video-preview:-1"},"canonical":"https:\/\/abaa.mx\/tienda\/mitutoyo-2046a-11-serie-2-indicador-de-esfera-de-diametro-estandar-orejeta-trasera-cojinete-enjoyado\/","og_locale":"es_MX","og_type":"article","og_title":"Mitutoyo 2046a-11 serie 2 indicador de esfera de di\u00e1metro est\u00e1ndar, orejeta trasera, cojinete enjoyado - Abaa tienda online","og_description":"Adecuado para cualquier aplicaci\u00f3n, este indicador de cuadrante preciso y duradero ofrece lecturas m\u00e9tricas simplistas y confiables. Trabaje con operaciones suaves y precisas con este indicador de orejetas traseras que cuenta con un cojinete enjoyado para resistencia al desgaste y movimiento de baja fricci\u00f3n.","og_url":"https:\/\/abaa.mx\/tienda\/mitutoyo-2046a-11-serie-2-indicador-de-esfera-de-diametro-estandar-orejeta-trasera-cojinete-enjoyado\/","og_site_name":"Abaa tienda online","og_image":[{"width":270,"height":482,"url":"https:\/\/abaa.mx\/tienda\/wp-content\/uploads\/2023\/10\/2046A-11.jpg","type":"image\/jpeg"}],"twitter_card":"summary_large_image","twitter_misc":{"Tiempo de lectura":"1 minuto"},"schema":{"@context":"https:\/\/schema.org","@graph":[{"@type":"WebPage","@id":"https:\/\/abaa.mx\/tienda\/mitutoyo-2046a-11-serie-2-indicador-de-esfera-de-diametro-estandar-orejeta-trasera-cojinete-enjoyado\/","url":"https:\/\/abaa.mx\/tienda\/mitutoyo-2046a-11-serie-2-indicador-de-esfera-de-diametro-estandar-orejeta-trasera-cojinete-enjoyado\/","name":"Mitutoyo 2046a-11 serie 2 indicador de esfera de di\u00e1metro est\u00e1ndar, orejeta trasera, cojinete enjoyado - Abaa tienda online","isPartOf":{"@id":"https:\/\/abaa.mx\/tienda\/#website"},"primaryImageOfPage":{"@id":"https:\/\/abaa.mx\/tienda\/mitutoyo-2046a-11-serie-2-indicador-de-esfera-de-diametro-estandar-orejeta-trasera-cojinete-enjoyado\/#primaryimage"},"image":{"@id":"https:\/\/abaa.mx\/tienda\/mitutoyo-2046a-11-serie-2-indicador-de-esfera-de-diametro-estandar-orejeta-trasera-cojinete-enjoyado\/#primaryimage"},"thumbnailUrl":"https:\/\/abaa.mx\/tienda\/wp-content\/uploads\/2023\/10\/2046A-11.jpg","datePublished":"2023-10-18T17:37:15+00:00","breadcrumb":{"@id":"https:\/\/abaa.mx\/tienda\/mitutoyo-2046a-11-serie-2-indicador-de-esfera-de-diametro-estandar-orejeta-trasera-cojinete-enjoyado\/#breadcrumb"},"inLanguage":"es","potentialAction":[{"@type":"ReadAction","target":["https:\/\/abaa.mx\/tienda\/mitutoyo-2046a-11-serie-2-indicador-de-esfera-de-diametro-estandar-orejeta-trasera-cojinete-enjoyado\/"]}]},{"@type":"ImageObject","inLanguage":"es","@id":"https:\/\/abaa.mx\/tienda\/mitutoyo-2046a-11-serie-2-indicador-de-esfera-de-diametro-estandar-orejeta-trasera-cojinete-enjoyado\/#primaryimage","url":"https:\/\/abaa.mx\/tienda\/wp-content\/uploads\/2023\/10\/2046A-11.jpg","contentUrl":"https:\/\/abaa.mx\/tienda\/wp-content\/uploads\/2023\/10\/2046A-11.jpg","width":270,"height":482,"caption":"mitutoyo-2046a-11-serie-2-indicador-de-esfera-de-diametro-estandar-orejeta-trasera-cojinete-enjoyado"},{"@type":"BreadcrumbList","@id":"https:\/\/abaa.mx\/tienda\/mitutoyo-2046a-11-serie-2-indicador-de-esfera-de-diametro-estandar-orejeta-trasera-cojinete-enjoyado\/#breadcrumb","itemListElement":[{"@type":"ListItem","position":1,"name":"Inicio","item":"https:\/\/abaa.mx\/tienda\/"},{"@type":"ListItem","position":2,"name":"Tienda","item":"https:\/\/abaa.mx\/tienda\/"},{"@type":"ListItem","position":3,"name":"Mitutoyo 2046a-11 serie 2 indicador de esfera de di\u00e1metro est\u00e1ndar, orejeta trasera, cojinete enjoyado"}]},{"@type":"WebSite","@id":"https:\/\/abaa.mx\/tienda\/#website","url":"https:\/\/abaa.mx\/tienda\/","name":"Abaa tienda online","description":"Instrumentos de medici\u00f3n","publisher":{"@id":"https:\/\/abaa.mx\/tienda\/#organization"},"potentialAction":[{"@type":"SearchAction","target":{"@type":"EntryPoint","urlTemplate":"https:\/\/abaa.mx\/tienda\/?s={search_term_string}"},"query-input":{"@type":"PropertyValueSpecification","valueRequired":true,"valueName":"search_term_string"}}],"inLanguage":"es"},{"@type":"Organization","@id":"https:\/\/abaa.mx\/tienda\/#organization","name":"Abaa tienda online","url":"https:\/\/abaa.mx\/tienda\/","logo":{"@type":"ImageObject","inLanguage":"es","@id":"https:\/\/abaa.mx\/tienda\/#\/schema\/logo\/image\/","url":"https:\/\/abaa.mx\/tienda\/wp-content\/uploads\/2024\/01\/abaa-metrologia-tienda.png","contentUrl":"https:\/\/abaa.mx\/tienda\/wp-content\/uploads\/2024\/01\/abaa-metrologia-tienda.png","width":300,"height":141,"caption":"Abaa tienda online"},"image":{"@id":"https:\/\/abaa.mx\/tienda\/#\/schema\/logo\/image\/"}}]}},"_links":{"self":[{"href":"https:\/\/abaa.mx\/tienda\/wp-json\/wp\/v2\/product\/6545","targetHints":{"allow":["GET"]}}],"collection":[{"href":"https:\/\/abaa.mx\/tienda\/wp-json\/wp\/v2\/product"}],"about":[{"href":"https:\/\/abaa.mx\/tienda\/wp-json\/wp\/v2\/types\/product"}],"replies":[{"embeddable":true,"href":"https:\/\/abaa.mx\/tienda\/wp-json\/wp\/v2\/comments?post=6545"}],"wp:featuredmedia":[{"embeddable":true,"href":"https:\/\/abaa.mx\/tienda\/wp-json\/wp\/v2\/media\/6576"}],"wp:attachment":[{"href":"https:\/\/abaa.mx\/tienda\/wp-json\/wp\/v2\/media?parent=6545"}],"wp:term":[{"taxonomy":"product_brand","embeddable":true,"href":"https:\/\/abaa.mx\/tienda\/wp-json\/wp\/v2\/product_brand?post=6545"},{"taxonomy":"product_cat","embeddable":true,"href":"https:\/\/abaa.mx\/tienda\/wp-json\/wp\/v2\/product_cat?post=6545"},{"taxonomy":"product_tag","embeddable":true,"href":"https:\/\/abaa.mx\/tienda\/wp-json\/wp\/v2\/product_tag?post=6545"}],"curies":[{"name":"wp","href":"https:\/\/api.w.org\/{rel}","templated":true}]}}