{"id":6533,"date":"2023-12-12T17:51:12","date_gmt":"2023-12-12T17:51:12","guid":{"rendered":"https:\/\/abaa.mx\/tienda\/?post_type=product&#038;p=6533"},"modified":"2023-12-12T17:51:13","modified_gmt":"2023-12-12T17:51:13","slug":"it300-luxometro-20000-lux","status":"publish","type":"product","link":"https:\/\/abaa.mx\/tienda\/it300-luxometro-20000-lux\/","title":{"rendered":"It300 \u2014 lux\u00f3metro 20,000 lux"},"content":{"rendered":"<p>&nbsp;<\/p>\n<p>It300 \u2014 lux\u00f3metro 20,000 lux<\/p>\n<p>&nbsp;<\/p>\n","protected":false},"excerpt":{"rendered":"<p>&nbsp;<\/p>\n<p><strong>Caracter\u00edsticas<\/strong>:<\/p>\n<ul>\n<li><span>Amplio alcance de hasta 40,000 fc o 400.000 lux con m\u00e1x. resoluci\u00f3n de hasta 0,01 fc\/lux.<\/span><\/li>\n<li><span>El modo relativo indica cambios en los niveles de luz, el modo en picos captura la lectura m\u00e1s alta.<\/span><\/li>\n<li><span>Fotosensor remoto en cable enrollado de 12&#8243; (30.5 cm), expansible a 24&#8243; (61 cm).<\/span><\/li>\n<li><span>Utiliza un filtro de correcci\u00f3n de color y fotodiodos de precisi\u00f3n.<\/span><\/li>\n<li><span>Pantalla LCD grande con visualizador de gr\u00e1ficos de barras anal\u00f3gico.<\/span><\/li>\n<li><span>Pantalla retroiluminada para realizar lecturas con poca luz.<\/span><\/li>\n<li><span>Completo con bater\u00eda de 9 V, fotosensor con tapa protectora, funda protectora y estuche blando.<\/span><\/li>\n<\/ul>\n","protected":false},"featured_media":9770,"comment_status":"open","ping_status":"closed","template":"","meta":{"_joinchat":[]},"product_brand":[],"product_cat":[15],"product_tag":[],"class_list":{"0":"post-6533","1":"product","2":"type-product","3":"status-publish","4":"has-post-thumbnail","6":"product_cat-sin-categorizar","8":"first","9":"instock","10":"shipping-taxable","11":"product-type-simple"},"yoast_head":"<!-- This site is optimized with the Yoast SEO plugin v26.4 - https:\/\/yoast.com\/wordpress\/plugins\/seo\/ -->\n<title>It300 \u2014 lux\u00f3metro 20,000 lux - Abaa tienda online<\/title>\n<meta name=\"robots\" content=\"index, follow, max-snippet:-1, max-image-preview:large, max-video-preview:-1\" \/>\n<link rel=\"canonical\" href=\"https:\/\/abaa.mx\/tienda\/it300-luxometro-20000-lux\/\" \/>\n<meta property=\"og:locale\" content=\"es_MX\" \/>\n<meta property=\"og:type\" content=\"article\" \/>\n<meta property=\"og:title\" content=\"It300 \u2014 lux\u00f3metro 20,000 lux - Abaa tienda online\" \/>\n<meta property=\"og:description\" content=\"&nbsp;  Caracter\u00edsticas:   Amplio alcance de hasta 40,000 fc o 400.000 lux con m\u00e1x. resoluci\u00f3n de hasta 0,01 fc\/lux.  El modo relativo indica cambios en los niveles de luz, el modo en picos captura la lectura m\u00e1s alta.  Fotosensor remoto en cable enrollado de 12&quot; (30.5 cm), expansible a 24&quot; (61 cm).  Utiliza un filtro de correcci\u00f3n de color y fotodiodos de precisi\u00f3n.  Pantalla LCD grande con visualizador de gr\u00e1ficos de barras anal\u00f3gico.  Pantalla retroiluminada para realizar lecturas con poca luz.  Completo con bater\u00eda de 9 V, fotosensor con tapa protectora, funda protectora y estuche blando.\" \/>\n<meta property=\"og:url\" content=\"https:\/\/abaa.mx\/tienda\/it300-luxometro-20000-lux\/\" \/>\n<meta property=\"og:site_name\" content=\"Abaa tienda online\" \/>\n<meta property=\"article:modified_time\" content=\"2023-12-12T17:51:13+00:00\" \/>\n<meta property=\"og:image\" content=\"https:\/\/abaa.mx\/tienda\/wp-content\/uploads\/2023\/12\/It300-\u2014-luxometro.jpg\" \/>\n\t<meta property=\"og:image:width\" content=\"1024\" \/>\n\t<meta property=\"og:image:height\" content=\"1024\" \/>\n\t<meta property=\"og:image:type\" content=\"image\/jpeg\" \/>\n<meta name=\"twitter:card\" content=\"summary_large_image\" \/>\n<meta name=\"twitter:label1\" content=\"Tiempo de lectura\" \/>\n\t<meta name=\"twitter:data1\" content=\"1 minuto\" \/>\n<script type=\"application\/ld+json\" class=\"yoast-schema-graph\">{\"@context\":\"https:\/\/schema.org\",\"@graph\":[{\"@type\":\"WebPage\",\"@id\":\"https:\/\/abaa.mx\/tienda\/it300-luxometro-20000-lux\/\",\"url\":\"https:\/\/abaa.mx\/tienda\/it300-luxometro-20000-lux\/\",\"name\":\"It300 \u2014 lux\u00f3metro 20,000 lux - Abaa tienda online\",\"isPartOf\":{\"@id\":\"https:\/\/abaa.mx\/tienda\/#website\"},\"primaryImageOfPage\":{\"@id\":\"https:\/\/abaa.mx\/tienda\/it300-luxometro-20000-lux\/#primaryimage\"},\"image\":{\"@id\":\"https:\/\/abaa.mx\/tienda\/it300-luxometro-20000-lux\/#primaryimage\"},\"thumbnailUrl\":\"https:\/\/abaa.mx\/tienda\/wp-content\/uploads\/2023\/12\/It300-\u2014-luxometro.jpg\",\"datePublished\":\"2023-12-12T17:51:12+00:00\",\"dateModified\":\"2023-12-12T17:51:13+00:00\",\"breadcrumb\":{\"@id\":\"https:\/\/abaa.mx\/tienda\/it300-luxometro-20000-lux\/#breadcrumb\"},\"inLanguage\":\"es\",\"potentialAction\":[{\"@type\":\"ReadAction\",\"target\":[\"https:\/\/abaa.mx\/tienda\/it300-luxometro-20000-lux\/\"]}]},{\"@type\":\"ImageObject\",\"inLanguage\":\"es\",\"@id\":\"https:\/\/abaa.mx\/tienda\/it300-luxometro-20000-lux\/#primaryimage\",\"url\":\"https:\/\/abaa.mx\/tienda\/wp-content\/uploads\/2023\/12\/It300-\u2014-luxometro.jpg\",\"contentUrl\":\"https:\/\/abaa.mx\/tienda\/wp-content\/uploads\/2023\/12\/It300-\u2014-luxometro.jpg\",\"width\":1024,\"height\":1024,\"caption\":\"It300 \u2014 lux\u00f3metro\"},{\"@type\":\"BreadcrumbList\",\"@id\":\"https:\/\/abaa.mx\/tienda\/it300-luxometro-20000-lux\/#breadcrumb\",\"itemListElement\":[{\"@type\":\"ListItem\",\"position\":1,\"name\":\"Inicio\",\"item\":\"https:\/\/abaa.mx\/tienda\/\"},{\"@type\":\"ListItem\",\"position\":2,\"name\":\"Tienda\",\"item\":\"https:\/\/abaa.mx\/tienda\/\"},{\"@type\":\"ListItem\",\"position\":3,\"name\":\"It300 \u2014 lux\u00f3metro 20,000 lux\"}]},{\"@type\":\"WebSite\",\"@id\":\"https:\/\/abaa.mx\/tienda\/#website\",\"url\":\"https:\/\/abaa.mx\/tienda\/\",\"name\":\"Abaa tienda online\",\"description\":\"Instrumentos de medici\u00f3n\",\"publisher\":{\"@id\":\"https:\/\/abaa.mx\/tienda\/#organization\"},\"potentialAction\":[{\"@type\":\"SearchAction\",\"target\":{\"@type\":\"EntryPoint\",\"urlTemplate\":\"https:\/\/abaa.mx\/tienda\/?s={search_term_string}\"},\"query-input\":{\"@type\":\"PropertyValueSpecification\",\"valueRequired\":true,\"valueName\":\"search_term_string\"}}],\"inLanguage\":\"es\"},{\"@type\":\"Organization\",\"@id\":\"https:\/\/abaa.mx\/tienda\/#organization\",\"name\":\"Abaa tienda online\",\"url\":\"https:\/\/abaa.mx\/tienda\/\",\"logo\":{\"@type\":\"ImageObject\",\"inLanguage\":\"es\",\"@id\":\"https:\/\/abaa.mx\/tienda\/#\/schema\/logo\/image\/\",\"url\":\"https:\/\/abaa.mx\/tienda\/wp-content\/uploads\/2024\/01\/abaa-metrologia-tienda.png\",\"contentUrl\":\"https:\/\/abaa.mx\/tienda\/wp-content\/uploads\/2024\/01\/abaa-metrologia-tienda.png\",\"width\":300,\"height\":141,\"caption\":\"Abaa tienda online\"},\"image\":{\"@id\":\"https:\/\/abaa.mx\/tienda\/#\/schema\/logo\/image\/\"}}]}<\/script>\n<!-- \/ Yoast SEO plugin. -->","yoast_head_json":{"title":"It300 \u2014 lux\u00f3metro 20,000 lux - Abaa tienda online","robots":{"index":"index","follow":"follow","max-snippet":"max-snippet:-1","max-image-preview":"max-image-preview:large","max-video-preview":"max-video-preview:-1"},"canonical":"https:\/\/abaa.mx\/tienda\/it300-luxometro-20000-lux\/","og_locale":"es_MX","og_type":"article","og_title":"It300 \u2014 lux\u00f3metro 20,000 lux - Abaa tienda online","og_description":"&nbsp;  Caracter\u00edsticas:   Amplio alcance de hasta 40,000 fc o 400.000 lux con m\u00e1x. resoluci\u00f3n de hasta 0,01 fc\/lux.  El modo relativo indica cambios en los niveles de luz, el modo en picos captura la lectura m\u00e1s alta.  Fotosensor remoto en cable enrollado de 12\" (30.5 cm), expansible a 24\" (61 cm).  Utiliza un filtro de correcci\u00f3n de color y fotodiodos de precisi\u00f3n.  Pantalla LCD grande con visualizador de gr\u00e1ficos de barras anal\u00f3gico.  Pantalla retroiluminada para realizar lecturas con poca luz.  Completo con bater\u00eda de 9 V, fotosensor con tapa protectora, funda protectora y estuche blando.","og_url":"https:\/\/abaa.mx\/tienda\/it300-luxometro-20000-lux\/","og_site_name":"Abaa tienda online","article_modified_time":"2023-12-12T17:51:13+00:00","og_image":[{"width":1024,"height":1024,"url":"https:\/\/abaa.mx\/tienda\/wp-content\/uploads\/2023\/12\/It300-\u2014-luxometro.jpg","type":"image\/jpeg"}],"twitter_card":"summary_large_image","twitter_misc":{"Tiempo de lectura":"1 minuto"},"schema":{"@context":"https:\/\/schema.org","@graph":[{"@type":"WebPage","@id":"https:\/\/abaa.mx\/tienda\/it300-luxometro-20000-lux\/","url":"https:\/\/abaa.mx\/tienda\/it300-luxometro-20000-lux\/","name":"It300 \u2014 lux\u00f3metro 20,000 lux - Abaa tienda online","isPartOf":{"@id":"https:\/\/abaa.mx\/tienda\/#website"},"primaryImageOfPage":{"@id":"https:\/\/abaa.mx\/tienda\/it300-luxometro-20000-lux\/#primaryimage"},"image":{"@id":"https:\/\/abaa.mx\/tienda\/it300-luxometro-20000-lux\/#primaryimage"},"thumbnailUrl":"https:\/\/abaa.mx\/tienda\/wp-content\/uploads\/2023\/12\/It300-\u2014-luxometro.jpg","datePublished":"2023-12-12T17:51:12+00:00","dateModified":"2023-12-12T17:51:13+00:00","breadcrumb":{"@id":"https:\/\/abaa.mx\/tienda\/it300-luxometro-20000-lux\/#breadcrumb"},"inLanguage":"es","potentialAction":[{"@type":"ReadAction","target":["https:\/\/abaa.mx\/tienda\/it300-luxometro-20000-lux\/"]}]},{"@type":"ImageObject","inLanguage":"es","@id":"https:\/\/abaa.mx\/tienda\/it300-luxometro-20000-lux\/#primaryimage","url":"https:\/\/abaa.mx\/tienda\/wp-content\/uploads\/2023\/12\/It300-\u2014-luxometro.jpg","contentUrl":"https:\/\/abaa.mx\/tienda\/wp-content\/uploads\/2023\/12\/It300-\u2014-luxometro.jpg","width":1024,"height":1024,"caption":"It300 \u2014 lux\u00f3metro"},{"@type":"BreadcrumbList","@id":"https:\/\/abaa.mx\/tienda\/it300-luxometro-20000-lux\/#breadcrumb","itemListElement":[{"@type":"ListItem","position":1,"name":"Inicio","item":"https:\/\/abaa.mx\/tienda\/"},{"@type":"ListItem","position":2,"name":"Tienda","item":"https:\/\/abaa.mx\/tienda\/"},{"@type":"ListItem","position":3,"name":"It300 \u2014 lux\u00f3metro 20,000 lux"}]},{"@type":"WebSite","@id":"https:\/\/abaa.mx\/tienda\/#website","url":"https:\/\/abaa.mx\/tienda\/","name":"Abaa tienda online","description":"Instrumentos de medici\u00f3n","publisher":{"@id":"https:\/\/abaa.mx\/tienda\/#organization"},"potentialAction":[{"@type":"SearchAction","target":{"@type":"EntryPoint","urlTemplate":"https:\/\/abaa.mx\/tienda\/?s={search_term_string}"},"query-input":{"@type":"PropertyValueSpecification","valueRequired":true,"valueName":"search_term_string"}}],"inLanguage":"es"},{"@type":"Organization","@id":"https:\/\/abaa.mx\/tienda\/#organization","name":"Abaa tienda online","url":"https:\/\/abaa.mx\/tienda\/","logo":{"@type":"ImageObject","inLanguage":"es","@id":"https:\/\/abaa.mx\/tienda\/#\/schema\/logo\/image\/","url":"https:\/\/abaa.mx\/tienda\/wp-content\/uploads\/2024\/01\/abaa-metrologia-tienda.png","contentUrl":"https:\/\/abaa.mx\/tienda\/wp-content\/uploads\/2024\/01\/abaa-metrologia-tienda.png","width":300,"height":141,"caption":"Abaa tienda online"},"image":{"@id":"https:\/\/abaa.mx\/tienda\/#\/schema\/logo\/image\/"}}]}},"_links":{"self":[{"href":"https:\/\/abaa.mx\/tienda\/wp-json\/wp\/v2\/product\/6533","targetHints":{"allow":["GET"]}}],"collection":[{"href":"https:\/\/abaa.mx\/tienda\/wp-json\/wp\/v2\/product"}],"about":[{"href":"https:\/\/abaa.mx\/tienda\/wp-json\/wp\/v2\/types\/product"}],"replies":[{"embeddable":true,"href":"https:\/\/abaa.mx\/tienda\/wp-json\/wp\/v2\/comments?post=6533"}],"wp:featuredmedia":[{"embeddable":true,"href":"https:\/\/abaa.mx\/tienda\/wp-json\/wp\/v2\/media\/9770"}],"wp:attachment":[{"href":"https:\/\/abaa.mx\/tienda\/wp-json\/wp\/v2\/media?parent=6533"}],"wp:term":[{"taxonomy":"product_brand","embeddable":true,"href":"https:\/\/abaa.mx\/tienda\/wp-json\/wp\/v2\/product_brand?post=6533"},{"taxonomy":"product_cat","embeddable":true,"href":"https:\/\/abaa.mx\/tienda\/wp-json\/wp\/v2\/product_cat?post=6533"},{"taxonomy":"product_tag","embeddable":true,"href":"https:\/\/abaa.mx\/tienda\/wp-json\/wp\/v2\/product_tag?post=6533"}],"curies":[{"name":"wp","href":"https:\/\/api.w.org\/{rel}","templated":true}]}}