{"id":6531,"date":"2023-10-18T16:57:18","date_gmt":"2023-10-18T16:57:18","guid":{"rendered":"https:\/\/abaa.mx\/tienda\/?post_type=product&#038;p=6531"},"modified":"2023-10-18T16:57:19","modified_gmt":"2023-10-18T16:57:19","slug":"mitutoyo-2044a-serie-2-indicador-de-cuadrante-estandar-con-lengueta-5-mm-metrico","status":"publish","type":"product","link":"https:\/\/abaa.mx\/tienda\/mitutoyo-2044a-serie-2-indicador-de-cuadrante-estandar-con-lengueta-5-mm-metrico\/","title":{"rendered":"Mitutoyo 2044a serie 2 indicador de cuadrante est\u00e1ndar con leng\u00fceta, 5 mm, m\u00e9trico"},"content":{"rendered":"<p>Obtenga lecturas precisas utilizando el indicador de car\u00e1tula est\u00e1ndar Mitutoyo 2044S Serie 2 con leng\u00fceta, que produce mediciones con una precisi\u00f3n de 0,01 mm. El dise\u00f1o resistente protege contra da\u00f1os y la cara permanece cristalina gracias a una junta t\u00f3rica que sella el agua y la humedad.<\/p>\n<h5><strong>Funciones<\/strong><\/h5>\n<ul>\n<li>Mide con una precisi\u00f3n de 0,01 mm<\/li>\n<li>Fabricado con un husillo de acero inoxidable de alta resistencia y un punto de contacto de carburo<\/li>\n<li>El gran engranaje de acero inoxidable resiste el desgaste y la deformaci\u00f3n<\/li>\n<li>El sello de la junta t\u00f3rica protege contra la infiltraci\u00f3n de aceite y agua a lo largo de la cara<\/li>\n<li>El cristal est\u00e1 protegido con un revestimiento resistente a los ara\u00f1azos y a los productos qu\u00edmicos<\/li>\n<li>Los pasadores de l\u00edmite y la abrazadera del marco exterior vienen de serie; La palanca de elevaci\u00f3n opcional se vende por separado<\/li>\n<li>Incluido con leng\u00fceta<\/li>\n<li>Fuerza: 1,4 N o menos<\/li>\n<\/ul>\n<h4>Especificaciones<\/h4>\n<table class=\"table table-striped\">\n<tbody>\n<tr>\n<td>Unidad(es) de medida admitida(s)<\/td>\n<td>mil\u00edmetro<\/td>\n<\/tr>\n<tr>\n<td>Rango de medici\u00f3n<\/td>\n<td>5 mm por revoluci\u00f3n de 1 mm<\/td>\n<\/tr>\n<tr>\n<td>Exactitud<\/td>\n<td>0,012 mil\u00edmetros<\/td>\n<\/tr>\n<tr>\n<td>Lectura de dial<\/td>\n<td>De 0 a 100<\/td>\n<\/tr>\n<tr>\n<td>Color de la esfera<\/td>\n<td>Blanco<\/td>\n<\/tr>\n<tr>\n<td>Medidas de graduaci\u00f3n<\/td>\n<td>Mil\u00edmetros<\/td>\n<\/tr>\n<tr>\n<td>Ancho del producto<\/td>\n<td>Di\u00e1metro exterior de 2,2&#8243; (57 mm)<\/td>\n<\/tr>\n<\/tbody>\n<\/table>\n","protected":false},"excerpt":{"rendered":"<p class=\"short-description mhide ipad-view-setting\">Este comparador cuenta con un engranaje resistente al desgaste y una junta t\u00f3rica. Las graduaciones le permiten medir hasta 0,01 mm m\u00e1s cercanos.<\/p>\n<p class=\"comment-tag-product\">\n<div class=\"row-fluid\">\n<div class=\"span12 mobile-pricing-box-padding\">\n<form id=\"139793\" accept-charset=\"utf-8\" action=\"https:\/\/www.globaltestsupply.com\/shop\/add\" method=\"post\" name=\"addTocartFunction\">\n<div><\/div>\n<\/form>\n<\/div>\n<\/div>\n","protected":false},"featured_media":6539,"comment_status":"open","ping_status":"closed","template":"","meta":{"_joinchat":[]},"product_brand":[],"product_cat":[15],"product_tag":[],"class_list":{"0":"post-6531","1":"product","2":"type-product","3":"status-publish","4":"has-post-thumbnail","6":"product_cat-sin-categorizar","8":"first","9":"instock","10":"shipping-taxable","11":"product-type-simple"},"yoast_head":"<!-- This site is optimized with the Yoast SEO plugin v26.4 - https:\/\/yoast.com\/wordpress\/plugins\/seo\/ -->\n<title>Mitutoyo 2044a serie 2 indicador de cuadrante est\u00e1ndar con leng\u00fceta, 5 mm, m\u00e9trico - Abaa tienda online<\/title>\n<meta name=\"robots\" content=\"index, follow, max-snippet:-1, max-image-preview:large, max-video-preview:-1\" \/>\n<link rel=\"canonical\" href=\"https:\/\/abaa.mx\/tienda\/mitutoyo-2044a-serie-2-indicador-de-cuadrante-estandar-con-lengueta-5-mm-metrico\/\" \/>\n<meta property=\"og:locale\" content=\"es_MX\" \/>\n<meta property=\"og:type\" content=\"article\" \/>\n<meta property=\"og:title\" content=\"Mitutoyo 2044a serie 2 indicador de cuadrante est\u00e1ndar con leng\u00fceta, 5 mm, m\u00e9trico - Abaa tienda online\" \/>\n<meta property=\"og:description\" content=\"Este comparador cuenta con un engranaje resistente al desgaste y una junta t\u00f3rica. Las graduaciones le permiten medir hasta 0,01 mm m\u00e1s cercanos.\" \/>\n<meta property=\"og:url\" content=\"https:\/\/abaa.mx\/tienda\/mitutoyo-2044a-serie-2-indicador-de-cuadrante-estandar-con-lengueta-5-mm-metrico\/\" \/>\n<meta property=\"og:site_name\" content=\"Abaa tienda online\" \/>\n<meta property=\"article:modified_time\" content=\"2023-10-18T16:57:19+00:00\" \/>\n<meta property=\"og:image\" content=\"https:\/\/abaa.mx\/tienda\/wp-content\/uploads\/2023\/10\/2044A.jpg\" \/>\n\t<meta property=\"og:image:width\" content=\"334\" \/>\n\t<meta property=\"og:image:height\" content=\"445\" \/>\n\t<meta property=\"og:image:type\" content=\"image\/jpeg\" \/>\n<meta name=\"twitter:card\" content=\"summary_large_image\" \/>\n<meta name=\"twitter:label1\" content=\"Tiempo de lectura\" \/>\n\t<meta name=\"twitter:data1\" content=\"1 minuto\" \/>\n<script type=\"application\/ld+json\" class=\"yoast-schema-graph\">{\"@context\":\"https:\/\/schema.org\",\"@graph\":[{\"@type\":\"WebPage\",\"@id\":\"https:\/\/abaa.mx\/tienda\/mitutoyo-2044a-serie-2-indicador-de-cuadrante-estandar-con-lengueta-5-mm-metrico\/\",\"url\":\"https:\/\/abaa.mx\/tienda\/mitutoyo-2044a-serie-2-indicador-de-cuadrante-estandar-con-lengueta-5-mm-metrico\/\",\"name\":\"Mitutoyo 2044a serie 2 indicador de cuadrante est\u00e1ndar con leng\u00fceta, 5 mm, m\u00e9trico - Abaa tienda online\",\"isPartOf\":{\"@id\":\"https:\/\/abaa.mx\/tienda\/#website\"},\"primaryImageOfPage\":{\"@id\":\"https:\/\/abaa.mx\/tienda\/mitutoyo-2044a-serie-2-indicador-de-cuadrante-estandar-con-lengueta-5-mm-metrico\/#primaryimage\"},\"image\":{\"@id\":\"https:\/\/abaa.mx\/tienda\/mitutoyo-2044a-serie-2-indicador-de-cuadrante-estandar-con-lengueta-5-mm-metrico\/#primaryimage\"},\"thumbnailUrl\":\"https:\/\/abaa.mx\/tienda\/wp-content\/uploads\/2023\/10\/2044A.jpg\",\"datePublished\":\"2023-10-18T16:57:18+00:00\",\"dateModified\":\"2023-10-18T16:57:19+00:00\",\"breadcrumb\":{\"@id\":\"https:\/\/abaa.mx\/tienda\/mitutoyo-2044a-serie-2-indicador-de-cuadrante-estandar-con-lengueta-5-mm-metrico\/#breadcrumb\"},\"inLanguage\":\"es\",\"potentialAction\":[{\"@type\":\"ReadAction\",\"target\":[\"https:\/\/abaa.mx\/tienda\/mitutoyo-2044a-serie-2-indicador-de-cuadrante-estandar-con-lengueta-5-mm-metrico\/\"]}]},{\"@type\":\"ImageObject\",\"inLanguage\":\"es\",\"@id\":\"https:\/\/abaa.mx\/tienda\/mitutoyo-2044a-serie-2-indicador-de-cuadrante-estandar-con-lengueta-5-mm-metrico\/#primaryimage\",\"url\":\"https:\/\/abaa.mx\/tienda\/wp-content\/uploads\/2023\/10\/2044A.jpg\",\"contentUrl\":\"https:\/\/abaa.mx\/tienda\/wp-content\/uploads\/2023\/10\/2044A.jpg\",\"width\":334,\"height\":445,\"caption\":\"mitutoyo-2044a-serie-2-indicador-de-cuadrante-estandar-con-lengueta-5-mm-metrico\"},{\"@type\":\"BreadcrumbList\",\"@id\":\"https:\/\/abaa.mx\/tienda\/mitutoyo-2044a-serie-2-indicador-de-cuadrante-estandar-con-lengueta-5-mm-metrico\/#breadcrumb\",\"itemListElement\":[{\"@type\":\"ListItem\",\"position\":1,\"name\":\"Inicio\",\"item\":\"https:\/\/abaa.mx\/tienda\/\"},{\"@type\":\"ListItem\",\"position\":2,\"name\":\"Tienda\",\"item\":\"https:\/\/abaa.mx\/tienda\/\"},{\"@type\":\"ListItem\",\"position\":3,\"name\":\"Mitutoyo 2044a serie 2 indicador de cuadrante est\u00e1ndar con leng\u00fceta, 5 mm, m\u00e9trico\"}]},{\"@type\":\"WebSite\",\"@id\":\"https:\/\/abaa.mx\/tienda\/#website\",\"url\":\"https:\/\/abaa.mx\/tienda\/\",\"name\":\"Abaa tienda online\",\"description\":\"Instrumentos de medici\u00f3n\",\"publisher\":{\"@id\":\"https:\/\/abaa.mx\/tienda\/#organization\"},\"potentialAction\":[{\"@type\":\"SearchAction\",\"target\":{\"@type\":\"EntryPoint\",\"urlTemplate\":\"https:\/\/abaa.mx\/tienda\/?s={search_term_string}\"},\"query-input\":{\"@type\":\"PropertyValueSpecification\",\"valueRequired\":true,\"valueName\":\"search_term_string\"}}],\"inLanguage\":\"es\"},{\"@type\":\"Organization\",\"@id\":\"https:\/\/abaa.mx\/tienda\/#organization\",\"name\":\"Abaa tienda online\",\"url\":\"https:\/\/abaa.mx\/tienda\/\",\"logo\":{\"@type\":\"ImageObject\",\"inLanguage\":\"es\",\"@id\":\"https:\/\/abaa.mx\/tienda\/#\/schema\/logo\/image\/\",\"url\":\"https:\/\/abaa.mx\/tienda\/wp-content\/uploads\/2024\/01\/abaa-metrologia-tienda.png\",\"contentUrl\":\"https:\/\/abaa.mx\/tienda\/wp-content\/uploads\/2024\/01\/abaa-metrologia-tienda.png\",\"width\":300,\"height\":141,\"caption\":\"Abaa tienda online\"},\"image\":{\"@id\":\"https:\/\/abaa.mx\/tienda\/#\/schema\/logo\/image\/\"}}]}<\/script>\n<!-- \/ Yoast SEO plugin. -->","yoast_head_json":{"title":"Mitutoyo 2044a serie 2 indicador de cuadrante est\u00e1ndar con leng\u00fceta, 5 mm, m\u00e9trico - Abaa tienda online","robots":{"index":"index","follow":"follow","max-snippet":"max-snippet:-1","max-image-preview":"max-image-preview:large","max-video-preview":"max-video-preview:-1"},"canonical":"https:\/\/abaa.mx\/tienda\/mitutoyo-2044a-serie-2-indicador-de-cuadrante-estandar-con-lengueta-5-mm-metrico\/","og_locale":"es_MX","og_type":"article","og_title":"Mitutoyo 2044a serie 2 indicador de cuadrante est\u00e1ndar con leng\u00fceta, 5 mm, m\u00e9trico - Abaa tienda online","og_description":"Este comparador cuenta con un engranaje resistente al desgaste y una junta t\u00f3rica. Las graduaciones le permiten medir hasta 0,01 mm m\u00e1s cercanos.","og_url":"https:\/\/abaa.mx\/tienda\/mitutoyo-2044a-serie-2-indicador-de-cuadrante-estandar-con-lengueta-5-mm-metrico\/","og_site_name":"Abaa tienda online","article_modified_time":"2023-10-18T16:57:19+00:00","og_image":[{"width":334,"height":445,"url":"https:\/\/abaa.mx\/tienda\/wp-content\/uploads\/2023\/10\/2044A.jpg","type":"image\/jpeg"}],"twitter_card":"summary_large_image","twitter_misc":{"Tiempo de lectura":"1 minuto"},"schema":{"@context":"https:\/\/schema.org","@graph":[{"@type":"WebPage","@id":"https:\/\/abaa.mx\/tienda\/mitutoyo-2044a-serie-2-indicador-de-cuadrante-estandar-con-lengueta-5-mm-metrico\/","url":"https:\/\/abaa.mx\/tienda\/mitutoyo-2044a-serie-2-indicador-de-cuadrante-estandar-con-lengueta-5-mm-metrico\/","name":"Mitutoyo 2044a serie 2 indicador de cuadrante est\u00e1ndar con leng\u00fceta, 5 mm, m\u00e9trico - Abaa tienda online","isPartOf":{"@id":"https:\/\/abaa.mx\/tienda\/#website"},"primaryImageOfPage":{"@id":"https:\/\/abaa.mx\/tienda\/mitutoyo-2044a-serie-2-indicador-de-cuadrante-estandar-con-lengueta-5-mm-metrico\/#primaryimage"},"image":{"@id":"https:\/\/abaa.mx\/tienda\/mitutoyo-2044a-serie-2-indicador-de-cuadrante-estandar-con-lengueta-5-mm-metrico\/#primaryimage"},"thumbnailUrl":"https:\/\/abaa.mx\/tienda\/wp-content\/uploads\/2023\/10\/2044A.jpg","datePublished":"2023-10-18T16:57:18+00:00","dateModified":"2023-10-18T16:57:19+00:00","breadcrumb":{"@id":"https:\/\/abaa.mx\/tienda\/mitutoyo-2044a-serie-2-indicador-de-cuadrante-estandar-con-lengueta-5-mm-metrico\/#breadcrumb"},"inLanguage":"es","potentialAction":[{"@type":"ReadAction","target":["https:\/\/abaa.mx\/tienda\/mitutoyo-2044a-serie-2-indicador-de-cuadrante-estandar-con-lengueta-5-mm-metrico\/"]}]},{"@type":"ImageObject","inLanguage":"es","@id":"https:\/\/abaa.mx\/tienda\/mitutoyo-2044a-serie-2-indicador-de-cuadrante-estandar-con-lengueta-5-mm-metrico\/#primaryimage","url":"https:\/\/abaa.mx\/tienda\/wp-content\/uploads\/2023\/10\/2044A.jpg","contentUrl":"https:\/\/abaa.mx\/tienda\/wp-content\/uploads\/2023\/10\/2044A.jpg","width":334,"height":445,"caption":"mitutoyo-2044a-serie-2-indicador-de-cuadrante-estandar-con-lengueta-5-mm-metrico"},{"@type":"BreadcrumbList","@id":"https:\/\/abaa.mx\/tienda\/mitutoyo-2044a-serie-2-indicador-de-cuadrante-estandar-con-lengueta-5-mm-metrico\/#breadcrumb","itemListElement":[{"@type":"ListItem","position":1,"name":"Inicio","item":"https:\/\/abaa.mx\/tienda\/"},{"@type":"ListItem","position":2,"name":"Tienda","item":"https:\/\/abaa.mx\/tienda\/"},{"@type":"ListItem","position":3,"name":"Mitutoyo 2044a serie 2 indicador de cuadrante est\u00e1ndar con leng\u00fceta, 5 mm, m\u00e9trico"}]},{"@type":"WebSite","@id":"https:\/\/abaa.mx\/tienda\/#website","url":"https:\/\/abaa.mx\/tienda\/","name":"Abaa tienda online","description":"Instrumentos de medici\u00f3n","publisher":{"@id":"https:\/\/abaa.mx\/tienda\/#organization"},"potentialAction":[{"@type":"SearchAction","target":{"@type":"EntryPoint","urlTemplate":"https:\/\/abaa.mx\/tienda\/?s={search_term_string}"},"query-input":{"@type":"PropertyValueSpecification","valueRequired":true,"valueName":"search_term_string"}}],"inLanguage":"es"},{"@type":"Organization","@id":"https:\/\/abaa.mx\/tienda\/#organization","name":"Abaa tienda online","url":"https:\/\/abaa.mx\/tienda\/","logo":{"@type":"ImageObject","inLanguage":"es","@id":"https:\/\/abaa.mx\/tienda\/#\/schema\/logo\/image\/","url":"https:\/\/abaa.mx\/tienda\/wp-content\/uploads\/2024\/01\/abaa-metrologia-tienda.png","contentUrl":"https:\/\/abaa.mx\/tienda\/wp-content\/uploads\/2024\/01\/abaa-metrologia-tienda.png","width":300,"height":141,"caption":"Abaa tienda online"},"image":{"@id":"https:\/\/abaa.mx\/tienda\/#\/schema\/logo\/image\/"}}]}},"_links":{"self":[{"href":"https:\/\/abaa.mx\/tienda\/wp-json\/wp\/v2\/product\/6531","targetHints":{"allow":["GET"]}}],"collection":[{"href":"https:\/\/abaa.mx\/tienda\/wp-json\/wp\/v2\/product"}],"about":[{"href":"https:\/\/abaa.mx\/tienda\/wp-json\/wp\/v2\/types\/product"}],"replies":[{"embeddable":true,"href":"https:\/\/abaa.mx\/tienda\/wp-json\/wp\/v2\/comments?post=6531"}],"wp:featuredmedia":[{"embeddable":true,"href":"https:\/\/abaa.mx\/tienda\/wp-json\/wp\/v2\/media\/6539"}],"wp:attachment":[{"href":"https:\/\/abaa.mx\/tienda\/wp-json\/wp\/v2\/media?parent=6531"}],"wp:term":[{"taxonomy":"product_brand","embeddable":true,"href":"https:\/\/abaa.mx\/tienda\/wp-json\/wp\/v2\/product_brand?post=6531"},{"taxonomy":"product_cat","embeddable":true,"href":"https:\/\/abaa.mx\/tienda\/wp-json\/wp\/v2\/product_cat?post=6531"},{"taxonomy":"product_tag","embeddable":true,"href":"https:\/\/abaa.mx\/tienda\/wp-json\/wp\/v2\/product_tag?post=6531"}],"curies":[{"name":"wp","href":"https:\/\/api.w.org\/{rel}","templated":true}]}}