{"id":6434,"date":"2023-10-18T15:20:40","date_gmt":"2023-10-18T15:20:40","guid":{"rendered":"https:\/\/abaa.mx\/tienda\/?post_type=product&#038;p=6434"},"modified":"2023-11-29T16:55:30","modified_gmt":"2023-11-29T16:55:30","slug":"mitutoyo-543-712b-serie-543-indicador-digimatic-id-c-abs-de-alto-rendimiento-con-parte-posterior-plana-05-127-mm-pulgadas-metrico","status":"publish","type":"product","link":"https:\/\/abaa.mx\/tienda\/mitutoyo-543-712b-serie-543-indicador-digimatic-id-c-abs-de-alto-rendimiento-con-parte-posterior-plana-05-127-mm-pulgadas-metrico\/","title":{"rendered":"mitutoyo 543-712b serie 543 indicador digimatic id-c abs de alto rendimiento con parte posterior plana, 0,5&#8243;-12,7 mm, pulgadas-m\u00e9trico"},"content":{"rendered":"<p><strong>Funciones<\/strong><\/p>\n<ul>\n<li>La comunicaci\u00f3n en serie bidireccional ayuda a aumentar la eficiencia del trabajo<\/li>\n<li>Satisfacer la necesidad de mediciones m\u00e1s precisas<\/li>\n<li>Funci\u00f3n de notificaci\u00f3n del per\u00edodo de calibraci\u00f3n: la pantalla LCD muestra un icono para notificar al usuario cuando se acerca el tiempo de calibraci\u00f3n establecido<\/li>\n<li>Mejore dr\u00e1sticamente la eficiencia del trabajo conect\u00e1ndose y vincul\u00e1ndose con una PC<\/li>\n<li>El ajuste a cero por lotes y el funcionamiento de encendido\/apagado, etc. de varias unidades es posible gracias al uso del software dedicado &#8220;USB-ITPAK&#8221;<\/li>\n<li>Se pueden configurar varias funciones desde USB-ITPAK<\/li>\n<li>El contenido de varias configuraciones de funciones se puede guardar en una PC y las mismas configuraciones se pueden copiar en otras unidades<\/li>\n<li>La pantalla grande puede mostrar informaci\u00f3n diversa de una manera f\u00e1cil de leer<\/li>\n<li>La barra anal\u00f3gica es conveniente para observar movimientos sutiles como el acercamiento a la tolerancia<\/li>\n<li>La facilidad de uso se mejora considerablemente gracias a tres botones grandes; Configure libremente las funciones de uso frecuente en estos botones<\/li>\n<li>Funci\u00f3n de c\u00e1lculo simple: el resultado del valor de movimiento del husillo multiplicado por el coeficiente de c\u00e1lculo se puede mostrar en tiempo real<\/li>\n<li>Fabricado para cumplir con los est\u00e1ndares ASME\/ANSI\/AGD<\/li>\n<\/ul>\n<p><strong>Aplicaciones<\/strong><\/p>\n<ul>\n<li>Aeroespacial<\/li>\n<li>Automotor<\/li>\n<li>Defensa<\/li>\n<li>Electr\u00f3nica<\/li>\n<li>Energ\u00eda<\/li>\n<li>Fabricaci\u00f3n general<\/li>\n<li>Pl\u00e1sticos y caucho<\/li>\n<\/ul>\n<h4>Mitutoyo 543-712B Especificaciones<\/h4>\n<table class=\"table table-striped\">\n<tbody>\n<tr>\n<td>Gama<\/td>\n<td>0,5&#8243;\/12,7 mm<\/td>\n<\/tr>\n<tr>\n<td>Resoluci\u00f3n<\/td>\n<td>0,0005&#8243;\/0,01 mm<\/td>\n<\/tr>\n<tr>\n<td>Error m\u00e1ximo permitido<\/td>\n<td>MPE: \u00b10,001&#8243;\/0,02 mm Hist\u00e9resis: 0,001&#8243;\/0,02 mm Repetibilidad: 0,0005&#8243;\/0,01 mm<\/td>\n<\/tr>\n<tr>\n<td>Fuerza de medici\u00f3n<\/td>\n<td>0,9 N o menos<\/td>\n<\/tr>\n<tr>\n<td>Interfaz<\/td>\n<td>d1\/S1<\/td>\n<\/tr>\n<tr>\n<td>M\u00e9todo de detecci\u00f3n<\/td>\n<td>Codificador lineal absoluto de tipo capacitancia electrost\u00e1tica<\/td>\n<\/tr>\n<tr>\n<td>Velocidad de respuesta<\/td>\n<td>Sin l\u00edmite<\/td>\n<\/tr>\n<tr>\n<td>Errores\/Alarmas<\/td>\n<td>Varios errores de configuraci\u00f3n, error del sensor, desbordamiento de la pantalla, etc.<\/td>\n<\/tr>\n<tr>\n<td>Posible direcci\u00f3n del \u00e9mbolo<\/td>\n<td>Todas las direcciones<\/td>\n<\/tr>\n<tr>\n<td>Monitor<\/td>\n<td>Altura de siete segmentos: 0,43&#8243; (11 mm); barra anal\u00f3gica (escala \u00b120)<br \/>\nRotaci\u00f3n: 330\u00b0<\/td>\n<\/tr>\n<tr>\n<td>Condiciones ambientales<\/td>\n<td>Temperatura de funcionamiento: 32 a 104 \u00b0F (0 a 40 \u00b0C)Temperatura de almacenamiento: 14 a 140 \u00b0F (-10 a 60 \u00b0C)<\/p>\n<p>Nivel de protecci\u00f3n: Equivalente a IP42<\/td>\n<\/tr>\n<tr>\n<td>Fuente de alimentaci\u00f3n<\/td>\n<td>Bater\u00eda de metal de litio CR2032<br \/>\nDuraci\u00f3n de la bater\u00eda: Aproximadamente 2,5 a\u00f1os (uso normal)\/2700 horas (uso continuo)<\/td>\n<\/tr>\n<tr>\n<td>Tipo de espalda<\/td>\n<td>Espalda plana<\/td>\n<\/tr>\n<tr>\n<td>Punto de contacto<\/td>\n<td>4-48 UNF<\/td>\n<\/tr>\n<tr>\n<td>Di\u00e1metro del v\u00e1stago<\/td>\n<td>0,38&#8243; (9,53 mm)<\/td>\n<\/tr>\n<tr>\n<td>Dimensiones<\/td>\n<td>\u00d82,32 x 4,49 x 1,5&#8243; (\u00d858,9 x 114,1 x 38,1 mm)<\/td>\n<\/tr>\n<tr>\n<td>Peso<\/td>\n<td>160 g (5,6 onzas)<\/td>\n<\/tr>\n<\/tbody>\n<\/table>\n","protected":false},"excerpt":{"rendered":"<p class=\"short-description mhide ipad-view-setting\">Preciso y resistente, este indicador digital mide hasta 0,5&#8243;\/12,7 mm y cuenta con comunicaci\u00f3n en serie bidireccional para ayudar a aumentar la eficiencia del trabajo. Adem\u00e1s, este indicador garantiza que las operaciones de medici\u00f3n sean fluidas y precisas.<\/p>\n<div class=\"row-fluid\">\n<div class=\"span12 mobile-pricing-box-padding\">\n<form id=\"53842\" accept-charset=\"utf-8\" action=\"https:\/\/www.globaltestsupply.com\/shop\/add\" method=\"post\" name=\"addTocartFunction\">\n<div><\/div>\n<\/form>\n<\/div>\n<\/div>\n","protected":false},"featured_media":6453,"comment_status":"open","ping_status":"closed","template":"","meta":{"_joinchat":[]},"product_brand":[],"product_cat":[15],"product_tag":[],"class_list":{"0":"post-6434","1":"product","2":"type-product","3":"status-publish","4":"has-post-thumbnail","6":"product_cat-sin-categorizar","8":"first","9":"instock","10":"shipping-taxable","11":"product-type-simple"},"yoast_head":"<!-- This site is optimized with the Yoast SEO plugin v26.4 - https:\/\/yoast.com\/wordpress\/plugins\/seo\/ -->\n<title>mitutoyo 543-712b serie 543 indicador digimatic id-c abs de alto rendimiento con parte posterior plana, 0,5&quot;-12,7 mm, pulgadas-m\u00e9trico - Abaa tienda online<\/title>\n<meta name=\"robots\" content=\"index, follow, max-snippet:-1, max-image-preview:large, max-video-preview:-1\" \/>\n<link rel=\"canonical\" href=\"https:\/\/abaa.mx\/tienda\/mitutoyo-543-712b-serie-543-indicador-digimatic-id-c-abs-de-alto-rendimiento-con-parte-posterior-plana-05-127-mm-pulgadas-metrico\/\" \/>\n<meta property=\"og:locale\" content=\"es_MX\" \/>\n<meta property=\"og:type\" content=\"article\" \/>\n<meta property=\"og:title\" content=\"mitutoyo 543-712b serie 543 indicador digimatic id-c abs de alto rendimiento con parte posterior plana, 0,5&quot;-12,7 mm, pulgadas-m\u00e9trico - Abaa tienda online\" \/>\n<meta property=\"og:description\" content=\"Preciso y resistente, este indicador digital mide hasta 0,5&quot;\/12,7 mm y cuenta con comunicaci\u00f3n en serie bidireccional para ayudar a aumentar la eficiencia del trabajo. Adem\u00e1s, este indicador garantiza que las operaciones de medici\u00f3n sean fluidas y precisas.\" \/>\n<meta property=\"og:url\" content=\"https:\/\/abaa.mx\/tienda\/mitutoyo-543-712b-serie-543-indicador-digimatic-id-c-abs-de-alto-rendimiento-con-parte-posterior-plana-05-127-mm-pulgadas-metrico\/\" \/>\n<meta property=\"og:site_name\" content=\"Abaa tienda online\" \/>\n<meta property=\"article:modified_time\" content=\"2023-11-29T16:55:30+00:00\" \/>\n<meta property=\"og:image\" content=\"https:\/\/abaa.mx\/tienda\/wp-content\/uploads\/2023\/10\/543-712B.jpg\" \/>\n\t<meta property=\"og:image:width\" content=\"270\" \/>\n\t<meta property=\"og:image:height\" content=\"492\" \/>\n\t<meta property=\"og:image:type\" content=\"image\/jpeg\" \/>\n<meta name=\"twitter:card\" content=\"summary_large_image\" \/>\n<meta name=\"twitter:label1\" content=\"Tiempo de lectura\" \/>\n\t<meta name=\"twitter:data1\" content=\"2 minutos\" \/>\n<script type=\"application\/ld+json\" class=\"yoast-schema-graph\">{\"@context\":\"https:\/\/schema.org\",\"@graph\":[{\"@type\":\"WebPage\",\"@id\":\"https:\/\/abaa.mx\/tienda\/mitutoyo-543-712b-serie-543-indicador-digimatic-id-c-abs-de-alto-rendimiento-con-parte-posterior-plana-05-127-mm-pulgadas-metrico\/\",\"url\":\"https:\/\/abaa.mx\/tienda\/mitutoyo-543-712b-serie-543-indicador-digimatic-id-c-abs-de-alto-rendimiento-con-parte-posterior-plana-05-127-mm-pulgadas-metrico\/\",\"name\":\"mitutoyo 543-712b serie 543 indicador digimatic id-c abs de alto rendimiento con parte posterior plana, 0,5\\\"-12,7 mm, pulgadas-m\u00e9trico - Abaa tienda online\",\"isPartOf\":{\"@id\":\"https:\/\/abaa.mx\/tienda\/#website\"},\"primaryImageOfPage\":{\"@id\":\"https:\/\/abaa.mx\/tienda\/mitutoyo-543-712b-serie-543-indicador-digimatic-id-c-abs-de-alto-rendimiento-con-parte-posterior-plana-05-127-mm-pulgadas-metrico\/#primaryimage\"},\"image\":{\"@id\":\"https:\/\/abaa.mx\/tienda\/mitutoyo-543-712b-serie-543-indicador-digimatic-id-c-abs-de-alto-rendimiento-con-parte-posterior-plana-05-127-mm-pulgadas-metrico\/#primaryimage\"},\"thumbnailUrl\":\"https:\/\/abaa.mx\/tienda\/wp-content\/uploads\/2023\/10\/543-712B.jpg\",\"datePublished\":\"2023-10-18T15:20:40+00:00\",\"dateModified\":\"2023-11-29T16:55:30+00:00\",\"breadcrumb\":{\"@id\":\"https:\/\/abaa.mx\/tienda\/mitutoyo-543-712b-serie-543-indicador-digimatic-id-c-abs-de-alto-rendimiento-con-parte-posterior-plana-05-127-mm-pulgadas-metrico\/#breadcrumb\"},\"inLanguage\":\"es\",\"potentialAction\":[{\"@type\":\"ReadAction\",\"target\":[\"https:\/\/abaa.mx\/tienda\/mitutoyo-543-712b-serie-543-indicador-digimatic-id-c-abs-de-alto-rendimiento-con-parte-posterior-plana-05-127-mm-pulgadas-metrico\/\"]}]},{\"@type\":\"ImageObject\",\"inLanguage\":\"es\",\"@id\":\"https:\/\/abaa.mx\/tienda\/mitutoyo-543-712b-serie-543-indicador-digimatic-id-c-abs-de-alto-rendimiento-con-parte-posterior-plana-05-127-mm-pulgadas-metrico\/#primaryimage\",\"url\":\"https:\/\/abaa.mx\/tienda\/wp-content\/uploads\/2023\/10\/543-712B.jpg\",\"contentUrl\":\"https:\/\/abaa.mx\/tienda\/wp-content\/uploads\/2023\/10\/543-712B.jpg\",\"width\":270,\"height\":492,\"caption\":\"543-712B\"},{\"@type\":\"BreadcrumbList\",\"@id\":\"https:\/\/abaa.mx\/tienda\/mitutoyo-543-712b-serie-543-indicador-digimatic-id-c-abs-de-alto-rendimiento-con-parte-posterior-plana-05-127-mm-pulgadas-metrico\/#breadcrumb\",\"itemListElement\":[{\"@type\":\"ListItem\",\"position\":1,\"name\":\"Inicio\",\"item\":\"https:\/\/abaa.mx\/tienda\/\"},{\"@type\":\"ListItem\",\"position\":2,\"name\":\"Tienda\",\"item\":\"https:\/\/abaa.mx\/tienda\/\"},{\"@type\":\"ListItem\",\"position\":3,\"name\":\"mitutoyo 543-712b serie 543 indicador digimatic id-c abs de alto rendimiento con parte posterior plana, 0,5&#8243;-12,7 mm, pulgadas-m\u00e9trico\"}]},{\"@type\":\"WebSite\",\"@id\":\"https:\/\/abaa.mx\/tienda\/#website\",\"url\":\"https:\/\/abaa.mx\/tienda\/\",\"name\":\"Abaa tienda online\",\"description\":\"Instrumentos de medici\u00f3n\",\"publisher\":{\"@id\":\"https:\/\/abaa.mx\/tienda\/#organization\"},\"potentialAction\":[{\"@type\":\"SearchAction\",\"target\":{\"@type\":\"EntryPoint\",\"urlTemplate\":\"https:\/\/abaa.mx\/tienda\/?s={search_term_string}\"},\"query-input\":{\"@type\":\"PropertyValueSpecification\",\"valueRequired\":true,\"valueName\":\"search_term_string\"}}],\"inLanguage\":\"es\"},{\"@type\":\"Organization\",\"@id\":\"https:\/\/abaa.mx\/tienda\/#organization\",\"name\":\"Abaa tienda online\",\"url\":\"https:\/\/abaa.mx\/tienda\/\",\"logo\":{\"@type\":\"ImageObject\",\"inLanguage\":\"es\",\"@id\":\"https:\/\/abaa.mx\/tienda\/#\/schema\/logo\/image\/\",\"url\":\"https:\/\/abaa.mx\/tienda\/wp-content\/uploads\/2024\/01\/abaa-metrologia-tienda.png\",\"contentUrl\":\"https:\/\/abaa.mx\/tienda\/wp-content\/uploads\/2024\/01\/abaa-metrologia-tienda.png\",\"width\":300,\"height\":141,\"caption\":\"Abaa tienda online\"},\"image\":{\"@id\":\"https:\/\/abaa.mx\/tienda\/#\/schema\/logo\/image\/\"}}]}<\/script>\n<!-- \/ Yoast SEO plugin. -->","yoast_head_json":{"title":"mitutoyo 543-712b serie 543 indicador digimatic id-c abs de alto rendimiento con parte posterior plana, 0,5\"-12,7 mm, pulgadas-m\u00e9trico - Abaa tienda online","robots":{"index":"index","follow":"follow","max-snippet":"max-snippet:-1","max-image-preview":"max-image-preview:large","max-video-preview":"max-video-preview:-1"},"canonical":"https:\/\/abaa.mx\/tienda\/mitutoyo-543-712b-serie-543-indicador-digimatic-id-c-abs-de-alto-rendimiento-con-parte-posterior-plana-05-127-mm-pulgadas-metrico\/","og_locale":"es_MX","og_type":"article","og_title":"mitutoyo 543-712b serie 543 indicador digimatic id-c abs de alto rendimiento con parte posterior plana, 0,5\"-12,7 mm, pulgadas-m\u00e9trico - Abaa tienda online","og_description":"Preciso y resistente, este indicador digital mide hasta 0,5\"\/12,7 mm y cuenta con comunicaci\u00f3n en serie bidireccional para ayudar a aumentar la eficiencia del trabajo. Adem\u00e1s, este indicador garantiza que las operaciones de medici\u00f3n sean fluidas y precisas.","og_url":"https:\/\/abaa.mx\/tienda\/mitutoyo-543-712b-serie-543-indicador-digimatic-id-c-abs-de-alto-rendimiento-con-parte-posterior-plana-05-127-mm-pulgadas-metrico\/","og_site_name":"Abaa tienda online","article_modified_time":"2023-11-29T16:55:30+00:00","og_image":[{"width":270,"height":492,"url":"https:\/\/abaa.mx\/tienda\/wp-content\/uploads\/2023\/10\/543-712B.jpg","type":"image\/jpeg"}],"twitter_card":"summary_large_image","twitter_misc":{"Tiempo de lectura":"2 minutos"},"schema":{"@context":"https:\/\/schema.org","@graph":[{"@type":"WebPage","@id":"https:\/\/abaa.mx\/tienda\/mitutoyo-543-712b-serie-543-indicador-digimatic-id-c-abs-de-alto-rendimiento-con-parte-posterior-plana-05-127-mm-pulgadas-metrico\/","url":"https:\/\/abaa.mx\/tienda\/mitutoyo-543-712b-serie-543-indicador-digimatic-id-c-abs-de-alto-rendimiento-con-parte-posterior-plana-05-127-mm-pulgadas-metrico\/","name":"mitutoyo 543-712b serie 543 indicador digimatic id-c abs de alto rendimiento con parte posterior plana, 0,5\"-12,7 mm, pulgadas-m\u00e9trico - Abaa tienda online","isPartOf":{"@id":"https:\/\/abaa.mx\/tienda\/#website"},"primaryImageOfPage":{"@id":"https:\/\/abaa.mx\/tienda\/mitutoyo-543-712b-serie-543-indicador-digimatic-id-c-abs-de-alto-rendimiento-con-parte-posterior-plana-05-127-mm-pulgadas-metrico\/#primaryimage"},"image":{"@id":"https:\/\/abaa.mx\/tienda\/mitutoyo-543-712b-serie-543-indicador-digimatic-id-c-abs-de-alto-rendimiento-con-parte-posterior-plana-05-127-mm-pulgadas-metrico\/#primaryimage"},"thumbnailUrl":"https:\/\/abaa.mx\/tienda\/wp-content\/uploads\/2023\/10\/543-712B.jpg","datePublished":"2023-10-18T15:20:40+00:00","dateModified":"2023-11-29T16:55:30+00:00","breadcrumb":{"@id":"https:\/\/abaa.mx\/tienda\/mitutoyo-543-712b-serie-543-indicador-digimatic-id-c-abs-de-alto-rendimiento-con-parte-posterior-plana-05-127-mm-pulgadas-metrico\/#breadcrumb"},"inLanguage":"es","potentialAction":[{"@type":"ReadAction","target":["https:\/\/abaa.mx\/tienda\/mitutoyo-543-712b-serie-543-indicador-digimatic-id-c-abs-de-alto-rendimiento-con-parte-posterior-plana-05-127-mm-pulgadas-metrico\/"]}]},{"@type":"ImageObject","inLanguage":"es","@id":"https:\/\/abaa.mx\/tienda\/mitutoyo-543-712b-serie-543-indicador-digimatic-id-c-abs-de-alto-rendimiento-con-parte-posterior-plana-05-127-mm-pulgadas-metrico\/#primaryimage","url":"https:\/\/abaa.mx\/tienda\/wp-content\/uploads\/2023\/10\/543-712B.jpg","contentUrl":"https:\/\/abaa.mx\/tienda\/wp-content\/uploads\/2023\/10\/543-712B.jpg","width":270,"height":492,"caption":"543-712B"},{"@type":"BreadcrumbList","@id":"https:\/\/abaa.mx\/tienda\/mitutoyo-543-712b-serie-543-indicador-digimatic-id-c-abs-de-alto-rendimiento-con-parte-posterior-plana-05-127-mm-pulgadas-metrico\/#breadcrumb","itemListElement":[{"@type":"ListItem","position":1,"name":"Inicio","item":"https:\/\/abaa.mx\/tienda\/"},{"@type":"ListItem","position":2,"name":"Tienda","item":"https:\/\/abaa.mx\/tienda\/"},{"@type":"ListItem","position":3,"name":"mitutoyo 543-712b serie 543 indicador digimatic id-c abs de alto rendimiento con parte posterior plana, 0,5&#8243;-12,7 mm, pulgadas-m\u00e9trico"}]},{"@type":"WebSite","@id":"https:\/\/abaa.mx\/tienda\/#website","url":"https:\/\/abaa.mx\/tienda\/","name":"Abaa tienda online","description":"Instrumentos de medici\u00f3n","publisher":{"@id":"https:\/\/abaa.mx\/tienda\/#organization"},"potentialAction":[{"@type":"SearchAction","target":{"@type":"EntryPoint","urlTemplate":"https:\/\/abaa.mx\/tienda\/?s={search_term_string}"},"query-input":{"@type":"PropertyValueSpecification","valueRequired":true,"valueName":"search_term_string"}}],"inLanguage":"es"},{"@type":"Organization","@id":"https:\/\/abaa.mx\/tienda\/#organization","name":"Abaa tienda online","url":"https:\/\/abaa.mx\/tienda\/","logo":{"@type":"ImageObject","inLanguage":"es","@id":"https:\/\/abaa.mx\/tienda\/#\/schema\/logo\/image\/","url":"https:\/\/abaa.mx\/tienda\/wp-content\/uploads\/2024\/01\/abaa-metrologia-tienda.png","contentUrl":"https:\/\/abaa.mx\/tienda\/wp-content\/uploads\/2024\/01\/abaa-metrologia-tienda.png","width":300,"height":141,"caption":"Abaa tienda online"},"image":{"@id":"https:\/\/abaa.mx\/tienda\/#\/schema\/logo\/image\/"}}]}},"_links":{"self":[{"href":"https:\/\/abaa.mx\/tienda\/wp-json\/wp\/v2\/product\/6434","targetHints":{"allow":["GET"]}}],"collection":[{"href":"https:\/\/abaa.mx\/tienda\/wp-json\/wp\/v2\/product"}],"about":[{"href":"https:\/\/abaa.mx\/tienda\/wp-json\/wp\/v2\/types\/product"}],"replies":[{"embeddable":true,"href":"https:\/\/abaa.mx\/tienda\/wp-json\/wp\/v2\/comments?post=6434"}],"wp:featuredmedia":[{"embeddable":true,"href":"https:\/\/abaa.mx\/tienda\/wp-json\/wp\/v2\/media\/6453"}],"wp:attachment":[{"href":"https:\/\/abaa.mx\/tienda\/wp-json\/wp\/v2\/media?parent=6434"}],"wp:term":[{"taxonomy":"product_brand","embeddable":true,"href":"https:\/\/abaa.mx\/tienda\/wp-json\/wp\/v2\/product_brand?post=6434"},{"taxonomy":"product_cat","embeddable":true,"href":"https:\/\/abaa.mx\/tienda\/wp-json\/wp\/v2\/product_cat?post=6434"},{"taxonomy":"product_tag","embeddable":true,"href":"https:\/\/abaa.mx\/tienda\/wp-json\/wp\/v2\/product_tag?post=6434"}],"curies":[{"name":"wp","href":"https:\/\/api.w.org\/{rel}","templated":true}]}}