{"id":6433,"date":"2023-10-18T15:19:39","date_gmt":"2023-10-18T15:19:39","guid":{"rendered":"https:\/\/abaa.mx\/tienda\/?post_type=product&#038;p=6433"},"modified":"2023-11-29T16:56:59","modified_gmt":"2023-11-29T16:56:59","slug":"mitutoyo-543-712-indicador-digimatico-ansi-agd-0-5-12-7-mm","status":"publish","type":"product","link":"https:\/\/abaa.mx\/tienda\/mitutoyo-543-712-indicador-digimatico-ansi-agd-0-5-12-7-mm\/","title":{"rendered":"mitutoyo 543-712 indicador digim\u00e1tico, ansi-agd, 0.5&#8243; (12.7 mm)"},"content":{"rendered":"<div class=\"span10\">\n<div class=\"mhide ipad-view-setting\">\n<div class=\"row-fluid ProductTabs\">\n<div class=\"span12\">\n<div class=\"tab-content\">\n<div id=\"tab0\" class=\"product-tabs tab-pane active\">\n<p><strong>Funciones<\/strong><\/p>\n<ul>\n<li>Pantalla LCD grande y f\u00e1cil de leer<\/li>\n<li>El juicio GO\/N0-G0 se puede realizar estableciendo l\u00edmites de tolerancia superior e inferior<\/li>\n<li>El resultado del juicio (GO\/NO-GO) se puede mostrar en caracteres de tama\u00f1o completo<\/li>\n<li>El recuento positivo\/negativo resultante del movimiento hacia arriba\/hacia abajo del husillo se puede alternar<\/li>\n<li>Empleando el encoder lineal absoluto, el ID-C siempre muestra la &#8220;posici\u00f3n absoluta&#8221; del husillo desde el origen en el momento del encendido<\/li>\n<li>La velocidad de respuesta ilimitada elimina los errores de exceso de velocidad<\/li>\n<li>La cara del indicador ID-C se puede girar 330\u00b0 a un \u00e1ngulo apropiado para facilitar la lectura<\/li>\n<li>Con salida de datos SPC<\/li>\n<\/ul>\n<h4>Mitutoyo 543-712 Especificaciones<\/h4>\n<table class=\"table table-striped\">\n<tbody>\n<tr>\n<td>Gama<\/td>\n<td>0,5&#8243; (12,7 mm)<\/td>\n<\/tr>\n<tr>\n<td>Resoluci\u00f3n<\/td>\n<td>0,0005&#8243; (0,01 mm)<\/td>\n<\/tr>\n<tr>\n<td>Exactitud<\/td>\n<td>0.001&#8243;<\/td>\n<\/tr>\n<tr>\n<td>Monitor<\/td>\n<td>LCD<\/td>\n<\/tr>\n<tr>\n<td>Punto de contacto<\/td>\n<td>Dial de potencia\u00a0<sup>3<\/sup>\u2044<sub>8<\/sub>&#8220;, rosca de 4 a 48 UNF<\/td>\n<\/tr>\n<tr>\n<td>Fuerza de medici\u00f3n<\/td>\n<td>Menos de 0,9 N<\/td>\n<\/tr>\n<tr>\n<td>Tipo<\/td>\n<td>ANSI\/AGD<\/td>\n<\/tr>\n<tr>\n<td>Bater\u00eda<\/td>\n<td>SR44, 938882<\/td>\n<\/tr>\n<tr>\n<td>Duraci\u00f3n de la bater\u00eda<\/td>\n<td>Aproximadamente 5000 horas de uso normal<\/td>\n<\/tr>\n<\/tbody>\n<\/table>\n<\/div>\n<\/div>\n<\/div>\n<\/div>\n<\/div>\n<\/div>\n","protected":false},"excerpt":{"rendered":"<p class=\"short-description mhide ipad-view-setting\">Ideal para realizar mediciones de comparaci\u00f3n general, este indicador digim\u00e1tico de tipo est\u00e1ndar ID-C cuenta con una pantalla grande y botones f\u00e1ciles de usar con funciones de medici\u00f3n que incluyen configuraci\u00f3n de origen\/preconfiguraci\u00f3n, configuraci\u00f3n de cero, juicio GO\/NO-GO y conversi\u00f3n de pulgadas\/mm. Adem\u00e1s, esta herramienta cuenta con un rango de medici\u00f3n de 0,5&#8243; (12,7 mm) y una precisi\u00f3n de 0,001&#8243;.<\/p>\n<div class=\"row-fluid\">\n<div class=\"span12 mobile-pricing-box-padding\">\n<form id=\"124141\" accept-charset=\"utf-8\" action=\"https:\/\/www.globaltestsupply.com\/shop\/add\" method=\"post\" name=\"addTocartFunction\">\n<div><\/div>\n<\/form>\n<\/div>\n<\/div>\n","protected":false},"featured_media":6452,"comment_status":"open","ping_status":"closed","template":"","meta":{"_joinchat":[]},"product_brand":[],"product_cat":[15],"product_tag":[],"class_list":{"0":"post-6433","1":"product","2":"type-product","3":"status-publish","4":"has-post-thumbnail","6":"product_cat-sin-categorizar","8":"first","9":"instock","10":"shipping-taxable","11":"product-type-simple"},"yoast_head":"<!-- This site is optimized with the Yoast SEO plugin v26.4 - https:\/\/yoast.com\/wordpress\/plugins\/seo\/ -->\n<title>mitutoyo 543-712 indicador digim\u00e1tico, ansi-agd, 0.5&quot; (12.7 mm) - Abaa tienda online<\/title>\n<meta name=\"robots\" content=\"index, follow, max-snippet:-1, max-image-preview:large, max-video-preview:-1\" \/>\n<link rel=\"canonical\" href=\"https:\/\/abaa.mx\/tienda\/mitutoyo-543-712-indicador-digimatico-ansi-agd-0-5-12-7-mm\/\" \/>\n<meta property=\"og:locale\" content=\"es_MX\" \/>\n<meta property=\"og:type\" content=\"article\" \/>\n<meta property=\"og:title\" content=\"mitutoyo 543-712 indicador digim\u00e1tico, ansi-agd, 0.5&quot; (12.7 mm) - Abaa tienda online\" \/>\n<meta property=\"og:description\" content=\"Ideal para realizar mediciones de comparaci\u00f3n general, este indicador digim\u00e1tico de tipo est\u00e1ndar ID-C cuenta con una pantalla grande y botones f\u00e1ciles de usar con funciones de medici\u00f3n que incluyen configuraci\u00f3n de origen\/preconfiguraci\u00f3n, configuraci\u00f3n de cero, juicio GO\/NO-GO y conversi\u00f3n de pulgadas\/mm. Adem\u00e1s, esta herramienta cuenta con un rango de medici\u00f3n de 0,5&quot; (12,7 mm) y una precisi\u00f3n de 0,001&quot;.\" \/>\n<meta property=\"og:url\" content=\"https:\/\/abaa.mx\/tienda\/mitutoyo-543-712-indicador-digimatico-ansi-agd-0-5-12-7-mm\/\" \/>\n<meta property=\"og:site_name\" content=\"Abaa tienda online\" \/>\n<meta property=\"article:modified_time\" content=\"2023-11-29T16:56:59+00:00\" \/>\n<meta property=\"og:image\" content=\"https:\/\/abaa.mx\/tienda\/wp-content\/uploads\/2023\/10\/543-712.jpg\" \/>\n\t<meta property=\"og:image:width\" content=\"270\" \/>\n\t<meta property=\"og:image:height\" content=\"454\" \/>\n\t<meta property=\"og:image:type\" content=\"image\/jpeg\" \/>\n<meta name=\"twitter:card\" content=\"summary_large_image\" \/>\n<meta name=\"twitter:label1\" content=\"Tiempo de lectura\" \/>\n\t<meta name=\"twitter:data1\" content=\"1 minuto\" \/>\n<script type=\"application\/ld+json\" class=\"yoast-schema-graph\">{\"@context\":\"https:\/\/schema.org\",\"@graph\":[{\"@type\":\"WebPage\",\"@id\":\"https:\/\/abaa.mx\/tienda\/mitutoyo-543-712-indicador-digimatico-ansi-agd-0-5-12-7-mm\/\",\"url\":\"https:\/\/abaa.mx\/tienda\/mitutoyo-543-712-indicador-digimatico-ansi-agd-0-5-12-7-mm\/\",\"name\":\"mitutoyo 543-712 indicador digim\u00e1tico, ansi-agd, 0.5\\\" (12.7 mm) - Abaa tienda online\",\"isPartOf\":{\"@id\":\"https:\/\/abaa.mx\/tienda\/#website\"},\"primaryImageOfPage\":{\"@id\":\"https:\/\/abaa.mx\/tienda\/mitutoyo-543-712-indicador-digimatico-ansi-agd-0-5-12-7-mm\/#primaryimage\"},\"image\":{\"@id\":\"https:\/\/abaa.mx\/tienda\/mitutoyo-543-712-indicador-digimatico-ansi-agd-0-5-12-7-mm\/#primaryimage\"},\"thumbnailUrl\":\"https:\/\/abaa.mx\/tienda\/wp-content\/uploads\/2023\/10\/543-712.jpg\",\"datePublished\":\"2023-10-18T15:19:39+00:00\",\"dateModified\":\"2023-11-29T16:56:59+00:00\",\"breadcrumb\":{\"@id\":\"https:\/\/abaa.mx\/tienda\/mitutoyo-543-712-indicador-digimatico-ansi-agd-0-5-12-7-mm\/#breadcrumb\"},\"inLanguage\":\"es\",\"potentialAction\":[{\"@type\":\"ReadAction\",\"target\":[\"https:\/\/abaa.mx\/tienda\/mitutoyo-543-712-indicador-digimatico-ansi-agd-0-5-12-7-mm\/\"]}]},{\"@type\":\"ImageObject\",\"inLanguage\":\"es\",\"@id\":\"https:\/\/abaa.mx\/tienda\/mitutoyo-543-712-indicador-digimatico-ansi-agd-0-5-12-7-mm\/#primaryimage\",\"url\":\"https:\/\/abaa.mx\/tienda\/wp-content\/uploads\/2023\/10\/543-712.jpg\",\"contentUrl\":\"https:\/\/abaa.mx\/tienda\/wp-content\/uploads\/2023\/10\/543-712.jpg\",\"width\":270,\"height\":454,\"caption\":\"543-712\"},{\"@type\":\"BreadcrumbList\",\"@id\":\"https:\/\/abaa.mx\/tienda\/mitutoyo-543-712-indicador-digimatico-ansi-agd-0-5-12-7-mm\/#breadcrumb\",\"itemListElement\":[{\"@type\":\"ListItem\",\"position\":1,\"name\":\"Inicio\",\"item\":\"https:\/\/abaa.mx\/tienda\/\"},{\"@type\":\"ListItem\",\"position\":2,\"name\":\"Tienda\",\"item\":\"https:\/\/abaa.mx\/tienda\/\"},{\"@type\":\"ListItem\",\"position\":3,\"name\":\"mitutoyo 543-712 indicador digim\u00e1tico, ansi-agd, 0.5&#8243; (12.7 mm)\"}]},{\"@type\":\"WebSite\",\"@id\":\"https:\/\/abaa.mx\/tienda\/#website\",\"url\":\"https:\/\/abaa.mx\/tienda\/\",\"name\":\"Abaa tienda online\",\"description\":\"Instrumentos de medici\u00f3n\",\"publisher\":{\"@id\":\"https:\/\/abaa.mx\/tienda\/#organization\"},\"potentialAction\":[{\"@type\":\"SearchAction\",\"target\":{\"@type\":\"EntryPoint\",\"urlTemplate\":\"https:\/\/abaa.mx\/tienda\/?s={search_term_string}\"},\"query-input\":{\"@type\":\"PropertyValueSpecification\",\"valueRequired\":true,\"valueName\":\"search_term_string\"}}],\"inLanguage\":\"es\"},{\"@type\":\"Organization\",\"@id\":\"https:\/\/abaa.mx\/tienda\/#organization\",\"name\":\"Abaa tienda online\",\"url\":\"https:\/\/abaa.mx\/tienda\/\",\"logo\":{\"@type\":\"ImageObject\",\"inLanguage\":\"es\",\"@id\":\"https:\/\/abaa.mx\/tienda\/#\/schema\/logo\/image\/\",\"url\":\"https:\/\/abaa.mx\/tienda\/wp-content\/uploads\/2024\/01\/abaa-metrologia-tienda.png\",\"contentUrl\":\"https:\/\/abaa.mx\/tienda\/wp-content\/uploads\/2024\/01\/abaa-metrologia-tienda.png\",\"width\":300,\"height\":141,\"caption\":\"Abaa tienda online\"},\"image\":{\"@id\":\"https:\/\/abaa.mx\/tienda\/#\/schema\/logo\/image\/\"}}]}<\/script>\n<!-- \/ Yoast SEO plugin. -->","yoast_head_json":{"title":"mitutoyo 543-712 indicador digim\u00e1tico, ansi-agd, 0.5\" (12.7 mm) - Abaa tienda online","robots":{"index":"index","follow":"follow","max-snippet":"max-snippet:-1","max-image-preview":"max-image-preview:large","max-video-preview":"max-video-preview:-1"},"canonical":"https:\/\/abaa.mx\/tienda\/mitutoyo-543-712-indicador-digimatico-ansi-agd-0-5-12-7-mm\/","og_locale":"es_MX","og_type":"article","og_title":"mitutoyo 543-712 indicador digim\u00e1tico, ansi-agd, 0.5\" (12.7 mm) - Abaa tienda online","og_description":"Ideal para realizar mediciones de comparaci\u00f3n general, este indicador digim\u00e1tico de tipo est\u00e1ndar ID-C cuenta con una pantalla grande y botones f\u00e1ciles de usar con funciones de medici\u00f3n que incluyen configuraci\u00f3n de origen\/preconfiguraci\u00f3n, configuraci\u00f3n de cero, juicio GO\/NO-GO y conversi\u00f3n de pulgadas\/mm. Adem\u00e1s, esta herramienta cuenta con un rango de medici\u00f3n de 0,5\" (12,7 mm) y una precisi\u00f3n de 0,001\".","og_url":"https:\/\/abaa.mx\/tienda\/mitutoyo-543-712-indicador-digimatico-ansi-agd-0-5-12-7-mm\/","og_site_name":"Abaa tienda online","article_modified_time":"2023-11-29T16:56:59+00:00","og_image":[{"width":270,"height":454,"url":"https:\/\/abaa.mx\/tienda\/wp-content\/uploads\/2023\/10\/543-712.jpg","type":"image\/jpeg"}],"twitter_card":"summary_large_image","twitter_misc":{"Tiempo de lectura":"1 minuto"},"schema":{"@context":"https:\/\/schema.org","@graph":[{"@type":"WebPage","@id":"https:\/\/abaa.mx\/tienda\/mitutoyo-543-712-indicador-digimatico-ansi-agd-0-5-12-7-mm\/","url":"https:\/\/abaa.mx\/tienda\/mitutoyo-543-712-indicador-digimatico-ansi-agd-0-5-12-7-mm\/","name":"mitutoyo 543-712 indicador digim\u00e1tico, ansi-agd, 0.5\" (12.7 mm) - Abaa tienda online","isPartOf":{"@id":"https:\/\/abaa.mx\/tienda\/#website"},"primaryImageOfPage":{"@id":"https:\/\/abaa.mx\/tienda\/mitutoyo-543-712-indicador-digimatico-ansi-agd-0-5-12-7-mm\/#primaryimage"},"image":{"@id":"https:\/\/abaa.mx\/tienda\/mitutoyo-543-712-indicador-digimatico-ansi-agd-0-5-12-7-mm\/#primaryimage"},"thumbnailUrl":"https:\/\/abaa.mx\/tienda\/wp-content\/uploads\/2023\/10\/543-712.jpg","datePublished":"2023-10-18T15:19:39+00:00","dateModified":"2023-11-29T16:56:59+00:00","breadcrumb":{"@id":"https:\/\/abaa.mx\/tienda\/mitutoyo-543-712-indicador-digimatico-ansi-agd-0-5-12-7-mm\/#breadcrumb"},"inLanguage":"es","potentialAction":[{"@type":"ReadAction","target":["https:\/\/abaa.mx\/tienda\/mitutoyo-543-712-indicador-digimatico-ansi-agd-0-5-12-7-mm\/"]}]},{"@type":"ImageObject","inLanguage":"es","@id":"https:\/\/abaa.mx\/tienda\/mitutoyo-543-712-indicador-digimatico-ansi-agd-0-5-12-7-mm\/#primaryimage","url":"https:\/\/abaa.mx\/tienda\/wp-content\/uploads\/2023\/10\/543-712.jpg","contentUrl":"https:\/\/abaa.mx\/tienda\/wp-content\/uploads\/2023\/10\/543-712.jpg","width":270,"height":454,"caption":"543-712"},{"@type":"BreadcrumbList","@id":"https:\/\/abaa.mx\/tienda\/mitutoyo-543-712-indicador-digimatico-ansi-agd-0-5-12-7-mm\/#breadcrumb","itemListElement":[{"@type":"ListItem","position":1,"name":"Inicio","item":"https:\/\/abaa.mx\/tienda\/"},{"@type":"ListItem","position":2,"name":"Tienda","item":"https:\/\/abaa.mx\/tienda\/"},{"@type":"ListItem","position":3,"name":"mitutoyo 543-712 indicador digim\u00e1tico, ansi-agd, 0.5&#8243; (12.7 mm)"}]},{"@type":"WebSite","@id":"https:\/\/abaa.mx\/tienda\/#website","url":"https:\/\/abaa.mx\/tienda\/","name":"Abaa tienda online","description":"Instrumentos de medici\u00f3n","publisher":{"@id":"https:\/\/abaa.mx\/tienda\/#organization"},"potentialAction":[{"@type":"SearchAction","target":{"@type":"EntryPoint","urlTemplate":"https:\/\/abaa.mx\/tienda\/?s={search_term_string}"},"query-input":{"@type":"PropertyValueSpecification","valueRequired":true,"valueName":"search_term_string"}}],"inLanguage":"es"},{"@type":"Organization","@id":"https:\/\/abaa.mx\/tienda\/#organization","name":"Abaa tienda online","url":"https:\/\/abaa.mx\/tienda\/","logo":{"@type":"ImageObject","inLanguage":"es","@id":"https:\/\/abaa.mx\/tienda\/#\/schema\/logo\/image\/","url":"https:\/\/abaa.mx\/tienda\/wp-content\/uploads\/2024\/01\/abaa-metrologia-tienda.png","contentUrl":"https:\/\/abaa.mx\/tienda\/wp-content\/uploads\/2024\/01\/abaa-metrologia-tienda.png","width":300,"height":141,"caption":"Abaa tienda online"},"image":{"@id":"https:\/\/abaa.mx\/tienda\/#\/schema\/logo\/image\/"}}]}},"_links":{"self":[{"href":"https:\/\/abaa.mx\/tienda\/wp-json\/wp\/v2\/product\/6433","targetHints":{"allow":["GET"]}}],"collection":[{"href":"https:\/\/abaa.mx\/tienda\/wp-json\/wp\/v2\/product"}],"about":[{"href":"https:\/\/abaa.mx\/tienda\/wp-json\/wp\/v2\/types\/product"}],"replies":[{"embeddable":true,"href":"https:\/\/abaa.mx\/tienda\/wp-json\/wp\/v2\/comments?post=6433"}],"wp:featuredmedia":[{"embeddable":true,"href":"https:\/\/abaa.mx\/tienda\/wp-json\/wp\/v2\/media\/6452"}],"wp:attachment":[{"href":"https:\/\/abaa.mx\/tienda\/wp-json\/wp\/v2\/media?parent=6433"}],"wp:term":[{"taxonomy":"product_brand","embeddable":true,"href":"https:\/\/abaa.mx\/tienda\/wp-json\/wp\/v2\/product_brand?post=6433"},{"taxonomy":"product_cat","embeddable":true,"href":"https:\/\/abaa.mx\/tienda\/wp-json\/wp\/v2\/product_cat?post=6433"},{"taxonomy":"product_tag","embeddable":true,"href":"https:\/\/abaa.mx\/tienda\/wp-json\/wp\/v2\/product_tag?post=6433"}],"curies":[{"name":"wp","href":"https:\/\/api.w.org\/{rel}","templated":true}]}}