{"id":6429,"date":"2023-10-18T15:06:16","date_gmt":"2023-10-18T15:06:16","guid":{"rendered":"https:\/\/abaa.mx\/tienda\/?post_type=product&#038;p=6429"},"modified":"2023-10-18T15:06:16","modified_gmt":"2023-10-18T15:06:16","slug":"mitutoyo-201-105-calibre-a-presion-esfera-de-0001-mm-de-100-a-125-mm","status":"publish","type":"product","link":"https:\/\/abaa.mx\/tienda\/mitutoyo-201-105-calibre-a-presion-esfera-de-0001-mm-de-100-a-125-mm\/","title":{"rendered":"Mitutoyo 201-105 calibre a presi\u00f3n, esfera de 0,001 mm, de 100 a 125 mm"},"content":{"rendered":"<p class=\"comment-tag-product\">Utilice este medidor de presi\u00f3n Mitutoyo 201-105 para que los procesos de mecanizado se desarrollen sin problemas. Inspecciona r\u00e1pidamente cilindros y ejes, y es f\u00e1cil de insertar gracias a los bordes biselados del yunque frontal.<\/p>\n<div class=\"row-fluid\">\n<div class=\"span12 mobile-pricing-box-padding\">\n<form id=\"123237\" accept-charset=\"utf-8\" action=\"https:\/\/www.globaltestsupply.com\/shop\/add\" method=\"post\" name=\"addTocartFunction\">\n<h5><strong>Funciones:<\/strong><\/h5>\n<ul>\n<li>Juzga r\u00e1pidamente el GO\/NG de los di\u00e1metros de cilindros y ejes<\/li>\n<li>Dise\u00f1o de yunque de carburo ancho y plano<\/li>\n<li>Bordes de yunque biselados para facilitar la inserci\u00f3n<\/li>\n<li>Indicador de car\u00e1tula incluido<\/li>\n<li>Aplicaciones\u00a0Procesos de mecanizado<\/li>\n<\/ul>\n<h4>Especificaciones<\/h4>\n<table class=\"table table-striped\">\n<tbody>\n<tr>\n<td>Gama<\/td>\n<td>De 3 a 94 mm (4,92 a 100,125&#8243;)<\/td>\n<\/tr>\n<tr>\n<td>Carrera retr\u00e1ctil del yunque<\/td>\n<td>0.078&#8243; (2 mm)<\/td>\n<\/tr>\n<tr>\n<td>Rango de posicionamiento del yunque<\/td>\n<td>1&#8243; (25 mm)<\/td>\n<\/tr>\n<tr>\n<td>Planitud del yunque<\/td>\n<td>0,00004&#8243; (1 \u03bcm)<\/td>\n<\/tr>\n<tr>\n<td>Tama\u00f1o del yunque<\/td>\n<td>0,53 x 0,47&#8243; (13,5 x 12 mm)<\/td>\n<\/tr>\n<tr>\n<td>Paralelismo<\/td>\n<td>0,0002&#8243; o menos (5 \u03bcm o menos)<\/td>\n<\/tr>\n<tr>\n<td>Fuerza de medici\u00f3n<\/td>\n<td>15 N\u00b13 N<\/td>\n<\/tr>\n<tr>\n<td>Comparador<\/td>\n<td>Lectura de 0,001 mm<\/td>\n<\/tr>\n<\/tbody>\n<\/table>\n<\/form>\n<\/div>\n<\/div>\n","protected":false},"excerpt":{"rendered":"<p class=\"short-description mhide ipad-view-setting\">Este calibre a presi\u00f3n tiene 2 bordes de yunque biselados para facilitar la inserci\u00f3n. Est\u00e1 dise\u00f1ado para proporcionar resultados r\u00e1pidos.<\/p>\n<p class=\"comment-tag-product\">\n<div class=\"row-fluid\">\n<div class=\"span12 mobile-pricing-box-padding\">\n<form id=\"123237\" accept-charset=\"utf-8\" action=\"https:\/\/www.globaltestsupply.com\/shop\/add\" method=\"post\" name=\"addTocartFunction\">\n<div><\/div>\n<\/form>\n<\/div>\n<\/div>\n","protected":false},"featured_media":6442,"comment_status":"open","ping_status":"closed","template":"","meta":{"_joinchat":[]},"product_brand":[],"product_cat":[15],"product_tag":[],"class_list":{"0":"post-6429","1":"product","2":"type-product","3":"status-publish","4":"has-post-thumbnail","6":"product_cat-sin-categorizar","8":"first","9":"instock","10":"shipping-taxable","11":"product-type-simple"},"yoast_head":"<!-- This site is optimized with the Yoast SEO plugin v26.4 - https:\/\/yoast.com\/wordpress\/plugins\/seo\/ -->\n<title>Mitutoyo 201-105 calibre a presi\u00f3n, esfera de 0,001 mm, de 100 a 125 mm - Abaa tienda online<\/title>\n<meta name=\"robots\" content=\"index, follow, max-snippet:-1, max-image-preview:large, max-video-preview:-1\" \/>\n<link rel=\"canonical\" href=\"https:\/\/abaa.mx\/tienda\/mitutoyo-201-105-calibre-a-presion-esfera-de-0001-mm-de-100-a-125-mm\/\" \/>\n<meta property=\"og:locale\" content=\"es_MX\" \/>\n<meta property=\"og:type\" content=\"article\" \/>\n<meta property=\"og:title\" content=\"Mitutoyo 201-105 calibre a presi\u00f3n, esfera de 0,001 mm, de 100 a 125 mm - Abaa tienda online\" \/>\n<meta property=\"og:description\" content=\"Este calibre a presi\u00f3n tiene 2 bordes de yunque biselados para facilitar la inserci\u00f3n. Est\u00e1 dise\u00f1ado para proporcionar resultados r\u00e1pidos.\" \/>\n<meta property=\"og:url\" content=\"https:\/\/abaa.mx\/tienda\/mitutoyo-201-105-calibre-a-presion-esfera-de-0001-mm-de-100-a-125-mm\/\" \/>\n<meta property=\"og:site_name\" content=\"Abaa tienda online\" \/>\n<meta property=\"og:image\" content=\"https:\/\/abaa.mx\/tienda\/wp-content\/uploads\/2023\/10\/201-105.jpg\" \/>\n\t<meta property=\"og:image:width\" content=\"500\" \/>\n\t<meta property=\"og:image:height\" content=\"500\" \/>\n\t<meta property=\"og:image:type\" content=\"image\/jpeg\" \/>\n<meta name=\"twitter:card\" content=\"summary_large_image\" \/>\n<meta name=\"twitter:label1\" content=\"Tiempo de lectura\" \/>\n\t<meta name=\"twitter:data1\" content=\"1 minuto\" \/>\n<script type=\"application\/ld+json\" class=\"yoast-schema-graph\">{\"@context\":\"https:\/\/schema.org\",\"@graph\":[{\"@type\":\"WebPage\",\"@id\":\"https:\/\/abaa.mx\/tienda\/mitutoyo-201-105-calibre-a-presion-esfera-de-0001-mm-de-100-a-125-mm\/\",\"url\":\"https:\/\/abaa.mx\/tienda\/mitutoyo-201-105-calibre-a-presion-esfera-de-0001-mm-de-100-a-125-mm\/\",\"name\":\"Mitutoyo 201-105 calibre a presi\u00f3n, esfera de 0,001 mm, de 100 a 125 mm - Abaa tienda online\",\"isPartOf\":{\"@id\":\"https:\/\/abaa.mx\/tienda\/#website\"},\"primaryImageOfPage\":{\"@id\":\"https:\/\/abaa.mx\/tienda\/mitutoyo-201-105-calibre-a-presion-esfera-de-0001-mm-de-100-a-125-mm\/#primaryimage\"},\"image\":{\"@id\":\"https:\/\/abaa.mx\/tienda\/mitutoyo-201-105-calibre-a-presion-esfera-de-0001-mm-de-100-a-125-mm\/#primaryimage\"},\"thumbnailUrl\":\"https:\/\/abaa.mx\/tienda\/wp-content\/uploads\/2023\/10\/201-105.jpg\",\"datePublished\":\"2023-10-18T15:06:16+00:00\",\"breadcrumb\":{\"@id\":\"https:\/\/abaa.mx\/tienda\/mitutoyo-201-105-calibre-a-presion-esfera-de-0001-mm-de-100-a-125-mm\/#breadcrumb\"},\"inLanguage\":\"es\",\"potentialAction\":[{\"@type\":\"ReadAction\",\"target\":[\"https:\/\/abaa.mx\/tienda\/mitutoyo-201-105-calibre-a-presion-esfera-de-0001-mm-de-100-a-125-mm\/\"]}]},{\"@type\":\"ImageObject\",\"inLanguage\":\"es\",\"@id\":\"https:\/\/abaa.mx\/tienda\/mitutoyo-201-105-calibre-a-presion-esfera-de-0001-mm-de-100-a-125-mm\/#primaryimage\",\"url\":\"https:\/\/abaa.mx\/tienda\/wp-content\/uploads\/2023\/10\/201-105.jpg\",\"contentUrl\":\"https:\/\/abaa.mx\/tienda\/wp-content\/uploads\/2023\/10\/201-105.jpg\",\"width\":500,\"height\":500,\"caption\":\"mitutoyo-201-105-calibre-a-presion-esfera-de-0001-mm-de-100-a-125-mm\"},{\"@type\":\"BreadcrumbList\",\"@id\":\"https:\/\/abaa.mx\/tienda\/mitutoyo-201-105-calibre-a-presion-esfera-de-0001-mm-de-100-a-125-mm\/#breadcrumb\",\"itemListElement\":[{\"@type\":\"ListItem\",\"position\":1,\"name\":\"Inicio\",\"item\":\"https:\/\/abaa.mx\/tienda\/\"},{\"@type\":\"ListItem\",\"position\":2,\"name\":\"Tienda\",\"item\":\"https:\/\/abaa.mx\/tienda\/\"},{\"@type\":\"ListItem\",\"position\":3,\"name\":\"Mitutoyo 201-105 calibre a presi\u00f3n, esfera de 0,001 mm, de 100 a 125 mm\"}]},{\"@type\":\"WebSite\",\"@id\":\"https:\/\/abaa.mx\/tienda\/#website\",\"url\":\"https:\/\/abaa.mx\/tienda\/\",\"name\":\"Abaa tienda online\",\"description\":\"Instrumentos de medici\u00f3n\",\"publisher\":{\"@id\":\"https:\/\/abaa.mx\/tienda\/#organization\"},\"potentialAction\":[{\"@type\":\"SearchAction\",\"target\":{\"@type\":\"EntryPoint\",\"urlTemplate\":\"https:\/\/abaa.mx\/tienda\/?s={search_term_string}\"},\"query-input\":{\"@type\":\"PropertyValueSpecification\",\"valueRequired\":true,\"valueName\":\"search_term_string\"}}],\"inLanguage\":\"es\"},{\"@type\":\"Organization\",\"@id\":\"https:\/\/abaa.mx\/tienda\/#organization\",\"name\":\"Abaa tienda online\",\"url\":\"https:\/\/abaa.mx\/tienda\/\",\"logo\":{\"@type\":\"ImageObject\",\"inLanguage\":\"es\",\"@id\":\"https:\/\/abaa.mx\/tienda\/#\/schema\/logo\/image\/\",\"url\":\"https:\/\/abaa.mx\/tienda\/wp-content\/uploads\/2024\/01\/abaa-metrologia-tienda.png\",\"contentUrl\":\"https:\/\/abaa.mx\/tienda\/wp-content\/uploads\/2024\/01\/abaa-metrologia-tienda.png\",\"width\":300,\"height\":141,\"caption\":\"Abaa tienda online\"},\"image\":{\"@id\":\"https:\/\/abaa.mx\/tienda\/#\/schema\/logo\/image\/\"}}]}<\/script>\n<!-- \/ Yoast SEO plugin. -->","yoast_head_json":{"title":"Mitutoyo 201-105 calibre a presi\u00f3n, esfera de 0,001 mm, de 100 a 125 mm - Abaa tienda online","robots":{"index":"index","follow":"follow","max-snippet":"max-snippet:-1","max-image-preview":"max-image-preview:large","max-video-preview":"max-video-preview:-1"},"canonical":"https:\/\/abaa.mx\/tienda\/mitutoyo-201-105-calibre-a-presion-esfera-de-0001-mm-de-100-a-125-mm\/","og_locale":"es_MX","og_type":"article","og_title":"Mitutoyo 201-105 calibre a presi\u00f3n, esfera de 0,001 mm, de 100 a 125 mm - Abaa tienda online","og_description":"Este calibre a presi\u00f3n tiene 2 bordes de yunque biselados para facilitar la inserci\u00f3n. Est\u00e1 dise\u00f1ado para proporcionar resultados r\u00e1pidos.","og_url":"https:\/\/abaa.mx\/tienda\/mitutoyo-201-105-calibre-a-presion-esfera-de-0001-mm-de-100-a-125-mm\/","og_site_name":"Abaa tienda online","og_image":[{"width":500,"height":500,"url":"https:\/\/abaa.mx\/tienda\/wp-content\/uploads\/2023\/10\/201-105.jpg","type":"image\/jpeg"}],"twitter_card":"summary_large_image","twitter_misc":{"Tiempo de lectura":"1 minuto"},"schema":{"@context":"https:\/\/schema.org","@graph":[{"@type":"WebPage","@id":"https:\/\/abaa.mx\/tienda\/mitutoyo-201-105-calibre-a-presion-esfera-de-0001-mm-de-100-a-125-mm\/","url":"https:\/\/abaa.mx\/tienda\/mitutoyo-201-105-calibre-a-presion-esfera-de-0001-mm-de-100-a-125-mm\/","name":"Mitutoyo 201-105 calibre a presi\u00f3n, esfera de 0,001 mm, de 100 a 125 mm - Abaa tienda online","isPartOf":{"@id":"https:\/\/abaa.mx\/tienda\/#website"},"primaryImageOfPage":{"@id":"https:\/\/abaa.mx\/tienda\/mitutoyo-201-105-calibre-a-presion-esfera-de-0001-mm-de-100-a-125-mm\/#primaryimage"},"image":{"@id":"https:\/\/abaa.mx\/tienda\/mitutoyo-201-105-calibre-a-presion-esfera-de-0001-mm-de-100-a-125-mm\/#primaryimage"},"thumbnailUrl":"https:\/\/abaa.mx\/tienda\/wp-content\/uploads\/2023\/10\/201-105.jpg","datePublished":"2023-10-18T15:06:16+00:00","breadcrumb":{"@id":"https:\/\/abaa.mx\/tienda\/mitutoyo-201-105-calibre-a-presion-esfera-de-0001-mm-de-100-a-125-mm\/#breadcrumb"},"inLanguage":"es","potentialAction":[{"@type":"ReadAction","target":["https:\/\/abaa.mx\/tienda\/mitutoyo-201-105-calibre-a-presion-esfera-de-0001-mm-de-100-a-125-mm\/"]}]},{"@type":"ImageObject","inLanguage":"es","@id":"https:\/\/abaa.mx\/tienda\/mitutoyo-201-105-calibre-a-presion-esfera-de-0001-mm-de-100-a-125-mm\/#primaryimage","url":"https:\/\/abaa.mx\/tienda\/wp-content\/uploads\/2023\/10\/201-105.jpg","contentUrl":"https:\/\/abaa.mx\/tienda\/wp-content\/uploads\/2023\/10\/201-105.jpg","width":500,"height":500,"caption":"mitutoyo-201-105-calibre-a-presion-esfera-de-0001-mm-de-100-a-125-mm"},{"@type":"BreadcrumbList","@id":"https:\/\/abaa.mx\/tienda\/mitutoyo-201-105-calibre-a-presion-esfera-de-0001-mm-de-100-a-125-mm\/#breadcrumb","itemListElement":[{"@type":"ListItem","position":1,"name":"Inicio","item":"https:\/\/abaa.mx\/tienda\/"},{"@type":"ListItem","position":2,"name":"Tienda","item":"https:\/\/abaa.mx\/tienda\/"},{"@type":"ListItem","position":3,"name":"Mitutoyo 201-105 calibre a presi\u00f3n, esfera de 0,001 mm, de 100 a 125 mm"}]},{"@type":"WebSite","@id":"https:\/\/abaa.mx\/tienda\/#website","url":"https:\/\/abaa.mx\/tienda\/","name":"Abaa tienda online","description":"Instrumentos de medici\u00f3n","publisher":{"@id":"https:\/\/abaa.mx\/tienda\/#organization"},"potentialAction":[{"@type":"SearchAction","target":{"@type":"EntryPoint","urlTemplate":"https:\/\/abaa.mx\/tienda\/?s={search_term_string}"},"query-input":{"@type":"PropertyValueSpecification","valueRequired":true,"valueName":"search_term_string"}}],"inLanguage":"es"},{"@type":"Organization","@id":"https:\/\/abaa.mx\/tienda\/#organization","name":"Abaa tienda online","url":"https:\/\/abaa.mx\/tienda\/","logo":{"@type":"ImageObject","inLanguage":"es","@id":"https:\/\/abaa.mx\/tienda\/#\/schema\/logo\/image\/","url":"https:\/\/abaa.mx\/tienda\/wp-content\/uploads\/2024\/01\/abaa-metrologia-tienda.png","contentUrl":"https:\/\/abaa.mx\/tienda\/wp-content\/uploads\/2024\/01\/abaa-metrologia-tienda.png","width":300,"height":141,"caption":"Abaa tienda online"},"image":{"@id":"https:\/\/abaa.mx\/tienda\/#\/schema\/logo\/image\/"}}]}},"_links":{"self":[{"href":"https:\/\/abaa.mx\/tienda\/wp-json\/wp\/v2\/product\/6429","targetHints":{"allow":["GET"]}}],"collection":[{"href":"https:\/\/abaa.mx\/tienda\/wp-json\/wp\/v2\/product"}],"about":[{"href":"https:\/\/abaa.mx\/tienda\/wp-json\/wp\/v2\/types\/product"}],"replies":[{"embeddable":true,"href":"https:\/\/abaa.mx\/tienda\/wp-json\/wp\/v2\/comments?post=6429"}],"wp:featuredmedia":[{"embeddable":true,"href":"https:\/\/abaa.mx\/tienda\/wp-json\/wp\/v2\/media\/6442"}],"wp:attachment":[{"href":"https:\/\/abaa.mx\/tienda\/wp-json\/wp\/v2\/media?parent=6429"}],"wp:term":[{"taxonomy":"product_brand","embeddable":true,"href":"https:\/\/abaa.mx\/tienda\/wp-json\/wp\/v2\/product_brand?post=6429"},{"taxonomy":"product_cat","embeddable":true,"href":"https:\/\/abaa.mx\/tienda\/wp-json\/wp\/v2\/product_cat?post=6429"},{"taxonomy":"product_tag","embeddable":true,"href":"https:\/\/abaa.mx\/tienda\/wp-json\/wp\/v2\/product_tag?post=6429"}],"curies":[{"name":"wp","href":"https:\/\/api.w.org\/{rel}","templated":true}]}}