{"id":6382,"date":"2023-10-17T21:41:12","date_gmt":"2023-10-17T21:41:12","guid":{"rendered":"https:\/\/abaa.mx\/tienda\/?post_type=product&#038;p=6382"},"modified":"2023-10-17T21:41:13","modified_gmt":"2023-10-17T21:41:13","slug":"mitutoyo-543-595b-10-indicador-digital-de-calculo-id-c-508-mm","status":"publish","type":"product","link":"https:\/\/abaa.mx\/tienda\/mitutoyo-543-595b-10-indicador-digital-de-calculo-id-c-508-mm\/","title":{"rendered":"mitutoyo 543-595b-10 indicador digital de c\u00e1lculo id-c, 50,8 mm"},"content":{"rendered":"<p>El c\u00e1lculo digital del indicador ID-C tiene una f\u00e1cil configuraci\u00f3n del indicador a trav\u00e9s de un men\u00fa de configuraci\u00f3n.<\/p>\n<p>&nbsp;<\/p>\n<p><strong>Funciones<\/strong><\/p>\n<ul>\n<li>La f\u00f3rmula de c\u00e1lculo integrada es \u00fatil en una variedad de aplicaciones (por ejemplo, medici\u00f3n del di\u00e1metro del rodillo)<\/li>\n<li>Los coeficientes A, B y C son libremente definibles. X = desplazamiento del \u00e9mbolo<\/li>\n<li><\/li>\n<li>Gr\u00e1fico de barras anal\u00f3gico en la pantalla (14 escalas diferentes conmutables)<\/li>\n<li>Funci\u00f3n de juicio de tolerancia GO\/\u00b1NG<\/li>\n<li>Funci\u00f3n MAX\/MIN\/RANGE para medir los valores m\u00e1ximos<\/li>\n<li>Se puede seleccionar un modo de frecuencia de medici\u00f3n r\u00e1pida (ciclo de detecci\u00f3n de 20 ms o 50 veces \/ s) para medir en el modo de detecci\u00f3n de picos de manera m\u00e1s confiable<\/li>\n<li>Se puede utilizar una caja de interfaz USB para configurar el indicador desde la PC a trav\u00e9s de un software dedicado<\/li>\n<\/ul>\n<h4>Mitutoyo 543-595B-10 Especificaciones<\/h4>\n<table class=\"table table-striped\">\n<tbody>\n<tr>\n<td>Gama:<\/td>\n<td>50,8 mil\u00edmetros<\/td>\n<\/tr>\n<tr>\n<td>Error m\u00e1ximo de indicaci\u00f3n admisible:<\/td>\n<td>0,006 mil\u00edmetros<\/td>\n<\/tr>\n<tr>\n<td>Hist\u00e9resis:<\/td>\n<td>0,002 mil\u00edmetros<\/td>\n<\/tr>\n<tr>\n<td>Repetibilidad:<\/td>\n<td>0,002 mil\u00edmetros<\/td>\n<\/tr>\n<tr>\n<td>Masa:<\/td>\n<td>260 g<\/td>\n<\/tr>\n<tr>\n<td>Paso Digital:<\/td>\n<td>0,001 mil\u00edmetros<\/td>\n<\/tr>\n<tr>\n<td>Escama:<\/td>\n<td>Tipo de capacitancia, codificador lineal ABSOLUTO<\/td>\n<\/tr>\n<tr>\n<td>Velocidad m\u00e1xima de respuesta:<\/td>\n<td>Ilimitado<\/td>\n<\/tr>\n<tr>\n<td>\u00d8 del v\u00e1stago:<\/td>\n<td>8 mil\u00edmetros<\/td>\n<\/tr>\n<tr>\n<td>Fuente de alimentaci\u00f3n:<\/td>\n<td>1 bater\u00eda CR-2032<\/td>\n<\/tr>\n<\/tbody>\n<\/table>\n","protected":false},"excerpt":{"rendered":"<p class=\"short-description mhide ipad-view-setting\">El indicador digital de c\u00e1lculo ID-C se utiliza para calcular la funci\u00f3n para el valor medido Ax+B+Cx-1 y viene con 50,8 mm y un respaldo plano.<\/p>\n<p class=\"comment-tag-product\">\n<div class=\"row-fluid\">\n<div class=\"span12 mobile-pricing-box-padding\">\n<form id=\"139940\" accept-charset=\"utf-8\" action=\"https:\/\/www.globaltestsupply.com\/shop\/add\" method=\"post\" name=\"addTocartFunction\">\n<div><\/div>\n<\/form>\n<\/div>\n<\/div>\n","protected":false},"featured_media":6390,"comment_status":"open","ping_status":"closed","template":"","meta":{"_joinchat":[]},"product_brand":[],"product_cat":[15],"product_tag":[],"class_list":{"0":"post-6382","1":"product","2":"type-product","3":"status-publish","4":"has-post-thumbnail","6":"product_cat-sin-categorizar","8":"first","9":"instock","10":"shipping-taxable","11":"product-type-simple"},"yoast_head":"<!-- This site is optimized with the Yoast SEO plugin v26.4 - https:\/\/yoast.com\/wordpress\/plugins\/seo\/ -->\n<title>mitutoyo 543-595b-10 indicador digital de c\u00e1lculo id-c, 50,8 mm - Abaa tienda online<\/title>\n<meta name=\"robots\" content=\"index, follow, max-snippet:-1, max-image-preview:large, max-video-preview:-1\" \/>\n<link rel=\"canonical\" href=\"https:\/\/abaa.mx\/tienda\/mitutoyo-543-595b-10-indicador-digital-de-calculo-id-c-508-mm\/\" \/>\n<meta property=\"og:locale\" content=\"es_MX\" \/>\n<meta property=\"og:type\" content=\"article\" \/>\n<meta property=\"og:title\" content=\"mitutoyo 543-595b-10 indicador digital de c\u00e1lculo id-c, 50,8 mm - Abaa tienda online\" \/>\n<meta property=\"og:description\" content=\"El indicador digital de c\u00e1lculo ID-C se utiliza para calcular la funci\u00f3n para el valor medido Ax+B+Cx-1 y viene con 50,8 mm y un respaldo plano.\" \/>\n<meta property=\"og:url\" content=\"https:\/\/abaa.mx\/tienda\/mitutoyo-543-595b-10-indicador-digital-de-calculo-id-c-508-mm\/\" \/>\n<meta property=\"og:site_name\" content=\"Abaa tienda online\" \/>\n<meta property=\"article:modified_time\" content=\"2023-10-17T21:41:13+00:00\" \/>\n<meta property=\"og:image\" content=\"https:\/\/abaa.mx\/tienda\/wp-content\/uploads\/2023\/10\/543-595B-10.png\" \/>\n\t<meta property=\"og:image:width\" content=\"1024\" \/>\n\t<meta property=\"og:image:height\" content=\"1024\" \/>\n\t<meta property=\"og:image:type\" content=\"image\/png\" \/>\n<meta name=\"twitter:card\" content=\"summary_large_image\" \/>\n<meta name=\"twitter:label1\" content=\"Tiempo de lectura\" \/>\n\t<meta name=\"twitter:data1\" content=\"1 minuto\" \/>\n<script type=\"application\/ld+json\" class=\"yoast-schema-graph\">{\"@context\":\"https:\/\/schema.org\",\"@graph\":[{\"@type\":\"WebPage\",\"@id\":\"https:\/\/abaa.mx\/tienda\/mitutoyo-543-595b-10-indicador-digital-de-calculo-id-c-508-mm\/\",\"url\":\"https:\/\/abaa.mx\/tienda\/mitutoyo-543-595b-10-indicador-digital-de-calculo-id-c-508-mm\/\",\"name\":\"mitutoyo 543-595b-10 indicador digital de c\u00e1lculo id-c, 50,8 mm - Abaa tienda online\",\"isPartOf\":{\"@id\":\"https:\/\/abaa.mx\/tienda\/#website\"},\"primaryImageOfPage\":{\"@id\":\"https:\/\/abaa.mx\/tienda\/mitutoyo-543-595b-10-indicador-digital-de-calculo-id-c-508-mm\/#primaryimage\"},\"image\":{\"@id\":\"https:\/\/abaa.mx\/tienda\/mitutoyo-543-595b-10-indicador-digital-de-calculo-id-c-508-mm\/#primaryimage\"},\"thumbnailUrl\":\"https:\/\/abaa.mx\/tienda\/wp-content\/uploads\/2023\/10\/543-595B-10.png\",\"datePublished\":\"2023-10-17T21:41:12+00:00\",\"dateModified\":\"2023-10-17T21:41:13+00:00\",\"breadcrumb\":{\"@id\":\"https:\/\/abaa.mx\/tienda\/mitutoyo-543-595b-10-indicador-digital-de-calculo-id-c-508-mm\/#breadcrumb\"},\"inLanguage\":\"es\",\"potentialAction\":[{\"@type\":\"ReadAction\",\"target\":[\"https:\/\/abaa.mx\/tienda\/mitutoyo-543-595b-10-indicador-digital-de-calculo-id-c-508-mm\/\"]}]},{\"@type\":\"ImageObject\",\"inLanguage\":\"es\",\"@id\":\"https:\/\/abaa.mx\/tienda\/mitutoyo-543-595b-10-indicador-digital-de-calculo-id-c-508-mm\/#primaryimage\",\"url\":\"https:\/\/abaa.mx\/tienda\/wp-content\/uploads\/2023\/10\/543-595B-10.png\",\"contentUrl\":\"https:\/\/abaa.mx\/tienda\/wp-content\/uploads\/2023\/10\/543-595B-10.png\",\"width\":1024,\"height\":1024,\"caption\":\"543-595B-10\"},{\"@type\":\"BreadcrumbList\",\"@id\":\"https:\/\/abaa.mx\/tienda\/mitutoyo-543-595b-10-indicador-digital-de-calculo-id-c-508-mm\/#breadcrumb\",\"itemListElement\":[{\"@type\":\"ListItem\",\"position\":1,\"name\":\"Inicio\",\"item\":\"https:\/\/abaa.mx\/tienda\/\"},{\"@type\":\"ListItem\",\"position\":2,\"name\":\"Tienda\",\"item\":\"https:\/\/abaa.mx\/tienda\/\"},{\"@type\":\"ListItem\",\"position\":3,\"name\":\"mitutoyo 543-595b-10 indicador digital de c\u00e1lculo id-c, 50,8 mm\"}]},{\"@type\":\"WebSite\",\"@id\":\"https:\/\/abaa.mx\/tienda\/#website\",\"url\":\"https:\/\/abaa.mx\/tienda\/\",\"name\":\"Abaa tienda online\",\"description\":\"Instrumentos de medici\u00f3n\",\"publisher\":{\"@id\":\"https:\/\/abaa.mx\/tienda\/#organization\"},\"potentialAction\":[{\"@type\":\"SearchAction\",\"target\":{\"@type\":\"EntryPoint\",\"urlTemplate\":\"https:\/\/abaa.mx\/tienda\/?s={search_term_string}\"},\"query-input\":{\"@type\":\"PropertyValueSpecification\",\"valueRequired\":true,\"valueName\":\"search_term_string\"}}],\"inLanguage\":\"es\"},{\"@type\":\"Organization\",\"@id\":\"https:\/\/abaa.mx\/tienda\/#organization\",\"name\":\"Abaa tienda online\",\"url\":\"https:\/\/abaa.mx\/tienda\/\",\"logo\":{\"@type\":\"ImageObject\",\"inLanguage\":\"es\",\"@id\":\"https:\/\/abaa.mx\/tienda\/#\/schema\/logo\/image\/\",\"url\":\"https:\/\/abaa.mx\/tienda\/wp-content\/uploads\/2024\/01\/abaa-metrologia-tienda.png\",\"contentUrl\":\"https:\/\/abaa.mx\/tienda\/wp-content\/uploads\/2024\/01\/abaa-metrologia-tienda.png\",\"width\":300,\"height\":141,\"caption\":\"Abaa tienda online\"},\"image\":{\"@id\":\"https:\/\/abaa.mx\/tienda\/#\/schema\/logo\/image\/\"}}]}<\/script>\n<!-- \/ Yoast SEO plugin. -->","yoast_head_json":{"title":"mitutoyo 543-595b-10 indicador digital de c\u00e1lculo id-c, 50,8 mm - Abaa tienda online","robots":{"index":"index","follow":"follow","max-snippet":"max-snippet:-1","max-image-preview":"max-image-preview:large","max-video-preview":"max-video-preview:-1"},"canonical":"https:\/\/abaa.mx\/tienda\/mitutoyo-543-595b-10-indicador-digital-de-calculo-id-c-508-mm\/","og_locale":"es_MX","og_type":"article","og_title":"mitutoyo 543-595b-10 indicador digital de c\u00e1lculo id-c, 50,8 mm - Abaa tienda online","og_description":"El indicador digital de c\u00e1lculo ID-C se utiliza para calcular la funci\u00f3n para el valor medido Ax+B+Cx-1 y viene con 50,8 mm y un respaldo plano.","og_url":"https:\/\/abaa.mx\/tienda\/mitutoyo-543-595b-10-indicador-digital-de-calculo-id-c-508-mm\/","og_site_name":"Abaa tienda online","article_modified_time":"2023-10-17T21:41:13+00:00","og_image":[{"width":1024,"height":1024,"url":"https:\/\/abaa.mx\/tienda\/wp-content\/uploads\/2023\/10\/543-595B-10.png","type":"image\/png"}],"twitter_card":"summary_large_image","twitter_misc":{"Tiempo de lectura":"1 minuto"},"schema":{"@context":"https:\/\/schema.org","@graph":[{"@type":"WebPage","@id":"https:\/\/abaa.mx\/tienda\/mitutoyo-543-595b-10-indicador-digital-de-calculo-id-c-508-mm\/","url":"https:\/\/abaa.mx\/tienda\/mitutoyo-543-595b-10-indicador-digital-de-calculo-id-c-508-mm\/","name":"mitutoyo 543-595b-10 indicador digital de c\u00e1lculo id-c, 50,8 mm - Abaa tienda online","isPartOf":{"@id":"https:\/\/abaa.mx\/tienda\/#website"},"primaryImageOfPage":{"@id":"https:\/\/abaa.mx\/tienda\/mitutoyo-543-595b-10-indicador-digital-de-calculo-id-c-508-mm\/#primaryimage"},"image":{"@id":"https:\/\/abaa.mx\/tienda\/mitutoyo-543-595b-10-indicador-digital-de-calculo-id-c-508-mm\/#primaryimage"},"thumbnailUrl":"https:\/\/abaa.mx\/tienda\/wp-content\/uploads\/2023\/10\/543-595B-10.png","datePublished":"2023-10-17T21:41:12+00:00","dateModified":"2023-10-17T21:41:13+00:00","breadcrumb":{"@id":"https:\/\/abaa.mx\/tienda\/mitutoyo-543-595b-10-indicador-digital-de-calculo-id-c-508-mm\/#breadcrumb"},"inLanguage":"es","potentialAction":[{"@type":"ReadAction","target":["https:\/\/abaa.mx\/tienda\/mitutoyo-543-595b-10-indicador-digital-de-calculo-id-c-508-mm\/"]}]},{"@type":"ImageObject","inLanguage":"es","@id":"https:\/\/abaa.mx\/tienda\/mitutoyo-543-595b-10-indicador-digital-de-calculo-id-c-508-mm\/#primaryimage","url":"https:\/\/abaa.mx\/tienda\/wp-content\/uploads\/2023\/10\/543-595B-10.png","contentUrl":"https:\/\/abaa.mx\/tienda\/wp-content\/uploads\/2023\/10\/543-595B-10.png","width":1024,"height":1024,"caption":"543-595B-10"},{"@type":"BreadcrumbList","@id":"https:\/\/abaa.mx\/tienda\/mitutoyo-543-595b-10-indicador-digital-de-calculo-id-c-508-mm\/#breadcrumb","itemListElement":[{"@type":"ListItem","position":1,"name":"Inicio","item":"https:\/\/abaa.mx\/tienda\/"},{"@type":"ListItem","position":2,"name":"Tienda","item":"https:\/\/abaa.mx\/tienda\/"},{"@type":"ListItem","position":3,"name":"mitutoyo 543-595b-10 indicador digital de c\u00e1lculo id-c, 50,8 mm"}]},{"@type":"WebSite","@id":"https:\/\/abaa.mx\/tienda\/#website","url":"https:\/\/abaa.mx\/tienda\/","name":"Abaa tienda online","description":"Instrumentos de medici\u00f3n","publisher":{"@id":"https:\/\/abaa.mx\/tienda\/#organization"},"potentialAction":[{"@type":"SearchAction","target":{"@type":"EntryPoint","urlTemplate":"https:\/\/abaa.mx\/tienda\/?s={search_term_string}"},"query-input":{"@type":"PropertyValueSpecification","valueRequired":true,"valueName":"search_term_string"}}],"inLanguage":"es"},{"@type":"Organization","@id":"https:\/\/abaa.mx\/tienda\/#organization","name":"Abaa tienda online","url":"https:\/\/abaa.mx\/tienda\/","logo":{"@type":"ImageObject","inLanguage":"es","@id":"https:\/\/abaa.mx\/tienda\/#\/schema\/logo\/image\/","url":"https:\/\/abaa.mx\/tienda\/wp-content\/uploads\/2024\/01\/abaa-metrologia-tienda.png","contentUrl":"https:\/\/abaa.mx\/tienda\/wp-content\/uploads\/2024\/01\/abaa-metrologia-tienda.png","width":300,"height":141,"caption":"Abaa tienda online"},"image":{"@id":"https:\/\/abaa.mx\/tienda\/#\/schema\/logo\/image\/"}}]}},"_links":{"self":[{"href":"https:\/\/abaa.mx\/tienda\/wp-json\/wp\/v2\/product\/6382","targetHints":{"allow":["GET"]}}],"collection":[{"href":"https:\/\/abaa.mx\/tienda\/wp-json\/wp\/v2\/product"}],"about":[{"href":"https:\/\/abaa.mx\/tienda\/wp-json\/wp\/v2\/types\/product"}],"replies":[{"embeddable":true,"href":"https:\/\/abaa.mx\/tienda\/wp-json\/wp\/v2\/comments?post=6382"}],"wp:featuredmedia":[{"embeddable":true,"href":"https:\/\/abaa.mx\/tienda\/wp-json\/wp\/v2\/media\/6390"}],"wp:attachment":[{"href":"https:\/\/abaa.mx\/tienda\/wp-json\/wp\/v2\/media?parent=6382"}],"wp:term":[{"taxonomy":"product_brand","embeddable":true,"href":"https:\/\/abaa.mx\/tienda\/wp-json\/wp\/v2\/product_brand?post=6382"},{"taxonomy":"product_cat","embeddable":true,"href":"https:\/\/abaa.mx\/tienda\/wp-json\/wp\/v2\/product_cat?post=6382"},{"taxonomy":"product_tag","embeddable":true,"href":"https:\/\/abaa.mx\/tienda\/wp-json\/wp\/v2\/product_tag?post=6382"}],"curies":[{"name":"wp","href":"https:\/\/api.w.org\/{rel}","templated":true}]}}