{"id":6344,"date":"2023-10-17T17:20:28","date_gmt":"2023-10-17T17:20:28","guid":{"rendered":"https:\/\/abaa.mx\/tienda\/?post_type=product&#038;p=6344"},"modified":"2023-10-17T17:20:29","modified_gmt":"2023-10-17T17:20:29","slug":"mitutoyo-543-562a-indicador-digimatico-alta-precision-0-a-12-0-a-305-mm","status":"publish","type":"product","link":"https:\/\/abaa.mx\/tienda\/mitutoyo-543-562a-indicador-digimatico-alta-precision-0-a-12-0-a-305-mm\/","title":{"rendered":"mitutoyo 543-562a indicador digim\u00e1tico, alta precisi\u00f3n, 0 a 1,2&#8243; (0 a 30,5 mm)"},"content":{"rendered":"<p><strong>Funciones<\/strong><\/p>\n<ul>\n<li>Alta precisi\u00f3n<\/li>\n<li>Funcionalidad de control remoto a trav\u00e9s de un controlador port\u00e1til (o una interfaz RS-232C)<\/li>\n<li>Mediciones sencillas de excentricidad con la pantalla de barras anal\u00f3gica bien establecida<\/li>\n<li>El valor m\u00e1ximo, m\u00ednimo o de descentramiento se puede mostrar durante la medici\u00f3n<\/li>\n<li>Si el resultado de un juicio est\u00e1 fuera de la tolerancia, la retroiluminaci\u00f3n de la pantalla cambia de verde a rojo, por lo que el juicio de tolerancia se puede hacer de un vistazo<\/li>\n<li>Con salida de datos SPC<\/li>\n<li>Con entrada\/salida RS-232C<\/li>\n<\/ul>\n<h4>Mitutoyo 543-562A Especificaciones<\/h4>\n<table class=\"table table-striped\">\n<tbody>\n<tr>\n<td>Gama<\/td>\n<td>0 a 1,2&#8243; (0 a 30,5 mm)<\/td>\n<\/tr>\n<tr>\n<td>Resoluci\u00f3n<\/td>\n<td>0,00002, 0,00005, 0,0001&#8243; (0,0005, 0,001 mm)<\/td>\n<\/tr>\n<tr>\n<td>Exactitud<\/td>\n<td>0,0015 mil\u00edmetros<\/td>\n<\/tr>\n<tr>\n<td>Monitor<\/td>\n<td>LCD<\/td>\n<\/tr>\n<tr>\n<td>Longitud Est\u00e1ndar<\/td>\n<td>Codificador lineal<\/td>\n<\/tr>\n<tr>\n<td>Velocidad m\u00e1xima de respuesta<\/td>\n<td>1000 mm\/s<\/td>\n<\/tr>\n<tr>\n<td>Fuerza de medici\u00f3n<\/td>\n<td>2.0 N o menos<\/td>\n<\/tr>\n<tr>\n<td>Fuente de alimentaci\u00f3n<\/td>\n<td>6 V CC (a trav\u00e9s del adaptador de CA)<\/td>\n<\/tr>\n<\/tbody>\n<\/table>\n","protected":false},"excerpt":{"rendered":"<p class=\"short-description mhide ipad-view-setting\">Viene equipado con una pantalla grande y tres botones f\u00e1ciles de usar con funciones de medici\u00f3n que incluyen configuraci\u00f3n de origen\/preconfiguraci\u00f3n, configuraci\u00f3n de cero, juicio GO\/\u00b1NG, medici\u00f3n de descentramiento, retenci\u00f3n de valor m\u00e1ximo, cambio de resoluci\u00f3n y conversi\u00f3n de pulgada\/mm. Adem\u00e1s, este indicador tiene un rango de medici\u00f3n de 0 a 1,2&#8243; (0 a 30,5 mm).<\/p>\n<p class=\"comment-tag-product\">\n<div class=\"row-fluid\">\n<div class=\"span12 mobile-pricing-box-padding\">\n<form id=\"124151\" accept-charset=\"utf-8\" action=\"https:\/\/www.globaltestsupply.com\/shop\/add\" method=\"post\" name=\"addTocartFunction\">\n<div><\/div>\n<\/form>\n<\/div>\n<\/div>\n","protected":false},"featured_media":6349,"comment_status":"open","ping_status":"closed","template":"","meta":{"_joinchat":[]},"product_brand":[],"product_cat":[15],"product_tag":[],"class_list":{"0":"post-6344","1":"product","2":"type-product","3":"status-publish","4":"has-post-thumbnail","6":"product_cat-sin-categorizar","8":"first","9":"instock","10":"shipping-taxable","11":"product-type-simple"},"yoast_head":"<!-- This site is optimized with the Yoast SEO plugin v26.4 - https:\/\/yoast.com\/wordpress\/plugins\/seo\/ -->\n<title>mitutoyo 543-562a indicador digim\u00e1tico, alta precisi\u00f3n, 0 a 1,2&quot; (0 a 30,5 mm) - Abaa tienda online<\/title>\n<meta name=\"robots\" content=\"index, follow, max-snippet:-1, max-image-preview:large, max-video-preview:-1\" \/>\n<link rel=\"canonical\" href=\"https:\/\/abaa.mx\/tienda\/mitutoyo-543-562a-indicador-digimatico-alta-precision-0-a-12-0-a-305-mm\/\" \/>\n<meta property=\"og:locale\" content=\"es_MX\" \/>\n<meta property=\"og:type\" content=\"article\" \/>\n<meta property=\"og:title\" content=\"mitutoyo 543-562a indicador digim\u00e1tico, alta precisi\u00f3n, 0 a 1,2&quot; (0 a 30,5 mm) - Abaa tienda online\" \/>\n<meta property=\"og:description\" content=\"Viene equipado con una pantalla grande y tres botones f\u00e1ciles de usar con funciones de medici\u00f3n que incluyen configuraci\u00f3n de origen\/preconfiguraci\u00f3n, configuraci\u00f3n de cero, juicio GO\/\u00b1NG, medici\u00f3n de descentramiento, retenci\u00f3n de valor m\u00e1ximo, cambio de resoluci\u00f3n y conversi\u00f3n de pulgada\/mm. Adem\u00e1s, este indicador tiene un rango de medici\u00f3n de 0 a 1,2&quot; (0 a 30,5 mm).\" \/>\n<meta property=\"og:url\" content=\"https:\/\/abaa.mx\/tienda\/mitutoyo-543-562a-indicador-digimatico-alta-precision-0-a-12-0-a-305-mm\/\" \/>\n<meta property=\"og:site_name\" content=\"Abaa tienda online\" \/>\n<meta property=\"article:modified_time\" content=\"2023-10-17T17:20:29+00:00\" \/>\n<meta property=\"og:image\" content=\"https:\/\/abaa.mx\/tienda\/wp-content\/uploads\/2023\/10\/543-562A.jpg\" \/>\n\t<meta property=\"og:image:width\" content=\"270\" \/>\n\t<meta property=\"og:image:height\" content=\"500\" \/>\n\t<meta property=\"og:image:type\" content=\"image\/jpeg\" \/>\n<meta name=\"twitter:card\" content=\"summary_large_image\" \/>\n<meta name=\"twitter:label1\" content=\"Tiempo de lectura\" \/>\n\t<meta name=\"twitter:data1\" content=\"1 minuto\" \/>\n<script type=\"application\/ld+json\" class=\"yoast-schema-graph\">{\"@context\":\"https:\/\/schema.org\",\"@graph\":[{\"@type\":\"WebPage\",\"@id\":\"https:\/\/abaa.mx\/tienda\/mitutoyo-543-562a-indicador-digimatico-alta-precision-0-a-12-0-a-305-mm\/\",\"url\":\"https:\/\/abaa.mx\/tienda\/mitutoyo-543-562a-indicador-digimatico-alta-precision-0-a-12-0-a-305-mm\/\",\"name\":\"mitutoyo 543-562a indicador digim\u00e1tico, alta precisi\u00f3n, 0 a 1,2\\\" (0 a 30,5 mm) - Abaa tienda online\",\"isPartOf\":{\"@id\":\"https:\/\/abaa.mx\/tienda\/#website\"},\"primaryImageOfPage\":{\"@id\":\"https:\/\/abaa.mx\/tienda\/mitutoyo-543-562a-indicador-digimatico-alta-precision-0-a-12-0-a-305-mm\/#primaryimage\"},\"image\":{\"@id\":\"https:\/\/abaa.mx\/tienda\/mitutoyo-543-562a-indicador-digimatico-alta-precision-0-a-12-0-a-305-mm\/#primaryimage\"},\"thumbnailUrl\":\"https:\/\/abaa.mx\/tienda\/wp-content\/uploads\/2023\/10\/543-562A.jpg\",\"datePublished\":\"2023-10-17T17:20:28+00:00\",\"dateModified\":\"2023-10-17T17:20:29+00:00\",\"breadcrumb\":{\"@id\":\"https:\/\/abaa.mx\/tienda\/mitutoyo-543-562a-indicador-digimatico-alta-precision-0-a-12-0-a-305-mm\/#breadcrumb\"},\"inLanguage\":\"es\",\"potentialAction\":[{\"@type\":\"ReadAction\",\"target\":[\"https:\/\/abaa.mx\/tienda\/mitutoyo-543-562a-indicador-digimatico-alta-precision-0-a-12-0-a-305-mm\/\"]}]},{\"@type\":\"ImageObject\",\"inLanguage\":\"es\",\"@id\":\"https:\/\/abaa.mx\/tienda\/mitutoyo-543-562a-indicador-digimatico-alta-precision-0-a-12-0-a-305-mm\/#primaryimage\",\"url\":\"https:\/\/abaa.mx\/tienda\/wp-content\/uploads\/2023\/10\/543-562A.jpg\",\"contentUrl\":\"https:\/\/abaa.mx\/tienda\/wp-content\/uploads\/2023\/10\/543-562A.jpg\",\"width\":270,\"height\":500,\"caption\":\"543-562A\"},{\"@type\":\"BreadcrumbList\",\"@id\":\"https:\/\/abaa.mx\/tienda\/mitutoyo-543-562a-indicador-digimatico-alta-precision-0-a-12-0-a-305-mm\/#breadcrumb\",\"itemListElement\":[{\"@type\":\"ListItem\",\"position\":1,\"name\":\"Inicio\",\"item\":\"https:\/\/abaa.mx\/tienda\/\"},{\"@type\":\"ListItem\",\"position\":2,\"name\":\"Tienda\",\"item\":\"https:\/\/abaa.mx\/tienda\/\"},{\"@type\":\"ListItem\",\"position\":3,\"name\":\"mitutoyo 543-562a indicador digim\u00e1tico, alta precisi\u00f3n, 0 a 1,2&#8243; (0 a 30,5 mm)\"}]},{\"@type\":\"WebSite\",\"@id\":\"https:\/\/abaa.mx\/tienda\/#website\",\"url\":\"https:\/\/abaa.mx\/tienda\/\",\"name\":\"Abaa tienda online\",\"description\":\"Instrumentos de medici\u00f3n\",\"publisher\":{\"@id\":\"https:\/\/abaa.mx\/tienda\/#organization\"},\"potentialAction\":[{\"@type\":\"SearchAction\",\"target\":{\"@type\":\"EntryPoint\",\"urlTemplate\":\"https:\/\/abaa.mx\/tienda\/?s={search_term_string}\"},\"query-input\":{\"@type\":\"PropertyValueSpecification\",\"valueRequired\":true,\"valueName\":\"search_term_string\"}}],\"inLanguage\":\"es\"},{\"@type\":\"Organization\",\"@id\":\"https:\/\/abaa.mx\/tienda\/#organization\",\"name\":\"Abaa tienda online\",\"url\":\"https:\/\/abaa.mx\/tienda\/\",\"logo\":{\"@type\":\"ImageObject\",\"inLanguage\":\"es\",\"@id\":\"https:\/\/abaa.mx\/tienda\/#\/schema\/logo\/image\/\",\"url\":\"https:\/\/abaa.mx\/tienda\/wp-content\/uploads\/2024\/01\/abaa-metrologia-tienda.png\",\"contentUrl\":\"https:\/\/abaa.mx\/tienda\/wp-content\/uploads\/2024\/01\/abaa-metrologia-tienda.png\",\"width\":300,\"height\":141,\"caption\":\"Abaa tienda online\"},\"image\":{\"@id\":\"https:\/\/abaa.mx\/tienda\/#\/schema\/logo\/image\/\"}}]}<\/script>\n<!-- \/ Yoast SEO plugin. -->","yoast_head_json":{"title":"mitutoyo 543-562a indicador digim\u00e1tico, alta precisi\u00f3n, 0 a 1,2\" (0 a 30,5 mm) - Abaa tienda online","robots":{"index":"index","follow":"follow","max-snippet":"max-snippet:-1","max-image-preview":"max-image-preview:large","max-video-preview":"max-video-preview:-1"},"canonical":"https:\/\/abaa.mx\/tienda\/mitutoyo-543-562a-indicador-digimatico-alta-precision-0-a-12-0-a-305-mm\/","og_locale":"es_MX","og_type":"article","og_title":"mitutoyo 543-562a indicador digim\u00e1tico, alta precisi\u00f3n, 0 a 1,2\" (0 a 30,5 mm) - Abaa tienda online","og_description":"Viene equipado con una pantalla grande y tres botones f\u00e1ciles de usar con funciones de medici\u00f3n que incluyen configuraci\u00f3n de origen\/preconfiguraci\u00f3n, configuraci\u00f3n de cero, juicio GO\/\u00b1NG, medici\u00f3n de descentramiento, retenci\u00f3n de valor m\u00e1ximo, cambio de resoluci\u00f3n y conversi\u00f3n de pulgada\/mm. Adem\u00e1s, este indicador tiene un rango de medici\u00f3n de 0 a 1,2\" (0 a 30,5 mm).","og_url":"https:\/\/abaa.mx\/tienda\/mitutoyo-543-562a-indicador-digimatico-alta-precision-0-a-12-0-a-305-mm\/","og_site_name":"Abaa tienda online","article_modified_time":"2023-10-17T17:20:29+00:00","og_image":[{"width":270,"height":500,"url":"https:\/\/abaa.mx\/tienda\/wp-content\/uploads\/2023\/10\/543-562A.jpg","type":"image\/jpeg"}],"twitter_card":"summary_large_image","twitter_misc":{"Tiempo de lectura":"1 minuto"},"schema":{"@context":"https:\/\/schema.org","@graph":[{"@type":"WebPage","@id":"https:\/\/abaa.mx\/tienda\/mitutoyo-543-562a-indicador-digimatico-alta-precision-0-a-12-0-a-305-mm\/","url":"https:\/\/abaa.mx\/tienda\/mitutoyo-543-562a-indicador-digimatico-alta-precision-0-a-12-0-a-305-mm\/","name":"mitutoyo 543-562a indicador digim\u00e1tico, alta precisi\u00f3n, 0 a 1,2\" (0 a 30,5 mm) - Abaa tienda online","isPartOf":{"@id":"https:\/\/abaa.mx\/tienda\/#website"},"primaryImageOfPage":{"@id":"https:\/\/abaa.mx\/tienda\/mitutoyo-543-562a-indicador-digimatico-alta-precision-0-a-12-0-a-305-mm\/#primaryimage"},"image":{"@id":"https:\/\/abaa.mx\/tienda\/mitutoyo-543-562a-indicador-digimatico-alta-precision-0-a-12-0-a-305-mm\/#primaryimage"},"thumbnailUrl":"https:\/\/abaa.mx\/tienda\/wp-content\/uploads\/2023\/10\/543-562A.jpg","datePublished":"2023-10-17T17:20:28+00:00","dateModified":"2023-10-17T17:20:29+00:00","breadcrumb":{"@id":"https:\/\/abaa.mx\/tienda\/mitutoyo-543-562a-indicador-digimatico-alta-precision-0-a-12-0-a-305-mm\/#breadcrumb"},"inLanguage":"es","potentialAction":[{"@type":"ReadAction","target":["https:\/\/abaa.mx\/tienda\/mitutoyo-543-562a-indicador-digimatico-alta-precision-0-a-12-0-a-305-mm\/"]}]},{"@type":"ImageObject","inLanguage":"es","@id":"https:\/\/abaa.mx\/tienda\/mitutoyo-543-562a-indicador-digimatico-alta-precision-0-a-12-0-a-305-mm\/#primaryimage","url":"https:\/\/abaa.mx\/tienda\/wp-content\/uploads\/2023\/10\/543-562A.jpg","contentUrl":"https:\/\/abaa.mx\/tienda\/wp-content\/uploads\/2023\/10\/543-562A.jpg","width":270,"height":500,"caption":"543-562A"},{"@type":"BreadcrumbList","@id":"https:\/\/abaa.mx\/tienda\/mitutoyo-543-562a-indicador-digimatico-alta-precision-0-a-12-0-a-305-mm\/#breadcrumb","itemListElement":[{"@type":"ListItem","position":1,"name":"Inicio","item":"https:\/\/abaa.mx\/tienda\/"},{"@type":"ListItem","position":2,"name":"Tienda","item":"https:\/\/abaa.mx\/tienda\/"},{"@type":"ListItem","position":3,"name":"mitutoyo 543-562a indicador digim\u00e1tico, alta precisi\u00f3n, 0 a 1,2&#8243; (0 a 30,5 mm)"}]},{"@type":"WebSite","@id":"https:\/\/abaa.mx\/tienda\/#website","url":"https:\/\/abaa.mx\/tienda\/","name":"Abaa tienda online","description":"Instrumentos de medici\u00f3n","publisher":{"@id":"https:\/\/abaa.mx\/tienda\/#organization"},"potentialAction":[{"@type":"SearchAction","target":{"@type":"EntryPoint","urlTemplate":"https:\/\/abaa.mx\/tienda\/?s={search_term_string}"},"query-input":{"@type":"PropertyValueSpecification","valueRequired":true,"valueName":"search_term_string"}}],"inLanguage":"es"},{"@type":"Organization","@id":"https:\/\/abaa.mx\/tienda\/#organization","name":"Abaa tienda online","url":"https:\/\/abaa.mx\/tienda\/","logo":{"@type":"ImageObject","inLanguage":"es","@id":"https:\/\/abaa.mx\/tienda\/#\/schema\/logo\/image\/","url":"https:\/\/abaa.mx\/tienda\/wp-content\/uploads\/2024\/01\/abaa-metrologia-tienda.png","contentUrl":"https:\/\/abaa.mx\/tienda\/wp-content\/uploads\/2024\/01\/abaa-metrologia-tienda.png","width":300,"height":141,"caption":"Abaa tienda online"},"image":{"@id":"https:\/\/abaa.mx\/tienda\/#\/schema\/logo\/image\/"}}]}},"_links":{"self":[{"href":"https:\/\/abaa.mx\/tienda\/wp-json\/wp\/v2\/product\/6344","targetHints":{"allow":["GET"]}}],"collection":[{"href":"https:\/\/abaa.mx\/tienda\/wp-json\/wp\/v2\/product"}],"about":[{"href":"https:\/\/abaa.mx\/tienda\/wp-json\/wp\/v2\/types\/product"}],"replies":[{"embeddable":true,"href":"https:\/\/abaa.mx\/tienda\/wp-json\/wp\/v2\/comments?post=6344"}],"wp:featuredmedia":[{"embeddable":true,"href":"https:\/\/abaa.mx\/tienda\/wp-json\/wp\/v2\/media\/6349"}],"wp:attachment":[{"href":"https:\/\/abaa.mx\/tienda\/wp-json\/wp\/v2\/media?parent=6344"}],"wp:term":[{"taxonomy":"product_brand","embeddable":true,"href":"https:\/\/abaa.mx\/tienda\/wp-json\/wp\/v2\/product_brand?post=6344"},{"taxonomy":"product_cat","embeddable":true,"href":"https:\/\/abaa.mx\/tienda\/wp-json\/wp\/v2\/product_cat?post=6344"},{"taxonomy":"product_tag","embeddable":true,"href":"https:\/\/abaa.mx\/tienda\/wp-json\/wp\/v2\/product_tag?post=6344"}],"curies":[{"name":"wp","href":"https:\/\/api.w.org\/{rel}","templated":true}]}}