{"id":6333,"date":"2023-10-17T17:15:48","date_gmt":"2023-10-17T17:15:48","guid":{"rendered":"https:\/\/abaa.mx\/tienda\/?post_type=product&#038;p=6333"},"modified":"2023-11-29T17:32:44","modified_gmt":"2023-11-29T17:32:44","slug":"mitutoyo-543-352b-10-serie-543-absolute-digimatic-id-c-indicador-con-funcion-de-salida-de-senal-0-a-05-0-a-127-mm-pulgadas-metrico","status":"publish","type":"product","link":"https:\/\/abaa.mx\/tienda\/mitutoyo-543-352b-10-serie-543-absolute-digimatic-id-c-indicador-con-funcion-de-salida-de-senal-0-a-05-0-a-127-mm-pulgadas-metrico\/","title":{"rendered":"mitutoyo 543-352b-10 serie 543 absolute digimatic id-c indicador con funci\u00f3n de salida de se\u00f1al, 0 a 0,5&#8243;-0 a 12,7 mm, pulgadas-m\u00e9trico"},"content":{"rendered":"<p><strong>Funciones<\/strong><\/p>\n<ul>\n<li>Utiliza un LED verde\/rojo y una salida Go\/No-Go para mostrar r\u00e1pidamente si las mediciones est\u00e1n dentro de la tolerancia<\/li>\n<li>Las mediciones se muestran en una pantalla LCD grande y f\u00e1cil de leer<\/li>\n<li>Una funci\u00f3n de mantenimiento del valor m\u00e1ximo\/m\u00ednimo realiza juicios de pasa\/no pasa con respecto a los valores m\u00e1ximos establecidos<\/li>\n<li>El juicio se realiza calculando los datos de medici\u00f3n obtenidos en lugar de a trav\u00e9s de un contacto mec\u00e1nico o el\u00e9ctrico, lo que proporciona una mayor fiabilidad<\/li>\n<li>El juicio se indica mediante LED verdes y rojos y signos de &#8220;&lt;, O, &gt;&#8221; en la pantalla LCD, lo que permite que la se\u00f1al se env\u00ede a un dispositivo externo, como un secuenciador, a trav\u00e9s del colector abierto NPN<\/li>\n<li>El detector de alta velocidad mide 100 veces por segundo<\/li>\n<li>La se\u00f1al se puede enviar a un dispositivo externo<\/li>\n<li>La barra anal\u00f3gica proporciona valores f\u00e1ciles de leer cuando se escanean los valores m\u00e1ximos, m\u00ednimos y TIR<\/li>\n<li>Los juicios de pasa\/no pasa se realizan estableciendo las tolerancias superior e inferior<\/li>\n<li>La escala lineal ABSOLUTE (ABS) elimina la necesidad de establecer el punto de origen cada vez que se enciende el micr\u00f3metro<\/li>\n<li>El restablecimiento de origen no es necesario incluso cuando los datos se vuelven a mostrar despu\u00e9s de la desaparici\u00f3n debido a una iluminaci\u00f3n insuficiente durante el uso<\/li>\n<li>La funci\u00f3n de salida SPC permite una gesti\u00f3n de datos r\u00e1pida y sencilla en tiempo real<\/li>\n<li>Las funciones incluyen salida de datos, control remoto, conjunto de origen, ajuste a cero, juicio de pasa\/no pasa, barra anal\u00f3gica, frecuencia de medici\u00f3n r\u00e1pida, detecci\u00f3n de picos, c\u00e1lculo, cambio de direcci\u00f3n de conteo, encendido\/apagado, salida de datos y conversi\u00f3n de pulgadas\/mm<\/li>\n<li>Alarma: bajo voltaje, error de composici\u00f3n del valor de conteo, error de desbordamiento y error de configuraci\u00f3n del l\u00edmite de tolerancia<\/li>\n<li>La velocidad de respuesta ilimitada elimina los errores de exceso de velocidad<\/li>\n<li>IP54 para protecci\u00f3n resistente al polvo y a los contaminantes de los entornos de los talleres mec\u00e1nicos<\/li>\n<li>Fabricado para cumplir con los est\u00e1ndares ANSI\/AGD<\/li>\n<\/ul>\n<p><strong>Aplicaciones<\/strong><\/p>\n<ul>\n<li>Aeroespacial<\/li>\n<li>Automotor<\/li>\n<li>Defensa<\/li>\n<li>Electr\u00f3nica<\/li>\n<li>Energ\u00eda<\/li>\n<li>Fabricaci\u00f3n general<\/li>\n<li>Pl\u00e1sticos y caucho<\/li>\n<\/ul>\n<h4>Mitutoyo 543-352B-10 Especificaciones<\/h4>\n<table class=\"table table-striped\">\n<tbody>\n<tr>\n<td>Gama<\/td>\n<td>De 0 a 0,5&#8243;\/de 0 a 12,7 mm<\/td>\n<\/tr>\n<tr>\n<td>Exactitud<\/td>\n<td>\u00b10,0001&#8243;\/\u00b10,003 mm<\/td>\n<\/tr>\n<tr>\n<td>Resoluci\u00f3n<\/td>\n<td>0,0001, 0,0005, 0,00005&#8243;\/0,001, 0,01 mm<\/td>\n<\/tr>\n<tr>\n<td>Fuerza de medici\u00f3n<\/td>\n<td>2,5 N o menos<\/td>\n<\/tr>\n<tr>\n<td>Velocidad m\u00e1xima de respuesta<\/td>\n<td>Ilimitado<\/td>\n<\/tr>\n<tr>\n<td>Resoluci\u00f3n seleccionable<\/td>\n<td>S\u00ed<\/td>\n<\/tr>\n<tr>\n<td>Salida SPC<\/td>\n<td>S\u00ed<\/td>\n<\/tr>\n<tr>\n<td>Unidades<\/td>\n<td>Pulgadas\/m\u00e9trico<\/td>\n<\/tr>\n<tr>\n<td>Monitor<\/td>\n<td>LCD<\/td>\n<\/tr>\n<tr>\n<td>Longitud Est\u00e1ndar<\/td>\n<td>Codificador lineal de tipo capacitancia electrost\u00e1tica ABSOLUTA<\/td>\n<\/tr>\n<tr>\n<td>Clasificaci\u00f3n IP<\/td>\n<td>IP54<\/td>\n<\/tr>\n<tr>\n<td>Fuente de alimentaci\u00f3n<\/td>\n<td>De 5 a 24 V CC<\/td>\n<\/tr>\n<tr>\n<td>Tipo de rosca<\/td>\n<td>4-48 UNF<\/td>\n<\/tr>\n<tr>\n<td>Tipo de espalda<\/td>\n<td>Espalda plana<\/td>\n<\/tr>\n<tr>\n<td>Di\u00e1metro del v\u00e1stago<\/td>\n<td>0,375&#8243; (9,53 mm)<\/td>\n<\/tr>\n<\/tbody>\n<\/table>\n","protected":false},"excerpt":{"rendered":"<p class=\"short-description mhide ipad-view-setting\">Duradero y fiable, este indicador digital cuenta con un rango de medici\u00f3n dual de 0 a 0,5&#8243;\/0 a 12,7 mm, y la funci\u00f3n de salida SPC permite una gesti\u00f3n r\u00e1pida y sencilla de los datos en tiempo real. Adem\u00e1s, este indicador cuenta con un LED verde\/rojo y una salida Go\/No-Go para mostrar r\u00e1pidamente si las mediciones est\u00e1n dentro de la tolerancia.<\/p>\n<div class=\"row-fluid\">\n<div class=\"span12 mobile-pricing-box-padding\">\n<form id=\"139949\" accept-charset=\"utf-8\" action=\"https:\/\/www.globaltestsupply.com\/shop\/add\" method=\"post\" name=\"addTocartFunction\">\n<div><\/div>\n<\/form>\n<\/div>\n<\/div>\n","protected":false},"featured_media":6340,"comment_status":"open","ping_status":"closed","template":"","meta":{"_joinchat":[]},"product_brand":[],"product_cat":[15],"product_tag":[],"class_list":{"0":"post-6333","1":"product","2":"type-product","3":"status-publish","4":"has-post-thumbnail","6":"product_cat-sin-categorizar","8":"first","9":"instock","10":"shipping-taxable","11":"product-type-simple"},"yoast_head":"<!-- This site is optimized with the Yoast SEO plugin v26.4 - https:\/\/yoast.com\/wordpress\/plugins\/seo\/ -->\n<title>mitutoyo 543-352b-10 serie 543 absolute digimatic id-c indicador con funci\u00f3n de salida de se\u00f1al, 0 a 0,5&quot;-0 a 12,7 mm, pulgadas-m\u00e9trico - Abaa tienda online<\/title>\n<meta name=\"robots\" content=\"index, follow, max-snippet:-1, max-image-preview:large, max-video-preview:-1\" \/>\n<link rel=\"canonical\" href=\"https:\/\/abaa.mx\/tienda\/mitutoyo-543-352b-10-serie-543-absolute-digimatic-id-c-indicador-con-funcion-de-salida-de-senal-0-a-05-0-a-127-mm-pulgadas-metrico\/\" \/>\n<meta property=\"og:locale\" content=\"es_MX\" \/>\n<meta property=\"og:type\" content=\"article\" \/>\n<meta property=\"og:title\" content=\"mitutoyo 543-352b-10 serie 543 absolute digimatic id-c indicador con funci\u00f3n de salida de se\u00f1al, 0 a 0,5&quot;-0 a 12,7 mm, pulgadas-m\u00e9trico - Abaa tienda online\" \/>\n<meta property=\"og:description\" content=\"Duradero y fiable, este indicador digital cuenta con un rango de medici\u00f3n dual de 0 a 0,5&quot;\/0 a 12,7 mm, y la funci\u00f3n de salida SPC permite una gesti\u00f3n r\u00e1pida y sencilla de los datos en tiempo real. Adem\u00e1s, este indicador cuenta con un LED verde\/rojo y una salida Go\/No-Go para mostrar r\u00e1pidamente si las mediciones est\u00e1n dentro de la tolerancia.\" \/>\n<meta property=\"og:url\" content=\"https:\/\/abaa.mx\/tienda\/mitutoyo-543-352b-10-serie-543-absolute-digimatic-id-c-indicador-con-funcion-de-salida-de-senal-0-a-05-0-a-127-mm-pulgadas-metrico\/\" \/>\n<meta property=\"og:site_name\" content=\"Abaa tienda online\" \/>\n<meta property=\"article:modified_time\" content=\"2023-11-29T17:32:44+00:00\" \/>\n<meta property=\"og:image\" content=\"https:\/\/abaa.mx\/tienda\/wp-content\/uploads\/2023\/10\/543-352B-10.jpg\" \/>\n\t<meta property=\"og:image:width\" content=\"350\" \/>\n\t<meta property=\"og:image:height\" content=\"350\" \/>\n\t<meta property=\"og:image:type\" content=\"image\/jpeg\" \/>\n<meta name=\"twitter:card\" content=\"summary_large_image\" \/>\n<meta name=\"twitter:label1\" content=\"Tiempo de lectura\" \/>\n\t<meta name=\"twitter:data1\" content=\"2 minutos\" \/>\n<script type=\"application\/ld+json\" class=\"yoast-schema-graph\">{\"@context\":\"https:\/\/schema.org\",\"@graph\":[{\"@type\":\"WebPage\",\"@id\":\"https:\/\/abaa.mx\/tienda\/mitutoyo-543-352b-10-serie-543-absolute-digimatic-id-c-indicador-con-funcion-de-salida-de-senal-0-a-05-0-a-127-mm-pulgadas-metrico\/\",\"url\":\"https:\/\/abaa.mx\/tienda\/mitutoyo-543-352b-10-serie-543-absolute-digimatic-id-c-indicador-con-funcion-de-salida-de-senal-0-a-05-0-a-127-mm-pulgadas-metrico\/\",\"name\":\"mitutoyo 543-352b-10 serie 543 absolute digimatic id-c indicador con funci\u00f3n de salida de se\u00f1al, 0 a 0,5\\\"-0 a 12,7 mm, pulgadas-m\u00e9trico - Abaa tienda online\",\"isPartOf\":{\"@id\":\"https:\/\/abaa.mx\/tienda\/#website\"},\"primaryImageOfPage\":{\"@id\":\"https:\/\/abaa.mx\/tienda\/mitutoyo-543-352b-10-serie-543-absolute-digimatic-id-c-indicador-con-funcion-de-salida-de-senal-0-a-05-0-a-127-mm-pulgadas-metrico\/#primaryimage\"},\"image\":{\"@id\":\"https:\/\/abaa.mx\/tienda\/mitutoyo-543-352b-10-serie-543-absolute-digimatic-id-c-indicador-con-funcion-de-salida-de-senal-0-a-05-0-a-127-mm-pulgadas-metrico\/#primaryimage\"},\"thumbnailUrl\":\"https:\/\/abaa.mx\/tienda\/wp-content\/uploads\/2023\/10\/543-352B-10.jpg\",\"datePublished\":\"2023-10-17T17:15:48+00:00\",\"dateModified\":\"2023-11-29T17:32:44+00:00\",\"breadcrumb\":{\"@id\":\"https:\/\/abaa.mx\/tienda\/mitutoyo-543-352b-10-serie-543-absolute-digimatic-id-c-indicador-con-funcion-de-salida-de-senal-0-a-05-0-a-127-mm-pulgadas-metrico\/#breadcrumb\"},\"inLanguage\":\"es\",\"potentialAction\":[{\"@type\":\"ReadAction\",\"target\":[\"https:\/\/abaa.mx\/tienda\/mitutoyo-543-352b-10-serie-543-absolute-digimatic-id-c-indicador-con-funcion-de-salida-de-senal-0-a-05-0-a-127-mm-pulgadas-metrico\/\"]}]},{\"@type\":\"ImageObject\",\"inLanguage\":\"es\",\"@id\":\"https:\/\/abaa.mx\/tienda\/mitutoyo-543-352b-10-serie-543-absolute-digimatic-id-c-indicador-con-funcion-de-salida-de-senal-0-a-05-0-a-127-mm-pulgadas-metrico\/#primaryimage\",\"url\":\"https:\/\/abaa.mx\/tienda\/wp-content\/uploads\/2023\/10\/543-352B-10.jpg\",\"contentUrl\":\"https:\/\/abaa.mx\/tienda\/wp-content\/uploads\/2023\/10\/543-352B-10.jpg\",\"width\":350,\"height\":350,\"caption\":\"543-352B-10\"},{\"@type\":\"BreadcrumbList\",\"@id\":\"https:\/\/abaa.mx\/tienda\/mitutoyo-543-352b-10-serie-543-absolute-digimatic-id-c-indicador-con-funcion-de-salida-de-senal-0-a-05-0-a-127-mm-pulgadas-metrico\/#breadcrumb\",\"itemListElement\":[{\"@type\":\"ListItem\",\"position\":1,\"name\":\"Inicio\",\"item\":\"https:\/\/abaa.mx\/tienda\/\"},{\"@type\":\"ListItem\",\"position\":2,\"name\":\"Tienda\",\"item\":\"https:\/\/abaa.mx\/tienda\/\"},{\"@type\":\"ListItem\",\"position\":3,\"name\":\"mitutoyo 543-352b-10 serie 543 absolute digimatic id-c indicador con funci\u00f3n de salida de se\u00f1al, 0 a 0,5&#8243;-0 a 12,7 mm, pulgadas-m\u00e9trico\"}]},{\"@type\":\"WebSite\",\"@id\":\"https:\/\/abaa.mx\/tienda\/#website\",\"url\":\"https:\/\/abaa.mx\/tienda\/\",\"name\":\"Abaa tienda online\",\"description\":\"Instrumentos de medici\u00f3n\",\"publisher\":{\"@id\":\"https:\/\/abaa.mx\/tienda\/#organization\"},\"potentialAction\":[{\"@type\":\"SearchAction\",\"target\":{\"@type\":\"EntryPoint\",\"urlTemplate\":\"https:\/\/abaa.mx\/tienda\/?s={search_term_string}\"},\"query-input\":{\"@type\":\"PropertyValueSpecification\",\"valueRequired\":true,\"valueName\":\"search_term_string\"}}],\"inLanguage\":\"es\"},{\"@type\":\"Organization\",\"@id\":\"https:\/\/abaa.mx\/tienda\/#organization\",\"name\":\"Abaa tienda online\",\"url\":\"https:\/\/abaa.mx\/tienda\/\",\"logo\":{\"@type\":\"ImageObject\",\"inLanguage\":\"es\",\"@id\":\"https:\/\/abaa.mx\/tienda\/#\/schema\/logo\/image\/\",\"url\":\"https:\/\/abaa.mx\/tienda\/wp-content\/uploads\/2024\/01\/abaa-metrologia-tienda.png\",\"contentUrl\":\"https:\/\/abaa.mx\/tienda\/wp-content\/uploads\/2024\/01\/abaa-metrologia-tienda.png\",\"width\":300,\"height\":141,\"caption\":\"Abaa tienda online\"},\"image\":{\"@id\":\"https:\/\/abaa.mx\/tienda\/#\/schema\/logo\/image\/\"}}]}<\/script>\n<!-- \/ Yoast SEO plugin. -->","yoast_head_json":{"title":"mitutoyo 543-352b-10 serie 543 absolute digimatic id-c indicador con funci\u00f3n de salida de se\u00f1al, 0 a 0,5\"-0 a 12,7 mm, pulgadas-m\u00e9trico - Abaa tienda online","robots":{"index":"index","follow":"follow","max-snippet":"max-snippet:-1","max-image-preview":"max-image-preview:large","max-video-preview":"max-video-preview:-1"},"canonical":"https:\/\/abaa.mx\/tienda\/mitutoyo-543-352b-10-serie-543-absolute-digimatic-id-c-indicador-con-funcion-de-salida-de-senal-0-a-05-0-a-127-mm-pulgadas-metrico\/","og_locale":"es_MX","og_type":"article","og_title":"mitutoyo 543-352b-10 serie 543 absolute digimatic id-c indicador con funci\u00f3n de salida de se\u00f1al, 0 a 0,5\"-0 a 12,7 mm, pulgadas-m\u00e9trico - Abaa tienda online","og_description":"Duradero y fiable, este indicador digital cuenta con un rango de medici\u00f3n dual de 0 a 0,5\"\/0 a 12,7 mm, y la funci\u00f3n de salida SPC permite una gesti\u00f3n r\u00e1pida y sencilla de los datos en tiempo real. Adem\u00e1s, este indicador cuenta con un LED verde\/rojo y una salida Go\/No-Go para mostrar r\u00e1pidamente si las mediciones est\u00e1n dentro de la tolerancia.","og_url":"https:\/\/abaa.mx\/tienda\/mitutoyo-543-352b-10-serie-543-absolute-digimatic-id-c-indicador-con-funcion-de-salida-de-senal-0-a-05-0-a-127-mm-pulgadas-metrico\/","og_site_name":"Abaa tienda online","article_modified_time":"2023-11-29T17:32:44+00:00","og_image":[{"width":350,"height":350,"url":"https:\/\/abaa.mx\/tienda\/wp-content\/uploads\/2023\/10\/543-352B-10.jpg","type":"image\/jpeg"}],"twitter_card":"summary_large_image","twitter_misc":{"Tiempo de lectura":"2 minutos"},"schema":{"@context":"https:\/\/schema.org","@graph":[{"@type":"WebPage","@id":"https:\/\/abaa.mx\/tienda\/mitutoyo-543-352b-10-serie-543-absolute-digimatic-id-c-indicador-con-funcion-de-salida-de-senal-0-a-05-0-a-127-mm-pulgadas-metrico\/","url":"https:\/\/abaa.mx\/tienda\/mitutoyo-543-352b-10-serie-543-absolute-digimatic-id-c-indicador-con-funcion-de-salida-de-senal-0-a-05-0-a-127-mm-pulgadas-metrico\/","name":"mitutoyo 543-352b-10 serie 543 absolute digimatic id-c indicador con funci\u00f3n de salida de se\u00f1al, 0 a 0,5\"-0 a 12,7 mm, pulgadas-m\u00e9trico - Abaa tienda online","isPartOf":{"@id":"https:\/\/abaa.mx\/tienda\/#website"},"primaryImageOfPage":{"@id":"https:\/\/abaa.mx\/tienda\/mitutoyo-543-352b-10-serie-543-absolute-digimatic-id-c-indicador-con-funcion-de-salida-de-senal-0-a-05-0-a-127-mm-pulgadas-metrico\/#primaryimage"},"image":{"@id":"https:\/\/abaa.mx\/tienda\/mitutoyo-543-352b-10-serie-543-absolute-digimatic-id-c-indicador-con-funcion-de-salida-de-senal-0-a-05-0-a-127-mm-pulgadas-metrico\/#primaryimage"},"thumbnailUrl":"https:\/\/abaa.mx\/tienda\/wp-content\/uploads\/2023\/10\/543-352B-10.jpg","datePublished":"2023-10-17T17:15:48+00:00","dateModified":"2023-11-29T17:32:44+00:00","breadcrumb":{"@id":"https:\/\/abaa.mx\/tienda\/mitutoyo-543-352b-10-serie-543-absolute-digimatic-id-c-indicador-con-funcion-de-salida-de-senal-0-a-05-0-a-127-mm-pulgadas-metrico\/#breadcrumb"},"inLanguage":"es","potentialAction":[{"@type":"ReadAction","target":["https:\/\/abaa.mx\/tienda\/mitutoyo-543-352b-10-serie-543-absolute-digimatic-id-c-indicador-con-funcion-de-salida-de-senal-0-a-05-0-a-127-mm-pulgadas-metrico\/"]}]},{"@type":"ImageObject","inLanguage":"es","@id":"https:\/\/abaa.mx\/tienda\/mitutoyo-543-352b-10-serie-543-absolute-digimatic-id-c-indicador-con-funcion-de-salida-de-senal-0-a-05-0-a-127-mm-pulgadas-metrico\/#primaryimage","url":"https:\/\/abaa.mx\/tienda\/wp-content\/uploads\/2023\/10\/543-352B-10.jpg","contentUrl":"https:\/\/abaa.mx\/tienda\/wp-content\/uploads\/2023\/10\/543-352B-10.jpg","width":350,"height":350,"caption":"543-352B-10"},{"@type":"BreadcrumbList","@id":"https:\/\/abaa.mx\/tienda\/mitutoyo-543-352b-10-serie-543-absolute-digimatic-id-c-indicador-con-funcion-de-salida-de-senal-0-a-05-0-a-127-mm-pulgadas-metrico\/#breadcrumb","itemListElement":[{"@type":"ListItem","position":1,"name":"Inicio","item":"https:\/\/abaa.mx\/tienda\/"},{"@type":"ListItem","position":2,"name":"Tienda","item":"https:\/\/abaa.mx\/tienda\/"},{"@type":"ListItem","position":3,"name":"mitutoyo 543-352b-10 serie 543 absolute digimatic id-c indicador con funci\u00f3n de salida de se\u00f1al, 0 a 0,5&#8243;-0 a 12,7 mm, pulgadas-m\u00e9trico"}]},{"@type":"WebSite","@id":"https:\/\/abaa.mx\/tienda\/#website","url":"https:\/\/abaa.mx\/tienda\/","name":"Abaa tienda online","description":"Instrumentos de medici\u00f3n","publisher":{"@id":"https:\/\/abaa.mx\/tienda\/#organization"},"potentialAction":[{"@type":"SearchAction","target":{"@type":"EntryPoint","urlTemplate":"https:\/\/abaa.mx\/tienda\/?s={search_term_string}"},"query-input":{"@type":"PropertyValueSpecification","valueRequired":true,"valueName":"search_term_string"}}],"inLanguage":"es"},{"@type":"Organization","@id":"https:\/\/abaa.mx\/tienda\/#organization","name":"Abaa tienda online","url":"https:\/\/abaa.mx\/tienda\/","logo":{"@type":"ImageObject","inLanguage":"es","@id":"https:\/\/abaa.mx\/tienda\/#\/schema\/logo\/image\/","url":"https:\/\/abaa.mx\/tienda\/wp-content\/uploads\/2024\/01\/abaa-metrologia-tienda.png","contentUrl":"https:\/\/abaa.mx\/tienda\/wp-content\/uploads\/2024\/01\/abaa-metrologia-tienda.png","width":300,"height":141,"caption":"Abaa tienda online"},"image":{"@id":"https:\/\/abaa.mx\/tienda\/#\/schema\/logo\/image\/"}}]}},"_links":{"self":[{"href":"https:\/\/abaa.mx\/tienda\/wp-json\/wp\/v2\/product\/6333","targetHints":{"allow":["GET"]}}],"collection":[{"href":"https:\/\/abaa.mx\/tienda\/wp-json\/wp\/v2\/product"}],"about":[{"href":"https:\/\/abaa.mx\/tienda\/wp-json\/wp\/v2\/types\/product"}],"replies":[{"embeddable":true,"href":"https:\/\/abaa.mx\/tienda\/wp-json\/wp\/v2\/comments?post=6333"}],"wp:featuredmedia":[{"embeddable":true,"href":"https:\/\/abaa.mx\/tienda\/wp-json\/wp\/v2\/media\/6340"}],"wp:attachment":[{"href":"https:\/\/abaa.mx\/tienda\/wp-json\/wp\/v2\/media?parent=6333"}],"wp:term":[{"taxonomy":"product_brand","embeddable":true,"href":"https:\/\/abaa.mx\/tienda\/wp-json\/wp\/v2\/product_brand?post=6333"},{"taxonomy":"product_cat","embeddable":true,"href":"https:\/\/abaa.mx\/tienda\/wp-json\/wp\/v2\/product_cat?post=6333"},{"taxonomy":"product_tag","embeddable":true,"href":"https:\/\/abaa.mx\/tienda\/wp-json\/wp\/v2\/product_tag?post=6333"}],"curies":[{"name":"wp","href":"https:\/\/api.w.org\/{rel}","templated":true}]}}