{"id":6318,"date":"2023-10-17T19:27:14","date_gmt":"2023-10-17T19:27:14","guid":{"rendered":"https:\/\/abaa.mx\/tienda\/?post_type=product&#038;p=6318"},"modified":"2023-12-01T17:32:53","modified_gmt":"2023-12-01T17:32:53","slug":"mitutoyo-193-114-micrometro-exterior-75-a-100-mm-0001-mm","status":"publish","type":"product","link":"https:\/\/abaa.mx\/tienda\/mitutoyo-193-114-micrometro-exterior-75-a-100-mm-0001-mm\/","title":{"rendered":"Monitor para aceite de Freir &#8211; DOM24"},"content":{"rendered":"<p>Monitor para aceite de Freir &#8211; DOM24<\/p>\n","protected":false},"excerpt":{"rendered":"<p>\u00a1Corrobora la degradaci\u00f3n del aceite con n\u00fameros decimales y no con c\u00f3digo de colores!<\/p>\n<p>Un nuevo medidor para contrastar la calidad del aceite para que pueda supervisar de forma regular el aceite en este momento est\u00e1 libre.<br \/>\nEs f\u00e1cil de operar, y cualquier persona puede utilizarlo para llevar a cabo mediciones. Este producto, es un indicio que exhibe la calidad general del aceite para fre\u00edr, y le permite medir tanto CPT (compuestos polares totals) como el \u00edndice de acidez (inteligencia artificial ) que se emplea para determinar el deterioro de la calidad alimentaria del aceite.<\/p>\n<p>A trav\u00e9s de el control de calidad y evaluaci\u00f3n del estado del aceite degradado, empleando valores objetivos y cuantitativos, se puede saber el instante adecuado para cambiar el aceite. Asimismo puede ser muy \u00fatil en la reducci\u00f3n de gastos y la mejora de la calidad y el sabor de sus art\u00edculos alimentarios. La administraci\u00f3n eficaz le permite maximizar la vida \u00fatil del aceite.<\/p>\n","protected":false},"featured_media":9542,"comment_status":"open","ping_status":"closed","template":"","meta":{"_joinchat":[]},"product_brand":[],"product_cat":[15],"product_tag":[],"class_list":{"0":"post-6318","1":"product","2":"type-product","3":"status-publish","4":"has-post-thumbnail","6":"product_cat-sin-categorizar","8":"first","9":"instock","10":"shipping-taxable","11":"product-type-simple"},"yoast_head":"<!-- This site is optimized with the Yoast SEO plugin v26.4 - https:\/\/yoast.com\/wordpress\/plugins\/seo\/ -->\n<title>Monitor para aceite de Freir - DOM24 - Abaa tienda online<\/title>\n<meta name=\"robots\" content=\"index, follow, max-snippet:-1, max-image-preview:large, max-video-preview:-1\" \/>\n<link rel=\"canonical\" href=\"https:\/\/abaa.mx\/tienda\/mitutoyo-193-114-micrometro-exterior-75-a-100-mm-0001-mm\/\" \/>\n<meta property=\"og:locale\" content=\"es_MX\" \/>\n<meta property=\"og:type\" content=\"article\" \/>\n<meta property=\"og:title\" content=\"Monitor para aceite de Freir - DOM24 - Abaa tienda online\" \/>\n<meta property=\"og:description\" content=\"\u00a1Corrobora la degradaci\u00f3n del aceite con n\u00fameros decimales y no con c\u00f3digo de colores!  Un nuevo medidor para contrastar la calidad del aceite para que pueda supervisar de forma regular el aceite en este momento est\u00e1 libre. Es f\u00e1cil de operar, y cualquier persona puede utilizarlo para llevar a cabo mediciones. Este producto, es un indicio que exhibe la calidad general del aceite para fre\u00edr, y le permite medir tanto CPT (compuestos polares totals) como el \u00edndice de acidez (inteligencia artificial ) que se emplea para determinar el deterioro de la calidad alimentaria del aceite.  A trav\u00e9s de el control de calidad y evaluaci\u00f3n del estado del aceite degradado, empleando valores objetivos y cuantitativos, se puede saber el instante adecuado para cambiar el aceite. Asimismo puede ser muy \u00fatil en la reducci\u00f3n de gastos y la mejora de la calidad y el sabor de sus art\u00edculos alimentarios. La administraci\u00f3n eficaz le permite maximizar la vida \u00fatil del aceite.\" \/>\n<meta property=\"og:url\" content=\"https:\/\/abaa.mx\/tienda\/mitutoyo-193-114-micrometro-exterior-75-a-100-mm-0001-mm\/\" \/>\n<meta property=\"og:site_name\" content=\"Abaa tienda online\" \/>\n<meta property=\"article:modified_time\" content=\"2023-12-01T17:32:53+00:00\" \/>\n<meta property=\"og:image\" content=\"https:\/\/abaa.mx\/tienda\/wp-content\/uploads\/2023\/10\/ATAGO-DOM24.jpg\" \/>\n\t<meta property=\"og:image:width\" content=\"318\" \/>\n\t<meta property=\"og:image:height\" content=\"318\" \/>\n\t<meta property=\"og:image:type\" content=\"image\/jpeg\" \/>\n<meta name=\"twitter:card\" content=\"summary_large_image\" \/>\n<meta name=\"twitter:label1\" content=\"Tiempo de lectura\" \/>\n\t<meta name=\"twitter:data1\" content=\"1 minuto\" \/>\n<script type=\"application\/ld+json\" class=\"yoast-schema-graph\">{\"@context\":\"https:\/\/schema.org\",\"@graph\":[{\"@type\":\"WebPage\",\"@id\":\"https:\/\/abaa.mx\/tienda\/mitutoyo-193-114-micrometro-exterior-75-a-100-mm-0001-mm\/\",\"url\":\"https:\/\/abaa.mx\/tienda\/mitutoyo-193-114-micrometro-exterior-75-a-100-mm-0001-mm\/\",\"name\":\"Monitor para aceite de Freir - DOM24 - Abaa tienda online\",\"isPartOf\":{\"@id\":\"https:\/\/abaa.mx\/tienda\/#website\"},\"primaryImageOfPage\":{\"@id\":\"https:\/\/abaa.mx\/tienda\/mitutoyo-193-114-micrometro-exterior-75-a-100-mm-0001-mm\/#primaryimage\"},\"image\":{\"@id\":\"https:\/\/abaa.mx\/tienda\/mitutoyo-193-114-micrometro-exterior-75-a-100-mm-0001-mm\/#primaryimage\"},\"thumbnailUrl\":\"https:\/\/abaa.mx\/tienda\/wp-content\/uploads\/2023\/10\/ATAGO-DOM24.jpg\",\"datePublished\":\"2023-10-17T19:27:14+00:00\",\"dateModified\":\"2023-12-01T17:32:53+00:00\",\"breadcrumb\":{\"@id\":\"https:\/\/abaa.mx\/tienda\/mitutoyo-193-114-micrometro-exterior-75-a-100-mm-0001-mm\/#breadcrumb\"},\"inLanguage\":\"es\",\"potentialAction\":[{\"@type\":\"ReadAction\",\"target\":[\"https:\/\/abaa.mx\/tienda\/mitutoyo-193-114-micrometro-exterior-75-a-100-mm-0001-mm\/\"]}]},{\"@type\":\"ImageObject\",\"inLanguage\":\"es\",\"@id\":\"https:\/\/abaa.mx\/tienda\/mitutoyo-193-114-micrometro-exterior-75-a-100-mm-0001-mm\/#primaryimage\",\"url\":\"https:\/\/abaa.mx\/tienda\/wp-content\/uploads\/2023\/10\/ATAGO-DOM24.jpg\",\"contentUrl\":\"https:\/\/abaa.mx\/tienda\/wp-content\/uploads\/2023\/10\/ATAGO-DOM24.jpg\",\"width\":318,\"height\":318,\"caption\":\"ATAGO-DOM24\"},{\"@type\":\"BreadcrumbList\",\"@id\":\"https:\/\/abaa.mx\/tienda\/mitutoyo-193-114-micrometro-exterior-75-a-100-mm-0001-mm\/#breadcrumb\",\"itemListElement\":[{\"@type\":\"ListItem\",\"position\":1,\"name\":\"Inicio\",\"item\":\"https:\/\/abaa.mx\/tienda\/\"},{\"@type\":\"ListItem\",\"position\":2,\"name\":\"Tienda\",\"item\":\"https:\/\/abaa.mx\/tienda\/\"},{\"@type\":\"ListItem\",\"position\":3,\"name\":\"Monitor para aceite de Freir &#8211; DOM24\"}]},{\"@type\":\"WebSite\",\"@id\":\"https:\/\/abaa.mx\/tienda\/#website\",\"url\":\"https:\/\/abaa.mx\/tienda\/\",\"name\":\"Abaa tienda online\",\"description\":\"Instrumentos de medici\u00f3n\",\"publisher\":{\"@id\":\"https:\/\/abaa.mx\/tienda\/#organization\"},\"potentialAction\":[{\"@type\":\"SearchAction\",\"target\":{\"@type\":\"EntryPoint\",\"urlTemplate\":\"https:\/\/abaa.mx\/tienda\/?s={search_term_string}\"},\"query-input\":{\"@type\":\"PropertyValueSpecification\",\"valueRequired\":true,\"valueName\":\"search_term_string\"}}],\"inLanguage\":\"es\"},{\"@type\":\"Organization\",\"@id\":\"https:\/\/abaa.mx\/tienda\/#organization\",\"name\":\"Abaa tienda online\",\"url\":\"https:\/\/abaa.mx\/tienda\/\",\"logo\":{\"@type\":\"ImageObject\",\"inLanguage\":\"es\",\"@id\":\"https:\/\/abaa.mx\/tienda\/#\/schema\/logo\/image\/\",\"url\":\"https:\/\/abaa.mx\/tienda\/wp-content\/uploads\/2024\/01\/abaa-metrologia-tienda.png\",\"contentUrl\":\"https:\/\/abaa.mx\/tienda\/wp-content\/uploads\/2024\/01\/abaa-metrologia-tienda.png\",\"width\":300,\"height\":141,\"caption\":\"Abaa tienda online\"},\"image\":{\"@id\":\"https:\/\/abaa.mx\/tienda\/#\/schema\/logo\/image\/\"}}]}<\/script>\n<!-- \/ Yoast SEO plugin. -->","yoast_head_json":{"title":"Monitor para aceite de Freir - DOM24 - Abaa tienda online","robots":{"index":"index","follow":"follow","max-snippet":"max-snippet:-1","max-image-preview":"max-image-preview:large","max-video-preview":"max-video-preview:-1"},"canonical":"https:\/\/abaa.mx\/tienda\/mitutoyo-193-114-micrometro-exterior-75-a-100-mm-0001-mm\/","og_locale":"es_MX","og_type":"article","og_title":"Monitor para aceite de Freir - DOM24 - Abaa tienda online","og_description":"\u00a1Corrobora la degradaci\u00f3n del aceite con n\u00fameros decimales y no con c\u00f3digo de colores!  Un nuevo medidor para contrastar la calidad del aceite para que pueda supervisar de forma regular el aceite en este momento est\u00e1 libre. Es f\u00e1cil de operar, y cualquier persona puede utilizarlo para llevar a cabo mediciones. Este producto, es un indicio que exhibe la calidad general del aceite para fre\u00edr, y le permite medir tanto CPT (compuestos polares totals) como el \u00edndice de acidez (inteligencia artificial ) que se emplea para determinar el deterioro de la calidad alimentaria del aceite.  A trav\u00e9s de el control de calidad y evaluaci\u00f3n del estado del aceite degradado, empleando valores objetivos y cuantitativos, se puede saber el instante adecuado para cambiar el aceite. Asimismo puede ser muy \u00fatil en la reducci\u00f3n de gastos y la mejora de la calidad y el sabor de sus art\u00edculos alimentarios. La administraci\u00f3n eficaz le permite maximizar la vida \u00fatil del aceite.","og_url":"https:\/\/abaa.mx\/tienda\/mitutoyo-193-114-micrometro-exterior-75-a-100-mm-0001-mm\/","og_site_name":"Abaa tienda online","article_modified_time":"2023-12-01T17:32:53+00:00","og_image":[{"width":318,"height":318,"url":"https:\/\/abaa.mx\/tienda\/wp-content\/uploads\/2023\/10\/ATAGO-DOM24.jpg","type":"image\/jpeg"}],"twitter_card":"summary_large_image","twitter_misc":{"Tiempo de lectura":"1 minuto"},"schema":{"@context":"https:\/\/schema.org","@graph":[{"@type":"WebPage","@id":"https:\/\/abaa.mx\/tienda\/mitutoyo-193-114-micrometro-exterior-75-a-100-mm-0001-mm\/","url":"https:\/\/abaa.mx\/tienda\/mitutoyo-193-114-micrometro-exterior-75-a-100-mm-0001-mm\/","name":"Monitor para aceite de Freir - DOM24 - Abaa tienda online","isPartOf":{"@id":"https:\/\/abaa.mx\/tienda\/#website"},"primaryImageOfPage":{"@id":"https:\/\/abaa.mx\/tienda\/mitutoyo-193-114-micrometro-exterior-75-a-100-mm-0001-mm\/#primaryimage"},"image":{"@id":"https:\/\/abaa.mx\/tienda\/mitutoyo-193-114-micrometro-exterior-75-a-100-mm-0001-mm\/#primaryimage"},"thumbnailUrl":"https:\/\/abaa.mx\/tienda\/wp-content\/uploads\/2023\/10\/ATAGO-DOM24.jpg","datePublished":"2023-10-17T19:27:14+00:00","dateModified":"2023-12-01T17:32:53+00:00","breadcrumb":{"@id":"https:\/\/abaa.mx\/tienda\/mitutoyo-193-114-micrometro-exterior-75-a-100-mm-0001-mm\/#breadcrumb"},"inLanguage":"es","potentialAction":[{"@type":"ReadAction","target":["https:\/\/abaa.mx\/tienda\/mitutoyo-193-114-micrometro-exterior-75-a-100-mm-0001-mm\/"]}]},{"@type":"ImageObject","inLanguage":"es","@id":"https:\/\/abaa.mx\/tienda\/mitutoyo-193-114-micrometro-exterior-75-a-100-mm-0001-mm\/#primaryimage","url":"https:\/\/abaa.mx\/tienda\/wp-content\/uploads\/2023\/10\/ATAGO-DOM24.jpg","contentUrl":"https:\/\/abaa.mx\/tienda\/wp-content\/uploads\/2023\/10\/ATAGO-DOM24.jpg","width":318,"height":318,"caption":"ATAGO-DOM24"},{"@type":"BreadcrumbList","@id":"https:\/\/abaa.mx\/tienda\/mitutoyo-193-114-micrometro-exterior-75-a-100-mm-0001-mm\/#breadcrumb","itemListElement":[{"@type":"ListItem","position":1,"name":"Inicio","item":"https:\/\/abaa.mx\/tienda\/"},{"@type":"ListItem","position":2,"name":"Tienda","item":"https:\/\/abaa.mx\/tienda\/"},{"@type":"ListItem","position":3,"name":"Monitor para aceite de Freir &#8211; DOM24"}]},{"@type":"WebSite","@id":"https:\/\/abaa.mx\/tienda\/#website","url":"https:\/\/abaa.mx\/tienda\/","name":"Abaa tienda online","description":"Instrumentos de medici\u00f3n","publisher":{"@id":"https:\/\/abaa.mx\/tienda\/#organization"},"potentialAction":[{"@type":"SearchAction","target":{"@type":"EntryPoint","urlTemplate":"https:\/\/abaa.mx\/tienda\/?s={search_term_string}"},"query-input":{"@type":"PropertyValueSpecification","valueRequired":true,"valueName":"search_term_string"}}],"inLanguage":"es"},{"@type":"Organization","@id":"https:\/\/abaa.mx\/tienda\/#organization","name":"Abaa tienda online","url":"https:\/\/abaa.mx\/tienda\/","logo":{"@type":"ImageObject","inLanguage":"es","@id":"https:\/\/abaa.mx\/tienda\/#\/schema\/logo\/image\/","url":"https:\/\/abaa.mx\/tienda\/wp-content\/uploads\/2024\/01\/abaa-metrologia-tienda.png","contentUrl":"https:\/\/abaa.mx\/tienda\/wp-content\/uploads\/2024\/01\/abaa-metrologia-tienda.png","width":300,"height":141,"caption":"Abaa tienda online"},"image":{"@id":"https:\/\/abaa.mx\/tienda\/#\/schema\/logo\/image\/"}}]}},"_links":{"self":[{"href":"https:\/\/abaa.mx\/tienda\/wp-json\/wp\/v2\/product\/6318","targetHints":{"allow":["GET"]}}],"collection":[{"href":"https:\/\/abaa.mx\/tienda\/wp-json\/wp\/v2\/product"}],"about":[{"href":"https:\/\/abaa.mx\/tienda\/wp-json\/wp\/v2\/types\/product"}],"replies":[{"embeddable":true,"href":"https:\/\/abaa.mx\/tienda\/wp-json\/wp\/v2\/comments?post=6318"}],"wp:featuredmedia":[{"embeddable":true,"href":"https:\/\/abaa.mx\/tienda\/wp-json\/wp\/v2\/media\/9542"}],"wp:attachment":[{"href":"https:\/\/abaa.mx\/tienda\/wp-json\/wp\/v2\/media?parent=6318"}],"wp:term":[{"taxonomy":"product_brand","embeddable":true,"href":"https:\/\/abaa.mx\/tienda\/wp-json\/wp\/v2\/product_brand?post=6318"},{"taxonomy":"product_cat","embeddable":true,"href":"https:\/\/abaa.mx\/tienda\/wp-json\/wp\/v2\/product_cat?post=6318"},{"taxonomy":"product_tag","embeddable":true,"href":"https:\/\/abaa.mx\/tienda\/wp-json\/wp\/v2\/product_tag?post=6318"}],"curies":[{"name":"wp","href":"https:\/\/api.w.org\/{rel}","templated":true}]}}